{"id":1077,"date":"2019-04-11T12:13:42","date_gmt":"2019-04-11T10:13:42","guid":{"rendered":"https:\/\/www.cadvilla.pl\/?page_id=1077"},"modified":"2026-04-23T11:46:31","modified_gmt":"2026-04-23T09:46:31","slug":"s-cadvilla_supportanfrage","status":"publish","type":"page","link":"https:\/\/www.cadvilla.com\/de\/s-cadvilla_supportanfrage\/","title":{"rendered":"cadvilla &#8211; Supportanfrage"},"content":{"rendered":"<section class=\"l-section wpb_row ca-headerbackground0 height_auto\"><div class=\"l-section-h i-cf\"><div class=\"g-cols vc_row via_grid cols_1 laptops-cols_inherit tablets-cols_inherit mobiles-cols_1 valign_bottom type_default stacking_default\"><div class=\"wpb_column vc_column_container\"><div class=\"vc_column-inner\"><\/div><\/div><\/div><\/div><\/section><section class=\"l-section wpb_row height_auto\"><div class=\"l-section-h i-cf\"><div class=\"g-cols vc_row via_grid cols_1 laptops-cols_inherit tablets-cols_inherit mobiles-cols_1 valign_top type_default stacking_default\"><div class=\"wpb_column vc_column_container\"><div class=\"vc_column-inner\"><\/div><\/div><\/div><\/div><\/section><section class=\"l-section wpb_row ca-headerbg height_small\" id=\"begin\"><div class=\"l-section-h i-cf\"><div class=\"g-cols vc_row via_grid cols_1 laptops-cols_inherit tablets-cols_inherit mobiles-cols_1 valign_top type_default stacking_default\"><div class=\"wpb_column vc_column_container\"><div class=\"vc_column-inner\"><div class=\"wpb_text_column\"><div class=\"wpb_wrapper\"><h1>cadvilla &#8211; Supportanfrage<\/h1>\n<\/div><\/div><\/div><\/div><\/div><\/div><\/section><section class=\"l-section wpb_row height_medium\"><div class=\"l-section-h i-cf\"><div class=\"g-cols vc_row via_grid cols_1 laptops-cols_inherit tablets-cols_inherit mobiles-cols_1 valign_top type_default stacking_default\"><div class=\"wpb_column vc_column_container\"><div class=\"vc_column-inner\"><div class=\"wpb_text_column\"><div class=\"wpb_wrapper\"><h2>Anfrage f\u00fcr einen Support<\/h2>\n<p>M\u00f6glichkeiten zur Unterst\u00fctzung:<\/p>\n<ul>\n<li>Support Anfrage \u00fcber nachstehendes Formular<\/li>\n<li>Wir haben im Laufe der Zeit einen umfangreichen <a href=\"https:\/\/www.cadvilla.com\/de\/support\/\">Supportbereich<\/a> (cadvilla Support Area) aufgebaut, der st\u00e4ndig erg\u00e4nzt wird und die meisten Fragen rund um cadvilla beantwortet.<\/li>\n<li>Wenn Sie gar nicht mehr weiter wissen sollten, k\u00f6nnen wir gerne eine Online-Sitzung \u00fcber Teamviewer (<a href=\"https:\/\/www.cadvilla.com\/de\/s-cadvilla_osupport\/\">Remote-Support<\/a>) starten und wir beantworten gemeinsam mit Ihnen die Fragen direkt auf Ihrem Computerbildschirm. Zum Starten des Remote Supports auf das Bild klicken und ausf\u00fchren (oder Speichern und danach Ausf\u00fchren)<\/li>\n<\/ul>\n<p><a href=\"https:\/\/www.cadvilla.com\/download\/cadvilla_remotesupport_de.exe\"><img data-dominant-color=\"878b86\" data-has-transparency=\"true\" style=\"--dominant-color: #878b86;\" loading=\"lazy\" decoding=\"async\" class=\"aligncenter wp-image-22 size-full has-transparency\" src=\"https:\/\/www.cadvilla.com\/wp-content\/uploads\/remotesupport.png\" alt=\"cadvilla Remote Support\" width=\"174\" height=\"54\" \/><\/a><\/p>\n<\/div><\/div><\/div><\/div><\/div><\/div><\/section><section class=\"l-section wpb_row height_small\"><div class=\"l-section-h i-cf\"><div class=\"g-cols vc_row via_grid cols_1 laptops-cols_inherit tablets-cols_inherit mobiles-cols_1 valign_top type_default stacking_default\"><div class=\"wpb_column vc_column_container\"><div class=\"vc_column-inner\"><div class=\"wpb_text_column us_custom_058d0aad\"><div class=\"wpb_wrapper\"><div id=\"mf_placeholder\" data-formurl=\"\/\/www.cadvilla.com\/formpruefer\/embed.php?id=2\" data-formheight=\"946\" data-formtitle=\"Supportanfrage\" data-paddingbottom=\"10\"><\/div>\n<p><script>\n\t(function(f,o,r,m){\n\t\tr=f.createElement('script');r.async=1;r.src=o+'js\/mf.js';\n\t\tm=f.getElementById('mf_placeholder'); m.parentNode.insertBefore(r, m);\n\t})(document,'\/\/www.cadvilla.com\/formpruefer\/');\n<\/script><\/p>\n<\/div><\/div><div class=\"wpb_text_column\"><div class=\"wpb_wrapper\"><p><em>Sollte dieses Formular nicht funktionieren, senden Sie bitte direkt ein Email mit den abgefragten Daten an <span style=\"display: none;\">are-<\/span><span style=\"display: inline;\">info<\/span><span style=\"display: none;\">-xya34<\/span><span style=\"display: inline;\">@<\/span><span style=\"display: none;\">ddks-<\/span><span style=\"display: inline;\">cadvilla.com<\/span><\/em><\/p>\n<\/div><\/div><\/div><\/div><\/div><\/div><\/section>\n","protected":false},"excerpt":{"rendered":"cadvilla &#8211; Supportanfrage Anfrage f\u00fcr einen Support M\u00f6glichkeiten zur Unterst\u00fctzung: Support Anfrage \u00fcber nachstehendes Formular Wir haben im Laufe der Zeit einen umfangreichen Supportbereich (cadvilla Support Area) aufgebaut, der st\u00e4ndig erg\u00e4nzt wird und die meisten Fragen rund um cadvilla beantwortet. Wenn Sie gar nicht mehr weiter wissen sollten, k\u00f6nnen wir gerne eine Online-Sitzung \u00fcber Teamviewer...","protected":false},"author":1,"featured_media":0,"parent":0,"menu_order":0,"comment_status":"closed","ping_status":"closed","template":"","meta":{"footnotes":""},"class_list":["post-1077","page","type-page","status-publish","hentry"],"yoast_head":"<!-- This site is optimized with the Yoast SEO plugin v27.4 - https:\/\/yoast.com\/product\/yoast-seo-wordpress\/ -->\n<title>cadvilla Supportanfrage<\/title>\n<meta name=\"description\" content=\"Stellen sie uns Ihre Frage zu cadvilla und wir beantworten sie umgehend. Jetzt auch mit Upload-M\u00f6glichkeit von Ihrem Projekt.\" \/>\n<meta name=\"robots\" content=\"index, follow, max-snippet:-1, max-image-preview:large, max-video-preview:-1\" \/>\n<link rel=\"canonical\" href=\"https:\/\/www.cadvilla.com\/de\/s-cadvilla_supportanfrage\/\" \/>\n<meta property=\"og:locale\" content=\"de_DE\" \/>\n<meta property=\"og:type\" content=\"article\" \/>\n<meta property=\"og:title\" content=\"cadvilla Supportanfrage\" \/>\n<meta property=\"og:description\" content=\"Stellen sie uns Ihre Frage zu cadvilla und wir beantworten sie umgehend. Jetzt auch mit Upload-M\u00f6glichkeit von Ihrem Projekt.\" \/>\n<meta property=\"og:url\" content=\"https:\/\/www.cadvilla.com\/de\/s-cadvilla_supportanfrage\/\" \/>\n<meta property=\"og:site_name\" content=\"cadvilla\" \/>\n<meta property=\"article:modified_time\" content=\"2026-04-23T09:46:31+00:00\" \/>\n<meta property=\"og:image\" content=\"https:\/\/www.cadvilla.com\/wp-content\/uploads\/remotesupport.png\" \/>\n\t<meta property=\"og:image:width\" content=\"174\" \/>\n\t<meta property=\"og:image:height\" content=\"54\" \/>\n\t<meta property=\"og:image:type\" content=\"image\/png\" \/>\n<meta name=\"twitter:card\" content=\"summary_large_image\" \/>\n<meta name=\"twitter:label1\" content=\"Gesch\u00e4tzte Lesezeit\" \/>\n\t<meta name=\"twitter:data1\" content=\"1\u00a0Minute\" \/>\n<script type=\"application\/ld+json\" class=\"yoast-schema-graph\">{\"@context\":\"https:\\\/\\\/schema.org\",\"@graph\":[{\"@type\":\"WebPage\",\"@id\":\"https:\\\/\\\/www.cadvilla.com\\\/de\\\/s-cadvilla_supportanfrage\\\/\",\"url\":\"https:\\\/\\\/www.cadvilla.com\\\/de\\\/s-cadvilla_supportanfrage\\\/\",\"name\":\"cadvilla Supportanfrage\",\"isPartOf\":{\"@id\":\"https:\\\/\\\/www.cadvilla.com\\\/de\\\/#website\"},\"primaryImageOfPage\":{\"@id\":\"https:\\\/\\\/www.cadvilla.com\\\/de\\\/s-cadvilla_supportanfrage\\\/#primaryimage\"},\"image\":{\"@id\":\"https:\\\/\\\/www.cadvilla.com\\\/de\\\/s-cadvilla_supportanfrage\\\/#primaryimage\"},\"thumbnailUrl\":\"https:\\\/\\\/www.cadvilla.com\\\/wp-content\\\/uploads\\\/remotesupport.png\",\"datePublished\":\"2019-04-11T10:13:42+00:00\",\"dateModified\":\"2026-04-23T09:46:31+00:00\",\"description\":\"Stellen sie uns Ihre Frage zu cadvilla und wir beantworten sie umgehend. Jetzt auch mit Upload-M\u00f6glichkeit von Ihrem Projekt.\",\"breadcrumb\":{\"@id\":\"https:\\\/\\\/www.cadvilla.com\\\/de\\\/s-cadvilla_supportanfrage\\\/#breadcrumb\"},\"inLanguage\":\"de\",\"potentialAction\":[{\"@type\":\"ReadAction\",\"target\":[\"https:\\\/\\\/www.cadvilla.com\\\/de\\\/s-cadvilla_supportanfrage\\\/\"]}]},{\"@type\":\"ImageObject\",\"inLanguage\":\"de\",\"@id\":\"https:\\\/\\\/www.cadvilla.com\\\/de\\\/s-cadvilla_supportanfrage\\\/#primaryimage\",\"url\":\"https:\\\/\\\/www.cadvilla.com\\\/wp-content\\\/uploads\\\/remotesupport.png\",\"contentUrl\":\"https:\\\/\\\/www.cadvilla.com\\\/wp-content\\\/uploads\\\/remotesupport.png\"},{\"@type\":\"BreadcrumbList\",\"@id\":\"https:\\\/\\\/www.cadvilla.com\\\/de\\\/s-cadvilla_supportanfrage\\\/#breadcrumb\",\"itemListElement\":[{\"@type\":\"ListItem\",\"position\":1,\"name\":\"Startseite\",\"item\":\"https:\\\/\\\/www.cadvilla.com\\\/de\\\/\"},{\"@type\":\"ListItem\",\"position\":2,\"name\":\"cadvilla &#8211; Supportanfrage\"}]},{\"@type\":\"WebSite\",\"@id\":\"https:\\\/\\\/www.cadvilla.com\\\/de\\\/#website\",\"url\":\"https:\\\/\\\/www.cadvilla.com\\\/de\\\/\",\"name\":\"cadvilla\",\"description\":\"\",\"publisher\":{\"@id\":\"https:\\\/\\\/www.cadvilla.com\\\/de\\\/#organization\"},\"potentialAction\":[{\"@type\":\"SearchAction\",\"target\":{\"@type\":\"EntryPoint\",\"urlTemplate\":\"https:\\\/\\\/www.cadvilla.com\\\/de\\\/?s={search_term_string}\"},\"query-input\":{\"@type\":\"PropertyValueSpecification\",\"valueRequired\":true,\"valueName\":\"search_term_string\"}}],\"inLanguage\":\"de\"},{\"@type\":\"Organization\",\"@id\":\"https:\\\/\\\/www.cadvilla.com\\\/de\\\/#organization\",\"name\":\"cadvilla\",\"url\":\"https:\\\/\\\/www.cadvilla.com\\\/de\\\/\",\"logo\":{\"@type\":\"ImageObject\",\"inLanguage\":\"de\",\"@id\":\"https:\\\/\\\/www.cadvilla.com\\\/de\\\/#\\\/schema\\\/logo\\\/image\\\/\",\"url\":\"https:\\\/\\\/www.cadvilla.com\\\/wp-content\\\/uploads\\\/logo_cadvilla.png\",\"contentUrl\":\"https:\\\/\\\/www.cadvilla.com\\\/wp-content\\\/uploads\\\/logo_cadvilla.png\",\"width\":157,\"height\":51,\"caption\":\"cadvilla\"},\"image\":{\"@id\":\"https:\\\/\\\/www.cadvilla.com\\\/de\\\/#\\\/schema\\\/logo\\\/image\\\/\"}}]}<\/script>\n<!-- \/ Yoast SEO plugin. -->","yoast_head_json":{"title":"cadvilla Supportanfrage","description":"Stellen sie uns Ihre Frage zu cadvilla und wir beantworten sie umgehend. Jetzt auch mit Upload-M\u00f6glichkeit von Ihrem Projekt.","robots":{"index":"index","follow":"follow","max-snippet":"max-snippet:-1","max-image-preview":"max-image-preview:large","max-video-preview":"max-video-preview:-1"},"canonical":"https:\/\/www.cadvilla.com\/de\/s-cadvilla_supportanfrage\/","og_locale":"de_DE","og_type":"article","og_title":"cadvilla Supportanfrage","og_description":"Stellen sie uns Ihre Frage zu cadvilla und wir beantworten sie umgehend. Jetzt auch mit Upload-M\u00f6glichkeit von Ihrem Projekt.","og_url":"https:\/\/www.cadvilla.com\/de\/s-cadvilla_supportanfrage\/","og_site_name":"cadvilla","article_modified_time":"2026-04-23T09:46:31+00:00","og_image":[{"width":174,"height":54,"url":"https:\/\/www.cadvilla.com\/wp-content\/uploads\/remotesupport.png","type":"image\/png"}],"twitter_card":"summary_large_image","twitter_misc":{"Gesch\u00e4tzte Lesezeit":"1\u00a0Minute"},"schema":{"@context":"https:\/\/schema.org","@graph":[{"@type":"WebPage","@id":"https:\/\/www.cadvilla.com\/de\/s-cadvilla_supportanfrage\/","url":"https:\/\/www.cadvilla.com\/de\/s-cadvilla_supportanfrage\/","name":"cadvilla Supportanfrage","isPartOf":{"@id":"https:\/\/www.cadvilla.com\/de\/#website"},"primaryImageOfPage":{"@id":"https:\/\/www.cadvilla.com\/de\/s-cadvilla_supportanfrage\/#primaryimage"},"image":{"@id":"https:\/\/www.cadvilla.com\/de\/s-cadvilla_supportanfrage\/#primaryimage"},"thumbnailUrl":"https:\/\/www.cadvilla.com\/wp-content\/uploads\/remotesupport.png","datePublished":"2019-04-11T10:13:42+00:00","dateModified":"2026-04-23T09:46:31+00:00","description":"Stellen sie uns Ihre Frage zu cadvilla und wir beantworten sie umgehend. Jetzt auch mit Upload-M\u00f6glichkeit von Ihrem Projekt.","breadcrumb":{"@id":"https:\/\/www.cadvilla.com\/de\/s-cadvilla_supportanfrage\/#breadcrumb"},"inLanguage":"de","potentialAction":[{"@type":"ReadAction","target":["https:\/\/www.cadvilla.com\/de\/s-cadvilla_supportanfrage\/"]}]},{"@type":"ImageObject","inLanguage":"de","@id":"https:\/\/www.cadvilla.com\/de\/s-cadvilla_supportanfrage\/#primaryimage","url":"https:\/\/www.cadvilla.com\/wp-content\/uploads\/remotesupport.png","contentUrl":"https:\/\/www.cadvilla.com\/wp-content\/uploads\/remotesupport.png"},{"@type":"BreadcrumbList","@id":"https:\/\/www.cadvilla.com\/de\/s-cadvilla_supportanfrage\/#breadcrumb","itemListElement":[{"@type":"ListItem","position":1,"name":"Startseite","item":"https:\/\/www.cadvilla.com\/de\/"},{"@type":"ListItem","position":2,"name":"cadvilla &#8211; Supportanfrage"}]},{"@type":"WebSite","@id":"https:\/\/www.cadvilla.com\/de\/#website","url":"https:\/\/www.cadvilla.com\/de\/","name":"cadvilla","description":"","publisher":{"@id":"https:\/\/www.cadvilla.com\/de\/#organization"},"potentialAction":[{"@type":"SearchAction","target":{"@type":"EntryPoint","urlTemplate":"https:\/\/www.cadvilla.com\/de\/?s={search_term_string}"},"query-input":{"@type":"PropertyValueSpecification","valueRequired":true,"valueName":"search_term_string"}}],"inLanguage":"de"},{"@type":"Organization","@id":"https:\/\/www.cadvilla.com\/de\/#organization","name":"cadvilla","url":"https:\/\/www.cadvilla.com\/de\/","logo":{"@type":"ImageObject","inLanguage":"de","@id":"https:\/\/www.cadvilla.com\/de\/#\/schema\/logo\/image\/","url":"https:\/\/www.cadvilla.com\/wp-content\/uploads\/logo_cadvilla.png","contentUrl":"https:\/\/www.cadvilla.com\/wp-content\/uploads\/logo_cadvilla.png","width":157,"height":51,"caption":"cadvilla"},"image":{"@id":"https:\/\/www.cadvilla.com\/de\/#\/schema\/logo\/image\/"}}]}},"_links":{"self":[{"href":"https:\/\/www.cadvilla.com\/de\/wp-json\/wp\/v2\/pages\/1077","targetHints":{"allow":["GET"]}}],"collection":[{"href":"https:\/\/www.cadvilla.com\/de\/wp-json\/wp\/v2\/pages"}],"about":[{"href":"https:\/\/www.cadvilla.com\/de\/wp-json\/wp\/v2\/types\/page"}],"author":[{"embeddable":true,"href":"https:\/\/www.cadvilla.com\/de\/wp-json\/wp\/v2\/users\/1"}],"replies":[{"embeddable":true,"href":"https:\/\/www.cadvilla.com\/de\/wp-json\/wp\/v2\/comments?post=1077"}],"version-history":[{"count":1,"href":"https:\/\/www.cadvilla.com\/de\/wp-json\/wp\/v2\/pages\/1077\/revisions"}],"predecessor-version":[{"id":17209,"href":"https:\/\/www.cadvilla.com\/de\/wp-json\/wp\/v2\/pages\/1077\/revisions\/17209"}],"wp:attachment":[{"href":"https:\/\/www.cadvilla.com\/de\/wp-json\/wp\/v2\/media?parent=1077"}],"curies":[{"name":"wp","href":"https:\/\/api.w.org\/{rel}","templated":true}]}}