{"id":11716,"date":"2025-05-26T17:08:49","date_gmt":"2025-05-26T15:08:49","guid":{"rendered":"https:\/\/www.cadvilla.com\/?page_id=11716"},"modified":"2025-05-31T09:09:10","modified_gmt":"2025-05-31T07:09:10","slug":"trial-version-cadvilla","status":"publish","type":"page","link":"https:\/\/www.cadvilla.com\/de\/trial-version-cadvilla\/","title":{"rendered":"TRIAL Version \/ Testversion von cadvilla"},"content":{"rendered":"<section class=\"l-section wpb_row ca-headerbackground0 height_auto\"><div class=\"l-section-h i-cf\"><div class=\"g-cols vc_row via_grid cols_1 laptops-cols_inherit tablets-cols_inherit mobiles-cols_1 valign_bottom type_default stacking_default\"><div class=\"wpb_column vc_column_container\"><div class=\"vc_column-inner\"><\/div><\/div><\/div><\/div><\/section><section class=\"l-section wpb_row height_auto\"><div class=\"l-section-h i-cf\"><div class=\"g-cols vc_row via_grid cols_1 laptops-cols_inherit tablets-cols_inherit mobiles-cols_1 valign_top type_default stacking_default\"><div class=\"wpb_column vc_column_container\"><div class=\"vc_column-inner\"><\/div><\/div><\/div><\/div><\/section><section class=\"l-section wpb_row ca-headerbg height_small\" id=\"begin\"><div class=\"l-section-h i-cf\"><div class=\"g-cols vc_row via_grid cols_1 laptops-cols_inherit tablets-cols_inherit mobiles-cols_1 valign_top type_default stacking_default\"><div class=\"wpb_column vc_column_container\"><div class=\"vc_column-inner\"><div class=\"wpb_text_column\"><div class=\"wpb_wrapper\"><h1>TRIAL Version \/ Testversion von cadvilla<\/h1>\n<\/div><\/div><\/div><\/div><\/div><\/div><\/section><section class=\"l-section wpb_row height_small\"><div class=\"l-section-h i-cf\"><div class=\"g-cols vc_row via_grid cols_1 laptops-cols_inherit tablets-cols_inherit mobiles-cols_1 valign_top type_default stacking_default\"><div class=\"wpb_column vc_column_container\"><div class=\"vc_column-inner\"><div class=\"wpb_text_column\"><div class=\"wpb_wrapper\"><h2>Allgemeines zur TRIAL Version<\/h2>\n<p>Unsere TRIAL Versionen (Testversionen) werden individuell f\u00fcr den jeweiligen Kunden konfiguriert und bereitgestellt. Dazu ben\u00f6tigen wir von Ihnen<\/p>\n<ul>\n<li>vollst\u00e4ndige Adress-Angaben<\/li>\n<li><strong>g\u00fcltige<\/strong> Telefonnummer unter der Sie erreichbar sind<\/li>\n<li><strong>permanente<\/strong> email-Adresse (keine tempor\u00e4ren email-Adressen oder \u00c4hnliches)<\/li>\n<\/ul>\n<p>Die in nachfolgendem Formular eingegebenen Daten werden danach verschl\u00fcsselt in eine kundenspezifische TRIAL-Version (Testversion) eingearbeitet. Der Download-Link f\u00fcr diese Version wird von uns an die von Ihnen angegebene email-Adresse versandt.<\/p>\n<p>Unsere TRIAL-Version beinhaltet den Leitungsumfang von cadvilla professional. Die Testversion ist f\u00fcr den Zeitraum von 5 Tagen (beginnt ab dem ersten Start) uneingeschr\u00e4nkt nutzbar. Das hei\u00dft, es sind alle Funktionen von cadvilla professional f\u00fcr diesen Testzeitraum freigeschaltet.<\/p>\n<p>Die uns im Zuge der Anfrage \u00fcberlassenen Daten unterliegen selbstverst\u00e4ndlich vollst\u00e4ndig unseren Datenschutzbestimmungen und werden keinesfalls anderweitig verwendet, auch nicht zu eigenen Werbezwecken.<\/p>\n<p>Videos zum schnellen Erlernen von cadvilla finden Sie in unserem <a href=\"https:\/\/www.cadvilla.com\/de\/cadvilla_lernsoftware\/\">cadvilla Tutorial<\/a>.<\/p>\n<h2>Welche Betriebssysteme werden von cadvilla unterst\u00fctzt?<\/h2>\n<\/div><\/div><div class=\"g-cols wpb_row via_grid cols_3 laptops-cols_inherit tablets-cols_inherit mobiles-cols_1 valign_top type_default stacking_default\" style=\"--columns-gap:3rem;\"><div class=\"wpb_column vc_column_container\"><div class=\"vc_column-inner\"><div class=\"w-iconbox us_custom_cf6f996b highlight_work has_text_color iconpos_left style_default color_contrast align_center no_title\"><div class=\"w-iconbox-icon\" style=\"font-size:3rem;\"><i class=\"fab fa-windows\"><\/i><\/div><div class=\"w-iconbox-meta\"><div class=\"w-iconbox-text\"><p class=\"ca-h3style\" style=\"text-align: center;\">Microsoft<\/p>\n<p class=\"ca-h5style\" style=\"text-align: center;\">Windows<\/p>\n<\/div><\/div><\/div><div class=\"wpb_text_column us_custom_1af66643\"><div class=\"wpb_wrapper\"><p style=\"text-align: center;\">Windows 10 \/ 11 wird<br \/>\n<span class=\"highlight_work\">VOLL unterst\u00fctzt<\/span><br \/>\n(64 Bit)<\/p>\n<\/div><\/div><div class=\"w-separator size_medium\"><\/div><\/div><\/div><div class=\"wpb_column vc_column_container\"><div class=\"vc_column-inner\"><div class=\"w-iconbox us_custom_5c9f3507 iconpos_left style_default color_contrast align_center no_title\"><div class=\"w-iconbox-icon\" style=\"font-size:3rem;\"><i class=\"fab fa-apple\"><\/i><\/div><div class=\"w-iconbox-meta\"><div class=\"w-iconbox-text\"><p class=\"ca-h3style\" style=\"text-align: center;\">Apple<\/p>\n<p class=\"ca-h5style\" style=\"text-align: center;\">MAC OS<\/p>\n<\/div><\/div><\/div><div class=\"wpb_text_column us_custom_1af66643\"><div class=\"wpb_wrapper\"><p style=\"text-align: center;\">MAC Betriebssysteme werden<br \/>\n<span class=\"highlight_nowork\">NICHT unterst\u00fctzt<\/span><br \/>\n(zB. MAC OS 9, MAC OS X)<\/p>\n<\/div><\/div><div class=\"w-separator size_medium\"><\/div><\/div><\/div><div class=\"wpb_column vc_column_container\"><div class=\"vc_column-inner\"><div class=\"w-iconbox us_custom_5c9f3507 iconpos_left style_default color_contrast align_center no_title\"><div class=\"w-iconbox-icon\" style=\"font-size:3rem;\"><i class=\"fab fa-windows\"><\/i><\/div><div class=\"w-iconbox-meta\"><div class=\"w-iconbox-text\"><p class=\"ca-h3style\" style=\"text-align: center;\">Virtuelle<\/p>\n<p class=\"ca-h5style\" style=\"text-align: center;\">Umgebung<\/p>\n<\/div><\/div><\/div><div class=\"wpb_text_column us_custom_1af66643\"><div class=\"wpb_wrapper\"><p style=\"text-align: center;\">Virtuelle Umgebungen werden<br \/>\n<span class=\"highlight_nowork\">NICHT unterst\u00fctzt<\/span><br \/>\n(zB. Windows parallels)<\/p>\n<\/div><\/div><div class=\"w-separator size_medium\"><\/div><\/div><\/div><\/div><div class=\"wpb_text_column us_custom_8dfa9861\"><div class=\"wpb_wrapper\"><h2>Anforderungen an die Hardware<\/h2>\n<p>Die Systemvoraussetzungen bzw. Mindestanforderungen zur Software sind wie folgt:<\/p>\n<ul>\n<li>Prozessor der neueren Generation von <strong>Intel\u00ae <\/strong>(ab Generation 7)<strong> \/ AMD\u00ae <\/strong>(Einf\u00fchrungsdatum ab 2017)<strong><br \/>\n<\/strong><\/li>\n<li>Arbeitsspeicher <strong>ab 12 GB RAM<\/strong><\/li>\n<li>Grafikkarte der neueren Generation (Einf\u00fchrungsdatum ab 2015)\n<ul>\n<li>Mindestaufl\u00f6sung von 1920\u00d71080 Pixel<\/li>\n<li>(<strong>empfohlen:<\/strong> Grafikkarte mit dediziertem \/ eigenen Grafikspeicher)<\/li>\n<\/ul>\n<\/li>\n<li><strong>Maus<\/strong> oder Touchpad<\/li>\n<li>mindestens 15 GB freier Festplattenspeicher<\/li>\n<\/ul>\n<\/div><\/div><\/div><\/div><\/div><\/div><\/section><section class=\"l-section wpb_row height_small\"><div class=\"l-section-h i-cf\"><div class=\"g-cols vc_row via_grid cols_1 laptops-cols_inherit tablets-cols_inherit mobiles-cols_1 valign_top type_default stacking_default\"><div class=\"wpb_column vc_column_container\"><div class=\"vc_column-inner\"><div class=\"wpb_text_column us_custom_425a90e6\"><div class=\"wpb_wrapper\"><div id=\"mf_placeholder\" data-formurl=\"\/\/www.cadvilla.com\/formpruefer\/embed.php?id=7351\" data-formheight=\"1280\" data-formtitle=\"Anfrage nach einer TRIAL Version\" data-paddingbottom=\"10\"><\/div>\n<p><script>\n\t(function(f,o,r,m){\n\t\tr=f.createElement('script');r.async=1;r.src=o+'js\/mf.js';\n\t\tm=f.getElementById('mf_placeholder'); m.parentNode.insertBefore(r, m);\n\t})(document,'\/\/www.cadvilla.com\/formpruefer\/');\n<\/script><\/p>\n<\/div><\/div><\/div><\/div><\/div><\/div><\/section>\n","protected":false},"excerpt":{"rendered":"TRIAL Version \/ Testversion von cadvilla Allgemeines zur TRIAL Version Unsere TRIAL Versionen (Testversionen) werden individuell f\u00fcr den jeweiligen Kunden konfiguriert und bereitgestellt. Dazu ben\u00f6tigen wir von Ihnen vollst\u00e4ndige Adress-Angaben g\u00fcltige Telefonnummer unter der Sie erreichbar sind permanente email-Adresse (keine tempor\u00e4ren email-Adressen oder \u00c4hnliches) Die in nachfolgendem Formular eingegebenen Daten werden danach verschl\u00fcsselt in eine...","protected":false},"author":1,"featured_media":0,"parent":0,"menu_order":0,"comment_status":"closed","ping_status":"closed","template":"","meta":{"footnotes":""},"class_list":["post-11716","page","type-page","status-publish","hentry"],"yoast_head":"<!-- This site is optimized with the Yoast SEO plugin v27.5 - https:\/\/yoast.com\/product\/yoast-seo-wordpress\/ -->\n<title>TRIAL Version \/ Testversion von cadvilla<\/title>\n<meta name=\"description\" content=\"Sie m\u00f6chten die Hausplaner Software von cadvilla vorher Testen? Kein Problem! Hier zeigen wir Ihnen, wie Sie zu unserer TRIAL Version kommen.\" \/>\n<meta name=\"robots\" content=\"index, follow, max-snippet:-1, max-image-preview:large, max-video-preview:-1\" \/>\n<link rel=\"canonical\" href=\"https:\/\/www.cadvilla.com\/de\/trial-version-cadvilla\/\" \/>\n<meta property=\"og:locale\" content=\"de_DE\" \/>\n<meta property=\"og:type\" content=\"article\" \/>\n<meta property=\"og:title\" content=\"TRIAL Version \/ Testversion von cadvilla\" \/>\n<meta property=\"og:description\" content=\"Sie m\u00f6chten die Hausplaner Software von cadvilla vorher Testen? Kein Problem! Hier zeigen wir Ihnen, wie Sie zu unserer TRIAL Version kommen.\" \/>\n<meta property=\"og:url\" content=\"https:\/\/www.cadvilla.com\/de\/trial-version-cadvilla\/\" \/>\n<meta property=\"og:site_name\" content=\"cadvilla\" \/>\n<meta property=\"article:modified_time\" content=\"2025-05-31T07:09:10+00:00\" \/>\n<meta name=\"twitter:card\" content=\"summary_large_image\" \/>\n<meta name=\"twitter:label1\" content=\"Gesch\u00e4tzte Lesezeit\" \/>\n\t<meta name=\"twitter:data1\" content=\"2\u00a0Minuten\" \/>\n<script type=\"application\/ld+json\" class=\"yoast-schema-graph\">{\"@context\":\"https:\\\/\\\/schema.org\",\"@graph\":[{\"@type\":\"WebPage\",\"@id\":\"https:\\\/\\\/www.cadvilla.com\\\/de\\\/trial-version-cadvilla\\\/\",\"url\":\"https:\\\/\\\/www.cadvilla.com\\\/de\\\/trial-version-cadvilla\\\/\",\"name\":\"TRIAL Version \\\/ Testversion von cadvilla\",\"isPartOf\":{\"@id\":\"https:\\\/\\\/www.cadvilla.com\\\/de\\\/#website\"},\"datePublished\":\"2025-05-26T15:08:49+00:00\",\"dateModified\":\"2025-05-31T07:09:10+00:00\",\"description\":\"Sie m\u00f6chten die Hausplaner Software von cadvilla vorher Testen? Kein Problem! Hier zeigen wir Ihnen, wie Sie zu unserer TRIAL Version kommen.\",\"breadcrumb\":{\"@id\":\"https:\\\/\\\/www.cadvilla.com\\\/de\\\/trial-version-cadvilla\\\/#breadcrumb\"},\"inLanguage\":\"de\",\"potentialAction\":[{\"@type\":\"ReadAction\",\"target\":[\"https:\\\/\\\/www.cadvilla.com\\\/de\\\/trial-version-cadvilla\\\/\"]}]},{\"@type\":\"BreadcrumbList\",\"@id\":\"https:\\\/\\\/www.cadvilla.com\\\/de\\\/trial-version-cadvilla\\\/#breadcrumb\",\"itemListElement\":[{\"@type\":\"ListItem\",\"position\":1,\"name\":\"Startseite\",\"item\":\"https:\\\/\\\/www.cadvilla.com\\\/de\\\/\"},{\"@type\":\"ListItem\",\"position\":2,\"name\":\"TRIAL Version \\\/ Testversion von cadvilla\"}]},{\"@type\":\"WebSite\",\"@id\":\"https:\\\/\\\/www.cadvilla.com\\\/de\\\/#website\",\"url\":\"https:\\\/\\\/www.cadvilla.com\\\/de\\\/\",\"name\":\"cadvilla\",\"description\":\"\",\"publisher\":{\"@id\":\"https:\\\/\\\/www.cadvilla.com\\\/de\\\/#organization\"},\"potentialAction\":[{\"@type\":\"SearchAction\",\"target\":{\"@type\":\"EntryPoint\",\"urlTemplate\":\"https:\\\/\\\/www.cadvilla.com\\\/de\\\/?s={search_term_string}\"},\"query-input\":{\"@type\":\"PropertyValueSpecification\",\"valueRequired\":true,\"valueName\":\"search_term_string\"}}],\"inLanguage\":\"de\"},{\"@type\":\"Organization\",\"@id\":\"https:\\\/\\\/www.cadvilla.com\\\/de\\\/#organization\",\"name\":\"cadvilla\",\"url\":\"https:\\\/\\\/www.cadvilla.com\\\/de\\\/\",\"logo\":{\"@type\":\"ImageObject\",\"inLanguage\":\"de\",\"@id\":\"https:\\\/\\\/www.cadvilla.com\\\/de\\\/#\\\/schema\\\/logo\\\/image\\\/\",\"url\":\"https:\\\/\\\/www.cadvilla.com\\\/wp-content\\\/uploads\\\/logo_cadvilla.png\",\"contentUrl\":\"https:\\\/\\\/www.cadvilla.com\\\/wp-content\\\/uploads\\\/logo_cadvilla.png\",\"width\":157,\"height\":51,\"caption\":\"cadvilla\"},\"image\":{\"@id\":\"https:\\\/\\\/www.cadvilla.com\\\/de\\\/#\\\/schema\\\/logo\\\/image\\\/\"}}]}<\/script>\n<!-- \/ Yoast SEO plugin. -->","yoast_head_json":{"title":"TRIAL Version \/ Testversion von cadvilla","description":"Sie m\u00f6chten die Hausplaner Software von cadvilla vorher Testen? Kein Problem! Hier zeigen wir Ihnen, wie Sie zu unserer TRIAL Version kommen.","robots":{"index":"index","follow":"follow","max-snippet":"max-snippet:-1","max-image-preview":"max-image-preview:large","max-video-preview":"max-video-preview:-1"},"canonical":"https:\/\/www.cadvilla.com\/de\/trial-version-cadvilla\/","og_locale":"de_DE","og_type":"article","og_title":"TRIAL Version \/ Testversion von cadvilla","og_description":"Sie m\u00f6chten die Hausplaner Software von cadvilla vorher Testen? Kein Problem! Hier zeigen wir Ihnen, wie Sie zu unserer TRIAL Version kommen.","og_url":"https:\/\/www.cadvilla.com\/de\/trial-version-cadvilla\/","og_site_name":"cadvilla","article_modified_time":"2025-05-31T07:09:10+00:00","twitter_card":"summary_large_image","twitter_misc":{"Gesch\u00e4tzte Lesezeit":"2\u00a0Minuten"},"schema":{"@context":"https:\/\/schema.org","@graph":[{"@type":"WebPage","@id":"https:\/\/www.cadvilla.com\/de\/trial-version-cadvilla\/","url":"https:\/\/www.cadvilla.com\/de\/trial-version-cadvilla\/","name":"TRIAL Version \/ Testversion von cadvilla","isPartOf":{"@id":"https:\/\/www.cadvilla.com\/de\/#website"},"datePublished":"2025-05-26T15:08:49+00:00","dateModified":"2025-05-31T07:09:10+00:00","description":"Sie m\u00f6chten die Hausplaner Software von cadvilla vorher Testen? Kein Problem! Hier zeigen wir Ihnen, wie Sie zu unserer TRIAL Version kommen.","breadcrumb":{"@id":"https:\/\/www.cadvilla.com\/de\/trial-version-cadvilla\/#breadcrumb"},"inLanguage":"de","potentialAction":[{"@type":"ReadAction","target":["https:\/\/www.cadvilla.com\/de\/trial-version-cadvilla\/"]}]},{"@type":"BreadcrumbList","@id":"https:\/\/www.cadvilla.com\/de\/trial-version-cadvilla\/#breadcrumb","itemListElement":[{"@type":"ListItem","position":1,"name":"Startseite","item":"https:\/\/www.cadvilla.com\/de\/"},{"@type":"ListItem","position":2,"name":"TRIAL Version \/ Testversion von cadvilla"}]},{"@type":"WebSite","@id":"https:\/\/www.cadvilla.com\/de\/#website","url":"https:\/\/www.cadvilla.com\/de\/","name":"cadvilla","description":"","publisher":{"@id":"https:\/\/www.cadvilla.com\/de\/#organization"},"potentialAction":[{"@type":"SearchAction","target":{"@type":"EntryPoint","urlTemplate":"https:\/\/www.cadvilla.com\/de\/?s={search_term_string}"},"query-input":{"@type":"PropertyValueSpecification","valueRequired":true,"valueName":"search_term_string"}}],"inLanguage":"de"},{"@type":"Organization","@id":"https:\/\/www.cadvilla.com\/de\/#organization","name":"cadvilla","url":"https:\/\/www.cadvilla.com\/de\/","logo":{"@type":"ImageObject","inLanguage":"de","@id":"https:\/\/www.cadvilla.com\/de\/#\/schema\/logo\/image\/","url":"https:\/\/www.cadvilla.com\/wp-content\/uploads\/logo_cadvilla.png","contentUrl":"https:\/\/www.cadvilla.com\/wp-content\/uploads\/logo_cadvilla.png","width":157,"height":51,"caption":"cadvilla"},"image":{"@id":"https:\/\/www.cadvilla.com\/de\/#\/schema\/logo\/image\/"}}]}},"_links":{"self":[{"href":"https:\/\/www.cadvilla.com\/de\/wp-json\/wp\/v2\/pages\/11716","targetHints":{"allow":["GET"]}}],"collection":[{"href":"https:\/\/www.cadvilla.com\/de\/wp-json\/wp\/v2\/pages"}],"about":[{"href":"https:\/\/www.cadvilla.com\/de\/wp-json\/wp\/v2\/types\/page"}],"author":[{"embeddable":true,"href":"https:\/\/www.cadvilla.com\/de\/wp-json\/wp\/v2\/users\/1"}],"replies":[{"embeddable":true,"href":"https:\/\/www.cadvilla.com\/de\/wp-json\/wp\/v2\/comments?post=11716"}],"version-history":[{"count":0,"href":"https:\/\/www.cadvilla.com\/de\/wp-json\/wp\/v2\/pages\/11716\/revisions"}],"wp:attachment":[{"href":"https:\/\/www.cadvilla.com\/de\/wp-json\/wp\/v2\/media?parent=11716"}],"curies":[{"name":"wp","href":"https:\/\/api.w.org\/{rel}","templated":true}]}}