{"id":15977,"date":"2026-03-27T16:10:24","date_gmt":"2026-03-27T14:10:24","guid":{"rendered":"https:\/\/www.cadvilla.com\/?page_id=15977"},"modified":"2026-04-23T11:23:42","modified_gmt":"2026-04-23T09:23:42","slug":"support","status":"publish","type":"page","link":"https:\/\/www.cadvilla.com\/de\/support\/","title":{"rendered":"Informationen zum Supportbereich von cadvilla"},"content":{"rendered":"<section class=\"l-section wpb_row height_medium\"><div class=\"l-section-h i-cf\"><div class=\"g-cols vc_row via_grid cols_1 laptops-cols_inherit tablets-cols_inherit mobiles-cols_1 valign_top type_default stacking_default\"><div class=\"wpb_column vc_column_container\"><div class=\"vc_column-inner\"><div class=\"wpb_text_column\"><div class=\"wpb_wrapper\"><h1>Allgemeine Hinweise zur Verwendung des Support-Bereiches von cadvilla<\/h1>\n<\/div><\/div><\/div><\/div><\/div><\/div><\/section><section class=\"l-section wpb_row height_auto\"><div class=\"l-section-h i-cf\"><div class=\"g-cols vc_row via_grid cols_2-1 laptops-cols_inherit tablets-cols_inherit mobiles-cols_1 valign_top type_default stacking_default\"><div class=\"wpb_column vc_column_container\"><div class=\"vc_column-inner\"><div class=\"wpb_text_column\"><div class=\"wpb_wrapper\"><p>Im oberen Bereich finden Sie Schaltfl\u00e4chen f\u00fcr<\/p>\n<ul>\n<li>das <a href=\"https:\/\/www.cadvilla.com\/de\/support\/tutorial-einsteiger\/\"><strong>Tutorial<\/strong><\/a>, zum schnellen Erlernen der Software<\/li>\n<li><strong>Handb\u00fccher<\/strong> zu cadvilla und den einzelnen Modulen<\/li>\n<li>Wichtige Kurzwegtasten und Tastenkombinationen zur schnellen Anwendung von cadvilla<\/li>\n<li>Informationen f\u00fcr einen Online-Support (Fernwartung)<\/li>\n<li>Kontakt \u00fcber ein Formular f\u00fcr eine <strong>Support-Anfrage<\/strong> zu cadvilla<\/li>\n<\/ul>\n<\/div><\/div><\/div><\/div><div class=\"wpb_column vc_column_container\"><div class=\"vc_column-inner\"><div class=\"w-search us-field-style_1 us_custom_fc24b079 layout_simple iconpos_right\"><div class=\"w-search-form\"><form class=\"w-form-row for_text\" role=\"search\" action=\"https:\/\/www.cadvilla.com\/de\/\" method=\"get\"><div class=\"w-form-row-field\"><input type=\"text\" name=\"s\" placeholder=\"Suchen\" aria-label=\"Suchen\" value\/><input type=\"hidden\" name=\"post_type\" value=\"post\" \/><input type=\"hidden\" name=\"lang\" value=\"de\" \/><\/div><button class=\"w-search-form-btn w-btn\" type=\"submit\" aria-label=\"Suchen\" style=\"--icon-size:18px;\"><i class=\"fas fa-search\"><\/i><\/button><\/form><\/div><\/div><div class=\"w-separator size_medium\"><\/div><\/div><\/div><\/div><\/div><\/section><section class=\"l-section wpb_row height_small\"><div class=\"l-section-h i-cf\"><div class=\"g-cols vc_row via_grid cols_1 laptops-cols_inherit tablets-cols_inherit mobiles-cols_1 valign_top type_default stacking_default\"><div class=\"wpb_column vc_column_container\"><div class=\"vc_column-inner\"><div class=\"wpb_text_column\"><div class=\"wpb_wrapper\"><p><img data-dominant-color=\"f3ab1f\" data-has-transparency=\"false\" style=\"--dominant-color: #f3ab1f;\" loading=\"lazy\" decoding=\"async\" class=\"size-full wp-image-16075 alignleft not-transparent\" src=\"https:\/\/www.cadvilla.com\/wp-content\/uploads\/suche.jpg\" alt=\"\" width=\"40\" height=\"39\" \/>Durch Klicken auf die Lupe <strong>rechts oben<\/strong> k\u00f6nnen sie einen Suchbegriff zu den Supportbeitr\u00e4gen eingeben \u2013 z.B. <em>Wand verl\u00e4ngern <\/em>\u2013 mit dieser M\u00f6glichkeit k\u00f6nnen sie <strong>nach einem Begriff suchen<\/strong><\/p>\n<\/div><\/div><\/div><\/div><\/div><\/div><\/section><section class=\"l-section wpb_row height_auto\"><div class=\"l-section-h i-cf\"><div class=\"g-cols vc_row via_grid cols_1 laptops-cols_inherit tablets-cols_inherit mobiles-cols_1 valign_top type_default stacking_default\"><div class=\"wpb_column vc_column_container\"><div class=\"vc_column-inner\"><div class=\"wpb_text_column\"><div class=\"wpb_wrapper\"><section class=\"av_textblock_section \">\n<section class=\"av_textblock_section \">\n<div class=\"avia_textblock \">\n<h3><span style=\"color: #ff9900;\"><em>Wichtig:<\/em><\/span> Bild-in-Bild (PiP) Funktion bei den Videos nutzen<\/h3>\n<p>Bild-in-Bild (PiP)\u00a0 erm\u00f6glicht es, Videos aus dem Supportbeitrag in einem schwebenden Fenster \u00fcber anderen Anwendungen anzusehen. Damit haben Sie optimalen Voraussetzungen f\u00fcr das schnelle Erlernen von cadvilla. Weitere Infos dazu in unserem <a href=\"https:\/\/www.cadvilla.com\/de\/support\/bild-in-bild-funktion-bei-videos\/\">Beitrag zur Videofunktion Bild-in-Bild (PiP)<\/a>.<\/p>\n<h3>Abspiel-Geschwindigkeit und Aufl\u00f6sung bei Videos \u00e4ndern<\/h3>\n<p><a ref=\"magnificPopup\" href=\"https:\/\/www.cadvilla.com\/wp-content\/uploads\/geschwindigkeitaufloesung.jpg\"><img data-dominant-color=\"949493\" data-has-transparency=\"false\" style=\"--dominant-color: #949493;\" loading=\"lazy\" decoding=\"async\" class=\"alignright wp-image-16138 not-transparent\" src=\"https:\/\/www.cadvilla.com\/wp-content\/uploads\/geschwindigkeitaufloesung.jpg\" alt=\"\" width=\"350\" height=\"197\" \/><\/a>Um die Abspiel-Geschwindigkeit und die Aufl\u00f6sung bei den Videos zu \u00e4ndern, starten sie zuvor das Video durch Klick auf den \u201ePlay-Button\u201c. Danach fahren sie mit dem Cursor nochmals in den Videobereich und klicken auf das eingeblendete Symbol mit dem Zahnrad (Einstellungen).<\/p>\n<p>Danach \u00f6ffnet sich ein Fenster und durch Klicken auf Geschwindigkeit kann die Abspiel-Geschwindigkeit des Videos entweder langsamer oder schneller eingestellt werden.<\/p>\n<p>Sie k\u00f6nnen dabei zwischen den Abspiel-Werten 0.25, 0.5, Standard, 1.25, 1.50 und\u00a0 2.0 w\u00e4hlen.<\/p>\n<p>Bei der Einstellung der Aufl\u00f6sung empfehlen wir entweder 720p oder 1080p auszuw\u00e4hlen.<\/p>\n<h3>Remote Support \u2013 Online Support \u2013 Fernwartung<\/h3>\n<p><a href=\"https:\/\/get.teamviewer.com\/cadvilla\"><img data-dominant-color=\"878b86\" data-has-transparency=\"true\" style=\"--dominant-color: #878b86;\" loading=\"lazy\" decoding=\"async\" class=\"alignleft wp-image-22 size-full has-transparency\" src=\"https:\/\/www.cadvilla.com\/wp-content\/uploads\/remotesupport.png\" alt=\"\" width=\"174\" height=\"54\" \/><\/a>Durch Klicken auf \u201e<em>Remote Support<\/em>\u201c (nebenstehendes Bild) und nachfolgendem Ausf\u00fchren wird eine Software\u00a0 zur Fernwartung (Online-Support) gestartet. F\u00fcr weitere Infos zur Fernwartung klicken sie im oberen Bereich auf <a href=\"https:\/\/www.cadvilla.com\/de\/support\/online-support\/\"><em>Online-Support<\/em><\/a><\/p>\n<h3>Tutorial zu cadvilla f\u00fcr Einsteiger und Umsteiger<\/h3>\n<p><img data-dominant-color=\"d8d9d4\" data-has-transparency=\"true\" style=\"--dominant-color: #d8d9d4;\" loading=\"lazy\" decoding=\"async\" class=\"size-full wp-image-17190 alignright has-transparency\" src=\"https:\/\/www.cadvilla.com\/wp-content\/uploads\/tutorial.png\" alt=\"\" width=\"240\" height=\"167\" \/>Wir haben eine <a href=\"https:\/\/www.cadvilla.com\/de\/support\/tutorial-einsteiger\/\">umfangreiche Videosammlung, bei der ein gesamter Mustergrundriss von Anfang bis Ende durchgezogen wird<\/a>. Diese Videosammlung beinhaltet die wichtigsten Punkte zum Konstruieren eines Geb\u00e4udes\u00a0 \u2013 beginnend mit den<\/p>\n<ul>\n<li><a class=\"alignright\" href=\"https:\/\/www.cadvilla.com\/de\/tutorial\/\"><br \/>\n<\/a><a class=\"alignright\" href=\"https:\/\/www.cadvilla.com\/de\/tutorial\/\"><br \/>\n<\/a>Tutorial f\u00fcr cadvillaEinstellungsm\u00f6glichkeiten von cadvilla<\/li>\n<li>Eingabem\u00f6glichkeiten f\u00fcr Innen- und Au\u00dfenw\u00e4nde, Fenstereingabe, Eingabe von T\u00fcren<\/li>\n<li>Definition eines Daches und Eingabe von Gauben<\/li>\n<li>Erstellen von mehreren Geschossen<\/li>\n<li>Einrichtungsgegenst\u00e4nde im Projekt platzieren und Texturieren von Oberfl\u00e4chen<\/li>\n<li>u.\u202fv.\u202fm..<\/li>\n<\/ul>\n<h3>cadvilla auf youtube<\/h3>\n<p><a class=\"alignleft\" href=\"https:\/\/www.youtube.com\/user\/cadvilla\"><img data-dominant-color=\"e1bfbf\" data-has-transparency=\"true\" style=\"--dominant-color: #e1bfbf;\" loading=\"lazy\" decoding=\"async\" class=\"size-full wp-image-16085 alignnone has-transparency\" src=\"https:\/\/www.cadvilla.com\/wp-content\/uploads\/youtube.png\" alt=\"\" width=\"32\" height=\"32\" \/><br \/>\n<\/a><strong>Alle<\/strong> verf\u00fcgbaren YouTube-Videos sind hier im Supportbereich verlinkt und <strong>detailliert <\/strong>mit Einsprungmarken<strong> beschrieben<\/strong>. Des Weiteren sind die Videos hier im Supportbereich ohne Werbung. Sollten Sie dennoch die Schulungsvideos zu cadvilla auf YouTube ansehen wollen, finden Sie diese unter<br \/>\nwww.youtube.com\/cadvilla<\/p>\n<\/div>\n<\/section>\n<\/section>\n<\/div><\/div><div class=\"w-separator size_medium\"><\/div><\/div><\/div><\/div><\/div><\/section>\n","protected":false},"excerpt":{"rendered":"Allgemeine Hinweise zur Verwendung des Support-Bereiches von cadvilla Im oberen Bereich finden Sie Schaltfl\u00e4chen f\u00fcr das Tutorial, zum schnellen Erlernen der Software Handb\u00fccher zu cadvilla und den einzelnen Modulen Wichtige Kurzwegtasten und Tastenkombinationen zur schnellen Anwendung von cadvilla Informationen f\u00fcr einen Online-Support (Fernwartung) Kontakt \u00fcber ein Formular f\u00fcr eine Support-Anfrage zu cadvilla Durch Klicken auf...","protected":false},"author":1,"featured_media":0,"parent":0,"menu_order":0,"comment_status":"closed","ping_status":"closed","template":"","meta":{"footnotes":""},"class_list":["post-15977","page","type-page","status-publish","hentry"],"yoast_head":"<!-- This site is optimized with the Yoast SEO plugin v27.4 - https:\/\/yoast.com\/product\/yoast-seo-wordpress\/ -->\n<title>Informationen zum Supportbereich von cadvilla - cadvilla<\/title>\n<meta name=\"robots\" content=\"index, follow, max-snippet:-1, max-image-preview:large, max-video-preview:-1\" \/>\n<link rel=\"canonical\" href=\"https:\/\/www.cadvilla.com\/de\/support\/\" \/>\n<meta property=\"og:locale\" content=\"de_DE\" \/>\n<meta property=\"og:type\" content=\"article\" \/>\n<meta property=\"og:title\" content=\"Informationen zum Supportbereich von cadvilla - cadvilla\" \/>\n<meta property=\"og:url\" content=\"https:\/\/www.cadvilla.com\/de\/support\/\" \/>\n<meta property=\"og:site_name\" content=\"cadvilla\" \/>\n<meta property=\"article:modified_time\" content=\"2026-04-23T09:23:42+00:00\" \/>\n<meta property=\"og:image\" content=\"https:\/\/www.cadvilla.com\/wp-content\/uploads\/suche.jpg\" \/>\n\t<meta property=\"og:image:width\" content=\"40\" \/>\n\t<meta property=\"og:image:height\" content=\"39\" \/>\n\t<meta property=\"og:image:type\" content=\"image\/jpeg\" \/>\n<meta name=\"twitter:card\" content=\"summary_large_image\" \/>\n<meta name=\"twitter:label1\" content=\"Gesch\u00e4tzte Lesezeit\" \/>\n\t<meta name=\"twitter:data1\" content=\"4\u00a0Minuten\" \/>\n<script type=\"application\/ld+json\" class=\"yoast-schema-graph\">{\"@context\":\"https:\\\/\\\/schema.org\",\"@graph\":[{\"@type\":\"WebPage\",\"@id\":\"https:\\\/\\\/www.cadvilla.com\\\/de\\\/support\\\/\",\"url\":\"https:\\\/\\\/www.cadvilla.com\\\/de\\\/support\\\/\",\"name\":\"Informationen zum Supportbereich von cadvilla - cadvilla\",\"isPartOf\":{\"@id\":\"https:\\\/\\\/www.cadvilla.com\\\/de\\\/#website\"},\"primaryImageOfPage\":{\"@id\":\"https:\\\/\\\/www.cadvilla.com\\\/de\\\/support\\\/#primaryimage\"},\"image\":{\"@id\":\"https:\\\/\\\/www.cadvilla.com\\\/de\\\/support\\\/#primaryimage\"},\"thumbnailUrl\":\"https:\\\/\\\/www.cadvilla.com\\\/wp-content\\\/uploads\\\/suche.jpg\",\"datePublished\":\"2026-03-27T14:10:24+00:00\",\"dateModified\":\"2026-04-23T09:23:42+00:00\",\"breadcrumb\":{\"@id\":\"https:\\\/\\\/www.cadvilla.com\\\/de\\\/support\\\/#breadcrumb\"},\"inLanguage\":\"de\",\"potentialAction\":[{\"@type\":\"ReadAction\",\"target\":[\"https:\\\/\\\/www.cadvilla.com\\\/de\\\/support\\\/\"]}]},{\"@type\":\"ImageObject\",\"inLanguage\":\"de\",\"@id\":\"https:\\\/\\\/www.cadvilla.com\\\/de\\\/support\\\/#primaryimage\",\"url\":\"https:\\\/\\\/www.cadvilla.com\\\/wp-content\\\/uploads\\\/suche.jpg\",\"contentUrl\":\"https:\\\/\\\/www.cadvilla.com\\\/wp-content\\\/uploads\\\/suche.jpg\"},{\"@type\":\"BreadcrumbList\",\"@id\":\"https:\\\/\\\/www.cadvilla.com\\\/de\\\/support\\\/#breadcrumb\",\"itemListElement\":[{\"@type\":\"ListItem\",\"position\":1,\"name\":\"Startseite\",\"item\":\"https:\\\/\\\/www.cadvilla.com\\\/de\\\/\"},{\"@type\":\"ListItem\",\"position\":2,\"name\":\"Informationen zum Supportbereich von cadvilla\"}]},{\"@type\":\"WebSite\",\"@id\":\"https:\\\/\\\/www.cadvilla.com\\\/de\\\/#website\",\"url\":\"https:\\\/\\\/www.cadvilla.com\\\/de\\\/\",\"name\":\"cadvilla\",\"description\":\"\",\"publisher\":{\"@id\":\"https:\\\/\\\/www.cadvilla.com\\\/de\\\/#organization\"},\"potentialAction\":[{\"@type\":\"SearchAction\",\"target\":{\"@type\":\"EntryPoint\",\"urlTemplate\":\"https:\\\/\\\/www.cadvilla.com\\\/de\\\/?s={search_term_string}\"},\"query-input\":{\"@type\":\"PropertyValueSpecification\",\"valueRequired\":true,\"valueName\":\"search_term_string\"}}],\"inLanguage\":\"de\"},{\"@type\":\"Organization\",\"@id\":\"https:\\\/\\\/www.cadvilla.com\\\/de\\\/#organization\",\"name\":\"cadvilla\",\"url\":\"https:\\\/\\\/www.cadvilla.com\\\/de\\\/\",\"logo\":{\"@type\":\"ImageObject\",\"inLanguage\":\"de\",\"@id\":\"https:\\\/\\\/www.cadvilla.com\\\/de\\\/#\\\/schema\\\/logo\\\/image\\\/\",\"url\":\"https:\\\/\\\/www.cadvilla.com\\\/wp-content\\\/uploads\\\/logo_cadvilla.png\",\"contentUrl\":\"https:\\\/\\\/www.cadvilla.com\\\/wp-content\\\/uploads\\\/logo_cadvilla.png\",\"width\":157,\"height\":51,\"caption\":\"cadvilla\"},\"image\":{\"@id\":\"https:\\\/\\\/www.cadvilla.com\\\/de\\\/#\\\/schema\\\/logo\\\/image\\\/\"}}]}<\/script>\n<!-- \/ Yoast SEO plugin. -->","yoast_head_json":{"title":"Informationen zum Supportbereich von cadvilla - cadvilla","robots":{"index":"index","follow":"follow","max-snippet":"max-snippet:-1","max-image-preview":"max-image-preview:large","max-video-preview":"max-video-preview:-1"},"canonical":"https:\/\/www.cadvilla.com\/de\/support\/","og_locale":"de_DE","og_type":"article","og_title":"Informationen zum Supportbereich von cadvilla - cadvilla","og_url":"https:\/\/www.cadvilla.com\/de\/support\/","og_site_name":"cadvilla","article_modified_time":"2026-04-23T09:23:42+00:00","og_image":[{"width":40,"height":39,"url":"https:\/\/www.cadvilla.com\/wp-content\/uploads\/suche.jpg","type":"image\/jpeg"}],"twitter_card":"summary_large_image","twitter_misc":{"Gesch\u00e4tzte Lesezeit":"4\u00a0Minuten"},"schema":{"@context":"https:\/\/schema.org","@graph":[{"@type":"WebPage","@id":"https:\/\/www.cadvilla.com\/de\/support\/","url":"https:\/\/www.cadvilla.com\/de\/support\/","name":"Informationen zum Supportbereich von cadvilla - cadvilla","isPartOf":{"@id":"https:\/\/www.cadvilla.com\/de\/#website"},"primaryImageOfPage":{"@id":"https:\/\/www.cadvilla.com\/de\/support\/#primaryimage"},"image":{"@id":"https:\/\/www.cadvilla.com\/de\/support\/#primaryimage"},"thumbnailUrl":"https:\/\/www.cadvilla.com\/wp-content\/uploads\/suche.jpg","datePublished":"2026-03-27T14:10:24+00:00","dateModified":"2026-04-23T09:23:42+00:00","breadcrumb":{"@id":"https:\/\/www.cadvilla.com\/de\/support\/#breadcrumb"},"inLanguage":"de","potentialAction":[{"@type":"ReadAction","target":["https:\/\/www.cadvilla.com\/de\/support\/"]}]},{"@type":"ImageObject","inLanguage":"de","@id":"https:\/\/www.cadvilla.com\/de\/support\/#primaryimage","url":"https:\/\/www.cadvilla.com\/wp-content\/uploads\/suche.jpg","contentUrl":"https:\/\/www.cadvilla.com\/wp-content\/uploads\/suche.jpg"},{"@type":"BreadcrumbList","@id":"https:\/\/www.cadvilla.com\/de\/support\/#breadcrumb","itemListElement":[{"@type":"ListItem","position":1,"name":"Startseite","item":"https:\/\/www.cadvilla.com\/de\/"},{"@type":"ListItem","position":2,"name":"Informationen zum Supportbereich von cadvilla"}]},{"@type":"WebSite","@id":"https:\/\/www.cadvilla.com\/de\/#website","url":"https:\/\/www.cadvilla.com\/de\/","name":"cadvilla","description":"","publisher":{"@id":"https:\/\/www.cadvilla.com\/de\/#organization"},"potentialAction":[{"@type":"SearchAction","target":{"@type":"EntryPoint","urlTemplate":"https:\/\/www.cadvilla.com\/de\/?s={search_term_string}"},"query-input":{"@type":"PropertyValueSpecification","valueRequired":true,"valueName":"search_term_string"}}],"inLanguage":"de"},{"@type":"Organization","@id":"https:\/\/www.cadvilla.com\/de\/#organization","name":"cadvilla","url":"https:\/\/www.cadvilla.com\/de\/","logo":{"@type":"ImageObject","inLanguage":"de","@id":"https:\/\/www.cadvilla.com\/de\/#\/schema\/logo\/image\/","url":"https:\/\/www.cadvilla.com\/wp-content\/uploads\/logo_cadvilla.png","contentUrl":"https:\/\/www.cadvilla.com\/wp-content\/uploads\/logo_cadvilla.png","width":157,"height":51,"caption":"cadvilla"},"image":{"@id":"https:\/\/www.cadvilla.com\/de\/#\/schema\/logo\/image\/"}}]}},"_links":{"self":[{"href":"https:\/\/www.cadvilla.com\/de\/wp-json\/wp\/v2\/pages\/15977","targetHints":{"allow":["GET"]}}],"collection":[{"href":"https:\/\/www.cadvilla.com\/de\/wp-json\/wp\/v2\/pages"}],"about":[{"href":"https:\/\/www.cadvilla.com\/de\/wp-json\/wp\/v2\/types\/page"}],"author":[{"embeddable":true,"href":"https:\/\/www.cadvilla.com\/de\/wp-json\/wp\/v2\/users\/1"}],"replies":[{"embeddable":true,"href":"https:\/\/www.cadvilla.com\/de\/wp-json\/wp\/v2\/comments?post=15977"}],"version-history":[{"count":5,"href":"https:\/\/www.cadvilla.com\/de\/wp-json\/wp\/v2\/pages\/15977\/revisions"}],"predecessor-version":[{"id":17201,"href":"https:\/\/www.cadvilla.com\/de\/wp-json\/wp\/v2\/pages\/15977\/revisions\/17201"}],"wp:attachment":[{"href":"https:\/\/www.cadvilla.com\/de\/wp-json\/wp\/v2\/media?parent=15977"}],"curies":[{"name":"wp","href":"https:\/\/api.w.org\/{rel}","templated":true}]}}