{"id":1876,"date":"2019-04-29T17:09:37","date_gmt":"2019-04-29T15:09:37","guid":{"rendered":"https:\/\/www.cadvilla.pl\/?page_id=1876"},"modified":"2024-03-04T15:07:05","modified_gmt":"2024-03-04T13:07:05","slug":"z-objekte","status":"publish","type":"page","link":"https:\/\/www.cadvilla.com\/de\/z-objekte\/","title":{"rendered":"3D Objekte und zus\u00e4tzliche Bibliotheken f\u00fcr cadvilla"},"content":{"rendered":"<section class=\"l-section wpb_row ca-headerbackground0 height_auto\"><div class=\"l-section-h i-cf\"><div class=\"g-cols vc_row via_grid cols_1 laptops-cols_inherit tablets-cols_inherit mobiles-cols_1 valign_bottom type_default stacking_default\"><div class=\"wpb_column vc_column_container\"><div class=\"vc_column-inner\"><\/div><\/div><\/div><\/div><\/section><section class=\"l-section wpb_row height_auto\"><div class=\"l-section-h i-cf\"><div class=\"g-cols vc_row via_grid cols_1 laptops-cols_inherit tablets-cols_inherit mobiles-cols_1 valign_top type_default stacking_default\"><div class=\"wpb_column vc_column_container\"><div class=\"vc_column-inner\"><\/div><\/div><\/div><\/div><\/section><section class=\"l-section wpb_row ca-headerbg height_small\" id=\"begin\"><div class=\"l-section-h i-cf\"><div class=\"g-cols vc_row via_grid cols_1 laptops-cols_inherit tablets-cols_inherit mobiles-cols_1 valign_top type_default stacking_default\"><div class=\"wpb_column vc_column_container\"><div class=\"vc_column-inner\"><div class=\"wpb_text_column ca-heading1\"><div class=\"wpb_wrapper\"><h1>Zus\u00e4tzliche 3D Objekte &#8211; Bibliotheken f\u00fcr cadvilla<\/h1>\n<\/div><\/div><\/div><\/div><\/div><\/div><\/section><section class=\"l-section wpb_row height_medium\"><div class=\"l-section-h i-cf\"><div class=\"g-cols vc_row via_grid cols_3-1 laptops-cols_inherit tablets-cols_inherit mobiles-cols_1 valign_top type_default stacking_default\"><div class=\"wpb_column vc_column_container\"><div class=\"vc_column-inner\"><div class=\"wpb_text_column\"><div class=\"wpb_wrapper\"><p>Hier finden Sie Objektsammlungen aus verschiedenen Bereichen. Die darin enthaltenen 3D Objekte sind <strong>erg\u00e4nzend<\/strong> zu den bereits in cadvilla enthaltenen Objekten und Texturen.<\/p>\n<h2>Objektsammlungen mit zus\u00e4tzlichen Objekten f\u00fcr cadvilla<\/h2>\n<p>Folgende zus\u00e4tzliche Objektbibliotheken stehen derzeit zur Verf\u00fcgung:<br \/>\n<a href=\"https:\/\/www.cadvilla.com\/de\/z-objekte_3dplus1\/\"><img data-dominant-color=\"b7b6c7\" data-has-transparency=\"true\" style=\"--dominant-color: #b7b6c7;\" loading=\"lazy\" decoding=\"async\" class=\"ca-object-library_pics alignnone wp-image-1912 size-full has-transparency\" src=\"https:\/\/www.cadvilla.com\/wp-content\/uploads\/o_3dppp.png\" alt=\"3D+++ Collection 1\" width=\"100\" height=\"117\" \/><\/a><a href=\"https:\/\/www.cadvilla.com\/de\/z-objekte_3dplus2\/\"><img data-dominant-color=\"d5c6b8\" data-has-transparency=\"false\" style=\"--dominant-color: #d5c6b8;\" loading=\"lazy\" decoding=\"async\" class=\"ca-object-library_pics alignnone wp-image-1917 size-full not-transparent\" src=\"https:\/\/www.cadvilla.com\/wp-content\/uploads\/o_3dppp2.png\" alt=\"3D+++ Collection 2\" width=\"100\" height=\"117\" \/><\/a><a href=\"https:\/\/www.cadvilla.com\/de\/z-objekte_3dplus3\/\"><img data-dominant-color=\"d5c6b8\" data-has-transparency=\"false\" style=\"--dominant-color: #d5c6b8;\" loading=\"lazy\" decoding=\"async\" class=\"ca-object-library_pics alignnone wp-image-1917 size-full not-transparent\" src=\"https:\/\/www.cadvilla.com\/wp-content\/uploads\/o_3dppp3.png\" alt=\"3D+++ Collection 3\" width=\"100\" height=\"117\" \/><\/a><a href=\"https:\/\/www.cadvilla.com\/de\/z-objekte_kueche1\/\"><img data-dominant-color=\"e0dfdf\" data-has-transparency=\"false\" style=\"--dominant-color: #e0dfdf;\" loading=\"lazy\" decoding=\"async\" class=\"ca-object-library_pics alignnone wp-image-1902 size-full not-transparent\" src=\"https:\/\/www.cadvilla.com\/wp-content\/uploads\/o_3d-kueche1.png\" alt=\"3D K\u00fcchen Collection 1\" width=\"100\" height=\"117\" \/><\/a><a href=\"https:\/\/www.cadvilla.com\/de\/z-objekte_kueche2\/\"><img data-dominant-color=\"e5ddd2\" data-has-transparency=\"false\" style=\"--dominant-color: #e5ddd2;\" loading=\"lazy\" decoding=\"async\" class=\"ca-object-library_pics alignnone wp-image-1907 size-full not-transparent\" src=\"https:\/\/www.cadvilla.com\/wp-content\/uploads\/o_3d-kueche2.png\" alt=\"3D K\u00fcchen Collection 2\" width=\"100\" height=\"117\" \/><\/a><a href=\"https:\/\/www.cadvilla.com\/de\/z-objekte_bad1\/\"><img data-dominant-color=\"d6d5cd\" data-has-transparency=\"true\" style=\"--dominant-color: #d6d5cd;\" loading=\"lazy\" decoding=\"async\" class=\"ca-object-library_pics alignnone wp-image-1882 size-full has-transparency\" src=\"https:\/\/www.cadvilla.com\/wp-content\/uploads\/o_3d-bad.png\" alt=\"3D Bad Collection 1\" width=\"100\" height=\"117\" \/><\/a> <a href=\"https:\/\/www.cadvilla.com\/de\/z-objekte_foto_menschen\/\"><img data-dominant-color=\"c3bec2\" data-has-transparency=\"true\" style=\"--dominant-color: #c3bec2;\" loading=\"lazy\" decoding=\"async\" class=\"ca-object-library_pics alignnone wp-image-1892 size-full has-transparency\" src=\"https:\/\/www.cadvilla.com\/wp-content\/uploads\/o_3d-foto-menschen.png\" alt=\"3D Foto - Menschen\" width=\"100\" height=\"117\" \/><\/a><a href=\"https:\/\/www.cadvilla.com\/de\/z-objekte_foto_pflanzen\/\"><img data-dominant-color=\"d4d5ca\" data-has-transparency=\"true\" style=\"--dominant-color: #d4d5ca;\" loading=\"lazy\" decoding=\"async\" class=\"ca-object-library_pics alignnone wp-image-1897 size-full has-transparency\" src=\"https:\/\/www.cadvilla.com\/wp-content\/uploads\/o_3d-foto-pflanzen.png\" alt=\"3D Foto - Pflanzen\" width=\"100\" height=\"117\" \/><\/a><a href=\"https:\/\/www.cadvilla.com\/de\/z-objekte_foto_baeume\/\"><img data-dominant-color=\"a9aea9\" data-has-transparency=\"true\" style=\"--dominant-color: #a9aea9;\" loading=\"lazy\" decoding=\"async\" class=\"ca-object-library_pics alignnone wp-image-1887 size-full has-transparency\" src=\"https:\/\/www.cadvilla.com\/wp-content\/uploads\/o_3d-foto-baeume.png\" alt=\"3D Foto - B\u00e4ume\" width=\"100\" height=\"117\" \/><\/a> <a href=\"https:\/\/www.cadvilla.com\/de\/z-objekte_auto1\/\"><img data-dominant-color=\"cbcbcb\" data-has-transparency=\"true\" style=\"--dominant-color: #cbcbcb;\" loading=\"lazy\" decoding=\"async\" class=\"ca-object-library_pics alignnone wp-image-1877 size-full has-transparency\" src=\"https:\/\/www.cadvilla.com\/wp-content\/uploads\/o_3d-auto.png\" alt=\"3D Auto Collection 1\" width=\"100\" height=\"117\" \/><\/a><a href=\"https:\/\/www.cadvilla.com\/de\/z-objekte_goin\/\"><img data-dominant-color=\"dedcdb\" data-has-transparency=\"false\" style=\"--dominant-color: #dedcdb;\" loading=\"lazy\" decoding=\"async\" class=\"ca-object-library_pics alignnone wp-image-1922 size-full not-transparent\" src=\"https:\/\/www.cadvilla.com\/wp-content\/uploads\/o_3d-stuehle.png\" alt=\"3D St\u00fchle Gastro Outdoor\" width=\"100\" height=\"117\" \/><\/a><\/p>\n<\/div><\/div><\/div><\/div><div class=\"wpb_column vc_column_container us_custom_bcfad9e9\"><div class=\"vc_column-inner\"><div class=\"wpb_text_column\"><div class=\"wpb_wrapper\"><p class=\"ca-h5style\"><span class=\"ca-headertext-seitenleiste\">3D Modelle &amp; Bibliotheken<\/span><\/p>\n<\/div><\/div><div class=\"wpb_widgetised_column wpb_content_element\"><div class=\"wpb_wrapper\"><div id=\"nav_menu-2\" class=\"widget widget_nav_menu\"><div class=\"menu-3d-bibliotheken-container\"><ul id=\"menu-3d-bibliotheken\" class=\"menu\"><li id=\"menu-item-2089\" class=\"menu-item menu-item-type-post_type menu-item-object-page menu-item-2089\"><a href=\"https:\/\/www.cadvilla.com\/de\/z-objekte_auto1\/\"><i class=\"fas fa-plus\"><\/i> 3D Auto Collection 1<\/a><\/li>\n<li id=\"menu-item-2197\" class=\"menu-item menu-item-type-post_type menu-item-object-page menu-item-2197\"><a href=\"https:\/\/www.cadvilla.com\/de\/z-objekte_kueche1\/\"><i class=\"fas fa-plus\"><\/i> 3D K\u00fcchen Collection 1<\/a><\/li>\n<li id=\"menu-item-2196\" class=\"menu-item menu-item-type-post_type menu-item-object-page menu-item-2196\"><a href=\"https:\/\/www.cadvilla.com\/de\/z-objekte_kueche2\/\"><i class=\"fas fa-plus\"><\/i> 3D K\u00fcchen Collection 2<\/a><\/li>\n<li id=\"menu-item-2199\" class=\"menu-item menu-item-type-post_type menu-item-object-page menu-item-2199\"><a href=\"https:\/\/www.cadvilla.com\/de\/z-objekte_bad1\/\"><i class=\"fas fa-plus\"><\/i> 3D Bad Collection 1<\/a><\/li>\n<li id=\"menu-item-2117\" class=\"menu-item menu-item-type-post_type menu-item-object-page menu-item-2117\"><a href=\"https:\/\/www.cadvilla.com\/de\/z-objekte_3dplus1\/\"><i class=\"fas fa-plus\"><\/i> 3D +++ Collection 1<\/a><\/li>\n<li id=\"menu-item-2203\" class=\"menu-item menu-item-type-post_type menu-item-object-page menu-item-2203\"><a href=\"https:\/\/www.cadvilla.com\/de\/z-objekte_3dplus2\/\"><i class=\"fas fa-plus\"><\/i> 3D +++ Collection 2<\/a><\/li>\n<li id=\"menu-item-11482\" class=\"menu-item menu-item-type-post_type menu-item-object-page menu-item-11482\"><a href=\"https:\/\/www.cadvilla.com\/de\/z-objekte_3dplus3\/\"><i class=\"fas fa-plus\"><\/i> 3D +++ Collection 3<\/a><\/li>\n<li id=\"menu-item-2202\" class=\"menu-item menu-item-type-post_type menu-item-object-page menu-item-2202\"><a href=\"https:\/\/www.cadvilla.com\/de\/z-objekte_foto_menschen\/\"><i class=\"fas fa-plus\"><\/i> 3D Foto &#8211; Menschen<\/a><\/li>\n<li id=\"menu-item-2201\" class=\"menu-item menu-item-type-post_type menu-item-object-page menu-item-2201\"><a href=\"https:\/\/www.cadvilla.com\/de\/z-objekte_foto_pflanzen\/\"><i class=\"fas fa-plus\"><\/i> 3D Foto &#8211; Pflanzen<\/a><\/li>\n<li id=\"menu-item-2200\" class=\"menu-item menu-item-type-post_type menu-item-object-page menu-item-2200\"><a href=\"https:\/\/www.cadvilla.com\/de\/z-objekte_foto_baeume\/\"><i class=\"fas fa-plus\"><\/i> 3D Foto &#8211; B\u00e4ume<\/a><\/li>\n<li id=\"menu-item-2198\" class=\"menu-item menu-item-type-post_type menu-item-object-page menu-item-2198\"><a href=\"https:\/\/www.cadvilla.com\/de\/z-objekte_goin\/\"><i class=\"fas fa-plus\"><\/i> 3D St\u00fchle Gastro Outdoor<\/a><\/li>\n<\/ul><\/div><\/div><\/div><\/div><\/div><\/div><\/div><\/div><\/section>\n","protected":false},"excerpt":{"rendered":"Zus\u00e4tzliche 3D Objekte &#8211; Bibliotheken f\u00fcr cadvilla Hier finden Sie Objektsammlungen aus verschiedenen Bereichen. Die darin enthaltenen 3D Objekte sind erg\u00e4nzend zu den bereits in cadvilla enthaltenen Objekten und Texturen. Objektsammlungen mit zus\u00e4tzlichen Objekten f\u00fcr cadvilla Folgende zus\u00e4tzliche Objektbibliotheken stehen derzeit zur Verf\u00fcgung: 3D Modelle &amp; Bibliotheken 3D Auto Collection 1 3D K\u00fcchen Collection 1...","protected":false},"author":1,"featured_media":0,"parent":0,"menu_order":0,"comment_status":"closed","ping_status":"closed","template":"","meta":{"footnotes":""},"class_list":["post-1876","page","type-page","status-publish","hentry"],"yoast_head":"<!-- This site is optimized with the Yoast SEO plugin v27.4 - https:\/\/yoast.com\/product\/yoast-seo-wordpress\/ -->\n<title>cadvilla Objekte<\/title>\n<meta name=\"robots\" content=\"index, follow, max-snippet:-1, max-image-preview:large, max-video-preview:-1\" \/>\n<link rel=\"canonical\" href=\"https:\/\/www.cadvilla.com\/de\/z-objekte\/\" \/>\n<meta property=\"og:locale\" content=\"de_DE\" \/>\n<meta property=\"og:type\" content=\"article\" \/>\n<meta property=\"og:title\" content=\"cadvilla Objekte\" \/>\n<meta property=\"og:url\" content=\"https:\/\/www.cadvilla.com\/de\/z-objekte\/\" \/>\n<meta property=\"og:site_name\" content=\"cadvilla\" \/>\n<meta property=\"article:modified_time\" content=\"2024-03-04T13:07:05+00:00\" \/>\n<meta property=\"og:image\" content=\"https:\/\/www.cadvilla.com\/wp-content\/uploads\/o_3dppp.png\" \/>\n<meta name=\"twitter:card\" content=\"summary_large_image\" \/>\n<meta name=\"twitter:label1\" content=\"Gesch\u00e4tzte Lesezeit\" \/>\n\t<meta name=\"twitter:data1\" content=\"3\u00a0Minuten\" \/>\n<script type=\"application\/ld+json\" class=\"yoast-schema-graph\">{\"@context\":\"https:\\\/\\\/schema.org\",\"@graph\":[{\"@type\":\"WebPage\",\"@id\":\"https:\\\/\\\/www.cadvilla.com\\\/de\\\/z-objekte\\\/\",\"url\":\"https:\\\/\\\/www.cadvilla.com\\\/de\\\/z-objekte\\\/\",\"name\":\"cadvilla Objekte\",\"isPartOf\":{\"@id\":\"https:\\\/\\\/www.cadvilla.com\\\/de\\\/#website\"},\"primaryImageOfPage\":{\"@id\":\"https:\\\/\\\/www.cadvilla.com\\\/de\\\/z-objekte\\\/#primaryimage\"},\"image\":{\"@id\":\"https:\\\/\\\/www.cadvilla.com\\\/de\\\/z-objekte\\\/#primaryimage\"},\"thumbnailUrl\":\"https:\\\/\\\/www.cadvilla.com\\\/wp-content\\\/uploads\\\/o_3dppp.png\",\"datePublished\":\"2019-04-29T15:09:37+00:00\",\"dateModified\":\"2024-03-04T13:07:05+00:00\",\"breadcrumb\":{\"@id\":\"https:\\\/\\\/www.cadvilla.com\\\/de\\\/z-objekte\\\/#breadcrumb\"},\"inLanguage\":\"de\",\"potentialAction\":[{\"@type\":\"ReadAction\",\"target\":[\"https:\\\/\\\/www.cadvilla.com\\\/de\\\/z-objekte\\\/\"]}]},{\"@type\":\"ImageObject\",\"inLanguage\":\"de\",\"@id\":\"https:\\\/\\\/www.cadvilla.com\\\/de\\\/z-objekte\\\/#primaryimage\",\"url\":\"https:\\\/\\\/www.cadvilla.com\\\/wp-content\\\/uploads\\\/o_3dppp.png\",\"contentUrl\":\"https:\\\/\\\/www.cadvilla.com\\\/wp-content\\\/uploads\\\/o_3dppp.png\"},{\"@type\":\"BreadcrumbList\",\"@id\":\"https:\\\/\\\/www.cadvilla.com\\\/de\\\/z-objekte\\\/#breadcrumb\",\"itemListElement\":[{\"@type\":\"ListItem\",\"position\":1,\"name\":\"Startseite\",\"item\":\"https:\\\/\\\/www.cadvilla.com\\\/de\\\/\"},{\"@type\":\"ListItem\",\"position\":2,\"name\":\"3D Objekte und zus\u00e4tzliche Bibliotheken f\u00fcr cadvilla\"}]},{\"@type\":\"WebSite\",\"@id\":\"https:\\\/\\\/www.cadvilla.com\\\/de\\\/#website\",\"url\":\"https:\\\/\\\/www.cadvilla.com\\\/de\\\/\",\"name\":\"cadvilla\",\"description\":\"\",\"publisher\":{\"@id\":\"https:\\\/\\\/www.cadvilla.com\\\/de\\\/#organization\"},\"potentialAction\":[{\"@type\":\"SearchAction\",\"target\":{\"@type\":\"EntryPoint\",\"urlTemplate\":\"https:\\\/\\\/www.cadvilla.com\\\/de\\\/?s={search_term_string}\"},\"query-input\":{\"@type\":\"PropertyValueSpecification\",\"valueRequired\":true,\"valueName\":\"search_term_string\"}}],\"inLanguage\":\"de\"},{\"@type\":\"Organization\",\"@id\":\"https:\\\/\\\/www.cadvilla.com\\\/de\\\/#organization\",\"name\":\"cadvilla\",\"url\":\"https:\\\/\\\/www.cadvilla.com\\\/de\\\/\",\"logo\":{\"@type\":\"ImageObject\",\"inLanguage\":\"de\",\"@id\":\"https:\\\/\\\/www.cadvilla.com\\\/de\\\/#\\\/schema\\\/logo\\\/image\\\/\",\"url\":\"https:\\\/\\\/www.cadvilla.com\\\/wp-content\\\/uploads\\\/logo_cadvilla.png\",\"contentUrl\":\"https:\\\/\\\/www.cadvilla.com\\\/wp-content\\\/uploads\\\/logo_cadvilla.png\",\"width\":157,\"height\":51,\"caption\":\"cadvilla\"},\"image\":{\"@id\":\"https:\\\/\\\/www.cadvilla.com\\\/de\\\/#\\\/schema\\\/logo\\\/image\\\/\"}}]}<\/script>\n<!-- \/ Yoast SEO plugin. -->","yoast_head_json":{"title":"cadvilla Objekte","robots":{"index":"index","follow":"follow","max-snippet":"max-snippet:-1","max-image-preview":"max-image-preview:large","max-video-preview":"max-video-preview:-1"},"canonical":"https:\/\/www.cadvilla.com\/de\/z-objekte\/","og_locale":"de_DE","og_type":"article","og_title":"cadvilla Objekte","og_url":"https:\/\/www.cadvilla.com\/de\/z-objekte\/","og_site_name":"cadvilla","article_modified_time":"2024-03-04T13:07:05+00:00","og_image":[{"url":"https:\/\/www.cadvilla.com\/wp-content\/uploads\/o_3dppp.png","type":"","width":"","height":""}],"twitter_card":"summary_large_image","twitter_misc":{"Gesch\u00e4tzte Lesezeit":"3\u00a0Minuten"},"schema":{"@context":"https:\/\/schema.org","@graph":[{"@type":"WebPage","@id":"https:\/\/www.cadvilla.com\/de\/z-objekte\/","url":"https:\/\/www.cadvilla.com\/de\/z-objekte\/","name":"cadvilla Objekte","isPartOf":{"@id":"https:\/\/www.cadvilla.com\/de\/#website"},"primaryImageOfPage":{"@id":"https:\/\/www.cadvilla.com\/de\/z-objekte\/#primaryimage"},"image":{"@id":"https:\/\/www.cadvilla.com\/de\/z-objekte\/#primaryimage"},"thumbnailUrl":"https:\/\/www.cadvilla.com\/wp-content\/uploads\/o_3dppp.png","datePublished":"2019-04-29T15:09:37+00:00","dateModified":"2024-03-04T13:07:05+00:00","breadcrumb":{"@id":"https:\/\/www.cadvilla.com\/de\/z-objekte\/#breadcrumb"},"inLanguage":"de","potentialAction":[{"@type":"ReadAction","target":["https:\/\/www.cadvilla.com\/de\/z-objekte\/"]}]},{"@type":"ImageObject","inLanguage":"de","@id":"https:\/\/www.cadvilla.com\/de\/z-objekte\/#primaryimage","url":"https:\/\/www.cadvilla.com\/wp-content\/uploads\/o_3dppp.png","contentUrl":"https:\/\/www.cadvilla.com\/wp-content\/uploads\/o_3dppp.png"},{"@type":"BreadcrumbList","@id":"https:\/\/www.cadvilla.com\/de\/z-objekte\/#breadcrumb","itemListElement":[{"@type":"ListItem","position":1,"name":"Startseite","item":"https:\/\/www.cadvilla.com\/de\/"},{"@type":"ListItem","position":2,"name":"3D Objekte und zus\u00e4tzliche Bibliotheken f\u00fcr cadvilla"}]},{"@type":"WebSite","@id":"https:\/\/www.cadvilla.com\/de\/#website","url":"https:\/\/www.cadvilla.com\/de\/","name":"cadvilla","description":"","publisher":{"@id":"https:\/\/www.cadvilla.com\/de\/#organization"},"potentialAction":[{"@type":"SearchAction","target":{"@type":"EntryPoint","urlTemplate":"https:\/\/www.cadvilla.com\/de\/?s={search_term_string}"},"query-input":{"@type":"PropertyValueSpecification","valueRequired":true,"valueName":"search_term_string"}}],"inLanguage":"de"},{"@type":"Organization","@id":"https:\/\/www.cadvilla.com\/de\/#organization","name":"cadvilla","url":"https:\/\/www.cadvilla.com\/de\/","logo":{"@type":"ImageObject","inLanguage":"de","@id":"https:\/\/www.cadvilla.com\/de\/#\/schema\/logo\/image\/","url":"https:\/\/www.cadvilla.com\/wp-content\/uploads\/logo_cadvilla.png","contentUrl":"https:\/\/www.cadvilla.com\/wp-content\/uploads\/logo_cadvilla.png","width":157,"height":51,"caption":"cadvilla"},"image":{"@id":"https:\/\/www.cadvilla.com\/de\/#\/schema\/logo\/image\/"}}]}},"_links":{"self":[{"href":"https:\/\/www.cadvilla.com\/de\/wp-json\/wp\/v2\/pages\/1876","targetHints":{"allow":["GET"]}}],"collection":[{"href":"https:\/\/www.cadvilla.com\/de\/wp-json\/wp\/v2\/pages"}],"about":[{"href":"https:\/\/www.cadvilla.com\/de\/wp-json\/wp\/v2\/types\/page"}],"author":[{"embeddable":true,"href":"https:\/\/www.cadvilla.com\/de\/wp-json\/wp\/v2\/users\/1"}],"replies":[{"embeddable":true,"href":"https:\/\/www.cadvilla.com\/de\/wp-json\/wp\/v2\/comments?post=1876"}],"version-history":[{"count":0,"href":"https:\/\/www.cadvilla.com\/de\/wp-json\/wp\/v2\/pages\/1876\/revisions"}],"wp:attachment":[{"href":"https:\/\/www.cadvilla.com\/de\/wp-json\/wp\/v2\/media?parent=1876"}],"curies":[{"name":"wp","href":"https:\/\/api.w.org\/{rel}","templated":true}]}}