{"id":2562,"date":"2019-05-16T11:59:14","date_gmt":"2019-05-16T09:59:14","guid":{"rendered":"https:\/\/www.cadvilla.pl\/?page_id=2562"},"modified":"2023-10-19T17:29:33","modified_gmt":"2023-10-19T15:29:33","slug":"z-konverter","status":"publish","type":"page","link":"https:\/\/www.cadvilla.com\/de\/z-konverter\/","title":{"rendered":"3D Konverter &#8211; Zusatzmodul f\u00fcr cadvilla"},"content":{"rendered":"<section class=\"l-section wpb_row ca-headerbackground0 height_auto\"><div class=\"l-section-h i-cf\"><div class=\"g-cols vc_row via_grid cols_1 laptops-cols_inherit tablets-cols_inherit mobiles-cols_1 valign_bottom type_default stacking_default\"><div class=\"wpb_column vc_column_container\"><div class=\"vc_column-inner\"><\/div><\/div><\/div><\/div><\/section><section class=\"l-section wpb_row height_auto\"><div class=\"l-section-h i-cf\"><div class=\"g-cols vc_row via_grid cols_1 laptops-cols_inherit tablets-cols_inherit mobiles-cols_1 valign_top type_default stacking_default\"><div class=\"wpb_column vc_column_container\"><div class=\"vc_column-inner\"><\/div><\/div><\/div><\/div><\/section><section class=\"l-section wpb_row ca-headerbg height_small\" id=\"begin\"><div class=\"l-section-h i-cf\"><div class=\"g-cols vc_row via_grid cols_1 laptops-cols_inherit tablets-cols_inherit mobiles-cols_1 valign_top type_default stacking_default\"><div class=\"wpb_column vc_column_container\"><div class=\"vc_column-inner\"><div class=\"wpb_text_column ca-heading1\"><div class=\"wpb_wrapper\"><h1>3D Konverter &#8211; Zusatzmodul f\u00fcr cadvilla<\/h1>\n<\/div><\/div><\/div><\/div><\/div><\/div><\/section><section class=\"l-section wpb_row height_medium\"><div class=\"l-section-h i-cf\"><div class=\"g-cols vc_row via_grid cols_3-1 laptops-cols_inherit tablets-cols_inherit mobiles-cols_1 valign_top type_default stacking_default\"><div class=\"wpb_column vc_column_container\"><div class=\"vc_column-inner\"><div class=\"g-cols wpb_row via_grid cols_1-2 laptops-cols_inherit tablets-cols_inherit mobiles-cols_1 valign_top type_default stacking_default\" style=\"--columns-gap:3rem;\"><div class=\"wpb_column vc_column_container\"><div class=\"vc_column-inner\"><div class=\"w-image align_center\"><div class=\"w-image-h\"><img decoding=\"async\" width=\"200\" height=\"200\" src=\"https:\/\/www.cadvilla.com\/wp-content\/uploads\/zusatzmodul_de.png\" class=\"attachment-full size-full has-transparency\" alt=\"Zusatzmodul\" loading=\"lazy\" data-has-transparency=\"true\" data-dominant-color=\"7a7772\" style=\"--dominant-color: #7a7772;\" \/><\/div><\/div><div class=\"wpb_text_column ca-product-small_info\"><div class=\"wpb_wrapper\"><p>Aktivierung \u00fcber Freischaltung<\/p>\n<\/div><\/div><\/div><\/div><div class=\"wpb_column vc_column_container\"><div class=\"vc_column-inner\"><div class=\"wpb_text_column\"><div class=\"wpb_wrapper\"><h2><strong>3D Konverter &#8211; Zusatzmodul<br \/>\n<\/strong><\/h2>\n<h4><strong><span style=\"color: #ff9900;\">69,90 \u20ac *<br \/>\n<\/span><\/strong><\/h4>\n<p><span style=\"color: #999999;\">(Der empfohlene Listenpreis betr\u00e4gt 69,90 \u20ac )<\/span><\/p>\n<p>\u2013 alle Preisangaben sind inkl. der gesetzlich vorgeschriebenen MwSt.<\/p>\n<\/div><\/div><div class=\"w-btn-wrapper align_left\"><a class=\"w-btn us-btn-style_2 us_custom_2d9ebfef icon_atleft\" rel=\"nofollow\" href=\"https:\/\/www.cleverbridge.com\/1106\/?scope=checkout&amp;cart=221257&amp;languages=de&amp;cookie=true&amp;cfg=design_2018&amp;recommendation=addbackup\"><i class=\"fas fa-download\"><\/i><span class=\"w-btn-label\">Zusatzmodul KAUFEN<\/span><\/a><\/div><div class=\"w-separator size_medium\"><\/div><\/div><\/div><\/div><div class=\"g-cols wpb_row via_grid cols_1 laptops-cols_inherit tablets-cols_inherit mobiles-cols_1 valign_top type_default stacking_default\" style=\"--columns-gap:3rem;\"><div class=\"wpb_column vc_column_container\"><div class=\"vc_column-inner\"><div class=\"wpb_text_column\"><div class=\"wpb_wrapper\"><h2>Ein leistungsf\u00e4higes Zusatztool zum Konvertieren von Objekten<\/h2>\n<\/div><\/div><div class=\"wpb_text_column\"><div class=\"wpb_wrapper\"><p>Der 3D Konverter dient im Wesentlichen dazu, 3D Modelle aus anderen Software Produkten zu verwenden. Dar\u00fcber hinaus k\u00f6nnen auch die existierenden Modelle geladen, bearbeitet und in anderen Formaten gespeichert werden.<\/p>\n<p>Er richtet sich also an alle Anwender, die \u00fcber Modelle verf\u00fcgen, sich welche erstellen oder beschaffen k\u00f6nnen und jene, die die Software als Erg\u00e4nzung f\u00fcr ihre eigentlichen Aufgaben mit anderen 3D Visualisierungs-Anwendungen nutzen m\u00f6chten.<\/p>\n<p>Die derzeit unterst\u00fctzten Formate des 3D-Konverters sind:<\/p>\n<ul>\n<li>cadvilla Objektdatei<\/li>\n<li>3DS Objektdatei (*.3ds)<\/li>\n<li>Collada (*.dae)<\/li>\n<li>SketchUp (*.skp)<\/li>\n<li>Autodesk FBX (*.fbx)<\/li>\n<li>Caligari trueSpace Objektdatei (*.cob, *.scn)<\/li>\n<li>3D-DXF Objektdatei (*.dxf)<\/li>\n<li>Amapi Objektdatei (*.a3d)<\/li>\n<li>Stereolithography (*.stl)<\/li>\n<li>VRML 1.0\/2.0 (*.wrl, *.wrl97, *.vrml)<\/li>\n<li>Lightwave Objektdatei (*.lw, *.lwo, *.lwm, *.lwb)<\/li>\n<li>Wavefront Objektdatei (*.obj)<\/li>\n<\/ul>\n<\/div><\/div><div class=\"wpb_text_column\"><div class=\"wpb_wrapper\"><h3>Dieses Modul ist in folgenden cadvilla-Versionen bereits inkludiert<\/h3>\n<\/div><\/div><div class=\"w-tabs us_custom_89477bc8 style_default switch_click accordion type_togglable has_scrolling\" style=\"--sections-title-size:18px\"><div class=\"w-tabs-sections titles-align_none icon_chevron cpos_right\"><div class=\"w-tabs-section vergleich_header has_text_color\" id=\"qe74\" style=\"color:rgba(31,31,31,0.01);\"><button class=\"w-tabs-section-header with_icon\" aria-controls=\"content-qe74\" aria-expanded=\"false\"><i class=\"fas fa-table\"><\/i><div class=\"w-tabs-section-title\">Tab 1<\/div><div class=\"w-tabs-section-control\"><\/div><\/button><div  class=\"w-tabs-section-content\" id=\"content-qe74\"><div class=\"w-tabs-section-content-h i-cf\"><div class=\"wpb_text_column\"><div class=\"wpb_wrapper\"><\/div><\/div><\/div><\/div><\/div><div class=\"w-tabs-section vergleich_xx_xxx_cp_cpp\" id=\"m00a\"><button class=\"w-tabs-section-header\" aria-controls=\"content-m00a\" aria-expanded=\"false\"><div class=\"w-tabs-section-title\">3D Konverter<\/div><div class=\"w-tabs-section-control\"><\/div><\/button><div  class=\"w-tabs-section-content\" id=\"content-m00a\"><div class=\"w-tabs-section-content-h i-cf\"><div class=\"wpb_text_column\"><div class=\"wpb_wrapper\"><\/div><\/div><\/div><\/div><\/div><\/div><\/div><div class=\"wpb_text_column us_custom_7f9c76c8\"><div class=\"wpb_wrapper\"><p><strong>Legende<\/strong> zu nachstehender Tabelle:<\/p>\n<p><img data-dominant-color=\"7eb74d\" data-has-transparency=\"true\" style=\"--dominant-color: #7eb74d;\" loading=\"lazy\" decoding=\"async\" class=\"alignnone size-full wp-image-352 has-transparency\" src=\"https:\/\/www.cadvilla.com\/wp-content\/uploads\/check.png\" alt=\"\" width=\"22\" height=\"22\" \/> ,<img data-dominant-color=\"7fb84d\" data-has-transparency=\"true\" style=\"--dominant-color: #7fb84d;\" loading=\"lazy\" decoding=\"async\" class=\"alignnone size-full wp-image-337 has-transparency\" src=\"https:\/\/www.cadvilla.com\/wp-content\/uploads\/check-sm.png\" alt=\"\" width=\"22\" height=\"22\" \/> &#8211; Funktion ist in der Version enthalten<br \/>\n<img data-dominant-color=\"eeeeee\" data-has-transparency=\"true\" style=\"--dominant-color: #eeeeee;\" loading=\"lazy\" decoding=\"async\" class=\"alignnone size-medium wp-image-347 has-transparency\" src=\"https:\/\/www.cadvilla.com\/wp-content\/uploads\/uncheck.png\" alt=\"\" width=\"22\" height=\"22\" \/> ,<img data-dominant-color=\"eeeeee\" data-has-transparency=\"true\" style=\"--dominant-color: #eeeeee;\" loading=\"lazy\" decoding=\"async\" class=\"alignnone size-medium wp-image-342 has-transparency\" src=\"https:\/\/www.cadvilla.com\/wp-content\/uploads\/uncheck-sm.png\" alt=\"\" width=\"22\" height=\"22\" \/> &#8211; Funktion ist in der Version nicht enthalten<\/p>\n<\/div><\/div><\/div><\/div><\/div><div class=\"w-separator size_large\"><\/div><div class=\"g-cols wpb_row us_custom_79981fe8 via_grid cols_1 laptops-cols_inherit tablets-cols_inherit mobiles-cols_1 valign_top type_default stacking_default\" style=\"--columns-gap:3rem;\"><div class=\"wpb_column vc_column_container\"><div class=\"vc_column-inner\"><div class=\"wpb_text_column\"><div class=\"wpb_wrapper\"><h2>Leistungsumfang des Zusatzmoduls 3D Konverter<\/h2>\n<\/div><\/div><div class=\"w-tabs us_custom_89477bc8 style_default switch_click accordion type_togglable has_scrolling\" style=\"--sections-title-size:18px\"><div class=\"w-tabs-sections titles-align_none icon_chevron cpos_right\"><div class=\"w-tabs-section active\" id=\"h88f\"><button class=\"w-tabs-section-header active with_icon\" aria-controls=\"content-h88f\" aria-expanded=\"true\"><i class=\"fas fa-plus\"><\/i><div class=\"w-tabs-section-title\">3D &#8211; Objekte importieren und bearbeiten<\/div><div class=\"w-tabs-section-control\"><\/div><\/button><div  class=\"w-tabs-section-content\" id=\"content-h88f\"><div class=\"w-tabs-section-content-h i-cf\"><div class=\"wpb_text_column\"><div class=\"wpb_wrapper\"><p><img data-dominant-color=\"bab6b5\" data-has-transparency=\"false\" style=\"--dominant-color: #bab6b5;\" loading=\"lazy\" decoding=\"async\" class=\"alignright wp-image-2767 size-full not-transparent\" src=\"https:\/\/www.cadvilla.com\/wp-content\/uploads\/3d-konverter_gesamt.png\" alt=\"3D Konverter\" width=\"300\" height=\"181\" \/>Mithilfe des 3D Konverters k\u00f6nnen Sie 3D Objekte aus verschiedenen Formaten konvertieren und f\u00fcr die Verwendung im Katalog aber auch in anderen Plugins aufbereiten. Der Konverter beinhaltet verschiedene Funktionen zum Bearbeiten der Modelle, die aber teilweise abh\u00e4ngig vom Ausgangsformat sind.<\/p>\n<p>Die prinzipiell verf\u00fcgbaren Funktionen sind u.a.:<\/p>\n<ul>\n<li>Subobjekte sichtbar oder unsichtbar schalten<\/li>\n<li>Materialeigenschaften bearbeiten<\/li>\n<li>Texturen \u00e4ndern und Texturkoordinaten bearbeiten<\/li>\n<li>Lichtquellen hinzuf\u00fcgen oder bearbeiten<\/li>\n<li>Objekte skalieren<\/li>\n<li>PDF Dateien direkt im Objekt speichern und Internetlinks hinzuf\u00fcgen<\/li>\n<\/ul>\n<\/div><\/div><\/div><\/div><\/div><div class=\"w-tabs-section active\" id=\"yaed\"><button class=\"w-tabs-section-header active with_icon\" aria-controls=\"content-yaed\" aria-expanded=\"true\"><i class=\"fas fa-plus\"><\/i><div class=\"w-tabs-section-title\">Eigene Lichtquellen f\u00fcr beliebige Objekte erzeugen<\/div><div class=\"w-tabs-section-control\"><\/div><\/button><div  class=\"w-tabs-section-content\" id=\"content-yaed\"><div class=\"w-tabs-section-content-h i-cf\"><div class=\"wpb_text_column\"><div class=\"wpb_wrapper\"><p>Diese Funktion ist \u00e4u\u00dferst hilfreich um bestehende und neue Objekte mit Lichtquellen zu versehen.<\/p>\n<p>Es wird unterschieden zwischen:<\/p>\n<ul>\n<li>ambiente Lichtquelle hinzuf\u00fcgen<\/li>\n<li>gerichtete Lichtquelle hinzuf\u00fcgen<\/li>\n<li>Spotlicht hinzuf\u00fcgen<\/li>\n<li>Punktlicht hinzuf\u00fcgen<\/li>\n<\/ul>\n<p>Ambiente Lichtquellen beleuchten alle Fl\u00e4chen in der Szene gleichm\u00e4\u00dfig und erh\u00f6hen somit die Helligkeit. Sie erzeugen jedoch keine Schatten.<\/p>\n<p>Gerichtete Lichtquellen beleuchten die Szene aus einer Richtung und sind &#8218;intern&#8216; eigentlich unendlich weit von der Position des Betrachters \/ des Geb\u00e4udes entfernt. Die Sonne w\u00e4re ein Beispiel f\u00fcr eine gerichtete Lichtquelle.<\/p>\n<p>Punktlichter haben eine definierte Position am Objekt und entsprechen so am ehesten richtigen Leuchten im eigentlichen Einrichtungssinn. Das Licht wirkt in alle Richtungen um die Lichtquelle.<\/p>\n<p>Spotlichter haben ebenso wie Punktlichter eine Position zum Objekt und entsprechen so ebenfalls einer richtigen Leuchte, allerdings wirkt das Licht nicht wie bei einer Punktlichtquelle in alle Richtungen, sondern in einem Kegel, der eine Richtung, eine Neigung und einen \u00d6ffnungswinkel hat.<\/p>\n<\/div><\/div><\/div><\/div><\/div><div class=\"w-tabs-section active\" id=\"ocd3\"><button class=\"w-tabs-section-header active with_icon\" aria-controls=\"content-ocd3\" aria-expanded=\"true\"><i class=\"fas fa-plus\"><\/i><div class=\"w-tabs-section-title\">Varianten aus Subobjekten erzeugen<\/div><div class=\"w-tabs-section-control\"><\/div><\/button><div  class=\"w-tabs-section-content\" id=\"content-ocd3\"><div class=\"w-tabs-section-content-h i-cf\"><div class=\"wpb_text_column\"><div class=\"wpb_wrapper\"><p>3D Objekte k\u00f6nnen aus mehreren Subobjekten bestehen, die jeweils eine Einheit bilden. So k\u00f6nnte z.B. ein K\u00fcchenblock aus einem Block, einer Lade und einem dazugeh\u00f6rigen Ladengriff bestehen.<\/p>\n<p>Durch Wegschalten des Ladengriffs und unsichtbar schalten der Lade kann ein neues Objekt erstellt und gespeichert werden. Weiters k\u00f6nnte auch der bestehende Ladengriff deaktiviert und durch einen andersartigen ersetzt werden.<\/p>\n<p>Somit sind die M\u00f6glichkeiten zum Erstellen neuer Objekte fast grenzenlos.<\/p>\n<\/div><\/div><\/div><\/div><\/div><\/div><\/div><\/div><\/div><\/div><\/div><\/div><div class=\"wpb_column vc_column_container us_custom_bcfad9e9 type_sticky\"><div class=\"vc_column-inner\"><div class=\"wpb_text_column\"><div class=\"wpb_wrapper\"><h5><span class=\"ca-headertext-seitenleiste\">Weitere Zusatzmodule<\/span><\/h5>\n<\/div><\/div><div class=\"wpb_widgetised_column wpb_content_element\"><div class=\"wpb_wrapper\"><div id=\"nav_menu-7\" class=\"widget widget_nav_menu\"><div class=\"menu-zusatzmodule-container\"><ul id=\"menu-zusatzmodule\" class=\"menu\"><li id=\"menu-item-2683\" class=\"menu-item menu-item-type-post_type menu-item-object-page menu-item-2683\"><a href=\"https:\/\/www.cadvilla.com\/de\/z-raumbuch\/\"><i class=\"fas fa-plus\"><\/i> Raumbuch<\/a><\/li>\n<li id=\"menu-item-2682\" class=\"menu-item menu-item-type-post_type menu-item-object-page menu-item-2682\"><a href=\"https:\/\/www.cadvilla.com\/de\/z-konverter\/\"><i class=\"fas fa-plus\"><\/i> 3D Konverter<\/a><\/li>\n<li id=\"menu-item-2681\" class=\"menu-item menu-item-type-post_type menu-item-object-page menu-item-2681\"><a href=\"https:\/\/www.cadvilla.com\/de\/z-planzusammenstellung\/\"><i class=\"fas fa-plus\"><\/i> Planzusammenstellung<\/a><\/li>\n<li id=\"menu-item-2680\" class=\"menu-item menu-item-type-post_type menu-item-object-page menu-item-2680\"><a href=\"https:\/\/www.cadvilla.com\/de\/z-dxf_dwg_import\/\"><i class=\"fas fa-plus\"><\/i> 2D-DXF\/DWG Import<\/a><\/li>\n<li id=\"menu-item-2679\" class=\"menu-item menu-item-type-post_type menu-item-object-page menu-item-2679\"><a href=\"https:\/\/www.cadvilla.com\/de\/z-dxf_dwg_export\/\"><i class=\"fas fa-plus\"><\/i> 2D-DXF\/DWG Export<\/a><\/li>\n<li id=\"menu-item-2678\" class=\"menu-item menu-item-type-post_type menu-item-object-page menu-item-2678\"><a href=\"https:\/\/www.cadvilla.com\/de\/z-diverse\/\"><i class=\"fas fa-plus\"><\/i> Fensterkonstruktion<\/a><\/li>\n<li id=\"menu-item-2676\" class=\"menu-item menu-item-type-post_type menu-item-object-page menu-item-2676\"><a href=\"https:\/\/www.cadvilla.com\/de\/z-cinema4d_export\/\"><i class=\"fas fa-plus\"><\/i> CINEMA 4D Export<\/a><\/li>\n<li id=\"menu-item-2677\" class=\"menu-item menu-item-type-post_type menu-item-object-page menu-item-2677\"><a href=\"https:\/\/www.cadvilla.com\/de\/z-flucht-und_rettungswege_planer\/\"><i class=\"fas fa-plus\"><\/i> Flucht- und Rettungswege<\/a><\/li>\n<li id=\"menu-item-2675\" class=\"menu-item menu-item-type-post_type menu-item-object-page menu-item-2675\"><a href=\"https:\/\/www.cadvilla.com\/de\/z-ifc_export\/\"><i class=\"fas fa-plus\"><\/i> IFC Export \/ BIM Export<\/a><\/li>\n<\/ul><\/div><\/div><\/div><\/div><\/div><\/div><\/div><\/div><\/section>\n","protected":false},"excerpt":{"rendered":"3D Konverter &#8211; Zusatzmodul f\u00fcr cadvilla Aktivierung \u00fcber Freischaltung 3D Konverter &#8211; Zusatzmodul 69,90 \u20ac * (Der empfohlene Listenpreis betr\u00e4gt 69,90 \u20ac ) \u2013 alle Preisangaben sind inkl. der gesetzlich vorgeschriebenen MwSt. Zusatzmodul KAUFENEin leistungsf\u00e4higes Zusatztool zum Konvertieren von Objekten Der 3D Konverter dient im Wesentlichen dazu, 3D Modelle aus anderen Software Produkten zu verwenden....","protected":false},"author":1,"featured_media":0,"parent":0,"menu_order":0,"comment_status":"closed","ping_status":"closed","template":"","meta":{"footnotes":""},"class_list":["post-2562","page","type-page","status-publish","hentry"],"yoast_head":"<!-- This site is optimized with the Yoast SEO plugin v27.4 - https:\/\/yoast.com\/product\/yoast-seo-wordpress\/ -->\n<title>3D Konverter<\/title>\n<meta name=\"description\" content=\"Importieren Sie mit dem cadvilla Zusatzmodul 3D Objekte in Fremdformaten direkt in Ihr Projekt und exportieren Projekte oder Teile daraus in andere 3D Formate\" \/>\n<meta name=\"robots\" content=\"index, follow, max-snippet:-1, max-image-preview:large, max-video-preview:-1\" \/>\n<link rel=\"canonical\" href=\"https:\/\/www.cadvilla.com\/de\/z-konverter\/\" \/>\n<meta property=\"og:locale\" content=\"de_DE\" \/>\n<meta property=\"og:type\" content=\"article\" \/>\n<meta property=\"og:title\" content=\"3D Konverter\" \/>\n<meta property=\"og:description\" content=\"Importieren Sie mit dem cadvilla Zusatzmodul 3D Objekte in Fremdformaten direkt in Ihr Projekt und exportieren Projekte oder Teile daraus in andere 3D Formate\" \/>\n<meta property=\"og:url\" content=\"https:\/\/www.cadvilla.com\/de\/z-konverter\/\" \/>\n<meta property=\"og:site_name\" content=\"cadvilla\" \/>\n<meta property=\"article:modified_time\" content=\"2023-10-19T15:29:33+00:00\" \/>\n<meta property=\"og:image\" content=\"https:\/\/www.cadvilla.com\/wp-content\/uploads\/check.png\" \/>\n<meta name=\"twitter:card\" content=\"summary_large_image\" \/>\n<meta name=\"twitter:label1\" content=\"Gesch\u00e4tzte Lesezeit\" \/>\n\t<meta name=\"twitter:data1\" content=\"4\u00a0Minuten\" \/>\n<script type=\"application\/ld+json\" class=\"yoast-schema-graph\">{\"@context\":\"https:\\\/\\\/schema.org\",\"@graph\":[{\"@type\":\"WebPage\",\"@id\":\"https:\\\/\\\/www.cadvilla.com\\\/de\\\/z-konverter\\\/\",\"url\":\"https:\\\/\\\/www.cadvilla.com\\\/de\\\/z-konverter\\\/\",\"name\":\"3D Konverter\",\"isPartOf\":{\"@id\":\"https:\\\/\\\/www.cadvilla.com\\\/de\\\/#website\"},\"primaryImageOfPage\":{\"@id\":\"https:\\\/\\\/www.cadvilla.com\\\/de\\\/z-konverter\\\/#primaryimage\"},\"image\":{\"@id\":\"https:\\\/\\\/www.cadvilla.com\\\/de\\\/z-konverter\\\/#primaryimage\"},\"thumbnailUrl\":\"https:\\\/\\\/www.cadvilla.com\\\/wp-content\\\/uploads\\\/check.png\",\"datePublished\":\"2019-05-16T09:59:14+00:00\",\"dateModified\":\"2023-10-19T15:29:33+00:00\",\"description\":\"Importieren Sie mit dem cadvilla Zusatzmodul 3D Objekte in Fremdformaten direkt in Ihr Projekt und exportieren Projekte oder Teile daraus in andere 3D Formate\",\"breadcrumb\":{\"@id\":\"https:\\\/\\\/www.cadvilla.com\\\/de\\\/z-konverter\\\/#breadcrumb\"},\"inLanguage\":\"de\",\"potentialAction\":[{\"@type\":\"ReadAction\",\"target\":[\"https:\\\/\\\/www.cadvilla.com\\\/de\\\/z-konverter\\\/\"]}]},{\"@type\":\"ImageObject\",\"inLanguage\":\"de\",\"@id\":\"https:\\\/\\\/www.cadvilla.com\\\/de\\\/z-konverter\\\/#primaryimage\",\"url\":\"https:\\\/\\\/www.cadvilla.com\\\/wp-content\\\/uploads\\\/check.png\",\"contentUrl\":\"https:\\\/\\\/www.cadvilla.com\\\/wp-content\\\/uploads\\\/check.png\"},{\"@type\":\"BreadcrumbList\",\"@id\":\"https:\\\/\\\/www.cadvilla.com\\\/de\\\/z-konverter\\\/#breadcrumb\",\"itemListElement\":[{\"@type\":\"ListItem\",\"position\":1,\"name\":\"Startseite\",\"item\":\"https:\\\/\\\/www.cadvilla.com\\\/de\\\/\"},{\"@type\":\"ListItem\",\"position\":2,\"name\":\"3D Konverter &#8211; Zusatzmodul f\u00fcr cadvilla\"}]},{\"@type\":\"WebSite\",\"@id\":\"https:\\\/\\\/www.cadvilla.com\\\/de\\\/#website\",\"url\":\"https:\\\/\\\/www.cadvilla.com\\\/de\\\/\",\"name\":\"cadvilla\",\"description\":\"\",\"publisher\":{\"@id\":\"https:\\\/\\\/www.cadvilla.com\\\/de\\\/#organization\"},\"potentialAction\":[{\"@type\":\"SearchAction\",\"target\":{\"@type\":\"EntryPoint\",\"urlTemplate\":\"https:\\\/\\\/www.cadvilla.com\\\/de\\\/?s={search_term_string}\"},\"query-input\":{\"@type\":\"PropertyValueSpecification\",\"valueRequired\":true,\"valueName\":\"search_term_string\"}}],\"inLanguage\":\"de\"},{\"@type\":\"Organization\",\"@id\":\"https:\\\/\\\/www.cadvilla.com\\\/de\\\/#organization\",\"name\":\"cadvilla\",\"url\":\"https:\\\/\\\/www.cadvilla.com\\\/de\\\/\",\"logo\":{\"@type\":\"ImageObject\",\"inLanguage\":\"de\",\"@id\":\"https:\\\/\\\/www.cadvilla.com\\\/de\\\/#\\\/schema\\\/logo\\\/image\\\/\",\"url\":\"https:\\\/\\\/www.cadvilla.com\\\/wp-content\\\/uploads\\\/logo_cadvilla.png\",\"contentUrl\":\"https:\\\/\\\/www.cadvilla.com\\\/wp-content\\\/uploads\\\/logo_cadvilla.png\",\"width\":157,\"height\":51,\"caption\":\"cadvilla\"},\"image\":{\"@id\":\"https:\\\/\\\/www.cadvilla.com\\\/de\\\/#\\\/schema\\\/logo\\\/image\\\/\"}}]}<\/script>\n<!-- \/ Yoast SEO plugin. -->","yoast_head_json":{"title":"3D Konverter","description":"Importieren Sie mit dem cadvilla Zusatzmodul 3D Objekte in Fremdformaten direkt in Ihr Projekt und exportieren Projekte oder Teile daraus in andere 3D Formate","robots":{"index":"index","follow":"follow","max-snippet":"max-snippet:-1","max-image-preview":"max-image-preview:large","max-video-preview":"max-video-preview:-1"},"canonical":"https:\/\/www.cadvilla.com\/de\/z-konverter\/","og_locale":"de_DE","og_type":"article","og_title":"3D Konverter","og_description":"Importieren Sie mit dem cadvilla Zusatzmodul 3D Objekte in Fremdformaten direkt in Ihr Projekt und exportieren Projekte oder Teile daraus in andere 3D Formate","og_url":"https:\/\/www.cadvilla.com\/de\/z-konverter\/","og_site_name":"cadvilla","article_modified_time":"2023-10-19T15:29:33+00:00","og_image":[{"url":"https:\/\/www.cadvilla.com\/wp-content\/uploads\/check.png","type":"","width":"","height":""}],"twitter_card":"summary_large_image","twitter_misc":{"Gesch\u00e4tzte Lesezeit":"4\u00a0Minuten"},"schema":{"@context":"https:\/\/schema.org","@graph":[{"@type":"WebPage","@id":"https:\/\/www.cadvilla.com\/de\/z-konverter\/","url":"https:\/\/www.cadvilla.com\/de\/z-konverter\/","name":"3D Konverter","isPartOf":{"@id":"https:\/\/www.cadvilla.com\/de\/#website"},"primaryImageOfPage":{"@id":"https:\/\/www.cadvilla.com\/de\/z-konverter\/#primaryimage"},"image":{"@id":"https:\/\/www.cadvilla.com\/de\/z-konverter\/#primaryimage"},"thumbnailUrl":"https:\/\/www.cadvilla.com\/wp-content\/uploads\/check.png","datePublished":"2019-05-16T09:59:14+00:00","dateModified":"2023-10-19T15:29:33+00:00","description":"Importieren Sie mit dem cadvilla Zusatzmodul 3D Objekte in Fremdformaten direkt in Ihr Projekt und exportieren Projekte oder Teile daraus in andere 3D Formate","breadcrumb":{"@id":"https:\/\/www.cadvilla.com\/de\/z-konverter\/#breadcrumb"},"inLanguage":"de","potentialAction":[{"@type":"ReadAction","target":["https:\/\/www.cadvilla.com\/de\/z-konverter\/"]}]},{"@type":"ImageObject","inLanguage":"de","@id":"https:\/\/www.cadvilla.com\/de\/z-konverter\/#primaryimage","url":"https:\/\/www.cadvilla.com\/wp-content\/uploads\/check.png","contentUrl":"https:\/\/www.cadvilla.com\/wp-content\/uploads\/check.png"},{"@type":"BreadcrumbList","@id":"https:\/\/www.cadvilla.com\/de\/z-konverter\/#breadcrumb","itemListElement":[{"@type":"ListItem","position":1,"name":"Startseite","item":"https:\/\/www.cadvilla.com\/de\/"},{"@type":"ListItem","position":2,"name":"3D Konverter &#8211; Zusatzmodul f\u00fcr cadvilla"}]},{"@type":"WebSite","@id":"https:\/\/www.cadvilla.com\/de\/#website","url":"https:\/\/www.cadvilla.com\/de\/","name":"cadvilla","description":"","publisher":{"@id":"https:\/\/www.cadvilla.com\/de\/#organization"},"potentialAction":[{"@type":"SearchAction","target":{"@type":"EntryPoint","urlTemplate":"https:\/\/www.cadvilla.com\/de\/?s={search_term_string}"},"query-input":{"@type":"PropertyValueSpecification","valueRequired":true,"valueName":"search_term_string"}}],"inLanguage":"de"},{"@type":"Organization","@id":"https:\/\/www.cadvilla.com\/de\/#organization","name":"cadvilla","url":"https:\/\/www.cadvilla.com\/de\/","logo":{"@type":"ImageObject","inLanguage":"de","@id":"https:\/\/www.cadvilla.com\/de\/#\/schema\/logo\/image\/","url":"https:\/\/www.cadvilla.com\/wp-content\/uploads\/logo_cadvilla.png","contentUrl":"https:\/\/www.cadvilla.com\/wp-content\/uploads\/logo_cadvilla.png","width":157,"height":51,"caption":"cadvilla"},"image":{"@id":"https:\/\/www.cadvilla.com\/de\/#\/schema\/logo\/image\/"}}]}},"_links":{"self":[{"href":"https:\/\/www.cadvilla.com\/de\/wp-json\/wp\/v2\/pages\/2562","targetHints":{"allow":["GET"]}}],"collection":[{"href":"https:\/\/www.cadvilla.com\/de\/wp-json\/wp\/v2\/pages"}],"about":[{"href":"https:\/\/www.cadvilla.com\/de\/wp-json\/wp\/v2\/types\/page"}],"author":[{"embeddable":true,"href":"https:\/\/www.cadvilla.com\/de\/wp-json\/wp\/v2\/users\/1"}],"replies":[{"embeddable":true,"href":"https:\/\/www.cadvilla.com\/de\/wp-json\/wp\/v2\/comments?post=2562"}],"version-history":[{"count":0,"href":"https:\/\/www.cadvilla.com\/de\/wp-json\/wp\/v2\/pages\/2562\/revisions"}],"wp:attachment":[{"href":"https:\/\/www.cadvilla.com\/de\/wp-json\/wp\/v2\/media?parent=2562"}],"curies":[{"name":"wp","href":"https:\/\/api.w.org\/{rel}","templated":true}]}}