{"id":2566,"date":"2019-05-16T12:12:55","date_gmt":"2019-05-16T10:12:55","guid":{"rendered":"https:\/\/www.cadvilla.pl\/?page_id=2566"},"modified":"2023-10-22T11:25:34","modified_gmt":"2023-10-22T09:25:34","slug":"z-planzusammenstellung","status":"publish","type":"page","link":"https:\/\/www.cadvilla.com\/de\/z-planzusammenstellung\/","title":{"rendered":"Planzusammenstellung"},"content":{"rendered":"<section class=\"l-section wpb_row ca-headerbackground0 height_auto\"><div class=\"l-section-h i-cf\"><div class=\"g-cols vc_row via_grid cols_1 laptops-cols_inherit tablets-cols_inherit mobiles-cols_1 valign_bottom type_default stacking_default\"><div class=\"wpb_column vc_column_container\"><div class=\"vc_column-inner\"><\/div><\/div><\/div><\/div><\/section><section class=\"l-section wpb_row height_auto\"><div class=\"l-section-h i-cf\"><div class=\"g-cols vc_row via_grid cols_1 laptops-cols_inherit tablets-cols_inherit mobiles-cols_1 valign_top type_default stacking_default\"><div class=\"wpb_column vc_column_container\"><div class=\"vc_column-inner\"><\/div><\/div><\/div><\/div><\/section><section class=\"l-section wpb_row ca-headerbg height_small\" id=\"begin\"><div class=\"l-section-h i-cf\"><div class=\"g-cols vc_row via_grid cols_1 laptops-cols_inherit tablets-cols_inherit mobiles-cols_1 valign_top type_default stacking_default\"><div class=\"wpb_column vc_column_container\"><div class=\"vc_column-inner\"><div class=\"wpb_text_column ca-heading1\"><div class=\"wpb_wrapper\"><h1>Planzusammenstellung<\/h1>\n<\/div><\/div><\/div><\/div><\/div><\/div><\/section><section class=\"l-section wpb_row height_medium\"><div class=\"l-section-h i-cf\"><div class=\"g-cols vc_row via_grid cols_3-1 laptops-cols_inherit tablets-cols_inherit mobiles-cols_1 valign_top type_default stacking_default\"><div class=\"wpb_column vc_column_container\"><div class=\"vc_column-inner\"><div class=\"g-cols wpb_row via_grid cols_1-2 laptops-cols_inherit tablets-cols_inherit mobiles-cols_1 valign_top type_default stacking_default\" style=\"--columns-gap:3rem;\"><div class=\"wpb_column vc_column_container\"><div class=\"vc_column-inner\"><div class=\"w-image align_center\"><div class=\"w-image-h\"><img decoding=\"async\" width=\"200\" height=\"200\" src=\"https:\/\/www.cadvilla.com\/wp-content\/uploads\/zusatzmodul_de.png\" class=\"attachment-full size-full has-transparency\" alt=\"Zusatzmodul\" loading=\"lazy\" data-has-transparency=\"true\" data-dominant-color=\"7a7772\" style=\"--dominant-color: #7a7772;\" \/><\/div><\/div><div class=\"wpb_text_column ca-product-small_info\"><div class=\"wpb_wrapper\"><p>Aktivierung \u00fcber Freischaltung<\/p>\n<\/div><\/div><\/div><\/div><div class=\"wpb_column vc_column_container\"><div class=\"vc_column-inner\"><div class=\"wpb_text_column\"><div class=\"wpb_wrapper\"><h2><strong>Planzusammenstellung &#8211; Zusatzmodul<br \/>\n<\/strong><\/h2>\n<h4><strong><span style=\"color: #ff9900;\">58,90 \u20ac *<br \/>\n<\/span><\/strong><\/h4>\n<p><span style=\"color: #999999;\">(Der empfohlene Listenpreis betr\u00e4gt 58,90 \u20ac )<\/span><\/p>\n<p>\u2013 alle Preisangaben sind inkl. der gesetzlich vorgeschriebenen MwSt.<\/p>\n<\/div><\/div><div class=\"w-btn-wrapper align_left\"><a class=\"w-btn us-btn-style_2 us_custom_2d9ebfef icon_atleft\" rel=\"nofollow\" href=\"https:\/\/www.cleverbridge.com\/1106\/?scope=checkout&amp;cart=221258&amp;languages=de&amp;cookie=true&amp;cfg=design_2018&amp;recommendation=addbackup\"><i class=\"fas fa-download\"><\/i><span class=\"w-btn-label\">Zusatzmodul KAUFEN<\/span><\/a><\/div><div class=\"w-separator size_medium\"><\/div><\/div><\/div><\/div><div class=\"g-cols wpb_row via_grid cols_1 laptops-cols_inherit tablets-cols_inherit mobiles-cols_1 valign_top type_default stacking_default\" style=\"--columns-gap:3rem;\"><div class=\"wpb_column vc_column_container\"><div class=\"vc_column-inner\"><div class=\"wpb_text_column\"><div class=\"wpb_wrapper\"><h2>Ein leistungsf\u00e4higes Zusatztool f\u00fcr die Erstellung eines Gesamtplans<\/h2>\n<\/div><\/div><div class=\"wpb_text_column\"><div class=\"wpb_wrapper\"><p>Die Planzusammenstellung dient zum ma\u00dfstabsgerechten Anordnen, Gestalten und Ausgeben von Pl\u00e4nen und Zeichnungen.<\/p>\n<p>Das Zusammenstellen des Planes erfolgt direkt auf Basis der aktuellen Projektdaten und Konstruktionsdetails, ohne vom Geb\u00e4udemodell getrennt zu sein. Alle \u00c4nderungen an der Konstruktion werden automatisch in der Planzusammenstellung aktualisiert, da alles auf dem Projekt-Modell basiert. Abweichungen zwischen Projekt und Plan sind somit ausgeschlossen. F\u00fcr das <a href=\"https:\/\/www.cadvilla.com\/de\/eingabeplan-erstellen\/\">Zeichnen von einem Eingabeplan<\/a> f\u00fcr den Bauantrag ist dieses Modul unerl\u00e4sslich.<\/p>\n<p>Bestimmte Standardfunktionen, wie Texte, Hilfslinien, 2D-Zeichenfunktionen, die 2D Symbole aus dem Katalog, etc. k\u00f6nnen auch in den Plan-Ansichten verwendet werden. So k\u00f6nnen Sie den Plan gestalten und Inhalte wie in der Basissoftware gespeicherte Bilder, Fotos oder Schriftfelder hinzuf\u00fcgen.<\/p>\n<p>Einmal erstellte Schriftfelder k\u00f6nnen mit variablen Texten wie Bauherr, Ma\u00dfstab, usw. versehen und gespeichert werden und sind somit f\u00fcr weitere Projekte global verf\u00fcgbar. Die variablen Texte werden nach Einf\u00fcgen des Schriftfeldes durch die tats\u00e4chlichen Werte ersetzt.<\/p>\n<\/div><\/div><div class=\"wpb_text_column\"><div class=\"wpb_wrapper\"><h3>Dieses Modul ist in folgenden cadvilla-Versionen bereits inkludiert<\/h3>\n<\/div><\/div><div class=\"w-tabs us_custom_89477bc8 style_default switch_click accordion type_togglable has_scrolling\" style=\"--sections-title-size:18px\"><div class=\"w-tabs-sections titles-align_none icon_chevron cpos_right\"><div class=\"w-tabs-section vergleich_header has_text_color\" id=\"be85\" style=\"color:rgba(31,31,31,0.01);\"><button class=\"w-tabs-section-header with_icon\" aria-controls=\"content-be85\" aria-expanded=\"false\"><i class=\"fas fa-table\"><\/i><div class=\"w-tabs-section-title\">Tab 1<\/div><div class=\"w-tabs-section-control\"><\/div><\/button><div  class=\"w-tabs-section-content\" id=\"content-be85\"><div class=\"w-tabs-section-content-h i-cf\"><div class=\"wpb_text_column\"><div class=\"wpb_wrapper\"><\/div><\/div><\/div><\/div><\/div><div class=\"w-tabs-section vergleich_xx_xxx_cp_cpp\" id=\"i01d\"><button class=\"w-tabs-section-header\" aria-controls=\"content-i01d\" aria-expanded=\"false\"><div class=\"w-tabs-section-title\">Planzusammenstellung<\/div><div class=\"w-tabs-section-control\"><\/div><\/button><div  class=\"w-tabs-section-content\" id=\"content-i01d\"><div class=\"w-tabs-section-content-h i-cf\"><div class=\"wpb_text_column\"><div class=\"wpb_wrapper\"><\/div><\/div><\/div><\/div><\/div><\/div><\/div><div class=\"wpb_text_column us_custom_7f9c76c8\"><div class=\"wpb_wrapper\"><p><strong>Legende<\/strong> zu nachstehender Tabelle:<\/p>\n<p><img data-dominant-color=\"7eb74d\" data-has-transparency=\"true\" style=\"--dominant-color: #7eb74d;\" loading=\"lazy\" decoding=\"async\" class=\"alignnone size-full wp-image-352 has-transparency\" src=\"https:\/\/www.cadvilla.com\/wp-content\/uploads\/check.png\" alt=\"\" width=\"22\" height=\"22\" \/> ,<img data-dominant-color=\"7fb84d\" data-has-transparency=\"true\" style=\"--dominant-color: #7fb84d;\" loading=\"lazy\" decoding=\"async\" class=\"alignnone size-full wp-image-337 has-transparency\" src=\"https:\/\/www.cadvilla.com\/wp-content\/uploads\/check-sm.png\" alt=\"\" width=\"22\" height=\"22\" \/> &#8211; Funktion ist in der Version enthalten<br \/>\n<img data-dominant-color=\"eeeeee\" data-has-transparency=\"true\" style=\"--dominant-color: #eeeeee;\" loading=\"lazy\" decoding=\"async\" class=\"alignnone size-medium wp-image-347 has-transparency\" src=\"https:\/\/www.cadvilla.com\/wp-content\/uploads\/uncheck.png\" alt=\"\" width=\"22\" height=\"22\" \/> ,<img data-dominant-color=\"eeeeee\" data-has-transparency=\"true\" style=\"--dominant-color: #eeeeee;\" loading=\"lazy\" decoding=\"async\" class=\"alignnone size-medium wp-image-342 has-transparency\" src=\"https:\/\/www.cadvilla.com\/wp-content\/uploads\/uncheck-sm.png\" alt=\"\" width=\"22\" height=\"22\" \/> &#8211; Funktion ist in der Version nicht enthalten<\/p>\n<\/div><\/div><\/div><\/div><\/div><div class=\"w-separator size_large\"><\/div><div class=\"g-cols wpb_row us_custom_79981fe8 via_grid cols_1 laptops-cols_inherit tablets-cols_inherit mobiles-cols_1 valign_top type_default stacking_default\" style=\"--columns-gap:3rem;\"><div class=\"wpb_column vc_column_container\"><div class=\"vc_column-inner\"><div class=\"wpb_text_column\"><div class=\"wpb_wrapper\"><h2><span class=\"headline_3\">Leistungsumfang <\/span>&#8211; Planzusammenstellung<\/h2>\n<\/div><\/div><div class=\"w-tabs us_custom_89477bc8 style_default switch_click accordion type_togglable has_scrolling\" style=\"--sections-title-size:18px\"><div class=\"w-tabs-sections titles-align_none icon_chevron cpos_right\"><div class=\"w-tabs-section active\" id=\"id33\"><button class=\"w-tabs-section-header active with_icon\" aria-controls=\"content-id33\" aria-expanded=\"true\"><i class=\"fas fa-plus\"><\/i><div class=\"w-tabs-section-title\">Planzusammenstellung<\/div><div class=\"w-tabs-section-control\"><\/div><\/button><div  class=\"w-tabs-section-content\" id=\"content-id33\"><div class=\"w-tabs-section-content-h i-cf\"><div class=\"wpb_text_column\"><div class=\"wpb_wrapper\"><p><img data-dominant-color=\"e8eaed\" data-has-transparency=\"false\" style=\"--dominant-color: #e8eaed;\" loading=\"lazy\" decoding=\"async\" class=\"size-full wp-image-2567 alignright not-transparent\" src=\"https:\/\/www.cadvilla.com\/wp-content\/uploads\/planzusammenstellung_gesamt.png\" alt=\"Planzusammenstellung\" width=\"350\" height=\"209\" \/>Die Planzusammenstellung dient zum ma\u00dfstabsgerechten Anordnen, Gestalten und Ausgeben von Pl\u00e4nen und Zeichnungen.<\/p>\n<p>Sie arbeitet direkt auf Basis der aktuellen Projektdaten und Konstruktionsdetails, ohne vom Geb\u00e4udemodell getrennt zu sein.<\/p>\n<p>Alle \u00c4nderungen an der Konstruktion werden automatisch in der Planzusammenstellung aktualisiert, da alles auf dem Projekt-Modell basiert. Abweichungen zwischen Projekt und Plan sind somit ausgeschlossen.<\/p>\n<p>Vorgehensweise zur Erstellung eines Gesamtplans in drei Schritten:<\/p>\n<ul>\n<li>Sie erstellen in Ihrem Projekt eine oder mehrere 2D Plan-Ansichten<br \/>\n(z.B. 2D-Draufsicht, Ansicht von Norden, Osten, Westen und S\u00fcden, Schnitt). Beim erzeugen der Ansichten k\u00f6nnen Sie \u00fcber die Optionen zur Sichtbarkeit von Kategorien die dargestellten Inhalte anpassen. Damit nutzen Sie durchg\u00e4ngig alle f\u00fcr 2D Ansichten verf\u00fcgbaren Funktionen.<\/li>\n<li>Im zweiten Schritt platzieren Sie auf Ihrer Planzusammenstellung vorhandene 2D Plan-Ansichten an beliebiger Position<\/li>\n<li>Im dritten Schritt erg\u00e4nzen Sie die Planzusammenstellung um vorhandene oder selbst erstellte 2D-Symbole, 2D-Grafikelemente und Bilder. Bilder k\u00f6nnen sowohl Fotos als auch Visualisierungsergebnisse aus 3D-Ansichten Ihres Projektes sein.<\/li>\n<\/ul>\n<p>So einfach kann eine Planzusammenstellung sein!<\/p>\n<\/div><\/div><\/div><\/div><\/div><\/div><\/div><\/div><\/div><\/div><\/div><\/div><div class=\"wpb_column vc_column_container us_custom_bcfad9e9 type_sticky\"><div class=\"vc_column-inner\"><div class=\"wpb_text_column\"><div class=\"wpb_wrapper\"><h5><span class=\"ca-headertext-seitenleiste\">Weitere Zusatzmodule<\/span><\/h5>\n<\/div><\/div><div class=\"wpb_widgetised_column wpb_content_element\"><div class=\"wpb_wrapper\"><div id=\"nav_menu-7\" class=\"widget widget_nav_menu\"><div class=\"menu-zusatzmodule-container\"><ul id=\"menu-zusatzmodule\" class=\"menu\"><li id=\"menu-item-2683\" class=\"menu-item menu-item-type-post_type menu-item-object-page menu-item-2683\"><a href=\"https:\/\/www.cadvilla.com\/de\/z-raumbuch\/\"><i class=\"fas fa-plus\"><\/i> Raumbuch<\/a><\/li>\n<li id=\"menu-item-2682\" class=\"menu-item menu-item-type-post_type menu-item-object-page menu-item-2682\"><a href=\"https:\/\/www.cadvilla.com\/de\/z-konverter\/\"><i class=\"fas fa-plus\"><\/i> 3D Konverter<\/a><\/li>\n<li id=\"menu-item-2681\" class=\"menu-item menu-item-type-post_type menu-item-object-page menu-item-2681\"><a href=\"https:\/\/www.cadvilla.com\/de\/z-planzusammenstellung\/\"><i class=\"fas fa-plus\"><\/i> Planzusammenstellung<\/a><\/li>\n<li id=\"menu-item-2680\" class=\"menu-item menu-item-type-post_type menu-item-object-page menu-item-2680\"><a href=\"https:\/\/www.cadvilla.com\/de\/z-dxf_dwg_import\/\"><i class=\"fas fa-plus\"><\/i> 2D-DXF\/DWG Import<\/a><\/li>\n<li id=\"menu-item-2679\" class=\"menu-item menu-item-type-post_type menu-item-object-page menu-item-2679\"><a href=\"https:\/\/www.cadvilla.com\/de\/z-dxf_dwg_export\/\"><i class=\"fas fa-plus\"><\/i> 2D-DXF\/DWG Export<\/a><\/li>\n<li id=\"menu-item-2678\" class=\"menu-item menu-item-type-post_type menu-item-object-page menu-item-2678\"><a href=\"https:\/\/www.cadvilla.com\/de\/z-diverse\/\"><i class=\"fas fa-plus\"><\/i> Fensterkonstruktion<\/a><\/li>\n<li id=\"menu-item-2676\" class=\"menu-item menu-item-type-post_type menu-item-object-page menu-item-2676\"><a href=\"https:\/\/www.cadvilla.com\/de\/z-cinema4d_export\/\"><i class=\"fas fa-plus\"><\/i> CINEMA 4D Export<\/a><\/li>\n<li id=\"menu-item-2677\" class=\"menu-item menu-item-type-post_type menu-item-object-page menu-item-2677\"><a href=\"https:\/\/www.cadvilla.com\/de\/z-flucht-und_rettungswege_planer\/\"><i class=\"fas fa-plus\"><\/i> Flucht- und Rettungswege<\/a><\/li>\n<li id=\"menu-item-2675\" class=\"menu-item menu-item-type-post_type menu-item-object-page menu-item-2675\"><a href=\"https:\/\/www.cadvilla.com\/de\/z-ifc_export\/\"><i class=\"fas fa-plus\"><\/i> IFC Export \/ BIM Export<\/a><\/li>\n<\/ul><\/div><\/div><\/div><\/div><\/div><\/div><\/div><\/div><\/section>\n","protected":false},"excerpt":{"rendered":"Planzusammenstellung Aktivierung \u00fcber Freischaltung Planzusammenstellung &#8211; Zusatzmodul 58,90 \u20ac * (Der empfohlene Listenpreis betr\u00e4gt 58,90 \u20ac ) \u2013 alle Preisangaben sind inkl. der gesetzlich vorgeschriebenen MwSt. Zusatzmodul KAUFENEin leistungsf\u00e4higes Zusatztool f\u00fcr die Erstellung eines Gesamtplans Die Planzusammenstellung dient zum ma\u00dfstabsgerechten Anordnen, Gestalten und Ausgeben von Pl\u00e4nen und Zeichnungen. Das Zusammenstellen des Planes erfolgt direkt auf...","protected":false},"author":1,"featured_media":0,"parent":0,"menu_order":0,"comment_status":"closed","ping_status":"closed","template":"","meta":{"footnotes":""},"class_list":["post-2566","page","type-page","status-publish","hentry"],"yoast_head":"<!-- This site is optimized with the Yoast SEO plugin v27.4 - https:\/\/yoast.com\/product\/yoast-seo-wordpress\/ -->\n<title>cadvilla Planzusammenstellung<\/title>\n<meta name=\"robots\" content=\"index, follow, max-snippet:-1, max-image-preview:large, max-video-preview:-1\" \/>\n<link rel=\"canonical\" href=\"https:\/\/www.cadvilla.com\/de\/z-planzusammenstellung\/\" \/>\n<meta property=\"og:locale\" content=\"de_DE\" \/>\n<meta property=\"og:type\" content=\"article\" \/>\n<meta property=\"og:title\" content=\"cadvilla Planzusammenstellung\" \/>\n<meta property=\"og:url\" content=\"https:\/\/www.cadvilla.com\/de\/z-planzusammenstellung\/\" \/>\n<meta property=\"og:site_name\" content=\"cadvilla\" \/>\n<meta property=\"article:modified_time\" content=\"2023-10-22T09:25:34+00:00\" \/>\n<meta property=\"og:image\" content=\"https:\/\/www.cadvilla.com\/wp-content\/uploads\/check.png\" \/>\n<meta name=\"twitter:card\" content=\"summary_large_image\" \/>\n<meta name=\"twitter:label1\" content=\"Gesch\u00e4tzte Lesezeit\" \/>\n\t<meta name=\"twitter:data1\" content=\"4\u00a0Minuten\" \/>\n<script type=\"application\/ld+json\" class=\"yoast-schema-graph\">{\"@context\":\"https:\\\/\\\/schema.org\",\"@graph\":[{\"@type\":\"WebPage\",\"@id\":\"https:\\\/\\\/www.cadvilla.com\\\/de\\\/z-planzusammenstellung\\\/\",\"url\":\"https:\\\/\\\/www.cadvilla.com\\\/de\\\/z-planzusammenstellung\\\/\",\"name\":\"cadvilla Planzusammenstellung\",\"isPartOf\":{\"@id\":\"https:\\\/\\\/www.cadvilla.com\\\/de\\\/#website\"},\"primaryImageOfPage\":{\"@id\":\"https:\\\/\\\/www.cadvilla.com\\\/de\\\/z-planzusammenstellung\\\/#primaryimage\"},\"image\":{\"@id\":\"https:\\\/\\\/www.cadvilla.com\\\/de\\\/z-planzusammenstellung\\\/#primaryimage\"},\"thumbnailUrl\":\"https:\\\/\\\/www.cadvilla.com\\\/wp-content\\\/uploads\\\/check.png\",\"datePublished\":\"2019-05-16T10:12:55+00:00\",\"dateModified\":\"2023-10-22T09:25:34+00:00\",\"breadcrumb\":{\"@id\":\"https:\\\/\\\/www.cadvilla.com\\\/de\\\/z-planzusammenstellung\\\/#breadcrumb\"},\"inLanguage\":\"de\",\"potentialAction\":[{\"@type\":\"ReadAction\",\"target\":[\"https:\\\/\\\/www.cadvilla.com\\\/de\\\/z-planzusammenstellung\\\/\"]}]},{\"@type\":\"ImageObject\",\"inLanguage\":\"de\",\"@id\":\"https:\\\/\\\/www.cadvilla.com\\\/de\\\/z-planzusammenstellung\\\/#primaryimage\",\"url\":\"https:\\\/\\\/www.cadvilla.com\\\/wp-content\\\/uploads\\\/check.png\",\"contentUrl\":\"https:\\\/\\\/www.cadvilla.com\\\/wp-content\\\/uploads\\\/check.png\"},{\"@type\":\"BreadcrumbList\",\"@id\":\"https:\\\/\\\/www.cadvilla.com\\\/de\\\/z-planzusammenstellung\\\/#breadcrumb\",\"itemListElement\":[{\"@type\":\"ListItem\",\"position\":1,\"name\":\"Startseite\",\"item\":\"https:\\\/\\\/www.cadvilla.com\\\/de\\\/\"},{\"@type\":\"ListItem\",\"position\":2,\"name\":\"Planzusammenstellung\"}]},{\"@type\":\"WebSite\",\"@id\":\"https:\\\/\\\/www.cadvilla.com\\\/de\\\/#website\",\"url\":\"https:\\\/\\\/www.cadvilla.com\\\/de\\\/\",\"name\":\"cadvilla\",\"description\":\"\",\"publisher\":{\"@id\":\"https:\\\/\\\/www.cadvilla.com\\\/de\\\/#organization\"},\"potentialAction\":[{\"@type\":\"SearchAction\",\"target\":{\"@type\":\"EntryPoint\",\"urlTemplate\":\"https:\\\/\\\/www.cadvilla.com\\\/de\\\/?s={search_term_string}\"},\"query-input\":{\"@type\":\"PropertyValueSpecification\",\"valueRequired\":true,\"valueName\":\"search_term_string\"}}],\"inLanguage\":\"de\"},{\"@type\":\"Organization\",\"@id\":\"https:\\\/\\\/www.cadvilla.com\\\/de\\\/#organization\",\"name\":\"cadvilla\",\"url\":\"https:\\\/\\\/www.cadvilla.com\\\/de\\\/\",\"logo\":{\"@type\":\"ImageObject\",\"inLanguage\":\"de\",\"@id\":\"https:\\\/\\\/www.cadvilla.com\\\/de\\\/#\\\/schema\\\/logo\\\/image\\\/\",\"url\":\"https:\\\/\\\/www.cadvilla.com\\\/wp-content\\\/uploads\\\/logo_cadvilla.png\",\"contentUrl\":\"https:\\\/\\\/www.cadvilla.com\\\/wp-content\\\/uploads\\\/logo_cadvilla.png\",\"width\":157,\"height\":51,\"caption\":\"cadvilla\"},\"image\":{\"@id\":\"https:\\\/\\\/www.cadvilla.com\\\/de\\\/#\\\/schema\\\/logo\\\/image\\\/\"}}]}<\/script>\n<!-- \/ Yoast SEO plugin. -->","yoast_head_json":{"title":"cadvilla Planzusammenstellung","robots":{"index":"index","follow":"follow","max-snippet":"max-snippet:-1","max-image-preview":"max-image-preview:large","max-video-preview":"max-video-preview:-1"},"canonical":"https:\/\/www.cadvilla.com\/de\/z-planzusammenstellung\/","og_locale":"de_DE","og_type":"article","og_title":"cadvilla Planzusammenstellung","og_url":"https:\/\/www.cadvilla.com\/de\/z-planzusammenstellung\/","og_site_name":"cadvilla","article_modified_time":"2023-10-22T09:25:34+00:00","og_image":[{"url":"https:\/\/www.cadvilla.com\/wp-content\/uploads\/check.png","type":"","width":"","height":""}],"twitter_card":"summary_large_image","twitter_misc":{"Gesch\u00e4tzte Lesezeit":"4\u00a0Minuten"},"schema":{"@context":"https:\/\/schema.org","@graph":[{"@type":"WebPage","@id":"https:\/\/www.cadvilla.com\/de\/z-planzusammenstellung\/","url":"https:\/\/www.cadvilla.com\/de\/z-planzusammenstellung\/","name":"cadvilla Planzusammenstellung","isPartOf":{"@id":"https:\/\/www.cadvilla.com\/de\/#website"},"primaryImageOfPage":{"@id":"https:\/\/www.cadvilla.com\/de\/z-planzusammenstellung\/#primaryimage"},"image":{"@id":"https:\/\/www.cadvilla.com\/de\/z-planzusammenstellung\/#primaryimage"},"thumbnailUrl":"https:\/\/www.cadvilla.com\/wp-content\/uploads\/check.png","datePublished":"2019-05-16T10:12:55+00:00","dateModified":"2023-10-22T09:25:34+00:00","breadcrumb":{"@id":"https:\/\/www.cadvilla.com\/de\/z-planzusammenstellung\/#breadcrumb"},"inLanguage":"de","potentialAction":[{"@type":"ReadAction","target":["https:\/\/www.cadvilla.com\/de\/z-planzusammenstellung\/"]}]},{"@type":"ImageObject","inLanguage":"de","@id":"https:\/\/www.cadvilla.com\/de\/z-planzusammenstellung\/#primaryimage","url":"https:\/\/www.cadvilla.com\/wp-content\/uploads\/check.png","contentUrl":"https:\/\/www.cadvilla.com\/wp-content\/uploads\/check.png"},{"@type":"BreadcrumbList","@id":"https:\/\/www.cadvilla.com\/de\/z-planzusammenstellung\/#breadcrumb","itemListElement":[{"@type":"ListItem","position":1,"name":"Startseite","item":"https:\/\/www.cadvilla.com\/de\/"},{"@type":"ListItem","position":2,"name":"Planzusammenstellung"}]},{"@type":"WebSite","@id":"https:\/\/www.cadvilla.com\/de\/#website","url":"https:\/\/www.cadvilla.com\/de\/","name":"cadvilla","description":"","publisher":{"@id":"https:\/\/www.cadvilla.com\/de\/#organization"},"potentialAction":[{"@type":"SearchAction","target":{"@type":"EntryPoint","urlTemplate":"https:\/\/www.cadvilla.com\/de\/?s={search_term_string}"},"query-input":{"@type":"PropertyValueSpecification","valueRequired":true,"valueName":"search_term_string"}}],"inLanguage":"de"},{"@type":"Organization","@id":"https:\/\/www.cadvilla.com\/de\/#organization","name":"cadvilla","url":"https:\/\/www.cadvilla.com\/de\/","logo":{"@type":"ImageObject","inLanguage":"de","@id":"https:\/\/www.cadvilla.com\/de\/#\/schema\/logo\/image\/","url":"https:\/\/www.cadvilla.com\/wp-content\/uploads\/logo_cadvilla.png","contentUrl":"https:\/\/www.cadvilla.com\/wp-content\/uploads\/logo_cadvilla.png","width":157,"height":51,"caption":"cadvilla"},"image":{"@id":"https:\/\/www.cadvilla.com\/de\/#\/schema\/logo\/image\/"}}]}},"_links":{"self":[{"href":"https:\/\/www.cadvilla.com\/de\/wp-json\/wp\/v2\/pages\/2566","targetHints":{"allow":["GET"]}}],"collection":[{"href":"https:\/\/www.cadvilla.com\/de\/wp-json\/wp\/v2\/pages"}],"about":[{"href":"https:\/\/www.cadvilla.com\/de\/wp-json\/wp\/v2\/types\/page"}],"author":[{"embeddable":true,"href":"https:\/\/www.cadvilla.com\/de\/wp-json\/wp\/v2\/users\/1"}],"replies":[{"embeddable":true,"href":"https:\/\/www.cadvilla.com\/de\/wp-json\/wp\/v2\/comments?post=2566"}],"version-history":[{"count":0,"href":"https:\/\/www.cadvilla.com\/de\/wp-json\/wp\/v2\/pages\/2566\/revisions"}],"wp:attachment":[{"href":"https:\/\/www.cadvilla.com\/de\/wp-json\/wp\/v2\/media?parent=2566"}],"curies":[{"name":"wp","href":"https:\/\/api.w.org\/{rel}","templated":true}]}}