{"id":2576,"date":"2019-05-16T12:23:52","date_gmt":"2019-05-16T10:23:52","guid":{"rendered":"https:\/\/www.cadvilla.pl\/?page_id=2576"},"modified":"2023-10-22T11:58:33","modified_gmt":"2023-10-22T09:58:33","slug":"z-dxf_dwg_import","status":"publish","type":"page","link":"https:\/\/www.cadvilla.com\/de\/z-dxf_dwg_import\/","title":{"rendered":"2D-DXF und 2D-DWG Import"},"content":{"rendered":"<section class=\"l-section wpb_row ca-headerbackground0 height_auto\"><div class=\"l-section-h i-cf\"><div class=\"g-cols vc_row via_grid cols_1 laptops-cols_inherit tablets-cols_inherit mobiles-cols_1 valign_bottom type_default stacking_default\"><div class=\"wpb_column vc_column_container\"><div class=\"vc_column-inner\"><\/div><\/div><\/div><\/div><\/section><section class=\"l-section wpb_row height_auto\"><div class=\"l-section-h i-cf\"><div class=\"g-cols vc_row via_grid cols_1 laptops-cols_inherit tablets-cols_inherit mobiles-cols_1 valign_top type_default stacking_default\"><div class=\"wpb_column vc_column_container\"><div class=\"vc_column-inner\"><\/div><\/div><\/div><\/div><\/section><section class=\"l-section wpb_row ca-headerbg height_small\" id=\"begin\"><div class=\"l-section-h i-cf\"><div class=\"g-cols vc_row via_grid cols_1 laptops-cols_inherit tablets-cols_inherit mobiles-cols_1 valign_top type_default stacking_default\"><div class=\"wpb_column vc_column_container\"><div class=\"vc_column-inner\"><div class=\"wpb_text_column ca-heading1\"><div class=\"wpb_wrapper\"><h1>2D-DXF und 2D-DWG Import<\/h1>\n<\/div><\/div><\/div><\/div><\/div><\/div><\/section><section class=\"l-section wpb_row height_medium\"><div class=\"l-section-h i-cf\"><div class=\"g-cols vc_row via_grid cols_3-1 laptops-cols_inherit tablets-cols_inherit mobiles-cols_1 valign_top type_default stacking_default\"><div class=\"wpb_column vc_column_container\"><div class=\"vc_column-inner\"><div class=\"g-cols wpb_row via_grid cols_1-2 laptops-cols_inherit tablets-cols_inherit mobiles-cols_1 valign_top type_default stacking_default\" style=\"--columns-gap:3rem;\"><div class=\"wpb_column vc_column_container\"><div class=\"vc_column-inner\"><div class=\"w-image align_center\"><div class=\"w-image-h\"><img decoding=\"async\" width=\"200\" height=\"200\" src=\"https:\/\/www.cadvilla.com\/wp-content\/uploads\/zusatzmodul_de.png\" class=\"attachment-full size-full has-transparency\" alt=\"Zusatzmodul\" loading=\"lazy\" data-has-transparency=\"true\" data-dominant-color=\"7a7772\" style=\"--dominant-color: #7a7772;\" \/><\/div><\/div><div class=\"wpb_text_column ca-product-small_info\"><div class=\"wpb_wrapper\"><p>Aktivierung \u00fcber Freischaltung<\/p>\n<\/div><\/div><\/div><\/div><div class=\"wpb_column vc_column_container\"><div class=\"vc_column-inner\"><div class=\"wpb_text_column\"><div class=\"wpb_wrapper\"><h2><strong>2D-DXF\/DWG Import &#8211; Zusatzmodul<br \/>\n<\/strong><\/h2>\n<h4><strong><span style=\"color: #ff9900;\">94,50 \u20ac *<br \/>\n<\/span><\/strong><\/h4>\n<p><span style=\"color: #999999;\">(Der empfohlene Listenpreis betr\u00e4gt 94,50 \u20ac )<\/span><\/p>\n<p>\u2013 alle Preisangaben sind inkl. der gesetzlich vorgeschriebenen MwSt.<\/p>\n<\/div><\/div><div class=\"w-btn-wrapper align_left\"><a class=\"w-btn us-btn-style_2 us_custom_2d9ebfef icon_atleft\" rel=\"nofollow\" href=\"https:\/\/www.cleverbridge.com\/1106\/?scope=checkout&amp;cart=221254&amp;languages=de&amp;cookie=true&amp;cfg=design_2018&amp;recommendation=addbackup\"><i class=\"fas fa-download\"><\/i><span class=\"w-btn-label\">Zusatzmodul KAUFEN<\/span><\/a><\/div><div class=\"w-separator size_medium\"><\/div><\/div><\/div><\/div><div class=\"g-cols wpb_row via_grid cols_1 laptops-cols_inherit tablets-cols_inherit mobiles-cols_1 valign_top type_default stacking_default\" style=\"--columns-gap:3rem;\"><div class=\"wpb_column vc_column_container\"><div class=\"vc_column-inner\"><div class=\"wpb_text_column\"><div class=\"wpb_wrapper\"><h2>Zusatz zum Importieren von 2D DXF\/DWG Dateien<\/h2>\n<\/div><\/div><div class=\"wpb_text_column\"><div class=\"wpb_wrapper\"><p>Dieses Zusatzmodul importiert 2D-DXF und 2D-DWG Dateien \u00fcber einen Dialog zur Auswahl der enthaltenen Layer und mit Einstellm\u00f6glichkeiten hinsichtlich der Abmessungen.<\/p>\n<p>Die importierten Inhalte werden gemeinsam als<br \/>\n2D-Symbol in die Planung eingef\u00fcgt.<\/p>\n<p>Die Daten des eingef\u00fcgten 2D-Symbols k\u00f6nnen danach als Planungsdetail verwendet werden und auch als Basis zum Erstellen des 3D Modells.<\/p>\n<p>Dazu brauchen nur mehr die einzelnen Liniensymbole durch Abfahren mit W\u00e4nden T\u00fcren Fenstern usw. ersetzt werden.<\/p>\n<\/div><\/div><div class=\"wpb_text_column\"><div class=\"wpb_wrapper\"><h3>Dieses Modul ist in folgenden cadvilla-Versionen bereits inkludiert<\/h3>\n<\/div><\/div><div class=\"w-tabs us_custom_89477bc8 style_default switch_click accordion type_togglable has_scrolling\" style=\"--sections-title-size:18px\"><div class=\"w-tabs-sections titles-align_none icon_chevron cpos_right\"><div class=\"w-tabs-section vergleich_header has_text_color\" id=\"o4f0\" style=\"color:rgba(31,31,31,0.01);\"><button class=\"w-tabs-section-header with_icon\" aria-controls=\"content-o4f0\" aria-expanded=\"false\"><i class=\"fas fa-table\"><\/i><div class=\"w-tabs-section-title\">Tab 1<\/div><div class=\"w-tabs-section-control\"><\/div><\/button><div  class=\"w-tabs-section-content\" id=\"content-o4f0\"><div class=\"w-tabs-section-content-h i-cf\"><div class=\"wpb_text_column\"><div class=\"wpb_wrapper\"><\/div><\/div><\/div><\/div><\/div><div class=\"w-tabs-section vergleich_xx_xxx_cp_cpp\" id=\"m67e\"><button class=\"w-tabs-section-header\" aria-controls=\"content-m67e\" aria-expanded=\"false\"><div class=\"w-tabs-section-title\">2D-DXF\/DWG Import<\/div><div class=\"w-tabs-section-control\"><\/div><\/button><div  class=\"w-tabs-section-content\" id=\"content-m67e\"><div class=\"w-tabs-section-content-h i-cf\"><div class=\"wpb_text_column\"><div class=\"wpb_wrapper\"><\/div><\/div><\/div><\/div><\/div><\/div><\/div><div class=\"wpb_text_column us_custom_7f9c76c8\"><div class=\"wpb_wrapper\"><p><strong>Legende<\/strong> zu nachstehender Tabelle:<\/p>\n<p><img data-dominant-color=\"7eb74d\" data-has-transparency=\"true\" style=\"--dominant-color: #7eb74d;\" loading=\"lazy\" decoding=\"async\" class=\"alignnone size-full wp-image-352 has-transparency\" src=\"https:\/\/www.cadvilla.com\/wp-content\/uploads\/check.png\" alt=\"\" width=\"22\" height=\"22\" \/> ,<img data-dominant-color=\"7fb84d\" data-has-transparency=\"true\" style=\"--dominant-color: #7fb84d;\" loading=\"lazy\" decoding=\"async\" class=\"alignnone size-full wp-image-337 has-transparency\" src=\"https:\/\/www.cadvilla.com\/wp-content\/uploads\/check-sm.png\" alt=\"\" width=\"22\" height=\"22\" \/> &#8211; Funktion ist in der Version enthalten<br \/>\n<img data-dominant-color=\"eeeeee\" data-has-transparency=\"true\" style=\"--dominant-color: #eeeeee;\" loading=\"lazy\" decoding=\"async\" class=\"alignnone size-medium wp-image-347 has-transparency\" src=\"https:\/\/www.cadvilla.com\/wp-content\/uploads\/uncheck.png\" alt=\"\" width=\"22\" height=\"22\" \/> ,<img data-dominant-color=\"eeeeee\" data-has-transparency=\"true\" style=\"--dominant-color: #eeeeee;\" loading=\"lazy\" decoding=\"async\" class=\"alignnone size-medium wp-image-342 has-transparency\" src=\"https:\/\/www.cadvilla.com\/wp-content\/uploads\/uncheck-sm.png\" alt=\"\" width=\"22\" height=\"22\" \/> &#8211; Funktion ist in der Version nicht enthalten<\/p>\n<\/div><\/div><\/div><\/div><\/div><div class=\"w-separator size_large\"><\/div><div class=\"g-cols wpb_row us_custom_79981fe8 via_grid cols_1 laptops-cols_inherit tablets-cols_inherit mobiles-cols_1 valign_top type_default stacking_default\" style=\"--columns-gap:3rem;\"><div class=\"wpb_column vc_column_container\"><div class=\"vc_column-inner\"><div class=\"wpb_text_column\"><div class=\"wpb_wrapper\"><h2><span class=\"headline_3\">Leistungsumfang &#8211; Importieren von 2D DXF\/DWG Dateien<\/span><\/h2>\n<\/div><\/div><div class=\"w-tabs us_custom_89477bc8 style_default switch_click accordion type_togglable has_scrolling\" style=\"--sections-title-size:18px\"><div class=\"w-tabs-sections titles-align_none icon_chevron cpos_right\"><div class=\"w-tabs-section active\" id=\"c218\"><button class=\"w-tabs-section-header active with_icon\" aria-controls=\"content-c218\" aria-expanded=\"true\"><i class=\"fas fa-plus\"><\/i><div class=\"w-tabs-section-title\">2D-DXF und 2D-DWG Import<\/div><div class=\"w-tabs-section-control\"><\/div><\/button><div  class=\"w-tabs-section-content\" id=\"content-c218\"><div class=\"w-tabs-section-content-h i-cf\"><div class=\"wpb_text_column\"><div class=\"wpb_wrapper\"><p><img data-dominant-color=\"e5e6e9\" data-has-transparency=\"false\" style=\"--dominant-color: #e5e6e9;\" loading=\"lazy\" decoding=\"async\" class=\"size-full wp-image-2577 alignright not-transparent\" src=\"https:\/\/www.cadvilla.com\/wp-content\/uploads\/dxf-import_gesamt.png\" alt=\"2D DXF und 2D DWG Import\" width=\"300\" height=\"227\" \/>Nach dem Laden der Datei erhalten Sie zun\u00e4chst einen Vorschaudialog und k\u00f6nnen dort die zu importierenden Inhalte im Layer-Fenster durch Aktivieren oder deaktivieren der entsprechenden Layer w\u00e4hlen.<\/p>\n<p>Nach oder w\u00e4hrend des Imports k\u00f6nnen Sie die Skalierung und die Darstellung der Linien anpassen. Die DXF\/DWG Datei wird zun\u00e4chst als ein Element, ein 2D Symbol importiert.<\/p>\n<p>Der DXF\/DWG Import kann z.B. f\u00fcr die \u00dcbernahme von Architektenpl\u00e4nen oder zum Importieren von 2D-Symbolkatalogen genutzt werden.<\/p>\n<p>Bei \u00dcbernahme von Symbolen k\u00f6nnen Sie in der Planung selbst anschlie\u00dfend bei Bedarf das Symbol in Einzelelemente zerlegen, bearbeiten und anschlie\u00dfend mit den Standardfunktionen im 2D Katalog speichern.<\/p>\n<p>Bei \u00dcbernahme von Grundrissen k\u00f6nnen die importierten Folien nach dem Laden in cadvilla wie Hilfslinien verwendet werden, um z. B. W\u00e4nde darauf zu fangen.<\/p>\n<\/div><\/div><\/div><\/div><\/div><\/div><\/div><\/div><\/div><\/div><\/div><\/div><div class=\"wpb_column vc_column_container us_custom_bcfad9e9 type_sticky\"><div class=\"vc_column-inner\"><div class=\"wpb_text_column\"><div class=\"wpb_wrapper\"><h5><span class=\"ca-headertext-seitenleiste\">Weitere Zusatzmodule<\/span><\/h5>\n<\/div><\/div><div class=\"wpb_widgetised_column wpb_content_element\"><div class=\"wpb_wrapper\"><div id=\"nav_menu-7\" class=\"widget widget_nav_menu\"><div class=\"menu-zusatzmodule-container\"><ul id=\"menu-zusatzmodule\" class=\"menu\"><li id=\"menu-item-2683\" class=\"menu-item menu-item-type-post_type menu-item-object-page menu-item-2683\"><a href=\"https:\/\/www.cadvilla.com\/de\/z-raumbuch\/\"><i class=\"fas fa-plus\"><\/i> Raumbuch<\/a><\/li>\n<li id=\"menu-item-2682\" class=\"menu-item menu-item-type-post_type menu-item-object-page menu-item-2682\"><a href=\"https:\/\/www.cadvilla.com\/de\/z-konverter\/\"><i class=\"fas fa-plus\"><\/i> 3D Konverter<\/a><\/li>\n<li id=\"menu-item-2681\" class=\"menu-item menu-item-type-post_type menu-item-object-page menu-item-2681\"><a href=\"https:\/\/www.cadvilla.com\/de\/z-planzusammenstellung\/\"><i class=\"fas fa-plus\"><\/i> Planzusammenstellung<\/a><\/li>\n<li id=\"menu-item-2680\" class=\"menu-item menu-item-type-post_type menu-item-object-page menu-item-2680\"><a href=\"https:\/\/www.cadvilla.com\/de\/z-dxf_dwg_import\/\"><i class=\"fas fa-plus\"><\/i> 2D-DXF\/DWG Import<\/a><\/li>\n<li id=\"menu-item-2679\" class=\"menu-item menu-item-type-post_type menu-item-object-page menu-item-2679\"><a href=\"https:\/\/www.cadvilla.com\/de\/z-dxf_dwg_export\/\"><i class=\"fas fa-plus\"><\/i> 2D-DXF\/DWG Export<\/a><\/li>\n<li id=\"menu-item-2678\" class=\"menu-item menu-item-type-post_type menu-item-object-page menu-item-2678\"><a href=\"https:\/\/www.cadvilla.com\/de\/z-diverse\/\"><i class=\"fas fa-plus\"><\/i> Fensterkonstruktion<\/a><\/li>\n<li id=\"menu-item-2676\" class=\"menu-item menu-item-type-post_type menu-item-object-page menu-item-2676\"><a href=\"https:\/\/www.cadvilla.com\/de\/z-cinema4d_export\/\"><i class=\"fas fa-plus\"><\/i> CINEMA 4D Export<\/a><\/li>\n<li id=\"menu-item-2677\" class=\"menu-item menu-item-type-post_type menu-item-object-page menu-item-2677\"><a href=\"https:\/\/www.cadvilla.com\/de\/z-flucht-und_rettungswege_planer\/\"><i class=\"fas fa-plus\"><\/i> Flucht- und Rettungswege<\/a><\/li>\n<li id=\"menu-item-2675\" class=\"menu-item menu-item-type-post_type menu-item-object-page menu-item-2675\"><a href=\"https:\/\/www.cadvilla.com\/de\/z-ifc_export\/\"><i class=\"fas fa-plus\"><\/i> IFC Export \/ BIM Export<\/a><\/li>\n<\/ul><\/div><\/div><\/div><\/div><\/div><\/div><\/div><\/div><\/section>\n","protected":false},"excerpt":{"rendered":"2D-DXF und 2D-DWG Import Aktivierung \u00fcber Freischaltung 2D-DXF\/DWG Import &#8211; Zusatzmodul 94,50 \u20ac * (Der empfohlene Listenpreis betr\u00e4gt 94,50 \u20ac ) \u2013 alle Preisangaben sind inkl. der gesetzlich vorgeschriebenen MwSt. Zusatzmodul KAUFENZusatz zum Importieren von 2D DXF\/DWG Dateien Dieses Zusatzmodul importiert 2D-DXF und 2D-DWG Dateien \u00fcber einen Dialog zur Auswahl der enthaltenen Layer und mit...","protected":false},"author":1,"featured_media":0,"parent":0,"menu_order":0,"comment_status":"closed","ping_status":"closed","template":"","meta":{"footnotes":""},"class_list":["post-2576","page","type-page","status-publish","hentry"],"yoast_head":"<!-- This site is optimized with the Yoast SEO plugin v27.4 - https:\/\/yoast.com\/product\/yoast-seo-wordpress\/ -->\n<title>DXF und DWG Import<\/title>\n<meta name=\"robots\" content=\"index, follow, max-snippet:-1, max-image-preview:large, max-video-preview:-1\" \/>\n<link rel=\"canonical\" href=\"https:\/\/www.cadvilla.com\/de\/z-dxf_dwg_import\/\" \/>\n<meta property=\"og:locale\" content=\"de_DE\" \/>\n<meta property=\"og:type\" content=\"article\" \/>\n<meta property=\"og:title\" content=\"DXF und DWG Import\" \/>\n<meta property=\"og:url\" content=\"https:\/\/www.cadvilla.com\/de\/z-dxf_dwg_import\/\" \/>\n<meta property=\"og:site_name\" content=\"cadvilla\" \/>\n<meta property=\"article:modified_time\" content=\"2023-10-22T09:58:33+00:00\" \/>\n<meta property=\"og:image\" content=\"https:\/\/www.cadvilla.com\/wp-content\/uploads\/check.png\" \/>\n<meta name=\"twitter:card\" content=\"summary_large_image\" \/>\n<meta name=\"twitter:label1\" content=\"Gesch\u00e4tzte Lesezeit\" \/>\n\t<meta name=\"twitter:data1\" content=\"3\u00a0Minuten\" \/>\n<script type=\"application\/ld+json\" class=\"yoast-schema-graph\">{\"@context\":\"https:\\\/\\\/schema.org\",\"@graph\":[{\"@type\":\"WebPage\",\"@id\":\"https:\\\/\\\/www.cadvilla.com\\\/de\\\/z-dxf_dwg_import\\\/\",\"url\":\"https:\\\/\\\/www.cadvilla.com\\\/de\\\/z-dxf_dwg_import\\\/\",\"name\":\"DXF und DWG Import\",\"isPartOf\":{\"@id\":\"https:\\\/\\\/www.cadvilla.com\\\/de\\\/#website\"},\"primaryImageOfPage\":{\"@id\":\"https:\\\/\\\/www.cadvilla.com\\\/de\\\/z-dxf_dwg_import\\\/#primaryimage\"},\"image\":{\"@id\":\"https:\\\/\\\/www.cadvilla.com\\\/de\\\/z-dxf_dwg_import\\\/#primaryimage\"},\"thumbnailUrl\":\"https:\\\/\\\/www.cadvilla.com\\\/wp-content\\\/uploads\\\/check.png\",\"datePublished\":\"2019-05-16T10:23:52+00:00\",\"dateModified\":\"2023-10-22T09:58:33+00:00\",\"breadcrumb\":{\"@id\":\"https:\\\/\\\/www.cadvilla.com\\\/de\\\/z-dxf_dwg_import\\\/#breadcrumb\"},\"inLanguage\":\"de\",\"potentialAction\":[{\"@type\":\"ReadAction\",\"target\":[\"https:\\\/\\\/www.cadvilla.com\\\/de\\\/z-dxf_dwg_import\\\/\"]}]},{\"@type\":\"ImageObject\",\"inLanguage\":\"de\",\"@id\":\"https:\\\/\\\/www.cadvilla.com\\\/de\\\/z-dxf_dwg_import\\\/#primaryimage\",\"url\":\"https:\\\/\\\/www.cadvilla.com\\\/wp-content\\\/uploads\\\/check.png\",\"contentUrl\":\"https:\\\/\\\/www.cadvilla.com\\\/wp-content\\\/uploads\\\/check.png\"},{\"@type\":\"BreadcrumbList\",\"@id\":\"https:\\\/\\\/www.cadvilla.com\\\/de\\\/z-dxf_dwg_import\\\/#breadcrumb\",\"itemListElement\":[{\"@type\":\"ListItem\",\"position\":1,\"name\":\"Startseite\",\"item\":\"https:\\\/\\\/www.cadvilla.com\\\/de\\\/\"},{\"@type\":\"ListItem\",\"position\":2,\"name\":\"2D-DXF und 2D-DWG Import\"}]},{\"@type\":\"WebSite\",\"@id\":\"https:\\\/\\\/www.cadvilla.com\\\/de\\\/#website\",\"url\":\"https:\\\/\\\/www.cadvilla.com\\\/de\\\/\",\"name\":\"cadvilla\",\"description\":\"\",\"publisher\":{\"@id\":\"https:\\\/\\\/www.cadvilla.com\\\/de\\\/#organization\"},\"potentialAction\":[{\"@type\":\"SearchAction\",\"target\":{\"@type\":\"EntryPoint\",\"urlTemplate\":\"https:\\\/\\\/www.cadvilla.com\\\/de\\\/?s={search_term_string}\"},\"query-input\":{\"@type\":\"PropertyValueSpecification\",\"valueRequired\":true,\"valueName\":\"search_term_string\"}}],\"inLanguage\":\"de\"},{\"@type\":\"Organization\",\"@id\":\"https:\\\/\\\/www.cadvilla.com\\\/de\\\/#organization\",\"name\":\"cadvilla\",\"url\":\"https:\\\/\\\/www.cadvilla.com\\\/de\\\/\",\"logo\":{\"@type\":\"ImageObject\",\"inLanguage\":\"de\",\"@id\":\"https:\\\/\\\/www.cadvilla.com\\\/de\\\/#\\\/schema\\\/logo\\\/image\\\/\",\"url\":\"https:\\\/\\\/www.cadvilla.com\\\/wp-content\\\/uploads\\\/logo_cadvilla.png\",\"contentUrl\":\"https:\\\/\\\/www.cadvilla.com\\\/wp-content\\\/uploads\\\/logo_cadvilla.png\",\"width\":157,\"height\":51,\"caption\":\"cadvilla\"},\"image\":{\"@id\":\"https:\\\/\\\/www.cadvilla.com\\\/de\\\/#\\\/schema\\\/logo\\\/image\\\/\"}}]}<\/script>\n<!-- \/ Yoast SEO plugin. -->","yoast_head_json":{"title":"DXF und DWG Import","robots":{"index":"index","follow":"follow","max-snippet":"max-snippet:-1","max-image-preview":"max-image-preview:large","max-video-preview":"max-video-preview:-1"},"canonical":"https:\/\/www.cadvilla.com\/de\/z-dxf_dwg_import\/","og_locale":"de_DE","og_type":"article","og_title":"DXF und DWG Import","og_url":"https:\/\/www.cadvilla.com\/de\/z-dxf_dwg_import\/","og_site_name":"cadvilla","article_modified_time":"2023-10-22T09:58:33+00:00","og_image":[{"url":"https:\/\/www.cadvilla.com\/wp-content\/uploads\/check.png","type":"","width":"","height":""}],"twitter_card":"summary_large_image","twitter_misc":{"Gesch\u00e4tzte Lesezeit":"3\u00a0Minuten"},"schema":{"@context":"https:\/\/schema.org","@graph":[{"@type":"WebPage","@id":"https:\/\/www.cadvilla.com\/de\/z-dxf_dwg_import\/","url":"https:\/\/www.cadvilla.com\/de\/z-dxf_dwg_import\/","name":"DXF und DWG Import","isPartOf":{"@id":"https:\/\/www.cadvilla.com\/de\/#website"},"primaryImageOfPage":{"@id":"https:\/\/www.cadvilla.com\/de\/z-dxf_dwg_import\/#primaryimage"},"image":{"@id":"https:\/\/www.cadvilla.com\/de\/z-dxf_dwg_import\/#primaryimage"},"thumbnailUrl":"https:\/\/www.cadvilla.com\/wp-content\/uploads\/check.png","datePublished":"2019-05-16T10:23:52+00:00","dateModified":"2023-10-22T09:58:33+00:00","breadcrumb":{"@id":"https:\/\/www.cadvilla.com\/de\/z-dxf_dwg_import\/#breadcrumb"},"inLanguage":"de","potentialAction":[{"@type":"ReadAction","target":["https:\/\/www.cadvilla.com\/de\/z-dxf_dwg_import\/"]}]},{"@type":"ImageObject","inLanguage":"de","@id":"https:\/\/www.cadvilla.com\/de\/z-dxf_dwg_import\/#primaryimage","url":"https:\/\/www.cadvilla.com\/wp-content\/uploads\/check.png","contentUrl":"https:\/\/www.cadvilla.com\/wp-content\/uploads\/check.png"},{"@type":"BreadcrumbList","@id":"https:\/\/www.cadvilla.com\/de\/z-dxf_dwg_import\/#breadcrumb","itemListElement":[{"@type":"ListItem","position":1,"name":"Startseite","item":"https:\/\/www.cadvilla.com\/de\/"},{"@type":"ListItem","position":2,"name":"2D-DXF und 2D-DWG Import"}]},{"@type":"WebSite","@id":"https:\/\/www.cadvilla.com\/de\/#website","url":"https:\/\/www.cadvilla.com\/de\/","name":"cadvilla","description":"","publisher":{"@id":"https:\/\/www.cadvilla.com\/de\/#organization"},"potentialAction":[{"@type":"SearchAction","target":{"@type":"EntryPoint","urlTemplate":"https:\/\/www.cadvilla.com\/de\/?s={search_term_string}"},"query-input":{"@type":"PropertyValueSpecification","valueRequired":true,"valueName":"search_term_string"}}],"inLanguage":"de"},{"@type":"Organization","@id":"https:\/\/www.cadvilla.com\/de\/#organization","name":"cadvilla","url":"https:\/\/www.cadvilla.com\/de\/","logo":{"@type":"ImageObject","inLanguage":"de","@id":"https:\/\/www.cadvilla.com\/de\/#\/schema\/logo\/image\/","url":"https:\/\/www.cadvilla.com\/wp-content\/uploads\/logo_cadvilla.png","contentUrl":"https:\/\/www.cadvilla.com\/wp-content\/uploads\/logo_cadvilla.png","width":157,"height":51,"caption":"cadvilla"},"image":{"@id":"https:\/\/www.cadvilla.com\/de\/#\/schema\/logo\/image\/"}}]}},"_links":{"self":[{"href":"https:\/\/www.cadvilla.com\/de\/wp-json\/wp\/v2\/pages\/2576","targetHints":{"allow":["GET"]}}],"collection":[{"href":"https:\/\/www.cadvilla.com\/de\/wp-json\/wp\/v2\/pages"}],"about":[{"href":"https:\/\/www.cadvilla.com\/de\/wp-json\/wp\/v2\/types\/page"}],"author":[{"embeddable":true,"href":"https:\/\/www.cadvilla.com\/de\/wp-json\/wp\/v2\/users\/1"}],"replies":[{"embeddable":true,"href":"https:\/\/www.cadvilla.com\/de\/wp-json\/wp\/v2\/comments?post=2576"}],"version-history":[{"count":0,"href":"https:\/\/www.cadvilla.com\/de\/wp-json\/wp\/v2\/pages\/2576\/revisions"}],"wp:attachment":[{"href":"https:\/\/www.cadvilla.com\/de\/wp-json\/wp\/v2\/media?parent=2576"}],"curies":[{"name":"wp","href":"https:\/\/api.w.org\/{rel}","templated":true}]}}