{"id":5968,"date":"2019-07-03T14:15:46","date_gmt":"2019-07-03T12:15:46","guid":{"rendered":"https:\/\/www.cadvilla.pl\/?page_id=5968"},"modified":"2023-10-19T16:55:01","modified_gmt":"2023-10-19T14:55:01","slug":"cadvilla_allgemein","status":"publish","type":"page","link":"https:\/\/www.cadvilla.com\/de\/cadvilla_allgemein\/","title":{"rendered":"cadvilla &#8211; und Planung wird zum Raumerlebnis"},"content":{"rendered":"<section class=\"l-section wpb_row ca-headerbackground0 height_large\"><div class=\"l-section-h i-cf\"><div class=\"g-cols vc_row via_grid cols_1 laptops-cols_inherit tablets-cols_inherit mobiles-cols_1 valign_bottom type_default stacking_default\"><div class=\"wpb_column vc_column_container\"><div class=\"vc_column-inner\"><\/div><\/div><\/div><\/div><\/section><section class=\"l-section wpb_row height_auto\"><div class=\"l-section-h i-cf\"><div class=\"g-cols vc_row via_grid cols_1 laptops-cols_inherit tablets-cols_inherit mobiles-cols_1 valign_top type_default stacking_default\"><div class=\"wpb_column vc_column_container\"><div class=\"vc_column-inner\"><\/div><\/div><\/div><\/div><\/section><section class=\"l-section wpb_row ca-headerbg height_small\" id=\"begin\"><div class=\"l-section-h i-cf\"><div class=\"g-cols vc_row via_grid cols_1 laptops-cols_inherit tablets-cols_inherit mobiles-cols_1 valign_top type_default stacking_default\"><div class=\"wpb_column vc_column_container\"><div class=\"vc_column-inner\"><div class=\"wpb_text_column ca-heading1\"><div class=\"wpb_wrapper\"><h1>cadvilla &#8211; und Planung wird zum Raumerlebnis<\/h1>\n<\/div><\/div><\/div><\/div><\/div><\/div><\/section><section class=\"l-section wpb_row height_medium\"><div class=\"l-section-h i-cf\"><div class=\"g-cols vc_row via_grid cols_\/12 laptops-cols_inherit tablets-cols_inherit mobiles-cols_1 valign_top type_default stacking_default\"><div class=\"wpb_column vc_column_container\"><div class=\"vc_column-inner\"><div class=\"wpb_text_column\"><div class=\"wpb_wrapper\"><h2>Modernste Planungs- und Designsoftware<\/h2>\n<p><img data-dominant-color=\"b4ab98\" data-has-transparency=\"true\" style=\"--dominant-color: #b4ab98;\" loading=\"lazy\" decoding=\"async\" class=\"size-full wp-image-5969 alignright has-transparency\" src=\"https:\/\/www.cadvilla.com\/wp-content\/uploads\/glassy_seethrough.png\" alt=\"Hausplaner Software\" width=\"260\" height=\"225\" \/><strong>\u201ecadvilla\u201c<\/strong> steht f\u00fcr innovative Planungs- und Designsoftware-Pakete &#8211; ein Muss f\u00fcr jeden der mit dem Planen und Bauen von Geb\u00e4uden zu tun hat!<\/p>\n<p>Bereits \u00fcber 103.000 Installationen (Stand 2021) in mehr als 35 L\u00e4ndern sind aus unserer Sicht ein Beweis f\u00fcr das Vertrauen unserer Kunden in cadvilla.<\/p>\n<h3>Professionelle Software<\/h3>\n<p>Mit unseren neuen professionellen Programmen konstruieren und gestalten Sie auf der Basis eines dreidimensionalen Modells. Jeder Planungsschritt, jedes Designelement wird in r\u00e4umliche Darstellung transferiert, pr\u00e4sentiert und in das Gesamtbild integriert. So gibt \u201e<strong>cadvilla\u201c<\/strong> Ihren Ideen vom ersten Moment an Form, setzt sie in gestalteten Raum um, und l\u00e4sst Sie die Entstehung Ihres Wunschobjektes vom ersten \u201eStrich\u201c bis Fertigstellung visuell erleben.<\/p>\n<h3>Einfache Handhabung<\/h3>\n<p><img data-dominant-color=\"a3a193\" data-has-transparency=\"true\" style=\"--dominant-color: #a3a193;\" loading=\"lazy\" decoding=\"async\" class=\"size-full wp-image-5974 alignright has-transparency\" src=\"https:\/\/www.cadvilla.com\/wp-content\/uploads\/glassy_raytraced.png\" alt=\"Hausplaner Programm\" width=\"260\" height=\"227\" \/>Durch die Verwendung von <strong>\u201ecadvilla\u201c<\/strong> werden herk\u00f6mmliches Linienzeichnen und die urspr\u00fcngliche Trennung von Konstruktion und <a href=\"https:\/\/www.cadvilla.com\/de\/3d-visualisierung-cad-software\/\">Visualisierung<\/a> vollends aufgehoben. Mithilfe von Rastern, Hilfslinien und den Konstruktionshilfen k\u00f6nnen schnell beliebige<br \/>\nGrundrisse geplant, eingerichtet und gestaltet werden. Die Handhabung von<br \/>\n<strong>\u201ecadvilla\u201c-Software<\/strong> ben\u00f6tigt keine besonderen CAD-Kenntnisse. Nachdem die Installation weitestgehend automatisch abgelaufen ist, kann direkt mit dem Erarbeiten der ersten Grundrisse begonnen werden \u2013 Sie sind von Anfang an mitten in Ihrem Planungs(t)raum.<\/p>\n<h3>Realisieren Sie Ihre Tr\u00e4ume<\/h3>\n<p>Als Architekt, Innenarchitekt, Fertighaus- und M\u00f6belhersteller, Immobilienmakler aber auch der private Bauherr, Haus- und Wohnungsplaner finden Sie unter den vier <strong>\u201ecadvilla\u201c-Versionen<\/strong><\/p>\n<ul>\n<li>c<img data-dominant-color=\"d6d5d5\" data-has-transparency=\"false\" style=\"--dominant-color: #d6d5d5;\" loading=\"lazy\" decoding=\"async\" class=\"size-full wp-image-5979 alignright not-transparent\" src=\"https:\/\/www.cadvilla.com\/wp-content\/uploads\/glassy_draw.png\" alt=\"Hausplaner\" width=\"260\" height=\"227\" \/>advilla basic<\/li>\n<li>cadvilla basic plus<\/li>\n<li>cadvilla professional<\/li>\n<li>cadvilla professional plus<\/li>\n<\/ul>\n<p>die Software, die Ihren Anforderungen und Bed\u00fcrfnissen entspricht.<\/p>\n<p>Nat\u00fcrlich ist es jederzeit m\u00f6glich, die einzelnen Produkt-Versionen durch verschiedene Modul-Zus\u00e4tze zu erg\u00e4nzen, oder aber, Sie w\u00e4hlen schon heute die Version mit umfangreicheren Modulen, um Ihre (T)raumplanungsw\u00fcnsche jederzeit weiterzuentwickeln.<\/p>\n<p>Alle erzeugten Daten der vier Software-Versionen sind untereinander voll kompatibel. Der Projektimport von ArCon (planTEK) ist bei den Versionen \u201ecadvilla professionell\u201c und \u201ecadvilla professionell plus\u201c vollumf\u00e4nglich gew\u00e4hrleistet.<\/p>\n<\/div><\/div><div class=\"w-btn-wrapper align_left\"><a class=\"w-btn us-btn-style_5 us_custom_2ac0b1fd icon_atleft\" title=\"Startseite \/ Home\" href=\"https:\/\/www.cadvilla.com\/de\/\"><i class=\"fas fa-sign-in\"><\/i><span class=\"w-btn-label\">Weitere Infos zu den Versionen<\/span><\/a><\/div><div class=\"w-separator size_medium\"><\/div><div class=\"g-cols wpb_row via_grid cols_1 laptops-cols_inherit tablets-cols_inherit mobiles-cols_1 valign_top type_default stacking_default\" style=\"--columns-gap:3rem;\"><div class=\"wpb_column vc_column_container\"><div class=\"vc_column-inner\"><div class=\"wpb_text_column\"><div class=\"wpb_wrapper\"><h2>Verf\u00fcgbare Produkte von cadvilla<\/h2>\n<p>cadvilla wird in vier verschiedenen Paketen angeboten.<\/p>\n<p>Diese k\u00f6nnen \u00fcber das oben angef\u00fchrte Men\u00fc im Bereich Produkte angew\u00e4hlt werden.<\/p>\n<p>cadvilla basic und cadvilla basic plus sind f\u00fcr den Heimanwender gedacht und beinhalten alles zum Erstellen eines professionellen Grundrisses bis hin zum Berechnen von hochaufl\u00f6senden fotorealistischen Bildern.<\/p>\n<p>cadvilla professional und cadvilla professional plus ist f\u00fcr den professionellen Einsatz gedacht. Diese Versionen beinhalten alles vom erstellen des Grundrisses, der Planzusammenstellung, Berechnen professioneller fotorealistischer Bilder bis hin zur Daten\u00fcbernahme von anderen CAD-Systemen \u00fcber DXF, DWG und ArCon open Projektimport.<\/p>\n<\/div><\/div><\/div><\/div><\/div><div class=\"g-cols wpb_row via_grid cols_2-1 laptops-cols_inherit tablets-cols_inherit mobiles-cols_1 valign_top type_default stacking_default\" style=\"--columns-gap:3rem;\"><div class=\"wpb_column vc_column_container\"><div class=\"vc_column-inner\"><div class=\"w-separator size_small\"><\/div><div class=\"wpb_text_column us_custom_932250d9 ca-advtext1_de\"><div class=\"wpb_wrapper\"><p style=\"margin-top: 0px; margin-bottom: 0px;\"><img loading=\"lazy\" decoding=\"async\" src=\"https:\/\/www.cadvilla.com\/wp-content\/uploads\/leerzeichen.png\" alt=\"\" width=\"1\" height=\"1\" \/><\/p>\n<\/div><\/div><div class=\"wpb_text_column us_custom_4cec6e8b\"><div class=\"wpb_wrapper\"><p style=\"text-align: center;\"><a href=\"https:\/\/www.cadvilla.com\/de\/cadvilla_basic\/\"><img data-dominant-color=\"5f5e45\" data-has-transparency=\"false\" style=\"--dominant-color: #5f5e45;\" loading=\"lazy\" decoding=\"async\" class=\"ca-bilderrand-beispiele alignnone wp-image-730 not-transparent\" src=\"https:\/\/www.cadvilla.com\/wp-content\/uploads\/vp-cb2d.jpg\" alt=\"cadvilla basic\" width=\"116\" height=\"150\" \/><\/a> <a href=\"https:\/\/www.cadvilla.com\/de\/cadvilla_basic_plus\/\"><img data-dominant-color=\"6a6251\" data-has-transparency=\"false\" style=\"--dominant-color: #6a6251;\" loading=\"lazy\" decoding=\"async\" class=\"ca-bilderrand-beispiele alignnone wp-image-735 not-transparent\" src=\"https:\/\/www.cadvilla.com\/wp-content\/uploads\/vp-cbp2d.jpg\" alt=\"cadvilla basic plus\" width=\"116\" height=\"150\" \/><\/a> <a href=\"https:\/\/www.cadvilla.com\/de\/cadvilla_pro\/\"><img data-dominant-color=\"464134\" data-has-transparency=\"false\" style=\"--dominant-color: #464134;\" loading=\"lazy\" decoding=\"async\" class=\"ca-bilderrand-beispiele alignnone wp-image-740 not-transparent\" src=\"https:\/\/www.cadvilla.com\/wp-content\/uploads\/vp-cp2d.jpg\" alt=\"cadvilla professional\" width=\"116\" height=\"150\" \/><\/a> <a href=\"https:\/\/www.cadvilla.com\/de\/cadvilla_pro_plus\/\"><img data-dominant-color=\"574d3f\" data-has-transparency=\"false\" style=\"--dominant-color: #574d3f;\" loading=\"lazy\" decoding=\"async\" class=\"ca-bilderrand-beispiele alignnone wp-image-745 not-transparent\" src=\"https:\/\/www.cadvilla.com\/wp-content\/uploads\/vp-cpp2d.jpg\" alt=\"cadvilla professional plus\" width=\"116\" height=\"150\" \/><\/a><\/p>\n<\/div><\/div><div class=\"wpb_text_column us_custom_7ae90079 ca-advtext2_de\"><div class=\"wpb_wrapper\"><p><span style=\"color: #ff9900;\"><strong>* <\/strong><\/span><\/p>\n<\/div><\/div><div class=\"w-btn-wrapper align_left\"><a class=\"w-btn us-btn-style_5 us_custom_2ac0b1fd icon_atleft\" title=\"Die zusaetzlichen Funktionen gegenueber der kleineren Versionen\" href=\"https:\/\/www.cadvilla.com\/de\/versionsvergleich_js\/ \"><i class=\"fas fa-sign-in\"><\/i><span class=\"w-btn-label\">Zum Versionsvergleich<\/span><\/a><\/div><\/div><\/div><div class=\"wpb_column vc_column_container\"><div class=\"vc_column-inner\"><\/div><\/div><\/div><\/div><\/div><\/div><\/div><\/section>\n","protected":false},"excerpt":{"rendered":"cadvilla &#8211; und Planung wird zum Raumerlebnis Modernste Planungs- und Designsoftware \u201ecadvilla\u201c steht f\u00fcr innovative Planungs- und Designsoftware-Pakete &#8211; ein Muss f\u00fcr jeden der mit dem Planen und Bauen von Geb\u00e4uden zu tun hat! Bereits \u00fcber 103.000 Installationen (Stand 2021) in mehr als 35 L\u00e4ndern sind aus unserer Sicht ein Beweis f\u00fcr das Vertrauen unserer...","protected":false},"author":1,"featured_media":0,"parent":0,"menu_order":0,"comment_status":"closed","ping_status":"closed","template":"","meta":{"footnotes":""},"class_list":["post-5968","page","type-page","status-publish","hentry"],"yoast_head":"<!-- This site is optimized with the Yoast SEO plugin v27.6 - https:\/\/yoast.com\/product\/yoast-seo-wordpress\/ -->\n<title>cadvilla - Modernste Hausplanungs- und Designsoftware<\/title>\n<meta name=\"description\" content=\"Allgemeines zu cadvilla, der modernen Planungs- und Designsoftware. Professionelle Software zur optimalen Hausplanung f\u00fcr bestes Raumerlebnis. Jetzt downloaden!\" \/>\n<meta name=\"robots\" content=\"index, follow, max-snippet:-1, max-image-preview:large, max-video-preview:-1\" \/>\n<link rel=\"canonical\" href=\"https:\/\/www.cadvilla.com\/de\/cadvilla_allgemein\/\" \/>\n<meta property=\"og:locale\" content=\"de_DE\" \/>\n<meta property=\"og:type\" content=\"article\" \/>\n<meta property=\"og:title\" content=\"cadvilla - Modernste Hausplanungs- und Designsoftware\" \/>\n<meta property=\"og:description\" content=\"Allgemeines zu cadvilla, der modernen Planungs- und Designsoftware. Professionelle Software zur optimalen Hausplanung f\u00fcr bestes Raumerlebnis. Jetzt downloaden!\" \/>\n<meta property=\"og:url\" content=\"https:\/\/www.cadvilla.com\/de\/cadvilla_allgemein\/\" \/>\n<meta property=\"og:site_name\" content=\"cadvilla\" \/>\n<meta property=\"article:modified_time\" content=\"2023-10-19T14:55:01+00:00\" \/>\n<meta property=\"og:image\" content=\"https:\/\/www.cadvilla.com\/wp-content\/uploads\/glassy_seethrough.png\" \/>\n<meta name=\"twitter:card\" content=\"summary_large_image\" \/>\n<meta name=\"twitter:label1\" content=\"Gesch\u00e4tzte Lesezeit\" \/>\n\t<meta name=\"twitter:data1\" content=\"4\u00a0Minuten\" \/>\n<script type=\"application\/ld+json\" class=\"yoast-schema-graph\">{\"@context\":\"https:\\\/\\\/schema.org\",\"@graph\":[{\"@type\":\"WebPage\",\"@id\":\"https:\\\/\\\/www.cadvilla.com\\\/de\\\/cadvilla_allgemein\\\/\",\"url\":\"https:\\\/\\\/www.cadvilla.com\\\/de\\\/cadvilla_allgemein\\\/\",\"name\":\"cadvilla - Modernste Hausplanungs- und Designsoftware\",\"isPartOf\":{\"@id\":\"https:\\\/\\\/www.cadvilla.com\\\/de\\\/#website\"},\"primaryImageOfPage\":{\"@id\":\"https:\\\/\\\/www.cadvilla.com\\\/de\\\/cadvilla_allgemein\\\/#primaryimage\"},\"image\":{\"@id\":\"https:\\\/\\\/www.cadvilla.com\\\/de\\\/cadvilla_allgemein\\\/#primaryimage\"},\"thumbnailUrl\":\"https:\\\/\\\/www.cadvilla.com\\\/wp-content\\\/uploads\\\/glassy_seethrough.png\",\"datePublished\":\"2019-07-03T12:15:46+00:00\",\"dateModified\":\"2023-10-19T14:55:01+00:00\",\"description\":\"Allgemeines zu cadvilla, der modernen Planungs- und Designsoftware. Professionelle Software zur optimalen Hausplanung f\u00fcr bestes Raumerlebnis. Jetzt downloaden!\",\"breadcrumb\":{\"@id\":\"https:\\\/\\\/www.cadvilla.com\\\/de\\\/cadvilla_allgemein\\\/#breadcrumb\"},\"inLanguage\":\"de\",\"potentialAction\":[{\"@type\":\"ReadAction\",\"target\":[\"https:\\\/\\\/www.cadvilla.com\\\/de\\\/cadvilla_allgemein\\\/\"]}]},{\"@type\":\"ImageObject\",\"inLanguage\":\"de\",\"@id\":\"https:\\\/\\\/www.cadvilla.com\\\/de\\\/cadvilla_allgemein\\\/#primaryimage\",\"url\":\"https:\\\/\\\/www.cadvilla.com\\\/wp-content\\\/uploads\\\/glassy_seethrough.png\",\"contentUrl\":\"https:\\\/\\\/www.cadvilla.com\\\/wp-content\\\/uploads\\\/glassy_seethrough.png\"},{\"@type\":\"BreadcrumbList\",\"@id\":\"https:\\\/\\\/www.cadvilla.com\\\/de\\\/cadvilla_allgemein\\\/#breadcrumb\",\"itemListElement\":[{\"@type\":\"ListItem\",\"position\":1,\"name\":\"Startseite\",\"item\":\"https:\\\/\\\/www.cadvilla.com\\\/de\\\/\"},{\"@type\":\"ListItem\",\"position\":2,\"name\":\"cadvilla &#8211; und Planung wird zum Raumerlebnis\"}]},{\"@type\":\"WebSite\",\"@id\":\"https:\\\/\\\/www.cadvilla.com\\\/de\\\/#website\",\"url\":\"https:\\\/\\\/www.cadvilla.com\\\/de\\\/\",\"name\":\"cadvilla\",\"description\":\"\",\"publisher\":{\"@id\":\"https:\\\/\\\/www.cadvilla.com\\\/de\\\/#organization\"},\"potentialAction\":[{\"@type\":\"SearchAction\",\"target\":{\"@type\":\"EntryPoint\",\"urlTemplate\":\"https:\\\/\\\/www.cadvilla.com\\\/de\\\/?s={search_term_string}\"},\"query-input\":{\"@type\":\"PropertyValueSpecification\",\"valueRequired\":true,\"valueName\":\"search_term_string\"}}],\"inLanguage\":\"de\"},{\"@type\":\"Organization\",\"@id\":\"https:\\\/\\\/www.cadvilla.com\\\/de\\\/#organization\",\"name\":\"cadvilla\",\"url\":\"https:\\\/\\\/www.cadvilla.com\\\/de\\\/\",\"logo\":{\"@type\":\"ImageObject\",\"inLanguage\":\"de\",\"@id\":\"https:\\\/\\\/www.cadvilla.com\\\/de\\\/#\\\/schema\\\/logo\\\/image\\\/\",\"url\":\"https:\\\/\\\/www.cadvilla.com\\\/wp-content\\\/uploads\\\/logo_cadvilla.png\",\"contentUrl\":\"https:\\\/\\\/www.cadvilla.com\\\/wp-content\\\/uploads\\\/logo_cadvilla.png\",\"width\":157,\"height\":51,\"caption\":\"cadvilla\"},\"image\":{\"@id\":\"https:\\\/\\\/www.cadvilla.com\\\/de\\\/#\\\/schema\\\/logo\\\/image\\\/\"}}]}<\/script>\n<!-- \/ Yoast SEO plugin. -->","yoast_head_json":{"title":"cadvilla - Modernste Hausplanungs- und Designsoftware","description":"Allgemeines zu cadvilla, der modernen Planungs- und Designsoftware. Professionelle Software zur optimalen Hausplanung f\u00fcr bestes Raumerlebnis. Jetzt downloaden!","robots":{"index":"index","follow":"follow","max-snippet":"max-snippet:-1","max-image-preview":"max-image-preview:large","max-video-preview":"max-video-preview:-1"},"canonical":"https:\/\/www.cadvilla.com\/de\/cadvilla_allgemein\/","og_locale":"de_DE","og_type":"article","og_title":"cadvilla - Modernste Hausplanungs- und Designsoftware","og_description":"Allgemeines zu cadvilla, der modernen Planungs- und Designsoftware. Professionelle Software zur optimalen Hausplanung f\u00fcr bestes Raumerlebnis. Jetzt downloaden!","og_url":"https:\/\/www.cadvilla.com\/de\/cadvilla_allgemein\/","og_site_name":"cadvilla","article_modified_time":"2023-10-19T14:55:01+00:00","og_image":[{"url":"https:\/\/www.cadvilla.com\/wp-content\/uploads\/glassy_seethrough.png","type":"","width":"","height":""}],"twitter_card":"summary_large_image","twitter_misc":{"Gesch\u00e4tzte Lesezeit":"4\u00a0Minuten"},"schema":{"@context":"https:\/\/schema.org","@graph":[{"@type":"WebPage","@id":"https:\/\/www.cadvilla.com\/de\/cadvilla_allgemein\/","url":"https:\/\/www.cadvilla.com\/de\/cadvilla_allgemein\/","name":"cadvilla - Modernste Hausplanungs- und Designsoftware","isPartOf":{"@id":"https:\/\/www.cadvilla.com\/de\/#website"},"primaryImageOfPage":{"@id":"https:\/\/www.cadvilla.com\/de\/cadvilla_allgemein\/#primaryimage"},"image":{"@id":"https:\/\/www.cadvilla.com\/de\/cadvilla_allgemein\/#primaryimage"},"thumbnailUrl":"https:\/\/www.cadvilla.com\/wp-content\/uploads\/glassy_seethrough.png","datePublished":"2019-07-03T12:15:46+00:00","dateModified":"2023-10-19T14:55:01+00:00","description":"Allgemeines zu cadvilla, der modernen Planungs- und Designsoftware. Professionelle Software zur optimalen Hausplanung f\u00fcr bestes Raumerlebnis. Jetzt downloaden!","breadcrumb":{"@id":"https:\/\/www.cadvilla.com\/de\/cadvilla_allgemein\/#breadcrumb"},"inLanguage":"de","potentialAction":[{"@type":"ReadAction","target":["https:\/\/www.cadvilla.com\/de\/cadvilla_allgemein\/"]}]},{"@type":"ImageObject","inLanguage":"de","@id":"https:\/\/www.cadvilla.com\/de\/cadvilla_allgemein\/#primaryimage","url":"https:\/\/www.cadvilla.com\/wp-content\/uploads\/glassy_seethrough.png","contentUrl":"https:\/\/www.cadvilla.com\/wp-content\/uploads\/glassy_seethrough.png"},{"@type":"BreadcrumbList","@id":"https:\/\/www.cadvilla.com\/de\/cadvilla_allgemein\/#breadcrumb","itemListElement":[{"@type":"ListItem","position":1,"name":"Startseite","item":"https:\/\/www.cadvilla.com\/de\/"},{"@type":"ListItem","position":2,"name":"cadvilla &#8211; und Planung wird zum Raumerlebnis"}]},{"@type":"WebSite","@id":"https:\/\/www.cadvilla.com\/de\/#website","url":"https:\/\/www.cadvilla.com\/de\/","name":"cadvilla","description":"","publisher":{"@id":"https:\/\/www.cadvilla.com\/de\/#organization"},"potentialAction":[{"@type":"SearchAction","target":{"@type":"EntryPoint","urlTemplate":"https:\/\/www.cadvilla.com\/de\/?s={search_term_string}"},"query-input":{"@type":"PropertyValueSpecification","valueRequired":true,"valueName":"search_term_string"}}],"inLanguage":"de"},{"@type":"Organization","@id":"https:\/\/www.cadvilla.com\/de\/#organization","name":"cadvilla","url":"https:\/\/www.cadvilla.com\/de\/","logo":{"@type":"ImageObject","inLanguage":"de","@id":"https:\/\/www.cadvilla.com\/de\/#\/schema\/logo\/image\/","url":"https:\/\/www.cadvilla.com\/wp-content\/uploads\/logo_cadvilla.png","contentUrl":"https:\/\/www.cadvilla.com\/wp-content\/uploads\/logo_cadvilla.png","width":157,"height":51,"caption":"cadvilla"},"image":{"@id":"https:\/\/www.cadvilla.com\/de\/#\/schema\/logo\/image\/"}}]}},"_links":{"self":[{"href":"https:\/\/www.cadvilla.com\/de\/wp-json\/wp\/v2\/pages\/5968","targetHints":{"allow":["GET"]}}],"collection":[{"href":"https:\/\/www.cadvilla.com\/de\/wp-json\/wp\/v2\/pages"}],"about":[{"href":"https:\/\/www.cadvilla.com\/de\/wp-json\/wp\/v2\/types\/page"}],"author":[{"embeddable":true,"href":"https:\/\/www.cadvilla.com\/de\/wp-json\/wp\/v2\/users\/1"}],"replies":[{"embeddable":true,"href":"https:\/\/www.cadvilla.com\/de\/wp-json\/wp\/v2\/comments?post=5968"}],"version-history":[{"count":0,"href":"https:\/\/www.cadvilla.com\/de\/wp-json\/wp\/v2\/pages\/5968\/revisions"}],"wp:attachment":[{"href":"https:\/\/www.cadvilla.com\/de\/wp-json\/wp\/v2\/media?parent=5968"}],"curies":[{"name":"wp","href":"https:\/\/api.w.org\/{rel}","templated":true}]}}