{"id":853,"date":"2019-04-10T09:16:48","date_gmt":"2019-04-10T07:16:48","guid":{"rendered":"https:\/\/www.cadvilla.pl\/?page_id=853"},"modified":"2019-12-24T09:01:25","modified_gmt":"2019-12-24T07:01:25","slug":"sv-planerfassung","status":"publish","type":"page","link":"https:\/\/www.cadvilla.com\/de\/sv-planerfassung\/","title":{"rendered":"Planerfassung mit cadvilla als Serviceleistung"},"content":{"rendered":"<section class=\"l-section wpb_row height_auto\"><div class=\"l-section-h i-cf\"><div class=\"g-cols vc_row via_grid cols_1 laptops-cols_inherit tablets-cols_inherit mobiles-cols_1 valign_top type_default stacking_default\"><div class=\"wpb_column vc_column_container\"><div class=\"vc_column-inner\"><\/div><\/div><\/div><\/div><\/section><section class=\"l-section wpb_row ca-headerbg height_small\" id=\"begin\"><div class=\"l-section-h i-cf\"><div class=\"g-cols vc_row via_grid cols_1 laptops-cols_inherit tablets-cols_inherit mobiles-cols_1 valign_top type_default stacking_default\"><div class=\"wpb_column vc_column_container\"><div class=\"vc_column-inner\"><div class=\"wpb_text_column\"><div class=\"wpb_wrapper\"><h1>Planerfassung mit cadvilla als Serviceleistung<\/h1>\n<\/div><\/div><\/div><\/div><\/div><\/div><\/section><section class=\"l-section wpb_row height_medium\"><div class=\"l-section-h i-cf\"><div class=\"g-cols vc_row via_grid cols_1 laptops-cols_inherit tablets-cols_inherit mobiles-cols_1 valign_top type_default stacking_default\"><div class=\"wpb_column vc_column_container\"><div class=\"vc_column-inner\"><div class=\"wpb_text_column\"><div class=\"wpb_wrapper\"><h2>Erfassen von gesamten Grundrisspl\u00e4nen nach Vorgabe des Kunden<\/h2>\n<p>Sie haben zu wenig Zeit um sich in eine unserer cadvilla Versionen einzuarbeiten und m\u00f6chten das Erstellen von Grundrisspl\u00e4nen als Dienstleistung zukaufen? Dann sind sie in diesem Bereich richtig.<\/p>\n<p>Wir bieten Ihnen das Digitalisieren von Grundrissen als Dienstleistung an.<br \/>\nWir erstellen auf Basis der von Ihnen \u00fcbermittelten Planunterlagen (z.B. Handzeichnungen, Plankopien) Grundrisspl\u00e4ne zu einem ansprechenden Preis. Diese Grundrisspl\u00e4ne werden als Datei im cadvilla Format bereitgestellt und Sie k\u00f6nnen danach Ihr Projekt beliebig weiter bearbeiten und daraus z.B. Ansichten und gerenderte Bilder erstellen.<\/p>\n<p>F\u00fcr Kunden die mehrere Grundrisse ben\u00f6tigen erstellen wir gerne ein speziell zugeschnittenes Paket.<\/p>\n<p>F\u00fcr eine Anfrage f\u00fcllen Sie bitte das folgende Formular aus oder senden uns ein E-Mail an die unten angef\u00fchrte E-Mail Adresse.<\/p>\n<\/div><\/div><\/div><\/div><\/div><\/div><\/section><section class=\"l-section wpb_row height_small\" id=\"Formular\"><div class=\"l-section-h i-cf\"><div class=\"g-cols vc_row via_grid cols_1 laptops-cols_inherit tablets-cols_inherit mobiles-cols_1 valign_top type_default stacking_default\"><div class=\"wpb_column vc_column_container\"><div class=\"vc_column-inner\"><div class=\"wpb_text_column us_custom_058d0aad\"><div class=\"wpb_wrapper\"><div id=\"mf_placeholder\" data-formurl=\"\/\/www.cadvilla.com\/formpruefer\/embed.php?id=5\" data-formheight=\"1142\" data-formtitle=\"Anfrage zum Erfassen eines Plans mit cadvilla\" data-paddingbottom=\"10\"><\/div>\n<p><script>\n\t(function(f,o,r,m){\n\t\tr=f.createElement('script');r.async=1;r.src=o+'js\/mf.js';\n\t\tm=f.getElementById('mf_placeholder'); m.parentNode.insertBefore(r, m);\n\t})(document,'\/\/www.cadvilla.com\/formpruefer\/');\n<\/script><\/p>\n<\/div><\/div><\/div><\/div><\/div><\/div><\/section>\n","protected":false},"excerpt":{"rendered":"Planerfassung mit cadvilla als Serviceleistung Erfassen von gesamten Grundrisspl\u00e4nen nach Vorgabe des Kunden Sie haben zu wenig Zeit um sich in eine unserer cadvilla Versionen einzuarbeiten und m\u00f6chten das Erstellen von Grundrisspl\u00e4nen als Dienstleistung zukaufen? Dann sind sie in diesem Bereich richtig. Wir bieten Ihnen das Digitalisieren von Grundrissen als Dienstleistung an. Wir erstellen auf...","protected":false},"author":1,"featured_media":0,"parent":0,"menu_order":0,"comment_status":"closed","ping_status":"closed","template":"","meta":{"footnotes":""},"class_list":["post-853","page","type-page","status-publish","hentry"],"yoast_head":"<!-- This site is optimized with the Yoast SEO plugin v27.4 - https:\/\/yoast.com\/product\/yoast-seo-wordpress\/ -->\n<title>Planerfassung mit cadvilla<\/title>\n<meta name=\"description\" content=\"Planerfassung von Ihrem Projekt mit dem Planungsprogramm cadvilla durch uns. Wir zeichnen Ihr Projekt schnell und kosteng\u00fcnstig. Jetzt anfragen!\" \/>\n<meta name=\"robots\" content=\"index, follow, max-snippet:-1, max-image-preview:large, max-video-preview:-1\" \/>\n<link rel=\"canonical\" href=\"https:\/\/www.cadvilla.com\/de\/sv-planerfassung\/\" \/>\n<meta property=\"og:locale\" content=\"de_DE\" \/>\n<meta property=\"og:type\" content=\"article\" \/>\n<meta property=\"og:title\" content=\"Planerfassung mit cadvilla\" \/>\n<meta property=\"og:description\" content=\"Planerfassung von Ihrem Projekt mit dem Planungsprogramm cadvilla durch uns. Wir zeichnen Ihr Projekt schnell und kosteng\u00fcnstig. Jetzt anfragen!\" \/>\n<meta property=\"og:url\" content=\"https:\/\/www.cadvilla.com\/de\/sv-planerfassung\/\" \/>\n<meta property=\"og:site_name\" content=\"cadvilla\" \/>\n<meta property=\"article:modified_time\" content=\"2019-12-24T07:01:25+00:00\" \/>\n<meta name=\"twitter:card\" content=\"summary_large_image\" \/>\n<meta name=\"twitter:label1\" content=\"Gesch\u00e4tzte Lesezeit\" \/>\n\t<meta name=\"twitter:data1\" content=\"1\u00a0Minute\" \/>\n<script type=\"application\/ld+json\" class=\"yoast-schema-graph\">{\"@context\":\"https:\\\/\\\/schema.org\",\"@graph\":[{\"@type\":\"WebPage\",\"@id\":\"https:\\\/\\\/www.cadvilla.com\\\/de\\\/sv-planerfassung\\\/\",\"url\":\"https:\\\/\\\/www.cadvilla.com\\\/de\\\/sv-planerfassung\\\/\",\"name\":\"Planerfassung mit cadvilla\",\"isPartOf\":{\"@id\":\"https:\\\/\\\/www.cadvilla.com\\\/de\\\/#website\"},\"datePublished\":\"2019-04-10T07:16:48+00:00\",\"dateModified\":\"2019-12-24T07:01:25+00:00\",\"description\":\"Planerfassung von Ihrem Projekt mit dem Planungsprogramm cadvilla durch uns. Wir zeichnen Ihr Projekt schnell und kosteng\u00fcnstig. Jetzt anfragen!\",\"breadcrumb\":{\"@id\":\"https:\\\/\\\/www.cadvilla.com\\\/de\\\/sv-planerfassung\\\/#breadcrumb\"},\"inLanguage\":\"de\",\"potentialAction\":[{\"@type\":\"ReadAction\",\"target\":[\"https:\\\/\\\/www.cadvilla.com\\\/de\\\/sv-planerfassung\\\/\"]}]},{\"@type\":\"BreadcrumbList\",\"@id\":\"https:\\\/\\\/www.cadvilla.com\\\/de\\\/sv-planerfassung\\\/#breadcrumb\",\"itemListElement\":[{\"@type\":\"ListItem\",\"position\":1,\"name\":\"Startseite\",\"item\":\"https:\\\/\\\/www.cadvilla.com\\\/de\\\/\"},{\"@type\":\"ListItem\",\"position\":2,\"name\":\"Planerfassung mit cadvilla als Serviceleistung\"}]},{\"@type\":\"WebSite\",\"@id\":\"https:\\\/\\\/www.cadvilla.com\\\/de\\\/#website\",\"url\":\"https:\\\/\\\/www.cadvilla.com\\\/de\\\/\",\"name\":\"cadvilla\",\"description\":\"\",\"publisher\":{\"@id\":\"https:\\\/\\\/www.cadvilla.com\\\/de\\\/#organization\"},\"potentialAction\":[{\"@type\":\"SearchAction\",\"target\":{\"@type\":\"EntryPoint\",\"urlTemplate\":\"https:\\\/\\\/www.cadvilla.com\\\/de\\\/?s={search_term_string}\"},\"query-input\":{\"@type\":\"PropertyValueSpecification\",\"valueRequired\":true,\"valueName\":\"search_term_string\"}}],\"inLanguage\":\"de\"},{\"@type\":\"Organization\",\"@id\":\"https:\\\/\\\/www.cadvilla.com\\\/de\\\/#organization\",\"name\":\"cadvilla\",\"url\":\"https:\\\/\\\/www.cadvilla.com\\\/de\\\/\",\"logo\":{\"@type\":\"ImageObject\",\"inLanguage\":\"de\",\"@id\":\"https:\\\/\\\/www.cadvilla.com\\\/de\\\/#\\\/schema\\\/logo\\\/image\\\/\",\"url\":\"https:\\\/\\\/www.cadvilla.com\\\/wp-content\\\/uploads\\\/logo_cadvilla.png\",\"contentUrl\":\"https:\\\/\\\/www.cadvilla.com\\\/wp-content\\\/uploads\\\/logo_cadvilla.png\",\"width\":157,\"height\":51,\"caption\":\"cadvilla\"},\"image\":{\"@id\":\"https:\\\/\\\/www.cadvilla.com\\\/de\\\/#\\\/schema\\\/logo\\\/image\\\/\"}}]}<\/script>\n<!-- \/ Yoast SEO plugin. -->","yoast_head_json":{"title":"Planerfassung mit cadvilla","description":"Planerfassung von Ihrem Projekt mit dem Planungsprogramm cadvilla durch uns. Wir zeichnen Ihr Projekt schnell und kosteng\u00fcnstig. Jetzt anfragen!","robots":{"index":"index","follow":"follow","max-snippet":"max-snippet:-1","max-image-preview":"max-image-preview:large","max-video-preview":"max-video-preview:-1"},"canonical":"https:\/\/www.cadvilla.com\/de\/sv-planerfassung\/","og_locale":"de_DE","og_type":"article","og_title":"Planerfassung mit cadvilla","og_description":"Planerfassung von Ihrem Projekt mit dem Planungsprogramm cadvilla durch uns. Wir zeichnen Ihr Projekt schnell und kosteng\u00fcnstig. Jetzt anfragen!","og_url":"https:\/\/www.cadvilla.com\/de\/sv-planerfassung\/","og_site_name":"cadvilla","article_modified_time":"2019-12-24T07:01:25+00:00","twitter_card":"summary_large_image","twitter_misc":{"Gesch\u00e4tzte Lesezeit":"1\u00a0Minute"},"schema":{"@context":"https:\/\/schema.org","@graph":[{"@type":"WebPage","@id":"https:\/\/www.cadvilla.com\/de\/sv-planerfassung\/","url":"https:\/\/www.cadvilla.com\/de\/sv-planerfassung\/","name":"Planerfassung mit cadvilla","isPartOf":{"@id":"https:\/\/www.cadvilla.com\/de\/#website"},"datePublished":"2019-04-10T07:16:48+00:00","dateModified":"2019-12-24T07:01:25+00:00","description":"Planerfassung von Ihrem Projekt mit dem Planungsprogramm cadvilla durch uns. Wir zeichnen Ihr Projekt schnell und kosteng\u00fcnstig. Jetzt anfragen!","breadcrumb":{"@id":"https:\/\/www.cadvilla.com\/de\/sv-planerfassung\/#breadcrumb"},"inLanguage":"de","potentialAction":[{"@type":"ReadAction","target":["https:\/\/www.cadvilla.com\/de\/sv-planerfassung\/"]}]},{"@type":"BreadcrumbList","@id":"https:\/\/www.cadvilla.com\/de\/sv-planerfassung\/#breadcrumb","itemListElement":[{"@type":"ListItem","position":1,"name":"Startseite","item":"https:\/\/www.cadvilla.com\/de\/"},{"@type":"ListItem","position":2,"name":"Planerfassung mit cadvilla als Serviceleistung"}]},{"@type":"WebSite","@id":"https:\/\/www.cadvilla.com\/de\/#website","url":"https:\/\/www.cadvilla.com\/de\/","name":"cadvilla","description":"","publisher":{"@id":"https:\/\/www.cadvilla.com\/de\/#organization"},"potentialAction":[{"@type":"SearchAction","target":{"@type":"EntryPoint","urlTemplate":"https:\/\/www.cadvilla.com\/de\/?s={search_term_string}"},"query-input":{"@type":"PropertyValueSpecification","valueRequired":true,"valueName":"search_term_string"}}],"inLanguage":"de"},{"@type":"Organization","@id":"https:\/\/www.cadvilla.com\/de\/#organization","name":"cadvilla","url":"https:\/\/www.cadvilla.com\/de\/","logo":{"@type":"ImageObject","inLanguage":"de","@id":"https:\/\/www.cadvilla.com\/de\/#\/schema\/logo\/image\/","url":"https:\/\/www.cadvilla.com\/wp-content\/uploads\/logo_cadvilla.png","contentUrl":"https:\/\/www.cadvilla.com\/wp-content\/uploads\/logo_cadvilla.png","width":157,"height":51,"caption":"cadvilla"},"image":{"@id":"https:\/\/www.cadvilla.com\/de\/#\/schema\/logo\/image\/"}}]}},"_links":{"self":[{"href":"https:\/\/www.cadvilla.com\/de\/wp-json\/wp\/v2\/pages\/853","targetHints":{"allow":["GET"]}}],"collection":[{"href":"https:\/\/www.cadvilla.com\/de\/wp-json\/wp\/v2\/pages"}],"about":[{"href":"https:\/\/www.cadvilla.com\/de\/wp-json\/wp\/v2\/types\/page"}],"author":[{"embeddable":true,"href":"https:\/\/www.cadvilla.com\/de\/wp-json\/wp\/v2\/users\/1"}],"replies":[{"embeddable":true,"href":"https:\/\/www.cadvilla.com\/de\/wp-json\/wp\/v2\/comments?post=853"}],"version-history":[{"count":0,"href":"https:\/\/www.cadvilla.com\/de\/wp-json\/wp\/v2\/pages\/853\/revisions"}],"wp:attachment":[{"href":"https:\/\/www.cadvilla.com\/de\/wp-json\/wp\/v2\/media?parent=853"}],"curies":[{"name":"wp","href":"https:\/\/api.w.org\/{rel}","templated":true}]}}