{"id":915,"date":"2019-04-10T11:59:24","date_gmt":"2019-04-10T09:59:24","guid":{"rendered":"https:\/\/www.cadvilla.pl\/?page_id=915"},"modified":"2022-09-29T16:31:07","modified_gmt":"2022-09-29T14:31:07","slug":"k-freischaltung","status":"publish","type":"page","link":"https:\/\/www.cadvilla.com\/de\/k-freischaltung\/","title":{"rendered":"cadvilla Freischaltung"},"content":{"rendered":"<section class=\"l-section wpb_row ca-headerbackground0 height_auto\"><div class=\"l-section-h i-cf\"><div class=\"g-cols vc_row via_grid cols_1 laptops-cols_inherit tablets-cols_inherit mobiles-cols_1 valign_bottom type_default stacking_default\"><div class=\"wpb_column vc_column_container\"><div class=\"vc_column-inner\"><\/div><\/div><\/div><\/div><\/section><section class=\"l-section wpb_row height_auto\"><div class=\"l-section-h i-cf\"><div class=\"g-cols vc_row via_grid cols_1 laptops-cols_inherit tablets-cols_inherit mobiles-cols_1 valign_top type_default stacking_default\"><div class=\"wpb_column vc_column_container\"><div class=\"vc_column-inner\"><\/div><\/div><\/div><\/div><\/section><section class=\"l-section wpb_row ca-headerbg height_small\" id=\"begin\"><div class=\"l-section-h i-cf\"><div class=\"g-cols vc_row via_grid cols_1 laptops-cols_inherit tablets-cols_inherit mobiles-cols_1 valign_top type_default stacking_default\"><div class=\"wpb_column vc_column_container\"><div class=\"vc_column-inner\"><div class=\"wpb_text_column\"><div class=\"wpb_wrapper\"><h1>Anforderung unbegrenzte Freischaltung<\/h1>\n<\/div><\/div><\/div><\/div><\/div><\/div><\/section><section class=\"l-section wpb_row height_medium\"><div class=\"l-section-h i-cf\"><div class=\"g-cols vc_row via_grid cols_1 laptops-cols_inherit tablets-cols_inherit mobiles-cols_1 valign_top type_default stacking_default\"><div class=\"wpb_column vc_column_container\"><div class=\"vc_column-inner\"><div class=\"wpb_text_column\"><div class=\"wpb_wrapper\"><h2>Freischaltung von cadvilla<\/h2>\n<p>Bei Erwerb von cadvilla basic oder cadvilla basic plus werden die Produkte auf den K\u00e4ufer vor Auslieferung vorlizenziert. Eine gesonderte Freischaltung nach Installation ist daher nicht mehr notwendig.<\/p>\n<p>Bei cadvilla professional und cadvilla professional plus ist das anders. F\u00fcr die endg\u00fcltige Freischaltung f\u00fcllen Sie bitte nachstehendes Formular aus. Nach Absenden Ihrer Angaben erhalten Sie dazu eine Best\u00e4tigungsnachricht.<\/p>\n<p>Sollte dieses Formular nicht funktionieren, senden Sie bitte direkt ein Email mit den abgefragten Daten an <span style=\"display: none;\">are-<\/span><span style=\"display: inline;\">info<\/span><span style=\"display: none;\">-xya34<\/span><span style=\"display: inline;\">@<\/span><span style=\"display: none;\">ddks-<\/span><span style=\"display: inline;\">cadvilla.com<\/span><\/p>\n<\/div><\/div><\/div><\/div><\/div><\/div><\/section><section class=\"l-section wpb_row height_small\"><div class=\"l-section-h i-cf\"><div class=\"g-cols vc_row via_grid cols_1 laptops-cols_inherit tablets-cols_inherit mobiles-cols_1 valign_top type_default stacking_default\"><div class=\"wpb_column vc_column_container us_custom_425a90e6 has_bg_color\"><div class=\"vc_column-inner\">[vc_raw_js]JTNDZGl2JTIwaWQlM0QlMjJtZl9wbGFjZWhvbGRlciUyMiUyMCUwQSUyMCUyMCUyMCUyMCUyMGRhdGEtZm9ybXVybCUzRCUyMiUyRiUyRnd3dy5jYWR2aWxsYS5jb20lMkZmb3JtcHJ1ZWZlciUyRmVtYmVkLnBocCUzRmlkJTNENiUyMiUyMCUwQSUyMCUyMCUyMCUyMCUyMGRhdGEtZm9ybWhlaWdodCUzRCUyMjE0NTAlMjIlMjAlMjAlMEElMjAlMjAlMjAlMjAlMjBkYXRhLWZvcm10aXRsZSUzRCUyMkFuZm9yZGVydW5nJTIwZGVyJTIwRnJlaXNjaGFsdHVuZyUyMiUyMCUyMCUwQSUyMCUyMCUyMCUyMCUyMGRhdGEtcGFkZGluZ2JvdHRvbSUzRCUyMjEwJTIyJTNFJTBBJTNDJTJGZGl2JTNFJTBBJTNDc2NyaXB0JTNFJTBBJTA5JTI4ZnVuY3Rpb24lMjhmJTJDbyUyQ3IlMkNtJTI5JTdCJTBBJTA5JTA5ciUzRGYuY3JlYXRlRWxlbWVudCUyOCUyN3NjcmlwdCUyNyUyOSUzQnIuYXN5bmMlM0QxJTNCci5zcmMlM0RvJTJCJTI3anMlMkZtZi5qcyUyNyUzQiUwQSUwOSUwOW0lM0RmLmdldEVsZW1lbnRCeUlkJTI4JTI3bWZfcGxhY2Vob2xkZXIlMjclMjklM0IlMjBtLnBhcmVudE5vZGUuaW5zZXJ0QmVmb3JlJTI4ciUyQyUyMG0lMjklM0IlMEElMDklN0QlMjklMjhkb2N1bWVudCUyQyUyNyUyRiUyRnd3dy5jYWR2aWxsYS5jb20lMkZmb3JtcHJ1ZWZlciUyRiUyNyUyOSUzQiUwQSUzQyUyRnNjcmlwdCUzRQ==[\/vc_raw_js]<\/div><\/div><\/div><\/div><\/section>\n","protected":false},"excerpt":{"rendered":"Anforderung unbegrenzte Freischaltung Freischaltung von cadvilla Bei Erwerb von cadvilla basic oder cadvilla basic plus werden die Produkte auf den K\u00e4ufer vor Auslieferung vorlizenziert. Eine gesonderte Freischaltung nach Installation ist daher nicht mehr notwendig. Bei cadvilla professional und cadvilla professional plus ist das anders. F\u00fcr die endg\u00fcltige Freischaltung f\u00fcllen Sie bitte nachstehendes Formular aus. Nach...","protected":false},"author":1,"featured_media":0,"parent":0,"menu_order":0,"comment_status":"closed","ping_status":"closed","template":"","meta":{"footnotes":""},"class_list":["post-915","page","type-page","status-publish","hentry"],"yoast_head":"<!-- This site is optimized with the Yoast SEO plugin v27.4 - https:\/\/yoast.com\/product\/yoast-seo-wordpress\/ -->\n<title>cadvilla Freischaltung<\/title>\n<meta name=\"description\" content=\"Anforderung unbegrenzte Freischaltung f\u00fcr cadvilla\" \/>\n<meta name=\"robots\" content=\"index, follow, max-snippet:-1, max-image-preview:large, max-video-preview:-1\" \/>\n<link rel=\"canonical\" href=\"https:\/\/www.cadvilla.com\/de\/k-freischaltung\/\" \/>\n<meta property=\"og:locale\" content=\"de_DE\" \/>\n<meta property=\"og:type\" content=\"article\" \/>\n<meta property=\"og:title\" content=\"cadvilla Freischaltung\" \/>\n<meta property=\"og:description\" content=\"Anforderung unbegrenzte Freischaltung f\u00fcr cadvilla\" \/>\n<meta property=\"og:url\" content=\"https:\/\/www.cadvilla.com\/de\/k-freischaltung\/\" \/>\n<meta property=\"og:site_name\" content=\"cadvilla\" \/>\n<meta property=\"article:modified_time\" content=\"2022-09-29T14:31:07+00:00\" \/>\n<meta name=\"twitter:card\" content=\"summary_large_image\" \/>\n<meta name=\"twitter:label1\" content=\"Gesch\u00e4tzte Lesezeit\" \/>\n\t<meta name=\"twitter:data1\" content=\"1\u00a0Minute\" \/>\n<script type=\"application\/ld+json\" class=\"yoast-schema-graph\">{\"@context\":\"https:\\\/\\\/schema.org\",\"@graph\":[{\"@type\":\"WebPage\",\"@id\":\"https:\\\/\\\/www.cadvilla.com\\\/de\\\/k-freischaltung\\\/\",\"url\":\"https:\\\/\\\/www.cadvilla.com\\\/de\\\/k-freischaltung\\\/\",\"name\":\"cadvilla Freischaltung\",\"isPartOf\":{\"@id\":\"https:\\\/\\\/www.cadvilla.com\\\/de\\\/#website\"},\"datePublished\":\"2019-04-10T09:59:24+00:00\",\"dateModified\":\"2022-09-29T14:31:07+00:00\",\"description\":\"Anforderung unbegrenzte Freischaltung f\u00fcr cadvilla\",\"breadcrumb\":{\"@id\":\"https:\\\/\\\/www.cadvilla.com\\\/de\\\/k-freischaltung\\\/#breadcrumb\"},\"inLanguage\":\"de\",\"potentialAction\":[{\"@type\":\"ReadAction\",\"target\":[\"https:\\\/\\\/www.cadvilla.com\\\/de\\\/k-freischaltung\\\/\"]}]},{\"@type\":\"BreadcrumbList\",\"@id\":\"https:\\\/\\\/www.cadvilla.com\\\/de\\\/k-freischaltung\\\/#breadcrumb\",\"itemListElement\":[{\"@type\":\"ListItem\",\"position\":1,\"name\":\"Startseite\",\"item\":\"https:\\\/\\\/www.cadvilla.com\\\/de\\\/\"},{\"@type\":\"ListItem\",\"position\":2,\"name\":\"cadvilla Freischaltung\"}]},{\"@type\":\"WebSite\",\"@id\":\"https:\\\/\\\/www.cadvilla.com\\\/de\\\/#website\",\"url\":\"https:\\\/\\\/www.cadvilla.com\\\/de\\\/\",\"name\":\"cadvilla\",\"description\":\"\",\"publisher\":{\"@id\":\"https:\\\/\\\/www.cadvilla.com\\\/de\\\/#organization\"},\"potentialAction\":[{\"@type\":\"SearchAction\",\"target\":{\"@type\":\"EntryPoint\",\"urlTemplate\":\"https:\\\/\\\/www.cadvilla.com\\\/de\\\/?s={search_term_string}\"},\"query-input\":{\"@type\":\"PropertyValueSpecification\",\"valueRequired\":true,\"valueName\":\"search_term_string\"}}],\"inLanguage\":\"de\"},{\"@type\":\"Organization\",\"@id\":\"https:\\\/\\\/www.cadvilla.com\\\/de\\\/#organization\",\"name\":\"cadvilla\",\"url\":\"https:\\\/\\\/www.cadvilla.com\\\/de\\\/\",\"logo\":{\"@type\":\"ImageObject\",\"inLanguage\":\"de\",\"@id\":\"https:\\\/\\\/www.cadvilla.com\\\/de\\\/#\\\/schema\\\/logo\\\/image\\\/\",\"url\":\"https:\\\/\\\/www.cadvilla.com\\\/wp-content\\\/uploads\\\/logo_cadvilla.png\",\"contentUrl\":\"https:\\\/\\\/www.cadvilla.com\\\/wp-content\\\/uploads\\\/logo_cadvilla.png\",\"width\":157,\"height\":51,\"caption\":\"cadvilla\"},\"image\":{\"@id\":\"https:\\\/\\\/www.cadvilla.com\\\/de\\\/#\\\/schema\\\/logo\\\/image\\\/\"}}]}<\/script>\n<!-- \/ Yoast SEO plugin. -->","yoast_head_json":{"title":"cadvilla Freischaltung","description":"Anforderung unbegrenzte Freischaltung f\u00fcr cadvilla","robots":{"index":"index","follow":"follow","max-snippet":"max-snippet:-1","max-image-preview":"max-image-preview:large","max-video-preview":"max-video-preview:-1"},"canonical":"https:\/\/www.cadvilla.com\/de\/k-freischaltung\/","og_locale":"de_DE","og_type":"article","og_title":"cadvilla Freischaltung","og_description":"Anforderung unbegrenzte Freischaltung f\u00fcr cadvilla","og_url":"https:\/\/www.cadvilla.com\/de\/k-freischaltung\/","og_site_name":"cadvilla","article_modified_time":"2022-09-29T14:31:07+00:00","twitter_card":"summary_large_image","twitter_misc":{"Gesch\u00e4tzte Lesezeit":"1\u00a0Minute"},"schema":{"@context":"https:\/\/schema.org","@graph":[{"@type":"WebPage","@id":"https:\/\/www.cadvilla.com\/de\/k-freischaltung\/","url":"https:\/\/www.cadvilla.com\/de\/k-freischaltung\/","name":"cadvilla Freischaltung","isPartOf":{"@id":"https:\/\/www.cadvilla.com\/de\/#website"},"datePublished":"2019-04-10T09:59:24+00:00","dateModified":"2022-09-29T14:31:07+00:00","description":"Anforderung unbegrenzte Freischaltung f\u00fcr cadvilla","breadcrumb":{"@id":"https:\/\/www.cadvilla.com\/de\/k-freischaltung\/#breadcrumb"},"inLanguage":"de","potentialAction":[{"@type":"ReadAction","target":["https:\/\/www.cadvilla.com\/de\/k-freischaltung\/"]}]},{"@type":"BreadcrumbList","@id":"https:\/\/www.cadvilla.com\/de\/k-freischaltung\/#breadcrumb","itemListElement":[{"@type":"ListItem","position":1,"name":"Startseite","item":"https:\/\/www.cadvilla.com\/de\/"},{"@type":"ListItem","position":2,"name":"cadvilla Freischaltung"}]},{"@type":"WebSite","@id":"https:\/\/www.cadvilla.com\/de\/#website","url":"https:\/\/www.cadvilla.com\/de\/","name":"cadvilla","description":"","publisher":{"@id":"https:\/\/www.cadvilla.com\/de\/#organization"},"potentialAction":[{"@type":"SearchAction","target":{"@type":"EntryPoint","urlTemplate":"https:\/\/www.cadvilla.com\/de\/?s={search_term_string}"},"query-input":{"@type":"PropertyValueSpecification","valueRequired":true,"valueName":"search_term_string"}}],"inLanguage":"de"},{"@type":"Organization","@id":"https:\/\/www.cadvilla.com\/de\/#organization","name":"cadvilla","url":"https:\/\/www.cadvilla.com\/de\/","logo":{"@type":"ImageObject","inLanguage":"de","@id":"https:\/\/www.cadvilla.com\/de\/#\/schema\/logo\/image\/","url":"https:\/\/www.cadvilla.com\/wp-content\/uploads\/logo_cadvilla.png","contentUrl":"https:\/\/www.cadvilla.com\/wp-content\/uploads\/logo_cadvilla.png","width":157,"height":51,"caption":"cadvilla"},"image":{"@id":"https:\/\/www.cadvilla.com\/de\/#\/schema\/logo\/image\/"}}]}},"_links":{"self":[{"href":"https:\/\/www.cadvilla.com\/de\/wp-json\/wp\/v2\/pages\/915","targetHints":{"allow":["GET"]}}],"collection":[{"href":"https:\/\/www.cadvilla.com\/de\/wp-json\/wp\/v2\/pages"}],"about":[{"href":"https:\/\/www.cadvilla.com\/de\/wp-json\/wp\/v2\/types\/page"}],"author":[{"embeddable":true,"href":"https:\/\/www.cadvilla.com\/de\/wp-json\/wp\/v2\/users\/1"}],"replies":[{"embeddable":true,"href":"https:\/\/www.cadvilla.com\/de\/wp-json\/wp\/v2\/comments?post=915"}],"version-history":[{"count":0,"href":"https:\/\/www.cadvilla.com\/de\/wp-json\/wp\/v2\/pages\/915\/revisions"}],"wp:attachment":[{"href":"https:\/\/www.cadvilla.com\/de\/wp-json\/wp\/v2\/media?parent=915"}],"curies":[{"name":"wp","href":"https:\/\/api.w.org\/{rel}","templated":true}]}}