{"id":943,"date":"2019-04-10T14:15:58","date_gmt":"2019-04-10T12:15:58","guid":{"rendered":"https:\/\/www.cadvilla.pl\/?page_id=943"},"modified":"2019-12-24T09:01:25","modified_gmt":"2019-12-24T07:01:25","slug":"sv-exposeplan","status":"publish","type":"page","link":"https:\/\/www.cadvilla.com\/de\/sv-exposeplan\/","title":{"rendered":"Expos\u00e9pl\u00e4ne mit cadvilla erstellen &#8211; Als Dienstleistung"},"content":{"rendered":"<section class=\"l-section wpb_row ca-headerbackground1 height_large\"><div class=\"l-section-h i-cf\"><div class=\"g-cols vc_row via_grid cols_1 laptops-cols_inherit tablets-cols_inherit mobiles-cols_1 valign_bottom type_default stacking_default\"><div class=\"wpb_column vc_column_container\"><div class=\"vc_column-inner\">[vc_custom_heading text=&#8220;Wir erstellen Ihre Expos\u00e9pl\u00e4ne&#8220; font_container=&#8220;tag:p|text_align:center&#8220; use_theme_fonts=&#8220;yes&#8220; el_class=&#8220;ca-headertext&#8220;]<div class=\"w-iconbox ca-headerbutton iconpos_top style_outlined color_primary align_center no_text no_title\"><a href=\"#begin\" class=\"w-iconbox-link\" aria-label=\"fas|chevron-down\"><div class=\"w-iconbox-icon\" style=\"font-size:;\"><i class=\"fas fa-chevron-down\"><\/i><\/div><\/a><div class=\"w-iconbox-meta\"><\/div><\/div><\/div><\/div><\/div><\/div><\/section><section class=\"l-section wpb_row height_auto\"><div class=\"l-section-h i-cf\"><div class=\"g-cols vc_row via_grid cols_1 laptops-cols_inherit tablets-cols_inherit mobiles-cols_1 valign_top type_default stacking_default\"><div class=\"wpb_column vc_column_container\"><div class=\"vc_column-inner\"><\/div><\/div><\/div><\/div><\/section><section class=\"l-section wpb_row ca-headerbg height_small\" id=\"begin\"><div class=\"l-section-h i-cf\"><div class=\"g-cols vc_row via_grid cols_1 laptops-cols_inherit tablets-cols_inherit mobiles-cols_1 valign_top type_default stacking_default\"><div class=\"wpb_column vc_column_container\"><div class=\"vc_column-inner\"><div class=\"wpb_text_column\"><div class=\"wpb_wrapper\"><h1>Expos\u00e9pl\u00e4ne mit cadvilla als Serviceleistung<\/h1>\n<\/div><\/div><\/div><\/div><\/div><\/div><\/section><section class=\"l-section wpb_row height_medium\"><div class=\"l-section-h i-cf\"><div class=\"g-cols vc_row via_grid cols_1 laptops-cols_inherit tablets-cols_inherit mobiles-cols_1 valign_top type_default stacking_default\"><div class=\"wpb_column vc_column_container\"><div class=\"vc_column-inner\"><div class=\"wpb_text_column\"><div class=\"wpb_wrapper\"><h2>Erfassen von Expos\u00e9pl\u00e4nen nach Vorgabe des Kunden<\/h2>\n<p>Sie ben\u00f6tigen Expos\u00e9pl\u00e4ne, haben aber zu wenig Zeit um sich f\u00fcr die Erstellung in eine unserer <a href=\"https:\/\/www.cadvilla.com\/de\/\">cadvilla Versionen<\/a> einzuarbeiten und m\u00f6chten das Erstellen von Expos\u00e9pl\u00e4nen als Dienstleistung zukaufen? Dann sind sie in diesem Bereich richtig.<\/p>\n<p>Handgezeichnete Skizzen oder Kopien von Grundrissen und Eingabepl\u00e4nen f\u00fcr die Pr\u00e4sentation wirken nicht besonders verkaufsf\u00f6rdernd.<\/p>\n<p>Wir bieten Ihnen das Digitalisieren der Grundrisse \/ Eingabepl\u00e4ne zu Expos\u00e9pl\u00e4nen als Dienstleistung an.<br \/>\nWir erstellen auf Basis der von Ihnen \u00fcbermittelten Planunterlagen (z.\u202fB. Handzeichnungen, Plankopien) \u00fcbersichtliche 2D Expos\u00e9pl\u00e4ne zu einem ansprechenden Preis. Diese Expos\u00e9pl\u00e4ne werden als hochaufl\u00f6sende JPG-Bilddateien bereitgestellt und k\u00f6nnen somit z.\u202fB. auf Ihrer Online-Plattform oder auch f\u00fcr den Ausdruck eines Expos\u00e9s verwendet werden.<\/p>\n<p>F\u00fcr Kunden die mehrere Grundrisse f\u00fcr Expos\u00e9s ben\u00f6tigen erstellen wir gerne ein speziell zugeschnittenes Paket.<\/p>\n<\/div><\/div><\/div><\/div><\/div><\/div><\/section><section class=\"l-section wpb_row height_auto\"><div class=\"l-section-h i-cf\"><div class=\"g-cols vc_row via_grid cols_1 laptops-cols_inherit tablets-cols_inherit mobiles-cols_1 valign_top type_default stacking_default\"><div class=\"wpb_column vc_column_container\"><div class=\"vc_column-inner\"><div class=\"wpb_text_column\"><div class=\"wpb_wrapper\"><h3 style=\"text-align: center;\">Beispiele f\u00fcr Expos\u00e9pl\u00e4ne, die mit cadvilla erstellt wurden<\/h3>\n<\/div><\/div><\/div><\/div><\/div><\/div><\/section><section class=\"l-section wpb_row height_auto\"><div class=\"l-section-h i-cf\"><div class=\"g-cols vc_row via_grid cols_2 laptops-cols_inherit tablets-cols_inherit mobiles-cols_1 valign_top type_default stacking_default\"><div class=\"wpb_column vc_column_container\"><div class=\"vc_column-inner\"><div class=\"wpb_text_column us_custom_5b1892f8\"><div class=\"wpb_wrapper\"><p><figure id=\"attachment_961\" aria-describedby=\"caption-attachment-961\" style=\"width: 350px\" class=\"wp-caption aligncenter\"><a ref=\"magnificPopup\" href=\"https:\/\/www.cadvilla.com\/wp-content\/uploads\/fp_no_interior.png\"><img data-dominant-color=\"f5f5f5\" data-has-transparency=\"false\" style=\"--dominant-color: #f5f5f5;\" loading=\"lazy\" decoding=\"async\" class=\"pictureborder wp-image-961 size-full aligncenter not-transparent\" src=\"https:\/\/www.cadvilla.com\/wp-content\/uploads\/fp_no_interior_small.png\" alt=\"Expos\u00e9 mit Verma\u00dfung der R\u00e4ume\" width=\"350\" height=\"263\" border=\"1\" \/><\/a><figcaption id=\"caption-attachment-961\" class=\"wp-caption-text\">Expos\u00e9 mit Verma\u00dfung der R\u00e4ume<\/figcaption><\/figure><br \/>\n<figure id=\"attachment_956\" aria-describedby=\"caption-attachment-956\" style=\"width: 350px\" class=\"wp-caption aligncenter\"><a ref=\"magnificPopup\" href=\"https:\/\/www.cadvilla.com\/wp-content\/uploads\/fp_no_colored_fix.png\"><img data-dominant-color=\"f1f1f1\" data-has-transparency=\"false\" style=\"--dominant-color: #f1f1f1;\" loading=\"lazy\" decoding=\"async\" class=\"pictureborder wp-image-956 size-full not-transparent\" src=\"https:\/\/www.cadvilla.com\/wp-content\/uploads\/fp_no_colored_fix_small.png\" alt=\"Expos\u00e9plan mit Verma\u00dfung, Raumfl\u00e4chenberechnung und Muster-Einrichtung\" width=\"350\" height=\"263\" border=\"1\" \/><\/a><figcaption id=\"caption-attachment-956\" class=\"wp-caption-text\">Expos\u00e9plan mit Verma\u00dfung, Raumfl\u00e4chenberechnung und Muster-Einrichtung<\/figcaption><\/figure><\/p>\n<\/div><\/div><\/div><\/div><div class=\"wpb_column vc_column_container\"><div class=\"vc_column-inner\"><div class=\"wpb_text_column us_custom_5b1892f8\"><div class=\"wpb_wrapper\"><p><figure id=\"attachment_951\" aria-describedby=\"caption-attachment-951\" style=\"width: 350px\" class=\"wp-caption aligncenter\"><a ref=\"magnificPopup\" href=\"https:\/\/www.cadvilla.com\/wp-content\/uploads\/fp_bw.png\"><img data-dominant-color=\"f6f6f6\" data-has-transparency=\"false\" style=\"--dominant-color: #f6f6f6;\" loading=\"lazy\" decoding=\"async\" class=\"pictureborder wp-image-951 size-full aligncenter not-transparent\" src=\"https:\/\/www.cadvilla.com\/wp-content\/uploads\/fp_bw_small.png\" alt=\"Expos\u00e9plan mit Raumfl\u00e4chenberechnung\" width=\"350\" height=\"263\" border=\"1\" \/><\/a><figcaption id=\"caption-attachment-951\" class=\"wp-caption-text\">Expos\u00e9plan mit Raumfl\u00e4chenberechnung<\/figcaption><\/figure><br \/>\n<figure id=\"attachment_946\" aria-describedby=\"caption-attachment-946\" style=\"width: 350px\" class=\"wp-caption aligncenter\"><a ref=\"magnificPopup\" href=\"https:\/\/www.cadvilla.com\/wp-content\/uploads\/fp_colored_fix.png\"><img data-dominant-color=\"dbdcdb\" data-has-transparency=\"false\" style=\"--dominant-color: #dbdcdb;\" loading=\"lazy\" decoding=\"async\" class=\"pictureborder wp-image-946 size-full not-transparent\" src=\"https:\/\/www.cadvilla.com\/wp-content\/uploads\/fp_colored_fix_small.png\" alt=\"Expos\u00e9plan mit Verma\u00dfung, Raumfl\u00e4chenberechnung, Muster-Einrichtung, W\u00e4nde coloriert, Raumfl\u00e4chen coloriert\" width=\"350\" height=\"263\" border=\"1\" \/><\/a><figcaption id=\"caption-attachment-946\" class=\"wp-caption-text\">Expos\u00e9plan mit Verma\u00dfung, Raumfl\u00e4chenberechnung, Muster-Einrichtung, W\u00e4nde coloriert, Raumfl\u00e4chen coloriert<\/figcaption><\/figure><\/p>\n<\/div><\/div><\/div><\/div><\/div><\/div><\/section><section class=\"l-section wpb_row height_small\"><div class=\"l-section-h i-cf\"><div class=\"g-cols vc_row via_grid cols_1 laptops-cols_inherit tablets-cols_inherit mobiles-cols_1 valign_top type_default stacking_default\"><div class=\"wpb_column vc_column_container\"><div class=\"vc_column-inner\"><div class=\"wpb_text_column us_custom_058d0aad\"><div class=\"wpb_wrapper\"><div id=\"mf_placeholder\" data-formurl=\"\/\/www.cadvilla.com\/formpruefer\/embed.php?id=5\" data-formheight=\"1142\" data-formtitle=\"Anfrage zum Erfassen eines Plans mit cadvilla\" data-paddingbottom=\"10\"><\/div>\n<p><script>\n\t(function(f,o,r,m){\n\t\tr=f.createElement('script');r.async=1;r.src=o+'js\/mf.js';\n\t\tm=f.getElementById('mf_placeholder'); m.parentNode.insertBefore(r, m);\n\t})(document,'\/\/www.cadvilla.com\/formpruefer\/');\n<\/script><\/p>\n<\/div><\/div><\/div><\/div><\/div><\/div><\/section>\n","protected":false},"excerpt":{"rendered":"[vc_custom_heading text=\"Wir erstellen Ihre Expos\u00e9pl\u00e4ne\" font_container=\"tag:p|text_align:center\" use_theme_fonts=\"yes\" el_class=\"ca-headertext\"]Expos\u00e9pl\u00e4ne mit cadvilla als Serviceleistung Erfassen von Expos\u00e9pl\u00e4nen nach Vorgabe des Kunden Sie ben\u00f6tigen Expos\u00e9pl\u00e4ne, haben aber zu wenig Zeit um sich f\u00fcr die Erstellung in eine unserer cadvilla Versionen einzuarbeiten und m\u00f6chten das Erstellen von Expos\u00e9pl\u00e4nen als Dienstleistung zukaufen? Dann sind sie in diesem Bereich richtig. Handgezeichnete...","protected":false},"author":1,"featured_media":0,"parent":0,"menu_order":0,"comment_status":"closed","ping_status":"closed","template":"","meta":{"footnotes":""},"class_list":["post-943","page","type-page","status-publish","hentry"],"yoast_head":"<!-- This site is optimized with the Yoast SEO plugin v27.4 - https:\/\/yoast.com\/product\/yoast-seo-wordpress\/ -->\n<title>Expos\u00e9pl\u00e4ne mit cadvilla erstellen - Als Dienstleistung<\/title>\n<meta name=\"description\" content=\"Zeichenservice f\u00fcr Ihren Expos\u00e9plan. Wir zeichnen die Pl\u00e4ne und stellen sie als Bilddatei zur Verf\u00fcgung. Weitere Details dazu hier.\" \/>\n<meta name=\"robots\" content=\"index, follow, max-snippet:-1, max-image-preview:large, max-video-preview:-1\" \/>\n<link rel=\"canonical\" href=\"https:\/\/www.cadvilla.com\/de\/sv-exposeplan\/\" \/>\n<meta property=\"og:locale\" content=\"de_DE\" \/>\n<meta property=\"og:type\" content=\"article\" \/>\n<meta property=\"og:title\" content=\"Expos\u00e9pl\u00e4ne mit cadvilla erstellen - Als Dienstleistung\" \/>\n<meta property=\"og:description\" content=\"Zeichenservice f\u00fcr Ihren Expos\u00e9plan. Wir zeichnen die Pl\u00e4ne und stellen sie als Bilddatei zur Verf\u00fcgung. Weitere Details dazu hier.\" \/>\n<meta property=\"og:url\" content=\"https:\/\/www.cadvilla.com\/de\/sv-exposeplan\/\" \/>\n<meta property=\"og:site_name\" content=\"cadvilla\" \/>\n<meta property=\"article:modified_time\" content=\"2019-12-24T07:01:25+00:00\" \/>\n<meta property=\"og:image\" content=\"https:\/\/www.cadvilla.com\/wp-content\/uploads\/fp_no_interior_small.png\" \/>\n<meta name=\"twitter:card\" content=\"summary_large_image\" \/>\n<meta name=\"twitter:label1\" content=\"Gesch\u00e4tzte Lesezeit\" \/>\n\t<meta name=\"twitter:data1\" content=\"2\u00a0Minuten\" \/>\n<script type=\"application\/ld+json\" class=\"yoast-schema-graph\">{\"@context\":\"https:\\\/\\\/schema.org\",\"@graph\":[{\"@type\":\"WebPage\",\"@id\":\"https:\\\/\\\/www.cadvilla.com\\\/de\\\/sv-exposeplan\\\/\",\"url\":\"https:\\\/\\\/www.cadvilla.com\\\/de\\\/sv-exposeplan\\\/\",\"name\":\"Expos\u00e9pl\u00e4ne mit cadvilla erstellen - Als Dienstleistung\",\"isPartOf\":{\"@id\":\"https:\\\/\\\/www.cadvilla.com\\\/de\\\/#website\"},\"primaryImageOfPage\":{\"@id\":\"https:\\\/\\\/www.cadvilla.com\\\/de\\\/sv-exposeplan\\\/#primaryimage\"},\"image\":{\"@id\":\"https:\\\/\\\/www.cadvilla.com\\\/de\\\/sv-exposeplan\\\/#primaryimage\"},\"thumbnailUrl\":\"https:\\\/\\\/www.cadvilla.com\\\/wp-content\\\/uploads\\\/fp_no_interior_small.png\",\"datePublished\":\"2019-04-10T12:15:58+00:00\",\"dateModified\":\"2019-12-24T07:01:25+00:00\",\"description\":\"Zeichenservice f\u00fcr Ihren Expos\u00e9plan. Wir zeichnen die Pl\u00e4ne und stellen sie als Bilddatei zur Verf\u00fcgung. Weitere Details dazu hier.\",\"breadcrumb\":{\"@id\":\"https:\\\/\\\/www.cadvilla.com\\\/de\\\/sv-exposeplan\\\/#breadcrumb\"},\"inLanguage\":\"de\",\"potentialAction\":[{\"@type\":\"ReadAction\",\"target\":[\"https:\\\/\\\/www.cadvilla.com\\\/de\\\/sv-exposeplan\\\/\"]}]},{\"@type\":\"ImageObject\",\"inLanguage\":\"de\",\"@id\":\"https:\\\/\\\/www.cadvilla.com\\\/de\\\/sv-exposeplan\\\/#primaryimage\",\"url\":\"https:\\\/\\\/www.cadvilla.com\\\/wp-content\\\/uploads\\\/fp_no_interior_small.png\",\"contentUrl\":\"https:\\\/\\\/www.cadvilla.com\\\/wp-content\\\/uploads\\\/fp_no_interior_small.png\"},{\"@type\":\"BreadcrumbList\",\"@id\":\"https:\\\/\\\/www.cadvilla.com\\\/de\\\/sv-exposeplan\\\/#breadcrumb\",\"itemListElement\":[{\"@type\":\"ListItem\",\"position\":1,\"name\":\"Startseite\",\"item\":\"https:\\\/\\\/www.cadvilla.com\\\/de\\\/\"},{\"@type\":\"ListItem\",\"position\":2,\"name\":\"Expos\u00e9pl\u00e4ne mit cadvilla erstellen &#8211; Als Dienstleistung\"}]},{\"@type\":\"WebSite\",\"@id\":\"https:\\\/\\\/www.cadvilla.com\\\/de\\\/#website\",\"url\":\"https:\\\/\\\/www.cadvilla.com\\\/de\\\/\",\"name\":\"cadvilla\",\"description\":\"\",\"publisher\":{\"@id\":\"https:\\\/\\\/www.cadvilla.com\\\/de\\\/#organization\"},\"potentialAction\":[{\"@type\":\"SearchAction\",\"target\":{\"@type\":\"EntryPoint\",\"urlTemplate\":\"https:\\\/\\\/www.cadvilla.com\\\/de\\\/?s={search_term_string}\"},\"query-input\":{\"@type\":\"PropertyValueSpecification\",\"valueRequired\":true,\"valueName\":\"search_term_string\"}}],\"inLanguage\":\"de\"},{\"@type\":\"Organization\",\"@id\":\"https:\\\/\\\/www.cadvilla.com\\\/de\\\/#organization\",\"name\":\"cadvilla\",\"url\":\"https:\\\/\\\/www.cadvilla.com\\\/de\\\/\",\"logo\":{\"@type\":\"ImageObject\",\"inLanguage\":\"de\",\"@id\":\"https:\\\/\\\/www.cadvilla.com\\\/de\\\/#\\\/schema\\\/logo\\\/image\\\/\",\"url\":\"https:\\\/\\\/www.cadvilla.com\\\/wp-content\\\/uploads\\\/logo_cadvilla.png\",\"contentUrl\":\"https:\\\/\\\/www.cadvilla.com\\\/wp-content\\\/uploads\\\/logo_cadvilla.png\",\"width\":157,\"height\":51,\"caption\":\"cadvilla\"},\"image\":{\"@id\":\"https:\\\/\\\/www.cadvilla.com\\\/de\\\/#\\\/schema\\\/logo\\\/image\\\/\"}}]}<\/script>\n<!-- \/ Yoast SEO plugin. -->","yoast_head_json":{"title":"Expos\u00e9pl\u00e4ne mit cadvilla erstellen - Als Dienstleistung","description":"Zeichenservice f\u00fcr Ihren Expos\u00e9plan. Wir zeichnen die Pl\u00e4ne und stellen sie als Bilddatei zur Verf\u00fcgung. Weitere Details dazu hier.","robots":{"index":"index","follow":"follow","max-snippet":"max-snippet:-1","max-image-preview":"max-image-preview:large","max-video-preview":"max-video-preview:-1"},"canonical":"https:\/\/www.cadvilla.com\/de\/sv-exposeplan\/","og_locale":"de_DE","og_type":"article","og_title":"Expos\u00e9pl\u00e4ne mit cadvilla erstellen - Als Dienstleistung","og_description":"Zeichenservice f\u00fcr Ihren Expos\u00e9plan. Wir zeichnen die Pl\u00e4ne und stellen sie als Bilddatei zur Verf\u00fcgung. Weitere Details dazu hier.","og_url":"https:\/\/www.cadvilla.com\/de\/sv-exposeplan\/","og_site_name":"cadvilla","article_modified_time":"2019-12-24T07:01:25+00:00","og_image":[{"url":"https:\/\/www.cadvilla.com\/wp-content\/uploads\/fp_no_interior_small.png","type":"","width":"","height":""}],"twitter_card":"summary_large_image","twitter_misc":{"Gesch\u00e4tzte Lesezeit":"2\u00a0Minuten"},"schema":{"@context":"https:\/\/schema.org","@graph":[{"@type":"WebPage","@id":"https:\/\/www.cadvilla.com\/de\/sv-exposeplan\/","url":"https:\/\/www.cadvilla.com\/de\/sv-exposeplan\/","name":"Expos\u00e9pl\u00e4ne mit cadvilla erstellen - Als Dienstleistung","isPartOf":{"@id":"https:\/\/www.cadvilla.com\/de\/#website"},"primaryImageOfPage":{"@id":"https:\/\/www.cadvilla.com\/de\/sv-exposeplan\/#primaryimage"},"image":{"@id":"https:\/\/www.cadvilla.com\/de\/sv-exposeplan\/#primaryimage"},"thumbnailUrl":"https:\/\/www.cadvilla.com\/wp-content\/uploads\/fp_no_interior_small.png","datePublished":"2019-04-10T12:15:58+00:00","dateModified":"2019-12-24T07:01:25+00:00","description":"Zeichenservice f\u00fcr Ihren Expos\u00e9plan. Wir zeichnen die Pl\u00e4ne und stellen sie als Bilddatei zur Verf\u00fcgung. Weitere Details dazu hier.","breadcrumb":{"@id":"https:\/\/www.cadvilla.com\/de\/sv-exposeplan\/#breadcrumb"},"inLanguage":"de","potentialAction":[{"@type":"ReadAction","target":["https:\/\/www.cadvilla.com\/de\/sv-exposeplan\/"]}]},{"@type":"ImageObject","inLanguage":"de","@id":"https:\/\/www.cadvilla.com\/de\/sv-exposeplan\/#primaryimage","url":"https:\/\/www.cadvilla.com\/wp-content\/uploads\/fp_no_interior_small.png","contentUrl":"https:\/\/www.cadvilla.com\/wp-content\/uploads\/fp_no_interior_small.png"},{"@type":"BreadcrumbList","@id":"https:\/\/www.cadvilla.com\/de\/sv-exposeplan\/#breadcrumb","itemListElement":[{"@type":"ListItem","position":1,"name":"Startseite","item":"https:\/\/www.cadvilla.com\/de\/"},{"@type":"ListItem","position":2,"name":"Expos\u00e9pl\u00e4ne mit cadvilla erstellen &#8211; Als Dienstleistung"}]},{"@type":"WebSite","@id":"https:\/\/www.cadvilla.com\/de\/#website","url":"https:\/\/www.cadvilla.com\/de\/","name":"cadvilla","description":"","publisher":{"@id":"https:\/\/www.cadvilla.com\/de\/#organization"},"potentialAction":[{"@type":"SearchAction","target":{"@type":"EntryPoint","urlTemplate":"https:\/\/www.cadvilla.com\/de\/?s={search_term_string}"},"query-input":{"@type":"PropertyValueSpecification","valueRequired":true,"valueName":"search_term_string"}}],"inLanguage":"de"},{"@type":"Organization","@id":"https:\/\/www.cadvilla.com\/de\/#organization","name":"cadvilla","url":"https:\/\/www.cadvilla.com\/de\/","logo":{"@type":"ImageObject","inLanguage":"de","@id":"https:\/\/www.cadvilla.com\/de\/#\/schema\/logo\/image\/","url":"https:\/\/www.cadvilla.com\/wp-content\/uploads\/logo_cadvilla.png","contentUrl":"https:\/\/www.cadvilla.com\/wp-content\/uploads\/logo_cadvilla.png","width":157,"height":51,"caption":"cadvilla"},"image":{"@id":"https:\/\/www.cadvilla.com\/de\/#\/schema\/logo\/image\/"}}]}},"_links":{"self":[{"href":"https:\/\/www.cadvilla.com\/de\/wp-json\/wp\/v2\/pages\/943","targetHints":{"allow":["GET"]}}],"collection":[{"href":"https:\/\/www.cadvilla.com\/de\/wp-json\/wp\/v2\/pages"}],"about":[{"href":"https:\/\/www.cadvilla.com\/de\/wp-json\/wp\/v2\/types\/page"}],"author":[{"embeddable":true,"href":"https:\/\/www.cadvilla.com\/de\/wp-json\/wp\/v2\/users\/1"}],"replies":[{"embeddable":true,"href":"https:\/\/www.cadvilla.com\/de\/wp-json\/wp\/v2\/comments?post=943"}],"version-history":[{"count":0,"href":"https:\/\/www.cadvilla.com\/de\/wp-json\/wp\/v2\/pages\/943\/revisions"}],"wp:attachment":[{"href":"https:\/\/www.cadvilla.com\/de\/wp-json\/wp\/v2\/media?parent=943"}],"curies":[{"name":"wp","href":"https:\/\/api.w.org\/{rel}","templated":true}]}}