{"id":1058,"date":"2019-04-10T17:38:10","date_gmt":"2019-04-10T15:38:10","guid":{"rendered":"https:\/\/www.cadvilla.pl\/sv-hersteller\/"},"modified":"2019-07-12T12:49:30","modified_gmt":"2019-07-12T10:49:30","slug":"sv-hersteller","status":"publish","type":"page","link":"https:\/\/www.cadvilla.com\/es\/sv-hersteller\/","title":{"rendered":"Un servicio a fabricantes"},"content":{"rendered":"<section class=\"l-section wpb_row height_auto\"><div class=\"l-section-h i-cf\"><div class=\"g-cols vc_row via_grid cols_1 laptops-cols_inherit tablets-cols_inherit mobiles-cols_1 valign_top type_default stacking_default\"><div class=\"wpb_column vc_column_container\"><div class=\"vc_column-inner\"><\/div><\/div><\/div><\/div><\/section><section class=\"l-section wpb_row ca-headerbg height_small\" id=\"begin\"><div class=\"l-section-h i-cf\"><div class=\"g-cols vc_row via_grid cols_1 laptops-cols_inherit tablets-cols_inherit mobiles-cols_1 valign_top type_default stacking_default\"><div class=\"wpb_column vc_column_container\"><div class=\"vc_column-inner\"><div class=\"wpb_text_column\"><div class=\"wpb_wrapper\"><h1>Un servicio a fabricantes<\/h1>\n<\/div><\/div><\/div><\/div><\/div><\/div><\/section><section class=\"l-section wpb_row height_medium\"><div class=\"l-section-h i-cf\"><div class=\"g-cols vc_row via_grid cols_1 laptops-cols_inherit tablets-cols_inherit mobiles-cols_1 valign_top type_default stacking_default\"><div class=\"wpb_column vc_column_container\"><div class=\"vc_column-inner\"><div class=\"wpb_text_column\"><div class=\"wpb_wrapper\"><h2>Incorporaci\u00f3n de objetos de fabricantes y versiones de fabricantes espec\u00edficamente hechas a medida para el cliente<\/h2>\n<p>Ud. est\u00e1 interesado en la incorporaci\u00f3n de sus propios objetos y texturas en cadvilla o hasta desea una versi\u00f3n propia espec\u00edficamente hecha a medida de un cliente y con nombre propio ?<\/p>\n<p>M\u00e1ndenos su solicitud a trav\u00e9s del fomulario siguiente. Nos pondremos en contacto con Ud. inmediatamente.<\/p>\n<p>Por favor cont\u00e1ctenos en <a href=\"https:\/\/www.cadvilla.com\/es\/sv-hersteller\/\">alem\u00e1n<\/a> o <a href=\"https:\/\/www.cadvilla.com\/es\/sv-hersteller\/\">ingl\u00e9s<\/a>.<\/p>\n<\/div><\/div><\/div><\/div><\/div><\/div><\/section>\n","protected":false},"excerpt":{"rendered":"Un servicio a fabricantes Incorporaci\u00f3n de objetos de fabricantes y versiones de fabricantes espec\u00edficamente hechas a medida para el cliente Ud. est\u00e1 interesado en la incorporaci\u00f3n de sus propios objetos y texturas en cadvilla o hasta desea una versi\u00f3n propia espec\u00edficamente hecha a medida de un cliente y con nombre propio ? M\u00e1ndenos su solicitud...","protected":false},"author":1,"featured_media":0,"parent":0,"menu_order":0,"comment_status":"closed","ping_status":"closed","template":"","meta":{"footnotes":""},"class_list":["post-1058","page","type-page","status-publish","hentry"],"yoast_head":"<!-- This site is optimized with the Yoast SEO plugin v27.4 - https:\/\/yoast.com\/product\/yoast-seo-wordpress\/ -->\n<title>Incorporaci\u00f3n fabricantes a cadvilla<\/title>\n<meta name=\"description\" content=\"Incorporaci\u00f3n de objetos de fabricantes y versiones de fabricantes espec\u00edficamente hechas a medida para el cliente\" \/>\n<meta name=\"robots\" content=\"index, follow, max-snippet:-1, max-image-preview:large, max-video-preview:-1\" \/>\n<link rel=\"canonical\" href=\"https:\/\/www.cadvilla.com\/es\/sv-hersteller\/\" \/>\n<meta property=\"og:locale\" content=\"es_ES\" \/>\n<meta property=\"og:type\" content=\"article\" \/>\n<meta property=\"og:title\" content=\"Incorporaci\u00f3n fabricantes a cadvilla\" \/>\n<meta property=\"og:description\" content=\"Incorporaci\u00f3n de objetos de fabricantes y versiones de fabricantes espec\u00edficamente hechas a medida para el cliente\" \/>\n<meta property=\"og:url\" content=\"https:\/\/www.cadvilla.com\/es\/sv-hersteller\/\" \/>\n<meta property=\"og:site_name\" content=\"cadvilla\" \/>\n<meta property=\"article:modified_time\" content=\"2019-07-12T10:49:30+00:00\" \/>\n<meta name=\"twitter:card\" content=\"summary_large_image\" \/>\n<meta name=\"twitter:label1\" content=\"Tiempo de lectura\" \/>\n\t<meta name=\"twitter:data1\" content=\"1 minuto\" \/>\n<script type=\"application\/ld+json\" class=\"yoast-schema-graph\">{\"@context\":\"https:\\\/\\\/schema.org\",\"@graph\":[{\"@type\":\"WebPage\",\"@id\":\"https:\\\/\\\/www.cadvilla.com\\\/es\\\/sv-hersteller\\\/\",\"url\":\"https:\\\/\\\/www.cadvilla.com\\\/es\\\/sv-hersteller\\\/\",\"name\":\"Incorporaci\u00f3n fabricantes a cadvilla\",\"isPartOf\":{\"@id\":\"https:\\\/\\\/www.cadvilla.com\\\/es\\\/#website\"},\"datePublished\":\"2019-04-10T15:38:10+00:00\",\"dateModified\":\"2019-07-12T10:49:30+00:00\",\"description\":\"Incorporaci\u00f3n de objetos de fabricantes y versiones de fabricantes espec\u00edficamente hechas a medida para el cliente\",\"breadcrumb\":{\"@id\":\"https:\\\/\\\/www.cadvilla.com\\\/es\\\/sv-hersteller\\\/#breadcrumb\"},\"inLanguage\":\"es\",\"potentialAction\":[{\"@type\":\"ReadAction\",\"target\":[\"https:\\\/\\\/www.cadvilla.com\\\/es\\\/sv-hersteller\\\/\"]}]},{\"@type\":\"BreadcrumbList\",\"@id\":\"https:\\\/\\\/www.cadvilla.com\\\/es\\\/sv-hersteller\\\/#breadcrumb\",\"itemListElement\":[{\"@type\":\"ListItem\",\"position\":1,\"name\":\"Startseite\",\"item\":\"https:\\\/\\\/www.cadvilla.com\\\/es\\\/\"},{\"@type\":\"ListItem\",\"position\":2,\"name\":\"Un servicio a fabricantes\"}]},{\"@type\":\"WebSite\",\"@id\":\"https:\\\/\\\/www.cadvilla.com\\\/es\\\/#website\",\"url\":\"https:\\\/\\\/www.cadvilla.com\\\/es\\\/\",\"name\":\"cadvilla\",\"description\":\"\",\"publisher\":{\"@id\":\"https:\\\/\\\/www.cadvilla.com\\\/es\\\/#organization\"},\"potentialAction\":[{\"@type\":\"SearchAction\",\"target\":{\"@type\":\"EntryPoint\",\"urlTemplate\":\"https:\\\/\\\/www.cadvilla.com\\\/es\\\/?s={search_term_string}\"},\"query-input\":{\"@type\":\"PropertyValueSpecification\",\"valueRequired\":true,\"valueName\":\"search_term_string\"}}],\"inLanguage\":\"es\"},{\"@type\":\"Organization\",\"@id\":\"https:\\\/\\\/www.cadvilla.com\\\/es\\\/#organization\",\"name\":\"cadvilla\",\"url\":\"https:\\\/\\\/www.cadvilla.com\\\/es\\\/\",\"logo\":{\"@type\":\"ImageObject\",\"inLanguage\":\"es\",\"@id\":\"https:\\\/\\\/www.cadvilla.com\\\/es\\\/#\\\/schema\\\/logo\\\/image\\\/\",\"url\":\"https:\\\/\\\/www.cadvilla.com\\\/wp-content\\\/uploads\\\/logo_cadvilla.png\",\"contentUrl\":\"https:\\\/\\\/www.cadvilla.com\\\/wp-content\\\/uploads\\\/logo_cadvilla.png\",\"width\":157,\"height\":51,\"caption\":\"cadvilla\"},\"image\":{\"@id\":\"https:\\\/\\\/www.cadvilla.com\\\/es\\\/#\\\/schema\\\/logo\\\/image\\\/\"}}]}<\/script>\n<!-- \/ Yoast SEO plugin. -->","yoast_head_json":{"title":"Incorporaci\u00f3n fabricantes a cadvilla","description":"Incorporaci\u00f3n de objetos de fabricantes y versiones de fabricantes espec\u00edficamente hechas a medida para el cliente","robots":{"index":"index","follow":"follow","max-snippet":"max-snippet:-1","max-image-preview":"max-image-preview:large","max-video-preview":"max-video-preview:-1"},"canonical":"https:\/\/www.cadvilla.com\/es\/sv-hersteller\/","og_locale":"es_ES","og_type":"article","og_title":"Incorporaci\u00f3n fabricantes a cadvilla","og_description":"Incorporaci\u00f3n de objetos de fabricantes y versiones de fabricantes espec\u00edficamente hechas a medida para el cliente","og_url":"https:\/\/www.cadvilla.com\/es\/sv-hersteller\/","og_site_name":"cadvilla","article_modified_time":"2019-07-12T10:49:30+00:00","twitter_card":"summary_large_image","twitter_misc":{"Tiempo de lectura":"1 minuto"},"schema":{"@context":"https:\/\/schema.org","@graph":[{"@type":"WebPage","@id":"https:\/\/www.cadvilla.com\/es\/sv-hersteller\/","url":"https:\/\/www.cadvilla.com\/es\/sv-hersteller\/","name":"Incorporaci\u00f3n fabricantes a cadvilla","isPartOf":{"@id":"https:\/\/www.cadvilla.com\/es\/#website"},"datePublished":"2019-04-10T15:38:10+00:00","dateModified":"2019-07-12T10:49:30+00:00","description":"Incorporaci\u00f3n de objetos de fabricantes y versiones de fabricantes espec\u00edficamente hechas a medida para el cliente","breadcrumb":{"@id":"https:\/\/www.cadvilla.com\/es\/sv-hersteller\/#breadcrumb"},"inLanguage":"es","potentialAction":[{"@type":"ReadAction","target":["https:\/\/www.cadvilla.com\/es\/sv-hersteller\/"]}]},{"@type":"BreadcrumbList","@id":"https:\/\/www.cadvilla.com\/es\/sv-hersteller\/#breadcrumb","itemListElement":[{"@type":"ListItem","position":1,"name":"Startseite","item":"https:\/\/www.cadvilla.com\/es\/"},{"@type":"ListItem","position":2,"name":"Un servicio a fabricantes"}]},{"@type":"WebSite","@id":"https:\/\/www.cadvilla.com\/es\/#website","url":"https:\/\/www.cadvilla.com\/es\/","name":"cadvilla","description":"","publisher":{"@id":"https:\/\/www.cadvilla.com\/es\/#organization"},"potentialAction":[{"@type":"SearchAction","target":{"@type":"EntryPoint","urlTemplate":"https:\/\/www.cadvilla.com\/es\/?s={search_term_string}"},"query-input":{"@type":"PropertyValueSpecification","valueRequired":true,"valueName":"search_term_string"}}],"inLanguage":"es"},{"@type":"Organization","@id":"https:\/\/www.cadvilla.com\/es\/#organization","name":"cadvilla","url":"https:\/\/www.cadvilla.com\/es\/","logo":{"@type":"ImageObject","inLanguage":"es","@id":"https:\/\/www.cadvilla.com\/es\/#\/schema\/logo\/image\/","url":"https:\/\/www.cadvilla.com\/wp-content\/uploads\/logo_cadvilla.png","contentUrl":"https:\/\/www.cadvilla.com\/wp-content\/uploads\/logo_cadvilla.png","width":157,"height":51,"caption":"cadvilla"},"image":{"@id":"https:\/\/www.cadvilla.com\/es\/#\/schema\/logo\/image\/"}}]}},"_links":{"self":[{"href":"https:\/\/www.cadvilla.com\/es\/wp-json\/wp\/v2\/pages\/1058","targetHints":{"allow":["GET"]}}],"collection":[{"href":"https:\/\/www.cadvilla.com\/es\/wp-json\/wp\/v2\/pages"}],"about":[{"href":"https:\/\/www.cadvilla.com\/es\/wp-json\/wp\/v2\/types\/page"}],"author":[{"embeddable":true,"href":"https:\/\/www.cadvilla.com\/es\/wp-json\/wp\/v2\/users\/1"}],"replies":[{"embeddable":true,"href":"https:\/\/www.cadvilla.com\/es\/wp-json\/wp\/v2\/comments?post=1058"}],"version-history":[{"count":0,"href":"https:\/\/www.cadvilla.com\/es\/wp-json\/wp\/v2\/pages\/1058\/revisions"}],"wp:attachment":[{"href":"https:\/\/www.cadvilla.com\/es\/wp-json\/wp\/v2\/media?parent=1058"}],"curies":[{"name":"wp","href":"https:\/\/api.w.org\/{rel}","templated":true}]}}