{"id":1102,"date":"2019-04-11T12:13:42","date_gmt":"2019-04-11T10:13:42","guid":{"rendered":"https:\/\/www.cadvilla.pl\/s-cadvilla_supportanfrage\/"},"modified":"2020-02-27T12:54:54","modified_gmt":"2020-02-27T10:54:54","slug":"s-cadvilla_solicitud_de_soporte","status":"publish","type":"page","link":"https:\/\/www.cadvilla.com\/es\/s-cadvilla_solicitud_de_soporte\/","title":{"rendered":"cadvilla &#8211; Solicitar soporte"},"content":{"rendered":"<section class=\"l-section wpb_row ca-headerbackground0 height_auto\"><div class=\"l-section-h i-cf\"><div class=\"g-cols vc_row via_grid cols_1 laptops-cols_inherit tablets-cols_inherit mobiles-cols_1 valign_bottom type_default stacking_default\"><div class=\"wpb_column vc_column_container\"><div class=\"vc_column-inner\"><\/div><\/div><\/div><\/div><\/section><section class=\"l-section wpb_row height_auto\"><div class=\"l-section-h i-cf\"><div class=\"g-cols vc_row via_grid cols_1 laptops-cols_inherit tablets-cols_inherit mobiles-cols_1 valign_top type_default stacking_default\"><div class=\"wpb_column vc_column_container\"><div class=\"vc_column-inner\"><\/div><\/div><\/div><\/div><\/section><section class=\"l-section wpb_row ca-headerbg height_small\" id=\"begin\"><div class=\"l-section-h i-cf\"><div class=\"g-cols vc_row via_grid cols_1 laptops-cols_inherit tablets-cols_inherit mobiles-cols_1 valign_top type_default stacking_default\"><div class=\"wpb_column vc_column_container\"><div class=\"vc_column-inner\"><div class=\"wpb_text_column\"><div class=\"wpb_wrapper\"><h1>cadvilla &#8211; Solicitar soporte<\/h1>\n<\/div><\/div><\/div><\/div><\/div><\/div><\/section><section class=\"l-section wpb_row height_medium\"><div class=\"l-section-h i-cf\"><div class=\"g-cols vc_row via_grid cols_1 laptops-cols_inherit tablets-cols_inherit mobiles-cols_1 valign_top type_default stacking_default\"><div class=\"wpb_column vc_column_container\"><div class=\"vc_column-inner\"><div class=\"wpb_text_column\"><div class=\"wpb_wrapper\"><h2>Solicitar un soporte<\/h2>\n<p>Posibilidades de apoyo:<\/p>\n<ul>\n<li>Soporte a trav\u00e9s del formulario de contacto.<\/li>\n<li>Hemos implementado en el transcurso del tiempo un <a href=\"https:\/\/www.cadvilla.com\/support\/en\/\">\u00e1rea de soporte<\/a> (cadvilla Support Area) muy amplio, que se va complementado regularmente y que responde a la mayor\u00eda de las perguntas en torno a cadvilla.<\/li>\n<li>En caso de que Ud. mismo no logre resolver el asunto, le ofrecemos iniciar una sesi\u00f3n online a trav\u00e9s de Teamviewer (<a href=\"https:\/\/www.cadvilla.com\/es\/s-soporte_online\/\">Remote-Support<\/a>) para que nosotros le respondamos y resolvamos juntos sus preguntas en la pantalla de su PC.<\/li>\n<\/ul>\n<p><a href=\"https:\/\/www.cadvilla.com\/download\/cadvilla_remotesupport_en.exe\"><img data-dominant-color=\"878b86\" data-has-transparency=\"true\" style=\"--dominant-color: #878b86;\" loading=\"lazy\" decoding=\"async\" class=\"aligncenter wp-image-22 size-full has-transparency\" src=\"https:\/\/www.cadvilla.com\/wp-content\/uploads\/remotesupport.png\" alt=\"cadvilla Remote Support\" width=\"174\" height=\"54\" \/><\/a><\/p>\n<\/div><\/div><\/div><\/div><\/div><\/div><\/section><section class=\"l-section wpb_row height_small\"><div class=\"l-section-h i-cf\"><div class=\"g-cols vc_row via_grid cols_1 laptops-cols_inherit tablets-cols_inherit mobiles-cols_1 valign_top type_default stacking_default\"><div class=\"wpb_column vc_column_container\"><div class=\"vc_column-inner\"><div class=\"wpb_text_column us_custom_058d0aad\"><div class=\"wpb_wrapper\"><div id=\"mf_placeholder\" data-formurl=\"\/\/www.cadvilla.com\/formpruefer\/embed.php?id=3072\" data-formheight=\"1261\" data-formtitle=\"(ES) Solicitud de activaci\u00f3n\" data-paddingbottom=\"10\"><\/div>\n<p><script>\n\t(function(f,o,r,m){\n\t\tr=f.createElement('script');r.async=1;r.src=o+'js\/mf.js';\n\t\tm=f.getElementById('mf_placeholder'); m.parentNode.insertBefore(r, m);\n\t})(document,'\/\/www.cadvilla.com\/formpruefer\/');\n<\/script><\/p>\n<\/div><\/div><div class=\"wpb_text_column\"><div class=\"wpb_wrapper\"><p><em>Si este formulario no funciona, env\u00ede un correo electr\u00f3nico con la informaci\u00f3n solicitada directamente a <span style=\"display: none;\">are-<\/span><span style=\"display: inline;\">info<\/span><span style=\"display: none;\">-xya34<\/span><span style=\"display: inline;\">@<\/span><span style=\"display: none;\">ddks-<\/span><span style=\"display: inline;\">cadvilla.com<\/span><\/em><\/p>\n<\/div><\/div><\/div><\/div><\/div><\/div><\/section>\n","protected":false},"excerpt":{"rendered":"cadvilla &#8211; Solicitar soporte Solicitar un soporte Posibilidades de apoyo: Soporte a trav\u00e9s del formulario de contacto. Hemos implementado en el transcurso del tiempo un \u00e1rea de soporte (cadvilla Support Area) muy amplio, que se va complementado regularmente y que responde a la mayor\u00eda de las perguntas en torno a cadvilla. En caso de que...","protected":false},"author":1,"featured_media":0,"parent":0,"menu_order":0,"comment_status":"closed","ping_status":"closed","template":"","meta":{"footnotes":""},"class_list":["post-1102","page","type-page","status-publish","hentry"],"yoast_head":"<!-- This site is optimized with the Yoast SEO plugin v27.4 - https:\/\/yoast.com\/product\/yoast-seo-wordpress\/ -->\n<title>Solicitar soporte cadvilla<\/title>\n<meta name=\"description\" content=\"Solicitar un soporte\" \/>\n<meta name=\"robots\" content=\"index, follow, max-snippet:-1, max-image-preview:large, max-video-preview:-1\" \/>\n<link rel=\"canonical\" href=\"https:\/\/www.cadvilla.com\/es\/s-cadvilla_solicitud_de_soporte\/\" \/>\n<meta property=\"og:locale\" content=\"es_ES\" \/>\n<meta property=\"og:type\" content=\"article\" \/>\n<meta property=\"og:title\" content=\"Solicitar soporte cadvilla\" \/>\n<meta property=\"og:description\" content=\"Solicitar un soporte\" \/>\n<meta property=\"og:url\" content=\"https:\/\/www.cadvilla.com\/es\/s-cadvilla_solicitud_de_soporte\/\" \/>\n<meta property=\"og:site_name\" content=\"cadvilla\" \/>\n<meta property=\"article:modified_time\" content=\"2020-02-27T10:54:54+00:00\" \/>\n<meta property=\"og:image\" content=\"https:\/\/www.cadvilla.com\/wp-content\/uploads\/remotesupport.png\" \/>\n<meta name=\"twitter:card\" content=\"summary_large_image\" \/>\n<meta name=\"twitter:label1\" content=\"Tiempo de lectura\" \/>\n\t<meta name=\"twitter:data1\" content=\"1 minuto\" \/>\n<script type=\"application\/ld+json\" class=\"yoast-schema-graph\">{\"@context\":\"https:\\\/\\\/schema.org\",\"@graph\":[{\"@type\":\"WebPage\",\"@id\":\"https:\\\/\\\/www.cadvilla.com\\\/es\\\/s-cadvilla_solicitud_de_soporte\\\/\",\"url\":\"https:\\\/\\\/www.cadvilla.com\\\/es\\\/s-cadvilla_solicitud_de_soporte\\\/\",\"name\":\"Solicitar soporte cadvilla\",\"isPartOf\":{\"@id\":\"https:\\\/\\\/www.cadvilla.com\\\/es\\\/#website\"},\"primaryImageOfPage\":{\"@id\":\"https:\\\/\\\/www.cadvilla.com\\\/es\\\/s-cadvilla_solicitud_de_soporte\\\/#primaryimage\"},\"image\":{\"@id\":\"https:\\\/\\\/www.cadvilla.com\\\/es\\\/s-cadvilla_solicitud_de_soporte\\\/#primaryimage\"},\"thumbnailUrl\":\"https:\\\/\\\/www.cadvilla.com\\\/wp-content\\\/uploads\\\/remotesupport.png\",\"datePublished\":\"2019-04-11T10:13:42+00:00\",\"dateModified\":\"2020-02-27T10:54:54+00:00\",\"description\":\"Solicitar un soporte\",\"breadcrumb\":{\"@id\":\"https:\\\/\\\/www.cadvilla.com\\\/es\\\/s-cadvilla_solicitud_de_soporte\\\/#breadcrumb\"},\"inLanguage\":\"es\",\"potentialAction\":[{\"@type\":\"ReadAction\",\"target\":[\"https:\\\/\\\/www.cadvilla.com\\\/es\\\/s-cadvilla_solicitud_de_soporte\\\/\"]}]},{\"@type\":\"ImageObject\",\"inLanguage\":\"es\",\"@id\":\"https:\\\/\\\/www.cadvilla.com\\\/es\\\/s-cadvilla_solicitud_de_soporte\\\/#primaryimage\",\"url\":\"https:\\\/\\\/www.cadvilla.com\\\/wp-content\\\/uploads\\\/remotesupport.png\",\"contentUrl\":\"https:\\\/\\\/www.cadvilla.com\\\/wp-content\\\/uploads\\\/remotesupport.png\"},{\"@type\":\"BreadcrumbList\",\"@id\":\"https:\\\/\\\/www.cadvilla.com\\\/es\\\/s-cadvilla_solicitud_de_soporte\\\/#breadcrumb\",\"itemListElement\":[{\"@type\":\"ListItem\",\"position\":1,\"name\":\"Startseite\",\"item\":\"https:\\\/\\\/www.cadvilla.com\\\/es\\\/\"},{\"@type\":\"ListItem\",\"position\":2,\"name\":\"cadvilla &#8211; Solicitar soporte\"}]},{\"@type\":\"WebSite\",\"@id\":\"https:\\\/\\\/www.cadvilla.com\\\/es\\\/#website\",\"url\":\"https:\\\/\\\/www.cadvilla.com\\\/es\\\/\",\"name\":\"cadvilla\",\"description\":\"\",\"publisher\":{\"@id\":\"https:\\\/\\\/www.cadvilla.com\\\/es\\\/#organization\"},\"potentialAction\":[{\"@type\":\"SearchAction\",\"target\":{\"@type\":\"EntryPoint\",\"urlTemplate\":\"https:\\\/\\\/www.cadvilla.com\\\/es\\\/?s={search_term_string}\"},\"query-input\":{\"@type\":\"PropertyValueSpecification\",\"valueRequired\":true,\"valueName\":\"search_term_string\"}}],\"inLanguage\":\"es\"},{\"@type\":\"Organization\",\"@id\":\"https:\\\/\\\/www.cadvilla.com\\\/es\\\/#organization\",\"name\":\"cadvilla\",\"url\":\"https:\\\/\\\/www.cadvilla.com\\\/es\\\/\",\"logo\":{\"@type\":\"ImageObject\",\"inLanguage\":\"es\",\"@id\":\"https:\\\/\\\/www.cadvilla.com\\\/es\\\/#\\\/schema\\\/logo\\\/image\\\/\",\"url\":\"https:\\\/\\\/www.cadvilla.com\\\/wp-content\\\/uploads\\\/logo_cadvilla.png\",\"contentUrl\":\"https:\\\/\\\/www.cadvilla.com\\\/wp-content\\\/uploads\\\/logo_cadvilla.png\",\"width\":157,\"height\":51,\"caption\":\"cadvilla\"},\"image\":{\"@id\":\"https:\\\/\\\/www.cadvilla.com\\\/es\\\/#\\\/schema\\\/logo\\\/image\\\/\"}}]}<\/script>\n<!-- \/ Yoast SEO plugin. -->","yoast_head_json":{"title":"Solicitar soporte cadvilla","description":"Solicitar un soporte","robots":{"index":"index","follow":"follow","max-snippet":"max-snippet:-1","max-image-preview":"max-image-preview:large","max-video-preview":"max-video-preview:-1"},"canonical":"https:\/\/www.cadvilla.com\/es\/s-cadvilla_solicitud_de_soporte\/","og_locale":"es_ES","og_type":"article","og_title":"Solicitar soporte cadvilla","og_description":"Solicitar un soporte","og_url":"https:\/\/www.cadvilla.com\/es\/s-cadvilla_solicitud_de_soporte\/","og_site_name":"cadvilla","article_modified_time":"2020-02-27T10:54:54+00:00","og_image":[{"url":"https:\/\/www.cadvilla.com\/wp-content\/uploads\/remotesupport.png","type":"","width":"","height":""}],"twitter_card":"summary_large_image","twitter_misc":{"Tiempo de lectura":"1 minuto"},"schema":{"@context":"https:\/\/schema.org","@graph":[{"@type":"WebPage","@id":"https:\/\/www.cadvilla.com\/es\/s-cadvilla_solicitud_de_soporte\/","url":"https:\/\/www.cadvilla.com\/es\/s-cadvilla_solicitud_de_soporte\/","name":"Solicitar soporte cadvilla","isPartOf":{"@id":"https:\/\/www.cadvilla.com\/es\/#website"},"primaryImageOfPage":{"@id":"https:\/\/www.cadvilla.com\/es\/s-cadvilla_solicitud_de_soporte\/#primaryimage"},"image":{"@id":"https:\/\/www.cadvilla.com\/es\/s-cadvilla_solicitud_de_soporte\/#primaryimage"},"thumbnailUrl":"https:\/\/www.cadvilla.com\/wp-content\/uploads\/remotesupport.png","datePublished":"2019-04-11T10:13:42+00:00","dateModified":"2020-02-27T10:54:54+00:00","description":"Solicitar un soporte","breadcrumb":{"@id":"https:\/\/www.cadvilla.com\/es\/s-cadvilla_solicitud_de_soporte\/#breadcrumb"},"inLanguage":"es","potentialAction":[{"@type":"ReadAction","target":["https:\/\/www.cadvilla.com\/es\/s-cadvilla_solicitud_de_soporte\/"]}]},{"@type":"ImageObject","inLanguage":"es","@id":"https:\/\/www.cadvilla.com\/es\/s-cadvilla_solicitud_de_soporte\/#primaryimage","url":"https:\/\/www.cadvilla.com\/wp-content\/uploads\/remotesupport.png","contentUrl":"https:\/\/www.cadvilla.com\/wp-content\/uploads\/remotesupport.png"},{"@type":"BreadcrumbList","@id":"https:\/\/www.cadvilla.com\/es\/s-cadvilla_solicitud_de_soporte\/#breadcrumb","itemListElement":[{"@type":"ListItem","position":1,"name":"Startseite","item":"https:\/\/www.cadvilla.com\/es\/"},{"@type":"ListItem","position":2,"name":"cadvilla &#8211; Solicitar soporte"}]},{"@type":"WebSite","@id":"https:\/\/www.cadvilla.com\/es\/#website","url":"https:\/\/www.cadvilla.com\/es\/","name":"cadvilla","description":"","publisher":{"@id":"https:\/\/www.cadvilla.com\/es\/#organization"},"potentialAction":[{"@type":"SearchAction","target":{"@type":"EntryPoint","urlTemplate":"https:\/\/www.cadvilla.com\/es\/?s={search_term_string}"},"query-input":{"@type":"PropertyValueSpecification","valueRequired":true,"valueName":"search_term_string"}}],"inLanguage":"es"},{"@type":"Organization","@id":"https:\/\/www.cadvilla.com\/es\/#organization","name":"cadvilla","url":"https:\/\/www.cadvilla.com\/es\/","logo":{"@type":"ImageObject","inLanguage":"es","@id":"https:\/\/www.cadvilla.com\/es\/#\/schema\/logo\/image\/","url":"https:\/\/www.cadvilla.com\/wp-content\/uploads\/logo_cadvilla.png","contentUrl":"https:\/\/www.cadvilla.com\/wp-content\/uploads\/logo_cadvilla.png","width":157,"height":51,"caption":"cadvilla"},"image":{"@id":"https:\/\/www.cadvilla.com\/es\/#\/schema\/logo\/image\/"}}]}},"_links":{"self":[{"href":"https:\/\/www.cadvilla.com\/es\/wp-json\/wp\/v2\/pages\/1102","targetHints":{"allow":["GET"]}}],"collection":[{"href":"https:\/\/www.cadvilla.com\/es\/wp-json\/wp\/v2\/pages"}],"about":[{"href":"https:\/\/www.cadvilla.com\/es\/wp-json\/wp\/v2\/types\/page"}],"author":[{"embeddable":true,"href":"https:\/\/www.cadvilla.com\/es\/wp-json\/wp\/v2\/users\/1"}],"replies":[{"embeddable":true,"href":"https:\/\/www.cadvilla.com\/es\/wp-json\/wp\/v2\/comments?post=1102"}],"version-history":[{"count":0,"href":"https:\/\/www.cadvilla.com\/es\/wp-json\/wp\/v2\/pages\/1102\/revisions"}],"wp:attachment":[{"href":"https:\/\/www.cadvilla.com\/es\/wp-json\/wp\/v2\/media?parent=1102"}],"curies":[{"name":"wp","href":"https:\/\/api.w.org\/{rel}","templated":true}]}}