{"id":1137,"date":"2019-04-11T14:43:59","date_gmt":"2019-04-11T12:43:59","guid":{"rendered":"https:\/\/www.cadvilla.pl\/s-cadvilla_osupport\/"},"modified":"2020-02-27T12:54:45","modified_gmt":"2020-02-27T10:54:45","slug":"s-soporte_online","status":"publish","type":"page","link":"https:\/\/www.cadvilla.com\/es\/s-soporte_online\/","title":{"rendered":"Soporte online para cadvilla"},"content":{"rendered":"<section class=\"l-section wpb_row ca-headerbackground0 height_auto\"><div class=\"l-section-h i-cf\"><div class=\"g-cols vc_row via_grid cols_1 laptops-cols_inherit tablets-cols_inherit mobiles-cols_1 valign_bottom type_default stacking_default\"><div class=\"wpb_column vc_column_container\"><div class=\"vc_column-inner\"><\/div><\/div><\/div><\/div><\/section><section class=\"l-section wpb_row height_auto\"><div class=\"l-section-h i-cf\"><div class=\"g-cols vc_row via_grid cols_1 laptops-cols_inherit tablets-cols_inherit mobiles-cols_1 valign_top type_default stacking_default\"><div class=\"wpb_column vc_column_container\"><div class=\"vc_column-inner\"><\/div><\/div><\/div><\/div><\/section><section class=\"l-section wpb_row ca-headerbg height_small\" id=\"begin\"><div class=\"l-section-h i-cf\"><div class=\"g-cols vc_row via_grid cols_1 laptops-cols_inherit tablets-cols_inherit mobiles-cols_1 valign_top type_default stacking_default\"><div class=\"wpb_column vc_column_container\"><div class=\"vc_column-inner\"><div class=\"wpb_text_column\"><div class=\"wpb_wrapper\"><h1>Soporte online para cadvilla<\/h1>\n<\/div><\/div><\/div><\/div><\/div><\/div><\/section><section class=\"l-section wpb_row height_medium\"><div class=\"l-section-h i-cf\"><div class=\"g-cols vc_row via_grid cols_1 laptops-cols_inherit tablets-cols_inherit mobiles-cols_1 valign_top type_default stacking_default\"><div class=\"wpb_column vc_column_container\"><div class=\"vc_column-inner\"><div class=\"wpb_text_column\"><div class=\"wpb_wrapper\"><h2>Le ayudamos online para responder lo antes posible a sus preguntas<\/h2>\n<p>Para poder acceder online a su computadora utilizamos el producto Teamviewer de la compa\u00f1\u00eda Teamviewer GmbH en G\u00f6ppingen\/Alemania. Vea m\u00e1s detalles sobre este producto bajo: www.teamviewer.com<\/p>\n<h4>El procedimiento para el soporte online es el siguiente:<\/h4>\n<ul>\n<li>Para cargar el programa mediante el cual se efect\u00faa el soporte online de cadvilla (editado por: Teamviewer GmbH, volumen de aprox. 11,6 MB) haga clic sobre el bot\u00f3n que figura aqu\u00ed a continuaci\u00f3n (Remote Support) y ejecute el programa. Naturalmente Ud. podr\u00e1 descargar tambi\u00e9n el programa directamente desde la p\u00e1gina web de Teamviewer.<br \/>\n<figure id=\"attachment_132\" aria-describedby=\"caption-attachment-132\" style=\"width: 174px\" class=\"wp-caption alignnone\"><a href=\"https:\/\/www.cadvilla.com\/download\/cadvilla_remotesupport_en.exe\"><img loading=\"lazy\" decoding=\"async\" class=\"wp-image-132 size-full\" src=\"https:\/\/www.cadvilla.com\/wp-content\/uploads\/remotesupport.png\" alt=\"Remote Support\" width=\"174\" height=\"54\" \/><\/a><figcaption id=\"caption-attachment-132\" class=\"wp-caption-text\"><em>haz click en la imagen para empezar<\/em><\/figcaption><\/figure><\/li>\n<li>Una vez ejecutado el programa se abre una ventana que muestra su ID personalizada y una clave.<\/li>\n<li>Ll\u00e1menos bajo el n\u00famero de tel\u00e9fono indicado y <strong>pida su turno para el soporte online<\/strong>.<\/li>\n<li>Para el soporte online precisamos su ID personalizada y la clave. Le rogamos nos proporcione ambas identificaciones <strong>previamente al inicio de la sesi\u00f3n online<\/strong>.<\/li>\n<li>Luego nosotros efectuamos la entrada de ambas identificaciones en nuestra computadora, lo que nos permite el acceso a su PC y realizar adaptaciones por telemando o control remoto. Cada acci\u00f3n realizada por nosotros ser\u00e1 visualizada paralelamente en su pantalla.<\/li>\n<li>Adem\u00e1s puede llevarse paralelamente una comunicaci\u00f3n v\u00eda tel\u00e9fono, Skype o chat.<\/li>\n<\/ul>\n<h5>Notas adicionales:<\/h5>\n<p>Al cerrar la ventana de cadvilla en su pantalla, nos separar\u00e1 del acceso a su PC y quedamos inhabilitados de trabajos por telemando. Al iniciar una nueva sesi\u00f3n de soporte online, su ID personalizada permanecer\u00e1 inalterada, sin embargo se genera cada vez una clave nueva.<\/p>\n<\/div><\/div><\/div><\/div><\/div><\/div><\/section><section class=\"l-section wpb_row height_small\"><div class=\"l-section-h i-cf\"><div class=\"g-cols vc_row via_grid cols_1 laptops-cols_inherit tablets-cols_inherit mobiles-cols_1 valign_top type_default stacking_default\"><div class=\"wpb_column vc_column_container\"><div class=\"vc_column-inner\"><\/div><\/div><\/div><\/div><\/section>\n","protected":false},"excerpt":{"rendered":"Soporte online para cadvilla Le ayudamos online para responder lo antes posible a sus preguntas Para poder acceder online a su computadora utilizamos el producto Teamviewer de la compa\u00f1\u00eda Teamviewer GmbH en G\u00f6ppingen\/Alemania. Vea m\u00e1s detalles sobre este producto bajo: www.teamviewer.com El procedimiento para el soporte online es el siguiente: Para cargar el programa mediante...","protected":false},"author":1,"featured_media":0,"parent":0,"menu_order":0,"comment_status":"closed","ping_status":"closed","template":"","meta":{"footnotes":""},"class_list":["post-1137","page","type-page","status-publish","hentry"],"yoast_head":"<!-- This site is optimized with the Yoast SEO plugin v27.4 - https:\/\/yoast.com\/product\/yoast-seo-wordpress\/ -->\n<title>Soporte online cadvilla<\/title>\n<meta name=\"description\" content=\"Soporte en l\u00ednea para el software de planificaci\u00f3n de la casa cadvilla con la ayuda del software de mantenimiento remoto Teamviewer. Descarga la aplicaci\u00f3n para soporte en l\u00ednea ahora.\" \/>\n<meta name=\"robots\" content=\"index, follow, max-snippet:-1, max-image-preview:large, max-video-preview:-1\" \/>\n<link rel=\"canonical\" href=\"https:\/\/www.cadvilla.com\/es\/s-soporte_online\/\" \/>\n<meta property=\"og:locale\" content=\"es_ES\" \/>\n<meta property=\"og:type\" content=\"article\" \/>\n<meta property=\"og:title\" content=\"Soporte online cadvilla\" \/>\n<meta property=\"og:description\" content=\"Soporte en l\u00ednea para el software de planificaci\u00f3n de la casa cadvilla con la ayuda del software de mantenimiento remoto Teamviewer. Descarga la aplicaci\u00f3n para soporte en l\u00ednea ahora.\" \/>\n<meta property=\"og:url\" content=\"https:\/\/www.cadvilla.com\/es\/s-soporte_online\/\" \/>\n<meta property=\"og:site_name\" content=\"cadvilla\" \/>\n<meta property=\"article:modified_time\" content=\"2020-02-27T10:54:45+00:00\" \/>\n<meta property=\"og:image\" content=\"https:\/\/www.cadvilla.com\/wp-content\/uploads\/remotesupport.png\" \/>\n<meta name=\"twitter:card\" content=\"summary_large_image\" \/>\n<meta name=\"twitter:label1\" content=\"Tiempo de lectura\" \/>\n\t<meta name=\"twitter:data1\" content=\"2 minutos\" \/>\n<script type=\"application\/ld+json\" class=\"yoast-schema-graph\">{\"@context\":\"https:\\\/\\\/schema.org\",\"@graph\":[{\"@type\":\"WebPage\",\"@id\":\"https:\\\/\\\/www.cadvilla.com\\\/es\\\/s-soporte_online\\\/\",\"url\":\"https:\\\/\\\/www.cadvilla.com\\\/es\\\/s-soporte_online\\\/\",\"name\":\"Soporte online cadvilla\",\"isPartOf\":{\"@id\":\"https:\\\/\\\/www.cadvilla.com\\\/es\\\/#website\"},\"primaryImageOfPage\":{\"@id\":\"https:\\\/\\\/www.cadvilla.com\\\/es\\\/s-soporte_online\\\/#primaryimage\"},\"image\":{\"@id\":\"https:\\\/\\\/www.cadvilla.com\\\/es\\\/s-soporte_online\\\/#primaryimage\"},\"thumbnailUrl\":\"https:\\\/\\\/www.cadvilla.com\\\/wp-content\\\/uploads\\\/remotesupport.png\",\"datePublished\":\"2019-04-11T12:43:59+00:00\",\"dateModified\":\"2020-02-27T10:54:45+00:00\",\"description\":\"Soporte en l\u00ednea para el software de planificaci\u00f3n de la casa cadvilla con la ayuda del software de mantenimiento remoto Teamviewer. Descarga la aplicaci\u00f3n para soporte en l\u00ednea ahora.\",\"breadcrumb\":{\"@id\":\"https:\\\/\\\/www.cadvilla.com\\\/es\\\/s-soporte_online\\\/#breadcrumb\"},\"inLanguage\":\"es\",\"potentialAction\":[{\"@type\":\"ReadAction\",\"target\":[\"https:\\\/\\\/www.cadvilla.com\\\/es\\\/s-soporte_online\\\/\"]}]},{\"@type\":\"ImageObject\",\"inLanguage\":\"es\",\"@id\":\"https:\\\/\\\/www.cadvilla.com\\\/es\\\/s-soporte_online\\\/#primaryimage\",\"url\":\"https:\\\/\\\/www.cadvilla.com\\\/wp-content\\\/uploads\\\/remotesupport.png\",\"contentUrl\":\"https:\\\/\\\/www.cadvilla.com\\\/wp-content\\\/uploads\\\/remotesupport.png\"},{\"@type\":\"BreadcrumbList\",\"@id\":\"https:\\\/\\\/www.cadvilla.com\\\/es\\\/s-soporte_online\\\/#breadcrumb\",\"itemListElement\":[{\"@type\":\"ListItem\",\"position\":1,\"name\":\"Startseite\",\"item\":\"https:\\\/\\\/www.cadvilla.com\\\/es\\\/\"},{\"@type\":\"ListItem\",\"position\":2,\"name\":\"Soporte online para cadvilla\"}]},{\"@type\":\"WebSite\",\"@id\":\"https:\\\/\\\/www.cadvilla.com\\\/es\\\/#website\",\"url\":\"https:\\\/\\\/www.cadvilla.com\\\/es\\\/\",\"name\":\"cadvilla\",\"description\":\"\",\"publisher\":{\"@id\":\"https:\\\/\\\/www.cadvilla.com\\\/es\\\/#organization\"},\"potentialAction\":[{\"@type\":\"SearchAction\",\"target\":{\"@type\":\"EntryPoint\",\"urlTemplate\":\"https:\\\/\\\/www.cadvilla.com\\\/es\\\/?s={search_term_string}\"},\"query-input\":{\"@type\":\"PropertyValueSpecification\",\"valueRequired\":true,\"valueName\":\"search_term_string\"}}],\"inLanguage\":\"es\"},{\"@type\":\"Organization\",\"@id\":\"https:\\\/\\\/www.cadvilla.com\\\/es\\\/#organization\",\"name\":\"cadvilla\",\"url\":\"https:\\\/\\\/www.cadvilla.com\\\/es\\\/\",\"logo\":{\"@type\":\"ImageObject\",\"inLanguage\":\"es\",\"@id\":\"https:\\\/\\\/www.cadvilla.com\\\/es\\\/#\\\/schema\\\/logo\\\/image\\\/\",\"url\":\"https:\\\/\\\/www.cadvilla.com\\\/wp-content\\\/uploads\\\/logo_cadvilla.png\",\"contentUrl\":\"https:\\\/\\\/www.cadvilla.com\\\/wp-content\\\/uploads\\\/logo_cadvilla.png\",\"width\":157,\"height\":51,\"caption\":\"cadvilla\"},\"image\":{\"@id\":\"https:\\\/\\\/www.cadvilla.com\\\/es\\\/#\\\/schema\\\/logo\\\/image\\\/\"}}]}<\/script>\n<!-- \/ Yoast SEO plugin. -->","yoast_head_json":{"title":"Soporte online cadvilla","description":"Soporte en l\u00ednea para el software de planificaci\u00f3n de la casa cadvilla con la ayuda del software de mantenimiento remoto Teamviewer. Descarga la aplicaci\u00f3n para soporte en l\u00ednea ahora.","robots":{"index":"index","follow":"follow","max-snippet":"max-snippet:-1","max-image-preview":"max-image-preview:large","max-video-preview":"max-video-preview:-1"},"canonical":"https:\/\/www.cadvilla.com\/es\/s-soporte_online\/","og_locale":"es_ES","og_type":"article","og_title":"Soporte online cadvilla","og_description":"Soporte en l\u00ednea para el software de planificaci\u00f3n de la casa cadvilla con la ayuda del software de mantenimiento remoto Teamviewer. Descarga la aplicaci\u00f3n para soporte en l\u00ednea ahora.","og_url":"https:\/\/www.cadvilla.com\/es\/s-soporte_online\/","og_site_name":"cadvilla","article_modified_time":"2020-02-27T10:54:45+00:00","og_image":[{"url":"https:\/\/www.cadvilla.com\/wp-content\/uploads\/remotesupport.png","type":"","width":"","height":""}],"twitter_card":"summary_large_image","twitter_misc":{"Tiempo de lectura":"2 minutos"},"schema":{"@context":"https:\/\/schema.org","@graph":[{"@type":"WebPage","@id":"https:\/\/www.cadvilla.com\/es\/s-soporte_online\/","url":"https:\/\/www.cadvilla.com\/es\/s-soporte_online\/","name":"Soporte online cadvilla","isPartOf":{"@id":"https:\/\/www.cadvilla.com\/es\/#website"},"primaryImageOfPage":{"@id":"https:\/\/www.cadvilla.com\/es\/s-soporte_online\/#primaryimage"},"image":{"@id":"https:\/\/www.cadvilla.com\/es\/s-soporte_online\/#primaryimage"},"thumbnailUrl":"https:\/\/www.cadvilla.com\/wp-content\/uploads\/remotesupport.png","datePublished":"2019-04-11T12:43:59+00:00","dateModified":"2020-02-27T10:54:45+00:00","description":"Soporte en l\u00ednea para el software de planificaci\u00f3n de la casa cadvilla con la ayuda del software de mantenimiento remoto Teamviewer. Descarga la aplicaci\u00f3n para soporte en l\u00ednea ahora.","breadcrumb":{"@id":"https:\/\/www.cadvilla.com\/es\/s-soporte_online\/#breadcrumb"},"inLanguage":"es","potentialAction":[{"@type":"ReadAction","target":["https:\/\/www.cadvilla.com\/es\/s-soporte_online\/"]}]},{"@type":"ImageObject","inLanguage":"es","@id":"https:\/\/www.cadvilla.com\/es\/s-soporte_online\/#primaryimage","url":"https:\/\/www.cadvilla.com\/wp-content\/uploads\/remotesupport.png","contentUrl":"https:\/\/www.cadvilla.com\/wp-content\/uploads\/remotesupport.png"},{"@type":"BreadcrumbList","@id":"https:\/\/www.cadvilla.com\/es\/s-soporte_online\/#breadcrumb","itemListElement":[{"@type":"ListItem","position":1,"name":"Startseite","item":"https:\/\/www.cadvilla.com\/es\/"},{"@type":"ListItem","position":2,"name":"Soporte online para cadvilla"}]},{"@type":"WebSite","@id":"https:\/\/www.cadvilla.com\/es\/#website","url":"https:\/\/www.cadvilla.com\/es\/","name":"cadvilla","description":"","publisher":{"@id":"https:\/\/www.cadvilla.com\/es\/#organization"},"potentialAction":[{"@type":"SearchAction","target":{"@type":"EntryPoint","urlTemplate":"https:\/\/www.cadvilla.com\/es\/?s={search_term_string}"},"query-input":{"@type":"PropertyValueSpecification","valueRequired":true,"valueName":"search_term_string"}}],"inLanguage":"es"},{"@type":"Organization","@id":"https:\/\/www.cadvilla.com\/es\/#organization","name":"cadvilla","url":"https:\/\/www.cadvilla.com\/es\/","logo":{"@type":"ImageObject","inLanguage":"es","@id":"https:\/\/www.cadvilla.com\/es\/#\/schema\/logo\/image\/","url":"https:\/\/www.cadvilla.com\/wp-content\/uploads\/logo_cadvilla.png","contentUrl":"https:\/\/www.cadvilla.com\/wp-content\/uploads\/logo_cadvilla.png","width":157,"height":51,"caption":"cadvilla"},"image":{"@id":"https:\/\/www.cadvilla.com\/es\/#\/schema\/logo\/image\/"}}]}},"_links":{"self":[{"href":"https:\/\/www.cadvilla.com\/es\/wp-json\/wp\/v2\/pages\/1137","targetHints":{"allow":["GET"]}}],"collection":[{"href":"https:\/\/www.cadvilla.com\/es\/wp-json\/wp\/v2\/pages"}],"about":[{"href":"https:\/\/www.cadvilla.com\/es\/wp-json\/wp\/v2\/types\/page"}],"author":[{"embeddable":true,"href":"https:\/\/www.cadvilla.com\/es\/wp-json\/wp\/v2\/users\/1"}],"replies":[{"embeddable":true,"href":"https:\/\/www.cadvilla.com\/es\/wp-json\/wp\/v2\/comments?post=1137"}],"version-history":[{"count":0,"href":"https:\/\/www.cadvilla.com\/es\/wp-json\/wp\/v2\/pages\/1137\/revisions"}],"wp:attachment":[{"href":"https:\/\/www.cadvilla.com\/es\/wp-json\/wp\/v2\/media?parent=1137"}],"curies":[{"name":"wp","href":"https:\/\/api.w.org\/{rel}","templated":true}]}}