{"id":1384,"date":"2019-04-12T11:05:31","date_gmt":"2019-04-12T09:05:31","guid":{"rendered":"https:\/\/www.cadvilla.pl\/s-cadvilla_shortcuts\/"},"modified":"2023-08-30T15:57:02","modified_gmt":"2023-08-30T13:57:02","slug":"s-teclas_rapidas_de_cadvilla","status":"publish","type":"page","link":"https:\/\/www.cadvilla.com\/es\/s-teclas_rapidas_de_cadvilla\/","title":{"rendered":"Teclas r\u00e1pidas cadvilla"},"content":{"rendered":"<section class=\"l-section wpb_row ca-headerbackground0 height_auto\"><div class=\"l-section-h i-cf\"><div class=\"g-cols vc_row via_grid cols_1 laptops-cols_inherit tablets-cols_inherit mobiles-cols_1 valign_bottom type_default stacking_default\"><div class=\"wpb_column vc_column_container\"><div class=\"vc_column-inner\"><\/div><\/div><\/div><\/div><\/section><section class=\"l-section wpb_row height_auto\"><div class=\"l-section-h i-cf\"><div class=\"g-cols vc_row via_grid cols_1 laptops-cols_inherit tablets-cols_inherit mobiles-cols_1 valign_top type_default stacking_default\"><div class=\"wpb_column vc_column_container\"><div class=\"vc_column-inner\"><\/div><\/div><\/div><\/div><\/section><section class=\"l-section wpb_row ca-headerbg height_small\" id=\"begin\"><div class=\"l-section-h i-cf\"><div class=\"g-cols vc_row via_grid cols_1 laptops-cols_inherit tablets-cols_inherit mobiles-cols_1 valign_top type_default stacking_default\"><div class=\"wpb_column vc_column_container\"><div class=\"vc_column-inner\"><div class=\"wpb_text_column\"><div class=\"wpb_wrapper\"><h1>Importantes teclas r\u00e1pidas y combinaciones de rat\u00f3n en cadvilla<\/h1>\n<\/div><\/div><\/div><\/div><\/div><\/div><\/section><section class=\"l-section wpb_row height_small\"><div class=\"l-section-h i-cf\"><div class=\"g-cols vc_row via_grid cols_1 laptops-cols_inherit tablets-cols_inherit mobiles-cols_1 valign_top type_default stacking_default\"><div class=\"wpb_column vc_column_container\"><div class=\"vc_column-inner\"><div class=\"wpb_text_column\"><div class=\"wpb_wrapper\"><h5>Leyenda<\/h5>\n\n<hr \/>\n<h3>Combinaciones de teclas y rat\u00f3n en 2D \/ 3D<\/h3>\n<p>Se obtienen las opciones mencionadas a continuaci\u00f3n manteniendo pulsadas las siguientes teclas en combinaci\u00f3n con el rat\u00f3n<br \/>\n<\/p>\n<hr \/>\n<h3>Atajos de teclado para asistencia de entrada y otras opciones<\/h3>\n\n<hr \/>\n<h3>Atajos para funciones<\/h3>\n<\/div><\/div><\/div><\/div><\/div><\/div><\/section><section class=\"l-section wpb_row height_auto\"><div class=\"l-section-h i-cf\"><div class=\"g-cols vc_row via_grid cols_2 laptops-cols_inherit tablets-cols_inherit mobiles-cols_1 valign_top type_default stacking_default\"><div class=\"wpb_column vc_column_container\"><div class=\"vc_column-inner\"><div class=\"wpb_text_column\"><div class=\"wpb_wrapper\">\n<\/div><\/div><\/div><\/div><div class=\"wpb_column vc_column_container\"><div class=\"vc_column-inner\"><div class=\"wpb_text_column\"><div class=\"wpb_wrapper\">\n<\/div><\/div><\/div><\/div><\/div><\/div><\/section><section class=\"l-section wpb_row height_medium\"><div class=\"l-section-h i-cf\"><div class=\"g-cols vc_row via_grid cols_1 laptops-cols_inherit tablets-cols_inherit mobiles-cols_1 valign_top type_default stacking_default\"><div class=\"wpb_column vc_column_container\"><div class=\"vc_column-inner\"><div class=\"wpb_text_column\"><div class=\"wpb_wrapper\"><h3>Cargar como PDF importantes combinaciones de teclas y rat\u00f3n en cadvilla<\/h3>\n<p>Este documento PDF contiene las combinaciones de teclas y rat\u00f3n en 2D\/3D arriba mencionadas as\u00ed como combinaciones importantes en el teclado para el ingreso asistido y otros.<\/p>\n<\/div><\/div><div class=\"w-btn-wrapper align_left\"><a class=\"w-btn us-btn-style_5 us_custom_2ac0b1fd icon_atleft\" title=\"Mauskombinationen und Kurzwegtasten als PDF\" href=\"https:\/\/www.cadvilla.com\/download\/manuals\/en\/Shortcuts_en.pdf\"><i class=\"fas fa-sign-in\"><\/i><span class=\"w-btn-label\">Cargar atajos de teclado y rat\u00f3n como PDF<\/span><\/a><\/div><\/div><\/div><\/div><\/div><\/section>\n","protected":false},"excerpt":{"rendered":"Importantes teclas r\u00e1pidas y combinaciones de rat\u00f3n en cadvilla Leyenda Combinaciones de teclas y rat\u00f3n en 2D \/ 3D Se obtienen las opciones mencionadas a continuaci\u00f3n manteniendo pulsadas las siguientes teclas en combinaci\u00f3n con el rat\u00f3n Atajos de teclado para asistencia de entrada y otras opciones Atajos para funciones Cargar como PDF importantes combinaciones de...","protected":false},"author":1,"featured_media":0,"parent":0,"menu_order":0,"comment_status":"closed","ping_status":"closed","template":"","meta":{"footnotes":""},"class_list":["post-1384","page","type-page","status-publish","hentry"],"yoast_head":"<!-- This site is optimized with the Yoast SEO plugin v27.3 - https:\/\/yoast.com\/product\/yoast-seo-wordpress\/ -->\n<title>Teclas r\u00e1pidas cadvilla y combinaciones rat\u00f3n<\/title>\n<meta name=\"description\" content=\"Todas las teclas de acceso directo a cadvilla para una planificaci\u00f3n y visualizaci\u00f3n m\u00e1s r\u00e1pida de su hogar. Compilaci\u00f3n ahora tambi\u00e9n como descarga.\" \/>\n<meta name=\"robots\" content=\"index, follow, max-snippet:-1, max-image-preview:large, max-video-preview:-1\" \/>\n<link rel=\"canonical\" href=\"https:\/\/www.cadvilla.com\/es\/s-teclas_rapidas_de_cadvilla\/\" \/>\n<meta property=\"og:locale\" content=\"es_ES\" \/>\n<meta property=\"og:type\" content=\"article\" \/>\n<meta property=\"og:title\" content=\"Teclas r\u00e1pidas cadvilla y combinaciones rat\u00f3n\" \/>\n<meta property=\"og:description\" content=\"Todas las teclas de acceso directo a cadvilla para una planificaci\u00f3n y visualizaci\u00f3n m\u00e1s r\u00e1pida de su hogar. Compilaci\u00f3n ahora tambi\u00e9n como descarga.\" \/>\n<meta property=\"og:url\" content=\"https:\/\/www.cadvilla.com\/es\/s-teclas_rapidas_de_cadvilla\/\" \/>\n<meta property=\"og:site_name\" content=\"cadvilla\" \/>\n<meta property=\"article:modified_time\" content=\"2023-08-30T13:57:02+00:00\" \/>\n<meta name=\"twitter:card\" content=\"summary_large_image\" \/>\n<meta name=\"twitter:label1\" content=\"Tiempo de lectura\" \/>\n\t<meta name=\"twitter:data1\" content=\"1 minuto\" \/>\n<script type=\"application\/ld+json\" class=\"yoast-schema-graph\">{\"@context\":\"https:\\\/\\\/schema.org\",\"@graph\":[{\"@type\":\"WebPage\",\"@id\":\"https:\\\/\\\/www.cadvilla.com\\\/es\\\/s-teclas_rapidas_de_cadvilla\\\/\",\"url\":\"https:\\\/\\\/www.cadvilla.com\\\/es\\\/s-teclas_rapidas_de_cadvilla\\\/\",\"name\":\"Teclas r\u00e1pidas cadvilla y combinaciones rat\u00f3n\",\"isPartOf\":{\"@id\":\"https:\\\/\\\/www.cadvilla.com\\\/es\\\/#website\"},\"datePublished\":\"2019-04-12T09:05:31+00:00\",\"dateModified\":\"2023-08-30T13:57:02+00:00\",\"description\":\"Todas las teclas de acceso directo a cadvilla para una planificaci\u00f3n y visualizaci\u00f3n m\u00e1s r\u00e1pida de su hogar. Compilaci\u00f3n ahora tambi\u00e9n como descarga.\",\"breadcrumb\":{\"@id\":\"https:\\\/\\\/www.cadvilla.com\\\/es\\\/s-teclas_rapidas_de_cadvilla\\\/#breadcrumb\"},\"inLanguage\":\"es\",\"potentialAction\":[{\"@type\":\"ReadAction\",\"target\":[\"https:\\\/\\\/www.cadvilla.com\\\/es\\\/s-teclas_rapidas_de_cadvilla\\\/\"]}]},{\"@type\":\"BreadcrumbList\",\"@id\":\"https:\\\/\\\/www.cadvilla.com\\\/es\\\/s-teclas_rapidas_de_cadvilla\\\/#breadcrumb\",\"itemListElement\":[{\"@type\":\"ListItem\",\"position\":1,\"name\":\"Startseite\",\"item\":\"https:\\\/\\\/www.cadvilla.com\\\/es\\\/\"},{\"@type\":\"ListItem\",\"position\":2,\"name\":\"Teclas r\u00e1pidas cadvilla\"}]},{\"@type\":\"WebSite\",\"@id\":\"https:\\\/\\\/www.cadvilla.com\\\/es\\\/#website\",\"url\":\"https:\\\/\\\/www.cadvilla.com\\\/es\\\/\",\"name\":\"cadvilla\",\"description\":\"\",\"publisher\":{\"@id\":\"https:\\\/\\\/www.cadvilla.com\\\/es\\\/#organization\"},\"potentialAction\":[{\"@type\":\"SearchAction\",\"target\":{\"@type\":\"EntryPoint\",\"urlTemplate\":\"https:\\\/\\\/www.cadvilla.com\\\/es\\\/?s={search_term_string}\"},\"query-input\":{\"@type\":\"PropertyValueSpecification\",\"valueRequired\":true,\"valueName\":\"search_term_string\"}}],\"inLanguage\":\"es\"},{\"@type\":\"Organization\",\"@id\":\"https:\\\/\\\/www.cadvilla.com\\\/es\\\/#organization\",\"name\":\"cadvilla\",\"url\":\"https:\\\/\\\/www.cadvilla.com\\\/es\\\/\",\"logo\":{\"@type\":\"ImageObject\",\"inLanguage\":\"es\",\"@id\":\"https:\\\/\\\/www.cadvilla.com\\\/es\\\/#\\\/schema\\\/logo\\\/image\\\/\",\"url\":\"https:\\\/\\\/www.cadvilla.com\\\/wp-content\\\/uploads\\\/logo_cadvilla.png\",\"contentUrl\":\"https:\\\/\\\/www.cadvilla.com\\\/wp-content\\\/uploads\\\/logo_cadvilla.png\",\"width\":157,\"height\":51,\"caption\":\"cadvilla\"},\"image\":{\"@id\":\"https:\\\/\\\/www.cadvilla.com\\\/es\\\/#\\\/schema\\\/logo\\\/image\\\/\"}}]}<\/script>\n<!-- \/ Yoast SEO plugin. -->","yoast_head_json":{"title":"Teclas r\u00e1pidas cadvilla y combinaciones rat\u00f3n","description":"Todas las teclas de acceso directo a cadvilla para una planificaci\u00f3n y visualizaci\u00f3n m\u00e1s r\u00e1pida de su hogar. Compilaci\u00f3n ahora tambi\u00e9n como descarga.","robots":{"index":"index","follow":"follow","max-snippet":"max-snippet:-1","max-image-preview":"max-image-preview:large","max-video-preview":"max-video-preview:-1"},"canonical":"https:\/\/www.cadvilla.com\/es\/s-teclas_rapidas_de_cadvilla\/","og_locale":"es_ES","og_type":"article","og_title":"Teclas r\u00e1pidas cadvilla y combinaciones rat\u00f3n","og_description":"Todas las teclas de acceso directo a cadvilla para una planificaci\u00f3n y visualizaci\u00f3n m\u00e1s r\u00e1pida de su hogar. Compilaci\u00f3n ahora tambi\u00e9n como descarga.","og_url":"https:\/\/www.cadvilla.com\/es\/s-teclas_rapidas_de_cadvilla\/","og_site_name":"cadvilla","article_modified_time":"2023-08-30T13:57:02+00:00","twitter_card":"summary_large_image","twitter_misc":{"Tiempo de lectura":"1 minuto"},"schema":{"@context":"https:\/\/schema.org","@graph":[{"@type":"WebPage","@id":"https:\/\/www.cadvilla.com\/es\/s-teclas_rapidas_de_cadvilla\/","url":"https:\/\/www.cadvilla.com\/es\/s-teclas_rapidas_de_cadvilla\/","name":"Teclas r\u00e1pidas cadvilla y combinaciones rat\u00f3n","isPartOf":{"@id":"https:\/\/www.cadvilla.com\/es\/#website"},"datePublished":"2019-04-12T09:05:31+00:00","dateModified":"2023-08-30T13:57:02+00:00","description":"Todas las teclas de acceso directo a cadvilla para una planificaci\u00f3n y visualizaci\u00f3n m\u00e1s r\u00e1pida de su hogar. Compilaci\u00f3n ahora tambi\u00e9n como descarga.","breadcrumb":{"@id":"https:\/\/www.cadvilla.com\/es\/s-teclas_rapidas_de_cadvilla\/#breadcrumb"},"inLanguage":"es","potentialAction":[{"@type":"ReadAction","target":["https:\/\/www.cadvilla.com\/es\/s-teclas_rapidas_de_cadvilla\/"]}]},{"@type":"BreadcrumbList","@id":"https:\/\/www.cadvilla.com\/es\/s-teclas_rapidas_de_cadvilla\/#breadcrumb","itemListElement":[{"@type":"ListItem","position":1,"name":"Startseite","item":"https:\/\/www.cadvilla.com\/es\/"},{"@type":"ListItem","position":2,"name":"Teclas r\u00e1pidas cadvilla"}]},{"@type":"WebSite","@id":"https:\/\/www.cadvilla.com\/es\/#website","url":"https:\/\/www.cadvilla.com\/es\/","name":"cadvilla","description":"","publisher":{"@id":"https:\/\/www.cadvilla.com\/es\/#organization"},"potentialAction":[{"@type":"SearchAction","target":{"@type":"EntryPoint","urlTemplate":"https:\/\/www.cadvilla.com\/es\/?s={search_term_string}"},"query-input":{"@type":"PropertyValueSpecification","valueRequired":true,"valueName":"search_term_string"}}],"inLanguage":"es"},{"@type":"Organization","@id":"https:\/\/www.cadvilla.com\/es\/#organization","name":"cadvilla","url":"https:\/\/www.cadvilla.com\/es\/","logo":{"@type":"ImageObject","inLanguage":"es","@id":"https:\/\/www.cadvilla.com\/es\/#\/schema\/logo\/image\/","url":"https:\/\/www.cadvilla.com\/wp-content\/uploads\/logo_cadvilla.png","contentUrl":"https:\/\/www.cadvilla.com\/wp-content\/uploads\/logo_cadvilla.png","width":157,"height":51,"caption":"cadvilla"},"image":{"@id":"https:\/\/www.cadvilla.com\/es\/#\/schema\/logo\/image\/"}}]}},"_links":{"self":[{"href":"https:\/\/www.cadvilla.com\/es\/wp-json\/wp\/v2\/pages\/1384","targetHints":{"allow":["GET"]}}],"collection":[{"href":"https:\/\/www.cadvilla.com\/es\/wp-json\/wp\/v2\/pages"}],"about":[{"href":"https:\/\/www.cadvilla.com\/es\/wp-json\/wp\/v2\/types\/page"}],"author":[{"embeddable":true,"href":"https:\/\/www.cadvilla.com\/es\/wp-json\/wp\/v2\/users\/1"}],"replies":[{"embeddable":true,"href":"https:\/\/www.cadvilla.com\/es\/wp-json\/wp\/v2\/comments?post=1384"}],"version-history":[{"count":0,"href":"https:\/\/www.cadvilla.com\/es\/wp-json\/wp\/v2\/pages\/1384\/revisions"}],"wp:attachment":[{"href":"https:\/\/www.cadvilla.com\/es\/wp-json\/wp\/v2\/media?parent=1384"}],"curies":[{"name":"wp","href":"https:\/\/api.w.org\/{rel}","templated":true}]}}