{"id":2323,"date":"2019-05-02T17:36:57","date_gmt":"2019-05-02T15:36:57","guid":{"rendered":"https:\/\/www.cadvilla.pl\/z-objekte_kueche1\/"},"modified":"2023-10-22T16:19:27","modified_gmt":"2023-10-22T14:19:27","slug":"z-objetos_cocinas_1_3d","status":"publish","type":"page","link":"https:\/\/www.cadvilla.com\/es\/z-objetos_cocinas_1_3d\/","title":{"rendered":"Objetos adicionales para cadvilla &#8211; 3D cocinas Collection 1"},"content":{"rendered":"<section class=\"l-section wpb_row ca-headerbackground0 height_auto\"><div class=\"l-section-h i-cf\"><div class=\"g-cols vc_row via_grid cols_1 laptops-cols_inherit tablets-cols_inherit mobiles-cols_1 valign_bottom type_default stacking_default\"><div class=\"wpb_column vc_column_container\"><div class=\"vc_column-inner\"><\/div><\/div><\/div><\/div><\/section><section class=\"l-section wpb_row height_auto\"><div class=\"l-section-h i-cf\"><div class=\"g-cols vc_row via_grid cols_1 laptops-cols_inherit tablets-cols_inherit mobiles-cols_1 valign_top type_default stacking_default\"><div class=\"wpb_column vc_column_container\"><div class=\"vc_column-inner\"><\/div><\/div><\/div><\/div><\/section><section class=\"l-section wpb_row ca-headerbg height_small\" id=\"begin\"><div class=\"l-section-h i-cf\"><div class=\"g-cols vc_row via_grid cols_1 laptops-cols_inherit tablets-cols_inherit mobiles-cols_1 valign_top type_default stacking_default\"><div class=\"wpb_column vc_column_container\"><div class=\"vc_column-inner\"><div class=\"wpb_text_column ca-heading1\"><div class=\"wpb_wrapper\"><h1>Objetos adicionales para cadvilla &#8211; 3D cocinas Collection 1<\/h1>\n<\/div><\/div><\/div><\/div><\/div><\/div><\/section><section class=\"l-section wpb_row height_medium\"><div class=\"l-section-h i-cf\"><div class=\"g-cols vc_row via_grid cols_3-1 laptops-cols_inherit tablets-cols_inherit mobiles-cols_1 valign_top type_default stacking_default\"><div class=\"wpb_column vc_column_container\"><div class=\"vc_column-inner\"><div class=\"g-cols wpb_row via_grid cols_1-2 laptops-cols_inherit tablets-cols_inherit mobiles-cols_1 valign_top type_default stacking_default\" style=\"--columns-gap:3rem;\"><div class=\"wpb_column vc_column_container\"><div class=\"vc_column-inner\"><div class=\"w-image align_center\"><div class=\"w-image-h\"><img decoding=\"async\" width=\"200\" height=\"200\" src=\"https:\/\/www.cadvilla.com\/wp-content\/uploads\/zusatzmodul_es.png\" class=\"attachment-full size-full\" alt=\"M\u00f3dulo suplementario\" loading=\"lazy\" \/><\/div><\/div><div class=\"wpb_text_column ca-product-small_info\"><div class=\"wpb_wrapper\"><p>Entrega como descarga (~ 282 MB)<br \/>\nDVD DE RESPALDO \u2013 opcional con el pedido<\/p>\n<\/div><\/div><div class=\"wpb_text_column\"><div class=\"wpb_wrapper\"><p><img loading=\"lazy\" decoding=\"async\" class=\"ca-object-library_sample-pics aligncenter\" title=\"Senso\" src=\"https:\/\/www.cadvilla.com\/beispiele\/small\/kueche_senso_holz_2.jpg\" alt=\"Senso\" width=\"100\" height=\"56\" \/><\/p>\n<\/div><\/div><\/div><\/div><div class=\"wpb_column vc_column_container\"><div class=\"vc_column-inner\"><div class=\"wpb_text_column\"><div class=\"wpb_wrapper\"><h2><strong>Cocina 3D Colecci\u00f3n 1<\/strong><\/h2>\n<h4><strong><span style=\"color: #ff9900;\">39,95 \u20ac *<br \/>\n<\/span><\/strong><\/h4>\n<p><span style=\"color: #999999;\">(El precio de lista recomendado es de 39,95 \u20ac)<br \/>\n<\/span><\/p>\n<p>\u2013 Todos los precios incluyen el IVA legal.<br \/>\n\u2013 Colecci\u00f3n de objetos 3D adicionales para cadvilla.<\/p>\n<\/div><\/div><div class=\"wpb_text_column us_custom_36724591 ca-advtext1_es\"><div class=\"wpb_wrapper\"><p style=\"margin-top: 0px; margin-bottom: 0px;\"><img loading=\"lazy\" decoding=\"async\" src=\"https:\/\/www.cadvilla.com\/wp-content\/uploads\/leerzeichen.png\" alt=\"\" width=\"1\" height=\"1\" \/><\/p>\n<\/div><\/div><div class=\"wpb_text_column us_custom_36724591 ca-advtext2_es\"><div class=\"wpb_wrapper\"><p><span style=\"color: #ff9900;\"><strong>* <\/strong><\/span><\/p>\n<\/div><\/div><div class=\"w-btn-wrapper align_left\"><a class=\"w-btn us-btn-style_2 us_custom_2d9ebfef icon_atleft\" rel=\"nofollow\" href=\"https:\/\/www.cleverbridge.com\/1106\/?scope=checkout&amp;cart=215849&amp;languages=es&amp;cookie=true&amp;cfg=design_2018&amp;recommendation=addbackup\"><i class=\"fas fa-download\"><\/i><span class=\"w-btn-label\">Comprar Objetos<\/span><\/a><\/div><div class=\"w-separator size_medium\"><\/div><\/div><\/div><\/div><div class=\"g-cols wpb_row via_grid cols_1 laptops-cols_inherit tablets-cols_inherit mobiles-cols_1 valign_top type_default stacking_default\" style=\"--columns-gap:3rem;\"><div class=\"wpb_column vc_column_container\"><div class=\"vc_column-inner\"><div class=\"wpb_text_column\"><div class=\"wpb_wrapper\"><p>La colecci\u00f3n 3D cocina Collection 1 incluye m\u00e1s de 6900 objetos y texturas adicionales del sector cocina<\/p>\n<p>En detalle se trata de:<\/p>\n<p>Fabricante Bulthaup:<br \/>\n<em>Todas las series contienen armarios suspendidos superiores, armarios altos,<br \/>\narmarios inferiores, armarios sobreencimera<\/em><\/p>\n<ul>\n<li>m\u00e1s de\u00a0\u00a0300 objetos &#8211; serie B3<\/li>\n<li>m\u00e1s de 1000 objetos &#8211; serie Mattlack (barniz mate)<\/li>\n<li>m\u00e1s de 1000 objetos &#8211; serie Ulme<\/li>\n<\/ul>\n<p>Otros fabricantes:<br \/>\n<em>Todas las series contienen armarios suspendidos superiores, armarios altos,<br \/>\narmarios inferiores, armarios sobreencimera<\/em><\/p>\n<ul>\n<li>m\u00e1s de \u00a0\u00a0200 objetos &#8211; serie neutral<\/li>\n<li>m\u00e1s de 2200 objetos &#8211; serie Nuovo Color<\/li>\n<li>m\u00e1s de 1800 objetos &#8211; serie Senso<\/li>\n<\/ul>\n<p>Electrodom\u00e9sticos (empotrados):<\/p>\n<ul>\n<li>hornos &#8211; 29 objetos<\/li>\n<li>hornos de vapor &#8211; 2 objetos<\/li>\n<li>campana extractora &#8211; 27 objetos<\/li>\n<li>lavavajillas &#8211; 12 objetos<\/li>\n<li>cocina &#8211; 28 objetos<\/li>\n<li>cafetera autom\u00e1tica &#8211; 1 objetos<\/li>\n<li>placa de cocci\u00f3n &#8211; 41 objetos<\/li>\n<li>combinaci\u00f3n refrigerar-congelar &#8211; 38 objetos<\/li>\n<li>refrigeradora &#8211; 12 objetos<\/li>\n<li>microondas &#8211; 19 objetos<\/li>\n<\/ul>\n<p>Fabricante Blanco (proveedor complementario para cocinas):<\/p>\n<ul>\n<li>50 grifer\u00edas<\/li>\n<li>3 placas de cocci\u00f3n<\/li>\n<li>120 fregaderos<\/li>\n<\/ul>\n<p>Para informarse de c\u00f3mo proceder correctamente en la <a href=\"https:\/\/www.cadvilla.com\/es\/planificador_de_cocinas\/\">planificaci\u00f3n de su cocina mediante la colecci\u00f3n de cocinas Collection 1<\/a><\/p>\n<\/div><\/div><div class=\"wpb_text_column us_custom_33c3a0a5\"><div class=\"wpb_wrapper\"><h3>Im\u00e1genes de ejemplo Cocina 3D Colecci\u00f3n 1<\/h3>\n<p>A continuaci\u00f3n encontrar\u00e1 algunos objetos de la colecci\u00f3n cadvilla de objetos \u2013 Cocina 3D Colecci\u00f3n 1.<\/p>\n<p>Para ampliar una de las siguientes im\u00e1genes haga un simle clic. Para volver a cerrar la ventana subsiguiente simplemente haga clic al costado de la imagen o sobre el s\u00edmbolo X (arriba a la derecha).<\/p>\n<\/div><\/div><\/div><\/div><\/div><div class=\"wpb_text_column us_custom_7aec8515\"><div class=\"wpb_wrapper\"><p><a ref=\"magnificPopup\" href=\"https:\/\/www.cadvilla.com\/beispiele\/big\/kueche_senso_holz_1.jpg\"><img loading=\"lazy\" decoding=\"async\" class=\"ca-object-library_sample-pics alignnone\" title=\"Cocina Senso 1\" src=\"https:\/\/www.cadvilla.com\/beispiele\/small\/kueche_senso_holz_1.jpg\" alt=\"Cocina Senso 1\" width=\"100\" height=\"56\" \/><\/a><a ref=\"magnificPopup\" href=\"https:\/\/www.cadvilla.com\/beispiele\/big\/kueche_senso_holz_2.jpg\"><img loading=\"lazy\" decoding=\"async\" class=\"ca-object-library_sample-pics alignnone\" title=\"Cocina Senso 2\" src=\"https:\/\/www.cadvilla.com\/beispiele\/small\/kueche_senso_holz_2.jpg\" alt=\"Cocina Senso 2\" width=\"100\" height=\"56\" \/><\/a><a ref=\"magnificPopup\" href=\"https:\/\/www.cadvilla.com\/beispiele\/big\/kueche_senso_weiss.jpg\"><img loading=\"lazy\" decoding=\"async\" class=\"ca-object-library_sample-pics alignnone\" title=\"Cocina Senso 3\" src=\"https:\/\/www.cadvilla.com\/beispiele\/small\/kueche_senso_weiss.jpg\" alt=\"Cocina Senso 3\" width=\"100\" height=\"56\" \/><\/a><\/p>\n<\/div><\/div><\/div><\/div><div class=\"wpb_column vc_column_container\"><div class=\"vc_column-inner\"><div class=\"wpb_text_column\"><div class=\"wpb_wrapper\"><h5><span class=\"ca-headertext-seitenleiste\">Modelos 3D &amp; bibliotecas<\/span><\/h5>\n<\/div><\/div><div class=\"wpb_widgetised_column wpb_content_element\"><div class=\"wpb_wrapper\"><div id=\"nav_menu-4\" class=\"widget widget_nav_menu\"><div class=\"menu-3d-bibliotecas-es-container\"><ul id=\"menu-3d-bibliotecas-es\" class=\"menu\"><li id=\"menu-item-2094\" class=\"menu-item menu-item-type-post_type menu-item-object-page menu-item-2094\"><a href=\"https:\/\/www.cadvilla.com\/es\/z-objetos_coches_1_3d\/\"><i class=\"fas fa-plus\"><\/i> 3D coches Colecci\u00f3n 1<\/a><\/li>\n<li id=\"menu-item-2334\" class=\"menu-item menu-item-type-post_type menu-item-object-page menu-item-2334\"><a href=\"https:\/\/www.cadvilla.com\/es\/z-objetos_cocinas_1_3d\/\"><i class=\"fas fa-plus\"><\/i> 3D cocinas Colecci\u00f3n 1<\/a><\/li>\n<li id=\"menu-item-2333\" class=\"menu-item menu-item-type-post_type menu-item-object-page menu-item-2333\"><a href=\"https:\/\/www.cadvilla.com\/es\/z-objetos_cocinas_2_3d\/\"><i class=\"fas fa-plus\"><\/i> 3D cocinas Colecci\u00f3n 2<\/a><\/li>\n<li id=\"menu-item-2363\" class=\"menu-item menu-item-type-post_type menu-item-object-page menu-item-2363\"><a href=\"https:\/\/www.cadvilla.com\/es\/z-objetos_bano_1_3d\/\"><i class=\"fas fa-plus\"><\/i> 3D ba\u00f1o Colecci\u00f3n 1<\/a><\/li>\n<li id=\"menu-item-2253\" class=\"menu-item menu-item-type-post_type menu-item-object-page menu-item-2253\"><a href=\"https:\/\/www.cadvilla.com\/es\/z-objetos_3dplus1\/\"><i class=\"fas fa-plus\"><\/i> 3D +++ Colecci\u00f3n 1<\/a><\/li>\n<li id=\"menu-item-2335\" class=\"menu-item menu-item-type-post_type menu-item-object-page menu-item-2335\"><a href=\"https:\/\/www.cadvilla.com\/es\/z-objetos_3dplus2\/\"><i class=\"fas fa-plus\"><\/i> 3D +++ Colecci\u00f3n 2<\/a><\/li>\n<li id=\"menu-item-2366\" class=\"menu-item menu-item-type-post_type menu-item-object-page menu-item-2366\"><a href=\"https:\/\/www.cadvilla.com\/es\/z-3d_foto_personas\/\"><i class=\"fas fa-plus\"><\/i> 3D foto personas<\/a><\/li>\n<li id=\"menu-item-2365\" class=\"menu-item menu-item-type-post_type menu-item-object-page menu-item-2365\"><a href=\"https:\/\/www.cadvilla.com\/es\/z-3d_foto_plantas\/\"><i class=\"fas fa-plus\"><\/i> 3D foto plantas<\/a><\/li>\n<li id=\"menu-item-2364\" class=\"menu-item menu-item-type-post_type menu-item-object-page menu-item-2364\"><a href=\"https:\/\/www.cadvilla.com\/es\/z-3d_foto_arboles\/\"><i class=\"fas fa-plus\"><\/i> 3D foto \u00e1rboles<\/a><\/li>\n<li id=\"menu-item-2367\" class=\"menu-item menu-item-type-post_type menu-item-object-page menu-item-2367\"><a href=\"https:\/\/www.cadvilla.com\/es\/z-objetos_goin\/\"><i class=\"fas fa-plus\"><\/i> 3D Colecci\u00f3n sillas gastro<\/a><\/li>\n<\/ul><\/div><\/div><\/div><\/div><\/div><\/div><\/div><\/div><\/section>\n","protected":false},"excerpt":{"rendered":"Objetos adicionales para cadvilla &#8211; 3D cocinas Collection 1 Entrega como descarga (~ 282 MB) DVD DE RESPALDO \u2013 opcional con el pedido Cocina 3D Colecci\u00f3n 1 39,95 \u20ac * (El precio de lista recomendado es de 39,95 \u20ac) \u2013 Todos los precios incluyen el IVA legal. \u2013 Colecci\u00f3n de objetos 3D adicionales para cadvilla....","protected":false},"author":1,"featured_media":0,"parent":0,"menu_order":0,"comment_status":"closed","ping_status":"closed","template":"","meta":{"footnotes":""},"class_list":["post-2323","page","type-page","status-publish","hentry"],"yoast_head":"<!-- This site is optimized with the Yoast SEO plugin v27.4 - https:\/\/yoast.com\/product\/yoast-seo-wordpress\/ -->\n<title>objetos cadvilla - cocinas Collection 1<\/title>\n<meta name=\"robots\" content=\"index, follow, max-snippet:-1, max-image-preview:large, max-video-preview:-1\" \/>\n<link rel=\"canonical\" href=\"https:\/\/www.cadvilla.com\/es\/z-objetos_cocinas_1_3d\/\" \/>\n<meta property=\"og:locale\" content=\"es_ES\" \/>\n<meta property=\"og:type\" content=\"article\" \/>\n<meta property=\"og:title\" content=\"objetos cadvilla - cocinas Collection 1\" \/>\n<meta property=\"og:url\" content=\"https:\/\/www.cadvilla.com\/es\/z-objetos_cocinas_1_3d\/\" \/>\n<meta property=\"og:site_name\" content=\"cadvilla\" \/>\n<meta property=\"article:modified_time\" content=\"2023-10-22T14:19:27+00:00\" \/>\n<meta property=\"og:image\" content=\"https:\/\/www.cadvilla.com\/beispiele\/small\/kueche_senso_holz_2.jpg\" \/>\n<meta name=\"twitter:card\" content=\"summary_large_image\" \/>\n<meta name=\"twitter:label1\" content=\"Tiempo de lectura\" \/>\n\t<meta name=\"twitter:data1\" content=\"3 minutos\" \/>\n<script type=\"application\/ld+json\" class=\"yoast-schema-graph\">{\"@context\":\"https:\\\/\\\/schema.org\",\"@graph\":[{\"@type\":\"WebPage\",\"@id\":\"https:\\\/\\\/www.cadvilla.com\\\/es\\\/z-objetos_cocinas_1_3d\\\/\",\"url\":\"https:\\\/\\\/www.cadvilla.com\\\/es\\\/z-objetos_cocinas_1_3d\\\/\",\"name\":\"objetos cadvilla - cocinas Collection 1\",\"isPartOf\":{\"@id\":\"https:\\\/\\\/www.cadvilla.com\\\/es\\\/#website\"},\"primaryImageOfPage\":{\"@id\":\"https:\\\/\\\/www.cadvilla.com\\\/es\\\/z-objetos_cocinas_1_3d\\\/#primaryimage\"},\"image\":{\"@id\":\"https:\\\/\\\/www.cadvilla.com\\\/es\\\/z-objetos_cocinas_1_3d\\\/#primaryimage\"},\"thumbnailUrl\":\"https:\\\/\\\/www.cadvilla.com\\\/beispiele\\\/small\\\/kueche_senso_holz_2.jpg\",\"datePublished\":\"2019-05-02T15:36:57+00:00\",\"dateModified\":\"2023-10-22T14:19:27+00:00\",\"breadcrumb\":{\"@id\":\"https:\\\/\\\/www.cadvilla.com\\\/es\\\/z-objetos_cocinas_1_3d\\\/#breadcrumb\"},\"inLanguage\":\"es\",\"potentialAction\":[{\"@type\":\"ReadAction\",\"target\":[\"https:\\\/\\\/www.cadvilla.com\\\/es\\\/z-objetos_cocinas_1_3d\\\/\"]}]},{\"@type\":\"ImageObject\",\"inLanguage\":\"es\",\"@id\":\"https:\\\/\\\/www.cadvilla.com\\\/es\\\/z-objetos_cocinas_1_3d\\\/#primaryimage\",\"url\":\"https:\\\/\\\/www.cadvilla.com\\\/beispiele\\\/small\\\/kueche_senso_holz_2.jpg\",\"contentUrl\":\"https:\\\/\\\/www.cadvilla.com\\\/beispiele\\\/small\\\/kueche_senso_holz_2.jpg\"},{\"@type\":\"BreadcrumbList\",\"@id\":\"https:\\\/\\\/www.cadvilla.com\\\/es\\\/z-objetos_cocinas_1_3d\\\/#breadcrumb\",\"itemListElement\":[{\"@type\":\"ListItem\",\"position\":1,\"name\":\"Startseite\",\"item\":\"https:\\\/\\\/www.cadvilla.com\\\/es\\\/\"},{\"@type\":\"ListItem\",\"position\":2,\"name\":\"Objetos adicionales para cadvilla &#8211; 3D cocinas Collection 1\"}]},{\"@type\":\"WebSite\",\"@id\":\"https:\\\/\\\/www.cadvilla.com\\\/es\\\/#website\",\"url\":\"https:\\\/\\\/www.cadvilla.com\\\/es\\\/\",\"name\":\"cadvilla\",\"description\":\"\",\"publisher\":{\"@id\":\"https:\\\/\\\/www.cadvilla.com\\\/es\\\/#organization\"},\"potentialAction\":[{\"@type\":\"SearchAction\",\"target\":{\"@type\":\"EntryPoint\",\"urlTemplate\":\"https:\\\/\\\/www.cadvilla.com\\\/es\\\/?s={search_term_string}\"},\"query-input\":{\"@type\":\"PropertyValueSpecification\",\"valueRequired\":true,\"valueName\":\"search_term_string\"}}],\"inLanguage\":\"es\"},{\"@type\":\"Organization\",\"@id\":\"https:\\\/\\\/www.cadvilla.com\\\/es\\\/#organization\",\"name\":\"cadvilla\",\"url\":\"https:\\\/\\\/www.cadvilla.com\\\/es\\\/\",\"logo\":{\"@type\":\"ImageObject\",\"inLanguage\":\"es\",\"@id\":\"https:\\\/\\\/www.cadvilla.com\\\/es\\\/#\\\/schema\\\/logo\\\/image\\\/\",\"url\":\"https:\\\/\\\/www.cadvilla.com\\\/wp-content\\\/uploads\\\/logo_cadvilla.png\",\"contentUrl\":\"https:\\\/\\\/www.cadvilla.com\\\/wp-content\\\/uploads\\\/logo_cadvilla.png\",\"width\":157,\"height\":51,\"caption\":\"cadvilla\"},\"image\":{\"@id\":\"https:\\\/\\\/www.cadvilla.com\\\/es\\\/#\\\/schema\\\/logo\\\/image\\\/\"}}]}<\/script>\n<!-- \/ Yoast SEO plugin. -->","yoast_head_json":{"title":"objetos cadvilla - cocinas Collection 1","robots":{"index":"index","follow":"follow","max-snippet":"max-snippet:-1","max-image-preview":"max-image-preview:large","max-video-preview":"max-video-preview:-1"},"canonical":"https:\/\/www.cadvilla.com\/es\/z-objetos_cocinas_1_3d\/","og_locale":"es_ES","og_type":"article","og_title":"objetos cadvilla - cocinas Collection 1","og_url":"https:\/\/www.cadvilla.com\/es\/z-objetos_cocinas_1_3d\/","og_site_name":"cadvilla","article_modified_time":"2023-10-22T14:19:27+00:00","og_image":[{"url":"https:\/\/www.cadvilla.com\/beispiele\/small\/kueche_senso_holz_2.jpg","type":"","width":"","height":""}],"twitter_card":"summary_large_image","twitter_misc":{"Tiempo de lectura":"3 minutos"},"schema":{"@context":"https:\/\/schema.org","@graph":[{"@type":"WebPage","@id":"https:\/\/www.cadvilla.com\/es\/z-objetos_cocinas_1_3d\/","url":"https:\/\/www.cadvilla.com\/es\/z-objetos_cocinas_1_3d\/","name":"objetos cadvilla - cocinas Collection 1","isPartOf":{"@id":"https:\/\/www.cadvilla.com\/es\/#website"},"primaryImageOfPage":{"@id":"https:\/\/www.cadvilla.com\/es\/z-objetos_cocinas_1_3d\/#primaryimage"},"image":{"@id":"https:\/\/www.cadvilla.com\/es\/z-objetos_cocinas_1_3d\/#primaryimage"},"thumbnailUrl":"https:\/\/www.cadvilla.com\/beispiele\/small\/kueche_senso_holz_2.jpg","datePublished":"2019-05-02T15:36:57+00:00","dateModified":"2023-10-22T14:19:27+00:00","breadcrumb":{"@id":"https:\/\/www.cadvilla.com\/es\/z-objetos_cocinas_1_3d\/#breadcrumb"},"inLanguage":"es","potentialAction":[{"@type":"ReadAction","target":["https:\/\/www.cadvilla.com\/es\/z-objetos_cocinas_1_3d\/"]}]},{"@type":"ImageObject","inLanguage":"es","@id":"https:\/\/www.cadvilla.com\/es\/z-objetos_cocinas_1_3d\/#primaryimage","url":"https:\/\/www.cadvilla.com\/beispiele\/small\/kueche_senso_holz_2.jpg","contentUrl":"https:\/\/www.cadvilla.com\/beispiele\/small\/kueche_senso_holz_2.jpg"},{"@type":"BreadcrumbList","@id":"https:\/\/www.cadvilla.com\/es\/z-objetos_cocinas_1_3d\/#breadcrumb","itemListElement":[{"@type":"ListItem","position":1,"name":"Startseite","item":"https:\/\/www.cadvilla.com\/es\/"},{"@type":"ListItem","position":2,"name":"Objetos adicionales para cadvilla &#8211; 3D cocinas Collection 1"}]},{"@type":"WebSite","@id":"https:\/\/www.cadvilla.com\/es\/#website","url":"https:\/\/www.cadvilla.com\/es\/","name":"cadvilla","description":"","publisher":{"@id":"https:\/\/www.cadvilla.com\/es\/#organization"},"potentialAction":[{"@type":"SearchAction","target":{"@type":"EntryPoint","urlTemplate":"https:\/\/www.cadvilla.com\/es\/?s={search_term_string}"},"query-input":{"@type":"PropertyValueSpecification","valueRequired":true,"valueName":"search_term_string"}}],"inLanguage":"es"},{"@type":"Organization","@id":"https:\/\/www.cadvilla.com\/es\/#organization","name":"cadvilla","url":"https:\/\/www.cadvilla.com\/es\/","logo":{"@type":"ImageObject","inLanguage":"es","@id":"https:\/\/www.cadvilla.com\/es\/#\/schema\/logo\/image\/","url":"https:\/\/www.cadvilla.com\/wp-content\/uploads\/logo_cadvilla.png","contentUrl":"https:\/\/www.cadvilla.com\/wp-content\/uploads\/logo_cadvilla.png","width":157,"height":51,"caption":"cadvilla"},"image":{"@id":"https:\/\/www.cadvilla.com\/es\/#\/schema\/logo\/image\/"}}]}},"_links":{"self":[{"href":"https:\/\/www.cadvilla.com\/es\/wp-json\/wp\/v2\/pages\/2323","targetHints":{"allow":["GET"]}}],"collection":[{"href":"https:\/\/www.cadvilla.com\/es\/wp-json\/wp\/v2\/pages"}],"about":[{"href":"https:\/\/www.cadvilla.com\/es\/wp-json\/wp\/v2\/types\/page"}],"author":[{"embeddable":true,"href":"https:\/\/www.cadvilla.com\/es\/wp-json\/wp\/v2\/users\/1"}],"replies":[{"embeddable":true,"href":"https:\/\/www.cadvilla.com\/es\/wp-json\/wp\/v2\/comments?post=2323"}],"version-history":[{"count":0,"href":"https:\/\/www.cadvilla.com\/es\/wp-json\/wp\/v2\/pages\/2323\/revisions"}],"wp:attachment":[{"href":"https:\/\/www.cadvilla.com\/es\/wp-json\/wp\/v2\/media?parent=2323"}],"curies":[{"name":"wp","href":"https:\/\/api.w.org\/{rel}","templated":true}]}}