{"id":3262,"date":"2019-05-16T11:59:14","date_gmt":"2019-05-16T09:59:14","guid":{"rendered":"https:\/\/www.cadvilla.pl\/z-konverter\/"},"modified":"2023-10-22T16:14:13","modified_gmt":"2023-10-22T14:14:13","slug":"z-convertidor_3d","status":"publish","type":"page","link":"https:\/\/www.cadvilla.com\/es\/z-convertidor_3d\/","title":{"rendered":"Convertidor 3D &#8211; M\u00f3dulo suplementarios para cadvilla"},"content":{"rendered":"<section class=\"l-section wpb_row ca-headerbackground0 height_auto\"><div class=\"l-section-h i-cf\"><div class=\"g-cols vc_row via_grid cols_1 laptops-cols_inherit tablets-cols_inherit mobiles-cols_1 valign_bottom type_default stacking_default\"><div class=\"wpb_column vc_column_container\"><div class=\"vc_column-inner\"><\/div><\/div><\/div><\/div><\/section><section class=\"l-section wpb_row height_auto\"><div class=\"l-section-h i-cf\"><div class=\"g-cols vc_row via_grid cols_1 laptops-cols_inherit tablets-cols_inherit mobiles-cols_1 valign_top type_default stacking_default\"><div class=\"wpb_column vc_column_container\"><div class=\"vc_column-inner\"><\/div><\/div><\/div><\/div><\/section><section class=\"l-section wpb_row ca-headerbg height_small\" id=\"begin\"><div class=\"l-section-h i-cf\"><div class=\"g-cols vc_row via_grid cols_1 laptops-cols_inherit tablets-cols_inherit mobiles-cols_1 valign_top type_default stacking_default\"><div class=\"wpb_column vc_column_container\"><div class=\"vc_column-inner\"><div class=\"wpb_text_column ca-heading1\"><div class=\"wpb_wrapper\"><h1>Convertidor 3D &#8211; M\u00f3dulo suplementarios para cadvilla<\/h1>\n<\/div><\/div><\/div><\/div><\/div><\/div><\/section><section class=\"l-section wpb_row height_medium\"><div class=\"l-section-h i-cf\"><div class=\"g-cols vc_row via_grid cols_3-1 laptops-cols_inherit tablets-cols_inherit mobiles-cols_1 valign_top type_default stacking_default\"><div class=\"wpb_column vc_column_container\"><div class=\"vc_column-inner\"><div class=\"g-cols wpb_row via_grid cols_1-2 laptops-cols_inherit tablets-cols_inherit mobiles-cols_1 valign_top type_default stacking_default\" style=\"--columns-gap:3rem;\"><div class=\"wpb_column vc_column_container\"><div class=\"vc_column-inner\"><div class=\"w-image align_center\"><div class=\"w-image-h\"><img decoding=\"async\" width=\"200\" height=\"200\" src=\"https:\/\/www.cadvilla.com\/wp-content\/uploads\/zusatzmodul_es.png\" class=\"attachment-full size-full\" alt=\"M\u00f3dulo suplementario\" loading=\"lazy\" \/><\/div><\/div><div class=\"wpb_text_column ca-product-small_info\"><div class=\"wpb_wrapper\"><p>Liberar v\u00eda activaci\u00f3n<\/p>\n<\/div><\/div><\/div><\/div><div class=\"wpb_column vc_column_container\"><div class=\"vc_column-inner\"><div class=\"wpb_text_column\"><div class=\"wpb_wrapper\"><h2><strong>Convertidor 3D &#8211; M\u00f3dulo suplem.<\/strong><\/h2>\n<h4><strong><span style=\"color: #ff9900;\">69,90 \u20ac *<br \/>\n<\/span><\/strong><\/h4>\n<p><span style=\"color: #999999;\">(El precio de lista recomendado)<\/span><\/p>\n<p>\u2013 Todos los precios incluyen el IVA legal.<\/p>\n<\/div><\/div><div class=\"w-btn-wrapper align_left\"><a class=\"w-btn us-btn-style_2 us_custom_2d9ebfef icon_atleft\" rel=\"nofollow\" href=\"https:\/\/www.cleverbridge.com\/1106\/?scope=checkout&amp;cart=221257&amp;languages=es&amp;cookie=true&amp;cfg=design_2018&amp;recommendation=addbackup\"><i class=\"fas fa-download\"><\/i><span class=\"w-btn-label\">Comprar M\u00f3dulo suplem.<\/span><\/a><\/div><div class=\"w-separator size_medium\"><\/div><\/div><\/div><\/div><div class=\"g-cols wpb_row via_grid cols_1 laptops-cols_inherit tablets-cols_inherit mobiles-cols_1 valign_top type_default stacking_default\" style=\"--columns-gap:3rem;\"><div class=\"wpb_column vc_column_container\"><div class=\"vc_column-inner\"><div class=\"wpb_text_column\"><div class=\"wpb_wrapper\"><h2>Una herramienta suplementaria eficiente para convertir objetos<\/h2>\n<\/div><\/div><div class=\"wpb_text_column\"><div class=\"wpb_wrapper\"><p>Basicamente el convertidor 3D sirve para aplicar modelos 3D provenientes de otros programas y softwares. A parte de esto tambi\u00e9n pueden cargarse y adaptarse modelos existentes y luego archivarse en otros formatos.<\/p>\n<p>Este producto por lo tanto va destinado a usuarios que, o bien ya disponen de modelos o bien pueden crearlos o adquirirlos as\u00ed como a aquellos usuarios que desean emplear este software como suplemento para sus tareas principales efectuadas con otras aplicaciones de visualizaci\u00f3n 3D.<\/p>\n<p>El convertidor 3D soporta actualmente los siguientes formatos:<\/p>\n<ul>\n<li>Archivo de objetos cadvilla<\/li>\n<li>Archivo de objetos 3DS (*.3ds)<\/li>\n<li>Archivo de objetos Caligari trueSpace (*.cob, *.scn)<\/li>\n<li>Archivo de objetos 3D-DXF (*.dxf)<\/li>\n<li>Archivo de objetos Amapi (*.a3d)<\/li>\n<li>Archivo de objetos Lightwave (*.lw, *.lwo, *.lwm, *.lwb)<\/li>\n<li>Archivo de objetos Wavefront (*.obj)<\/li>\n<li>Archivo de objetos Collada (*.dae)<\/li>\n<li>Archivo de objetos Autodesk FBX (*.fbx)<\/li>\n<li>Archivo de objetos Stereolithography (*.stl)<\/li>\n<li>VRML 1.0\/2.0 (*.wrl, *.wrl97, *.vrml)<\/li>\n<\/ul>\n<\/div><\/div><div class=\"wpb_text_column\"><div class=\"wpb_wrapper\"><h3>Este m\u00f3dulo ya viene inclu\u00eddo en las siguientes versiones de cadvilla<\/h3>\n<\/div><\/div><div class=\"w-tabs us_custom_89477bc8 style_default switch_click accordion type_togglable has_scrolling\" style=\"--sections-title-size:18px\"><div class=\"w-tabs-sections titles-align_none icon_chevron cpos_right\"><div class=\"w-tabs-section vergleich_header has_text_color\" id=\"t39f\" style=\"color:rgba(31,31,31,0.01);\"><button class=\"w-tabs-section-header with_icon\" aria-controls=\"content-t39f\" aria-expanded=\"false\"><i class=\"fas fa-table\"><\/i><div class=\"w-tabs-section-title\">Tab 1<\/div><div class=\"w-tabs-section-control\"><\/div><\/button><div  class=\"w-tabs-section-content\" id=\"content-t39f\"><div class=\"w-tabs-section-content-h i-cf\"><div class=\"wpb_text_column\"><div class=\"wpb_wrapper\"><\/div><\/div><\/div><\/div><\/div><div class=\"w-tabs-section vergleich_xx_xxx_cp_cpp\" id=\"l52c\"><button class=\"w-tabs-section-header\" aria-controls=\"content-l52c\" aria-expanded=\"false\"><div class=\"w-tabs-section-title\">Convertidor 3D<\/div><div class=\"w-tabs-section-control\"><\/div><\/button><div  class=\"w-tabs-section-content\" id=\"content-l52c\"><div class=\"w-tabs-section-content-h i-cf\"><div class=\"wpb_text_column\"><div class=\"wpb_wrapper\"><\/div><\/div><\/div><\/div><\/div><\/div><\/div><\/div><\/div><\/div><div class=\"w-separator size_large\"><\/div><div class=\"g-cols wpb_row us_custom_79981fe8 via_grid cols_1 laptops-cols_inherit tablets-cols_inherit mobiles-cols_1 valign_top type_default stacking_default\" style=\"--columns-gap:3rem;\"><div class=\"wpb_column vc_column_container\"><div class=\"vc_column-inner\"><div class=\"wpb_text_column\"><div class=\"wpb_wrapper\"><h3>Volumen de prestaciones- del m\u00f3dulo suplementario Convertidor 3D<\/h3>\n<\/div><\/div><div class=\"w-tabs us_custom_89477bc8 style_default switch_click accordion type_togglable has_scrolling\" style=\"--sections-title-size:18px\"><div class=\"w-tabs-sections titles-align_none icon_chevron cpos_right\"><div class=\"w-tabs-section active\" id=\"va5e\"><button class=\"w-tabs-section-header active with_icon\" aria-controls=\"content-va5e\" aria-expanded=\"true\"><i class=\"fas fa-plus\"><\/i><div class=\"w-tabs-section-title\">Importar y adaptar objetos 3D<\/div><div class=\"w-tabs-section-control\"><\/div><\/button><div  class=\"w-tabs-section-content\" id=\"content-va5e\"><div class=\"w-tabs-section-content-h i-cf\"><div class=\"wpb_text_column\"><div class=\"wpb_wrapper\"><p><img data-dominant-color=\"bab6b5\" data-has-transparency=\"false\" style=\"--dominant-color: #bab6b5;\" loading=\"lazy\" decoding=\"async\" class=\"alignright wp-image-2767 size-full not-transparent\" title=\"Importar y adaptar objetos 3D\" src=\"https:\/\/www.cadvilla.com\/wp-content\/uploads\/3d-konverter_gesamt.png\" alt=\"Importar y adaptar objetos 3D\" width=\"300\" height=\"181\" \/><\/p>\n<p>Mediante el convertidor 3D Ud. podr\u00e1 convertir objetos 3D desde diferentes formatos y prepararlos para su empleo en el cat\u00e1logo u tambi\u00e9n en otros plugins. El convertidor brinda diferentes funciones para elaborar los modelos, los cuales sin embargo dependen en parte del formato de origen.<\/p>\n<p>Las funciones b\u00e1sicamente disponibles son entre otras:<\/p>\n<ul>\n<li>Conmutar los subobjetos entre visible o invisible<\/li>\n<li>Adaptar las caracter\u00edsticas de materiales<\/li>\n<li>Modificar texturas o adaptar las coordenadas de texturas<\/li>\n<li>Agregar o adaptar fuentes de luz<\/li>\n<li>Escalar objetos<\/li>\n<li>Guardar archivos PDF directamente en el objeto y agregar enlaces de la web.<\/li>\n<\/ul>\n<\/div><\/div><\/div><\/div><\/div><div class=\"w-tabs-section active\" id=\"scb3\"><button class=\"w-tabs-section-header active with_icon\" aria-controls=\"content-scb3\" aria-expanded=\"true\"><i class=\"fas fa-plus\"><\/i><div class=\"w-tabs-section-title\">Crear fuentes propias de luz para objetos arbitrarios<\/div><div class=\"w-tabs-section-control\"><\/div><\/button><div  class=\"w-tabs-section-content\" id=\"content-scb3\"><div class=\"w-tabs-section-content-h i-cf\"><div class=\"wpb_text_column\"><div class=\"wpb_wrapper\"><p>Esta funci\u00f3n es sumamente \u00fatil para marcar objetos existentes y nuevos con fuentes de luz.<\/p>\n<p>Se distingue entre:<\/p>\n<ul>\n<li>agregar fuente de luz ambiente<\/li>\n<li>agregar fuente de luz orientada<\/li>\n<li>agregar luz de spot<\/li>\n<li>agregar luz de punto<\/li>\n<\/ul>\n<p>Las fuentes de luz ambiente iluminan todas las superficies de la escena uniformemente y aumentan el grado de luminosidad. No producen sombras.<\/p>\n<p>Las fuentes de luz orientada iluminan la escena desde una direcci\u00f3n determinada y se encuentran &#8216;internamente &#8216;a una distancia infinita de la posici\u00f3n del observador\/del edificio. El sol ser\u00eda un ejemplo de fuente de luz orientada.<\/p>\n<p>Las luces de punto tienen una posici\u00f3n definida con respecto al objeto y corresponden en mayor grado a las luces en el sentido de instalaci\u00f3n y dise\u00f1o de viviendas. La luz surge efecto en todas las direcciones.<\/p>\n<p>Las luces de spot tienen, al igual que las luces de punto, una posici\u00f3n definida con respecto al objeto, la diferencia est\u00e1 en que la luz de spot no surge efecto en todas las direcciones sino que en funci\u00f3n de un cono que tiene una direcci\u00f3n, una inclinaci\u00f3n y un \u00e1ngulo de apertura.<\/p>\n<\/div><\/div><\/div><\/div><\/div><div class=\"w-tabs-section active\" id=\"we9c\"><button class=\"w-tabs-section-header active with_icon\" aria-controls=\"content-we9c\" aria-expanded=\"true\"><i class=\"fas fa-plus\"><\/i><div class=\"w-tabs-section-title\">Crear variantes a partir de subobjetos<\/div><div class=\"w-tabs-section-control\"><\/div><\/button><div  class=\"w-tabs-section-content\" id=\"content-we9c\"><div class=\"w-tabs-section-content-h i-cf\"><div class=\"wpb_text_column\"><div class=\"wpb_wrapper\"><p>Los objetos 3D pueden consistir de varios subobjetos que a su vez forman una unidad. De esta manera p.ej. un bloque de cocina podr\u00eda consistir del bloque, un caj\u00f3n y la manija correspondiente.<\/p>\n<p>Ocultando la manija del caj\u00f3n as\u00ed como el caj\u00f3n mismo puede crearse y almacenarse un nuevo objeto. Por otro lado podr\u00eda desactivarse la manija existente y reemplazarse por otra.<\/p>\n<p>Por lo que las posibilidades de crear nuevos objetos son casi infinitas.<\/p>\n<\/div><\/div><\/div><\/div><\/div><\/div><\/div><\/div><\/div><\/div><\/div><\/div><div class=\"wpb_column vc_column_container\"><div class=\"vc_column-inner\"><div class=\"wpb_text_column\"><div class=\"wpb_wrapper\"><h5><span class=\"ca-headertext-seitenleiste\">Otros m\u00f3dulos suplementarios<\/span><\/h5>\n<\/div><\/div><div class=\"wpb_widgetised_column wpb_content_element\"><div class=\"wpb_wrapper\"><div id=\"nav_menu-7\" class=\"widget widget_nav_menu\"><div class=\"menu-zusatzmodule-es-container\"><ul id=\"menu-zusatzmodule-es\" class=\"menu\"><li id=\"menu-item-3287\" class=\"menu-item menu-item-type-post_type menu-item-object-page menu-item-3287\"><a href=\"https:\/\/www.cadvilla.com\/es\/z-planilla_de_ambientes\/\"><i class=\"fas fa-plus\"><\/i> Planilla de ambientes<\/a><\/li>\n<li id=\"menu-item-3286\" class=\"menu-item menu-item-type-post_type menu-item-object-page menu-item-3286\"><a href=\"https:\/\/www.cadvilla.com\/es\/z-convertidor_3d\/\"><i class=\"fas fa-plus\"><\/i> Convertidor 3D<\/a><\/li>\n<li id=\"menu-item-3285\" class=\"menu-item menu-item-type-post_type menu-item-object-page menu-item-3285\"><a href=\"https:\/\/www.cadvilla.com\/es\/z-conjunto_de_planos\/\"><i class=\"fas fa-plus\"><\/i> Conjunto de Planos<\/a><\/li>\n<li id=\"menu-item-3284\" class=\"menu-item menu-item-type-post_type menu-item-object-page menu-item-3284\"><a href=\"https:\/\/www.cadvilla.com\/es\/z-importacion_2d-dxf_y_dwg\/\"><i class=\"fas fa-plus\"><\/i> Importaci\u00f3n 2D-DXF y DWG<\/a><\/li>\n<li id=\"menu-item-3283\" class=\"menu-item menu-item-type-post_type menu-item-object-page menu-item-3283\"><a href=\"https:\/\/www.cadvilla.com\/es\/z-exportacion_2d-dxf_y_dwg\/\"><i class=\"fas fa-plus\"><\/i> Exportaci\u00f3n 2D-DXF y DWG<\/a><\/li>\n<li id=\"menu-item-3282\" class=\"menu-item menu-item-type-post_type menu-item-object-page menu-item-3282\"><a href=\"https:\/\/www.cadvilla.com\/es\/z-construccion_de_ventanas\/\"><i class=\"fas fa-plus\"><\/i> Construcci\u00f3n de ventanas<\/a><\/li>\n<li id=\"menu-item-3281\" class=\"menu-item menu-item-type-post_type menu-item-object-page menu-item-3281\"><a href=\"https:\/\/www.cadvilla.com\/es\/z-exportacion_cinema_4d\/\"><i class=\"fas fa-plus\"><\/i> Exportaci\u00f3n CINEMA 4D<\/a><\/li>\n<\/ul><\/div><\/div><\/div><\/div><\/div><\/div><\/div><\/div><\/section>\n","protected":false},"excerpt":{"rendered":"Convertidor 3D &#8211; M\u00f3dulo suplementarios para cadvilla Liberar v\u00eda activaci\u00f3n Convertidor 3D &#8211; M\u00f3dulo suplem. 69,90 \u20ac * (El precio de lista recomendado) \u2013 Todos los precios incluyen el IVA legal. Comprar M\u00f3dulo suplem. Una herramienta suplementaria eficiente para convertir objetos Basicamente el convertidor 3D sirve para aplicar modelos 3D provenientes de otros programas y...","protected":false},"author":1,"featured_media":0,"parent":0,"menu_order":0,"comment_status":"closed","ping_status":"closed","template":"","meta":{"footnotes":""},"class_list":["post-3262","page","type-page","status-publish","hentry"],"yoast_head":"<!-- This site is optimized with the Yoast SEO plugin v27.4 - https:\/\/yoast.com\/product\/yoast-seo-wordpress\/ -->\n<title>Convertidor 3D<\/title>\n<meta name=\"robots\" content=\"index, follow, max-snippet:-1, max-image-preview:large, max-video-preview:-1\" \/>\n<link rel=\"canonical\" href=\"https:\/\/www.cadvilla.com\/es\/z-convertidor_3d\/\" \/>\n<meta property=\"og:locale\" content=\"es_ES\" \/>\n<meta property=\"og:type\" content=\"article\" \/>\n<meta property=\"og:title\" content=\"Convertidor 3D\" \/>\n<meta property=\"og:url\" content=\"https:\/\/www.cadvilla.com\/es\/z-convertidor_3d\/\" \/>\n<meta property=\"og:site_name\" content=\"cadvilla\" \/>\n<meta property=\"article:modified_time\" content=\"2023-10-22T14:14:13+00:00\" \/>\n<meta property=\"og:image\" content=\"https:\/\/www.cadvilla.com\/wp-content\/uploads\/3d-konverter_gesamt.png\" \/>\n<meta name=\"twitter:card\" content=\"summary_large_image\" \/>\n<meta name=\"twitter:label1\" content=\"Tiempo de lectura\" \/>\n\t<meta name=\"twitter:data1\" content=\"4 minutos\" \/>\n<script type=\"application\/ld+json\" class=\"yoast-schema-graph\">{\"@context\":\"https:\\\/\\\/schema.org\",\"@graph\":[{\"@type\":\"WebPage\",\"@id\":\"https:\\\/\\\/www.cadvilla.com\\\/es\\\/z-convertidor_3d\\\/\",\"url\":\"https:\\\/\\\/www.cadvilla.com\\\/es\\\/z-convertidor_3d\\\/\",\"name\":\"Convertidor 3D\",\"isPartOf\":{\"@id\":\"https:\\\/\\\/www.cadvilla.com\\\/es\\\/#website\"},\"primaryImageOfPage\":{\"@id\":\"https:\\\/\\\/www.cadvilla.com\\\/es\\\/z-convertidor_3d\\\/#primaryimage\"},\"image\":{\"@id\":\"https:\\\/\\\/www.cadvilla.com\\\/es\\\/z-convertidor_3d\\\/#primaryimage\"},\"thumbnailUrl\":\"https:\\\/\\\/www.cadvilla.com\\\/wp-content\\\/uploads\\\/3d-konverter_gesamt.png\",\"datePublished\":\"2019-05-16T09:59:14+00:00\",\"dateModified\":\"2023-10-22T14:14:13+00:00\",\"breadcrumb\":{\"@id\":\"https:\\\/\\\/www.cadvilla.com\\\/es\\\/z-convertidor_3d\\\/#breadcrumb\"},\"inLanguage\":\"es\",\"potentialAction\":[{\"@type\":\"ReadAction\",\"target\":[\"https:\\\/\\\/www.cadvilla.com\\\/es\\\/z-convertidor_3d\\\/\"]}]},{\"@type\":\"ImageObject\",\"inLanguage\":\"es\",\"@id\":\"https:\\\/\\\/www.cadvilla.com\\\/es\\\/z-convertidor_3d\\\/#primaryimage\",\"url\":\"https:\\\/\\\/www.cadvilla.com\\\/wp-content\\\/uploads\\\/3d-konverter_gesamt.png\",\"contentUrl\":\"https:\\\/\\\/www.cadvilla.com\\\/wp-content\\\/uploads\\\/3d-konverter_gesamt.png\"},{\"@type\":\"BreadcrumbList\",\"@id\":\"https:\\\/\\\/www.cadvilla.com\\\/es\\\/z-convertidor_3d\\\/#breadcrumb\",\"itemListElement\":[{\"@type\":\"ListItem\",\"position\":1,\"name\":\"Startseite\",\"item\":\"https:\\\/\\\/www.cadvilla.com\\\/es\\\/\"},{\"@type\":\"ListItem\",\"position\":2,\"name\":\"Convertidor 3D &#8211; M\u00f3dulo suplementarios para cadvilla\"}]},{\"@type\":\"WebSite\",\"@id\":\"https:\\\/\\\/www.cadvilla.com\\\/es\\\/#website\",\"url\":\"https:\\\/\\\/www.cadvilla.com\\\/es\\\/\",\"name\":\"cadvilla\",\"description\":\"\",\"publisher\":{\"@id\":\"https:\\\/\\\/www.cadvilla.com\\\/es\\\/#organization\"},\"potentialAction\":[{\"@type\":\"SearchAction\",\"target\":{\"@type\":\"EntryPoint\",\"urlTemplate\":\"https:\\\/\\\/www.cadvilla.com\\\/es\\\/?s={search_term_string}\"},\"query-input\":{\"@type\":\"PropertyValueSpecification\",\"valueRequired\":true,\"valueName\":\"search_term_string\"}}],\"inLanguage\":\"es\"},{\"@type\":\"Organization\",\"@id\":\"https:\\\/\\\/www.cadvilla.com\\\/es\\\/#organization\",\"name\":\"cadvilla\",\"url\":\"https:\\\/\\\/www.cadvilla.com\\\/es\\\/\",\"logo\":{\"@type\":\"ImageObject\",\"inLanguage\":\"es\",\"@id\":\"https:\\\/\\\/www.cadvilla.com\\\/es\\\/#\\\/schema\\\/logo\\\/image\\\/\",\"url\":\"https:\\\/\\\/www.cadvilla.com\\\/wp-content\\\/uploads\\\/logo_cadvilla.png\",\"contentUrl\":\"https:\\\/\\\/www.cadvilla.com\\\/wp-content\\\/uploads\\\/logo_cadvilla.png\",\"width\":157,\"height\":51,\"caption\":\"cadvilla\"},\"image\":{\"@id\":\"https:\\\/\\\/www.cadvilla.com\\\/es\\\/#\\\/schema\\\/logo\\\/image\\\/\"}}]}<\/script>\n<!-- \/ Yoast SEO plugin. -->","yoast_head_json":{"title":"Convertidor 3D","robots":{"index":"index","follow":"follow","max-snippet":"max-snippet:-1","max-image-preview":"max-image-preview:large","max-video-preview":"max-video-preview:-1"},"canonical":"https:\/\/www.cadvilla.com\/es\/z-convertidor_3d\/","og_locale":"es_ES","og_type":"article","og_title":"Convertidor 3D","og_url":"https:\/\/www.cadvilla.com\/es\/z-convertidor_3d\/","og_site_name":"cadvilla","article_modified_time":"2023-10-22T14:14:13+00:00","og_image":[{"url":"https:\/\/www.cadvilla.com\/wp-content\/uploads\/3d-konverter_gesamt.png","type":"","width":"","height":""}],"twitter_card":"summary_large_image","twitter_misc":{"Tiempo de lectura":"4 minutos"},"schema":{"@context":"https:\/\/schema.org","@graph":[{"@type":"WebPage","@id":"https:\/\/www.cadvilla.com\/es\/z-convertidor_3d\/","url":"https:\/\/www.cadvilla.com\/es\/z-convertidor_3d\/","name":"Convertidor 3D","isPartOf":{"@id":"https:\/\/www.cadvilla.com\/es\/#website"},"primaryImageOfPage":{"@id":"https:\/\/www.cadvilla.com\/es\/z-convertidor_3d\/#primaryimage"},"image":{"@id":"https:\/\/www.cadvilla.com\/es\/z-convertidor_3d\/#primaryimage"},"thumbnailUrl":"https:\/\/www.cadvilla.com\/wp-content\/uploads\/3d-konverter_gesamt.png","datePublished":"2019-05-16T09:59:14+00:00","dateModified":"2023-10-22T14:14:13+00:00","breadcrumb":{"@id":"https:\/\/www.cadvilla.com\/es\/z-convertidor_3d\/#breadcrumb"},"inLanguage":"es","potentialAction":[{"@type":"ReadAction","target":["https:\/\/www.cadvilla.com\/es\/z-convertidor_3d\/"]}]},{"@type":"ImageObject","inLanguage":"es","@id":"https:\/\/www.cadvilla.com\/es\/z-convertidor_3d\/#primaryimage","url":"https:\/\/www.cadvilla.com\/wp-content\/uploads\/3d-konverter_gesamt.png","contentUrl":"https:\/\/www.cadvilla.com\/wp-content\/uploads\/3d-konverter_gesamt.png"},{"@type":"BreadcrumbList","@id":"https:\/\/www.cadvilla.com\/es\/z-convertidor_3d\/#breadcrumb","itemListElement":[{"@type":"ListItem","position":1,"name":"Startseite","item":"https:\/\/www.cadvilla.com\/es\/"},{"@type":"ListItem","position":2,"name":"Convertidor 3D &#8211; M\u00f3dulo suplementarios para cadvilla"}]},{"@type":"WebSite","@id":"https:\/\/www.cadvilla.com\/es\/#website","url":"https:\/\/www.cadvilla.com\/es\/","name":"cadvilla","description":"","publisher":{"@id":"https:\/\/www.cadvilla.com\/es\/#organization"},"potentialAction":[{"@type":"SearchAction","target":{"@type":"EntryPoint","urlTemplate":"https:\/\/www.cadvilla.com\/es\/?s={search_term_string}"},"query-input":{"@type":"PropertyValueSpecification","valueRequired":true,"valueName":"search_term_string"}}],"inLanguage":"es"},{"@type":"Organization","@id":"https:\/\/www.cadvilla.com\/es\/#organization","name":"cadvilla","url":"https:\/\/www.cadvilla.com\/es\/","logo":{"@type":"ImageObject","inLanguage":"es","@id":"https:\/\/www.cadvilla.com\/es\/#\/schema\/logo\/image\/","url":"https:\/\/www.cadvilla.com\/wp-content\/uploads\/logo_cadvilla.png","contentUrl":"https:\/\/www.cadvilla.com\/wp-content\/uploads\/logo_cadvilla.png","width":157,"height":51,"caption":"cadvilla"},"image":{"@id":"https:\/\/www.cadvilla.com\/es\/#\/schema\/logo\/image\/"}}]}},"_links":{"self":[{"href":"https:\/\/www.cadvilla.com\/es\/wp-json\/wp\/v2\/pages\/3262","targetHints":{"allow":["GET"]}}],"collection":[{"href":"https:\/\/www.cadvilla.com\/es\/wp-json\/wp\/v2\/pages"}],"about":[{"href":"https:\/\/www.cadvilla.com\/es\/wp-json\/wp\/v2\/types\/page"}],"author":[{"embeddable":true,"href":"https:\/\/www.cadvilla.com\/es\/wp-json\/wp\/v2\/users\/1"}],"replies":[{"embeddable":true,"href":"https:\/\/www.cadvilla.com\/es\/wp-json\/wp\/v2\/comments?post=3262"}],"version-history":[{"count":0,"href":"https:\/\/www.cadvilla.com\/es\/wp-json\/wp\/v2\/pages\/3262\/revisions"}],"wp:attachment":[{"href":"https:\/\/www.cadvilla.com\/es\/wp-json\/wp\/v2\/media?parent=3262"}],"curies":[{"name":"wp","href":"https:\/\/api.w.org\/{rel}","templated":true}]}}