{"id":3270,"date":"2019-05-16T12:23:52","date_gmt":"2019-05-16T10:23:52","guid":{"rendered":"https:\/\/www.cadvilla.pl\/z-importacao_2d_de_dxf_e_dwg\/"},"modified":"2023-10-22T16:18:22","modified_gmt":"2023-10-22T14:18:22","slug":"z-importacion_2d-dxf_y_dwg","status":"publish","type":"page","link":"https:\/\/www.cadvilla.com\/es\/z-importacion_2d-dxf_y_dwg\/","title":{"rendered":"Importaci\u00f3n 2D-DXF y DWG"},"content":{"rendered":"<section class=\"l-section wpb_row ca-headerbackground0 height_auto\"><div class=\"l-section-h i-cf\"><div class=\"g-cols vc_row via_grid cols_1 laptops-cols_inherit tablets-cols_inherit mobiles-cols_1 valign_bottom type_default stacking_default\"><div class=\"wpb_column vc_column_container\"><div class=\"vc_column-inner\"><\/div><\/div><\/div><\/div><\/section><section class=\"l-section wpb_row height_auto\"><div class=\"l-section-h i-cf\"><div class=\"g-cols vc_row via_grid cols_1 laptops-cols_inherit tablets-cols_inherit mobiles-cols_1 valign_top type_default stacking_default\"><div class=\"wpb_column vc_column_container\"><div class=\"vc_column-inner\"><\/div><\/div><\/div><\/div><\/section><section class=\"l-section wpb_row ca-headerbg height_small\" id=\"begin\"><div class=\"l-section-h i-cf\"><div class=\"g-cols vc_row via_grid cols_1 laptops-cols_inherit tablets-cols_inherit mobiles-cols_1 valign_top type_default stacking_default\"><div class=\"wpb_column vc_column_container\"><div class=\"vc_column-inner\"><div class=\"wpb_text_column ca-heading1\"><div class=\"wpb_wrapper\"><h1>Importaci\u00f3n 2D-DXF y DWG<\/h1>\n<\/div><\/div><\/div><\/div><\/div><\/div><\/section><section class=\"l-section wpb_row height_medium\"><div class=\"l-section-h i-cf\"><div class=\"g-cols vc_row via_grid cols_3-1 laptops-cols_inherit tablets-cols_inherit mobiles-cols_1 valign_top type_default stacking_default\"><div class=\"wpb_column vc_column_container\"><div class=\"vc_column-inner\"><div class=\"g-cols wpb_row via_grid cols_1-2 laptops-cols_inherit tablets-cols_inherit mobiles-cols_1 valign_top type_default stacking_default\" style=\"--columns-gap:3rem;\"><div class=\"wpb_column vc_column_container\"><div class=\"vc_column-inner\"><div class=\"w-image align_center\"><div class=\"w-image-h\"><img decoding=\"async\" width=\"200\" height=\"200\" src=\"https:\/\/www.cadvilla.com\/wp-content\/uploads\/zusatzmodul_es.png\" class=\"attachment-full size-full\" alt=\"M\u00f3dulo suplementario\" loading=\"lazy\" \/><\/div><\/div><div class=\"wpb_text_column ca-product-small_info\"><div class=\"wpb_wrapper\"><p>Liberar v\u00eda activaci\u00f3n<\/p>\n<\/div><\/div><\/div><\/div><div class=\"wpb_column vc_column_container\"><div class=\"vc_column-inner\"><div class=\"wpb_text_column\"><div class=\"wpb_wrapper\"><h2><strong>Importaci\u00f3n 2D-DXF y DWG &#8211; M\u00f3dulo suplem.<\/strong><\/h2>\n<h4><strong><span style=\"color: #ff9900;\">94,50 \u20ac *<br \/>\n<\/span><\/strong><\/h4>\n<p><span style=\"color: #999999;\">(El precio de lista recomendado)<\/span><\/p>\n<p>\u2013 Todos los precios incluyen el IVA legal.<\/p>\n<\/div><\/div><div class=\"w-btn-wrapper align_left\"><a class=\"w-btn us-btn-style_2 us_custom_2d9ebfef icon_atleft\" rel=\"nofollow\" href=\"https:\/\/www.cleverbridge.com\/1106\/?scope=checkout&amp;cart=221254&amp;languages=es&amp;cookie=true&amp;cfg=design_2018&amp;recommendation=addbackup\"><i class=\"fas fa-download\"><\/i><span class=\"w-btn-label\">Comprar M\u00f3dulo suplem.<\/span><\/a><\/div><div class=\"w-separator size_medium\"><\/div><\/div><\/div><\/div><div class=\"g-cols wpb_row via_grid cols_1 laptops-cols_inherit tablets-cols_inherit mobiles-cols_1 valign_top type_default stacking_default\" style=\"--columns-gap:3rem;\"><div class=\"wpb_column vc_column_container\"><div class=\"vc_column-inner\"><div class=\"wpb_text_column\"><div class=\"wpb_wrapper\"><h2>Suplemento para importar archivos 2D DXF y DWG<\/h2>\n<\/div><\/div><div class=\"wpb_text_column\"><div class=\"wpb_wrapper\"><p>Este m\u00f3dulo suplementario exporta archivos 2D-DXF y 2D-DWG a trav\u00e9s de un di\u00e1logo donde se seleccionan los layers comprendidos y con opci\u00f3n de configuraci\u00f3n respecto a las dimensiones.<\/p>\n<p>Los contenidos importados ser\u00e1n incorporados conjuntamente<br \/>\ncomo s\u00edmbolo 2D-Symbol a la planifiaci\u00f3n.<\/p>\n<p>Los datos del s\u00edmbolo 2D incorporado pueden utilizarse luego como detalle en la planificaci\u00f3n y tambi\u00e9n como base para crear el modelo 3D.<\/p>\n<p>Para ello unicamente deben reemplazarse cada uno de los s\u00edmbolos de l\u00ednea a medida que se bordean los trazados de paredes, puertas, ventanas, etc.<\/p>\n<\/div><\/div><div class=\"wpb_text_column\"><div class=\"wpb_wrapper\"><h3>Este m\u00f3dulo ya viene inclu\u00eddo en las siguientes versiones de cadvilla<\/h3>\n<\/div><\/div><div class=\"w-tabs us_custom_89477bc8 style_default switch_click accordion type_togglable has_scrolling\" style=\"--sections-title-size:18px\"><div class=\"w-tabs-sections titles-align_none icon_chevron cpos_right\"><div class=\"w-tabs-section vergleich_header has_text_color\" id=\"ueed\" style=\"color:rgba(31,31,31,0.01);\"><button class=\"w-tabs-section-header with_icon\" aria-controls=\"content-ueed\" aria-expanded=\"false\"><i class=\"fas fa-table\"><\/i><div class=\"w-tabs-section-title\">Tab 1<\/div><div class=\"w-tabs-section-control\"><\/div><\/button><div  class=\"w-tabs-section-content\" id=\"content-ueed\"><div class=\"w-tabs-section-content-h i-cf\"><div class=\"wpb_text_column\"><div class=\"wpb_wrapper\"><\/div><\/div><\/div><\/div><\/div><div class=\"w-tabs-section vergleich_xx_xxx_cp_cpp\" id=\"x045\"><button class=\"w-tabs-section-header\" aria-controls=\"content-x045\" aria-expanded=\"false\"><div class=\"w-tabs-section-title\">Importaci\u00f3n 2D-DXF y DWG<\/div><div class=\"w-tabs-section-control\"><\/div><\/button><div  class=\"w-tabs-section-content\" id=\"content-x045\"><div class=\"w-tabs-section-content-h i-cf\"><div class=\"wpb_text_column\"><div class=\"wpb_wrapper\"><\/div><\/div><\/div><\/div><\/div><\/div><\/div><\/div><\/div><\/div><div class=\"w-separator size_large\"><\/div><div class=\"g-cols wpb_row us_custom_79981fe8 via_grid cols_1 laptops-cols_inherit tablets-cols_inherit mobiles-cols_1 valign_top type_default stacking_default\" style=\"--columns-gap:3rem;\"><div class=\"wpb_column vc_column_container\"><div class=\"vc_column-inner\"><div class=\"wpb_text_column\"><div class=\"wpb_wrapper\"><h2><span class=\"headline_3\">Volumen de prestaciones &#8211; Importaci\u00f3n de archivos 2D DXF y DWG<\/span><\/h2>\n<\/div><\/div><div class=\"w-tabs us_custom_89477bc8 style_default switch_click accordion type_togglable has_scrolling\" style=\"--sections-title-size:18px\"><div class=\"w-tabs-sections titles-align_none icon_chevron cpos_right\"><div class=\"w-tabs-section active\" id=\"m6ec\"><button class=\"w-tabs-section-header active with_icon\" aria-controls=\"content-m6ec\" aria-expanded=\"true\"><i class=\"fas fa-plus\"><\/i><div class=\"w-tabs-section-title\">Importaci\u00f3n de 2D-DXF y DWG<\/div><div class=\"w-tabs-section-control\"><\/div><\/button><div  class=\"w-tabs-section-content\" id=\"content-m6ec\"><div class=\"w-tabs-section-content-h i-cf\"><div class=\"wpb_text_column\"><div class=\"wpb_wrapper\"><p><img data-dominant-color=\"e5e6e9\" data-has-transparency=\"false\" style=\"--dominant-color: #e5e6e9;\" loading=\"lazy\" decoding=\"async\" class=\"alignright wp-image-2577 size-full not-transparent\" title=\"Importaci\u00f3n de 2D-DXF y DWG \" src=\"https:\/\/www.cadvilla.com\/wp-content\/uploads\/dxf-import_gesamt.png\" alt=\"Importaci\u00f3n de 2D-DXF y DWG \" width=\"300\" height=\"227\" \/><\/p>\n<p>Al cargar el archivo, primero se obtendr\u00e1 un di\u00e1logo de pre visualizaci\u00f3n donde se podr\u00e1 seleccionar los contenidos a importar activando o desactivando los respectivos layers en la ventana de layers.<\/p>\n<p>Luego o durante la importaci\u00f3n se podr\u00e1n adaptar la escala y la representaci\u00f3n de las l\u00edneas. El archivo DXF\/DWG ser\u00e1 importado primero como un elemento, un s\u00edmbolo 2D.<\/p>\n<p>La importaci\u00f3n de DXF\/DWG puede servir p.ej. para aceptar planos de arquitectos o importar cat\u00e1logos de s\u00edmbolos 2D.<\/p>\n<p>Al aceptar s\u00edmbolos, \u00e9stos luego se podr\u00e1n separar y editar durante la planificaci\u00f3n en elementos individuales para luego archivarlos con las funciones est\u00e1ndar en el cat\u00e1logo 2D.<\/p>\n<p>Al aceptar planos de planta, las l\u00e1minas importadas, una vez cargadas, pueden utilizarse como l\u00edneas auxiliares a fin de captar en ellas p.ej. paredes.<\/p>\n<\/div><\/div><\/div><\/div><\/div><\/div><\/div><\/div><\/div><\/div><\/div><\/div><div class=\"wpb_column vc_column_container\"><div class=\"vc_column-inner\"><div class=\"wpb_text_column\"><div class=\"wpb_wrapper\"><h5><span class=\"ca-headertext-seitenleiste\">Otros m\u00f3dulos suplementarios<\/span><\/h5>\n<\/div><\/div><div class=\"wpb_widgetised_column wpb_content_element\"><div class=\"wpb_wrapper\"><div id=\"nav_menu-7\" class=\"widget widget_nav_menu\"><div class=\"menu-zusatzmodule-es-container\"><ul id=\"menu-zusatzmodule-es\" class=\"menu\"><li id=\"menu-item-3287\" class=\"menu-item menu-item-type-post_type menu-item-object-page menu-item-3287\"><a href=\"https:\/\/www.cadvilla.com\/es\/z-planilla_de_ambientes\/\"><i class=\"fas fa-plus\"><\/i> Planilla de ambientes<\/a><\/li>\n<li id=\"menu-item-3286\" class=\"menu-item menu-item-type-post_type menu-item-object-page menu-item-3286\"><a href=\"https:\/\/www.cadvilla.com\/es\/z-convertidor_3d\/\"><i class=\"fas fa-plus\"><\/i> Convertidor 3D<\/a><\/li>\n<li id=\"menu-item-3285\" class=\"menu-item menu-item-type-post_type menu-item-object-page menu-item-3285\"><a href=\"https:\/\/www.cadvilla.com\/es\/z-conjunto_de_planos\/\"><i class=\"fas fa-plus\"><\/i> Conjunto de Planos<\/a><\/li>\n<li id=\"menu-item-3284\" class=\"menu-item menu-item-type-post_type menu-item-object-page menu-item-3284\"><a href=\"https:\/\/www.cadvilla.com\/es\/z-importacion_2d-dxf_y_dwg\/\"><i class=\"fas fa-plus\"><\/i> Importaci\u00f3n 2D-DXF y DWG<\/a><\/li>\n<li id=\"menu-item-3283\" class=\"menu-item menu-item-type-post_type menu-item-object-page menu-item-3283\"><a href=\"https:\/\/www.cadvilla.com\/es\/z-exportacion_2d-dxf_y_dwg\/\"><i class=\"fas fa-plus\"><\/i> Exportaci\u00f3n 2D-DXF y DWG<\/a><\/li>\n<li id=\"menu-item-3282\" class=\"menu-item menu-item-type-post_type menu-item-object-page menu-item-3282\"><a href=\"https:\/\/www.cadvilla.com\/es\/z-construccion_de_ventanas\/\"><i class=\"fas fa-plus\"><\/i> Construcci\u00f3n de ventanas<\/a><\/li>\n<li id=\"menu-item-3281\" class=\"menu-item menu-item-type-post_type menu-item-object-page menu-item-3281\"><a href=\"https:\/\/www.cadvilla.com\/es\/z-exportacion_cinema_4d\/\"><i class=\"fas fa-plus\"><\/i> Exportaci\u00f3n CINEMA 4D<\/a><\/li>\n<\/ul><\/div><\/div><\/div><\/div><\/div><\/div><\/div><\/div><\/section>\n","protected":false},"excerpt":{"rendered":"Importaci\u00f3n 2D-DXF y DWG Liberar v\u00eda activaci\u00f3n Importaci\u00f3n 2D-DXF y DWG &#8211; M\u00f3dulo suplem. 94,50 \u20ac * (El precio de lista recomendado) \u2013 Todos los precios incluyen el IVA legal. Comprar M\u00f3dulo suplem. Suplemento para importar archivos 2D DXF y DWG Este m\u00f3dulo suplementario exporta archivos 2D-DXF y 2D-DWG a trav\u00e9s de un di\u00e1logo donde...","protected":false},"author":1,"featured_media":0,"parent":0,"menu_order":0,"comment_status":"closed","ping_status":"closed","template":"","meta":{"footnotes":""},"class_list":["post-3270","page","type-page","status-publish","hentry"],"yoast_head":"<!-- This site is optimized with the Yoast SEO plugin v27.4 - https:\/\/yoast.com\/product\/yoast-seo-wordpress\/ -->\n<title>Importaci\u00f3n DXF y DWG<\/title>\n<meta name=\"robots\" content=\"index, follow, max-snippet:-1, max-image-preview:large, max-video-preview:-1\" \/>\n<link rel=\"canonical\" href=\"https:\/\/www.cadvilla.com\/es\/z-importacion_2d-dxf_y_dwg\/\" \/>\n<meta property=\"og:locale\" content=\"es_ES\" \/>\n<meta property=\"og:type\" content=\"article\" \/>\n<meta property=\"og:title\" content=\"Importaci\u00f3n DXF y DWG\" \/>\n<meta property=\"og:url\" content=\"https:\/\/www.cadvilla.com\/es\/z-importacion_2d-dxf_y_dwg\/\" \/>\n<meta property=\"og:site_name\" content=\"cadvilla\" \/>\n<meta property=\"article:modified_time\" content=\"2023-10-22T14:18:22+00:00\" \/>\n<meta property=\"og:image\" content=\"https:\/\/www.cadvilla.com\/wp-content\/uploads\/dxf-import_gesamt.png\" \/>\n<meta name=\"twitter:card\" content=\"summary_large_image\" \/>\n<meta name=\"twitter:label1\" content=\"Tiempo de lectura\" \/>\n\t<meta name=\"twitter:data1\" content=\"3 minutos\" \/>\n<script type=\"application\/ld+json\" class=\"yoast-schema-graph\">{\"@context\":\"https:\\\/\\\/schema.org\",\"@graph\":[{\"@type\":\"WebPage\",\"@id\":\"https:\\\/\\\/www.cadvilla.com\\\/es\\\/z-importacion_2d-dxf_y_dwg\\\/\",\"url\":\"https:\\\/\\\/www.cadvilla.com\\\/es\\\/z-importacion_2d-dxf_y_dwg\\\/\",\"name\":\"Importaci\u00f3n DXF y DWG\",\"isPartOf\":{\"@id\":\"https:\\\/\\\/www.cadvilla.com\\\/es\\\/#website\"},\"primaryImageOfPage\":{\"@id\":\"https:\\\/\\\/www.cadvilla.com\\\/es\\\/z-importacion_2d-dxf_y_dwg\\\/#primaryimage\"},\"image\":{\"@id\":\"https:\\\/\\\/www.cadvilla.com\\\/es\\\/z-importacion_2d-dxf_y_dwg\\\/#primaryimage\"},\"thumbnailUrl\":\"https:\\\/\\\/www.cadvilla.com\\\/wp-content\\\/uploads\\\/dxf-import_gesamt.png\",\"datePublished\":\"2019-05-16T10:23:52+00:00\",\"dateModified\":\"2023-10-22T14:18:22+00:00\",\"breadcrumb\":{\"@id\":\"https:\\\/\\\/www.cadvilla.com\\\/es\\\/z-importacion_2d-dxf_y_dwg\\\/#breadcrumb\"},\"inLanguage\":\"es\",\"potentialAction\":[{\"@type\":\"ReadAction\",\"target\":[\"https:\\\/\\\/www.cadvilla.com\\\/es\\\/z-importacion_2d-dxf_y_dwg\\\/\"]}]},{\"@type\":\"ImageObject\",\"inLanguage\":\"es\",\"@id\":\"https:\\\/\\\/www.cadvilla.com\\\/es\\\/z-importacion_2d-dxf_y_dwg\\\/#primaryimage\",\"url\":\"https:\\\/\\\/www.cadvilla.com\\\/wp-content\\\/uploads\\\/dxf-import_gesamt.png\",\"contentUrl\":\"https:\\\/\\\/www.cadvilla.com\\\/wp-content\\\/uploads\\\/dxf-import_gesamt.png\"},{\"@type\":\"BreadcrumbList\",\"@id\":\"https:\\\/\\\/www.cadvilla.com\\\/es\\\/z-importacion_2d-dxf_y_dwg\\\/#breadcrumb\",\"itemListElement\":[{\"@type\":\"ListItem\",\"position\":1,\"name\":\"Startseite\",\"item\":\"https:\\\/\\\/www.cadvilla.com\\\/es\\\/\"},{\"@type\":\"ListItem\",\"position\":2,\"name\":\"Importaci\u00f3n 2D-DXF y DWG\"}]},{\"@type\":\"WebSite\",\"@id\":\"https:\\\/\\\/www.cadvilla.com\\\/es\\\/#website\",\"url\":\"https:\\\/\\\/www.cadvilla.com\\\/es\\\/\",\"name\":\"cadvilla\",\"description\":\"\",\"publisher\":{\"@id\":\"https:\\\/\\\/www.cadvilla.com\\\/es\\\/#organization\"},\"potentialAction\":[{\"@type\":\"SearchAction\",\"target\":{\"@type\":\"EntryPoint\",\"urlTemplate\":\"https:\\\/\\\/www.cadvilla.com\\\/es\\\/?s={search_term_string}\"},\"query-input\":{\"@type\":\"PropertyValueSpecification\",\"valueRequired\":true,\"valueName\":\"search_term_string\"}}],\"inLanguage\":\"es\"},{\"@type\":\"Organization\",\"@id\":\"https:\\\/\\\/www.cadvilla.com\\\/es\\\/#organization\",\"name\":\"cadvilla\",\"url\":\"https:\\\/\\\/www.cadvilla.com\\\/es\\\/\",\"logo\":{\"@type\":\"ImageObject\",\"inLanguage\":\"es\",\"@id\":\"https:\\\/\\\/www.cadvilla.com\\\/es\\\/#\\\/schema\\\/logo\\\/image\\\/\",\"url\":\"https:\\\/\\\/www.cadvilla.com\\\/wp-content\\\/uploads\\\/logo_cadvilla.png\",\"contentUrl\":\"https:\\\/\\\/www.cadvilla.com\\\/wp-content\\\/uploads\\\/logo_cadvilla.png\",\"width\":157,\"height\":51,\"caption\":\"cadvilla\"},\"image\":{\"@id\":\"https:\\\/\\\/www.cadvilla.com\\\/es\\\/#\\\/schema\\\/logo\\\/image\\\/\"}}]}<\/script>\n<!-- \/ Yoast SEO plugin. -->","yoast_head_json":{"title":"Importaci\u00f3n DXF y DWG","robots":{"index":"index","follow":"follow","max-snippet":"max-snippet:-1","max-image-preview":"max-image-preview:large","max-video-preview":"max-video-preview:-1"},"canonical":"https:\/\/www.cadvilla.com\/es\/z-importacion_2d-dxf_y_dwg\/","og_locale":"es_ES","og_type":"article","og_title":"Importaci\u00f3n DXF y DWG","og_url":"https:\/\/www.cadvilla.com\/es\/z-importacion_2d-dxf_y_dwg\/","og_site_name":"cadvilla","article_modified_time":"2023-10-22T14:18:22+00:00","og_image":[{"url":"https:\/\/www.cadvilla.com\/wp-content\/uploads\/dxf-import_gesamt.png","type":"","width":"","height":""}],"twitter_card":"summary_large_image","twitter_misc":{"Tiempo de lectura":"3 minutos"},"schema":{"@context":"https:\/\/schema.org","@graph":[{"@type":"WebPage","@id":"https:\/\/www.cadvilla.com\/es\/z-importacion_2d-dxf_y_dwg\/","url":"https:\/\/www.cadvilla.com\/es\/z-importacion_2d-dxf_y_dwg\/","name":"Importaci\u00f3n DXF y DWG","isPartOf":{"@id":"https:\/\/www.cadvilla.com\/es\/#website"},"primaryImageOfPage":{"@id":"https:\/\/www.cadvilla.com\/es\/z-importacion_2d-dxf_y_dwg\/#primaryimage"},"image":{"@id":"https:\/\/www.cadvilla.com\/es\/z-importacion_2d-dxf_y_dwg\/#primaryimage"},"thumbnailUrl":"https:\/\/www.cadvilla.com\/wp-content\/uploads\/dxf-import_gesamt.png","datePublished":"2019-05-16T10:23:52+00:00","dateModified":"2023-10-22T14:18:22+00:00","breadcrumb":{"@id":"https:\/\/www.cadvilla.com\/es\/z-importacion_2d-dxf_y_dwg\/#breadcrumb"},"inLanguage":"es","potentialAction":[{"@type":"ReadAction","target":["https:\/\/www.cadvilla.com\/es\/z-importacion_2d-dxf_y_dwg\/"]}]},{"@type":"ImageObject","inLanguage":"es","@id":"https:\/\/www.cadvilla.com\/es\/z-importacion_2d-dxf_y_dwg\/#primaryimage","url":"https:\/\/www.cadvilla.com\/wp-content\/uploads\/dxf-import_gesamt.png","contentUrl":"https:\/\/www.cadvilla.com\/wp-content\/uploads\/dxf-import_gesamt.png"},{"@type":"BreadcrumbList","@id":"https:\/\/www.cadvilla.com\/es\/z-importacion_2d-dxf_y_dwg\/#breadcrumb","itemListElement":[{"@type":"ListItem","position":1,"name":"Startseite","item":"https:\/\/www.cadvilla.com\/es\/"},{"@type":"ListItem","position":2,"name":"Importaci\u00f3n 2D-DXF y DWG"}]},{"@type":"WebSite","@id":"https:\/\/www.cadvilla.com\/es\/#website","url":"https:\/\/www.cadvilla.com\/es\/","name":"cadvilla","description":"","publisher":{"@id":"https:\/\/www.cadvilla.com\/es\/#organization"},"potentialAction":[{"@type":"SearchAction","target":{"@type":"EntryPoint","urlTemplate":"https:\/\/www.cadvilla.com\/es\/?s={search_term_string}"},"query-input":{"@type":"PropertyValueSpecification","valueRequired":true,"valueName":"search_term_string"}}],"inLanguage":"es"},{"@type":"Organization","@id":"https:\/\/www.cadvilla.com\/es\/#organization","name":"cadvilla","url":"https:\/\/www.cadvilla.com\/es\/","logo":{"@type":"ImageObject","inLanguage":"es","@id":"https:\/\/www.cadvilla.com\/es\/#\/schema\/logo\/image\/","url":"https:\/\/www.cadvilla.com\/wp-content\/uploads\/logo_cadvilla.png","contentUrl":"https:\/\/www.cadvilla.com\/wp-content\/uploads\/logo_cadvilla.png","width":157,"height":51,"caption":"cadvilla"},"image":{"@id":"https:\/\/www.cadvilla.com\/es\/#\/schema\/logo\/image\/"}}]}},"_links":{"self":[{"href":"https:\/\/www.cadvilla.com\/es\/wp-json\/wp\/v2\/pages\/3270","targetHints":{"allow":["GET"]}}],"collection":[{"href":"https:\/\/www.cadvilla.com\/es\/wp-json\/wp\/v2\/pages"}],"about":[{"href":"https:\/\/www.cadvilla.com\/es\/wp-json\/wp\/v2\/types\/page"}],"author":[{"embeddable":true,"href":"https:\/\/www.cadvilla.com\/es\/wp-json\/wp\/v2\/users\/1"}],"replies":[{"embeddable":true,"href":"https:\/\/www.cadvilla.com\/es\/wp-json\/wp\/v2\/comments?post=3270"}],"version-history":[{"count":0,"href":"https:\/\/www.cadvilla.com\/es\/wp-json\/wp\/v2\/pages\/3270\/revisions"}],"wp:attachment":[{"href":"https:\/\/www.cadvilla.com\/es\/wp-json\/wp\/v2\/media?parent=3270"}],"curies":[{"name":"wp","href":"https:\/\/api.w.org\/{rel}","templated":true}]}}