{"id":5466,"date":"2019-06-04T17:06:27","date_gmt":"2019-06-04T15:06:27","guid":{"rendered":"https:\/\/www.cadvilla.pl\/draw_floor_plans\/"},"modified":"2023-10-22T16:14:26","modified_gmt":"2023-10-22T14:14:26","slug":"dibujar_planos_de_planta","status":"publish","type":"page","link":"https:\/\/www.cadvilla.com\/es\/dibujar_planos_de_planta\/","title":{"rendered":"Dibujar planos de planta"},"content":{"rendered":"<section class=\"l-section wpb_row ca-headerbackground0 height_auto\"><div class=\"l-section-h i-cf\"><div class=\"g-cols vc_row via_grid cols_1 laptops-cols_inherit tablets-cols_inherit mobiles-cols_1 valign_bottom type_default stacking_default\"><div class=\"wpb_column vc_column_container\"><div class=\"vc_column-inner\"><\/div><\/div><\/div><\/div><\/section><section class=\"l-section wpb_row height_auto\"><div class=\"l-section-h i-cf\"><div class=\"g-cols vc_row via_grid cols_1 laptops-cols_inherit tablets-cols_inherit mobiles-cols_1 valign_top type_default stacking_default\"><div class=\"wpb_column vc_column_container\"><div class=\"vc_column-inner\"><\/div><\/div><\/div><\/div><\/section><section class=\"l-section wpb_row ca-headerbg height_small\" id=\"begin\"><div class=\"l-section-h i-cf\"><div class=\"g-cols vc_row via_grid cols_1 laptops-cols_inherit tablets-cols_inherit mobiles-cols_1 valign_top type_default stacking_default\"><div class=\"wpb_column vc_column_container\"><div class=\"vc_column-inner\"><div class=\"wpb_text_column ca-heading1\"><div class=\"wpb_wrapper\"><h1>Dibujar planos de planta<\/h1>\n<\/div><\/div><\/div><\/div><\/div><\/div><\/section><section class=\"l-section wpb_row height_medium\"><div class=\"l-section-h i-cf\"><div class=\"g-cols vc_row via_grid cols_\/12 laptops-cols_inherit tablets-cols_inherit mobiles-cols_1 valign_top type_default stacking_default\"><div class=\"wpb_column vc_column_container\"><div class=\"vc_column-inner\"><div class=\"wpb_text_column\"><div class=\"wpb_wrapper\"><h2>Dibujar planos de planta con el programa de dise\u00f1o 3D para planos de planta<\/h2>\n<p><img data-dominant-color=\"d3d4d6\" data-has-transparency=\"false\" style=\"--dominant-color: #d3d4d6;\" loading=\"lazy\" decoding=\"async\" class=\"alignright wp-image-725 size-full not-transparent\" title=\"Drawing floor plan\" src=\"https:\/\/www.cadvilla.com\/wp-content\/uploads\/paralleles_arbeiten.jpg\" alt=\"Drawing floor plan\" width=\"350\" height=\"209\" \/>Usted est\u00e1 investigando la mejor manera de dibujar su plano de planta? Nosotros le ofrecemos la soluci\u00f3n para dibujar y planear sus planos de planta de manera r\u00e1pida y simple y para que Ud. logre sus objetivos y resultados sin desv\u00edos.<\/p>\n<\/div><\/div><div class=\"wpb_text_column\" id=\"walmdach\"><div class=\"wpb_wrapper\"><h3>Dibujar y crear los planos de planta<\/h3>\n<p>Usted ya se ha decidido por la <a href=\"https:\/\/www.cadvilla.com\/es\/disenar_casas\/\">forma de la casa<\/a> y tambi\u00e9n ya sabe de qu\u00e9 material se va a construir (tipo de casa) su casa. En los preparativos para el dibujo de los planos de planta distinguimos dos modos.<\/p>\n<ul>\n<li>El plano de planta de la casa a\u00fan no est\u00e1 definido con respecto a las dimensiones y la forma<\/li>\n<\/ul>\n<p style=\"padding-left: 40px;\">Usted ya tiene una idea de las dimensiones de su casa, sin embargo a\u00fan no sabe el n\u00famero exacto de las habitaciones, la altura de los pisos y las medidas exactas del contorno y los interiores?<\/p>\n<p style=\"padding-left: 40px;\"><img data-dominant-color=\"e2e4e6\" data-has-transparency=\"false\" style=\"--dominant-color: #e2e4e6;\" loading=\"lazy\" decoding=\"async\" class=\"alignright wp-image-1578 size-full not-transparent\" title=\"Wall construction multi-layered\" src=\"https:\/\/www.cadvilla.com\/wp-content\/uploads\/wandaufbau_sm.jpg\" alt=\"Wall construction multi-layered\" width=\"350\" height=\"209\" \/><\/p>\n<p style=\"padding-left: 40px;\">En este caso se recomienda simplemente ensayar algunas variantes con el programa para dise\u00f1ar casas para ir dibujando as\u00ed el plano de planta. Aqu\u00ed Ud. probar\u00e1 diferentes dimensiones y espesores de paredes, modificar\u00e1 paredes (desplazar, prolongar, reducir) para as\u00ed encontrar la forma ideal. En este paso de prueba no es necesario tener en cuenta todos los detalles como p.ej. la denominaci\u00f3n de las habitaciones o la posici\u00f3n de los suelos &#8211; lo que importa aqu\u00ed es averiguar las dimensiones exactas de las paredes exteriores e interiores y los espesores de las paredes, averiguar las dimensiones aproximadas de las ventanas y puertas y sus respectivas posiciones as\u00ed como tambi\u00e9n determinar las alturas de los pisos.<\/p>\n<p style=\"padding-left: 40px;\">En el siguiente paso se proceder\u00e1 a la inscripci\u00f3n de cotas en una acotaci\u00f3n en cadena para las paredes exteriores e interiores, se imprimir\u00e1n los documentos necesarios y se archiva el proyecto. Luego se inicia un <strong>proyecto nuevo <\/strong> y se dibuja el plano de planta con las dimensiones definidas.<\/p>\n<ul>\n<li>Dibujar el plano de planta &#8211; El plano de planta ya est\u00e1 definido respecto a dimensiones y forma<\/li>\n<\/ul>\n<p style=\"padding-left: 40px;\">Usted ya dispone de las dimensiones exactas, las posiciones y los espesores de las paredes? Entonces inicie un <strong>proyecto nuevo<\/strong>. Ya que las paredes de su casa no se encuentran en dimensiones modulares, deber\u00e1 desactivar la funci\u00f3n de cuadr\u00edcula. Tambi\u00e9n podr\u00e1 desactivar la visualizaci\u00f3n de diferentes espesores de l\u00ednea, ya que esto s\u00f3lo es relevante a la hora de imprimir el plano.<\/p>\n<ul>\n<li style=\"list-style-type: none;\">\n<ul>\n<li><img data-dominant-color=\"baab97\" data-has-transparency=\"false\" style=\"--dominant-color: #baab97;\" loading=\"lazy\" decoding=\"async\" class=\"alignnone wp-image-3811 size-full not-transparent\" src=\"https:\/\/www.cadvilla.com\/wp-content\/uploads\/icon_raster.png\" alt=\"grid on\/off\" width=\"24\" height=\"24\" \/> &#8230; Haga clic sobre el s\u00edmbolo de la cuadr\u00edcula para desactivar el empleo y la visualizaci\u00f3n del la cuadr\u00edcula<\/li>\n<li><img data-dominant-color=\"bbad94\" data-has-transparency=\"false\" style=\"--dominant-color: #bbad94;\" loading=\"lazy\" decoding=\"async\" class=\"alignnone wp-image-3816 size-full not-transparent\" src=\"https:\/\/www.cadvilla.com\/wp-content\/uploads\/icon_linienstaerke.png\" alt=\"Line weight on \/ off\" width=\"24\" height=\"24\" \/> &#8230; Haga clic sobre el s\u00edmbolo de espesor de l\u00ednea para desactivar el empleo y la visualizaci\u00f3n del espesor de l\u00ednea<\/li>\n<\/ul>\n<\/li>\n<\/ul>\n<p><img data-dominant-color=\"ebedf0\" data-has-transparency=\"false\" style=\"--dominant-color: #ebedf0;\" loading=\"lazy\" decoding=\"async\" class=\"alignright wp-image-3997 size-full not-transparent\" title=\"Finalized house plan\" src=\"https:\/\/www.cadvilla.com\/wp-content\/uploads\/grundrissplan_erstellen-1.jpg\" alt=\"Finalized house plan\" width=\"350\" height=\"209\" \/><\/p>\n<p>Luego de esto Ud. comenzar\u00e1 con la entrada de las paredes exteriores. Para esto se genera primero una cuadr\u00edcula auxiliar para estas paredes sobre l\u00edneas auxiliares horizontales y verticales (eventualmente con color propio). Luego pase a la entrada de las paredes exteriores &#8211; determine a trav\u00e9s de la tecla derecha del rat\u00f3n el espesor de pared (eventualmente tambi\u00e9n la composici\u00f3n de las capas) &#8211; y vaya bordeando cada una de las l\u00edneas auxiliares y puntos de intersecci\u00f3n resultantes. Para cambiar de eje de pared pulse la tecla r\u00e1pida CTRL-W.<br \/>\nPara obtener paredes exactamente perpendiculares y horizontales puede a parte de entrar los datos con el rat\u00f3n, mantener pulsada la tecla CTRL.<\/p>\n<p>Para trazar las paredes interiores proceda de la misma manera. Defina primero la cuadr\u00edcula de l\u00edneas auxiliares a trav\u00e9s de l\u00edneas auxiliares verticales y horizontales &#8211; eventualmente de otro color. Luego pase a la entrada de las paredes interiores y vaya trazando y tocando cada uno de los puntos auxiliares que se originaron.<\/p>\n<p>Los puntos angulares de paredes que no fueron creados mediante la cuadr\u00edcula de l\u00edneas auxiliares, pueden definirse durante la entrada de las paredes por medio de las asistencias para el dise\u00f1o (tecla derecha del rat\u00f3n &#8211; &gt; asistencias para el dise\u00f1o).<\/p>\n<p style=\"padding-left: 40px;\"><img data-dominant-color=\"ff871f\" data-has-transparency=\"true\" style=\"--dominant-color: #ff871f;\" loading=\"lazy\" decoding=\"async\" class=\"alignleft wp-image-3821 size-full has-transparency\" src=\"https:\/\/www.cadvilla.com\/wp-content\/uploads\/rufzeichen.png\" alt=\"call sign\" width=\"16\" height=\"70\" \/>En caso de que una pared haya resultado demasiado corta, b\u00f3rrela o alargue la pared con la ayuda de la funci\u00f3n \u00ab<em>adaptar paredes<\/em>\u00ab. Un \u00abtroceado\u00bb de paredes del mismo espesor (segmentos de paredes) puede tener efectos desventajosos a la hora de c\u00e1lculos autom\u00e1ticos y la incorporaci\u00f3n de vnetanas. Raz\u00f3n: al incorporar ventanas, en paredes troceadas, el segmento de pared respectivamente troceado debe ser igual o m\u00e1s largo al ancho de la ventana.<\/p>\n<\/div><\/div><div class=\"wpb_text_column\"><div class=\"wpb_wrapper\"><h3>Definir la denominaci\u00f3n de las habitaciones<\/h3>\n<p>Unicamente cuando se haya hecho la entrada de <strong>TODAS<\/strong> las paredes y cuando ya ninguna modificaci\u00f3n m\u00e1s se tenga que efectuar, Ud. definir\u00e1 la denominaci\u00f3n y rotulaci\u00f3n de las habitaciones. Despu\u00e9s de seleccionar la habitaci\u00f3n correspondiente haga clic en la tecla derecha del rat\u00f3n, vaya a caracter\u00edsticas y modifique la denominaci\u00f3n est\u00e1ndar de la habitaci\u00f3n en el di\u00e1logo que aparecer\u00e1 a continuaci\u00f3n p.ej. poni\u00e9ndole sala de estar, dormitorio, cocina, ba\u00f1o o v\u00e1ter. En el mismo di\u00e1logo en el sector de rotulaci\u00f3n podr\u00e1 visualizar otras rotulaciones adicionales.<\/p>\n<h3>Entrada de puertas y ventanas<\/h3>\n<p><img data-dominant-color=\"e3e6e8\" data-has-transparency=\"false\" style=\"--dominant-color: #e3e6e8;\" loading=\"lazy\" decoding=\"async\" class=\"alignright wp-image-3846 size-full not-transparent\" title=\"Enter components\" src=\"https:\/\/www.cadvilla.com\/wp-content\/uploads\/bauelemente_eingeben_sm.jpg\" alt=\"Enter components\" width=\"350\" height=\"209\" \/>El dibujo de planos de planta incluye no s\u00f3lo la entrada de paredes (interiores, exteriores, m\u00e1mparas y paneles o paredes virtuales) sino que tambi\u00e9n la entrada de puertas y ventanas.<\/p>\n<p>Despu\u00e9s de seleccionar las ventanas o puertas, vaya al campo de caracteres, haga clic en la tecla derecha del rat\u00f3n y selecciones <em>caracter\u00edsticas<\/em>. En el di\u00e1logo siguiente pueden determinarse las dimensiones para la puerta o la ventana. Para las ventanas pueden colocarse aqu\u00ed tambi\u00e9n los peinazos.<\/p>\n<p>El posicionamiento de las ventanas y puertas se efect\u00faa nuevamente a trav\u00e9s de l\u00edneas auxiliares o las asistencias para el dise\u00f1o (tecla derecha del rat\u00f3n -&gt; asistencias para el dise\u00f1o). Si la ventana o la puerta se encuentra sobre el cursor, Ud. podr\u00e1 cambiar los puntos de referencia (izquierda, derecha, centro) antes de efectuar la entrada mediante la combinaci\u00f3n de teclas r\u00e1pidas CTRL-W.<\/p>\n<\/div><\/div><div class=\"wpb_text_column\"><div class=\"wpb_wrapper\"><h3>Otras etapas en la realizaci\u00f3n del plano de planta<\/h3>\n<ul>\n<li><img data-dominant-color=\"c2c0bd\" data-has-transparency=\"false\" style=\"--dominant-color: #c2c0bd;\" loading=\"lazy\" decoding=\"async\" class=\"alignright wp-image-3856 size-full not-transparent\" title=\"Complement the interior\" src=\"https:\/\/www.cadvilla.com\/wp-content\/uploads\/raumplaner.jpg\" alt=\"Complement the interior\" width=\"350\" height=\"209\" \/>Captaci\u00f3n de soportes, chimeneas, j\u00e1cenas maestras inferiores y j\u00e1cenas superiores<\/li>\n<li>Trazado de <a href=\"https:\/\/www.cadvilla.com\/es\/disenar_casas\/#disenar_y_planear_escaleras\">escaleras<\/a> (escaleras rectas, escaleras caracol, escaleras con descanso)<\/li>\n<li>Trazar escotaduras en el techo plaf\u00f3n y las paredes<\/li>\n<li>Entrada del tejado (tejado a simple vertiente, tejado a cuatro aguas, tejado a dos aguas con frontones&#8230;), eventualmente con entrada de buhardillas y claraboyas<\/li>\n<li>Efectuar la acotaci\u00f3n para el plano de planta ya trazado<\/li>\n<\/ul>\n<\/div><\/div><div class=\"w-separator size_small\"><\/div><div class=\"g-cols wpb_row via_grid cols_1 laptops-cols_inherit tablets-cols_inherit mobiles-cols_1 valign_top type_default stacking_default\" style=\"--columns-gap:3rem;\"><div class=\"wpb_column vc_column_container\"><div class=\"vc_column-inner\"><div class=\"wpb_text_column\"><div class=\"wpb_wrapper\"><h2>cadvilla es un software profesional para dibujar planos de planta<\/h2>\n<p><img data-dominant-color=\"e8eaed\" data-has-transparency=\"false\" style=\"--dominant-color: #e8eaed;\" loading=\"lazy\" decoding=\"async\" class=\"alignright wp-image-2567 size-full not-transparent\" title=\"Plan layout\" src=\"https:\/\/www.cadvilla.com\/wp-content\/uploads\/planzusammenstellung_gesamt.png\" alt=\"Plan layout\" width=\"350\" height=\"209\" \/><\/p>\n<p>Dibuje sus planos de planta con cadvilla professional. El trazado de sus planos de planta le resultar\u00e1 muy f\u00e1cil y simple con cadvilla. Cadvilla es el programa id\u00f3neo para realizar usted mismo el plano de planta de su casa y obtener una r\u00e1pida primera impresi\u00f3n en 3D.<\/p>\n<p>Compatible con Windows 10 \/ 11<\/p>\n<\/div><\/div><div class=\"w-btn-wrapper align_left\"><a class=\"w-btn us-btn-style_5 us_custom_2ac0b1fd icon_atleft\" href=\"https:\/\/www.cadvilla.com\/es\/\"><i class=\"fas fa-sign-in\"><\/i><span class=\"w-btn-label\">M\u00e1s informaci\u00f3nes<\/span><\/a><\/div><div class=\"w-separator size_medium\"><\/div><\/div><\/div><\/div><div class=\"g-cols wpb_row via_grid cols_2-1 laptops-cols_inherit tablets-cols_inherit mobiles-cols_1 valign_top type_default stacking_default\" style=\"--columns-gap:3rem;\"><div class=\"wpb_column vc_column_container\"><div class=\"vc_column-inner\"><div class=\"wpb_text_column us_custom_932250d9 ca-advtext1_es\"><div class=\"wpb_wrapper\"><p style=\"margin-top: 0px; margin-bottom: 0px;\"><img loading=\"lazy\" decoding=\"async\" src=\"https:\/\/www.cadvilla.com\/wp-content\/uploads\/leerzeichen.png\" alt=\"\" width=\"1\" height=\"1\" \/><\/p>\n<\/div><\/div><div class=\"wpb_text_column us_custom_4cec6e8b\"><div class=\"wpb_wrapper\"><p style=\"text-align: center;\"><a href=\"https:\/\/www.cadvilla.com\/es\/cadvilla_basic\/\"><img data-dominant-color=\"5f5e45\" data-has-transparency=\"false\" style=\"--dominant-color: #5f5e45;\" loading=\"lazy\" decoding=\"async\" class=\"ca-bilderrand-beispiele alignnone wp-image-730 not-transparent\" src=\"https:\/\/www.cadvilla.com\/wp-content\/uploads\/vp-cb2d.jpg\" alt=\"cadvilla basic\" width=\"116\" height=\"150\" \/><\/a> <a href=\"https:\/\/www.cadvilla.com\/es\/cadvilla_basic_plus\/\"><img data-dominant-color=\"6a6251\" data-has-transparency=\"false\" style=\"--dominant-color: #6a6251;\" loading=\"lazy\" decoding=\"async\" class=\"ca-bilderrand-beispiele alignnone wp-image-735 not-transparent\" src=\"https:\/\/www.cadvilla.com\/wp-content\/uploads\/vp-cbp2d.jpg\" alt=\"cadvilla basic plus\" width=\"116\" height=\"150\" \/><\/a> <a href=\"https:\/\/www.cadvilla.com\/es\/cadvilla_pro\/\"><img data-dominant-color=\"464134\" data-has-transparency=\"false\" style=\"--dominant-color: #464134;\" loading=\"lazy\" decoding=\"async\" class=\"ca-bilderrand-beispiele alignnone wp-image-740 not-transparent\" src=\"https:\/\/www.cadvilla.com\/wp-content\/uploads\/vp-cp2d.jpg\" alt=\"cadvilla professional\" width=\"116\" height=\"150\" \/><\/a> <a href=\"https:\/\/www.cadvilla.com\/es\/cadvilla_pro_plus\/\"><img data-dominant-color=\"574d3f\" data-has-transparency=\"false\" style=\"--dominant-color: #574d3f;\" loading=\"lazy\" decoding=\"async\" class=\"ca-bilderrand-beispiele alignnone wp-image-745 not-transparent\" src=\"https:\/\/www.cadvilla.com\/wp-content\/uploads\/vp-cpp2d.jpg\" alt=\"cadvilla professional plus\" width=\"116\" height=\"150\" \/><\/a><\/p>\n<\/div><\/div><div class=\"wpb_text_column us_custom_7ae90079 ca-advtext2_es\"><div class=\"wpb_wrapper\"><p><span style=\"color: #ff9900;\"><strong>* <\/strong><\/span><\/p>\n<\/div><\/div><div class=\"w-btn-wrapper align_left\"><a class=\"w-btn us-btn-style_5 us_custom_2ac0b1fd icon_atleft\" href=\"https:\/\/www.cadvilla.com\/es\/tabla_comparativa_cadvilla\/\"><i class=\"fas fa-sign-in\"><\/i><span class=\"w-btn-label\">tabla comparativa de versiones<\/span><\/a><\/div><\/div><\/div><div class=\"wpb_column vc_column_container\"><div class=\"vc_column-inner\"><\/div><\/div><\/div><\/div><\/div><\/div><\/div><\/section>\n","protected":false},"excerpt":{"rendered":"Dibujar planos de planta Dibujar planos de planta con el programa de dise\u00f1o 3D para planos de planta Usted est\u00e1 investigando la mejor manera de dibujar su plano de planta? Nosotros le ofrecemos la soluci\u00f3n para dibujar y planear sus planos de planta de manera r\u00e1pida y simple y para que Ud. logre sus objetivos...","protected":false},"author":1,"featured_media":0,"parent":0,"menu_order":0,"comment_status":"closed","ping_status":"closed","template":"","meta":{"footnotes":""},"class_list":["post-5466","page","type-page","status-publish","hentry"],"yoast_head":"<!-- This site is optimized with the Yoast SEO plugin v27.4 - https:\/\/yoast.com\/product\/yoast-seo-wordpress\/ -->\n<title>Dibujar planos de planta con programa para proyectista | cadvilla.com<\/title>\n<meta name=\"description\" content=\"Dibujar planos de planta para su proyecto con el programa de arquitectura CADVILLA de f\u00e1cil manejo. Descargar ahora y dise\u00f1ar la casa de ensue\u00f1o!\" \/>\n<meta name=\"robots\" content=\"index, follow, max-snippet:-1, max-image-preview:large, max-video-preview:-1\" \/>\n<link rel=\"canonical\" href=\"https:\/\/www.cadvilla.com\/es\/dibujar_planos_de_planta\/\" \/>\n<meta property=\"og:locale\" content=\"es_ES\" \/>\n<meta property=\"og:type\" content=\"article\" \/>\n<meta property=\"og:title\" content=\"Dibujar planos de planta con programa para proyectista | cadvilla.com\" \/>\n<meta property=\"og:description\" content=\"Dibujar planos de planta para su proyecto con el programa de arquitectura CADVILLA de f\u00e1cil manejo. Descargar ahora y dise\u00f1ar la casa de ensue\u00f1o!\" \/>\n<meta property=\"og:url\" content=\"https:\/\/www.cadvilla.com\/es\/dibujar_planos_de_planta\/\" \/>\n<meta property=\"og:site_name\" content=\"cadvilla\" \/>\n<meta property=\"article:modified_time\" content=\"2023-10-22T14:14:26+00:00\" \/>\n<meta property=\"og:image\" content=\"https:\/\/www.cadvilla.com\/wp-content\/uploads\/paralleles_arbeiten.jpg\" \/>\n<meta name=\"twitter:card\" content=\"summary_large_image\" \/>\n<meta name=\"twitter:label1\" content=\"Tiempo de lectura\" \/>\n\t<meta name=\"twitter:data1\" content=\"10 minutos\" \/>\n<script type=\"application\/ld+json\" class=\"yoast-schema-graph\">{\"@context\":\"https:\\\/\\\/schema.org\",\"@graph\":[{\"@type\":\"WebPage\",\"@id\":\"https:\\\/\\\/www.cadvilla.com\\\/es\\\/dibujar_planos_de_planta\\\/\",\"url\":\"https:\\\/\\\/www.cadvilla.com\\\/es\\\/dibujar_planos_de_planta\\\/\",\"name\":\"Dibujar planos de planta con programa para proyectista | cadvilla.com\",\"isPartOf\":{\"@id\":\"https:\\\/\\\/www.cadvilla.com\\\/es\\\/#website\"},\"primaryImageOfPage\":{\"@id\":\"https:\\\/\\\/www.cadvilla.com\\\/es\\\/dibujar_planos_de_planta\\\/#primaryimage\"},\"image\":{\"@id\":\"https:\\\/\\\/www.cadvilla.com\\\/es\\\/dibujar_planos_de_planta\\\/#primaryimage\"},\"thumbnailUrl\":\"https:\\\/\\\/www.cadvilla.com\\\/wp-content\\\/uploads\\\/paralleles_arbeiten.jpg\",\"datePublished\":\"2019-06-04T15:06:27+00:00\",\"dateModified\":\"2023-10-22T14:14:26+00:00\",\"description\":\"Dibujar planos de planta para su proyecto con el programa de arquitectura CADVILLA de f\u00e1cil manejo. Descargar ahora y dise\u00f1ar la casa de ensue\u00f1o!\",\"breadcrumb\":{\"@id\":\"https:\\\/\\\/www.cadvilla.com\\\/es\\\/dibujar_planos_de_planta\\\/#breadcrumb\"},\"inLanguage\":\"es\",\"potentialAction\":[{\"@type\":\"ReadAction\",\"target\":[\"https:\\\/\\\/www.cadvilla.com\\\/es\\\/dibujar_planos_de_planta\\\/\"]}]},{\"@type\":\"ImageObject\",\"inLanguage\":\"es\",\"@id\":\"https:\\\/\\\/www.cadvilla.com\\\/es\\\/dibujar_planos_de_planta\\\/#primaryimage\",\"url\":\"https:\\\/\\\/www.cadvilla.com\\\/wp-content\\\/uploads\\\/paralleles_arbeiten.jpg\",\"contentUrl\":\"https:\\\/\\\/www.cadvilla.com\\\/wp-content\\\/uploads\\\/paralleles_arbeiten.jpg\"},{\"@type\":\"BreadcrumbList\",\"@id\":\"https:\\\/\\\/www.cadvilla.com\\\/es\\\/dibujar_planos_de_planta\\\/#breadcrumb\",\"itemListElement\":[{\"@type\":\"ListItem\",\"position\":1,\"name\":\"Startseite\",\"item\":\"https:\\\/\\\/www.cadvilla.com\\\/es\\\/\"},{\"@type\":\"ListItem\",\"position\":2,\"name\":\"Dibujar planos de planta\"}]},{\"@type\":\"WebSite\",\"@id\":\"https:\\\/\\\/www.cadvilla.com\\\/es\\\/#website\",\"url\":\"https:\\\/\\\/www.cadvilla.com\\\/es\\\/\",\"name\":\"cadvilla\",\"description\":\"\",\"publisher\":{\"@id\":\"https:\\\/\\\/www.cadvilla.com\\\/es\\\/#organization\"},\"potentialAction\":[{\"@type\":\"SearchAction\",\"target\":{\"@type\":\"EntryPoint\",\"urlTemplate\":\"https:\\\/\\\/www.cadvilla.com\\\/es\\\/?s={search_term_string}\"},\"query-input\":{\"@type\":\"PropertyValueSpecification\",\"valueRequired\":true,\"valueName\":\"search_term_string\"}}],\"inLanguage\":\"es\"},{\"@type\":\"Organization\",\"@id\":\"https:\\\/\\\/www.cadvilla.com\\\/es\\\/#organization\",\"name\":\"cadvilla\",\"url\":\"https:\\\/\\\/www.cadvilla.com\\\/es\\\/\",\"logo\":{\"@type\":\"ImageObject\",\"inLanguage\":\"es\",\"@id\":\"https:\\\/\\\/www.cadvilla.com\\\/es\\\/#\\\/schema\\\/logo\\\/image\\\/\",\"url\":\"https:\\\/\\\/www.cadvilla.com\\\/wp-content\\\/uploads\\\/logo_cadvilla.png\",\"contentUrl\":\"https:\\\/\\\/www.cadvilla.com\\\/wp-content\\\/uploads\\\/logo_cadvilla.png\",\"width\":157,\"height\":51,\"caption\":\"cadvilla\"},\"image\":{\"@id\":\"https:\\\/\\\/www.cadvilla.com\\\/es\\\/#\\\/schema\\\/logo\\\/image\\\/\"}}]}<\/script>\n<!-- \/ Yoast SEO plugin. -->","yoast_head_json":{"title":"Dibujar planos de planta con programa para proyectista | cadvilla.com","description":"Dibujar planos de planta para su proyecto con el programa de arquitectura CADVILLA de f\u00e1cil manejo. Descargar ahora y dise\u00f1ar la casa de ensue\u00f1o!","robots":{"index":"index","follow":"follow","max-snippet":"max-snippet:-1","max-image-preview":"max-image-preview:large","max-video-preview":"max-video-preview:-1"},"canonical":"https:\/\/www.cadvilla.com\/es\/dibujar_planos_de_planta\/","og_locale":"es_ES","og_type":"article","og_title":"Dibujar planos de planta con programa para proyectista | cadvilla.com","og_description":"Dibujar planos de planta para su proyecto con el programa de arquitectura CADVILLA de f\u00e1cil manejo. Descargar ahora y dise\u00f1ar la casa de ensue\u00f1o!","og_url":"https:\/\/www.cadvilla.com\/es\/dibujar_planos_de_planta\/","og_site_name":"cadvilla","article_modified_time":"2023-10-22T14:14:26+00:00","og_image":[{"url":"https:\/\/www.cadvilla.com\/wp-content\/uploads\/paralleles_arbeiten.jpg","type":"","width":"","height":""}],"twitter_card":"summary_large_image","twitter_misc":{"Tiempo de lectura":"10 minutos"},"schema":{"@context":"https:\/\/schema.org","@graph":[{"@type":"WebPage","@id":"https:\/\/www.cadvilla.com\/es\/dibujar_planos_de_planta\/","url":"https:\/\/www.cadvilla.com\/es\/dibujar_planos_de_planta\/","name":"Dibujar planos de planta con programa para proyectista | cadvilla.com","isPartOf":{"@id":"https:\/\/www.cadvilla.com\/es\/#website"},"primaryImageOfPage":{"@id":"https:\/\/www.cadvilla.com\/es\/dibujar_planos_de_planta\/#primaryimage"},"image":{"@id":"https:\/\/www.cadvilla.com\/es\/dibujar_planos_de_planta\/#primaryimage"},"thumbnailUrl":"https:\/\/www.cadvilla.com\/wp-content\/uploads\/paralleles_arbeiten.jpg","datePublished":"2019-06-04T15:06:27+00:00","dateModified":"2023-10-22T14:14:26+00:00","description":"Dibujar planos de planta para su proyecto con el programa de arquitectura CADVILLA de f\u00e1cil manejo. Descargar ahora y dise\u00f1ar la casa de ensue\u00f1o!","breadcrumb":{"@id":"https:\/\/www.cadvilla.com\/es\/dibujar_planos_de_planta\/#breadcrumb"},"inLanguage":"es","potentialAction":[{"@type":"ReadAction","target":["https:\/\/www.cadvilla.com\/es\/dibujar_planos_de_planta\/"]}]},{"@type":"ImageObject","inLanguage":"es","@id":"https:\/\/www.cadvilla.com\/es\/dibujar_planos_de_planta\/#primaryimage","url":"https:\/\/www.cadvilla.com\/wp-content\/uploads\/paralleles_arbeiten.jpg","contentUrl":"https:\/\/www.cadvilla.com\/wp-content\/uploads\/paralleles_arbeiten.jpg"},{"@type":"BreadcrumbList","@id":"https:\/\/www.cadvilla.com\/es\/dibujar_planos_de_planta\/#breadcrumb","itemListElement":[{"@type":"ListItem","position":1,"name":"Startseite","item":"https:\/\/www.cadvilla.com\/es\/"},{"@type":"ListItem","position":2,"name":"Dibujar planos de planta"}]},{"@type":"WebSite","@id":"https:\/\/www.cadvilla.com\/es\/#website","url":"https:\/\/www.cadvilla.com\/es\/","name":"cadvilla","description":"","publisher":{"@id":"https:\/\/www.cadvilla.com\/es\/#organization"},"potentialAction":[{"@type":"SearchAction","target":{"@type":"EntryPoint","urlTemplate":"https:\/\/www.cadvilla.com\/es\/?s={search_term_string}"},"query-input":{"@type":"PropertyValueSpecification","valueRequired":true,"valueName":"search_term_string"}}],"inLanguage":"es"},{"@type":"Organization","@id":"https:\/\/www.cadvilla.com\/es\/#organization","name":"cadvilla","url":"https:\/\/www.cadvilla.com\/es\/","logo":{"@type":"ImageObject","inLanguage":"es","@id":"https:\/\/www.cadvilla.com\/es\/#\/schema\/logo\/image\/","url":"https:\/\/www.cadvilla.com\/wp-content\/uploads\/logo_cadvilla.png","contentUrl":"https:\/\/www.cadvilla.com\/wp-content\/uploads\/logo_cadvilla.png","width":157,"height":51,"caption":"cadvilla"},"image":{"@id":"https:\/\/www.cadvilla.com\/es\/#\/schema\/logo\/image\/"}}]}},"_links":{"self":[{"href":"https:\/\/www.cadvilla.com\/es\/wp-json\/wp\/v2\/pages\/5466","targetHints":{"allow":["GET"]}}],"collection":[{"href":"https:\/\/www.cadvilla.com\/es\/wp-json\/wp\/v2\/pages"}],"about":[{"href":"https:\/\/www.cadvilla.com\/es\/wp-json\/wp\/v2\/types\/page"}],"author":[{"embeddable":true,"href":"https:\/\/www.cadvilla.com\/es\/wp-json\/wp\/v2\/users\/1"}],"replies":[{"embeddable":true,"href":"https:\/\/www.cadvilla.com\/es\/wp-json\/wp\/v2\/comments?post=5466"}],"version-history":[{"count":0,"href":"https:\/\/www.cadvilla.com\/es\/wp-json\/wp\/v2\/pages\/5466\/revisions"}],"wp:attachment":[{"href":"https:\/\/www.cadvilla.com\/es\/wp-json\/wp\/v2\/media?parent=5466"}],"curies":[{"name":"wp","href":"https:\/\/api.w.org\/{rel}","templated":true}]}}