{"id":5542,"date":"2019-06-28T10:09:02","date_gmt":"2019-06-28T08:09:02","guid":{"rendered":"https:\/\/www.cadvilla.pl\/about_us\/"},"modified":"2019-07-12T12:03:56","modified_gmt":"2019-07-12T10:03:56","slug":"aviso_legal","status":"publish","type":"page","link":"https:\/\/www.cadvilla.com\/es\/aviso_legal\/","title":{"rendered":"Aviso legal de cadvilla"},"content":{"rendered":"<section class=\"l-section wpb_row ca-headerbackground0 height_large\"><div class=\"l-section-h i-cf\"><div class=\"g-cols vc_row via_grid cols_1 laptops-cols_inherit tablets-cols_inherit mobiles-cols_1 valign_bottom type_default stacking_default\"><div class=\"wpb_column vc_column_container\"><div class=\"vc_column-inner\"><\/div><\/div><\/div><\/div><\/section><section class=\"l-section wpb_row height_auto\"><div class=\"l-section-h i-cf\"><div class=\"g-cols vc_row via_grid cols_1 laptops-cols_inherit tablets-cols_inherit mobiles-cols_1 valign_top type_default stacking_default\"><div class=\"wpb_column vc_column_container\"><div class=\"vc_column-inner\"><\/div><\/div><\/div><\/div><\/section><section class=\"l-section wpb_row ca-headerbg height_small\" id=\"begin\"><div class=\"l-section-h i-cf\"><div class=\"g-cols vc_row via_grid cols_1 laptops-cols_inherit tablets-cols_inherit mobiles-cols_1 valign_top type_default stacking_default\"><div class=\"wpb_column vc_column_container\"><div class=\"vc_column-inner\"><div class=\"wpb_text_column\"><div class=\"wpb_wrapper\"><h1>Aviso legal de cadvilla<\/h1>\n<\/div><\/div><\/div><\/div><\/div><\/div><\/section><section class=\"l-section wpb_row height_small\"><div class=\"l-section-h i-cf\"><div class=\"g-cols vc_row via_grid cols_1 laptops-cols_inherit tablets-cols_inherit mobiles-cols_1 valign_top type_default stacking_default\"><div class=\"wpb_column vc_column_container\"><div class=\"vc_column-inner\"><div class=\"wpb_text_column\"><div class=\"wpb_wrapper\"><h2>Datos de contaco y aviso legal de cadvilla<\/h2>\n<p>TRIXL GmbH<br \/>\nAigner Strasse 35<br \/>\nA-5020 Salzburg<\/p>\n<p>Telef\u00e9fono &#8211; Centralita: +43 662 650 650 0<br \/>\nTel\u00e9fono &#8211; Informaciones t\u00e9cnicas: +43 662 650 650 40<br \/>\nTelefax: +43 662 650 650 12<\/p>\n<p>email: <span style=\"display: none;\">are-<\/span><span style=\"display: inline;\">info<\/span><span style=\"display: none;\">-xya34<\/span><span style=\"display: inline;\">@<\/span><span style=\"display: none;\">ddks-<\/span><span style=\"display: inline;\">cadvilla.com<\/span><\/p>\n<p>Nr. del C.I.F.: ATU52806101<br \/>\nRegistro Mercantil: FN 215736 i<br \/>\nDirector geerente: Ewald Trixl<\/p>\n<p>La totalidad de los textos, datos t\u00e9cnicos, gr\u00e1ficos e im\u00e1genes y otras informaciones son exclusivamente informaciones de car\u00e1cter no vinculante y en ning\u00fan momento formar\u00e1n base, objeto o contenido de un contrato. Nos reservamos expl\u00edcitamente el derecho a modificaciones t\u00e9cnicas u otras as\u00ed como modificaciones con respecto a la disponibilidad de ciertos productos.<\/p>\n<p>Para los contenidos de p\u00e1ginas web de terceros enlazadas aqu\u00ed se responsabilizan exclusivamente los autores y gestores de aquellas. Para nosotros no se desprende ning\u00fan tipo de obligaci\u00f3n o garant\u00eda relacionada a \u00e9stas.<\/p>\n<p><a href=\"https:\/\/www.cadvilla.com\/es\/privacy_policy\/\">Pol\u00edtica de privacidad<\/a><\/p>\n<\/div><\/div><\/div><\/div><\/div><\/div><\/section>\n","protected":false},"excerpt":{"rendered":"Aviso legal de cadvilla Datos de contaco y aviso legal de cadvilla TRIXL GmbH Aigner Strasse 35 A-5020 Salzburg Telef\u00e9fono &#8211; Centralita: +43 662 650 650 0 Tel\u00e9fono &#8211; Informaciones t\u00e9cnicas: +43 662 650 650 40 Telefax: +43 662 650 650 12 email: are-info-xya34@ddks-cadvilla.com Nr. del C.I.F.: ATU52806101 Registro Mercantil: FN 215736 i Director geerente:...","protected":false},"author":1,"featured_media":0,"parent":0,"menu_order":0,"comment_status":"closed","ping_status":"closed","template":"","meta":{"footnotes":""},"class_list":["post-5542","page","type-page","status-publish","hentry"],"yoast_head":"<!-- This site is optimized with the Yoast SEO plugin v27.4 - https:\/\/yoast.com\/product\/yoast-seo-wordpress\/ -->\n<title>Aviso legal de cadvilla<\/title>\n<meta name=\"robots\" content=\"index, follow, max-snippet:-1, max-image-preview:large, max-video-preview:-1\" \/>\n<link rel=\"canonical\" href=\"https:\/\/www.cadvilla.com\/es\/aviso_legal\/\" \/>\n<meta property=\"og:locale\" content=\"es_ES\" \/>\n<meta property=\"og:type\" content=\"article\" \/>\n<meta property=\"og:title\" content=\"Aviso legal de cadvilla\" \/>\n<meta property=\"og:url\" content=\"https:\/\/www.cadvilla.com\/es\/aviso_legal\/\" \/>\n<meta property=\"og:site_name\" content=\"cadvilla\" \/>\n<meta property=\"article:modified_time\" content=\"2019-07-12T10:03:56+00:00\" \/>\n<meta name=\"twitter:card\" content=\"summary_large_image\" \/>\n<meta name=\"twitter:label1\" content=\"Tiempo de lectura\" \/>\n\t<meta name=\"twitter:data1\" content=\"1 minuto\" \/>\n<script type=\"application\/ld+json\" class=\"yoast-schema-graph\">{\"@context\":\"https:\\\/\\\/schema.org\",\"@graph\":[{\"@type\":\"WebPage\",\"@id\":\"https:\\\/\\\/www.cadvilla.com\\\/es\\\/aviso_legal\\\/\",\"url\":\"https:\\\/\\\/www.cadvilla.com\\\/es\\\/aviso_legal\\\/\",\"name\":\"Aviso legal de cadvilla\",\"isPartOf\":{\"@id\":\"https:\\\/\\\/www.cadvilla.com\\\/es\\\/#website\"},\"datePublished\":\"2019-06-28T08:09:02+00:00\",\"dateModified\":\"2019-07-12T10:03:56+00:00\",\"breadcrumb\":{\"@id\":\"https:\\\/\\\/www.cadvilla.com\\\/es\\\/aviso_legal\\\/#breadcrumb\"},\"inLanguage\":\"es\",\"potentialAction\":[{\"@type\":\"ReadAction\",\"target\":[\"https:\\\/\\\/www.cadvilla.com\\\/es\\\/aviso_legal\\\/\"]}]},{\"@type\":\"BreadcrumbList\",\"@id\":\"https:\\\/\\\/www.cadvilla.com\\\/es\\\/aviso_legal\\\/#breadcrumb\",\"itemListElement\":[{\"@type\":\"ListItem\",\"position\":1,\"name\":\"Startseite\",\"item\":\"https:\\\/\\\/www.cadvilla.com\\\/es\\\/\"},{\"@type\":\"ListItem\",\"position\":2,\"name\":\"Aviso legal de cadvilla\"}]},{\"@type\":\"WebSite\",\"@id\":\"https:\\\/\\\/www.cadvilla.com\\\/es\\\/#website\",\"url\":\"https:\\\/\\\/www.cadvilla.com\\\/es\\\/\",\"name\":\"cadvilla\",\"description\":\"\",\"publisher\":{\"@id\":\"https:\\\/\\\/www.cadvilla.com\\\/es\\\/#organization\"},\"potentialAction\":[{\"@type\":\"SearchAction\",\"target\":{\"@type\":\"EntryPoint\",\"urlTemplate\":\"https:\\\/\\\/www.cadvilla.com\\\/es\\\/?s={search_term_string}\"},\"query-input\":{\"@type\":\"PropertyValueSpecification\",\"valueRequired\":true,\"valueName\":\"search_term_string\"}}],\"inLanguage\":\"es\"},{\"@type\":\"Organization\",\"@id\":\"https:\\\/\\\/www.cadvilla.com\\\/es\\\/#organization\",\"name\":\"cadvilla\",\"url\":\"https:\\\/\\\/www.cadvilla.com\\\/es\\\/\",\"logo\":{\"@type\":\"ImageObject\",\"inLanguage\":\"es\",\"@id\":\"https:\\\/\\\/www.cadvilla.com\\\/es\\\/#\\\/schema\\\/logo\\\/image\\\/\",\"url\":\"https:\\\/\\\/www.cadvilla.com\\\/wp-content\\\/uploads\\\/logo_cadvilla.png\",\"contentUrl\":\"https:\\\/\\\/www.cadvilla.com\\\/wp-content\\\/uploads\\\/logo_cadvilla.png\",\"width\":157,\"height\":51,\"caption\":\"cadvilla\"},\"image\":{\"@id\":\"https:\\\/\\\/www.cadvilla.com\\\/es\\\/#\\\/schema\\\/logo\\\/image\\\/\"}}]}<\/script>\n<!-- \/ Yoast SEO plugin. -->","yoast_head_json":{"title":"Aviso legal de cadvilla","robots":{"index":"index","follow":"follow","max-snippet":"max-snippet:-1","max-image-preview":"max-image-preview:large","max-video-preview":"max-video-preview:-1"},"canonical":"https:\/\/www.cadvilla.com\/es\/aviso_legal\/","og_locale":"es_ES","og_type":"article","og_title":"Aviso legal de cadvilla","og_url":"https:\/\/www.cadvilla.com\/es\/aviso_legal\/","og_site_name":"cadvilla","article_modified_time":"2019-07-12T10:03:56+00:00","twitter_card":"summary_large_image","twitter_misc":{"Tiempo de lectura":"1 minuto"},"schema":{"@context":"https:\/\/schema.org","@graph":[{"@type":"WebPage","@id":"https:\/\/www.cadvilla.com\/es\/aviso_legal\/","url":"https:\/\/www.cadvilla.com\/es\/aviso_legal\/","name":"Aviso legal de cadvilla","isPartOf":{"@id":"https:\/\/www.cadvilla.com\/es\/#website"},"datePublished":"2019-06-28T08:09:02+00:00","dateModified":"2019-07-12T10:03:56+00:00","breadcrumb":{"@id":"https:\/\/www.cadvilla.com\/es\/aviso_legal\/#breadcrumb"},"inLanguage":"es","potentialAction":[{"@type":"ReadAction","target":["https:\/\/www.cadvilla.com\/es\/aviso_legal\/"]}]},{"@type":"BreadcrumbList","@id":"https:\/\/www.cadvilla.com\/es\/aviso_legal\/#breadcrumb","itemListElement":[{"@type":"ListItem","position":1,"name":"Startseite","item":"https:\/\/www.cadvilla.com\/es\/"},{"@type":"ListItem","position":2,"name":"Aviso legal de cadvilla"}]},{"@type":"WebSite","@id":"https:\/\/www.cadvilla.com\/es\/#website","url":"https:\/\/www.cadvilla.com\/es\/","name":"cadvilla","description":"","publisher":{"@id":"https:\/\/www.cadvilla.com\/es\/#organization"},"potentialAction":[{"@type":"SearchAction","target":{"@type":"EntryPoint","urlTemplate":"https:\/\/www.cadvilla.com\/es\/?s={search_term_string}"},"query-input":{"@type":"PropertyValueSpecification","valueRequired":true,"valueName":"search_term_string"}}],"inLanguage":"es"},{"@type":"Organization","@id":"https:\/\/www.cadvilla.com\/es\/#organization","name":"cadvilla","url":"https:\/\/www.cadvilla.com\/es\/","logo":{"@type":"ImageObject","inLanguage":"es","@id":"https:\/\/www.cadvilla.com\/es\/#\/schema\/logo\/image\/","url":"https:\/\/www.cadvilla.com\/wp-content\/uploads\/logo_cadvilla.png","contentUrl":"https:\/\/www.cadvilla.com\/wp-content\/uploads\/logo_cadvilla.png","width":157,"height":51,"caption":"cadvilla"},"image":{"@id":"https:\/\/www.cadvilla.com\/es\/#\/schema\/logo\/image\/"}}]}},"_links":{"self":[{"href":"https:\/\/www.cadvilla.com\/es\/wp-json\/wp\/v2\/pages\/5542","targetHints":{"allow":["GET"]}}],"collection":[{"href":"https:\/\/www.cadvilla.com\/es\/wp-json\/wp\/v2\/pages"}],"about":[{"href":"https:\/\/www.cadvilla.com\/es\/wp-json\/wp\/v2\/types\/page"}],"author":[{"embeddable":true,"href":"https:\/\/www.cadvilla.com\/es\/wp-json\/wp\/v2\/users\/1"}],"replies":[{"embeddable":true,"href":"https:\/\/www.cadvilla.com\/es\/wp-json\/wp\/v2\/comments?post=5542"}],"version-history":[{"count":0,"href":"https:\/\/www.cadvilla.com\/es\/wp-json\/wp\/v2\/pages\/5542\/revisions"}],"wp:attachment":[{"href":"https:\/\/www.cadvilla.com\/es\/wp-json\/wp\/v2\/media?parent=5542"}],"curies":[{"name":"wp","href":"https:\/\/api.w.org\/{rel}","templated":true}]}}