{"id":5753,"date":"2019-06-11T16:38:58","date_gmt":"2019-06-11T14:38:58","guid":{"rendered":"https:\/\/www.cadvilla.pl\/cadvilla_basic\/"},"modified":"2023-10-22T16:06:51","modified_gmt":"2023-10-22T14:06:51","slug":"cadvilla_basic","status":"publish","type":"page","link":"https:\/\/www.cadvilla.com\/es\/cadvilla_basic\/","title":{"rendered":"cadvilla basic en espa\u00f1ol &#8230;"},"content":{"rendered":"<section class=\"l-section wpb_row ca-headerbackground-cb height_large\"><div class=\"l-section-h i-cf\"><div class=\"g-cols vc_row via_grid cols_1 laptops-cols_inherit tablets-cols_inherit mobiles-cols_1 valign_bottom type_default stacking_default\"><div class=\"wpb_column vc_column_container\"><div class=\"vc_column-inner\">[vc_custom_heading text=\u00bbcadvilla basic\u00bb font_container=\u00bbtag:p|text_align:center\u00bb use_theme_fonts=\u00bbyes\u00bb el_class=\u00bbca-headertext\u00bb]<div class=\"w-iconbox ca-headerbutton iconpos_top style_outlined color_primary align_center no_text no_title\"><a href=\"#begin\" class=\"w-iconbox-link\" aria-label=\"fas|chevron-down\"><div class=\"w-iconbox-icon\" style=\"font-size:;\"><i class=\"fas fa-chevron-down\"><\/i><\/div><\/a><div class=\"w-iconbox-meta\"><\/div><\/div><\/div><\/div><\/div><\/div><\/section><section class=\"l-section wpb_row height_auto\"><div class=\"l-section-h i-cf\"><div class=\"g-cols vc_row via_grid cols_1 laptops-cols_inherit tablets-cols_inherit mobiles-cols_1 valign_top type_default stacking_default\"><div class=\"wpb_column vc_column_container\"><div class=\"vc_column-inner\"><\/div><\/div><\/div><\/div><\/section><section class=\"l-section wpb_row ca-headerbg height_small\" id=\"begin\"><div class=\"l-section-h i-cf\"><div class=\"g-cols vc_row via_grid cols_1 laptops-cols_inherit tablets-cols_inherit mobiles-cols_1 valign_top type_default stacking_default\"><div class=\"wpb_column vc_column_container\"><div class=\"vc_column-inner\"><div class=\"wpb_text_column ca-heading1\"><div class=\"wpb_wrapper\"><h1>cadvilla basic <span title=\"\">en espa\u00f1ol<\/span> &#8230;<\/h1>\n<\/div><\/div><\/div><\/div><\/div><\/div><\/section><section class=\"l-section wpb_row us_custom_9a24c93d height_medium\"><div class=\"l-section-h i-cf\"><div class=\"g-cols vc_row via_grid cols_1-2-1 laptops-cols_inherit tablets-cols_inherit mobiles-cols_1 valign_top type_default stacking_default\"><div class=\"wpb_column vc_column_container us_custom_ae6b878d has_bg_color\"><div class=\"vc_column-inner\"><div class=\"wpb_text_column ca-product-small_info\"><div class=\"wpb_wrapper\"><p><img data-dominant-color=\"6a6251\" data-has-transparency=\"false\" style=\"--dominant-color: #6a6251;\" loading=\"lazy\" decoding=\"async\" class=\"picture-rounded-corner alignnone wp-image-735 not-transparent\" src=\"https:\/\/www.cadvilla.com\/wp-content\/uploads\/vp-cb2d.jpg\" alt=\"\" width=\"200\" height=\"259\" \/><br \/>\nEntrega como descarga (~ 1,5 GB)<\/p>\n<\/div><\/div><\/div><\/div><div class=\"wpb_column vc_column_container\"><div class=\"vc_column-inner\"><div class=\"g-cols wpb_row via_grid cols_1 laptops-cols_inherit tablets-cols_inherit mobiles-cols_1 valign_top type_default stacking_default\" style=\"--columns-gap:3rem;\"><div class=\"wpb_column vc_column_container us_custom_543e27b0 has_bg_color\"><div class=\"vc_column-inner\"><div class=\"wpb_text_column\"><div class=\"wpb_wrapper\"><p class=\"ca-h2style\"><strong>cadvilla basic<\/strong><\/p>\n<p class=\"ca-h4style\"><strong><span style=\"color: #ff9900;\">39,95 \u20ac *<br \/>\n<\/span><\/strong><\/p>\n<p><span style=\"color: #999999;\">(El precio de lista recomendado es de 45,95 \u20ac)<br \/>\n<\/span><\/p>\n<p><img loading=\"lazy\" decoding=\"async\" class=\"alignnone wp-image-353\" src=\"https:\/\/www.cadvilla.com\/wp-content\/uploads\/check.png\" alt=\"\" width=\"14\" height=\"14\" \/> Todos los precios incluyen el IVA legal<br \/>\n<img loading=\"lazy\" decoding=\"async\" class=\"alignnone wp-image-353\" src=\"https:\/\/www.cadvilla.com\/wp-content\/uploads\/check.png\" alt=\"\" width=\"14\" height=\"14\" \/> Versi\u00f3n completa con uso de duraci\u00f3n ilimitada<br \/>\n<img loading=\"lazy\" decoding=\"async\" class=\"alignnone wp-image-353\" src=\"https:\/\/www.cadvilla.com\/wp-content\/uploads\/check.png\" alt=\"\" width=\"14\" height=\"14\" \/> Programa de arquitectura en su versi\u00f3n m\u00e1s reciente<br \/>\n<img loading=\"lazy\" decoding=\"async\" class=\"alignnone wp-image-353\" src=\"https:\/\/www.cadvilla.com\/wp-content\/uploads\/check.png\" alt=\"\" width=\"14\" height=\"14\" \/> Permite el empleo del software en m\u00e1x. dos dispositivos finales<\/p>\n<\/div><\/div><div class=\"wpb_text_column us_custom_36724591 ca-advtext1_es\"><div class=\"wpb_wrapper\"><p style=\"margin-top: 0px; margin-bottom: 0px;\"><img loading=\"lazy\" decoding=\"async\" src=\"https:\/\/www.cadvilla.com\/wp-content\/uploads\/leerzeichen.png\" alt=\"\" width=\"1\" height=\"1\" \/><\/p>\n<\/div><\/div><div class=\"wpb_text_column us_custom_36724591 ca-advtext2_es\"><div class=\"wpb_wrapper\"><p><span style=\"color: #ff9900;\"><strong>* <\/strong><\/span><\/p>\n<\/div><\/div><div class=\"w-btn-wrapper align_left\"><a class=\"w-btn us-btn-style_2 us_custom_2d9ebfef icon_atleft\" rel=\"nofollow\" href=\"https:\/\/www.cleverbridge.com\/1106\/?scope=checkout&amp;cart=215001&amp;languages=es&amp;cookie=true&amp;cfg=design_2018&amp;tracking=cadvilla&amp;recommendation=addbackup\"><i class=\"fas fa-download\"><\/i><span class=\"w-btn-label\">Comprar y descargar<\/span><\/a><\/div><\/div><\/div><\/div><\/div><\/div><div class=\"wpb_column vc_column_container\"><div class=\"vc_column-inner\"><div class=\"wpb_text_column\"><div class=\"wpb_wrapper\"><p class=\"ca-h5style\"><span class=\"ca-headertext-seitenleiste\">Gesti\u00f3n del pedido<\/span><\/p>\n<\/div><\/div><div class=\"wpb_text_column\"><div class=\"wpb_wrapper\"><p style=\"text-align: center;\"><span style=\"color: #999999;\">La gesti\u00f3n del pedido y el despacho del producto se efectuar\u00e1 por medio de nuestro socio contratista <span style=\"color: #808080;\">cleverbridge AG<span style=\"color: #999999;\"> con sede en Colonia\/Alemania<\/span><\/span>.<\/span><\/p>\n<\/div><\/div><div class=\"w-separator size_small\"><\/div><div class=\"wpb_text_column\"><div class=\"wpb_wrapper\"><p class=\"ca-h5style\"><span class=\"ca-headertext-seitenleiste\">Opciones de pago<\/span><\/p>\n<\/div><\/div><div class=\"w-image align_center\"><div class=\"w-image-h\"><img decoding=\"async\" width=\"300\" height=\"105\" src=\"https:\/\/www.cadvilla.com\/wp-content\/uploads\/de-pp_plus-logo-hoch_ohne_PUI_300x105px.png\" class=\"attachment-full size-full\" alt=\"\" loading=\"lazy\" \/><\/div><\/div><\/div><\/div><\/div><\/div><\/section><section class=\"l-section wpb_row height_medium\"><div class=\"l-section-h i-cf\"><div class=\"g-cols vc_row via_grid cols_1 laptops-cols_inherit tablets-cols_inherit mobiles-cols_1 valign_top type_default stacking_default\"><div class=\"wpb_column vc_column_container\"><div class=\"vc_column-inner\"><div class=\"g-cols wpb_row via_grid cols_1 laptops-cols_inherit tablets-cols_inherit mobiles-cols_1 valign_top type_default stacking_default\" style=\"--columns-gap:3rem;\"><div class=\"wpb_column vc_column_container\"><div class=\"vc_column-inner\"><div class=\"wpb_text_column\"><div class=\"wpb_wrapper\"><h2>&#8230; Iniciarse en el mundo del software de arquitectura<\/h2>\n<p><img data-dominant-color=\"d3d4d6\" data-has-transparency=\"false\" style=\"--dominant-color: #d3d4d6;\" loading=\"lazy\" decoding=\"async\" class=\"alignright wp-image-725 size-full not-transparent\" title=\"Benutzer-Oberfl\u00e4che von cadvilla\" src=\"https:\/\/www.cadvilla.com\/wp-content\/uploads\/paralleles_arbeiten.jpg\" alt=\"Benutzer-Oberfl\u00e4che von cadvilla\" width=\"350\" height=\"209\" \/>\u201e<strong>cadvilla basic<\/strong>\u201c, gracias al f\u00e1cil manejo y las asistencias de dise\u00f1o en todas las entradas, es el soporte que Ud. precisa a la hora de concebir su proyecto de ensue\u00f1o. Sin poseer conocimientos previos de CAD puede lograrse sin gran esfuerzo la visualizaci\u00f3n r\u00e1pida y a medida de planos de planta complejos. La planificaci\u00f3n de su casa de ensue\u00f1o se convertir\u00e1 en una grandiosa sensaci\u00f3n de espacio!<\/p>\n<p>Adem\u00e1s \u201e<strong>cadvilla basic<\/strong>\u201c le permite de forma muy f\u00e1cil, visualizar muebles y objetos de interiores por lo que es el software ideal para dise\u00f1os ya sea para diese\u00f1os nuevos o bien para redise\u00f1ar su vivienda. D\u00e9le forma a sus sue\u00f1os de un hogar!<\/p>\n<p>En el pedido: La descarga contiene un archivo completo de instalaci\u00f3n que se puede utilizar posteriormente para una instalaci\u00f3n OFFLINE de cadvilla. En el proceso del pedido puede ordenarse adicionalmente a la descarga un DVD de BACKUP.<\/p>\n<\/div><\/div><div class=\"w-actionbox us_custom_7fabf171 color_light controls_right\"><div class=\"w-actionbox-text\"><h2 class=\"w-actionbox-title\">Resumen del conjunto de funciones<\/h2><div class=\"w-actionbox-description\"><p>Resumen detallado de las funciones de esta versi\u00f3n<\/p>\n<\/div><\/div><div class=\"w-actionbox-controls\"><a class=\"w-btn us-btn-style_2 icon_atleft\" style=\"font-size:1.2em\" title=\"Home\" href=\"https:\/\/www.cadvilla.com\/es\/caracteristicas-generales\/\"><i class=\"fas fa-sign-in\"><\/i><span class=\"w-btn-label\">funciones b\u00e1sicas<\/span><\/a><a class=\"w-btn us-btn-style_2 icon_atleft\" style=\"font-size:1.2em\" title=\"Funktionen\" href=\"https:\/\/www.cadvilla.com\/es\/tabla_comparativa_cadvilla\/\"><i class=\"fas fa-sign-in\"><\/i><span class=\"w-btn-label\">Comparaci\u00f3n de funciones<\/span><\/a><\/div><\/div><\/div><\/div><\/div><\/div><\/div><\/div><\/div><\/section><section class=\"l-section wpb_row us_custom_9a24c93d height_small\"><div class=\"l-section-h i-cf\"><div class=\"g-cols vc_row via_grid cols_1 laptops-cols_inherit tablets-cols_inherit mobiles-cols_1 valign_top type_default stacking_default\"><div class=\"wpb_column vc_column_container\"><div class=\"vc_column-inner\"><div class=\"wpb_text_column\"><div class=\"wpb_wrapper\"><h2>M\u00e1s informaciones sobre el software de arquitectura 3D cadvilla basic<\/h2>\n<\/div><\/div><div class=\"w-tabs us_custom_edddf27a layout_hor style_trendy switch_click has_scrolling\" style=\"--sections-title-size:16px\"><div class=\"w-tabs-list items_4 align_justify\" style=\"font-family:var(--font-family);\"><div class=\"w-tabs-list-h\"><button class=\"w-tabs-item active with_icon\" aria-controls=\"content-kdc8\" aria-expanded=\"false\"><i class=\"fas fa-desktop\"><\/i><span class=\"w-tabs-item-title\">Requisitos de sistema<\/span><\/button><button class=\"w-tabs-item with_icon\" aria-controls=\"content-fdf2\" aria-expanded=\"false\"><i class=\"fab fa-windows\"><\/i><span class=\"w-tabs-item-title\">Sistemas operativos<\/span><\/button><button class=\"w-tabs-item with_icon\" aria-controls=\"content-nf9f\" aria-expanded=\"false\"><i class=\"fas fa-globe\"><\/i><span class=\"w-tabs-item-title\">Idiomas incluidos<\/span><\/button><button class=\"w-tabs-item with_icon\" aria-controls=\"content-ta81\" aria-expanded=\"false\"><i class=\"fas fa-sync-alt\"><\/i><span class=\"w-tabs-item-title\">Actualizaci\u00f3n &amp; Cambio a otra versi\u00f3n<\/span><\/button><\/div><\/div><div class=\"w-tabs-sections titles-align_none icon_chevron cpos_right\"><div class=\"w-tabs-section active\" id=\"kdc8\" style=\"background:#ffffff;\"><button class=\"w-tabs-section-header active with_icon\" aria-controls=\"content-kdc8\" aria-expanded=\"true\"><i class=\"fas fa-desktop\"><\/i><div class=\"w-tabs-section-title\">Requisitos de sistema<\/div><div class=\"w-tabs-section-control\"><\/div><\/button><div  class=\"w-tabs-section-content\" id=\"content-kdc8\"><div class=\"w-tabs-section-content-h i-cf\"><div class=\"wpb_text_column us_custom_8dfa9861\"><div class=\"wpb_wrapper\"><ul>\n<li>Procesador de la nueva generaci\u00f3n de <strong>Intel\u00ae <\/strong>(\u2265 Generation 7)<strong> \/ AMD\u00ae<\/strong> (a partir del a\u00f1o 2017)<\/li>\n<li>Memoria a partir <strong>de 12 GB RAM<\/strong><\/li>\n<li>Tarjeta gr\u00e1fica de la nueva generaci\u00f3n (a partir del a\u00f1o 2015)\n<ul>\n<li>Resoluci\u00f3n m\u00ednima de 1920\u00d71080 Pixel<\/li>\n<li>(<strong>recomendado<\/strong>: Tarjeta gr\u00e1fica con memoria gr\u00e1fica expl\u00edcita)<\/li>\n<\/ul>\n<\/li>\n<li><strong>Rat\u00f3n<\/strong> (mouse) o panel t\u00e1ctil (touchpad)<\/li>\n<li>m\u00edn. 15 GB de memoria libre en disco duro<\/li>\n<\/ul>\n<\/div><\/div><\/div><\/div><\/div><div class=\"w-tabs-section\" id=\"fdf2\" style=\"background:#ffffff;\"><button class=\"w-tabs-section-header with_icon\" aria-controls=\"content-fdf2\" aria-expanded=\"false\"><i class=\"fab fa-windows\"><\/i><div class=\"w-tabs-section-title\">Sistemas operativos<\/div><div class=\"w-tabs-section-control\"><\/div><\/button><div  class=\"w-tabs-section-content\" id=\"content-fdf2\"><div class=\"w-tabs-section-content-h i-cf\"><div class=\"g-cols wpb_row via_grid cols_3 laptops-cols_inherit tablets-cols_inherit mobiles-cols_1 valign_top type_default stacking_default\" style=\"--columns-gap:3rem;\"><div class=\"wpb_column vc_column_container\"><div class=\"vc_column-inner\"><div class=\"w-iconbox us_custom_cf6f996b highlight_work has_text_color iconpos_left style_default color_contrast align_center no_title\"><div class=\"w-iconbox-icon\" style=\"font-size:3rem;\"><i class=\"fab fa-windows\"><\/i><\/div><div class=\"w-iconbox-meta\"><div class=\"w-iconbox-text\"><p class=\"ca-h3style\" style=\"text-align: center;\">Microsoft<\/p>\n<p class=\"ca-h5style\" style=\"text-align: center;\">Windows<\/p>\n<\/div><\/div><\/div><div class=\"wpb_text_column us_custom_1af66643\"><div class=\"wpb_wrapper\"><p style=\"text-align: center;\">Windows 10 \/ 11 son<br \/>\n<span class=\"highlight_work\">soportados COMPLETAMENTE<\/span><br \/>\n(<strong>64 Bit<\/strong>)<\/p>\n<\/div><\/div><div class=\"w-separator size_medium\"><\/div><\/div><\/div><div class=\"wpb_column vc_column_container\"><div class=\"vc_column-inner\"><div class=\"w-iconbox us_custom_5c9f3507 iconpos_left style_default color_contrast align_center no_title\"><div class=\"w-iconbox-icon\" style=\"font-size:3rem;\"><i class=\"fab fa-apple\"><\/i><\/div><div class=\"w-iconbox-meta\"><div class=\"w-iconbox-text\"><p class=\"ca-h3style\" style=\"text-align: center;\">Apple<\/p>\n<p class=\"ca-h5style\" style=\"text-align: center;\">MAC OS<\/p>\n<\/div><\/div><\/div><div class=\"wpb_text_column us_custom_1af66643\"><div class=\"wpb_wrapper\"><p style=\"text-align: center;\">Sistemas operativos MAC<br \/>\n<span class=\"highlight_nowork\">NO son soportados<\/span><br \/>\n(p.ej. MAC OS 9, MAC OS X)<\/p>\n<\/div><\/div><div class=\"w-separator size_medium\"><\/div><\/div><\/div><div class=\"wpb_column vc_column_container\"><div class=\"vc_column-inner\"><div class=\"w-iconbox us_custom_5c9f3507 iconpos_left style_default color_contrast align_center no_title\"><div class=\"w-iconbox-icon\" style=\"font-size:3rem;\"><i class=\"fab fa-windows\"><\/i><\/div><div class=\"w-iconbox-meta\"><div class=\"w-iconbox-text\"><p class=\"ca-h3style\" style=\"text-align: center;\">Entornos<\/p>\n<p class=\"ca-h5style\" style=\"text-align: center;\">virtuales<\/p>\n<\/div><\/div><\/div><div class=\"wpb_text_column us_custom_1af66643\"><div class=\"wpb_wrapper\"><p style=\"text-align: center;\">Entornos virtuales<br \/>\n<span class=\"highlight_nowork\">NO son soportados<\/span><br \/>\n(p.ej. Windows parallels)<\/p>\n<\/div><\/div><div class=\"w-separator size_medium\"><\/div><\/div><\/div><\/div><\/div><\/div><\/div><div class=\"w-tabs-section\" id=\"nf9f\" style=\"background:#ffffff;\"><button class=\"w-tabs-section-header with_icon\" aria-controls=\"content-nf9f\" aria-expanded=\"false\"><i class=\"fas fa-globe\"><\/i><div class=\"w-tabs-section-title\">Idiomas incluidos<\/div><div class=\"w-tabs-section-control\"><\/div><\/button><div  class=\"w-tabs-section-content\" id=\"content-nf9f\"><div class=\"w-tabs-section-content-h i-cf\"><div class=\"wpb_text_column us_custom_f690d273\"><div class=\"wpb_wrapper\"><p>Los siguientes idiomas vienen integradas en todas las versiones de cadvilla y pueden activarse o cambiarse mediante el men\u00fa de configuraci\u00f3n.<\/p>\n<p>Alem\u00e1n, ingl\u00e9s, franc\u00e9s, italiano, holand\u00e9s, polaco, ruso, eslovaco, <strong>espa\u00f1ol<\/strong>, turco, h\u00fangaro.<\/p>\n<\/div><\/div><\/div><\/div><\/div><div class=\"w-tabs-section\" id=\"ta81\" style=\"background:#ffffff;\"><button class=\"w-tabs-section-header with_icon\" aria-controls=\"content-ta81\" aria-expanded=\"false\"><i class=\"fas fa-sync-alt\"><\/i><div class=\"w-tabs-section-title\">Actualizaci\u00f3n &amp; Cambio a otra versi\u00f3n<\/div><div class=\"w-tabs-section-control\"><\/div><\/button><div  class=\"w-tabs-section-content\" id=\"content-ta81\"><div class=\"w-tabs-section-content-h i-cf\"><div class=\"g-cols wpb_row us_custom_b60fb70e via_grid cols_1 laptops-cols_inherit tablets-cols_inherit mobiles-cols_1 valign_top type_default stacking_default\" style=\"--columns-gap:3rem;\"><div class=\"wpb_column vc_column_container\"><div class=\"vc_column-inner\"><div class=\"wpb_text_column\"><div class=\"wpb_wrapper\"><h3>Actualizaci\u00f3n de cadvilla basic a la versi\u00f3n m\u00e1s reciente<\/h3>\n<p>La versi\u00f3n m\u00e1s reciente de cadvilla incluye muchas caracter\u00edsticas nuevas con respecto a las versiones anteriores. Vea aqu\u00ed el resumen exacto de las funciones nuevas, las mejoras y los precios.<\/p>\n<\/div><\/div><div class=\"w-btn-wrapper align_left\"><a class=\"w-btn us-btn-style_2 icon_atleft\" title=\"M\u00e1s informaciones sobre la actualizaci\u00f3n\" href=\"https:\/\/www.cadvilla.com\/es\/upgrade_de_cadvilla\/\"><i class=\"fas fa-sign-in\"><\/i><span class=\"w-btn-label\">M\u00e1s informaciones sobre la actualizaci\u00f3n<\/span><\/a><\/div><div class=\"w-separator size_medium\"><\/div><div class=\"wpb_text_column\"><div class=\"wpb_wrapper\"><h3>Cambiar a una versi\u00f3n mayor de cadvilla<\/h3>\n<p>Usted requiere de un espectro de prestaciones mayor y desea por lo tanto cambiar de su versi\u00f3n ya existente de cadvilla a una versi\u00f3n mayor? Vea aqu\u00ed un resumen exacto de las opciones y los precios.<\/p>\n<\/div><\/div><div class=\"w-btn-wrapper align_left\"><a class=\"w-btn us-btn-style_2 icon_atleft\" title=\"M\u00e1s informaciones sobre el cambio a otra versi\u00f3n\" href=\"https:\/\/www.cadvilla.com\/es\/upgrade-change\/\"><i class=\"fas fa-sign-in\"><\/i><span class=\"w-btn-label\">M\u00e1s informaciones sobre el cambio a otra versi\u00f3n<\/span><\/a><\/div><div class=\"w-separator size_medium\"><\/div><\/div><\/div><\/div><\/div><\/div><\/div><\/div><\/div><div class=\"w-separator size_medium\"><\/div><\/div><\/div><\/div><\/div><\/section>\n","protected":false},"excerpt":{"rendered":"[vc_custom_heading text=\"cadvilla basic\" font_container=\"tag:p|text_align:center\" use_theme_fonts=\"yes\" el_class=\"ca-headertext\"] cadvilla basic en espa\u00f1ol &#8230; Entrega como descarga (~ 1,5 GB) cadvilla basic 39,95 \u20ac * (El precio de lista recomendado es de 45,95 \u20ac) Todos los precios incluyen el IVA legal Versi\u00f3n completa con uso de duraci\u00f3n ilimitada Programa de arquitectura en su versi\u00f3n m\u00e1s reciente Permite el...","protected":false},"author":1,"featured_media":0,"parent":0,"menu_order":0,"comment_status":"closed","ping_status":"closed","template":"","meta":{"footnotes":""},"class_list":["post-5753","page","type-page","status-publish","hentry"],"yoast_head":"<!-- This site is optimized with the Yoast SEO plugin v27.3 - https:\/\/yoast.com\/product\/yoast-seo-wordpress\/ -->\n<title>cadvilla basic | Espa\u00f1ol<\/title>\n<meta name=\"robots\" content=\"index, follow, max-snippet:-1, max-image-preview:large, max-video-preview:-1\" \/>\n<link rel=\"canonical\" href=\"https:\/\/www.cadvilla.com\/es\/cadvilla_basic\/\" \/>\n<meta property=\"og:locale\" content=\"es_ES\" \/>\n<meta property=\"og:type\" content=\"article\" \/>\n<meta property=\"og:title\" content=\"cadvilla basic | Espa\u00f1ol\" \/>\n<meta property=\"og:url\" content=\"https:\/\/www.cadvilla.com\/es\/cadvilla_basic\/\" \/>\n<meta property=\"og:site_name\" content=\"cadvilla\" \/>\n<meta property=\"article:modified_time\" content=\"2023-10-22T14:06:51+00:00\" \/>\n<meta property=\"og:image\" content=\"https:\/\/www.cadvilla.com\/wp-content\/uploads\/vp-cb2d.jpg\" \/>\n<meta name=\"twitter:card\" content=\"summary_large_image\" \/>\n<meta name=\"twitter:label1\" content=\"Tiempo de lectura\" \/>\n\t<meta name=\"twitter:data1\" content=\"5 minutos\" \/>\n<script type=\"application\/ld+json\" class=\"yoast-schema-graph\">{\"@context\":\"https:\\\/\\\/schema.org\",\"@graph\":[{\"@type\":\"WebPage\",\"@id\":\"https:\\\/\\\/www.cadvilla.com\\\/es\\\/cadvilla_basic\\\/\",\"url\":\"https:\\\/\\\/www.cadvilla.com\\\/es\\\/cadvilla_basic\\\/\",\"name\":\"cadvilla basic | Espa\u00f1ol\",\"isPartOf\":{\"@id\":\"https:\\\/\\\/www.cadvilla.com\\\/es\\\/#website\"},\"primaryImageOfPage\":{\"@id\":\"https:\\\/\\\/www.cadvilla.com\\\/es\\\/cadvilla_basic\\\/#primaryimage\"},\"image\":{\"@id\":\"https:\\\/\\\/www.cadvilla.com\\\/es\\\/cadvilla_basic\\\/#primaryimage\"},\"thumbnailUrl\":\"https:\\\/\\\/www.cadvilla.com\\\/wp-content\\\/uploads\\\/vp-cb2d.jpg\",\"datePublished\":\"2019-06-11T14:38:58+00:00\",\"dateModified\":\"2023-10-22T14:06:51+00:00\",\"breadcrumb\":{\"@id\":\"https:\\\/\\\/www.cadvilla.com\\\/es\\\/cadvilla_basic\\\/#breadcrumb\"},\"inLanguage\":\"es\",\"potentialAction\":[{\"@type\":\"ReadAction\",\"target\":[\"https:\\\/\\\/www.cadvilla.com\\\/es\\\/cadvilla_basic\\\/\"]}]},{\"@type\":\"ImageObject\",\"inLanguage\":\"es\",\"@id\":\"https:\\\/\\\/www.cadvilla.com\\\/es\\\/cadvilla_basic\\\/#primaryimage\",\"url\":\"https:\\\/\\\/www.cadvilla.com\\\/wp-content\\\/uploads\\\/vp-cb2d.jpg\",\"contentUrl\":\"https:\\\/\\\/www.cadvilla.com\\\/wp-content\\\/uploads\\\/vp-cb2d.jpg\"},{\"@type\":\"BreadcrumbList\",\"@id\":\"https:\\\/\\\/www.cadvilla.com\\\/es\\\/cadvilla_basic\\\/#breadcrumb\",\"itemListElement\":[{\"@type\":\"ListItem\",\"position\":1,\"name\":\"Startseite\",\"item\":\"https:\\\/\\\/www.cadvilla.com\\\/es\\\/\"},{\"@type\":\"ListItem\",\"position\":2,\"name\":\"cadvilla basic en espa\u00f1ol &#8230;\"}]},{\"@type\":\"WebSite\",\"@id\":\"https:\\\/\\\/www.cadvilla.com\\\/es\\\/#website\",\"url\":\"https:\\\/\\\/www.cadvilla.com\\\/es\\\/\",\"name\":\"cadvilla\",\"description\":\"\",\"publisher\":{\"@id\":\"https:\\\/\\\/www.cadvilla.com\\\/es\\\/#organization\"},\"potentialAction\":[{\"@type\":\"SearchAction\",\"target\":{\"@type\":\"EntryPoint\",\"urlTemplate\":\"https:\\\/\\\/www.cadvilla.com\\\/es\\\/?s={search_term_string}\"},\"query-input\":{\"@type\":\"PropertyValueSpecification\",\"valueRequired\":true,\"valueName\":\"search_term_string\"}}],\"inLanguage\":\"es\"},{\"@type\":\"Organization\",\"@id\":\"https:\\\/\\\/www.cadvilla.com\\\/es\\\/#organization\",\"name\":\"cadvilla\",\"url\":\"https:\\\/\\\/www.cadvilla.com\\\/es\\\/\",\"logo\":{\"@type\":\"ImageObject\",\"inLanguage\":\"es\",\"@id\":\"https:\\\/\\\/www.cadvilla.com\\\/es\\\/#\\\/schema\\\/logo\\\/image\\\/\",\"url\":\"https:\\\/\\\/www.cadvilla.com\\\/wp-content\\\/uploads\\\/logo_cadvilla.png\",\"contentUrl\":\"https:\\\/\\\/www.cadvilla.com\\\/wp-content\\\/uploads\\\/logo_cadvilla.png\",\"width\":157,\"height\":51,\"caption\":\"cadvilla\"},\"image\":{\"@id\":\"https:\\\/\\\/www.cadvilla.com\\\/es\\\/#\\\/schema\\\/logo\\\/image\\\/\"}}]}<\/script>\n<!-- \/ Yoast SEO plugin. -->","yoast_head_json":{"title":"cadvilla basic | Espa\u00f1ol","robots":{"index":"index","follow":"follow","max-snippet":"max-snippet:-1","max-image-preview":"max-image-preview:large","max-video-preview":"max-video-preview:-1"},"canonical":"https:\/\/www.cadvilla.com\/es\/cadvilla_basic\/","og_locale":"es_ES","og_type":"article","og_title":"cadvilla basic | Espa\u00f1ol","og_url":"https:\/\/www.cadvilla.com\/es\/cadvilla_basic\/","og_site_name":"cadvilla","article_modified_time":"2023-10-22T14:06:51+00:00","og_image":[{"url":"https:\/\/www.cadvilla.com\/wp-content\/uploads\/vp-cb2d.jpg","type":"","width":"","height":""}],"twitter_card":"summary_large_image","twitter_misc":{"Tiempo de lectura":"5 minutos"},"schema":{"@context":"https:\/\/schema.org","@graph":[{"@type":"WebPage","@id":"https:\/\/www.cadvilla.com\/es\/cadvilla_basic\/","url":"https:\/\/www.cadvilla.com\/es\/cadvilla_basic\/","name":"cadvilla basic | Espa\u00f1ol","isPartOf":{"@id":"https:\/\/www.cadvilla.com\/es\/#website"},"primaryImageOfPage":{"@id":"https:\/\/www.cadvilla.com\/es\/cadvilla_basic\/#primaryimage"},"image":{"@id":"https:\/\/www.cadvilla.com\/es\/cadvilla_basic\/#primaryimage"},"thumbnailUrl":"https:\/\/www.cadvilla.com\/wp-content\/uploads\/vp-cb2d.jpg","datePublished":"2019-06-11T14:38:58+00:00","dateModified":"2023-10-22T14:06:51+00:00","breadcrumb":{"@id":"https:\/\/www.cadvilla.com\/es\/cadvilla_basic\/#breadcrumb"},"inLanguage":"es","potentialAction":[{"@type":"ReadAction","target":["https:\/\/www.cadvilla.com\/es\/cadvilla_basic\/"]}]},{"@type":"ImageObject","inLanguage":"es","@id":"https:\/\/www.cadvilla.com\/es\/cadvilla_basic\/#primaryimage","url":"https:\/\/www.cadvilla.com\/wp-content\/uploads\/vp-cb2d.jpg","contentUrl":"https:\/\/www.cadvilla.com\/wp-content\/uploads\/vp-cb2d.jpg"},{"@type":"BreadcrumbList","@id":"https:\/\/www.cadvilla.com\/es\/cadvilla_basic\/#breadcrumb","itemListElement":[{"@type":"ListItem","position":1,"name":"Startseite","item":"https:\/\/www.cadvilla.com\/es\/"},{"@type":"ListItem","position":2,"name":"cadvilla basic en espa\u00f1ol &#8230;"}]},{"@type":"WebSite","@id":"https:\/\/www.cadvilla.com\/es\/#website","url":"https:\/\/www.cadvilla.com\/es\/","name":"cadvilla","description":"","publisher":{"@id":"https:\/\/www.cadvilla.com\/es\/#organization"},"potentialAction":[{"@type":"SearchAction","target":{"@type":"EntryPoint","urlTemplate":"https:\/\/www.cadvilla.com\/es\/?s={search_term_string}"},"query-input":{"@type":"PropertyValueSpecification","valueRequired":true,"valueName":"search_term_string"}}],"inLanguage":"es"},{"@type":"Organization","@id":"https:\/\/www.cadvilla.com\/es\/#organization","name":"cadvilla","url":"https:\/\/www.cadvilla.com\/es\/","logo":{"@type":"ImageObject","inLanguage":"es","@id":"https:\/\/www.cadvilla.com\/es\/#\/schema\/logo\/image\/","url":"https:\/\/www.cadvilla.com\/wp-content\/uploads\/logo_cadvilla.png","contentUrl":"https:\/\/www.cadvilla.com\/wp-content\/uploads\/logo_cadvilla.png","width":157,"height":51,"caption":"cadvilla"},"image":{"@id":"https:\/\/www.cadvilla.com\/es\/#\/schema\/logo\/image\/"}}]}},"_links":{"self":[{"href":"https:\/\/www.cadvilla.com\/es\/wp-json\/wp\/v2\/pages\/5753","targetHints":{"allow":["GET"]}}],"collection":[{"href":"https:\/\/www.cadvilla.com\/es\/wp-json\/wp\/v2\/pages"}],"about":[{"href":"https:\/\/www.cadvilla.com\/es\/wp-json\/wp\/v2\/types\/page"}],"author":[{"embeddable":true,"href":"https:\/\/www.cadvilla.com\/es\/wp-json\/wp\/v2\/users\/1"}],"replies":[{"embeddable":true,"href":"https:\/\/www.cadvilla.com\/es\/wp-json\/wp\/v2\/comments?post=5753"}],"version-history":[{"count":0,"href":"https:\/\/www.cadvilla.com\/es\/wp-json\/wp\/v2\/pages\/5753\/revisions"}],"wp:attachment":[{"href":"https:\/\/www.cadvilla.com\/es\/wp-json\/wp\/v2\/media?parent=5753"}],"curies":[{"name":"wp","href":"https:\/\/api.w.org\/{rel}","templated":true}]}}