{"id":875,"date":"2019-04-10T10:14:47","date_gmt":"2019-04-10T08:14:47","guid":{"rendered":"https:\/\/www.cadvilla.pl\/?page_id=875"},"modified":"2019-07-08T17:15:14","modified_gmt":"2019-07-08T15:15:14","slug":"sv-planerfassung","status":"publish","type":"page","link":"https:\/\/www.cadvilla.com\/es\/sv-planerfassung\/","title":{"rendered":"Recopilaci\u00f3n planos con cadvilla"},"content":{"rendered":"<section class=\"l-section wpb_row height_auto\"><div class=\"l-section-h i-cf\"><div class=\"g-cols vc_row via_grid cols_1 laptops-cols_inherit tablets-cols_inherit mobiles-cols_1 valign_top type_default stacking_default\"><div class=\"wpb_column vc_column_container\"><div class=\"vc_column-inner\"><\/div><\/div><\/div><\/div><\/section><section class=\"l-section wpb_row ca-headerbg height_small\" id=\"begin\"><div class=\"l-section-h i-cf\"><div class=\"g-cols vc_row via_grid cols_1 laptops-cols_inherit tablets-cols_inherit mobiles-cols_1 valign_top type_default stacking_default\"><div class=\"wpb_column vc_column_container\"><div class=\"vc_column-inner\"><div class=\"wpb_text_column\"><div class=\"wpb_wrapper\"><h1>Recopilaci\u00f3n de planos como servicio al cliente<\/h1>\n<\/div><\/div><\/div><\/div><\/div><\/div><\/section><section class=\"l-section wpb_row height_medium\"><div class=\"l-section-h i-cf\"><div class=\"g-cols vc_row via_grid cols_1 laptops-cols_inherit tablets-cols_inherit mobiles-cols_1 valign_top type_default stacking_default\"><div class=\"wpb_column vc_column_container\"><div class=\"vc_column-inner\"><div class=\"wpb_text_column\"><div class=\"wpb_wrapper\"><h2>Recopilar planos de planta completos seg\u00fan instrucci\u00f3n del cliente<\/h2>\n<p>Ud. no dispone del tiempo suficiente para profundizar el tema en nuestras versiones de cadvilla y desea adquirir la elaboraci\u00f3n de los planos de planta como servicio adicional? Entonces aqu\u00ed es el \u00e1rea donde ensontrar\u00e1 la soluci\u00f3n. Le ofrecemos la digitalizaci\u00f3n de sus planos de planta como un servicio adicional.<br \/>\nEn base a su documentaci\u00f3n y planos que nos entrega (p.ej. dibujos a mano, copias de planos) confeccionamos planos de planta a un precio atractivo. Estos planos de planta se crean como archivos-cadvilla y Ud. puede editar y adaptar luego su proyecto y crear diferentes vistas o p.ej. imagenes renderizadas.<\/p>\n<p>Para aquellos clientes que requieran varios planos de planta elaboramos un paquete promocional a medida.<\/p>\n<p>Si est\u00e1 interesado, p\u00f3ngase en contacto con nosotros por correo electr\u00f3nico.<\/p>\n<\/div><\/div><\/div><\/div><\/div><\/div><\/section><section class=\"l-section wpb_row height_small\" id=\"Formular\"><div class=\"l-section-h i-cf\"><div class=\"g-cols vc_row via_grid cols_1 laptops-cols_inherit tablets-cols_inherit mobiles-cols_1 valign_top type_default stacking_default\"><div class=\"wpb_column vc_column_container\"><div class=\"vc_column-inner\"><\/div><\/div><\/div><\/div><\/section>\n","protected":false},"excerpt":{"rendered":"Recopilaci\u00f3n de planos como servicio al cliente Recopilar planos de planta completos seg\u00fan instrucci\u00f3n del cliente Ud. no dispone del tiempo suficiente para profundizar el tema en nuestras versiones de cadvilla y desea adquirir la elaboraci\u00f3n de los planos de planta como servicio adicional? Entonces aqu\u00ed es el \u00e1rea donde ensontrar\u00e1 la soluci\u00f3n. Le ofrecemos...","protected":false},"author":1,"featured_media":0,"parent":0,"menu_order":0,"comment_status":"closed","ping_status":"closed","template":"","meta":{"footnotes":""},"class_list":["post-875","page","type-page","status-publish","hentry"],"yoast_head":"<!-- This site is optimized with the Yoast SEO plugin v27.3 - https:\/\/yoast.com\/product\/yoast-seo-wordpress\/ -->\n<title>Recopilaci\u00f3n planos con cadvilla<\/title>\n<meta name=\"description\" content=\"Como servicio a nuestros clientes, podemos dibujar planos con nuestro software Cadvilla. Dise\u00f1amos tu proyecto de forma r\u00e1pida y econ\u00f3mica. Pregunta ahora\" \/>\n<meta name=\"robots\" content=\"index, follow, max-snippet:-1, max-image-preview:large, max-video-preview:-1\" \/>\n<link rel=\"canonical\" href=\"https:\/\/www.cadvilla.com\/es\/sv-planerfassung\/\" \/>\n<meta property=\"og:locale\" content=\"es_ES\" \/>\n<meta property=\"og:type\" content=\"article\" \/>\n<meta property=\"og:title\" content=\"Recopilaci\u00f3n planos con cadvilla\" \/>\n<meta property=\"og:description\" content=\"Como servicio a nuestros clientes, podemos dibujar planos con nuestro software Cadvilla. Dise\u00f1amos tu proyecto de forma r\u00e1pida y econ\u00f3mica. Pregunta ahora\" \/>\n<meta property=\"og:url\" content=\"https:\/\/www.cadvilla.com\/es\/sv-planerfassung\/\" \/>\n<meta property=\"og:site_name\" content=\"cadvilla\" \/>\n<meta property=\"article:modified_time\" content=\"2019-07-08T15:15:14+00:00\" \/>\n<meta name=\"twitter:card\" content=\"summary_large_image\" \/>\n<meta name=\"twitter:label1\" content=\"Tiempo de lectura\" \/>\n\t<meta name=\"twitter:data1\" content=\"1 minuto\" \/>\n<script type=\"application\/ld+json\" class=\"yoast-schema-graph\">{\"@context\":\"https:\\\/\\\/schema.org\",\"@graph\":[{\"@type\":\"WebPage\",\"@id\":\"https:\\\/\\\/www.cadvilla.com\\\/es\\\/sv-planerfassung\\\/\",\"url\":\"https:\\\/\\\/www.cadvilla.com\\\/es\\\/sv-planerfassung\\\/\",\"name\":\"Recopilaci\u00f3n planos con cadvilla\",\"isPartOf\":{\"@id\":\"https:\\\/\\\/www.cadvilla.com\\\/es\\\/#website\"},\"datePublished\":\"2019-04-10T08:14:47+00:00\",\"dateModified\":\"2019-07-08T15:15:14+00:00\",\"description\":\"Como servicio a nuestros clientes, podemos dibujar planos con nuestro software Cadvilla. Dise\u00f1amos tu proyecto de forma r\u00e1pida y econ\u00f3mica. Pregunta ahora\",\"breadcrumb\":{\"@id\":\"https:\\\/\\\/www.cadvilla.com\\\/es\\\/sv-planerfassung\\\/#breadcrumb\"},\"inLanguage\":\"es\",\"potentialAction\":[{\"@type\":\"ReadAction\",\"target\":[\"https:\\\/\\\/www.cadvilla.com\\\/es\\\/sv-planerfassung\\\/\"]}]},{\"@type\":\"BreadcrumbList\",\"@id\":\"https:\\\/\\\/www.cadvilla.com\\\/es\\\/sv-planerfassung\\\/#breadcrumb\",\"itemListElement\":[{\"@type\":\"ListItem\",\"position\":1,\"name\":\"Startseite\",\"item\":\"https:\\\/\\\/www.cadvilla.com\\\/es\\\/\"},{\"@type\":\"ListItem\",\"position\":2,\"name\":\"Recopilaci\u00f3n planos con cadvilla\"}]},{\"@type\":\"WebSite\",\"@id\":\"https:\\\/\\\/www.cadvilla.com\\\/es\\\/#website\",\"url\":\"https:\\\/\\\/www.cadvilla.com\\\/es\\\/\",\"name\":\"cadvilla\",\"description\":\"\",\"publisher\":{\"@id\":\"https:\\\/\\\/www.cadvilla.com\\\/es\\\/#organization\"},\"potentialAction\":[{\"@type\":\"SearchAction\",\"target\":{\"@type\":\"EntryPoint\",\"urlTemplate\":\"https:\\\/\\\/www.cadvilla.com\\\/es\\\/?s={search_term_string}\"},\"query-input\":{\"@type\":\"PropertyValueSpecification\",\"valueRequired\":true,\"valueName\":\"search_term_string\"}}],\"inLanguage\":\"es\"},{\"@type\":\"Organization\",\"@id\":\"https:\\\/\\\/www.cadvilla.com\\\/es\\\/#organization\",\"name\":\"cadvilla\",\"url\":\"https:\\\/\\\/www.cadvilla.com\\\/es\\\/\",\"logo\":{\"@type\":\"ImageObject\",\"inLanguage\":\"es\",\"@id\":\"https:\\\/\\\/www.cadvilla.com\\\/es\\\/#\\\/schema\\\/logo\\\/image\\\/\",\"url\":\"https:\\\/\\\/www.cadvilla.com\\\/wp-content\\\/uploads\\\/logo_cadvilla.png\",\"contentUrl\":\"https:\\\/\\\/www.cadvilla.com\\\/wp-content\\\/uploads\\\/logo_cadvilla.png\",\"width\":157,\"height\":51,\"caption\":\"cadvilla\"},\"image\":{\"@id\":\"https:\\\/\\\/www.cadvilla.com\\\/es\\\/#\\\/schema\\\/logo\\\/image\\\/\"}}]}<\/script>\n<!-- \/ Yoast SEO plugin. -->","yoast_head_json":{"title":"Recopilaci\u00f3n planos con cadvilla","description":"Como servicio a nuestros clientes, podemos dibujar planos con nuestro software Cadvilla. Dise\u00f1amos tu proyecto de forma r\u00e1pida y econ\u00f3mica. Pregunta ahora","robots":{"index":"index","follow":"follow","max-snippet":"max-snippet:-1","max-image-preview":"max-image-preview:large","max-video-preview":"max-video-preview:-1"},"canonical":"https:\/\/www.cadvilla.com\/es\/sv-planerfassung\/","og_locale":"es_ES","og_type":"article","og_title":"Recopilaci\u00f3n planos con cadvilla","og_description":"Como servicio a nuestros clientes, podemos dibujar planos con nuestro software Cadvilla. Dise\u00f1amos tu proyecto de forma r\u00e1pida y econ\u00f3mica. Pregunta ahora","og_url":"https:\/\/www.cadvilla.com\/es\/sv-planerfassung\/","og_site_name":"cadvilla","article_modified_time":"2019-07-08T15:15:14+00:00","twitter_card":"summary_large_image","twitter_misc":{"Tiempo de lectura":"1 minuto"},"schema":{"@context":"https:\/\/schema.org","@graph":[{"@type":"WebPage","@id":"https:\/\/www.cadvilla.com\/es\/sv-planerfassung\/","url":"https:\/\/www.cadvilla.com\/es\/sv-planerfassung\/","name":"Recopilaci\u00f3n planos con cadvilla","isPartOf":{"@id":"https:\/\/www.cadvilla.com\/es\/#website"},"datePublished":"2019-04-10T08:14:47+00:00","dateModified":"2019-07-08T15:15:14+00:00","description":"Como servicio a nuestros clientes, podemos dibujar planos con nuestro software Cadvilla. Dise\u00f1amos tu proyecto de forma r\u00e1pida y econ\u00f3mica. Pregunta ahora","breadcrumb":{"@id":"https:\/\/www.cadvilla.com\/es\/sv-planerfassung\/#breadcrumb"},"inLanguage":"es","potentialAction":[{"@type":"ReadAction","target":["https:\/\/www.cadvilla.com\/es\/sv-planerfassung\/"]}]},{"@type":"BreadcrumbList","@id":"https:\/\/www.cadvilla.com\/es\/sv-planerfassung\/#breadcrumb","itemListElement":[{"@type":"ListItem","position":1,"name":"Startseite","item":"https:\/\/www.cadvilla.com\/es\/"},{"@type":"ListItem","position":2,"name":"Recopilaci\u00f3n planos con cadvilla"}]},{"@type":"WebSite","@id":"https:\/\/www.cadvilla.com\/es\/#website","url":"https:\/\/www.cadvilla.com\/es\/","name":"cadvilla","description":"","publisher":{"@id":"https:\/\/www.cadvilla.com\/es\/#organization"},"potentialAction":[{"@type":"SearchAction","target":{"@type":"EntryPoint","urlTemplate":"https:\/\/www.cadvilla.com\/es\/?s={search_term_string}"},"query-input":{"@type":"PropertyValueSpecification","valueRequired":true,"valueName":"search_term_string"}}],"inLanguage":"es"},{"@type":"Organization","@id":"https:\/\/www.cadvilla.com\/es\/#organization","name":"cadvilla","url":"https:\/\/www.cadvilla.com\/es\/","logo":{"@type":"ImageObject","inLanguage":"es","@id":"https:\/\/www.cadvilla.com\/es\/#\/schema\/logo\/image\/","url":"https:\/\/www.cadvilla.com\/wp-content\/uploads\/logo_cadvilla.png","contentUrl":"https:\/\/www.cadvilla.com\/wp-content\/uploads\/logo_cadvilla.png","width":157,"height":51,"caption":"cadvilla"},"image":{"@id":"https:\/\/www.cadvilla.com\/es\/#\/schema\/logo\/image\/"}}]}},"_links":{"self":[{"href":"https:\/\/www.cadvilla.com\/es\/wp-json\/wp\/v2\/pages\/875","targetHints":{"allow":["GET"]}}],"collection":[{"href":"https:\/\/www.cadvilla.com\/es\/wp-json\/wp\/v2\/pages"}],"about":[{"href":"https:\/\/www.cadvilla.com\/es\/wp-json\/wp\/v2\/types\/page"}],"author":[{"embeddable":true,"href":"https:\/\/www.cadvilla.com\/es\/wp-json\/wp\/v2\/users\/1"}],"replies":[{"embeddable":true,"href":"https:\/\/www.cadvilla.com\/es\/wp-json\/wp\/v2\/comments?post=875"}],"version-history":[{"count":0,"href":"https:\/\/www.cadvilla.com\/es\/wp-json\/wp\/v2\/pages\/875\/revisions"}],"wp:attachment":[{"href":"https:\/\/www.cadvilla.com\/es\/wp-json\/wp\/v2\/media?parent=875"}],"curies":[{"name":"wp","href":"https:\/\/api.w.org\/{rel}","templated":true}]}}