{"id":1053,"date":"2019-04-10T17:38:10","date_gmt":"2019-04-10T15:38:10","guid":{"rendered":"https:\/\/www.cadvilla.pl\/sv-hersteller\/"},"modified":"2019-07-12T12:50:25","modified_gmt":"2019-07-12T10:50:25","slug":"sv-hersteller","status":"publish","type":"page","link":"https:\/\/www.cadvilla.com\/pl\/sv-hersteller\/","title":{"rendered":"Us\u0142ugi dla producent\u00f3w"},"content":{"rendered":"<section class=\"l-section wpb_row height_auto\"><div class=\"l-section-h i-cf\"><div class=\"g-cols vc_row via_grid cols_1 laptops-cols_inherit tablets-cols_inherit mobiles-cols_1 valign_top type_default stacking_default\"><div class=\"wpb_column vc_column_container\"><div class=\"vc_column-inner\"><\/div><\/div><\/div><\/div><\/section><section class=\"l-section wpb_row ca-headerbg height_small\" id=\"begin\"><div class=\"l-section-h i-cf\"><div class=\"g-cols vc_row via_grid cols_1 laptops-cols_inherit tablets-cols_inherit mobiles-cols_1 valign_top type_default stacking_default\"><div class=\"wpb_column vc_column_container\"><div class=\"vc_column-inner\"><div class=\"wpb_text_column\"><div class=\"wpb_wrapper\"><h1>Us\u0142ugi dla producent\u00f3w<\/h1>\n<\/div><\/div><\/div><\/div><\/div><\/div><\/section><section class=\"l-section wpb_row height_medium\"><div class=\"l-section-h i-cf\"><div class=\"g-cols vc_row via_grid cols_1 laptops-cols_inherit tablets-cols_inherit mobiles-cols_1 valign_top type_default stacking_default\"><div class=\"wpb_column vc_column_container\"><div class=\"vc_column-inner\"><div class=\"wpb_text_column\"><div class=\"wpb_wrapper\"><h2>Zastosowanie obiekt\u00f3w producenta oraz wersji producenta dostosowanej do potrzeb klienta<\/h2>\n<p>Czy chcesz zastosowa\u0107 w\u0142asne obiekty lub tekstury w programie cadvilla albo nawet otrzyma\u0107 w\u0142asn\u0105 wersj\u0119 z osobn\u0105 nazw\u0105, dostosowan\u0105 do Twoich potrzeb?<\/p>\n<p>Prosimy o przes\u0142anie pytania za pomoc\u0105 poni\u017cszego formularza. Odpowiemy niezw\u0142ocznie.<\/p>\n<p>Skontaktuj si\u0119 z nami w j\u0119zyku <a href=\"https:\/\/www.cadvilla.com\/pl\/sv-hersteller\/\">niemieckim<\/a> lub <a href=\"https:\/\/www.cadvilla.com\/pl\/sv-hersteller\/\">angielskim<\/a>.<\/p>\n<\/div><\/div><\/div><\/div><\/div><\/div><\/section>\n","protected":false},"excerpt":{"rendered":"Us\u0142ugi dla producent\u00f3w Zastosowanie obiekt\u00f3w producenta oraz wersji producenta dostosowanej do potrzeb klienta Czy chcesz zastosowa\u0107 w\u0142asne obiekty lub tekstury w programie cadvilla albo nawet otrzyma\u0107 w\u0142asn\u0105 wersj\u0119 z osobn\u0105 nazw\u0105, dostosowan\u0105 do Twoich potrzeb? Prosimy o przes\u0142anie pytania za pomoc\u0105 poni\u017cszego formularza. Odpowiemy niezw\u0142ocznie. Skontaktuj si\u0119 z nami w j\u0119zyku niemieckim lub angielskim.","protected":false},"author":1,"featured_media":0,"parent":0,"menu_order":0,"comment_status":"closed","ping_status":"closed","template":"","meta":{"footnotes":""},"class_list":["post-1053","page","type-page","status-publish","hentry"],"yoast_head":"<!-- This site is optimized with the Yoast SEO plugin v27.4 - https:\/\/yoast.com\/product\/yoast-seo-wordpress\/ -->\n<title>Zastosowanie rozwi\u0105za\u0144 producenta w programie cadvilla<\/title>\n<meta name=\"description\" content=\"Zastosowanie obiekt\u00f3w producenta oraz wersji producenta dostosowanej do potrzeb klienta\" \/>\n<meta name=\"robots\" content=\"index, follow, max-snippet:-1, max-image-preview:large, max-video-preview:-1\" \/>\n<link rel=\"canonical\" href=\"https:\/\/www.cadvilla.com\/pl\/sv-hersteller\/\" \/>\n<meta property=\"og:locale\" content=\"pl_PL\" \/>\n<meta property=\"og:type\" content=\"article\" \/>\n<meta property=\"og:title\" content=\"Zastosowanie rozwi\u0105za\u0144 producenta w programie cadvilla\" \/>\n<meta property=\"og:description\" content=\"Zastosowanie obiekt\u00f3w producenta oraz wersji producenta dostosowanej do potrzeb klienta\" \/>\n<meta property=\"og:url\" content=\"https:\/\/www.cadvilla.com\/pl\/sv-hersteller\/\" \/>\n<meta property=\"og:site_name\" content=\"cadvilla\" \/>\n<meta property=\"article:modified_time\" content=\"2019-07-12T10:50:25+00:00\" \/>\n<meta name=\"twitter:card\" content=\"summary_large_image\" \/>\n<meta name=\"twitter:label1\" content=\"Szacowany czas czytania\" \/>\n\t<meta name=\"twitter:data1\" content=\"1 minuta\" \/>\n<script type=\"application\/ld+json\" class=\"yoast-schema-graph\">{\"@context\":\"https:\\\/\\\/schema.org\",\"@graph\":[{\"@type\":\"WebPage\",\"@id\":\"https:\\\/\\\/www.cadvilla.com\\\/pl\\\/sv-hersteller\\\/\",\"url\":\"https:\\\/\\\/www.cadvilla.com\\\/pl\\\/sv-hersteller\\\/\",\"name\":\"Zastosowanie rozwi\u0105za\u0144 producenta w programie cadvilla\",\"isPartOf\":{\"@id\":\"https:\\\/\\\/www.cadvilla.com\\\/pl\\\/#website\"},\"datePublished\":\"2019-04-10T15:38:10+00:00\",\"dateModified\":\"2019-07-12T10:50:25+00:00\",\"description\":\"Zastosowanie obiekt\u00f3w producenta oraz wersji producenta dostosowanej do potrzeb klienta\",\"breadcrumb\":{\"@id\":\"https:\\\/\\\/www.cadvilla.com\\\/pl\\\/sv-hersteller\\\/#breadcrumb\"},\"inLanguage\":\"pl-PL\",\"potentialAction\":[{\"@type\":\"ReadAction\",\"target\":[\"https:\\\/\\\/www.cadvilla.com\\\/pl\\\/sv-hersteller\\\/\"]}]},{\"@type\":\"BreadcrumbList\",\"@id\":\"https:\\\/\\\/www.cadvilla.com\\\/pl\\\/sv-hersteller\\\/#breadcrumb\",\"itemListElement\":[{\"@type\":\"ListItem\",\"position\":1,\"name\":\"Startseite\",\"item\":\"https:\\\/\\\/www.cadvilla.com\\\/pl\\\/\"},{\"@type\":\"ListItem\",\"position\":2,\"name\":\"Us\u0142ugi dla producent\u00f3w\"}]},{\"@type\":\"WebSite\",\"@id\":\"https:\\\/\\\/www.cadvilla.com\\\/pl\\\/#website\",\"url\":\"https:\\\/\\\/www.cadvilla.com\\\/pl\\\/\",\"name\":\"cadvilla\",\"description\":\"\",\"publisher\":{\"@id\":\"https:\\\/\\\/www.cadvilla.com\\\/pl\\\/#organization\"},\"potentialAction\":[{\"@type\":\"SearchAction\",\"target\":{\"@type\":\"EntryPoint\",\"urlTemplate\":\"https:\\\/\\\/www.cadvilla.com\\\/pl\\\/?s={search_term_string}\"},\"query-input\":{\"@type\":\"PropertyValueSpecification\",\"valueRequired\":true,\"valueName\":\"search_term_string\"}}],\"inLanguage\":\"pl-PL\"},{\"@type\":\"Organization\",\"@id\":\"https:\\\/\\\/www.cadvilla.com\\\/pl\\\/#organization\",\"name\":\"cadvilla\",\"url\":\"https:\\\/\\\/www.cadvilla.com\\\/pl\\\/\",\"logo\":{\"@type\":\"ImageObject\",\"inLanguage\":\"pl-PL\",\"@id\":\"https:\\\/\\\/www.cadvilla.com\\\/pl\\\/#\\\/schema\\\/logo\\\/image\\\/\",\"url\":\"https:\\\/\\\/www.cadvilla.com\\\/wp-content\\\/uploads\\\/logo_cadvilla.png\",\"contentUrl\":\"https:\\\/\\\/www.cadvilla.com\\\/wp-content\\\/uploads\\\/logo_cadvilla.png\",\"width\":157,\"height\":51,\"caption\":\"cadvilla\"},\"image\":{\"@id\":\"https:\\\/\\\/www.cadvilla.com\\\/pl\\\/#\\\/schema\\\/logo\\\/image\\\/\"}}]}<\/script>\n<!-- \/ Yoast SEO plugin. -->","yoast_head_json":{"title":"Zastosowanie rozwi\u0105za\u0144 producenta w programie cadvilla","description":"Zastosowanie obiekt\u00f3w producenta oraz wersji producenta dostosowanej do potrzeb klienta","robots":{"index":"index","follow":"follow","max-snippet":"max-snippet:-1","max-image-preview":"max-image-preview:large","max-video-preview":"max-video-preview:-1"},"canonical":"https:\/\/www.cadvilla.com\/pl\/sv-hersteller\/","og_locale":"pl_PL","og_type":"article","og_title":"Zastosowanie rozwi\u0105za\u0144 producenta w programie cadvilla","og_description":"Zastosowanie obiekt\u00f3w producenta oraz wersji producenta dostosowanej do potrzeb klienta","og_url":"https:\/\/www.cadvilla.com\/pl\/sv-hersteller\/","og_site_name":"cadvilla","article_modified_time":"2019-07-12T10:50:25+00:00","twitter_card":"summary_large_image","twitter_misc":{"Szacowany czas czytania":"1 minuta"},"schema":{"@context":"https:\/\/schema.org","@graph":[{"@type":"WebPage","@id":"https:\/\/www.cadvilla.com\/pl\/sv-hersteller\/","url":"https:\/\/www.cadvilla.com\/pl\/sv-hersteller\/","name":"Zastosowanie rozwi\u0105za\u0144 producenta w programie cadvilla","isPartOf":{"@id":"https:\/\/www.cadvilla.com\/pl\/#website"},"datePublished":"2019-04-10T15:38:10+00:00","dateModified":"2019-07-12T10:50:25+00:00","description":"Zastosowanie obiekt\u00f3w producenta oraz wersji producenta dostosowanej do potrzeb klienta","breadcrumb":{"@id":"https:\/\/www.cadvilla.com\/pl\/sv-hersteller\/#breadcrumb"},"inLanguage":"pl-PL","potentialAction":[{"@type":"ReadAction","target":["https:\/\/www.cadvilla.com\/pl\/sv-hersteller\/"]}]},{"@type":"BreadcrumbList","@id":"https:\/\/www.cadvilla.com\/pl\/sv-hersteller\/#breadcrumb","itemListElement":[{"@type":"ListItem","position":1,"name":"Startseite","item":"https:\/\/www.cadvilla.com\/pl\/"},{"@type":"ListItem","position":2,"name":"Us\u0142ugi dla producent\u00f3w"}]},{"@type":"WebSite","@id":"https:\/\/www.cadvilla.com\/pl\/#website","url":"https:\/\/www.cadvilla.com\/pl\/","name":"cadvilla","description":"","publisher":{"@id":"https:\/\/www.cadvilla.com\/pl\/#organization"},"potentialAction":[{"@type":"SearchAction","target":{"@type":"EntryPoint","urlTemplate":"https:\/\/www.cadvilla.com\/pl\/?s={search_term_string}"},"query-input":{"@type":"PropertyValueSpecification","valueRequired":true,"valueName":"search_term_string"}}],"inLanguage":"pl-PL"},{"@type":"Organization","@id":"https:\/\/www.cadvilla.com\/pl\/#organization","name":"cadvilla","url":"https:\/\/www.cadvilla.com\/pl\/","logo":{"@type":"ImageObject","inLanguage":"pl-PL","@id":"https:\/\/www.cadvilla.com\/pl\/#\/schema\/logo\/image\/","url":"https:\/\/www.cadvilla.com\/wp-content\/uploads\/logo_cadvilla.png","contentUrl":"https:\/\/www.cadvilla.com\/wp-content\/uploads\/logo_cadvilla.png","width":157,"height":51,"caption":"cadvilla"},"image":{"@id":"https:\/\/www.cadvilla.com\/pl\/#\/schema\/logo\/image\/"}}]}},"_links":{"self":[{"href":"https:\/\/www.cadvilla.com\/pl\/wp-json\/wp\/v2\/pages\/1053","targetHints":{"allow":["GET"]}}],"collection":[{"href":"https:\/\/www.cadvilla.com\/pl\/wp-json\/wp\/v2\/pages"}],"about":[{"href":"https:\/\/www.cadvilla.com\/pl\/wp-json\/wp\/v2\/types\/page"}],"author":[{"embeddable":true,"href":"https:\/\/www.cadvilla.com\/pl\/wp-json\/wp\/v2\/users\/1"}],"replies":[{"embeddable":true,"href":"https:\/\/www.cadvilla.com\/pl\/wp-json\/wp\/v2\/comments?post=1053"}],"version-history":[{"count":0,"href":"https:\/\/www.cadvilla.com\/pl\/wp-json\/wp\/v2\/pages\/1053\/revisions"}],"wp:attachment":[{"href":"https:\/\/www.cadvilla.com\/pl\/wp-json\/wp\/v2\/media?parent=1053"}],"curies":[{"name":"wp","href":"https:\/\/api.w.org\/{rel}","templated":true}]}}