{"id":1125,"date":"2019-04-11T14:43:59","date_gmt":"2019-04-11T12:43:59","guid":{"rendered":"https:\/\/www.cadvilla.pl\/s-cadvilla_osupport\/"},"modified":"2020-02-27T12:52:00","modified_gmt":"2020-02-27T10:52:00","slug":"s-cadvilla_pomoc_techniczna_online","status":"publish","type":"page","link":"https:\/\/www.cadvilla.com\/pl\/s-cadvilla_pomoc_techniczna_online\/","title":{"rendered":"Internetowa pomoc techniczna programu cadvilla"},"content":{"rendered":"<section class=\"l-section wpb_row ca-headerbackground0 height_auto\"><div class=\"l-section-h i-cf\"><div class=\"g-cols vc_row via_grid cols_1 laptops-cols_inherit tablets-cols_inherit mobiles-cols_1 valign_bottom type_default stacking_default\"><div class=\"wpb_column vc_column_container\"><div class=\"vc_column-inner\"><\/div><\/div><\/div><\/div><\/section><section class=\"l-section wpb_row height_auto\"><div class=\"l-section-h i-cf\"><div class=\"g-cols vc_row via_grid cols_1 laptops-cols_inherit tablets-cols_inherit mobiles-cols_1 valign_top type_default stacking_default\"><div class=\"wpb_column vc_column_container\"><div class=\"vc_column-inner\"><\/div><\/div><\/div><\/div><\/section><section class=\"l-section wpb_row ca-headerbg height_small\" id=\"begin\"><div class=\"l-section-h i-cf\"><div class=\"g-cols vc_row via_grid cols_1 laptops-cols_inherit tablets-cols_inherit mobiles-cols_1 valign_top type_default stacking_default\"><div class=\"wpb_column vc_column_container\"><div class=\"vc_column-inner\"><div class=\"wpb_text_column\"><div class=\"wpb_wrapper\"><h1>Internetowa pomoc techniczna programu cadvilla<\/h1>\n<\/div><\/div><\/div><\/div><\/div><\/div><\/section><section class=\"l-section wpb_row height_medium\"><div class=\"l-section-h i-cf\"><div class=\"g-cols vc_row via_grid cols_1 laptops-cols_inherit tablets-cols_inherit mobiles-cols_1 valign_top type_default stacking_default\"><div class=\"wpb_column vc_column_container\"><div class=\"vc_column-inner\"><div class=\"wpb_text_column\"><div class=\"wpb_wrapper\"><h2>Pomagamy Pa\u0144stwu w trybie online &#8211; aby mo\u017cliwie najszybciej odpowiedzie\u0107 na pytania<\/h2>\n<p>Aby umo\u017cliwi\u0107 dost\u0119p do komputera w trybie online, korzystamy z programu Teamviewer firmy Teamviewer GmbH z siedzib\u0105 w G\u00f6ppingen. Pozosta\u0142e informacje dotycz\u0105ce tego produktu znale\u017a\u0107 mo\u017cna pod adresem www.teamviewer.com<\/p>\n<h4>Udzielanie pomocy technicznej w trybie online przebiega w nast\u0119puj\u0105cy spos\u00f3b:<\/h4>\n<ul>\n<li>Aby za\u0142adowa\u0107 program do pomocy technicznej online (producent: Teamviewer GmbH, rozmiar: ok. 3,544 MB), nale\u017cy klikn\u0105\u0107 poni\u017cszy przycisk (Remote Support) i uruchomi\u0107 program. Mo\u017cna oczywi\u015bcie pobra\u0107 ten program bezpo\u015brednio z witryny internetowej firmy Teamviewer.<br \/>\n<figure id=\"attachment_133\" aria-describedby=\"caption-attachment-133\" style=\"width: 174px\" class=\"wp-caption alignnone\"><a href=\"https:\/\/www.cadvilla.com\/download\/cadvilla_remotesupport_en.exe\"><img loading=\"lazy\" decoding=\"async\" class=\"wp-image-133 size-full\" src=\"https:\/\/www.cadvilla.com\/wp-content\/uploads\/remotesupport.png\" alt=\"Remote Support\" width=\"174\" height=\"54\" \/><\/a><figcaption id=\"caption-attachment-133\" class=\"wp-caption-text\"><em>Najpierw kliknij zdj\u0119cie<\/em><\/figcaption><\/figure><\/li>\n<li>Po uruchomieniu programu otworzy si\u0119 okno, w kt\u00f3rym zostanie wy\u015bwietlony osobisty identyfikator i odpowiednie has\u0142o.<\/li>\n<li>Nale\u017cy zadzwoni\u0107 do nas pod wskazany numer telefonu i<strong>\u00a0uzgodni\u0107 termin udzielenia pomocy technicznej online<\/strong><\/li>\n<li>Do udzielenia pomocy technicznej online b\u0119dzie potrzebny osobisty identyfikator oraz has\u0142o. Prosimy o podanie obu kod\u00f3w\u00a0<strong>przed rozpocz\u0119ciem sesji online<\/strong>.<\/li>\n<li>Wprowadzimy wtedy oba kody do naszego komputera i w ten spos\u00f3b otrzymamy dost\u0119p do komputera u\u017cytkownika, co umo\u017cliwi nam zdalne sterowanie komputerem u\u017cytkownika. Wszystkie dzia\u0142ania, jakie przeprowadzimy, b\u0119d\u0105 jednocze\u015bnie widoczne na ekranie u\u017cytkownika.<\/li>\n<li>Komunikacja mo\u017ce odbywa\u0107 si\u0119 jednocze\u015bnie przez telefon, Skype lub czat.<\/li>\n<\/ul>\n<h5>Pozosta\u0142e wskaz\u00f3wki:<\/h5>\n<p>Natychmiast po zamkni\u0119ciu okna pomocy technicznej online firmy cadvilla nie b\u0119dziemy mieli dost\u0119pu do komputera u\u017cytkownika ani mo\u017cliwo\u015bci zdalnego nim sterowania. Po odnowionym uruchomieniu pomocy technicznej online identyfikator u\u017cytkownika pozostaje ten sam, ale has\u0142o zostanie wygenerowane na nowo.<\/p>\n<\/div><\/div><\/div><\/div><\/div><\/div><\/section><section class=\"l-section wpb_row height_small\"><div class=\"l-section-h i-cf\"><div class=\"g-cols vc_row via_grid cols_1 laptops-cols_inherit tablets-cols_inherit mobiles-cols_1 valign_top type_default stacking_default\"><div class=\"wpb_column vc_column_container\"><div class=\"vc_column-inner\"><\/div><\/div><\/div><\/div><\/section>\n","protected":false},"excerpt":{"rendered":"Internetowa pomoc techniczna programu cadvilla Pomagamy Pa\u0144stwu w trybie online &#8211; aby mo\u017cliwie najszybciej odpowiedzie\u0107 na pytania Aby umo\u017cliwi\u0107 dost\u0119p do komputera w trybie online, korzystamy z programu Teamviewer firmy Teamviewer GmbH z siedzib\u0105 w G\u00f6ppingen. Pozosta\u0142e informacje dotycz\u0105ce tego produktu znale\u017a\u0107 mo\u017cna pod adresem www.teamviewer.com Udzielanie pomocy technicznej w trybie online przebiega w nast\u0119puj\u0105cy...","protected":false},"author":1,"featured_media":0,"parent":0,"menu_order":0,"comment_status":"closed","ping_status":"closed","template":"","meta":{"footnotes":""},"class_list":["post-1125","page","type-page","status-publish","hentry"],"yoast_head":"<!-- This site is optimized with the Yoast SEO plugin v27.4 - https:\/\/yoast.com\/product\/yoast-seo-wordpress\/ -->\n<title>Pomoc techniczna online programu cadvilla<\/title>\n<meta name=\"description\" content=\"Wsparcie online dla oprogramowania do planowania domu cadvilla z pomoc\u0105 zdalnego oprogramowania Teamviewer. Pobierz teraz aplikacj\u0119 do pomocy online.\" \/>\n<meta name=\"robots\" content=\"index, follow, max-snippet:-1, max-image-preview:large, max-video-preview:-1\" \/>\n<link rel=\"canonical\" href=\"https:\/\/www.cadvilla.com\/pl\/s-cadvilla_pomoc_techniczna_online\/\" \/>\n<meta property=\"og:locale\" content=\"pl_PL\" \/>\n<meta property=\"og:type\" content=\"article\" \/>\n<meta property=\"og:title\" content=\"Pomoc techniczna online programu cadvilla\" \/>\n<meta property=\"og:description\" content=\"Wsparcie online dla oprogramowania do planowania domu cadvilla z pomoc\u0105 zdalnego oprogramowania Teamviewer. Pobierz teraz aplikacj\u0119 do pomocy online.\" \/>\n<meta property=\"og:url\" content=\"https:\/\/www.cadvilla.com\/pl\/s-cadvilla_pomoc_techniczna_online\/\" \/>\n<meta property=\"og:site_name\" content=\"cadvilla\" \/>\n<meta property=\"article:modified_time\" content=\"2020-02-27T10:52:00+00:00\" \/>\n<meta property=\"og:image\" content=\"https:\/\/www.cadvilla.com\/wp-content\/uploads\/remotesupport.png\" \/>\n<meta name=\"twitter:card\" content=\"summary_large_image\" \/>\n<meta name=\"twitter:label1\" content=\"Szacowany czas czytania\" \/>\n\t<meta name=\"twitter:data1\" content=\"2 minuty\" \/>\n<script type=\"application\/ld+json\" class=\"yoast-schema-graph\">{\"@context\":\"https:\\\/\\\/schema.org\",\"@graph\":[{\"@type\":\"WebPage\",\"@id\":\"https:\\\/\\\/www.cadvilla.com\\\/pl\\\/s-cadvilla_pomoc_techniczna_online\\\/\",\"url\":\"https:\\\/\\\/www.cadvilla.com\\\/pl\\\/s-cadvilla_pomoc_techniczna_online\\\/\",\"name\":\"Pomoc techniczna online programu cadvilla\",\"isPartOf\":{\"@id\":\"https:\\\/\\\/www.cadvilla.com\\\/pl\\\/#website\"},\"primaryImageOfPage\":{\"@id\":\"https:\\\/\\\/www.cadvilla.com\\\/pl\\\/s-cadvilla_pomoc_techniczna_online\\\/#primaryimage\"},\"image\":{\"@id\":\"https:\\\/\\\/www.cadvilla.com\\\/pl\\\/s-cadvilla_pomoc_techniczna_online\\\/#primaryimage\"},\"thumbnailUrl\":\"https:\\\/\\\/www.cadvilla.com\\\/wp-content\\\/uploads\\\/remotesupport.png\",\"datePublished\":\"2019-04-11T12:43:59+00:00\",\"dateModified\":\"2020-02-27T10:52:00+00:00\",\"description\":\"Wsparcie online dla oprogramowania do planowania domu cadvilla z pomoc\u0105 zdalnego oprogramowania Teamviewer. Pobierz teraz aplikacj\u0119 do pomocy online.\",\"breadcrumb\":{\"@id\":\"https:\\\/\\\/www.cadvilla.com\\\/pl\\\/s-cadvilla_pomoc_techniczna_online\\\/#breadcrumb\"},\"inLanguage\":\"pl-PL\",\"potentialAction\":[{\"@type\":\"ReadAction\",\"target\":[\"https:\\\/\\\/www.cadvilla.com\\\/pl\\\/s-cadvilla_pomoc_techniczna_online\\\/\"]}]},{\"@type\":\"ImageObject\",\"inLanguage\":\"pl-PL\",\"@id\":\"https:\\\/\\\/www.cadvilla.com\\\/pl\\\/s-cadvilla_pomoc_techniczna_online\\\/#primaryimage\",\"url\":\"https:\\\/\\\/www.cadvilla.com\\\/wp-content\\\/uploads\\\/remotesupport.png\",\"contentUrl\":\"https:\\\/\\\/www.cadvilla.com\\\/wp-content\\\/uploads\\\/remotesupport.png\"},{\"@type\":\"BreadcrumbList\",\"@id\":\"https:\\\/\\\/www.cadvilla.com\\\/pl\\\/s-cadvilla_pomoc_techniczna_online\\\/#breadcrumb\",\"itemListElement\":[{\"@type\":\"ListItem\",\"position\":1,\"name\":\"Startseite\",\"item\":\"https:\\\/\\\/www.cadvilla.com\\\/pl\\\/\"},{\"@type\":\"ListItem\",\"position\":2,\"name\":\"Internetowa pomoc techniczna programu cadvilla\"}]},{\"@type\":\"WebSite\",\"@id\":\"https:\\\/\\\/www.cadvilla.com\\\/pl\\\/#website\",\"url\":\"https:\\\/\\\/www.cadvilla.com\\\/pl\\\/\",\"name\":\"cadvilla\",\"description\":\"\",\"publisher\":{\"@id\":\"https:\\\/\\\/www.cadvilla.com\\\/pl\\\/#organization\"},\"potentialAction\":[{\"@type\":\"SearchAction\",\"target\":{\"@type\":\"EntryPoint\",\"urlTemplate\":\"https:\\\/\\\/www.cadvilla.com\\\/pl\\\/?s={search_term_string}\"},\"query-input\":{\"@type\":\"PropertyValueSpecification\",\"valueRequired\":true,\"valueName\":\"search_term_string\"}}],\"inLanguage\":\"pl-PL\"},{\"@type\":\"Organization\",\"@id\":\"https:\\\/\\\/www.cadvilla.com\\\/pl\\\/#organization\",\"name\":\"cadvilla\",\"url\":\"https:\\\/\\\/www.cadvilla.com\\\/pl\\\/\",\"logo\":{\"@type\":\"ImageObject\",\"inLanguage\":\"pl-PL\",\"@id\":\"https:\\\/\\\/www.cadvilla.com\\\/pl\\\/#\\\/schema\\\/logo\\\/image\\\/\",\"url\":\"https:\\\/\\\/www.cadvilla.com\\\/wp-content\\\/uploads\\\/logo_cadvilla.png\",\"contentUrl\":\"https:\\\/\\\/www.cadvilla.com\\\/wp-content\\\/uploads\\\/logo_cadvilla.png\",\"width\":157,\"height\":51,\"caption\":\"cadvilla\"},\"image\":{\"@id\":\"https:\\\/\\\/www.cadvilla.com\\\/pl\\\/#\\\/schema\\\/logo\\\/image\\\/\"}}]}<\/script>\n<!-- \/ Yoast SEO plugin. -->","yoast_head_json":{"title":"Pomoc techniczna online programu cadvilla","description":"Wsparcie online dla oprogramowania do planowania domu cadvilla z pomoc\u0105 zdalnego oprogramowania Teamviewer. Pobierz teraz aplikacj\u0119 do pomocy online.","robots":{"index":"index","follow":"follow","max-snippet":"max-snippet:-1","max-image-preview":"max-image-preview:large","max-video-preview":"max-video-preview:-1"},"canonical":"https:\/\/www.cadvilla.com\/pl\/s-cadvilla_pomoc_techniczna_online\/","og_locale":"pl_PL","og_type":"article","og_title":"Pomoc techniczna online programu cadvilla","og_description":"Wsparcie online dla oprogramowania do planowania domu cadvilla z pomoc\u0105 zdalnego oprogramowania Teamviewer. Pobierz teraz aplikacj\u0119 do pomocy online.","og_url":"https:\/\/www.cadvilla.com\/pl\/s-cadvilla_pomoc_techniczna_online\/","og_site_name":"cadvilla","article_modified_time":"2020-02-27T10:52:00+00:00","og_image":[{"url":"https:\/\/www.cadvilla.com\/wp-content\/uploads\/remotesupport.png","type":"","width":"","height":""}],"twitter_card":"summary_large_image","twitter_misc":{"Szacowany czas czytania":"2 minuty"},"schema":{"@context":"https:\/\/schema.org","@graph":[{"@type":"WebPage","@id":"https:\/\/www.cadvilla.com\/pl\/s-cadvilla_pomoc_techniczna_online\/","url":"https:\/\/www.cadvilla.com\/pl\/s-cadvilla_pomoc_techniczna_online\/","name":"Pomoc techniczna online programu cadvilla","isPartOf":{"@id":"https:\/\/www.cadvilla.com\/pl\/#website"},"primaryImageOfPage":{"@id":"https:\/\/www.cadvilla.com\/pl\/s-cadvilla_pomoc_techniczna_online\/#primaryimage"},"image":{"@id":"https:\/\/www.cadvilla.com\/pl\/s-cadvilla_pomoc_techniczna_online\/#primaryimage"},"thumbnailUrl":"https:\/\/www.cadvilla.com\/wp-content\/uploads\/remotesupport.png","datePublished":"2019-04-11T12:43:59+00:00","dateModified":"2020-02-27T10:52:00+00:00","description":"Wsparcie online dla oprogramowania do planowania domu cadvilla z pomoc\u0105 zdalnego oprogramowania Teamviewer. Pobierz teraz aplikacj\u0119 do pomocy online.","breadcrumb":{"@id":"https:\/\/www.cadvilla.com\/pl\/s-cadvilla_pomoc_techniczna_online\/#breadcrumb"},"inLanguage":"pl-PL","potentialAction":[{"@type":"ReadAction","target":["https:\/\/www.cadvilla.com\/pl\/s-cadvilla_pomoc_techniczna_online\/"]}]},{"@type":"ImageObject","inLanguage":"pl-PL","@id":"https:\/\/www.cadvilla.com\/pl\/s-cadvilla_pomoc_techniczna_online\/#primaryimage","url":"https:\/\/www.cadvilla.com\/wp-content\/uploads\/remotesupport.png","contentUrl":"https:\/\/www.cadvilla.com\/wp-content\/uploads\/remotesupport.png"},{"@type":"BreadcrumbList","@id":"https:\/\/www.cadvilla.com\/pl\/s-cadvilla_pomoc_techniczna_online\/#breadcrumb","itemListElement":[{"@type":"ListItem","position":1,"name":"Startseite","item":"https:\/\/www.cadvilla.com\/pl\/"},{"@type":"ListItem","position":2,"name":"Internetowa pomoc techniczna programu cadvilla"}]},{"@type":"WebSite","@id":"https:\/\/www.cadvilla.com\/pl\/#website","url":"https:\/\/www.cadvilla.com\/pl\/","name":"cadvilla","description":"","publisher":{"@id":"https:\/\/www.cadvilla.com\/pl\/#organization"},"potentialAction":[{"@type":"SearchAction","target":{"@type":"EntryPoint","urlTemplate":"https:\/\/www.cadvilla.com\/pl\/?s={search_term_string}"},"query-input":{"@type":"PropertyValueSpecification","valueRequired":true,"valueName":"search_term_string"}}],"inLanguage":"pl-PL"},{"@type":"Organization","@id":"https:\/\/www.cadvilla.com\/pl\/#organization","name":"cadvilla","url":"https:\/\/www.cadvilla.com\/pl\/","logo":{"@type":"ImageObject","inLanguage":"pl-PL","@id":"https:\/\/www.cadvilla.com\/pl\/#\/schema\/logo\/image\/","url":"https:\/\/www.cadvilla.com\/wp-content\/uploads\/logo_cadvilla.png","contentUrl":"https:\/\/www.cadvilla.com\/wp-content\/uploads\/logo_cadvilla.png","width":157,"height":51,"caption":"cadvilla"},"image":{"@id":"https:\/\/www.cadvilla.com\/pl\/#\/schema\/logo\/image\/"}}]}},"_links":{"self":[{"href":"https:\/\/www.cadvilla.com\/pl\/wp-json\/wp\/v2\/pages\/1125","targetHints":{"allow":["GET"]}}],"collection":[{"href":"https:\/\/www.cadvilla.com\/pl\/wp-json\/wp\/v2\/pages"}],"about":[{"href":"https:\/\/www.cadvilla.com\/pl\/wp-json\/wp\/v2\/types\/page"}],"author":[{"embeddable":true,"href":"https:\/\/www.cadvilla.com\/pl\/wp-json\/wp\/v2\/users\/1"}],"replies":[{"embeddable":true,"href":"https:\/\/www.cadvilla.com\/pl\/wp-json\/wp\/v2\/comments?post=1125"}],"version-history":[{"count":0,"href":"https:\/\/www.cadvilla.com\/pl\/wp-json\/wp\/v2\/pages\/1125\/revisions"}],"wp:attachment":[{"href":"https:\/\/www.cadvilla.com\/pl\/wp-json\/wp\/v2\/media?parent=1125"}],"curies":[{"name":"wp","href":"https:\/\/api.w.org\/{rel}","templated":true}]}}