{"id":1977,"date":"2019-04-29T17:09:37","date_gmt":"2019-04-29T15:09:37","guid":{"rendered":"https:\/\/www.cadvilla.pl\/z-objekte\/"},"modified":"2023-10-22T14:29:24","modified_gmt":"2023-10-22T12:29:24","slug":"z-obiekty","status":"publish","type":"page","link":"https:\/\/www.cadvilla.com\/pl\/z-obiekty\/","title":{"rendered":"Dodatkowe obiekty cadvilla i kolekcje 3D"},"content":{"rendered":"<section class=\"l-section wpb_row ca-headerbackground0 height_auto\"><div class=\"l-section-h i-cf\"><div class=\"g-cols vc_row via_grid cols_1 laptops-cols_inherit tablets-cols_inherit mobiles-cols_1 valign_bottom type_default stacking_default\"><div class=\"wpb_column vc_column_container\"><div class=\"vc_column-inner\"><\/div><\/div><\/div><\/div><\/section><section class=\"l-section wpb_row height_auto\"><div class=\"l-section-h i-cf\"><div class=\"g-cols vc_row via_grid cols_1 laptops-cols_inherit tablets-cols_inherit mobiles-cols_1 valign_top type_default stacking_default\"><div class=\"wpb_column vc_column_container\"><div class=\"vc_column-inner\"><\/div><\/div><\/div><\/div><\/section><section class=\"l-section wpb_row ca-headerbg height_small\" id=\"begin\"><div class=\"l-section-h i-cf\"><div class=\"g-cols vc_row via_grid cols_1 laptops-cols_inherit tablets-cols_inherit mobiles-cols_1 valign_top type_default stacking_default\"><div class=\"wpb_column vc_column_container\"><div class=\"vc_column-inner\"><div class=\"wpb_text_column ca-heading1\"><div class=\"wpb_wrapper\"><h1>Dodatkowe obiekty cadvilla i kolekcje 3D<\/h1>\n<\/div><\/div><\/div><\/div><\/div><\/div><\/section><section class=\"l-section wpb_row height_medium\"><div class=\"l-section-h i-cf\"><div class=\"g-cols vc_row via_grid cols_3-1 laptops-cols_inherit tablets-cols_inherit mobiles-cols_1 valign_top type_default stacking_default\"><div class=\"wpb_column vc_column_container\"><div class=\"vc_column-inner\"><div class=\"wpb_text_column\"><div class=\"wpb_wrapper\"><p>Tutaj znale\u017a\u0107 mo\u017cna zbiory dodatkowych obiekt\u00f3w z r\u00f3\u017cnych obszar\u00f3w. Zbiory te stanowi\u0105 uzupe\u0142nienie obiekt\u00f3w i tekstur zawartych w programie Cadvilla.<\/p>\n<h2>Zbi\u00f3r dodatkowych obiekt\u00f3w programu Cadvilla<\/h2>\n<p>U\u017cytkownik ma do dyspozycji obecnie nast\u0119puj\u0105ce zbiory obiekt\u00f3w:<br \/>\n<a href=\"https:\/\/www.cadvilla.com\/pl\/z-objekty_3dplus1\/\"><img data-dominant-color=\"b7b6c7\" data-has-transparency=\"true\" style=\"--dominant-color: #b7b6c7;\" loading=\"lazy\" decoding=\"async\" class=\"ca-object-library_pics alignnone wp-image-1912 size-full has-transparency\" src=\"https:\/\/www.cadvilla.com\/wp-content\/uploads\/o_3dppp.png\" alt=\"Kolekcja 1: 3D+++\" width=\"100\" height=\"117\" \/><\/a><a href=\"https:\/\/www.cadvilla.com\/pl\/z-objekty_3dplus2\/\"><img data-dominant-color=\"d5c6b8\" data-has-transparency=\"false\" style=\"--dominant-color: #d5c6b8;\" loading=\"lazy\" decoding=\"async\" class=\"ca-object-library_pics alignnone wp-image-1917 size-full not-transparent\" src=\"https:\/\/www.cadvilla.com\/wp-content\/uploads\/o_3dppp2.png\" alt=\"Kolekcja 2: 3D+++\" width=\"100\" height=\"117\" \/><\/a><a href=\"https:\/\/www.cadvilla.com\/pl\/z-objekty_kuchnia_1_3d\/\"><img data-dominant-color=\"e0dfdf\" data-has-transparency=\"false\" style=\"--dominant-color: #e0dfdf;\" loading=\"lazy\" decoding=\"async\" class=\"ca-object-library_pics alignnone wp-image-1902 size-full not-transparent\" src=\"https:\/\/www.cadvilla.com\/wp-content\/uploads\/o_3d-kueche1.png\" alt=\"Kolekcja 1: kuchnia 3D\" width=\"100\" height=\"117\" \/><\/a><a href=\"https:\/\/www.cadvilla.com\/pl\/z-objekty_kuchnia_2_3d\/\"><img data-dominant-color=\"e5ddd2\" data-has-transparency=\"false\" style=\"--dominant-color: #e5ddd2;\" loading=\"lazy\" decoding=\"async\" class=\"ca-object-library_pics alignnone wp-image-1907 size-full not-transparent\" src=\"https:\/\/www.cadvilla.com\/wp-content\/uploads\/o_3d-kueche2.png\" alt=\"Kolekcja 2: kuchnia 3D\" width=\"100\" height=\"117\" \/><\/a><a href=\"https:\/\/www.cadvilla.com\/pl\/z-objekty_lazienka_1_3d\/\"><img data-dominant-color=\"d6d5cd\" data-has-transparency=\"true\" style=\"--dominant-color: #d6d5cd;\" loading=\"lazy\" decoding=\"async\" class=\"ca-object-library_pics alignnone wp-image-1882 size-full has-transparency\" src=\"https:\/\/www.cadvilla.com\/wp-content\/uploads\/o_3d-bad.png\" alt=\"Kolekcja 1: \u0142azienka 3D\" width=\"100\" height=\"117\" \/><\/a> <a href=\"https:\/\/www.cadvilla.com\/pl\/z-objekty_zdjecie_3d_ludzie\/\"><img data-dominant-color=\"c3bec2\" data-has-transparency=\"true\" style=\"--dominant-color: #c3bec2;\" loading=\"lazy\" decoding=\"async\" class=\"ca-object-library_pics alignnone wp-image-1892 size-full has-transparency\" src=\"https:\/\/www.cadvilla.com\/wp-content\/uploads\/o_3d-foto-menschen.png\" alt=\"Zdj\u0119cie 3D \u2014 ludzie\" width=\"100\" height=\"117\" \/><\/a><a href=\"https:\/\/www.cadvilla.com\/pl\/z-objekty_zdjecie_3d_rosliny\/\"><img data-dominant-color=\"d4d5ca\" data-has-transparency=\"true\" style=\"--dominant-color: #d4d5ca;\" loading=\"lazy\" decoding=\"async\" class=\"ca-object-library_pics alignnone wp-image-1897 size-full has-transparency\" src=\"https:\/\/www.cadvilla.com\/wp-content\/uploads\/o_3d-foto-pflanzen.png\" alt=\"Zdj\u0119cie 3D Foto \u2014 ro\u015bliny\" width=\"100\" height=\"117\" \/><\/a><a href=\"https:\/\/www.cadvilla.com\/pl\/z-objekty_zdjecie_3d_drzewa\/\"><img data-dominant-color=\"a9aea9\" data-has-transparency=\"true\" style=\"--dominant-color: #a9aea9;\" loading=\"lazy\" decoding=\"async\" class=\"ca-object-library_pics alignnone wp-image-1887 size-full has-transparency\" src=\"https:\/\/www.cadvilla.com\/wp-content\/uploads\/o_3d-foto-baeume.png\" alt=\"Zdj\u0119cie 3D \u2014 drzewa\" width=\"100\" height=\"117\" \/><\/a> <a href=\"https:\/\/www.cadvilla.com\/pl\/z-objekty_samochody_1_3d\/\"><img data-dominant-color=\"cbcbcb\" data-has-transparency=\"true\" style=\"--dominant-color: #cbcbcb;\" loading=\"lazy\" decoding=\"async\" class=\"ca-object-library_pics alignnone wp-image-1877 size-full has-transparency\" src=\"https:\/\/www.cadvilla.com\/wp-content\/uploads\/o_3d-auto.png\" alt=\"Kolekcja 1: samochody 3D\" width=\"100\" height=\"117\" \/><\/a><a href=\"https:\/\/www.cadvilla.com\/pl\/z-objekty_goin\/\"><img data-dominant-color=\"dedcdb\" data-has-transparency=\"false\" style=\"--dominant-color: #dedcdb;\" loading=\"lazy\" decoding=\"async\" class=\"ca-object-library_pics alignnone wp-image-1922 size-full not-transparent\" src=\"https:\/\/www.cadvilla.com\/wp-content\/uploads\/o_3d-stuehle.png\" alt=\"Krzes\u0142a Gastro Outdoor \" width=\"100\" height=\"117\" \/><\/a><\/p>\n<\/div><\/div><\/div><\/div><div class=\"wpb_column vc_column_container\"><div class=\"vc_column-inner\"><div class=\"wpb_text_column\"><div class=\"wpb_wrapper\"><h5><span class=\"ca-headertext-seitenleiste\">Obiekty &amp; kolekcje 3D<\/span><\/h5>\n<\/div><\/div><div class=\"wpb_widgetised_column wpb_content_element\"><div class=\"wpb_wrapper\"><div id=\"nav_menu-6\" class=\"widget widget_nav_menu\"><div class=\"menu-3d-bibliotheken-pl-container\"><ul id=\"menu-3d-bibliotheken-pl\" class=\"menu\"><li id=\"menu-item-2091\" class=\"menu-item menu-item-type-post_type menu-item-object-page menu-item-2091\"><a href=\"https:\/\/www.cadvilla.com\/pl\/z-objekty_samochody_1_3d\/\"><i class=\"fas fa-plus\"><\/i> Kolekcja 1: samochody 3D<\/a><\/li>\n<li id=\"menu-item-2404\" class=\"menu-item menu-item-type-post_type menu-item-object-page menu-item-2404\"><a href=\"https:\/\/www.cadvilla.com\/pl\/z-objekty_kuchnia_1_3d\/\"><i class=\"fas fa-plus\"><\/i> Kolekcja 1: kuchnia 3D<\/a><\/li>\n<li id=\"menu-item-2412\" class=\"menu-item menu-item-type-post_type menu-item-object-page menu-item-2412\"><a href=\"https:\/\/www.cadvilla.com\/pl\/z-objekty_kuchnia_2_3d\/\"><i class=\"fas fa-plus\"><\/i> Kolekcja 2: kuchnia 3D<\/a><\/li>\n<li id=\"menu-item-2413\" class=\"menu-item menu-item-type-post_type menu-item-object-page menu-item-2413\"><a href=\"https:\/\/www.cadvilla.com\/pl\/z-objekty_lazienka_1_3d\/\"><i class=\"fas fa-plus\"><\/i> Kolekcja 1: lazienka 3D<\/a><\/li>\n<li id=\"menu-item-2118\" class=\"menu-item menu-item-type-post_type menu-item-object-page menu-item-2118\"><a href=\"https:\/\/www.cadvilla.com\/pl\/z-objekty_3dplus1\/\"><i class=\"fas fa-plus\"><\/i> Kolekcja 1: 3D +++<\/a><\/li>\n<li id=\"menu-item-2410\" class=\"menu-item menu-item-type-post_type menu-item-object-page menu-item-2410\"><a href=\"https:\/\/www.cadvilla.com\/pl\/z-objekty_3dplus2\/\"><i class=\"fas fa-plus\"><\/i> Kolekcja 2: 3D +++<\/a><\/li>\n<li id=\"menu-item-2409\" class=\"menu-item menu-item-type-post_type menu-item-object-page menu-item-2409\"><a href=\"https:\/\/www.cadvilla.com\/pl\/z-objekty_zdjecie_3d_ludzie\/\"><i class=\"fas fa-plus\"><\/i> Zdj\u0119cie 3D &#8211; ludzie<\/a><\/li>\n<li id=\"menu-item-2408\" class=\"menu-item menu-item-type-post_type menu-item-object-page menu-item-2408\"><a href=\"https:\/\/www.cadvilla.com\/pl\/z-objekty_zdjecie_3d_rosliny\/\"><i class=\"fas fa-plus\"><\/i> Zdj\u0119cie 3D &#8211; ro\u015bliny<\/a><\/li>\n<li id=\"menu-item-2407\" class=\"menu-item menu-item-type-post_type menu-item-object-page menu-item-2407\"><a href=\"https:\/\/www.cadvilla.com\/pl\/z-objekty_zdjecie_3d_drzewa\/\"><i class=\"fas fa-plus\"><\/i> Zdj\u0119cie 3D &#8211; drzewa<\/a><\/li>\n<li id=\"menu-item-2405\" class=\"menu-item menu-item-type-post_type menu-item-object-page menu-item-2405\"><a href=\"https:\/\/www.cadvilla.com\/pl\/z-objekty_goin\/\"><i class=\"fas fa-plus\"><\/i> Krzesla Gastro Outdoor 3D<\/a><\/li>\n<\/ul><\/div><\/div><\/div><\/div><\/div><\/div><\/div><\/div><\/section>\n","protected":false},"excerpt":{"rendered":"Dodatkowe obiekty cadvilla i kolekcje 3D Tutaj znale\u017a\u0107 mo\u017cna zbiory dodatkowych obiekt\u00f3w z r\u00f3\u017cnych obszar\u00f3w. Zbiory te stanowi\u0105 uzupe\u0142nienie obiekt\u00f3w i tekstur zawartych w programie Cadvilla. Zbi\u00f3r dodatkowych obiekt\u00f3w programu Cadvilla U\u017cytkownik ma do dyspozycji obecnie nast\u0119puj\u0105ce zbiory obiekt\u00f3w: Obiekty &amp; kolekcje 3D Kolekcja 1: samochody 3D Kolekcja 1: kuchnia 3D Kolekcja 2: kuchnia 3D...","protected":false},"author":1,"featured_media":0,"parent":0,"menu_order":0,"comment_status":"closed","ping_status":"closed","template":"","meta":{"footnotes":""},"class_list":["post-1977","page","type-page","status-publish","hentry"],"yoast_head":"<!-- This site is optimized with the Yoast SEO plugin v27.3 - https:\/\/yoast.com\/product\/yoast-seo-wordpress\/ -->\n<title>Dodatkowe obiekty 3D dla programu Cadvilla<\/title>\n<meta name=\"robots\" content=\"index, follow, max-snippet:-1, max-image-preview:large, max-video-preview:-1\" \/>\n<link rel=\"canonical\" href=\"https:\/\/www.cadvilla.com\/pl\/z-obiekty\/\" \/>\n<meta property=\"og:locale\" content=\"pl_PL\" \/>\n<meta property=\"og:type\" content=\"article\" \/>\n<meta property=\"og:title\" content=\"Dodatkowe obiekty 3D dla programu Cadvilla\" \/>\n<meta property=\"og:url\" content=\"https:\/\/www.cadvilla.com\/pl\/z-obiekty\/\" \/>\n<meta property=\"og:site_name\" content=\"cadvilla\" \/>\n<meta property=\"article:modified_time\" content=\"2023-10-22T12:29:24+00:00\" \/>\n<meta property=\"og:image\" content=\"https:\/\/www.cadvilla.com\/wp-content\/uploads\/o_3dppp.png\" \/>\n<meta name=\"twitter:card\" content=\"summary_large_image\" \/>\n<meta name=\"twitter:label1\" content=\"Szacowany czas czytania\" \/>\n\t<meta name=\"twitter:data1\" content=\"3 minuty\" \/>\n<script type=\"application\/ld+json\" class=\"yoast-schema-graph\">{\"@context\":\"https:\\\/\\\/schema.org\",\"@graph\":[{\"@type\":\"WebPage\",\"@id\":\"https:\\\/\\\/www.cadvilla.com\\\/pl\\\/z-obiekty\\\/\",\"url\":\"https:\\\/\\\/www.cadvilla.com\\\/pl\\\/z-obiekty\\\/\",\"name\":\"Dodatkowe obiekty 3D dla programu Cadvilla\",\"isPartOf\":{\"@id\":\"https:\\\/\\\/www.cadvilla.com\\\/pl\\\/#website\"},\"primaryImageOfPage\":{\"@id\":\"https:\\\/\\\/www.cadvilla.com\\\/pl\\\/z-obiekty\\\/#primaryimage\"},\"image\":{\"@id\":\"https:\\\/\\\/www.cadvilla.com\\\/pl\\\/z-obiekty\\\/#primaryimage\"},\"thumbnailUrl\":\"https:\\\/\\\/www.cadvilla.com\\\/wp-content\\\/uploads\\\/o_3dppp.png\",\"datePublished\":\"2019-04-29T15:09:37+00:00\",\"dateModified\":\"2023-10-22T12:29:24+00:00\",\"breadcrumb\":{\"@id\":\"https:\\\/\\\/www.cadvilla.com\\\/pl\\\/z-obiekty\\\/#breadcrumb\"},\"inLanguage\":\"pl-PL\",\"potentialAction\":[{\"@type\":\"ReadAction\",\"target\":[\"https:\\\/\\\/www.cadvilla.com\\\/pl\\\/z-obiekty\\\/\"]}]},{\"@type\":\"ImageObject\",\"inLanguage\":\"pl-PL\",\"@id\":\"https:\\\/\\\/www.cadvilla.com\\\/pl\\\/z-obiekty\\\/#primaryimage\",\"url\":\"https:\\\/\\\/www.cadvilla.com\\\/wp-content\\\/uploads\\\/o_3dppp.png\",\"contentUrl\":\"https:\\\/\\\/www.cadvilla.com\\\/wp-content\\\/uploads\\\/o_3dppp.png\"},{\"@type\":\"BreadcrumbList\",\"@id\":\"https:\\\/\\\/www.cadvilla.com\\\/pl\\\/z-obiekty\\\/#breadcrumb\",\"itemListElement\":[{\"@type\":\"ListItem\",\"position\":1,\"name\":\"Startseite\",\"item\":\"https:\\\/\\\/www.cadvilla.com\\\/pl\\\/\"},{\"@type\":\"ListItem\",\"position\":2,\"name\":\"Dodatkowe obiekty cadvilla i kolekcje 3D\"}]},{\"@type\":\"WebSite\",\"@id\":\"https:\\\/\\\/www.cadvilla.com\\\/pl\\\/#website\",\"url\":\"https:\\\/\\\/www.cadvilla.com\\\/pl\\\/\",\"name\":\"cadvilla\",\"description\":\"\",\"publisher\":{\"@id\":\"https:\\\/\\\/www.cadvilla.com\\\/pl\\\/#organization\"},\"potentialAction\":[{\"@type\":\"SearchAction\",\"target\":{\"@type\":\"EntryPoint\",\"urlTemplate\":\"https:\\\/\\\/www.cadvilla.com\\\/pl\\\/?s={search_term_string}\"},\"query-input\":{\"@type\":\"PropertyValueSpecification\",\"valueRequired\":true,\"valueName\":\"search_term_string\"}}],\"inLanguage\":\"pl-PL\"},{\"@type\":\"Organization\",\"@id\":\"https:\\\/\\\/www.cadvilla.com\\\/pl\\\/#organization\",\"name\":\"cadvilla\",\"url\":\"https:\\\/\\\/www.cadvilla.com\\\/pl\\\/\",\"logo\":{\"@type\":\"ImageObject\",\"inLanguage\":\"pl-PL\",\"@id\":\"https:\\\/\\\/www.cadvilla.com\\\/pl\\\/#\\\/schema\\\/logo\\\/image\\\/\",\"url\":\"https:\\\/\\\/www.cadvilla.com\\\/wp-content\\\/uploads\\\/logo_cadvilla.png\",\"contentUrl\":\"https:\\\/\\\/www.cadvilla.com\\\/wp-content\\\/uploads\\\/logo_cadvilla.png\",\"width\":157,\"height\":51,\"caption\":\"cadvilla\"},\"image\":{\"@id\":\"https:\\\/\\\/www.cadvilla.com\\\/pl\\\/#\\\/schema\\\/logo\\\/image\\\/\"}}]}<\/script>\n<!-- \/ Yoast SEO plugin. -->","yoast_head_json":{"title":"Dodatkowe obiekty 3D dla programu Cadvilla","robots":{"index":"index","follow":"follow","max-snippet":"max-snippet:-1","max-image-preview":"max-image-preview:large","max-video-preview":"max-video-preview:-1"},"canonical":"https:\/\/www.cadvilla.com\/pl\/z-obiekty\/","og_locale":"pl_PL","og_type":"article","og_title":"Dodatkowe obiekty 3D dla programu Cadvilla","og_url":"https:\/\/www.cadvilla.com\/pl\/z-obiekty\/","og_site_name":"cadvilla","article_modified_time":"2023-10-22T12:29:24+00:00","og_image":[{"url":"https:\/\/www.cadvilla.com\/wp-content\/uploads\/o_3dppp.png","type":"","width":"","height":""}],"twitter_card":"summary_large_image","twitter_misc":{"Szacowany czas czytania":"3 minuty"},"schema":{"@context":"https:\/\/schema.org","@graph":[{"@type":"WebPage","@id":"https:\/\/www.cadvilla.com\/pl\/z-obiekty\/","url":"https:\/\/www.cadvilla.com\/pl\/z-obiekty\/","name":"Dodatkowe obiekty 3D dla programu Cadvilla","isPartOf":{"@id":"https:\/\/www.cadvilla.com\/pl\/#website"},"primaryImageOfPage":{"@id":"https:\/\/www.cadvilla.com\/pl\/z-obiekty\/#primaryimage"},"image":{"@id":"https:\/\/www.cadvilla.com\/pl\/z-obiekty\/#primaryimage"},"thumbnailUrl":"https:\/\/www.cadvilla.com\/wp-content\/uploads\/o_3dppp.png","datePublished":"2019-04-29T15:09:37+00:00","dateModified":"2023-10-22T12:29:24+00:00","breadcrumb":{"@id":"https:\/\/www.cadvilla.com\/pl\/z-obiekty\/#breadcrumb"},"inLanguage":"pl-PL","potentialAction":[{"@type":"ReadAction","target":["https:\/\/www.cadvilla.com\/pl\/z-obiekty\/"]}]},{"@type":"ImageObject","inLanguage":"pl-PL","@id":"https:\/\/www.cadvilla.com\/pl\/z-obiekty\/#primaryimage","url":"https:\/\/www.cadvilla.com\/wp-content\/uploads\/o_3dppp.png","contentUrl":"https:\/\/www.cadvilla.com\/wp-content\/uploads\/o_3dppp.png"},{"@type":"BreadcrumbList","@id":"https:\/\/www.cadvilla.com\/pl\/z-obiekty\/#breadcrumb","itemListElement":[{"@type":"ListItem","position":1,"name":"Startseite","item":"https:\/\/www.cadvilla.com\/pl\/"},{"@type":"ListItem","position":2,"name":"Dodatkowe obiekty cadvilla i kolekcje 3D"}]},{"@type":"WebSite","@id":"https:\/\/www.cadvilla.com\/pl\/#website","url":"https:\/\/www.cadvilla.com\/pl\/","name":"cadvilla","description":"","publisher":{"@id":"https:\/\/www.cadvilla.com\/pl\/#organization"},"potentialAction":[{"@type":"SearchAction","target":{"@type":"EntryPoint","urlTemplate":"https:\/\/www.cadvilla.com\/pl\/?s={search_term_string}"},"query-input":{"@type":"PropertyValueSpecification","valueRequired":true,"valueName":"search_term_string"}}],"inLanguage":"pl-PL"},{"@type":"Organization","@id":"https:\/\/www.cadvilla.com\/pl\/#organization","name":"cadvilla","url":"https:\/\/www.cadvilla.com\/pl\/","logo":{"@type":"ImageObject","inLanguage":"pl-PL","@id":"https:\/\/www.cadvilla.com\/pl\/#\/schema\/logo\/image\/","url":"https:\/\/www.cadvilla.com\/wp-content\/uploads\/logo_cadvilla.png","contentUrl":"https:\/\/www.cadvilla.com\/wp-content\/uploads\/logo_cadvilla.png","width":157,"height":51,"caption":"cadvilla"},"image":{"@id":"https:\/\/www.cadvilla.com\/pl\/#\/schema\/logo\/image\/"}}]}},"_links":{"self":[{"href":"https:\/\/www.cadvilla.com\/pl\/wp-json\/wp\/v2\/pages\/1977","targetHints":{"allow":["GET"]}}],"collection":[{"href":"https:\/\/www.cadvilla.com\/pl\/wp-json\/wp\/v2\/pages"}],"about":[{"href":"https:\/\/www.cadvilla.com\/pl\/wp-json\/wp\/v2\/types\/page"}],"author":[{"embeddable":true,"href":"https:\/\/www.cadvilla.com\/pl\/wp-json\/wp\/v2\/users\/1"}],"replies":[{"embeddable":true,"href":"https:\/\/www.cadvilla.com\/pl\/wp-json\/wp\/v2\/comments?post=1977"}],"version-history":[{"count":0,"href":"https:\/\/www.cadvilla.com\/pl\/wp-json\/wp\/v2\/pages\/1977\/revisions"}],"wp:attachment":[{"href":"https:\/\/www.cadvilla.com\/pl\/wp-json\/wp\/v2\/media?parent=1977"}],"curies":[{"name":"wp","href":"https:\/\/api.w.org\/{rel}","templated":true}]}}