{"id":2380,"date":"2019-05-02T17:46:00","date_gmt":"2019-05-02T15:46:00","guid":{"rendered":"https:\/\/www.cadvilla.pl\/z-objekte_kueche2\/"},"modified":"2023-10-22T14:30:37","modified_gmt":"2023-10-22T12:30:37","slug":"z-objekty_kuchnia_2_3d","status":"publish","type":"page","link":"https:\/\/www.cadvilla.com\/pl\/z-objekty_kuchnia_2_3d\/","title":{"rendered":"Dodatkowe obiekty programu Cadvilla &#8211; Kolekcja 2: kuchnia 3D"},"content":{"rendered":"<section class=\"l-section wpb_row ca-headerbackground0 height_auto\"><div class=\"l-section-h i-cf\"><div class=\"g-cols vc_row via_grid cols_1 laptops-cols_inherit tablets-cols_inherit mobiles-cols_1 valign_bottom type_default stacking_default\"><div class=\"wpb_column vc_column_container\"><div class=\"vc_column-inner\"><\/div><\/div><\/div><\/div><\/section><section class=\"l-section wpb_row height_auto\"><div class=\"l-section-h i-cf\"><div class=\"g-cols vc_row via_grid cols_1 laptops-cols_inherit tablets-cols_inherit mobiles-cols_1 valign_top type_default stacking_default\"><div class=\"wpb_column vc_column_container\"><div class=\"vc_column-inner\"><\/div><\/div><\/div><\/div><\/section><section class=\"l-section wpb_row ca-headerbg height_small\" id=\"begin\"><div class=\"l-section-h i-cf\"><div class=\"g-cols vc_row via_grid cols_1 laptops-cols_inherit tablets-cols_inherit mobiles-cols_1 valign_top type_default stacking_default\"><div class=\"wpb_column vc_column_container\"><div class=\"vc_column-inner\"><div class=\"wpb_text_column ca-heading1\"><div class=\"wpb_wrapper\"><h1>Dodatkowe obiekty programu Cadvilla &#8211; Kolekcja 2: kuchnia 3D<\/h1>\n<\/div><\/div><\/div><\/div><\/div><\/div><\/section><section class=\"l-section wpb_row height_medium\"><div class=\"l-section-h i-cf\"><div class=\"g-cols vc_row via_grid cols_3-1 laptops-cols_inherit tablets-cols_inherit mobiles-cols_1 valign_top type_default stacking_default\"><div class=\"wpb_column vc_column_container\"><div class=\"vc_column-inner\"><div class=\"g-cols wpb_row via_grid cols_1-2 laptops-cols_inherit tablets-cols_inherit mobiles-cols_1 valign_top type_default stacking_default\" style=\"--columns-gap:3rem;\"><div class=\"wpb_column vc_column_container\"><div class=\"vc_column-inner\"><div class=\"w-image align_center\"><div class=\"w-image-h\"><img decoding=\"async\" width=\"200\" height=\"200\" src=\"https:\/\/www.cadvilla.com\/wp-content\/uploads\/zusatzmodul_pl.png\" class=\"attachment-full size-full\" alt=\"Modu\u0142 dodatkowy dla Cadvilla\" loading=\"lazy\" \/><\/div><\/div><div class=\"wpb_text_column ca-product-small_info\"><div class=\"wpb_wrapper\"><p>Dostawa jako Pobierz (~ 360 MB)<br \/>\nBACKUP DVD \u2013 opcjonalnie dost\u0119pny w koszyku podczas sk\u0142adania zam\u00f3wienia<\/p>\n<\/div><\/div><div class=\"wpb_text_column\"><div class=\"wpb_wrapper\"><p><img loading=\"lazy\" decoding=\"async\" class=\"ca-object-library_sample-pics aligncenter\" title=\"Seria Rosso\" src=\"https:\/\/www.cadvilla.com\/beispiele\/small\/kueche2\/Kitchen_2_red.jpg\" alt=\"Seria Rosso\" width=\"100\" height=\"56\" \/><\/p>\n<\/div><\/div><\/div><\/div><div class=\"wpb_column vc_column_container\"><div class=\"vc_column-inner\"><div class=\"wpb_text_column\"><div class=\"wpb_wrapper\"><h2><strong>Kolekcja 2: kuchnia 3D<\/strong><\/h2>\n<h4><strong><span style=\"color: #ff9900;\">39,95 \u20ac *<br \/>\n<\/span><\/strong><\/h4>\n<p><span style=\"color: #999999;\">(Zalecana cena katalogowa: 39,95 \u20ac)<br \/>\n<\/span><\/p>\n<p>\u2013 Wszystkie ceny zawieraj\u0105 ustawowy podatek VAT<br \/>\n\u2013 Dodatkowa kolekcja obiekt\u00f3w 3D dla cadvilla<\/p>\n<\/div><\/div><div class=\"wpb_text_column us_custom_36724591 ca-advtext1_pl\"><div class=\"wpb_wrapper\"><p style=\"margin-top: 0px; margin-bottom: 0px;\"><img loading=\"lazy\" decoding=\"async\" src=\"https:\/\/www.cadvilla.com\/wp-content\/uploads\/leerzeichen.png\" alt=\"\" width=\"1\" height=\"1\" \/><\/p>\n<\/div><\/div><div class=\"wpb_text_column us_custom_36724591 ca-advtext2_pl\"><div class=\"wpb_wrapper\"><p><span style=\"color: #ff9900;\"><strong>* <\/strong><\/span><\/p>\n<\/div><\/div><div class=\"w-btn-wrapper align_left\"><a class=\"w-btn us-btn-style_2 us_custom_2d9ebfef icon_atleft\" rel=\"nofollow\" href=\"https:\/\/www.cleverbridge.com\/1106\/?scope=checkout&amp;cart=215850&amp;languages=pl&amp;cookie=true&amp;cfg=design_2018&amp;recommendation=addbackup\"><i class=\"fas fa-download\"><\/i><span class=\"w-btn-label\">Kup i pobierz<\/span><\/a><\/div><\/div><\/div><\/div><div class=\"g-cols wpb_row via_grid cols_1 laptops-cols_inherit tablets-cols_inherit mobiles-cols_1 valign_top type_default stacking_default\" style=\"--columns-gap:3rem;\"><div class=\"wpb_column vc_column_container\"><div class=\"vc_column-inner\"><div class=\"wpb_text_column\"><div class=\"wpb_wrapper\"><p>Kolekcja 2: kuchnia 3D zawiera ponad 9000 obiekt\u00f3w i dodatkowe tekstury z dziedziny kuchnia.<\/p>\n<p>W uj\u0119ciu szczeg\u00f3\u0142owym chodzi o 7 r\u00f3\u017cnych serii kuchennych z okre\u015bleniami:<\/p>\n<ul>\n<li>Arte \u2014 ok. 1200 obiekt\u00f3w<\/li>\n<li>Lugano \u2014 ok. 1200 obiekt\u00f3w<\/li>\n<li>Neutral \u2014 ok.700 obiekt\u00f3w<\/li>\n<li>Romantica \u2014 ok. 1200 obiekt\u00f3w<\/li>\n<li>Torino \u2014 ok. 1200 obiekt\u00f3w<\/li>\n<li>Vito \u2014 ok. 1200 obiekt\u00f3w<\/li>\n<li>Xeno \u2014 ok. 1200 obiekt\u00f3w<\/li>\n<\/ul>\n<p>Sprz\u0119t elektryczny i do zabudowy:<\/p>\n<ul>\n<li>Piekarnik \u2014 ok. 90 obiekt\u00f3w<\/li>\n<li>Parowar \u2014 2 obiekty<\/li>\n<li>Okap \u2014 ok. 220 obiekt\u00f3w<\/li>\n<li>Zmywarka \u2014 ok. 70 obiekt\u00f3w<\/li>\n<li>Piekarnik \u2014 ok. 90 obiekt\u00f3w<\/li>\n<li>Ekspres do kawy \u2014 2 obiekty<\/li>\n<li>P\u0142yta grzewcza \u2014 ok. 180 obiekt\u00f3w<\/li>\n<li>Lod\u00f3wko-ch\u0142odziarka \u2014 50 obiekt\u00f3w<\/li>\n<li>Lod\u00f3wka \u2014 18 obiekt\u00f3w<\/li>\n<li>Kuchenka mikrofalowa \u2014 45 obiekt\u00f3w<\/li>\n<\/ul>\n<ul>\n<li>ok. 100 zlewozmywak\u00f3w<\/li>\n<li>1 pralka<\/li>\n<li>27 armatur<\/li>\n<\/ul>\n<p>Wskaz\u00f3wki, jak w\u0142a\u015bciwe <a href=\"https:\/\/www.cadvilla.com\/pl\/program_do_projektowania_kuchni\/\">zaplanowa\u0107 kuchni\u0119 za pomoc\u0105 Kolekcji 2: kuchnia<\/a>.<\/p>\n<\/div><\/div><div class=\"wpb_text_column us_custom_33c3a0a5\"><div class=\"wpb_wrapper\"><h2>Przyk\u0142adowe rysunki Kolekcji 2: kuchnia 3D<\/h2>\n<p>Poni\u017cej widniej\u0105 niekt\u00f3re przyk\u0142ady wygenerowane za pomoc\u0105 oprogramowania do projektowania cadvilla oraz Kolekcji 2: kuchnia 3D.<\/p>\n<p>Aby powi\u0119kszy\u0107 jeden z poni\u017cszych obraz\u00f3w, wystarczy go klikn\u0105\u0107. Aby zamkn\u0105\u0107 okno, kt\u00f3re si\u0119 pojawi, nale\u017cy klikn\u0105\u0107 polecenie X.<\/p>\n<\/div><\/div><\/div><\/div><\/div><div class=\"wpb_text_column us_custom_7aec8515\"><div class=\"wpb_wrapper\"><p><a ref=\"magnificPopup\" href=\"https:\/\/www.cadvilla.com\/beispiele\/big\/kueche2\/Romantica_2_de.jpg\"><img loading=\"lazy\" decoding=\"async\" class=\"ca-object-library_sample-pics alignnone\" title=\"Romantica 2\" src=\"https:\/\/www.cadvilla.com\/beispiele\/small\/kueche2\/Romantica_2_de.jpg\" alt=\"Romantica 2\" width=\"100\" height=\"56\" \/><\/a><a ref=\"magnificPopup\" href=\"https:\/\/www.cadvilla.com\/beispiele\/big\/kueche2\/Romantica_1.jpg\"><img loading=\"lazy\" decoding=\"async\" class=\"ca-object-library_sample-pics alignnone\" title=\"Romantica 1\" src=\"https:\/\/www.cadvilla.com\/beispiele\/small\/kueche2\/Romantica_1.jpg\" alt=\"Romantica 1\" width=\"100\" height=\"56\" \/><\/a><a ref=\"magnificPopup\" href=\"https:\/\/www.cadvilla.com\/beispiele\/big\/kueche2\/Kitchen_2_beige.jpg\"><img loading=\"lazy\" decoding=\"async\" class=\"ca-object-library_sample-pics alignnone\" title=\"Seria 1\" src=\"https:\/\/www.cadvilla.com\/beispiele\/small\/kueche2\/Kitchen_2_beige.jpg\" alt=\"Seria 1\" width=\"100\" height=\"56\" \/><\/a><a ref=\"magnificPopup\" href=\"https:\/\/www.cadvilla.com\/beispiele\/big\/kueche2\/Kitchen_2_red.jpg\"><img loading=\"lazy\" decoding=\"async\" class=\"ca-object-library_sample-pics alignnone\" title=\"Seria Rosso\" src=\"https:\/\/www.cadvilla.com\/beispiele\/small\/kueche2\/Kitchen_2_red.jpg\" alt=\"Seria Rosso\" width=\"100\" height=\"56\" \/><\/a><\/p>\n<\/div><\/div><\/div><\/div><div class=\"wpb_column vc_column_container\"><div class=\"vc_column-inner\"><div class=\"wpb_text_column\"><div class=\"wpb_wrapper\"><h5><span class=\"ca-headertext-seitenleiste\">Obiekty i biblioteki 3D<\/span><\/h5>\n<\/div><\/div><div class=\"wpb_widgetised_column wpb_content_element\"><div class=\"wpb_wrapper\"><div id=\"nav_menu-6\" class=\"widget widget_nav_menu\"><div class=\"menu-3d-bibliotheken-pl-container\"><ul id=\"menu-3d-bibliotheken-pl\" class=\"menu\"><li id=\"menu-item-2091\" class=\"menu-item menu-item-type-post_type menu-item-object-page menu-item-2091\"><a href=\"https:\/\/www.cadvilla.com\/pl\/z-objekty_samochody_1_3d\/\"><i class=\"fas fa-plus\"><\/i> Kolekcja 1: samochody 3D<\/a><\/li>\n<li id=\"menu-item-2404\" class=\"menu-item menu-item-type-post_type menu-item-object-page menu-item-2404\"><a href=\"https:\/\/www.cadvilla.com\/pl\/z-objekty_kuchnia_1_3d\/\"><i class=\"fas fa-plus\"><\/i> Kolekcja 1: kuchnia 3D<\/a><\/li>\n<li id=\"menu-item-2412\" class=\"menu-item menu-item-type-post_type menu-item-object-page menu-item-2412\"><a href=\"https:\/\/www.cadvilla.com\/pl\/z-objekty_kuchnia_2_3d\/\"><i class=\"fas fa-plus\"><\/i> Kolekcja 2: kuchnia 3D<\/a><\/li>\n<li id=\"menu-item-2413\" class=\"menu-item menu-item-type-post_type menu-item-object-page menu-item-2413\"><a href=\"https:\/\/www.cadvilla.com\/pl\/z-objekty_lazienka_1_3d\/\"><i class=\"fas fa-plus\"><\/i> Kolekcja 1: lazienka 3D<\/a><\/li>\n<li id=\"menu-item-2118\" class=\"menu-item menu-item-type-post_type menu-item-object-page menu-item-2118\"><a href=\"https:\/\/www.cadvilla.com\/pl\/z-objekty_3dplus1\/\"><i class=\"fas fa-plus\"><\/i> Kolekcja 1: 3D +++<\/a><\/li>\n<li id=\"menu-item-2410\" class=\"menu-item menu-item-type-post_type menu-item-object-page menu-item-2410\"><a href=\"https:\/\/www.cadvilla.com\/pl\/z-objekty_3dplus2\/\"><i class=\"fas fa-plus\"><\/i> Kolekcja 2: 3D +++<\/a><\/li>\n<li id=\"menu-item-2409\" class=\"menu-item menu-item-type-post_type menu-item-object-page menu-item-2409\"><a href=\"https:\/\/www.cadvilla.com\/pl\/z-objekty_zdjecie_3d_ludzie\/\"><i class=\"fas fa-plus\"><\/i> Zdj\u0119cie 3D &#8211; ludzie<\/a><\/li>\n<li id=\"menu-item-2408\" class=\"menu-item menu-item-type-post_type menu-item-object-page menu-item-2408\"><a href=\"https:\/\/www.cadvilla.com\/pl\/z-objekty_zdjecie_3d_rosliny\/\"><i class=\"fas fa-plus\"><\/i> Zdj\u0119cie 3D &#8211; ro\u015bliny<\/a><\/li>\n<li id=\"menu-item-2407\" class=\"menu-item menu-item-type-post_type menu-item-object-page menu-item-2407\"><a href=\"https:\/\/www.cadvilla.com\/pl\/z-objekty_zdjecie_3d_drzewa\/\"><i class=\"fas fa-plus\"><\/i> Zdj\u0119cie 3D &#8211; drzewa<\/a><\/li>\n<li id=\"menu-item-2405\" class=\"menu-item menu-item-type-post_type menu-item-object-page menu-item-2405\"><a href=\"https:\/\/www.cadvilla.com\/pl\/z-objekty_goin\/\"><i class=\"fas fa-plus\"><\/i> Krzesla Gastro Outdoor 3D<\/a><\/li>\n<\/ul><\/div><\/div><\/div><\/div><\/div><\/div><\/div><\/div><\/section>\n","protected":false},"excerpt":{"rendered":"Dodatkowe obiekty programu Cadvilla &#8211; Kolekcja 2: kuchnia 3D Dostawa jako Pobierz (~ 360 MB) BACKUP DVD \u2013 opcjonalnie dost\u0119pny w koszyku podczas sk\u0142adania zam\u00f3wienia Kolekcja 2: kuchnia 3D 39,95 \u20ac * (Zalecana cena katalogowa: 39,95 \u20ac) \u2013 Wszystkie ceny zawieraj\u0105 ustawowy podatek VAT \u2013 Dodatkowa kolekcja obiekt\u00f3w 3D dla cadvilla * Kup i pobierzKolekcja...","protected":false},"author":1,"featured_media":0,"parent":0,"menu_order":0,"comment_status":"closed","ping_status":"closed","template":"","meta":{"footnotes":""},"class_list":["post-2380","page","type-page","status-publish","hentry"],"yoast_head":"<!-- This site is optimized with the Yoast SEO plugin v27.4 - https:\/\/yoast.com\/product\/yoast-seo-wordpress\/ -->\n<title>Obiekty programu cadvilla \u2014 Kolekcja 2: kuchnia<\/title>\n<meta name=\"robots\" content=\"index, follow, max-snippet:-1, max-image-preview:large, max-video-preview:-1\" \/>\n<link rel=\"canonical\" href=\"https:\/\/www.cadvilla.com\/pl\/z-objekty_kuchnia_2_3d\/\" \/>\n<meta property=\"og:locale\" content=\"pl_PL\" \/>\n<meta property=\"og:type\" content=\"article\" \/>\n<meta property=\"og:title\" content=\"Obiekty programu cadvilla \u2014 Kolekcja 2: kuchnia\" \/>\n<meta property=\"og:url\" content=\"https:\/\/www.cadvilla.com\/pl\/z-objekty_kuchnia_2_3d\/\" \/>\n<meta property=\"og:site_name\" content=\"cadvilla\" \/>\n<meta property=\"article:modified_time\" content=\"2023-10-22T12:30:37+00:00\" \/>\n<meta property=\"og:image\" content=\"https:\/\/www.cadvilla.com\/beispiele\/small\/kueche2\/Kitchen_2_red.jpg\" \/>\n<meta name=\"twitter:card\" content=\"summary_large_image\" \/>\n<meta name=\"twitter:label1\" content=\"Szacowany czas czytania\" \/>\n\t<meta name=\"twitter:data1\" content=\"3 minuty\" \/>\n<script type=\"application\/ld+json\" class=\"yoast-schema-graph\">{\"@context\":\"https:\\\/\\\/schema.org\",\"@graph\":[{\"@type\":\"WebPage\",\"@id\":\"https:\\\/\\\/www.cadvilla.com\\\/pl\\\/z-objekty_kuchnia_2_3d\\\/\",\"url\":\"https:\\\/\\\/www.cadvilla.com\\\/pl\\\/z-objekty_kuchnia_2_3d\\\/\",\"name\":\"Obiekty programu cadvilla \u2014 Kolekcja 2: kuchnia\",\"isPartOf\":{\"@id\":\"https:\\\/\\\/www.cadvilla.com\\\/pl\\\/#website\"},\"primaryImageOfPage\":{\"@id\":\"https:\\\/\\\/www.cadvilla.com\\\/pl\\\/z-objekty_kuchnia_2_3d\\\/#primaryimage\"},\"image\":{\"@id\":\"https:\\\/\\\/www.cadvilla.com\\\/pl\\\/z-objekty_kuchnia_2_3d\\\/#primaryimage\"},\"thumbnailUrl\":\"https:\\\/\\\/www.cadvilla.com\\\/beispiele\\\/small\\\/kueche2\\\/Kitchen_2_red.jpg\",\"datePublished\":\"2019-05-02T15:46:00+00:00\",\"dateModified\":\"2023-10-22T12:30:37+00:00\",\"breadcrumb\":{\"@id\":\"https:\\\/\\\/www.cadvilla.com\\\/pl\\\/z-objekty_kuchnia_2_3d\\\/#breadcrumb\"},\"inLanguage\":\"pl-PL\",\"potentialAction\":[{\"@type\":\"ReadAction\",\"target\":[\"https:\\\/\\\/www.cadvilla.com\\\/pl\\\/z-objekty_kuchnia_2_3d\\\/\"]}]},{\"@type\":\"ImageObject\",\"inLanguage\":\"pl-PL\",\"@id\":\"https:\\\/\\\/www.cadvilla.com\\\/pl\\\/z-objekty_kuchnia_2_3d\\\/#primaryimage\",\"url\":\"https:\\\/\\\/www.cadvilla.com\\\/beispiele\\\/small\\\/kueche2\\\/Kitchen_2_red.jpg\",\"contentUrl\":\"https:\\\/\\\/www.cadvilla.com\\\/beispiele\\\/small\\\/kueche2\\\/Kitchen_2_red.jpg\"},{\"@type\":\"BreadcrumbList\",\"@id\":\"https:\\\/\\\/www.cadvilla.com\\\/pl\\\/z-objekty_kuchnia_2_3d\\\/#breadcrumb\",\"itemListElement\":[{\"@type\":\"ListItem\",\"position\":1,\"name\":\"Startseite\",\"item\":\"https:\\\/\\\/www.cadvilla.com\\\/pl\\\/\"},{\"@type\":\"ListItem\",\"position\":2,\"name\":\"Dodatkowe obiekty programu Cadvilla &#8211; Kolekcja 2: kuchnia 3D\"}]},{\"@type\":\"WebSite\",\"@id\":\"https:\\\/\\\/www.cadvilla.com\\\/pl\\\/#website\",\"url\":\"https:\\\/\\\/www.cadvilla.com\\\/pl\\\/\",\"name\":\"cadvilla\",\"description\":\"\",\"publisher\":{\"@id\":\"https:\\\/\\\/www.cadvilla.com\\\/pl\\\/#organization\"},\"potentialAction\":[{\"@type\":\"SearchAction\",\"target\":{\"@type\":\"EntryPoint\",\"urlTemplate\":\"https:\\\/\\\/www.cadvilla.com\\\/pl\\\/?s={search_term_string}\"},\"query-input\":{\"@type\":\"PropertyValueSpecification\",\"valueRequired\":true,\"valueName\":\"search_term_string\"}}],\"inLanguage\":\"pl-PL\"},{\"@type\":\"Organization\",\"@id\":\"https:\\\/\\\/www.cadvilla.com\\\/pl\\\/#organization\",\"name\":\"cadvilla\",\"url\":\"https:\\\/\\\/www.cadvilla.com\\\/pl\\\/\",\"logo\":{\"@type\":\"ImageObject\",\"inLanguage\":\"pl-PL\",\"@id\":\"https:\\\/\\\/www.cadvilla.com\\\/pl\\\/#\\\/schema\\\/logo\\\/image\\\/\",\"url\":\"https:\\\/\\\/www.cadvilla.com\\\/wp-content\\\/uploads\\\/logo_cadvilla.png\",\"contentUrl\":\"https:\\\/\\\/www.cadvilla.com\\\/wp-content\\\/uploads\\\/logo_cadvilla.png\",\"width\":157,\"height\":51,\"caption\":\"cadvilla\"},\"image\":{\"@id\":\"https:\\\/\\\/www.cadvilla.com\\\/pl\\\/#\\\/schema\\\/logo\\\/image\\\/\"}}]}<\/script>\n<!-- \/ Yoast SEO plugin. -->","yoast_head_json":{"title":"Obiekty programu cadvilla \u2014 Kolekcja 2: kuchnia","robots":{"index":"index","follow":"follow","max-snippet":"max-snippet:-1","max-image-preview":"max-image-preview:large","max-video-preview":"max-video-preview:-1"},"canonical":"https:\/\/www.cadvilla.com\/pl\/z-objekty_kuchnia_2_3d\/","og_locale":"pl_PL","og_type":"article","og_title":"Obiekty programu cadvilla \u2014 Kolekcja 2: kuchnia","og_url":"https:\/\/www.cadvilla.com\/pl\/z-objekty_kuchnia_2_3d\/","og_site_name":"cadvilla","article_modified_time":"2023-10-22T12:30:37+00:00","og_image":[{"url":"https:\/\/www.cadvilla.com\/beispiele\/small\/kueche2\/Kitchen_2_red.jpg","type":"","width":"","height":""}],"twitter_card":"summary_large_image","twitter_misc":{"Szacowany czas czytania":"3 minuty"},"schema":{"@context":"https:\/\/schema.org","@graph":[{"@type":"WebPage","@id":"https:\/\/www.cadvilla.com\/pl\/z-objekty_kuchnia_2_3d\/","url":"https:\/\/www.cadvilla.com\/pl\/z-objekty_kuchnia_2_3d\/","name":"Obiekty programu cadvilla \u2014 Kolekcja 2: kuchnia","isPartOf":{"@id":"https:\/\/www.cadvilla.com\/pl\/#website"},"primaryImageOfPage":{"@id":"https:\/\/www.cadvilla.com\/pl\/z-objekty_kuchnia_2_3d\/#primaryimage"},"image":{"@id":"https:\/\/www.cadvilla.com\/pl\/z-objekty_kuchnia_2_3d\/#primaryimage"},"thumbnailUrl":"https:\/\/www.cadvilla.com\/beispiele\/small\/kueche2\/Kitchen_2_red.jpg","datePublished":"2019-05-02T15:46:00+00:00","dateModified":"2023-10-22T12:30:37+00:00","breadcrumb":{"@id":"https:\/\/www.cadvilla.com\/pl\/z-objekty_kuchnia_2_3d\/#breadcrumb"},"inLanguage":"pl-PL","potentialAction":[{"@type":"ReadAction","target":["https:\/\/www.cadvilla.com\/pl\/z-objekty_kuchnia_2_3d\/"]}]},{"@type":"ImageObject","inLanguage":"pl-PL","@id":"https:\/\/www.cadvilla.com\/pl\/z-objekty_kuchnia_2_3d\/#primaryimage","url":"https:\/\/www.cadvilla.com\/beispiele\/small\/kueche2\/Kitchen_2_red.jpg","contentUrl":"https:\/\/www.cadvilla.com\/beispiele\/small\/kueche2\/Kitchen_2_red.jpg"},{"@type":"BreadcrumbList","@id":"https:\/\/www.cadvilla.com\/pl\/z-objekty_kuchnia_2_3d\/#breadcrumb","itemListElement":[{"@type":"ListItem","position":1,"name":"Startseite","item":"https:\/\/www.cadvilla.com\/pl\/"},{"@type":"ListItem","position":2,"name":"Dodatkowe obiekty programu Cadvilla &#8211; Kolekcja 2: kuchnia 3D"}]},{"@type":"WebSite","@id":"https:\/\/www.cadvilla.com\/pl\/#website","url":"https:\/\/www.cadvilla.com\/pl\/","name":"cadvilla","description":"","publisher":{"@id":"https:\/\/www.cadvilla.com\/pl\/#organization"},"potentialAction":[{"@type":"SearchAction","target":{"@type":"EntryPoint","urlTemplate":"https:\/\/www.cadvilla.com\/pl\/?s={search_term_string}"},"query-input":{"@type":"PropertyValueSpecification","valueRequired":true,"valueName":"search_term_string"}}],"inLanguage":"pl-PL"},{"@type":"Organization","@id":"https:\/\/www.cadvilla.com\/pl\/#organization","name":"cadvilla","url":"https:\/\/www.cadvilla.com\/pl\/","logo":{"@type":"ImageObject","inLanguage":"pl-PL","@id":"https:\/\/www.cadvilla.com\/pl\/#\/schema\/logo\/image\/","url":"https:\/\/www.cadvilla.com\/wp-content\/uploads\/logo_cadvilla.png","contentUrl":"https:\/\/www.cadvilla.com\/wp-content\/uploads\/logo_cadvilla.png","width":157,"height":51,"caption":"cadvilla"},"image":{"@id":"https:\/\/www.cadvilla.com\/pl\/#\/schema\/logo\/image\/"}}]}},"_links":{"self":[{"href":"https:\/\/www.cadvilla.com\/pl\/wp-json\/wp\/v2\/pages\/2380","targetHints":{"allow":["GET"]}}],"collection":[{"href":"https:\/\/www.cadvilla.com\/pl\/wp-json\/wp\/v2\/pages"}],"about":[{"href":"https:\/\/www.cadvilla.com\/pl\/wp-json\/wp\/v2\/types\/page"}],"author":[{"embeddable":true,"href":"https:\/\/www.cadvilla.com\/pl\/wp-json\/wp\/v2\/users\/1"}],"replies":[{"embeddable":true,"href":"https:\/\/www.cadvilla.com\/pl\/wp-json\/wp\/v2\/comments?post=2380"}],"version-history":[{"count":0,"href":"https:\/\/www.cadvilla.com\/pl\/wp-json\/wp\/v2\/pages\/2380\/revisions"}],"wp:attachment":[{"href":"https:\/\/www.cadvilla.com\/pl\/wp-json\/wp\/v2\/media?parent=2380"}],"curies":[{"name":"wp","href":"https:\/\/api.w.org\/{rel}","templated":true}]}}