{"id":2711,"date":"2019-05-16T12:23:52","date_gmt":"2019-05-16T10:23:52","guid":{"rendered":"https:\/\/www.cadvilla.pl\/z-dxf_dwg_import\/"},"modified":"2023-10-22T14:34:48","modified_gmt":"2023-10-22T12:34:48","slug":"z-dxf_dwg_import","status":"publish","type":"page","link":"https:\/\/www.cadvilla.com\/pl\/z-dxf_dwg_import\/","title":{"rendered":"Importuj format 2D DXF i 2D DWG do programu cadvilla"},"content":{"rendered":"<section class=\"l-section wpb_row ca-headerbackground0 height_auto\"><div class=\"l-section-h i-cf\"><div class=\"g-cols vc_row via_grid cols_1 laptops-cols_inherit tablets-cols_inherit mobiles-cols_1 valign_bottom type_default stacking_default\"><div class=\"wpb_column vc_column_container\"><div class=\"vc_column-inner\"><\/div><\/div><\/div><\/div><\/section><section class=\"l-section wpb_row height_auto\"><div class=\"l-section-h i-cf\"><div class=\"g-cols vc_row via_grid cols_1 laptops-cols_inherit tablets-cols_inherit mobiles-cols_1 valign_top type_default stacking_default\"><div class=\"wpb_column vc_column_container\"><div class=\"vc_column-inner\"><\/div><\/div><\/div><\/div><\/section><section class=\"l-section wpb_row ca-headerbg height_small\" id=\"begin\"><div class=\"l-section-h i-cf\"><div class=\"g-cols vc_row via_grid cols_1 laptops-cols_inherit tablets-cols_inherit mobiles-cols_1 valign_top type_default stacking_default\"><div class=\"wpb_column vc_column_container\"><div class=\"vc_column-inner\"><div class=\"wpb_text_column ca-heading1\"><div class=\"wpb_wrapper\"><h1>Importuj format 2D DXF i 2D DWG do programu cadvilla<\/h1>\n<\/div><\/div><\/div><\/div><\/div><\/div><\/section><section class=\"l-section wpb_row height_medium\"><div class=\"l-section-h i-cf\"><div class=\"g-cols vc_row via_grid cols_3-1 laptops-cols_inherit tablets-cols_inherit mobiles-cols_1 valign_top type_default stacking_default\"><div class=\"wpb_column vc_column_container\"><div class=\"vc_column-inner\"><div class=\"g-cols wpb_row via_grid cols_1-2 laptops-cols_inherit tablets-cols_inherit mobiles-cols_1 valign_top type_default stacking_default\" style=\"--columns-gap:3rem;\"><div class=\"wpb_column vc_column_container\"><div class=\"vc_column-inner\"><div class=\"w-image align_center\"><div class=\"w-image-h\"><img decoding=\"async\" width=\"200\" height=\"200\" src=\"https:\/\/www.cadvilla.com\/wp-content\/uploads\/zusatzmodul_pl.png\" class=\"attachment-full size-full\" alt=\"Modu\u0142 dodatkowy dla Cadvilla\" loading=\"lazy\" \/><\/div><\/div><div class=\"wpb_text_column ca-product-small_info\"><div class=\"wpb_wrapper\"><p>Zwolnij przez aktywacj\u0119<\/p>\n<\/div><\/div><\/div><\/div><div class=\"wpb_column vc_column_container\"><div class=\"vc_column-inner\"><div class=\"wpb_text_column\"><div class=\"wpb_wrapper\"><h2><strong>2D-DXF\/DWG Import &#8211; Dodatkowy <\/strong><strong>modu\u0142 <\/strong><\/h2>\n<h4><strong><span style=\"color: #ff9900;\">94,50 \u20ac *<\/span><\/strong><\/h4>\n<p><span style=\"color: #999999;\">(Zalecana cena katalogowa, obecnie brak dost\u0119pnych dzia\u0142a\u0144)<\/span><\/p>\n<p>\u2013 Wszystkie ceny zawieraj\u0105 ustawowy podatek VAT<\/p>\n<\/div><\/div><div class=\"w-btn-wrapper align_left\"><a class=\"w-btn us-btn-style_2 us_custom_2d9ebfef icon_atleft\" rel=\"nofollow\" href=\"https:\/\/www.cleverbridge.com\/1106\/?scope=checkout&amp;cart=221254&amp;languages=pl&amp;cookie=true&amp;cfg=design_2018&amp;recommendation=addbackup\"><i class=\"fas fa-download\"><\/i><span class=\"w-btn-label\">Kup i pobierz<\/span><\/a><\/div><div class=\"w-separator size_medium\"><\/div><\/div><\/div><\/div><div class=\"g-cols wpb_row via_grid cols_1 laptops-cols_inherit tablets-cols_inherit mobiles-cols_1 valign_top type_default stacking_default\" style=\"--columns-gap:3rem;\"><div class=\"wpb_column vc_column_container\"><div class=\"vc_column-inner\"><div class=\"wpb_text_column\"><div class=\"wpb_wrapper\"><h2>Dodatek do importowania plik\u00f3w 2D DXF i 2D DWG<\/h2>\n<\/div><\/div><div class=\"wpb_text_column\"><div class=\"wpb_wrapper\"><p>Ten modu\u0142 dodatkowy s\u0142u\u017cy do importu plik\u00f3w 2D DXF i 2D DWG za pomoc\u0105 okna dialogowego do wyboru zawartej warstwy. Istnieje mo\u017cliwo\u015b\u0107 okre\u015blenia wymiar\u00f3w.<\/p>\n<p>Importowane tre\u015bci wstawiane s\u0105 \u0142\u0105cznie jako<br \/>\nsymbol 2D.<\/p>\n<p>Dane wstawionego symbolu 2D mo\u017cna nast\u0119pnie wykorzysta\u0107 jako szczeg\u00f3\u0142 planu oraz jako podstaw\u0119 do utworzenia modelu 3D..<\/p>\n<p>W tym celu nale\u017cy zast\u0105pi\u0107 pojedyncze symbole linii \u015bcianami, drzwiami, oknami itd.<\/p>\n<\/div><\/div><div class=\"wpb_text_column\"><div class=\"wpb_wrapper\"><h3>Ten modu\u0142 jest zawarty w nast\u0119puj\u0105cych wersjach programu cadvilla<\/h3>\n<\/div><\/div><div class=\"w-tabs us_custom_89477bc8 style_default switch_click accordion type_togglable has_scrolling\" style=\"--sections-title-size:18px\"><div class=\"w-tabs-sections titles-align_none icon_chevron cpos_right\"><div class=\"w-tabs-section vergleich_header has_text_color\" id=\"h8a9\" style=\"color:rgba(31,31,31,0.01);\"><button class=\"w-tabs-section-header with_icon\" aria-controls=\"content-h8a9\" aria-expanded=\"false\"><i class=\"fas fa-table\"><\/i><div class=\"w-tabs-section-title\">Tab 1<\/div><div class=\"w-tabs-section-control\"><\/div><\/button><div  class=\"w-tabs-section-content\" id=\"content-h8a9\"><div class=\"w-tabs-section-content-h i-cf\"><div class=\"wpb_text_column\"><div class=\"wpb_wrapper\"><\/div><\/div><\/div><\/div><\/div><div class=\"w-tabs-section vergleich_xx_xxx_cp_cpp\" id=\"da14\"><button class=\"w-tabs-section-header\" aria-controls=\"content-da14\" aria-expanded=\"false\"><div class=\"w-tabs-section-title\">2D-DXF\/DWG Import<\/div><div class=\"w-tabs-section-control\"><\/div><\/button><div  class=\"w-tabs-section-content\" id=\"content-da14\"><div class=\"w-tabs-section-content-h i-cf\"><div class=\"wpb_text_column\"><div class=\"wpb_wrapper\"><\/div><\/div><\/div><\/div><\/div><\/div><\/div><\/div><\/div><\/div><div class=\"w-separator size_large\"><\/div><div class=\"g-cols wpb_row us_custom_79981fe8 via_grid cols_1 laptops-cols_inherit tablets-cols_inherit mobiles-cols_1 valign_top type_default stacking_default\" style=\"--columns-gap:3rem;\"><div class=\"wpb_column vc_column_container\"><div class=\"vc_column-inner\"><div class=\"wpb_text_column\"><div class=\"wpb_wrapper\"><h2><span class=\"headline_3\">Zakres us\u0142ug \u2014 importowanie plik\u00f3w 2D DXF i 2D DWG<\/span><\/h2>\n<\/div><\/div><div class=\"w-tabs us_custom_89477bc8 style_default switch_click accordion type_togglable has_scrolling\" style=\"--sections-title-size:18px\"><div class=\"w-tabs-sections titles-align_none icon_chevron cpos_right\"><div class=\"w-tabs-section active\" id=\"l849\"><button class=\"w-tabs-section-header active with_icon\" aria-controls=\"content-l849\" aria-expanded=\"true\"><i class=\"fas fa-plus\"><\/i><div class=\"w-tabs-section-title\">Import do formatu 2D DXF i 2D DWG<\/div><div class=\"w-tabs-section-control\"><\/div><\/button><div  class=\"w-tabs-section-content\" id=\"content-l849\"><div class=\"w-tabs-section-content-h i-cf\"><div class=\"wpb_text_column\"><div class=\"wpb_wrapper\"><p><img data-dominant-color=\"e5e6e9\" data-has-transparency=\"false\" style=\"--dominant-color: #e5e6e9;\" loading=\"lazy\" decoding=\"async\" class=\"alignright wp-image-2577 size-full not-transparent\" title=\"Import do formatu 2D DXF i 2D DWG\" src=\"https:\/\/www.cadvilla.com\/wp-content\/uploads\/dxf-import_gesamt.png\" alt=\"Import do formatu 2D DXF i 2D DWG\" width=\"300\" height=\"227\" \/>Po za\u0142adowaniu pliku pojawi si\u0119 okno dialogowe z podgl\u0105dem. Mo\u017cna wybra\u0107 tre\u015bci do zaimportowania w oknie warstw poprzez aktywowanie lub dezaktywowanie odpowiednich warstw.<\/p>\n<p>Po imporcie lub podczas niego mo\u017cna dopasowa\u0107 skalowanie oraz wy\u015bwietlanie linii. Plik DXF\/DWG zostanie najpierw zaimportowany jako element \u2014 symbol 2D.<\/p>\n<p>Import formatu DXF\/DWG mo\u017cna wykorzysta\u0107 na przyk\u0142ad do pobrania plan\u00f3w architektonicznych albo do importowania katalog\u00f3w symboli 2D.<\/p>\n<p>Podczas pobierania symboli mo\u017cna wed\u0142ug potrzeb samodzielnie roz\u0142o\u017cy\u0107 je na pojedyncze elementy, edytowa\u0107, a na koniec zapisa\u0107 za pomoc\u0105 standardowych funkcji w katalogu 2D.<\/p>\n<p>W przypadku pobierania rzut\u00f3w poziomych mo\u017cna wykorzysta\u0107 zaimportowane warstwy jako linie pomocnicze w programie Cadvilla, aby na przyk\u0142ad osadzi\u0107 na nich \u015bciany.<\/p>\n<\/div><\/div><\/div><\/div><\/div><\/div><\/div><\/div><\/div><\/div><\/div><\/div><div class=\"wpb_column vc_column_container\"><div class=\"vc_column-inner\"><div class=\"wpb_text_column\"><div class=\"wpb_wrapper\"><h5><span class=\"ca-headertext-seitenleiste\">Dalsze dodatkowe modu\u0142y<\/span><\/h5>\n<\/div><\/div><div class=\"wpb_widgetised_column wpb_content_element\"><div class=\"wpb_wrapper\"><div id=\"nav_menu-7\" class=\"widget widget_nav_menu\"><div class=\"menu-zusatzmodule-pl-container\"><ul id=\"menu-zusatzmodule-pl\" class=\"menu\"><li id=\"menu-item-2807\" class=\"menu-item menu-item-type-post_type menu-item-object-page menu-item-2807\"><a href=\"https:\/\/www.cadvilla.com\/pl\/z-ksiega_przedmiarow\/\"><i class=\"fas fa-plus\"><\/i> Ksi\u0119ga przedmiar\u00f3w<\/a><\/li>\n<li id=\"menu-item-2806\" class=\"menu-item menu-item-type-post_type menu-item-object-page menu-item-2806\"><a href=\"https:\/\/www.cadvilla.com\/pl\/z-konverter\/\"><i class=\"fas fa-plus\"><\/i> Konwerter 3D<\/a><\/li>\n<li id=\"menu-item-2805\" class=\"menu-item menu-item-type-post_type menu-item-object-page menu-item-2805\"><a href=\"https:\/\/www.cadvilla.com\/pl\/z-plan_generalny\/\"><i class=\"fas fa-plus\"><\/i> Plan generalny<\/a><\/li>\n<li id=\"menu-item-2719\" class=\"menu-item menu-item-type-post_type menu-item-object-page menu-item-2719\"><a href=\"https:\/\/www.cadvilla.com\/pl\/z-dxf_dwg_import\/\"><i class=\"fas fa-plus\"><\/i> Import 2D DXF i 2D DWG<\/a><\/li>\n<li id=\"menu-item-2718\" class=\"menu-item menu-item-type-post_type menu-item-object-page menu-item-2718\"><a href=\"https:\/\/www.cadvilla.com\/pl\/z-dxf_dwg_eksport\/\"><i class=\"fas fa-plus\"><\/i> Eksport 2D DXF i 2D DWG<\/a><\/li>\n<li id=\"menu-item-2804\" class=\"menu-item menu-item-type-post_type menu-item-object-page menu-item-2804\"><a href=\"https:\/\/www.cadvilla.com\/pl\/z-konstrukcja_okna\/\"><i class=\"fas fa-plus\"><\/i> Konstrukcja okna<\/a><\/li>\n<li id=\"menu-item-2803\" class=\"menu-item menu-item-type-post_type menu-item-object-page menu-item-2803\"><a href=\"https:\/\/www.cadvilla.com\/pl\/z-cinema4d_eksport\/\"><i class=\"fas fa-plus\"><\/i> CINEMA 4D Eksport<\/a><\/li>\n<\/ul><\/div><\/div><\/div><\/div><\/div><\/div><\/div><\/div><\/section>\n","protected":false},"excerpt":{"rendered":"Importuj format 2D DXF i 2D DWG do programu cadvilla Zwolnij przez aktywacj\u0119 2D-DXF\/DWG Import &#8211; Dodatkowy modu\u0142 94,50 \u20ac * (Zalecana cena katalogowa, obecnie brak dost\u0119pnych dzia\u0142a\u0144) \u2013 Wszystkie ceny zawieraj\u0105 ustawowy podatek VAT Kup i pobierz Dodatek do importowania plik\u00f3w 2D DXF i 2D DWG Ten modu\u0142 dodatkowy s\u0142u\u017cy do importu plik\u00f3w 2D...","protected":false},"author":1,"featured_media":0,"parent":0,"menu_order":0,"comment_status":"closed","ping_status":"closed","template":"","meta":{"footnotes":""},"class_list":["post-2711","page","type-page","status-publish","hentry"],"yoast_head":"<!-- This site is optimized with the Yoast SEO plugin v27.4 - https:\/\/yoast.com\/product\/yoast-seo-wordpress\/ -->\n<title>Importuj format 2D DXF i 2D DWG<\/title>\n<meta name=\"robots\" content=\"index, follow, max-snippet:-1, max-image-preview:large, max-video-preview:-1\" \/>\n<link rel=\"canonical\" href=\"https:\/\/www.cadvilla.com\/pl\/z-dxf_dwg_import\/\" \/>\n<meta property=\"og:locale\" content=\"pl_PL\" \/>\n<meta property=\"og:type\" content=\"article\" \/>\n<meta property=\"og:title\" content=\"Importuj format 2D DXF i 2D DWG\" \/>\n<meta property=\"og:url\" content=\"https:\/\/www.cadvilla.com\/pl\/z-dxf_dwg_import\/\" \/>\n<meta property=\"og:site_name\" content=\"cadvilla\" \/>\n<meta property=\"article:modified_time\" content=\"2023-10-22T12:34:48+00:00\" \/>\n<meta property=\"og:image\" content=\"https:\/\/www.cadvilla.com\/wp-content\/uploads\/dxf-import_gesamt.png\" \/>\n<meta name=\"twitter:card\" content=\"summary_large_image\" \/>\n<meta name=\"twitter:label1\" content=\"Szacowany czas czytania\" \/>\n\t<meta name=\"twitter:data1\" content=\"2 minuty\" \/>\n<script type=\"application\/ld+json\" class=\"yoast-schema-graph\">{\"@context\":\"https:\\\/\\\/schema.org\",\"@graph\":[{\"@type\":\"WebPage\",\"@id\":\"https:\\\/\\\/www.cadvilla.com\\\/pl\\\/z-dxf_dwg_import\\\/\",\"url\":\"https:\\\/\\\/www.cadvilla.com\\\/pl\\\/z-dxf_dwg_import\\\/\",\"name\":\"Importuj format 2D DXF i 2D DWG\",\"isPartOf\":{\"@id\":\"https:\\\/\\\/www.cadvilla.com\\\/pl\\\/#website\"},\"primaryImageOfPage\":{\"@id\":\"https:\\\/\\\/www.cadvilla.com\\\/pl\\\/z-dxf_dwg_import\\\/#primaryimage\"},\"image\":{\"@id\":\"https:\\\/\\\/www.cadvilla.com\\\/pl\\\/z-dxf_dwg_import\\\/#primaryimage\"},\"thumbnailUrl\":\"https:\\\/\\\/www.cadvilla.com\\\/wp-content\\\/uploads\\\/dxf-import_gesamt.png\",\"datePublished\":\"2019-05-16T10:23:52+00:00\",\"dateModified\":\"2023-10-22T12:34:48+00:00\",\"breadcrumb\":{\"@id\":\"https:\\\/\\\/www.cadvilla.com\\\/pl\\\/z-dxf_dwg_import\\\/#breadcrumb\"},\"inLanguage\":\"pl-PL\",\"potentialAction\":[{\"@type\":\"ReadAction\",\"target\":[\"https:\\\/\\\/www.cadvilla.com\\\/pl\\\/z-dxf_dwg_import\\\/\"]}]},{\"@type\":\"ImageObject\",\"inLanguage\":\"pl-PL\",\"@id\":\"https:\\\/\\\/www.cadvilla.com\\\/pl\\\/z-dxf_dwg_import\\\/#primaryimage\",\"url\":\"https:\\\/\\\/www.cadvilla.com\\\/wp-content\\\/uploads\\\/dxf-import_gesamt.png\",\"contentUrl\":\"https:\\\/\\\/www.cadvilla.com\\\/wp-content\\\/uploads\\\/dxf-import_gesamt.png\"},{\"@type\":\"BreadcrumbList\",\"@id\":\"https:\\\/\\\/www.cadvilla.com\\\/pl\\\/z-dxf_dwg_import\\\/#breadcrumb\",\"itemListElement\":[{\"@type\":\"ListItem\",\"position\":1,\"name\":\"Startseite\",\"item\":\"https:\\\/\\\/www.cadvilla.com\\\/pl\\\/\"},{\"@type\":\"ListItem\",\"position\":2,\"name\":\"Importuj format 2D DXF i 2D DWG do programu cadvilla\"}]},{\"@type\":\"WebSite\",\"@id\":\"https:\\\/\\\/www.cadvilla.com\\\/pl\\\/#website\",\"url\":\"https:\\\/\\\/www.cadvilla.com\\\/pl\\\/\",\"name\":\"cadvilla\",\"description\":\"\",\"publisher\":{\"@id\":\"https:\\\/\\\/www.cadvilla.com\\\/pl\\\/#organization\"},\"potentialAction\":[{\"@type\":\"SearchAction\",\"target\":{\"@type\":\"EntryPoint\",\"urlTemplate\":\"https:\\\/\\\/www.cadvilla.com\\\/pl\\\/?s={search_term_string}\"},\"query-input\":{\"@type\":\"PropertyValueSpecification\",\"valueRequired\":true,\"valueName\":\"search_term_string\"}}],\"inLanguage\":\"pl-PL\"},{\"@type\":\"Organization\",\"@id\":\"https:\\\/\\\/www.cadvilla.com\\\/pl\\\/#organization\",\"name\":\"cadvilla\",\"url\":\"https:\\\/\\\/www.cadvilla.com\\\/pl\\\/\",\"logo\":{\"@type\":\"ImageObject\",\"inLanguage\":\"pl-PL\",\"@id\":\"https:\\\/\\\/www.cadvilla.com\\\/pl\\\/#\\\/schema\\\/logo\\\/image\\\/\",\"url\":\"https:\\\/\\\/www.cadvilla.com\\\/wp-content\\\/uploads\\\/logo_cadvilla.png\",\"contentUrl\":\"https:\\\/\\\/www.cadvilla.com\\\/wp-content\\\/uploads\\\/logo_cadvilla.png\",\"width\":157,\"height\":51,\"caption\":\"cadvilla\"},\"image\":{\"@id\":\"https:\\\/\\\/www.cadvilla.com\\\/pl\\\/#\\\/schema\\\/logo\\\/image\\\/\"}}]}<\/script>\n<!-- \/ Yoast SEO plugin. -->","yoast_head_json":{"title":"Importuj format 2D DXF i 2D DWG","robots":{"index":"index","follow":"follow","max-snippet":"max-snippet:-1","max-image-preview":"max-image-preview:large","max-video-preview":"max-video-preview:-1"},"canonical":"https:\/\/www.cadvilla.com\/pl\/z-dxf_dwg_import\/","og_locale":"pl_PL","og_type":"article","og_title":"Importuj format 2D DXF i 2D DWG","og_url":"https:\/\/www.cadvilla.com\/pl\/z-dxf_dwg_import\/","og_site_name":"cadvilla","article_modified_time":"2023-10-22T12:34:48+00:00","og_image":[{"url":"https:\/\/www.cadvilla.com\/wp-content\/uploads\/dxf-import_gesamt.png","type":"","width":"","height":""}],"twitter_card":"summary_large_image","twitter_misc":{"Szacowany czas czytania":"2 minuty"},"schema":{"@context":"https:\/\/schema.org","@graph":[{"@type":"WebPage","@id":"https:\/\/www.cadvilla.com\/pl\/z-dxf_dwg_import\/","url":"https:\/\/www.cadvilla.com\/pl\/z-dxf_dwg_import\/","name":"Importuj format 2D DXF i 2D DWG","isPartOf":{"@id":"https:\/\/www.cadvilla.com\/pl\/#website"},"primaryImageOfPage":{"@id":"https:\/\/www.cadvilla.com\/pl\/z-dxf_dwg_import\/#primaryimage"},"image":{"@id":"https:\/\/www.cadvilla.com\/pl\/z-dxf_dwg_import\/#primaryimage"},"thumbnailUrl":"https:\/\/www.cadvilla.com\/wp-content\/uploads\/dxf-import_gesamt.png","datePublished":"2019-05-16T10:23:52+00:00","dateModified":"2023-10-22T12:34:48+00:00","breadcrumb":{"@id":"https:\/\/www.cadvilla.com\/pl\/z-dxf_dwg_import\/#breadcrumb"},"inLanguage":"pl-PL","potentialAction":[{"@type":"ReadAction","target":["https:\/\/www.cadvilla.com\/pl\/z-dxf_dwg_import\/"]}]},{"@type":"ImageObject","inLanguage":"pl-PL","@id":"https:\/\/www.cadvilla.com\/pl\/z-dxf_dwg_import\/#primaryimage","url":"https:\/\/www.cadvilla.com\/wp-content\/uploads\/dxf-import_gesamt.png","contentUrl":"https:\/\/www.cadvilla.com\/wp-content\/uploads\/dxf-import_gesamt.png"},{"@type":"BreadcrumbList","@id":"https:\/\/www.cadvilla.com\/pl\/z-dxf_dwg_import\/#breadcrumb","itemListElement":[{"@type":"ListItem","position":1,"name":"Startseite","item":"https:\/\/www.cadvilla.com\/pl\/"},{"@type":"ListItem","position":2,"name":"Importuj format 2D DXF i 2D DWG do programu cadvilla"}]},{"@type":"WebSite","@id":"https:\/\/www.cadvilla.com\/pl\/#website","url":"https:\/\/www.cadvilla.com\/pl\/","name":"cadvilla","description":"","publisher":{"@id":"https:\/\/www.cadvilla.com\/pl\/#organization"},"potentialAction":[{"@type":"SearchAction","target":{"@type":"EntryPoint","urlTemplate":"https:\/\/www.cadvilla.com\/pl\/?s={search_term_string}"},"query-input":{"@type":"PropertyValueSpecification","valueRequired":true,"valueName":"search_term_string"}}],"inLanguage":"pl-PL"},{"@type":"Organization","@id":"https:\/\/www.cadvilla.com\/pl\/#organization","name":"cadvilla","url":"https:\/\/www.cadvilla.com\/pl\/","logo":{"@type":"ImageObject","inLanguage":"pl-PL","@id":"https:\/\/www.cadvilla.com\/pl\/#\/schema\/logo\/image\/","url":"https:\/\/www.cadvilla.com\/wp-content\/uploads\/logo_cadvilla.png","contentUrl":"https:\/\/www.cadvilla.com\/wp-content\/uploads\/logo_cadvilla.png","width":157,"height":51,"caption":"cadvilla"},"image":{"@id":"https:\/\/www.cadvilla.com\/pl\/#\/schema\/logo\/image\/"}}]}},"_links":{"self":[{"href":"https:\/\/www.cadvilla.com\/pl\/wp-json\/wp\/v2\/pages\/2711","targetHints":{"allow":["GET"]}}],"collection":[{"href":"https:\/\/www.cadvilla.com\/pl\/wp-json\/wp\/v2\/pages"}],"about":[{"href":"https:\/\/www.cadvilla.com\/pl\/wp-json\/wp\/v2\/types\/page"}],"author":[{"embeddable":true,"href":"https:\/\/www.cadvilla.com\/pl\/wp-json\/wp\/v2\/users\/1"}],"replies":[{"embeddable":true,"href":"https:\/\/www.cadvilla.com\/pl\/wp-json\/wp\/v2\/comments?post=2711"}],"version-history":[{"count":0,"href":"https:\/\/www.cadvilla.com\/pl\/wp-json\/wp\/v2\/pages\/2711\/revisions"}],"wp:attachment":[{"href":"https:\/\/www.cadvilla.com\/pl\/wp-json\/wp\/v2\/media?parent=2711"}],"curies":[{"name":"wp","href":"https:\/\/api.w.org\/{rel}","templated":true}]}}