{"id":2737,"date":"2019-05-16T11:50:37","date_gmt":"2019-05-16T09:50:37","guid":{"rendered":"https:\/\/www.cadvilla.pl\/z-raumbuch\/"},"modified":"2023-10-22T14:35:20","modified_gmt":"2023-10-22T12:35:20","slug":"z-ksiega_przedmiarow","status":"publish","type":"page","link":"https:\/\/www.cadvilla.com\/pl\/z-ksiega_przedmiarow\/","title":{"rendered":"Ksi\u0119ga przedmiar\u00f3w do wyznaczania ilo\u015bci i powierzchni"},"content":{"rendered":"<section class=\"l-section wpb_row ca-headerbackground0 height_auto\"><div class=\"l-section-h i-cf\"><div class=\"g-cols vc_row via_grid cols_1 laptops-cols_inherit tablets-cols_inherit mobiles-cols_1 valign_bottom type_default stacking_default\"><div class=\"wpb_column vc_column_container\"><div class=\"vc_column-inner\"><\/div><\/div><\/div><\/div><\/section><section class=\"l-section wpb_row height_auto\"><div class=\"l-section-h i-cf\"><div class=\"g-cols vc_row via_grid cols_1 laptops-cols_inherit tablets-cols_inherit mobiles-cols_1 valign_top type_default stacking_default\"><div class=\"wpb_column vc_column_container\"><div class=\"vc_column-inner\"><\/div><\/div><\/div><\/div><\/section><section class=\"l-section wpb_row ca-headerbg height_small\" id=\"begin\"><div class=\"l-section-h i-cf\"><div class=\"g-cols vc_row via_grid cols_1 laptops-cols_inherit tablets-cols_inherit mobiles-cols_1 valign_top type_default stacking_default\"><div class=\"wpb_column vc_column_container\"><div class=\"vc_column-inner\"><div class=\"wpb_text_column ca-heading1\"><div class=\"wpb_wrapper\"><h1>Ksi\u0119ga przedmiar\u00f3w do wyznaczania ilo\u015bci i powierzchni<\/h1>\n<\/div><\/div><\/div><\/div><\/div><\/div><\/section><section class=\"l-section wpb_row height_medium\"><div class=\"l-section-h i-cf\"><div class=\"g-cols vc_row via_grid cols_3-1 laptops-cols_inherit tablets-cols_inherit mobiles-cols_1 valign_top type_default stacking_default\"><div class=\"wpb_column vc_column_container\"><div class=\"vc_column-inner\"><div class=\"g-cols wpb_row via_grid cols_1-2 laptops-cols_inherit tablets-cols_inherit mobiles-cols_1 valign_top type_default stacking_default\" style=\"--columns-gap:3rem;\"><div class=\"wpb_column vc_column_container\"><div class=\"vc_column-inner\"><div class=\"w-image align_center\"><div class=\"w-image-h\"><img decoding=\"async\" width=\"200\" height=\"200\" src=\"https:\/\/www.cadvilla.com\/wp-content\/uploads\/zusatzmodul_pl.png\" class=\"attachment-full size-full\" alt=\"Modu\u0142 dodatkowy dla Cadvilla\" loading=\"lazy\" \/><\/div><\/div><div class=\"wpb_text_column ca-product-small_info\"><div class=\"wpb_wrapper\"><p>Zwolnij przez aktywacj\u0119<\/p>\n<\/div><\/div><\/div><\/div><div class=\"wpb_column vc_column_container\"><div class=\"vc_column-inner\"><div class=\"wpb_text_column\"><div class=\"wpb_wrapper\"><h2><strong>Ksi\u0119ga przedmiar\u00f3w &#8211; Dodatkowy modu\u0142<\/strong><\/h2>\n<h4><strong><span style=\"color: #ff9900;\">58,90 \u20ac *<\/span><\/strong><\/h4>\n<p><span style=\"color: #999999;\">(Zalecana cena katalogowa, obecnie brak dost\u0119pnych dzia\u0142a\u0144)<\/span><\/p>\n<p>\u2013 Wszystkie ceny zawieraj\u0105 ustawowy podatek VAT<\/p>\n<\/div><\/div><div class=\"w-btn-wrapper align_left\"><a class=\"w-btn us-btn-style_2 us_custom_2d9ebfef icon_atleft\" rel=\"nofollow\" href=\"https:\/\/www.cleverbridge.com\/1106\/?scope=checkout&amp;cart=221256&amp;languages=pl&amp;cookie=true&amp;cfg=design_2018&amp;recommendation=addbackup\"><i class=\"fas fa-download\"><\/i><span class=\"w-btn-label\">Kup i pobierz<\/span><\/a><\/div><div class=\"w-separator size_medium\"><\/div><\/div><\/div><\/div><div class=\"g-cols wpb_row via_grid cols_1 laptops-cols_inherit tablets-cols_inherit mobiles-cols_1 valign_top type_default stacking_default\" style=\"--columns-gap:3rem;\"><div class=\"wpb_column vc_column_container\"><div class=\"vc_column-inner\"><div class=\"wpb_text_column\"><div class=\"wpb_wrapper\"><h2>Modu\u0142 dodatkowy do wyznaczania r\u00f3\u017cnych du\u017cych element\u00f3w i powierzchni<\/h2>\n<\/div><\/div><div class=\"wpb_text_column\"><div class=\"wpb_wrapper\"><p>Ten modu\u0142 dodatkowy umo\u017cliwia kolorowe opracowanie du\u017cych element\u00f3w i powierzchni zgodnie z niemieckim rozporz\u0105dzeniem WoFIV i norm\u0105 DIN 277 oraz udost\u0119pnia je w widokach 2D i 3D. Ponadto analiza powierzchni mo\u017ce odbywa\u0107 si\u0119 w r\u00f3\u017cnych listach w formatach PDF, EXCEL, RTF i HTML.<br \/>\nMo\u017cliwe s\u0105 nast\u0119puj\u0105ce warto\u015bci lub opracowania:<\/p>\n<ul type=\"disc\">\n<li>Powierzchnia pod\u0142ogi<\/li>\n<li>Powierzchnia mieszkalna<\/li>\n<li>Powierzchnia oparcia netto &lt; 1,5 m<\/li>\n<li>Powierzchnia oparcia netto &gt; 1,5 m<\/li>\n<li>Suma powierzchni oparcia netto<\/li>\n<li>Wolumen pomieszcze\u0144<\/li>\n<li>Obj\u0119to\u015b\u0107 pomieszcze\u0144 netto<\/li>\n<li>Obj\u0119to\u015b\u0107 pomieszcze\u0144 brutto<\/li>\n<li>Powierzchnia pi\u0119tra brutto<\/li>\n<\/ul>\n<p>Poza tym mo\u017cna zaprezentowa\u0107 r\u00f3\u017cne warto\u015bci w odniesieniu do nast\u0119puj\u0105cych element\u00f3w konstrukcyjnych:<\/p>\n<ul type=\"disc\">\n<li>Pod\u0142oga: powierzchnia pod\u0142ogi i wolumen<\/li>\n<li>\u015aciany: powierzchnia no\u015bna, powierzchnia boczna i wolumen<\/li>\n<li>Stropy: powierzchnia stropu i wolumen<\/li>\n<li>Kominy: powierzchnia no\u015bna, powierzchnia boczna i wolumen<\/li>\n<li>Podpory: powierzchnia no\u015bna, powierzchnia boczna i wolumen<\/li>\n<li>Kominy: powierzchnia no\u015bna, powierzchnia boczna i wolumen<\/li>\n<li>Konstrukcje 3D: powierzchnia, wolumen<\/li>\n<li>Dach: pokrycie powierzchni, d\u0142ugo\u015b\u0107 okapu dachu, d\u0142ugo\u015b\u0107 kraw\u0119dzi naro\u017ca, d\u0142ugo\u015b\u0107 kalenicy, d\u0142ugo\u015b\u0107 deski szczytowej<\/li>\n<\/ul>\n<\/div><\/div><div class=\"wpb_text_column\"><div class=\"wpb_wrapper\"><h3>Ten modu\u0142 jest zawarty w nast\u0119puj\u0105cych wersjach programu cadvilla<\/h3>\n<\/div><\/div><div class=\"w-tabs us_custom_89477bc8 style_default switch_click accordion type_togglable has_scrolling\" style=\"--sections-title-size:18px\"><div class=\"w-tabs-sections titles-align_none icon_chevron cpos_right\"><div class=\"w-tabs-section vergleich_header has_text_color\" id=\"w6cb\" style=\"color:rgba(31,31,31,0.01);\"><button class=\"w-tabs-section-header with_icon\" aria-controls=\"content-w6cb\" aria-expanded=\"false\"><i class=\"fas fa-table\"><\/i><div class=\"w-tabs-section-title\">Tab 1<\/div><div class=\"w-tabs-section-control\"><\/div><\/button><div  class=\"w-tabs-section-content\" id=\"content-w6cb\"><div class=\"w-tabs-section-content-h i-cf\"><div class=\"wpb_text_column\"><div class=\"wpb_wrapper\"><\/div><\/div><\/div><\/div><\/div><div class=\"w-tabs-section vergleich_xx_xxx_cp_cpp\" id=\"v918\"><button class=\"w-tabs-section-header\" aria-controls=\"content-v918\" aria-expanded=\"false\"><div class=\"w-tabs-section-title\">Ksi\u0119ga przedmiar\u00f3w<\/div><div class=\"w-tabs-section-control\"><\/div><\/button><div  class=\"w-tabs-section-content\" id=\"content-v918\"><div class=\"w-tabs-section-content-h i-cf\"><div class=\"wpb_text_column\"><div class=\"wpb_wrapper\"><\/div><\/div><\/div><\/div><\/div><\/div><\/div><\/div><\/div><\/div><div class=\"w-separator size_large\"><\/div><div class=\"g-cols wpb_row us_custom_79981fe8 via_grid cols_1 laptops-cols_inherit tablets-cols_inherit mobiles-cols_1 valign_top type_default stacking_default\" style=\"--columns-gap:3rem;\"><div class=\"wpb_column vc_column_container\"><div class=\"vc_column-inner\"><div class=\"wpb_text_column\"><div class=\"wpb_wrapper\"><h2>Zakres us\u0142ug \u2014 Ksi\u0119ga przedmiar\u00f3w do wyznaczania du\u017cych element\u00f3w i powierzchni<\/h2>\n<\/div><\/div><div class=\"w-tabs us_custom_89477bc8 style_default switch_click accordion type_togglable has_scrolling\" style=\"--sections-title-size:18px\"><div class=\"w-tabs-sections titles-align_none icon_chevron cpos_right\"><div class=\"w-tabs-section active\" id=\"d2b7\"><button class=\"w-tabs-section-header active with_icon\" aria-controls=\"content-d2b7\" aria-expanded=\"true\"><i class=\"fas fa-plus\"><\/i><div class=\"w-tabs-section-title\">Wyb\u00f3r do analizy du\u017cych element\u00f3w i powierzchni<\/div><div class=\"w-tabs-section-control\"><\/div><\/button><div  class=\"w-tabs-section-content\" id=\"content-d2b7\"><div class=\"w-tabs-section-content-h i-cf\"><div class=\"wpb_text_column\"><div class=\"wpb_wrapper\"><p><img loading=\"lazy\" decoding=\"async\" class=\"alignright wp-image-2749 size-full\" title=\"Wyb\u00f3r do analizy du\u017cych element\u00f3w i powierzchni\" src=\"https:\/\/www.cadvilla.com\/wp-content\/uploads\/pl_rb-auswahl_gesamt.png\" alt=\"Wyb\u00f3r do analizy du\u017cych element\u00f3w i powierzchni\" width=\"208\" height=\"379\" \/>Powierzchnia sk\u0142ada si\u0119 z dw\u00f3ch katalog\u00f3w \u2014 obszar i wyb\u00f3r. Za pomoc\u0105 kwadrat\u00f3w w drzewie folder\u00f3w aktywuje i dezaktywuje si\u0119 po\u017c\u0105dane obszary, powierzchnie i du\u017ce elementy.<\/p>\n<p>Mo\u017cna utworzy\u0107 wizualizacj\u0119 budynk\u00f3w, pi\u0119ter lub te\u017c mieszka\u0144. Widoczno\u015b\u0107 dezaktywowanych obiekt\u00f3w pozostaje niezmieniona.<\/p>\n<p>W tym przedstawieniu mo\u017cna oczywi\u015bcie aktywowa\u0107 lub dezaktywowa\u0107 odpowiednie p\u0142aszczyzny w widocznych warstwach, np. parter, pi\u0119tro lub poddasze.<\/p>\n<p>W drzewie folder\u00f3w w katalogu Wyb\u00f3r mo\u017cna wybra\u0107, kt\u00f3re elementy w danym obszarze maj\u0105 by\u0107 wy\u015bwietlane.<\/p>\n<\/div><\/div><\/div><\/div><\/div><div class=\"w-tabs-section active\" id=\"x6ce\"><button class=\"w-tabs-section-header active with_icon\" aria-controls=\"content-x6ce\" aria-expanded=\"true\"><i class=\"fas fa-plus\"><\/i><div class=\"w-tabs-section-title\">Ustawienia \u2014 ksi\u0119ga przedmiar\u00f3w<\/div><div class=\"w-tabs-section-control\"><\/div><\/button><div  class=\"w-tabs-section-content\" id=\"content-x6ce\"><div class=\"w-tabs-section-content-h i-cf\"><div class=\"wpb_text_column\"><div class=\"wpb_wrapper\"><p><img loading=\"lazy\" decoding=\"async\" class=\"alignright wp-image-2754 size-full\" title=\"Ustawienia ksi\u0119ga przedmiar\u00f3w\" src=\"https:\/\/www.cadvilla.com\/wp-content\/uploads\/pl_rb-einstellungen_gesamt.png\" alt=\"Ustawienia ksi\u0119ga przedmiar\u00f3w\" width=\"250\" height=\"219\" \/>Je\u015bli opcja \u201eAutomatycznie dopasuj wy\u015bwietlanie cz\u0119\u015bci budowlanych\u201d b\u0119dzie aktywowana, pozosta\u0142e elementy b\u0119d\u0105 przezroczyste lub niewidoczne w zale\u017cno\u015bci od tego, kt\u00f3re du\u017ce elementy poszczeg\u00f3lnych cz\u0119\u015bci budowlanych maj\u0105 by\u0107 wy\u015bwietlane; w przeciwnym wypadku wy\u015bwietlane s\u0105 one normalnie.<\/p>\n<p>W obszarze Rozk\u0142ad powierzchni zmienia si\u0119 ustawienia dotycz\u0105ce tego, czy nale\u017cy roz\u0142o\u017cy\u0107 powierzchnie na powierzchnie cz\u0119\u015bciowe. W tym przypadku powierzchnie dzielone s\u0105 wed\u0142ug formu\u0142 oraz w r\u00f3\u017cnych kolorach.<br \/>\nFormu\u0142y powierzchni cz\u0119\u015bciowych mo\u017cna r\u00f3wnie\u017c wy\u015bwietla\u0107, a w\u0142a\u015bciwo\u015bci tekstu mo\u017cna dowolnie dopasowa\u0107.<\/p>\n<\/div><\/div><\/div><\/div><\/div><div class=\"w-tabs-section\" id=\"nb19\"><button class=\"w-tabs-section-header with_icon\" aria-controls=\"content-nb19\" aria-expanded=\"false\"><i class=\"fas fa-plus\"><\/i><div class=\"w-tabs-section-title\">Kontrola powierzchni wy\u015bwietlanych w kolorach<\/div><div class=\"w-tabs-section-control\"><\/div><\/button><div  class=\"w-tabs-section-content\" id=\"content-nb19\"><div class=\"w-tabs-section-content-h i-cf\"><div class=\"wpb_text_column\"><div class=\"wpb_wrapper\"><p><img loading=\"lazy\" decoding=\"async\" class=\"wp-image-2739 size-full alignright\" title=\"Ksi\u0119ga przedmiar\u00f3w\" src=\"https:\/\/www.cadvilla.com\/wp-content\/uploads\/en_rb-flaechen_gesamt.png\" alt=\"Ksi\u0119ga przedmiar\u00f3w\" width=\"400\" height=\"320\" \/><\/p>\n<p>Wi\u0119cej szczeg\u00f3\u0142\u00f3w na temat <a href=\"https:\/\/www.cadvilla.com\/pl\/porownanie_wersji\/#kontrola-powierzchni-wyswietlanych-w-kolorach\"><em>Kontrola powierzchni wy\u015bwietlanych w kolorach<\/em><\/a><\/p>\n<\/div><\/div><\/div><\/div><\/div><div class=\"w-tabs-section\" id=\"td58\"><button class=\"w-tabs-section-header with_icon\" aria-controls=\"content-td58\" aria-expanded=\"false\"><i class=\"fas fa-plus\"><\/i><div class=\"w-tabs-section-title\">Analiza powierzchni w listach<\/div><div class=\"w-tabs-section-control\"><\/div><\/button><div  class=\"w-tabs-section-content\" id=\"content-td58\"><div class=\"w-tabs-section-content-h i-cf\"><div class=\"wpb_text_column\"><div class=\"wpb_wrapper\"><p>Wi\u0119cej szczeg\u00f3\u0142\u00f3w na temat <a href=\"https:\/\/www.cadvilla.com\/pl\/porownanie_wersji\/#analiza-powierzchni-w-listach\"><em>Analiza powierzchni w listach<\/em><\/a><\/p>\n<\/div><\/div><\/div><\/div><\/div><div class=\"w-tabs-section active\" id=\"c0b0\"><button class=\"w-tabs-section-header active with_icon\" aria-controls=\"content-c0b0\" aria-expanded=\"true\"><i class=\"fas fa-plus\"><\/i><div class=\"w-tabs-section-title\">Kontrola du\u017cych element\u00f3w wy\u015bwietlanych w kolorach<\/div><div class=\"w-tabs-section-control\"><\/div><\/button><div  class=\"w-tabs-section-content\" id=\"content-c0b0\"><div class=\"w-tabs-section-content-h i-cf\"><div class=\"wpb_text_column\"><div class=\"wpb_wrapper\"><p><img loading=\"lazy\" decoding=\"async\" class=\"alignright wp-image-2744 size-full\" title=\"Ksi\u0119ga przedmiar\u00f3w 2\" src=\"https:\/\/www.cadvilla.com\/wp-content\/uploads\/en_rb-konstruktionselemente_gesamt.png\" alt=\"Ksi\u0119ga przedmiar\u00f3w 2\" width=\"400\" height=\"128\" \/>Funkcja ta umo\u017cliwia wy\u015bwietlanie du\u017cych element\u00f3w (jak powierzchnie, ilo\u015bci i d\u0142ugo\u015bci) w kolorach w widoku 2D i 3D.<\/p>\n<p>Mo\u017cliwe s\u0105 nast\u0119puj\u0105ce ustawienia analizy:<\/p>\n<ul>\n<li>pod\u0142oga: powierzchnia pod\u0142o\u017ca, wolumen<\/li>\n<li>zakres i \u015bciany: powierzchnia pod\u0142o\u017ca, powierzchnia boczna, wolumen<\/li>\n<li>stropy: powierzchnia sufitu, wolumen<\/li>\n<li>podpory: powierzchnia pod\u0142o\u017ca, powierzchnia boczna, wolumen<\/li>\n<li>kominy: powierzchnia pod\u0142o\u017ca, powierzchnia boczna i wolumen<\/li>\n<li>konstrukcje 3D: powierzchnie, wolumen<\/li>\n<li>dach: pokrycie powierzchni, d\u0142ugo\u015b\u0107 okapu dachu, d\u0142ugo\u015b\u0107 kraw\u0119dzi naro\u017ca, d\u0142ugo\u015b\u0107 kalenicy, d\u0142ugo\u015b\u0107 deski szczytowej<\/li>\n<\/ul>\n<\/div><\/div><\/div><\/div><\/div><\/div><\/div><\/div><\/div><\/div><\/div><\/div><div class=\"wpb_column vc_column_container\"><div class=\"vc_column-inner\"><div class=\"wpb_text_column\"><div class=\"wpb_wrapper\"><h5><span class=\"ca-headertext-seitenleiste\">Dalsze dodatkowe modu\u0142y<\/span><\/h5>\n<\/div><\/div><div class=\"wpb_widgetised_column wpb_content_element\"><div class=\"wpb_wrapper\"><div id=\"nav_menu-7\" class=\"widget widget_nav_menu\"><div class=\"menu-zusatzmodule-pl-container\"><ul id=\"menu-zusatzmodule-pl\" class=\"menu\"><li id=\"menu-item-2807\" class=\"menu-item menu-item-type-post_type menu-item-object-page menu-item-2807\"><a href=\"https:\/\/www.cadvilla.com\/pl\/z-ksiega_przedmiarow\/\"><i class=\"fas fa-plus\"><\/i> Ksi\u0119ga przedmiar\u00f3w<\/a><\/li>\n<li id=\"menu-item-2806\" class=\"menu-item menu-item-type-post_type menu-item-object-page menu-item-2806\"><a href=\"https:\/\/www.cadvilla.com\/pl\/z-konverter\/\"><i class=\"fas fa-plus\"><\/i> Konwerter 3D<\/a><\/li>\n<li id=\"menu-item-2805\" class=\"menu-item menu-item-type-post_type menu-item-object-page menu-item-2805\"><a href=\"https:\/\/www.cadvilla.com\/pl\/z-plan_generalny\/\"><i class=\"fas fa-plus\"><\/i> Plan generalny<\/a><\/li>\n<li id=\"menu-item-2719\" class=\"menu-item menu-item-type-post_type menu-item-object-page menu-item-2719\"><a href=\"https:\/\/www.cadvilla.com\/pl\/z-dxf_dwg_import\/\"><i class=\"fas fa-plus\"><\/i> Import 2D DXF i 2D DWG<\/a><\/li>\n<li id=\"menu-item-2718\" class=\"menu-item menu-item-type-post_type menu-item-object-page menu-item-2718\"><a href=\"https:\/\/www.cadvilla.com\/pl\/z-dxf_dwg_eksport\/\"><i class=\"fas fa-plus\"><\/i> Eksport 2D DXF i 2D DWG<\/a><\/li>\n<li id=\"menu-item-2804\" class=\"menu-item menu-item-type-post_type menu-item-object-page menu-item-2804\"><a href=\"https:\/\/www.cadvilla.com\/pl\/z-konstrukcja_okna\/\"><i class=\"fas fa-plus\"><\/i> Konstrukcja okna<\/a><\/li>\n<li id=\"menu-item-2803\" class=\"menu-item menu-item-type-post_type menu-item-object-page menu-item-2803\"><a href=\"https:\/\/www.cadvilla.com\/pl\/z-cinema4d_eksport\/\"><i class=\"fas fa-plus\"><\/i> CINEMA 4D Eksport<\/a><\/li>\n<\/ul><\/div><\/div><\/div><\/div><\/div><\/div><\/div><\/div><\/section>\n","protected":false},"excerpt":{"rendered":"Ksi\u0119ga przedmiar\u00f3w do wyznaczania ilo\u015bci i powierzchni Zwolnij przez aktywacj\u0119 Ksi\u0119ga przedmiar\u00f3w &#8211; Dodatkowy modu\u0142 58,90 \u20ac * (Zalecana cena katalogowa, obecnie brak dost\u0119pnych dzia\u0142a\u0144) \u2013 Wszystkie ceny zawieraj\u0105 ustawowy podatek VAT Kup i pobierz Modu\u0142 dodatkowy do wyznaczania r\u00f3\u017cnych du\u017cych element\u00f3w i powierzchni Ten modu\u0142 dodatkowy umo\u017cliwia kolorowe opracowanie du\u017cych element\u00f3w i powierzchni zgodnie...","protected":false},"author":1,"featured_media":0,"parent":0,"menu_order":0,"comment_status":"closed","ping_status":"closed","template":"","meta":{"footnotes":""},"class_list":["post-2737","page","type-page","status-publish","hentry"],"yoast_head":"<!-- This site is optimized with the Yoast SEO plugin v27.4 - https:\/\/yoast.com\/product\/yoast-seo-wordpress\/ -->\n<title>Ksi\u0119ga przedmiar\u00f3w w programie cadvilla<\/title>\n<meta name=\"robots\" content=\"index, follow, max-snippet:-1, max-image-preview:large, max-video-preview:-1\" \/>\n<link rel=\"canonical\" href=\"https:\/\/www.cadvilla.com\/pl\/z-ksiega_przedmiarow\/\" \/>\n<meta property=\"og:locale\" content=\"pl_PL\" \/>\n<meta property=\"og:type\" content=\"article\" \/>\n<meta property=\"og:title\" content=\"Ksi\u0119ga przedmiar\u00f3w w programie cadvilla\" \/>\n<meta property=\"og:url\" content=\"https:\/\/www.cadvilla.com\/pl\/z-ksiega_przedmiarow\/\" \/>\n<meta property=\"og:site_name\" content=\"cadvilla\" \/>\n<meta property=\"article:modified_time\" content=\"2023-10-22T12:35:20+00:00\" \/>\n<meta property=\"og:image\" content=\"https:\/\/www.cadvilla.com\/wp-content\/uploads\/pl_rb-auswahl_gesamt.png\" \/>\n<meta name=\"twitter:card\" content=\"summary_large_image\" \/>\n<meta name=\"twitter:label1\" content=\"Szacowany czas czytania\" \/>\n\t<meta name=\"twitter:data1\" content=\"4 minuty\" \/>\n<script type=\"application\/ld+json\" class=\"yoast-schema-graph\">{\"@context\":\"https:\\\/\\\/schema.org\",\"@graph\":[{\"@type\":\"WebPage\",\"@id\":\"https:\\\/\\\/www.cadvilla.com\\\/pl\\\/z-ksiega_przedmiarow\\\/\",\"url\":\"https:\\\/\\\/www.cadvilla.com\\\/pl\\\/z-ksiega_przedmiarow\\\/\",\"name\":\"Ksi\u0119ga przedmiar\u00f3w w programie cadvilla\",\"isPartOf\":{\"@id\":\"https:\\\/\\\/www.cadvilla.com\\\/pl\\\/#website\"},\"primaryImageOfPage\":{\"@id\":\"https:\\\/\\\/www.cadvilla.com\\\/pl\\\/z-ksiega_przedmiarow\\\/#primaryimage\"},\"image\":{\"@id\":\"https:\\\/\\\/www.cadvilla.com\\\/pl\\\/z-ksiega_przedmiarow\\\/#primaryimage\"},\"thumbnailUrl\":\"https:\\\/\\\/www.cadvilla.com\\\/wp-content\\\/uploads\\\/pl_rb-auswahl_gesamt.png\",\"datePublished\":\"2019-05-16T09:50:37+00:00\",\"dateModified\":\"2023-10-22T12:35:20+00:00\",\"breadcrumb\":{\"@id\":\"https:\\\/\\\/www.cadvilla.com\\\/pl\\\/z-ksiega_przedmiarow\\\/#breadcrumb\"},\"inLanguage\":\"pl-PL\",\"potentialAction\":[{\"@type\":\"ReadAction\",\"target\":[\"https:\\\/\\\/www.cadvilla.com\\\/pl\\\/z-ksiega_przedmiarow\\\/\"]}]},{\"@type\":\"ImageObject\",\"inLanguage\":\"pl-PL\",\"@id\":\"https:\\\/\\\/www.cadvilla.com\\\/pl\\\/z-ksiega_przedmiarow\\\/#primaryimage\",\"url\":\"https:\\\/\\\/www.cadvilla.com\\\/wp-content\\\/uploads\\\/pl_rb-auswahl_gesamt.png\",\"contentUrl\":\"https:\\\/\\\/www.cadvilla.com\\\/wp-content\\\/uploads\\\/pl_rb-auswahl_gesamt.png\"},{\"@type\":\"BreadcrumbList\",\"@id\":\"https:\\\/\\\/www.cadvilla.com\\\/pl\\\/z-ksiega_przedmiarow\\\/#breadcrumb\",\"itemListElement\":[{\"@type\":\"ListItem\",\"position\":1,\"name\":\"Startseite\",\"item\":\"https:\\\/\\\/www.cadvilla.com\\\/pl\\\/\"},{\"@type\":\"ListItem\",\"position\":2,\"name\":\"Ksi\u0119ga przedmiar\u00f3w do wyznaczania ilo\u015bci i powierzchni\"}]},{\"@type\":\"WebSite\",\"@id\":\"https:\\\/\\\/www.cadvilla.com\\\/pl\\\/#website\",\"url\":\"https:\\\/\\\/www.cadvilla.com\\\/pl\\\/\",\"name\":\"cadvilla\",\"description\":\"\",\"publisher\":{\"@id\":\"https:\\\/\\\/www.cadvilla.com\\\/pl\\\/#organization\"},\"potentialAction\":[{\"@type\":\"SearchAction\",\"target\":{\"@type\":\"EntryPoint\",\"urlTemplate\":\"https:\\\/\\\/www.cadvilla.com\\\/pl\\\/?s={search_term_string}\"},\"query-input\":{\"@type\":\"PropertyValueSpecification\",\"valueRequired\":true,\"valueName\":\"search_term_string\"}}],\"inLanguage\":\"pl-PL\"},{\"@type\":\"Organization\",\"@id\":\"https:\\\/\\\/www.cadvilla.com\\\/pl\\\/#organization\",\"name\":\"cadvilla\",\"url\":\"https:\\\/\\\/www.cadvilla.com\\\/pl\\\/\",\"logo\":{\"@type\":\"ImageObject\",\"inLanguage\":\"pl-PL\",\"@id\":\"https:\\\/\\\/www.cadvilla.com\\\/pl\\\/#\\\/schema\\\/logo\\\/image\\\/\",\"url\":\"https:\\\/\\\/www.cadvilla.com\\\/wp-content\\\/uploads\\\/logo_cadvilla.png\",\"contentUrl\":\"https:\\\/\\\/www.cadvilla.com\\\/wp-content\\\/uploads\\\/logo_cadvilla.png\",\"width\":157,\"height\":51,\"caption\":\"cadvilla\"},\"image\":{\"@id\":\"https:\\\/\\\/www.cadvilla.com\\\/pl\\\/#\\\/schema\\\/logo\\\/image\\\/\"}}]}<\/script>\n<!-- \/ Yoast SEO plugin. -->","yoast_head_json":{"title":"Ksi\u0119ga przedmiar\u00f3w w programie cadvilla","robots":{"index":"index","follow":"follow","max-snippet":"max-snippet:-1","max-image-preview":"max-image-preview:large","max-video-preview":"max-video-preview:-1"},"canonical":"https:\/\/www.cadvilla.com\/pl\/z-ksiega_przedmiarow\/","og_locale":"pl_PL","og_type":"article","og_title":"Ksi\u0119ga przedmiar\u00f3w w programie cadvilla","og_url":"https:\/\/www.cadvilla.com\/pl\/z-ksiega_przedmiarow\/","og_site_name":"cadvilla","article_modified_time":"2023-10-22T12:35:20+00:00","og_image":[{"url":"https:\/\/www.cadvilla.com\/wp-content\/uploads\/pl_rb-auswahl_gesamt.png","type":"","width":"","height":""}],"twitter_card":"summary_large_image","twitter_misc":{"Szacowany czas czytania":"4 minuty"},"schema":{"@context":"https:\/\/schema.org","@graph":[{"@type":"WebPage","@id":"https:\/\/www.cadvilla.com\/pl\/z-ksiega_przedmiarow\/","url":"https:\/\/www.cadvilla.com\/pl\/z-ksiega_przedmiarow\/","name":"Ksi\u0119ga przedmiar\u00f3w w programie cadvilla","isPartOf":{"@id":"https:\/\/www.cadvilla.com\/pl\/#website"},"primaryImageOfPage":{"@id":"https:\/\/www.cadvilla.com\/pl\/z-ksiega_przedmiarow\/#primaryimage"},"image":{"@id":"https:\/\/www.cadvilla.com\/pl\/z-ksiega_przedmiarow\/#primaryimage"},"thumbnailUrl":"https:\/\/www.cadvilla.com\/wp-content\/uploads\/pl_rb-auswahl_gesamt.png","datePublished":"2019-05-16T09:50:37+00:00","dateModified":"2023-10-22T12:35:20+00:00","breadcrumb":{"@id":"https:\/\/www.cadvilla.com\/pl\/z-ksiega_przedmiarow\/#breadcrumb"},"inLanguage":"pl-PL","potentialAction":[{"@type":"ReadAction","target":["https:\/\/www.cadvilla.com\/pl\/z-ksiega_przedmiarow\/"]}]},{"@type":"ImageObject","inLanguage":"pl-PL","@id":"https:\/\/www.cadvilla.com\/pl\/z-ksiega_przedmiarow\/#primaryimage","url":"https:\/\/www.cadvilla.com\/wp-content\/uploads\/pl_rb-auswahl_gesamt.png","contentUrl":"https:\/\/www.cadvilla.com\/wp-content\/uploads\/pl_rb-auswahl_gesamt.png"},{"@type":"BreadcrumbList","@id":"https:\/\/www.cadvilla.com\/pl\/z-ksiega_przedmiarow\/#breadcrumb","itemListElement":[{"@type":"ListItem","position":1,"name":"Startseite","item":"https:\/\/www.cadvilla.com\/pl\/"},{"@type":"ListItem","position":2,"name":"Ksi\u0119ga przedmiar\u00f3w do wyznaczania ilo\u015bci i powierzchni"}]},{"@type":"WebSite","@id":"https:\/\/www.cadvilla.com\/pl\/#website","url":"https:\/\/www.cadvilla.com\/pl\/","name":"cadvilla","description":"","publisher":{"@id":"https:\/\/www.cadvilla.com\/pl\/#organization"},"potentialAction":[{"@type":"SearchAction","target":{"@type":"EntryPoint","urlTemplate":"https:\/\/www.cadvilla.com\/pl\/?s={search_term_string}"},"query-input":{"@type":"PropertyValueSpecification","valueRequired":true,"valueName":"search_term_string"}}],"inLanguage":"pl-PL"},{"@type":"Organization","@id":"https:\/\/www.cadvilla.com\/pl\/#organization","name":"cadvilla","url":"https:\/\/www.cadvilla.com\/pl\/","logo":{"@type":"ImageObject","inLanguage":"pl-PL","@id":"https:\/\/www.cadvilla.com\/pl\/#\/schema\/logo\/image\/","url":"https:\/\/www.cadvilla.com\/wp-content\/uploads\/logo_cadvilla.png","contentUrl":"https:\/\/www.cadvilla.com\/wp-content\/uploads\/logo_cadvilla.png","width":157,"height":51,"caption":"cadvilla"},"image":{"@id":"https:\/\/www.cadvilla.com\/pl\/#\/schema\/logo\/image\/"}}]}},"_links":{"self":[{"href":"https:\/\/www.cadvilla.com\/pl\/wp-json\/wp\/v2\/pages\/2737","targetHints":{"allow":["GET"]}}],"collection":[{"href":"https:\/\/www.cadvilla.com\/pl\/wp-json\/wp\/v2\/pages"}],"about":[{"href":"https:\/\/www.cadvilla.com\/pl\/wp-json\/wp\/v2\/types\/page"}],"author":[{"embeddable":true,"href":"https:\/\/www.cadvilla.com\/pl\/wp-json\/wp\/v2\/users\/1"}],"replies":[{"embeddable":true,"href":"https:\/\/www.cadvilla.com\/pl\/wp-json\/wp\/v2\/comments?post=2737"}],"version-history":[{"count":0,"href":"https:\/\/www.cadvilla.com\/pl\/wp-json\/wp\/v2\/pages\/2737\/revisions"}],"wp:attachment":[{"href":"https:\/\/www.cadvilla.com\/pl\/wp-json\/wp\/v2\/media?parent=2737"}],"curies":[{"name":"wp","href":"https:\/\/api.w.org\/{rel}","templated":true}]}}