{"id":2763,"date":"2019-05-16T11:59:14","date_gmt":"2019-05-16T09:59:14","guid":{"rendered":"https:\/\/www.cadvilla.pl\/z-konverter\/"},"modified":"2023-10-22T14:35:09","modified_gmt":"2023-10-22T12:35:09","slug":"z-konverter","status":"publish","type":"page","link":"https:\/\/www.cadvilla.com\/pl\/z-konverter\/","title":{"rendered":"Konwerter 3D &#8211; Dodatkowy modu\u0142"},"content":{"rendered":"<section class=\"l-section wpb_row ca-headerbackground0 height_auto\"><div class=\"l-section-h i-cf\"><div class=\"g-cols vc_row via_grid cols_1 laptops-cols_inherit tablets-cols_inherit mobiles-cols_1 valign_bottom type_default stacking_default\"><div class=\"wpb_column vc_column_container\"><div class=\"vc_column-inner\"><\/div><\/div><\/div><\/div><\/section><section class=\"l-section wpb_row height_auto\"><div class=\"l-section-h i-cf\"><div class=\"g-cols vc_row via_grid cols_1 laptops-cols_inherit tablets-cols_inherit mobiles-cols_1 valign_top type_default stacking_default\"><div class=\"wpb_column vc_column_container\"><div class=\"vc_column-inner\"><\/div><\/div><\/div><\/div><\/section><section class=\"l-section wpb_row ca-headerbg height_small\" id=\"begin\"><div class=\"l-section-h i-cf\"><div class=\"g-cols vc_row via_grid cols_1 laptops-cols_inherit tablets-cols_inherit mobiles-cols_1 valign_top type_default stacking_default\"><div class=\"wpb_column vc_column_container\"><div class=\"vc_column-inner\"><div class=\"wpb_text_column ca-heading1\"><div class=\"wpb_wrapper\"><h1>Konwerter 3D &#8211; Dodatkowy modu\u0142<\/h1>\n<\/div><\/div><\/div><\/div><\/div><\/div><\/section><section class=\"l-section wpb_row height_medium\"><div class=\"l-section-h i-cf\"><div class=\"g-cols vc_row via_grid cols_3-1 laptops-cols_inherit tablets-cols_inherit mobiles-cols_1 valign_top type_default stacking_default\"><div class=\"wpb_column vc_column_container\"><div class=\"vc_column-inner\"><div class=\"g-cols wpb_row via_grid cols_1-2 laptops-cols_inherit tablets-cols_inherit mobiles-cols_1 valign_top type_default stacking_default\" style=\"--columns-gap:3rem;\"><div class=\"wpb_column vc_column_container\"><div class=\"vc_column-inner\"><div class=\"w-image align_center\"><div class=\"w-image-h\"><img decoding=\"async\" width=\"200\" height=\"200\" src=\"https:\/\/www.cadvilla.com\/wp-content\/uploads\/zusatzmodul_pl.png\" class=\"attachment-full size-full\" alt=\"Modu\u0142 dodatkowy dla Cadvilla\" loading=\"lazy\" \/><\/div><\/div><div class=\"wpb_text_column ca-product-small_info\"><div class=\"wpb_wrapper\"><p>Zwolnij przez aktywacj\u0119<\/p>\n<\/div><\/div><\/div><\/div><div class=\"wpb_column vc_column_container\"><div class=\"vc_column-inner\"><div class=\"wpb_text_column\"><div class=\"wpb_wrapper\"><h2><strong>Konwerter 3D &#8211; Dodatkowy modu\u0142<\/strong><\/h2>\n<h4><strong><span style=\"color: #ff9900;\">69,90 \u20ac *<\/span><\/strong><\/h4>\n<p><span style=\"color: #999999;\">(Zalecana cena katalogowa, obecnie brak dost\u0119pnych dzia\u0142a\u0144)<\/span><\/p>\n<p>\u2013 Wszystkie ceny zawieraj\u0105 ustawowy podatek VAT<\/p>\n<\/div><\/div><div class=\"w-btn-wrapper align_left\"><a class=\"w-btn us-btn-style_2 us_custom_2d9ebfef icon_atleft\" rel=\"nofollow\" href=\"https:\/\/www.cleverbridge.com\/1106\/?scope=checkout&amp;cart=221257&amp;languages=pl&amp;cookie=true&amp;cfg=design_2018&amp;recommendation=addbackup\"><i class=\"fas fa-download\"><\/i><span class=\"w-btn-label\">Kup i pobierz<\/span><\/a><\/div><div class=\"w-separator size_medium\"><\/div><\/div><\/div><\/div><div class=\"g-cols wpb_row via_grid cols_1 laptops-cols_inherit tablets-cols_inherit mobiles-cols_1 valign_top type_default stacking_default\" style=\"--columns-gap:3rem;\"><div class=\"wpb_column vc_column_container\"><div class=\"vc_column-inner\"><div class=\"wpb_text_column\"><div class=\"wpb_wrapper\"><h2>Efektywne narz\u0119dzie dodatkowe do konwertowania obiekt\u00f3w<\/h2>\n<\/div><\/div><div class=\"wpb_text_column\"><div class=\"wpb_wrapper\"><p>Konwerter 3D s\u0142u\u017cy zasadniczo do stosowania modelu 3D pochodz\u0105cych z innego oprogramowania. Ponadto mo\u017cna \u0142adowa\u0107, edytowa\u0107 i zapisywa\u0107 w innych formatach istniej\u0105ce modele.<\/p>\n<p>Konwerter jest zatem odpowiedni dla wszystkich u\u017cytkownik\u00f3w dysponuj\u0105cych modelami, tworz\u0105cych lub uzyskuj\u0105cych je, a tak\u017ce u\u017cytkownik\u00f3w chc\u0105cych wykorzysta\u0107 oprogramowanie jako uzupe\u0142nienie swoich w\u0142a\u015bciwych zada\u0144 innymi wizualizacjami 3D.<\/p>\n<p>Obecnie obs\u0142ugiwane formaty konwertera 3D to:<\/p>\n<ul>\n<li>Plik obiektu Cadvilla<\/li>\n<li>Plik obiektu 3DS (*.3ds)<\/li>\n<li>Plik obiektu Caligari trueSpace (*.cob, *.scn)<\/li>\n<li>Plik obiektu 3D-DXF (*.dxf)<\/li>\n<li>Plik obiektu Amapi (*.a3d)<\/li>\n<li>Plik obiektu Lightwave (*.lw, *.lwo, *.lwm, *.lwb)<\/li>\n<li>Plik obiektu Wavefront (*.obj)<\/li>\n<li>Plik obiektu Collada (*.dae)<\/li>\n<li>Plik obiektu Autodesk FBX (*.fbx)<\/li>\n<li>Plik obiektu Stereolithography (*.stl)<\/li>\n<li>VRML 1.0\/2.0 (*.wrl, *.wrl97, *.vrml)<\/li>\n<\/ul>\n<\/div><\/div><div class=\"wpb_text_column\"><div class=\"wpb_wrapper\"><h2>Ten modu\u0142 jest zawarty w nast\u0119puj\u0105cych wersjach programu cadvilla<\/h2>\n<\/div><\/div><div class=\"w-tabs us_custom_89477bc8 style_default switch_click accordion type_togglable has_scrolling\" style=\"--sections-title-size:18px\"><div class=\"w-tabs-sections titles-align_none icon_chevron cpos_right\"><div class=\"w-tabs-section vergleich_header has_text_color\" id=\"waf3\" style=\"color:rgba(31,31,31,0.01);\"><button class=\"w-tabs-section-header with_icon\" aria-controls=\"content-waf3\" aria-expanded=\"false\"><i class=\"fas fa-table\"><\/i><div class=\"w-tabs-section-title\">Tab 1<\/div><div class=\"w-tabs-section-control\"><\/div><\/button><div  class=\"w-tabs-section-content\" id=\"content-waf3\"><div class=\"w-tabs-section-content-h i-cf\"><div class=\"wpb_text_column\"><div class=\"wpb_wrapper\"><\/div><\/div><\/div><\/div><\/div><div class=\"w-tabs-section vergleich_xx_xxx_cp_cpp\" id=\"oc87\"><button class=\"w-tabs-section-header\" aria-controls=\"content-oc87\" aria-expanded=\"false\"><div class=\"w-tabs-section-title\">Konwerter 3D<\/div><div class=\"w-tabs-section-control\"><\/div><\/button><div  class=\"w-tabs-section-content\" id=\"content-oc87\"><div class=\"w-tabs-section-content-h i-cf\"><div class=\"wpb_text_column\"><div class=\"wpb_wrapper\"><\/div><\/div><\/div><\/div><\/div><\/div><\/div><\/div><\/div><\/div><div class=\"w-separator size_large\"><\/div><div class=\"g-cols wpb_row us_custom_79981fe8 via_grid cols_1 laptops-cols_inherit tablets-cols_inherit mobiles-cols_1 valign_top type_default stacking_default\" style=\"--columns-gap:3rem;\"><div class=\"wpb_column vc_column_container\"><div class=\"vc_column-inner\"><div class=\"wpb_text_column\"><div class=\"wpb_wrapper\"><h3>Zakres us\u0142ug dodatkowego modu\u0142u konwertera 3D<\/h3>\n<\/div><\/div><div class=\"w-tabs us_custom_89477bc8 style_default switch_click accordion type_togglable has_scrolling\" style=\"--sections-title-size:18px\"><div class=\"w-tabs-sections titles-align_none icon_chevron cpos_right\"><div class=\"w-tabs-section active\" id=\"e114\"><button class=\"w-tabs-section-header active with_icon\" aria-controls=\"content-e114\" aria-expanded=\"true\"><i class=\"fas fa-plus\"><\/i><div class=\"w-tabs-section-title\">Importowanie i edytowanie obiekt\u00f3w 3D<\/div><div class=\"w-tabs-section-control\"><\/div><\/button><div  class=\"w-tabs-section-content\" id=\"content-e114\"><div class=\"w-tabs-section-content-h i-cf\"><div class=\"wpb_text_column\"><div class=\"wpb_wrapper\"><p><img loading=\"lazy\" decoding=\"async\" class=\"alignright wp-image-2765 size-full\" title=\"Konwerter 3D\" src=\"https:\/\/www.cadvilla.com\/wp-content\/uploads\/3d-konverter_gesamt.png\" alt=\"Konwerter 3D\" width=\"300\" height=\"181\" \/>Za pomoc\u0105 konwertera 3D mo\u017cna konwertowa\u0107 obiekty 3D z r\u00f3\u017cnych format\u00f3w oraz korygowa\u0107 w celu zastosowania w katalogu lub te\u017c w innych wtyczkach. Konwerter zawiera r\u00f3\u017cne funkcje s\u0142u\u017c\u0105ce do edytowania modeli, kt\u00f3re jednak s\u0105 cz\u0119\u015bciowo zale\u017cne od formatu wyj\u015bciowego.<\/p>\n<p>Zasadniczo dost\u0119pne s\u0105 m. in. nast\u0119puj\u0105ce funkcje:<\/p>\n<ul>\n<li>w\u0142\u0105czenie lub wy\u0142\u0105czenie widoczno\u015bci podobiekt\u00f3w<\/li>\n<li>edytowanie w\u0142a\u015bciwo\u015bci materia\u0142\u00f3w<\/li>\n<li>zmiana tekstury oraz edytowanie wsp\u00f3\u0142rz\u0119dnych tekstury<\/li>\n<li>dodawanie lub edytowanie \u017ar\u00f3de\u0142 \u015bwiat\u0142a<\/li>\n<li>skalowanie obiekt\u00f3w<\/li>\n<li>zapisywanie plik\u00f3w PDF bezpo\u015brednio w obiekcie oraz dodawanie \u0142\u0105cz internetowych<\/li>\n<\/ul>\n<p>Inne informacje szczeg\u00f3\u0142owe dotycz\u0105ce tego modu\u0142u znajduj\u0105 si\u0119 w karcie \u201eDodatki &gt;&gt; Konwerter 3D\u201d<\/p>\n<\/div><\/div><\/div><\/div><\/div><div class=\"w-tabs-section active\" id=\"r35c\"><button class=\"w-tabs-section-header active with_icon\" aria-controls=\"content-r35c\" aria-expanded=\"true\"><i class=\"fas fa-plus\"><\/i><div class=\"w-tabs-section-title\">Generowanie w\u0142asnych \u017ar\u00f3de\u0142 \u015bwiat\u0142a dla wybranych obiekt\u00f3w<\/div><div class=\"w-tabs-section-control\"><\/div><\/button><div  class=\"w-tabs-section-content\" id=\"content-r35c\"><div class=\"w-tabs-section-content-h i-cf\"><div class=\"wpb_text_column\"><div class=\"wpb_wrapper\"><p>Ta funkcja jest niezwykle pomocna przy dodawaniu \u017ar\u00f3de\u0142 \u015bwiat\u0142a do istniej\u0105cych i nowych obiekt\u00f3w.<\/p>\n<p>Rozr\u00f3\u017cnia si\u0119 pomi\u0119dzy:<\/p>\n<ul>\n<li>dodaniem \u015bwiat\u0142a otoczenia<\/li>\n<li>dodaniem \u015bwiat\u0142a skierowanego<\/li>\n<li>dodaniem \u015bwiat\u0142a skierowanego<\/li>\n<li>dodaniem \u015bwiat\u0142a punktowego<\/li>\n<\/ul>\n<p>\u015awiat\u0142a otoczenia o\u015bwietlaj\u0105 wszystkie powierzchnie sceny r\u00f3wnomiernie i tym samym zwi\u0119kszaj\u0105 jasno\u015b\u0107. Nie generuj\u0105 jednak \u017cadnego cienia.<\/p>\n<p>\u015awiat\u0142a skierowane o\u015bwietlaj\u0105 scen\u0119 z jakiego\u015b kierunku i s\u0105 \u201ewewn\u0105trz\u201d w niesko\u0144czony spos\u00f3b oddalone od pozycji obserwuj\u0105cego\/budynku. Przyk\u0142adem \u015bwiat\u0142a skierowanego jest s\u0142o\u0144ce.<\/p>\n<p>\u015awiat\u0142a punktowe nie maj\u0105 zdefiniowanej pozycji w obiekcie i odpowiadaj\u0105 rzeczywistemu o\u015bwietleniu w ramach w\u0142a\u015bciwego wyposa\u017cenia. \u015awiat\u0142o rozchodzi si\u0119 we wszystkich kierunkach dooko\u0142a swojego \u017ar\u00f3d\u0142a.<\/p>\n<p>\u015awiat\u0142a skierowane, podobnie jak \u015bwiat\u0142a punktowe, znajduj\u0105 si\u0119 w jakiej\u015b pozycji w stosunku do obiektu i odpowiadaj\u0105 r\u00f3wnie\u017c prawdziwym \u015bwiat\u0142om. Jednak \u015bwiat\u0142a nie rozchodz\u0105 si\u0119 we wszystkich kierunkach (jak \u015bwiat\u0142a punktowe), ale w formie kuli maj\u0105cej kierunek, nachylenie i k\u0105t otwarcia.<\/p>\n<\/div><\/div><\/div><\/div><\/div><div class=\"w-tabs-section active\" id=\"z541\"><button class=\"w-tabs-section-header active with_icon\" aria-controls=\"content-z541\" aria-expanded=\"true\"><i class=\"fas fa-plus\"><\/i><div class=\"w-tabs-section-title\">Tworzenie wariant\u00f3w podobiekt\u00f3w<\/div><div class=\"w-tabs-section-control\"><\/div><\/button><div  class=\"w-tabs-section-content\" id=\"content-z541\"><div class=\"w-tabs-section-content-h i-cf\"><div class=\"wpb_text_column\"><div class=\"wpb_wrapper\"><p>Obiekty 3D mog\u0105 sk\u0142ada\u0107 si\u0119 z kilku podobiekt\u00f3w tworz\u0105cych ca\u0142o\u015b\u0107. Np. blok kuchenny mo\u017ce sk\u0142ada\u0107 si\u0119 z bloku, lady i uchwytu.<\/p>\n<p>W wyniku usuni\u0119cia uchwytu i wy\u0142\u0105czenia widoczno\u015bci lady mo\u017cna utworzy\u0107 i zapisa\u0107 nowy obiekt. Ponadto mo\u017cna dezaktywowa\u0107 istniej\u0105cy uchwyt lady i zast\u0105pi\u0107 go uchwytem innego rodzaju.<\/p>\n<p>Sprawia to, \u017ce mo\u017cliwo\u015bci tworzenia nowych obiekt\u00f3w s\u0105 niemal nieograniczone.<\/p>\n<\/div><\/div><\/div><\/div><\/div><\/div><\/div><\/div><\/div><\/div><\/div><\/div><div class=\"wpb_column vc_column_container\"><div class=\"vc_column-inner\"><div class=\"wpb_text_column\"><div class=\"wpb_wrapper\"><h5><span class=\"ca-headertext-seitenleiste\">Dalsze dodatkowe modu\u0142y<\/span><\/h5>\n<\/div><\/div><div class=\"wpb_widgetised_column wpb_content_element\"><div class=\"wpb_wrapper\"><div id=\"nav_menu-7\" class=\"widget widget_nav_menu\"><div class=\"menu-zusatzmodule-pl-container\"><ul id=\"menu-zusatzmodule-pl\" class=\"menu\"><li id=\"menu-item-2807\" class=\"menu-item menu-item-type-post_type menu-item-object-page menu-item-2807\"><a href=\"https:\/\/www.cadvilla.com\/pl\/z-ksiega_przedmiarow\/\"><i class=\"fas fa-plus\"><\/i> Ksi\u0119ga przedmiar\u00f3w<\/a><\/li>\n<li id=\"menu-item-2806\" class=\"menu-item menu-item-type-post_type menu-item-object-page menu-item-2806\"><a href=\"https:\/\/www.cadvilla.com\/pl\/z-konverter\/\"><i class=\"fas fa-plus\"><\/i> Konwerter 3D<\/a><\/li>\n<li id=\"menu-item-2805\" class=\"menu-item menu-item-type-post_type menu-item-object-page menu-item-2805\"><a href=\"https:\/\/www.cadvilla.com\/pl\/z-plan_generalny\/\"><i class=\"fas fa-plus\"><\/i> Plan generalny<\/a><\/li>\n<li id=\"menu-item-2719\" class=\"menu-item menu-item-type-post_type menu-item-object-page menu-item-2719\"><a href=\"https:\/\/www.cadvilla.com\/pl\/z-dxf_dwg_import\/\"><i class=\"fas fa-plus\"><\/i> Import 2D DXF i 2D DWG<\/a><\/li>\n<li id=\"menu-item-2718\" class=\"menu-item menu-item-type-post_type menu-item-object-page menu-item-2718\"><a href=\"https:\/\/www.cadvilla.com\/pl\/z-dxf_dwg_eksport\/\"><i class=\"fas fa-plus\"><\/i> Eksport 2D DXF i 2D DWG<\/a><\/li>\n<li id=\"menu-item-2804\" class=\"menu-item menu-item-type-post_type menu-item-object-page menu-item-2804\"><a href=\"https:\/\/www.cadvilla.com\/pl\/z-konstrukcja_okna\/\"><i class=\"fas fa-plus\"><\/i> Konstrukcja okna<\/a><\/li>\n<li id=\"menu-item-2803\" class=\"menu-item menu-item-type-post_type menu-item-object-page menu-item-2803\"><a href=\"https:\/\/www.cadvilla.com\/pl\/z-cinema4d_eksport\/\"><i class=\"fas fa-plus\"><\/i> CINEMA 4D Eksport<\/a><\/li>\n<\/ul><\/div><\/div><\/div><\/div><\/div><\/div><\/div><\/div><\/section>\n","protected":false},"excerpt":{"rendered":"Konwerter 3D &#8211; Dodatkowy modu\u0142 Zwolnij przez aktywacj\u0119 Konwerter 3D &#8211; Dodatkowy modu\u0142 69,90 \u20ac * (Zalecana cena katalogowa, obecnie brak dost\u0119pnych dzia\u0142a\u0144) \u2013 Wszystkie ceny zawieraj\u0105 ustawowy podatek VAT Kup i pobierz Efektywne narz\u0119dzie dodatkowe do konwertowania obiekt\u00f3w Konwerter 3D s\u0142u\u017cy zasadniczo do stosowania modelu 3D pochodz\u0105cych z innego oprogramowania. Ponadto mo\u017cna \u0142adowa\u0107, edytowa\u0107...","protected":false},"author":1,"featured_media":0,"parent":0,"menu_order":0,"comment_status":"closed","ping_status":"closed","template":"","meta":{"footnotes":""},"class_list":["post-2763","page","type-page","status-publish","hentry"],"yoast_head":"<!-- This site is optimized with the Yoast SEO plugin v27.4 - https:\/\/yoast.com\/product\/yoast-seo-wordpress\/ -->\n<title>Konverter 3D | Polski<\/title>\n<meta name=\"robots\" content=\"index, follow, max-snippet:-1, max-image-preview:large, max-video-preview:-1\" \/>\n<link rel=\"canonical\" href=\"https:\/\/www.cadvilla.com\/pl\/z-konverter\/\" \/>\n<meta property=\"og:locale\" content=\"pl_PL\" \/>\n<meta property=\"og:type\" content=\"article\" \/>\n<meta property=\"og:title\" content=\"Konverter 3D | Polski\" \/>\n<meta property=\"og:url\" content=\"https:\/\/www.cadvilla.com\/pl\/z-konverter\/\" \/>\n<meta property=\"og:site_name\" content=\"cadvilla\" \/>\n<meta property=\"article:modified_time\" content=\"2023-10-22T12:35:09+00:00\" \/>\n<meta property=\"og:image\" content=\"https:\/\/www.cadvilla.com\/wp-content\/uploads\/3d-konverter_gesamt.png\" \/>\n<meta name=\"twitter:card\" content=\"summary_large_image\" \/>\n<meta name=\"twitter:label1\" content=\"Szacowany czas czytania\" \/>\n\t<meta name=\"twitter:data1\" content=\"4 minuty\" \/>\n<script type=\"application\/ld+json\" class=\"yoast-schema-graph\">{\"@context\":\"https:\\\/\\\/schema.org\",\"@graph\":[{\"@type\":\"WebPage\",\"@id\":\"https:\\\/\\\/www.cadvilla.com\\\/pl\\\/z-konverter\\\/\",\"url\":\"https:\\\/\\\/www.cadvilla.com\\\/pl\\\/z-konverter\\\/\",\"name\":\"Konverter 3D | Polski\",\"isPartOf\":{\"@id\":\"https:\\\/\\\/www.cadvilla.com\\\/pl\\\/#website\"},\"primaryImageOfPage\":{\"@id\":\"https:\\\/\\\/www.cadvilla.com\\\/pl\\\/z-konverter\\\/#primaryimage\"},\"image\":{\"@id\":\"https:\\\/\\\/www.cadvilla.com\\\/pl\\\/z-konverter\\\/#primaryimage\"},\"thumbnailUrl\":\"https:\\\/\\\/www.cadvilla.com\\\/wp-content\\\/uploads\\\/3d-konverter_gesamt.png\",\"datePublished\":\"2019-05-16T09:59:14+00:00\",\"dateModified\":\"2023-10-22T12:35:09+00:00\",\"breadcrumb\":{\"@id\":\"https:\\\/\\\/www.cadvilla.com\\\/pl\\\/z-konverter\\\/#breadcrumb\"},\"inLanguage\":\"pl-PL\",\"potentialAction\":[{\"@type\":\"ReadAction\",\"target\":[\"https:\\\/\\\/www.cadvilla.com\\\/pl\\\/z-konverter\\\/\"]}]},{\"@type\":\"ImageObject\",\"inLanguage\":\"pl-PL\",\"@id\":\"https:\\\/\\\/www.cadvilla.com\\\/pl\\\/z-konverter\\\/#primaryimage\",\"url\":\"https:\\\/\\\/www.cadvilla.com\\\/wp-content\\\/uploads\\\/3d-konverter_gesamt.png\",\"contentUrl\":\"https:\\\/\\\/www.cadvilla.com\\\/wp-content\\\/uploads\\\/3d-konverter_gesamt.png\"},{\"@type\":\"BreadcrumbList\",\"@id\":\"https:\\\/\\\/www.cadvilla.com\\\/pl\\\/z-konverter\\\/#breadcrumb\",\"itemListElement\":[{\"@type\":\"ListItem\",\"position\":1,\"name\":\"Startseite\",\"item\":\"https:\\\/\\\/www.cadvilla.com\\\/pl\\\/\"},{\"@type\":\"ListItem\",\"position\":2,\"name\":\"Konwerter 3D &#8211; Dodatkowy modu\u0142\"}]},{\"@type\":\"WebSite\",\"@id\":\"https:\\\/\\\/www.cadvilla.com\\\/pl\\\/#website\",\"url\":\"https:\\\/\\\/www.cadvilla.com\\\/pl\\\/\",\"name\":\"cadvilla\",\"description\":\"\",\"publisher\":{\"@id\":\"https:\\\/\\\/www.cadvilla.com\\\/pl\\\/#organization\"},\"potentialAction\":[{\"@type\":\"SearchAction\",\"target\":{\"@type\":\"EntryPoint\",\"urlTemplate\":\"https:\\\/\\\/www.cadvilla.com\\\/pl\\\/?s={search_term_string}\"},\"query-input\":{\"@type\":\"PropertyValueSpecification\",\"valueRequired\":true,\"valueName\":\"search_term_string\"}}],\"inLanguage\":\"pl-PL\"},{\"@type\":\"Organization\",\"@id\":\"https:\\\/\\\/www.cadvilla.com\\\/pl\\\/#organization\",\"name\":\"cadvilla\",\"url\":\"https:\\\/\\\/www.cadvilla.com\\\/pl\\\/\",\"logo\":{\"@type\":\"ImageObject\",\"inLanguage\":\"pl-PL\",\"@id\":\"https:\\\/\\\/www.cadvilla.com\\\/pl\\\/#\\\/schema\\\/logo\\\/image\\\/\",\"url\":\"https:\\\/\\\/www.cadvilla.com\\\/wp-content\\\/uploads\\\/logo_cadvilla.png\",\"contentUrl\":\"https:\\\/\\\/www.cadvilla.com\\\/wp-content\\\/uploads\\\/logo_cadvilla.png\",\"width\":157,\"height\":51,\"caption\":\"cadvilla\"},\"image\":{\"@id\":\"https:\\\/\\\/www.cadvilla.com\\\/pl\\\/#\\\/schema\\\/logo\\\/image\\\/\"}}]}<\/script>\n<!-- \/ Yoast SEO plugin. -->","yoast_head_json":{"title":"Konverter 3D | Polski","robots":{"index":"index","follow":"follow","max-snippet":"max-snippet:-1","max-image-preview":"max-image-preview:large","max-video-preview":"max-video-preview:-1"},"canonical":"https:\/\/www.cadvilla.com\/pl\/z-konverter\/","og_locale":"pl_PL","og_type":"article","og_title":"Konverter 3D | Polski","og_url":"https:\/\/www.cadvilla.com\/pl\/z-konverter\/","og_site_name":"cadvilla","article_modified_time":"2023-10-22T12:35:09+00:00","og_image":[{"url":"https:\/\/www.cadvilla.com\/wp-content\/uploads\/3d-konverter_gesamt.png","type":"","width":"","height":""}],"twitter_card":"summary_large_image","twitter_misc":{"Szacowany czas czytania":"4 minuty"},"schema":{"@context":"https:\/\/schema.org","@graph":[{"@type":"WebPage","@id":"https:\/\/www.cadvilla.com\/pl\/z-konverter\/","url":"https:\/\/www.cadvilla.com\/pl\/z-konverter\/","name":"Konverter 3D | Polski","isPartOf":{"@id":"https:\/\/www.cadvilla.com\/pl\/#website"},"primaryImageOfPage":{"@id":"https:\/\/www.cadvilla.com\/pl\/z-konverter\/#primaryimage"},"image":{"@id":"https:\/\/www.cadvilla.com\/pl\/z-konverter\/#primaryimage"},"thumbnailUrl":"https:\/\/www.cadvilla.com\/wp-content\/uploads\/3d-konverter_gesamt.png","datePublished":"2019-05-16T09:59:14+00:00","dateModified":"2023-10-22T12:35:09+00:00","breadcrumb":{"@id":"https:\/\/www.cadvilla.com\/pl\/z-konverter\/#breadcrumb"},"inLanguage":"pl-PL","potentialAction":[{"@type":"ReadAction","target":["https:\/\/www.cadvilla.com\/pl\/z-konverter\/"]}]},{"@type":"ImageObject","inLanguage":"pl-PL","@id":"https:\/\/www.cadvilla.com\/pl\/z-konverter\/#primaryimage","url":"https:\/\/www.cadvilla.com\/wp-content\/uploads\/3d-konverter_gesamt.png","contentUrl":"https:\/\/www.cadvilla.com\/wp-content\/uploads\/3d-konverter_gesamt.png"},{"@type":"BreadcrumbList","@id":"https:\/\/www.cadvilla.com\/pl\/z-konverter\/#breadcrumb","itemListElement":[{"@type":"ListItem","position":1,"name":"Startseite","item":"https:\/\/www.cadvilla.com\/pl\/"},{"@type":"ListItem","position":2,"name":"Konwerter 3D &#8211; Dodatkowy modu\u0142"}]},{"@type":"WebSite","@id":"https:\/\/www.cadvilla.com\/pl\/#website","url":"https:\/\/www.cadvilla.com\/pl\/","name":"cadvilla","description":"","publisher":{"@id":"https:\/\/www.cadvilla.com\/pl\/#organization"},"potentialAction":[{"@type":"SearchAction","target":{"@type":"EntryPoint","urlTemplate":"https:\/\/www.cadvilla.com\/pl\/?s={search_term_string}"},"query-input":{"@type":"PropertyValueSpecification","valueRequired":true,"valueName":"search_term_string"}}],"inLanguage":"pl-PL"},{"@type":"Organization","@id":"https:\/\/www.cadvilla.com\/pl\/#organization","name":"cadvilla","url":"https:\/\/www.cadvilla.com\/pl\/","logo":{"@type":"ImageObject","inLanguage":"pl-PL","@id":"https:\/\/www.cadvilla.com\/pl\/#\/schema\/logo\/image\/","url":"https:\/\/www.cadvilla.com\/wp-content\/uploads\/logo_cadvilla.png","contentUrl":"https:\/\/www.cadvilla.com\/wp-content\/uploads\/logo_cadvilla.png","width":157,"height":51,"caption":"cadvilla"},"image":{"@id":"https:\/\/www.cadvilla.com\/pl\/#\/schema\/logo\/image\/"}}]}},"_links":{"self":[{"href":"https:\/\/www.cadvilla.com\/pl\/wp-json\/wp\/v2\/pages\/2763","targetHints":{"allow":["GET"]}}],"collection":[{"href":"https:\/\/www.cadvilla.com\/pl\/wp-json\/wp\/v2\/pages"}],"about":[{"href":"https:\/\/www.cadvilla.com\/pl\/wp-json\/wp\/v2\/types\/page"}],"author":[{"embeddable":true,"href":"https:\/\/www.cadvilla.com\/pl\/wp-json\/wp\/v2\/users\/1"}],"replies":[{"embeddable":true,"href":"https:\/\/www.cadvilla.com\/pl\/wp-json\/wp\/v2\/comments?post=2763"}],"version-history":[{"count":0,"href":"https:\/\/www.cadvilla.com\/pl\/wp-json\/wp\/v2\/pages\/2763\/revisions"}],"wp:attachment":[{"href":"https:\/\/www.cadvilla.com\/pl\/wp-json\/wp\/v2\/media?parent=2763"}],"curies":[{"name":"wp","href":"https:\/\/api.w.org\/{rel}","templated":true}]}}