{"id":2799,"date":"2019-05-16T16:54:22","date_gmt":"2019-05-16T14:54:22","guid":{"rendered":"https:\/\/www.cadvilla.pl\/z-cinema4d_export\/"},"modified":"2023-10-22T14:34:37","modified_gmt":"2023-10-22T12:34:37","slug":"z-cinema4d_eksport","status":"publish","type":"page","link":"https:\/\/www.cadvilla.com\/pl\/z-cinema4d_eksport\/","title":{"rendered":"Eksport do formatu CINEMA 4D &#8211; dodatkowy modu\u0142 do Cadvilla"},"content":{"rendered":"<section class=\"l-section wpb_row ca-headerbackground0 height_auto\"><div class=\"l-section-h i-cf\"><div class=\"g-cols vc_row via_grid cols_1 laptops-cols_inherit tablets-cols_inherit mobiles-cols_1 valign_bottom type_default stacking_default\"><div class=\"wpb_column vc_column_container\"><div class=\"vc_column-inner\"><\/div><\/div><\/div><\/div><\/section><section class=\"l-section wpb_row height_auto\"><div class=\"l-section-h i-cf\"><div class=\"g-cols vc_row via_grid cols_1 laptops-cols_inherit tablets-cols_inherit mobiles-cols_1 valign_top type_default stacking_default\"><div class=\"wpb_column vc_column_container\"><div class=\"vc_column-inner\"><\/div><\/div><\/div><\/div><\/section><section class=\"l-section wpb_row ca-headerbg height_small\" id=\"begin\"><div class=\"l-section-h i-cf\"><div class=\"g-cols vc_row via_grid cols_1 laptops-cols_inherit tablets-cols_inherit mobiles-cols_1 valign_top type_default stacking_default\"><div class=\"wpb_column vc_column_container\"><div class=\"vc_column-inner\"><div class=\"wpb_text_column ca-heading1\"><div class=\"wpb_wrapper\"><h1>Eksport do formatu CINEMA 4D &#8211; dodatkowy modu\u0142 do Cadvilla<\/h1>\n<\/div><\/div><\/div><\/div><\/div><\/div><\/section><section class=\"l-section wpb_row height_medium\"><div class=\"l-section-h i-cf\"><div class=\"g-cols vc_row via_grid cols_3-1 laptops-cols_inherit tablets-cols_inherit mobiles-cols_1 valign_top type_default stacking_default\"><div class=\"wpb_column vc_column_container\"><div class=\"vc_column-inner\"><div class=\"g-cols wpb_row via_grid cols_1-2 laptops-cols_inherit tablets-cols_inherit mobiles-cols_1 valign_top type_default stacking_default\" style=\"--columns-gap:3rem;\"><div class=\"wpb_column vc_column_container\"><div class=\"vc_column-inner\"><div class=\"w-image align_center\"><div class=\"w-image-h\"><img decoding=\"async\" width=\"200\" height=\"200\" src=\"https:\/\/www.cadvilla.com\/wp-content\/uploads\/zusatzmodul_pl.png\" class=\"attachment-full size-full\" alt=\"Modu\u0142 dodatkowy dla Cadvilla\" loading=\"lazy\" \/><\/div><\/div><div class=\"wpb_text_column ca-product-small_info\"><div class=\"wpb_wrapper\"><p>Zwolnij przez aktywacj\u0119<\/p>\n<\/div><\/div><\/div><\/div><div class=\"wpb_column vc_column_container\"><div class=\"vc_column-inner\"><div class=\"wpb_text_column\"><div class=\"wpb_wrapper\"><h2><strong>CINEMA 4D Eksport &#8211; Dodatkowy modu\u0142<\/strong><\/h2>\n<h4><strong><span style=\"color: #ff9900;\">119,00 \u20ac *<\/span><\/strong><\/h4>\n<p><span style=\"color: #999999;\">(Zalecana cena katalogowa, obecnie brak dost\u0119pnych dzia\u0142a\u0144)<\/span><\/p>\n<p>\u2013 Wszystkie ceny zawieraj\u0105 ustawowy podatek VAT<\/p>\n<\/div><\/div><div class=\"w-btn-wrapper align_left\"><a class=\"w-btn us-btn-style_2 us_custom_2d9ebfef icon_atleft\" rel=\"nofollow\" href=\"https:\/\/www.cleverbridge.com\/1106\/?scope=checkout&amp;cart=221259&amp;languages=pl&amp;cookie=true&amp;cfg=design_2018&amp;recommendation=addbackup\"><i class=\"fas fa-download\"><\/i><span class=\"w-btn-label\">Kup i pobierz<\/span><\/a><\/div><div class=\"w-separator size_medium\"><\/div><\/div><\/div><\/div><div class=\"g-cols wpb_row via_grid cols_1 laptops-cols_inherit tablets-cols_inherit mobiles-cols_1 valign_top type_default stacking_default\" style=\"--columns-gap:3rem;\"><div class=\"wpb_column vc_column_container\"><div class=\"vc_column-inner\"><div class=\"wpb_text_column\"><div class=\"wpb_wrapper\"><h2>Dodatek do eksportowania danych w formacie CINEMA 4D<\/h2>\n<\/div><\/div><div class=\"wpb_text_column\"><div class=\"wpb_wrapper\"><p>Modu\u0142 CINEMA 4D s\u0142u\u017cy do eksportowania wszystkich danych 3D z planu wykonanego w programie cadvilla do formatu CINEMA 4D.<\/p>\n<p>Utworzone dane mo\u017cna otworzy\u0107 w formacie CINEMA 4D bez dalszego konwertowania i edytowa\u0107, aby w ci\u0105gu kilku minut osi\u0105gn\u0105\u0107 rezultaty, kt\u00f3re uzyskuje si\u0119 bezpo\u015brednio z procesu planowania.<\/p>\n<\/div><\/div><\/div><\/div><\/div><div class=\"w-separator size_large\"><\/div><div class=\"g-cols wpb_row us_custom_79981fe8 via_grid cols_1 laptops-cols_inherit tablets-cols_inherit mobiles-cols_1 valign_top type_default stacking_default\" style=\"--columns-gap:3rem;\"><div class=\"wpb_column vc_column_container\"><div class=\"vc_column-inner\"><div class=\"wpb_text_column\"><div class=\"wpb_wrapper\"><h2><span class=\"headline_3\">Zakres us\u0142ug \u2014 eksportowanie projektu cadvilla do formatu CINEMA 4D<\/span><\/h2>\n<\/div><\/div><div class=\"w-tabs us_custom_89477bc8 style_default switch_click accordion type_togglable has_scrolling\" style=\"--sections-title-size:18px\"><div class=\"w-tabs-sections titles-align_none icon_chevron cpos_right\"><div class=\"w-tabs-section active\" id=\"ree5\"><button class=\"w-tabs-section-header active with_icon\" aria-controls=\"content-ree5\" aria-expanded=\"true\"><i class=\"fas fa-plus\"><\/i><div class=\"w-tabs-section-title\">Eksport do formatu CINEMA 4D<\/div><div class=\"w-tabs-section-control\"><\/div><\/button><div  class=\"w-tabs-section-content\" id=\"content-ree5\"><div class=\"w-tabs-section-content-h i-cf\"><div class=\"wpb_text_column\"><div class=\"wpb_wrapper\"><ul>\n<li>Eksportuj ca\u0142e projekty i sceny ze \u017ar\u00f3d\u0142ami \u015bwiat\u0142a, materia\u0142ami i teksturami<\/li>\n<li>Eksportuj za pomoc\u0105 narz\u0119dzia Widoczno\u015b\u0107 w programie cadvilla pojedyncze elementy i rozszerz w ten spos\u00f3b sw\u00f3j katalog CINEMA 4D. Poniewa\u017c w programie cadvilla mo\u017cna pojedynczo wy\u015bwietla\u0107 te\u017c szczeg\u00f3\u0142y konstrukcyjne, takiej jak dachy, schody oraz wszystkie pozosta\u0142e tre\u015bci z obszernych katalog\u00f3w, za pomoc\u0105 narz\u0119dzia Widoczno\u015b\u0107 w zakresie ka\u017cdego widoku 3D, stanowi to \u017ar\u00f3d\u0142o modeli, kt\u00f3re mo\u017cna p\u00f3\u017aniej zastosowa\u0107 niezale\u017cnie od planu.<\/li>\n<li>Pe\u0142na struktura projektu cadvilla sk\u0142adaj\u0105cego si\u0119 z budynk\u00f3w, pi\u0119ter i element\u00f3w konstrukcyjnych zostaje opcjonalnie zachowania podczas eksportu. W ten spos\u00f3b mo\u017cna r\u00f3wnie\u017c p\u00f3\u017aniej identyfikowa\u0107 i edytowa\u0107 elementy w prosty spos\u00f3b.<\/li>\n<li>Materia\u0142y i obiekty mo\u017cna przed eksportem po\u0142\u0105czy\u0107 i tak zwi\u0119kszy\u0107 przejrzysto\u015b\u0107.<\/li>\n<li>Punkty obserwacyjne zdefiniowane w programie cadvilla s\u0105 eksportowane i dost\u0119pne w formacie CINEMA 4D jako pozycja kamery.<\/li>\n<\/ul>\n<p align=\"center\">Przyk\u0142ad prezentacji w formacie CINEMA 4D po zaimportowaniu do programu cadvilla<br \/>\n(CINEMA 4D to produkt firmy MAXON Computer GmbH)<\/p>\n<p align=\"center\"><img data-dominant-color=\"898b8a\" data-has-transparency=\"false\" style=\"--dominant-color: #898b8a;\" loading=\"lazy\" decoding=\"async\" class=\"alignnone wp-image-2664 size-full not-transparent\" title=\"Cinema4d Screenshot\" src=\"https:\/\/www.cadvilla.com\/wp-content\/uploads\/cinema4d_bsp1.jpg\" alt=\"Cinema4d Screenshot\" width=\"320\" height=\"193\" \/><\/p>\n<\/div><\/div><\/div><\/div><\/div><\/div><\/div><\/div><\/div><\/div><\/div><\/div><div class=\"wpb_column vc_column_container\"><div class=\"vc_column-inner\"><div class=\"wpb_text_column\"><div class=\"wpb_wrapper\"><h5><span class=\"ca-headertext-seitenleiste\">Dalsze dodatkowe modu\u0142y<\/span><\/h5>\n<\/div><\/div><div class=\"wpb_widgetised_column wpb_content_element\"><div class=\"wpb_wrapper\"><div id=\"nav_menu-7\" class=\"widget widget_nav_menu\"><div class=\"menu-zusatzmodule-pl-container\"><ul id=\"menu-zusatzmodule-pl\" class=\"menu\"><li id=\"menu-item-2807\" class=\"menu-item menu-item-type-post_type menu-item-object-page menu-item-2807\"><a href=\"https:\/\/www.cadvilla.com\/pl\/z-ksiega_przedmiarow\/\"><i class=\"fas fa-plus\"><\/i> Ksi\u0119ga przedmiar\u00f3w<\/a><\/li>\n<li id=\"menu-item-2806\" class=\"menu-item menu-item-type-post_type menu-item-object-page menu-item-2806\"><a href=\"https:\/\/www.cadvilla.com\/pl\/z-konverter\/\"><i class=\"fas fa-plus\"><\/i> Konwerter 3D<\/a><\/li>\n<li id=\"menu-item-2805\" class=\"menu-item menu-item-type-post_type menu-item-object-page menu-item-2805\"><a href=\"https:\/\/www.cadvilla.com\/pl\/z-plan_generalny\/\"><i class=\"fas fa-plus\"><\/i> Plan generalny<\/a><\/li>\n<li id=\"menu-item-2719\" class=\"menu-item menu-item-type-post_type menu-item-object-page menu-item-2719\"><a href=\"https:\/\/www.cadvilla.com\/pl\/z-dxf_dwg_import\/\"><i class=\"fas fa-plus\"><\/i> Import 2D DXF i 2D DWG<\/a><\/li>\n<li id=\"menu-item-2718\" class=\"menu-item menu-item-type-post_type menu-item-object-page menu-item-2718\"><a href=\"https:\/\/www.cadvilla.com\/pl\/z-dxf_dwg_eksport\/\"><i class=\"fas fa-plus\"><\/i> Eksport 2D DXF i 2D DWG<\/a><\/li>\n<li id=\"menu-item-2804\" class=\"menu-item menu-item-type-post_type menu-item-object-page menu-item-2804\"><a href=\"https:\/\/www.cadvilla.com\/pl\/z-konstrukcja_okna\/\"><i class=\"fas fa-plus\"><\/i> Konstrukcja okna<\/a><\/li>\n<li id=\"menu-item-2803\" class=\"menu-item menu-item-type-post_type menu-item-object-page menu-item-2803\"><a href=\"https:\/\/www.cadvilla.com\/pl\/z-cinema4d_eksport\/\"><i class=\"fas fa-plus\"><\/i> CINEMA 4D Eksport<\/a><\/li>\n<\/ul><\/div><\/div><\/div><\/div><\/div><\/div><\/div><\/div><\/section>\n","protected":false},"excerpt":{"rendered":"Eksport do formatu CINEMA 4D &#8211; dodatkowy modu\u0142 do Cadvilla Zwolnij przez aktywacj\u0119 CINEMA 4D Eksport &#8211; Dodatkowy modu\u0142 119,00 \u20ac * (Zalecana cena katalogowa, obecnie brak dost\u0119pnych dzia\u0142a\u0144) \u2013 Wszystkie ceny zawieraj\u0105 ustawowy podatek VAT Kup i pobierz Dodatek do eksportowania danych w formacie CINEMA 4D Modu\u0142 CINEMA 4D s\u0142u\u017cy do eksportowania wszystkich danych...","protected":false},"author":1,"featured_media":0,"parent":0,"menu_order":0,"comment_status":"closed","ping_status":"closed","template":"","meta":{"footnotes":""},"class_list":["post-2799","page","type-page","status-publish","hentry"],"yoast_head":"<!-- This site is optimized with the Yoast SEO plugin v27.4 - https:\/\/yoast.com\/product\/yoast-seo-wordpress\/ -->\n<title>Eksport do formatu CINEMA 4D<\/title>\n<meta name=\"robots\" content=\"index, follow, max-snippet:-1, max-image-preview:large, max-video-preview:-1\" \/>\n<link rel=\"canonical\" href=\"https:\/\/www.cadvilla.com\/pl\/z-cinema4d_eksport\/\" \/>\n<meta property=\"og:locale\" content=\"pl_PL\" \/>\n<meta property=\"og:type\" content=\"article\" \/>\n<meta property=\"og:title\" content=\"Eksport do formatu CINEMA 4D\" \/>\n<meta property=\"og:url\" content=\"https:\/\/www.cadvilla.com\/pl\/z-cinema4d_eksport\/\" \/>\n<meta property=\"og:site_name\" content=\"cadvilla\" \/>\n<meta property=\"article:modified_time\" content=\"2023-10-22T12:34:37+00:00\" \/>\n<meta property=\"og:image\" content=\"https:\/\/www.cadvilla.com\/wp-content\/uploads\/cinema4d_bsp1.jpg\" \/>\n<meta name=\"twitter:card\" content=\"summary_large_image\" \/>\n<meta name=\"twitter:label1\" content=\"Szacowany czas czytania\" \/>\n\t<meta name=\"twitter:data1\" content=\"2 minuty\" \/>\n<script type=\"application\/ld+json\" class=\"yoast-schema-graph\">{\"@context\":\"https:\\\/\\\/schema.org\",\"@graph\":[{\"@type\":\"WebPage\",\"@id\":\"https:\\\/\\\/www.cadvilla.com\\\/pl\\\/z-cinema4d_eksport\\\/\",\"url\":\"https:\\\/\\\/www.cadvilla.com\\\/pl\\\/z-cinema4d_eksport\\\/\",\"name\":\"Eksport do formatu CINEMA 4D\",\"isPartOf\":{\"@id\":\"https:\\\/\\\/www.cadvilla.com\\\/pl\\\/#website\"},\"primaryImageOfPage\":{\"@id\":\"https:\\\/\\\/www.cadvilla.com\\\/pl\\\/z-cinema4d_eksport\\\/#primaryimage\"},\"image\":{\"@id\":\"https:\\\/\\\/www.cadvilla.com\\\/pl\\\/z-cinema4d_eksport\\\/#primaryimage\"},\"thumbnailUrl\":\"https:\\\/\\\/www.cadvilla.com\\\/wp-content\\\/uploads\\\/cinema4d_bsp1.jpg\",\"datePublished\":\"2019-05-16T14:54:22+00:00\",\"dateModified\":\"2023-10-22T12:34:37+00:00\",\"breadcrumb\":{\"@id\":\"https:\\\/\\\/www.cadvilla.com\\\/pl\\\/z-cinema4d_eksport\\\/#breadcrumb\"},\"inLanguage\":\"pl-PL\",\"potentialAction\":[{\"@type\":\"ReadAction\",\"target\":[\"https:\\\/\\\/www.cadvilla.com\\\/pl\\\/z-cinema4d_eksport\\\/\"]}]},{\"@type\":\"ImageObject\",\"inLanguage\":\"pl-PL\",\"@id\":\"https:\\\/\\\/www.cadvilla.com\\\/pl\\\/z-cinema4d_eksport\\\/#primaryimage\",\"url\":\"https:\\\/\\\/www.cadvilla.com\\\/wp-content\\\/uploads\\\/cinema4d_bsp1.jpg\",\"contentUrl\":\"https:\\\/\\\/www.cadvilla.com\\\/wp-content\\\/uploads\\\/cinema4d_bsp1.jpg\"},{\"@type\":\"BreadcrumbList\",\"@id\":\"https:\\\/\\\/www.cadvilla.com\\\/pl\\\/z-cinema4d_eksport\\\/#breadcrumb\",\"itemListElement\":[{\"@type\":\"ListItem\",\"position\":1,\"name\":\"Startseite\",\"item\":\"https:\\\/\\\/www.cadvilla.com\\\/pl\\\/\"},{\"@type\":\"ListItem\",\"position\":2,\"name\":\"Eksport do formatu CINEMA 4D &#8211; dodatkowy modu\u0142 do Cadvilla\"}]},{\"@type\":\"WebSite\",\"@id\":\"https:\\\/\\\/www.cadvilla.com\\\/pl\\\/#website\",\"url\":\"https:\\\/\\\/www.cadvilla.com\\\/pl\\\/\",\"name\":\"cadvilla\",\"description\":\"\",\"publisher\":{\"@id\":\"https:\\\/\\\/www.cadvilla.com\\\/pl\\\/#organization\"},\"potentialAction\":[{\"@type\":\"SearchAction\",\"target\":{\"@type\":\"EntryPoint\",\"urlTemplate\":\"https:\\\/\\\/www.cadvilla.com\\\/pl\\\/?s={search_term_string}\"},\"query-input\":{\"@type\":\"PropertyValueSpecification\",\"valueRequired\":true,\"valueName\":\"search_term_string\"}}],\"inLanguage\":\"pl-PL\"},{\"@type\":\"Organization\",\"@id\":\"https:\\\/\\\/www.cadvilla.com\\\/pl\\\/#organization\",\"name\":\"cadvilla\",\"url\":\"https:\\\/\\\/www.cadvilla.com\\\/pl\\\/\",\"logo\":{\"@type\":\"ImageObject\",\"inLanguage\":\"pl-PL\",\"@id\":\"https:\\\/\\\/www.cadvilla.com\\\/pl\\\/#\\\/schema\\\/logo\\\/image\\\/\",\"url\":\"https:\\\/\\\/www.cadvilla.com\\\/wp-content\\\/uploads\\\/logo_cadvilla.png\",\"contentUrl\":\"https:\\\/\\\/www.cadvilla.com\\\/wp-content\\\/uploads\\\/logo_cadvilla.png\",\"width\":157,\"height\":51,\"caption\":\"cadvilla\"},\"image\":{\"@id\":\"https:\\\/\\\/www.cadvilla.com\\\/pl\\\/#\\\/schema\\\/logo\\\/image\\\/\"}}]}<\/script>\n<!-- \/ Yoast SEO plugin. -->","yoast_head_json":{"title":"Eksport do formatu CINEMA 4D","robots":{"index":"index","follow":"follow","max-snippet":"max-snippet:-1","max-image-preview":"max-image-preview:large","max-video-preview":"max-video-preview:-1"},"canonical":"https:\/\/www.cadvilla.com\/pl\/z-cinema4d_eksport\/","og_locale":"pl_PL","og_type":"article","og_title":"Eksport do formatu CINEMA 4D","og_url":"https:\/\/www.cadvilla.com\/pl\/z-cinema4d_eksport\/","og_site_name":"cadvilla","article_modified_time":"2023-10-22T12:34:37+00:00","og_image":[{"url":"https:\/\/www.cadvilla.com\/wp-content\/uploads\/cinema4d_bsp1.jpg","type":"","width":"","height":""}],"twitter_card":"summary_large_image","twitter_misc":{"Szacowany czas czytania":"2 minuty"},"schema":{"@context":"https:\/\/schema.org","@graph":[{"@type":"WebPage","@id":"https:\/\/www.cadvilla.com\/pl\/z-cinema4d_eksport\/","url":"https:\/\/www.cadvilla.com\/pl\/z-cinema4d_eksport\/","name":"Eksport do formatu CINEMA 4D","isPartOf":{"@id":"https:\/\/www.cadvilla.com\/pl\/#website"},"primaryImageOfPage":{"@id":"https:\/\/www.cadvilla.com\/pl\/z-cinema4d_eksport\/#primaryimage"},"image":{"@id":"https:\/\/www.cadvilla.com\/pl\/z-cinema4d_eksport\/#primaryimage"},"thumbnailUrl":"https:\/\/www.cadvilla.com\/wp-content\/uploads\/cinema4d_bsp1.jpg","datePublished":"2019-05-16T14:54:22+00:00","dateModified":"2023-10-22T12:34:37+00:00","breadcrumb":{"@id":"https:\/\/www.cadvilla.com\/pl\/z-cinema4d_eksport\/#breadcrumb"},"inLanguage":"pl-PL","potentialAction":[{"@type":"ReadAction","target":["https:\/\/www.cadvilla.com\/pl\/z-cinema4d_eksport\/"]}]},{"@type":"ImageObject","inLanguage":"pl-PL","@id":"https:\/\/www.cadvilla.com\/pl\/z-cinema4d_eksport\/#primaryimage","url":"https:\/\/www.cadvilla.com\/wp-content\/uploads\/cinema4d_bsp1.jpg","contentUrl":"https:\/\/www.cadvilla.com\/wp-content\/uploads\/cinema4d_bsp1.jpg"},{"@type":"BreadcrumbList","@id":"https:\/\/www.cadvilla.com\/pl\/z-cinema4d_eksport\/#breadcrumb","itemListElement":[{"@type":"ListItem","position":1,"name":"Startseite","item":"https:\/\/www.cadvilla.com\/pl\/"},{"@type":"ListItem","position":2,"name":"Eksport do formatu CINEMA 4D &#8211; dodatkowy modu\u0142 do Cadvilla"}]},{"@type":"WebSite","@id":"https:\/\/www.cadvilla.com\/pl\/#website","url":"https:\/\/www.cadvilla.com\/pl\/","name":"cadvilla","description":"","publisher":{"@id":"https:\/\/www.cadvilla.com\/pl\/#organization"},"potentialAction":[{"@type":"SearchAction","target":{"@type":"EntryPoint","urlTemplate":"https:\/\/www.cadvilla.com\/pl\/?s={search_term_string}"},"query-input":{"@type":"PropertyValueSpecification","valueRequired":true,"valueName":"search_term_string"}}],"inLanguage":"pl-PL"},{"@type":"Organization","@id":"https:\/\/www.cadvilla.com\/pl\/#organization","name":"cadvilla","url":"https:\/\/www.cadvilla.com\/pl\/","logo":{"@type":"ImageObject","inLanguage":"pl-PL","@id":"https:\/\/www.cadvilla.com\/pl\/#\/schema\/logo\/image\/","url":"https:\/\/www.cadvilla.com\/wp-content\/uploads\/logo_cadvilla.png","contentUrl":"https:\/\/www.cadvilla.com\/wp-content\/uploads\/logo_cadvilla.png","width":157,"height":51,"caption":"cadvilla"},"image":{"@id":"https:\/\/www.cadvilla.com\/pl\/#\/schema\/logo\/image\/"}}]}},"_links":{"self":[{"href":"https:\/\/www.cadvilla.com\/pl\/wp-json\/wp\/v2\/pages\/2799","targetHints":{"allow":["GET"]}}],"collection":[{"href":"https:\/\/www.cadvilla.com\/pl\/wp-json\/wp\/v2\/pages"}],"about":[{"href":"https:\/\/www.cadvilla.com\/pl\/wp-json\/wp\/v2\/types\/page"}],"author":[{"embeddable":true,"href":"https:\/\/www.cadvilla.com\/pl\/wp-json\/wp\/v2\/users\/1"}],"replies":[{"embeddable":true,"href":"https:\/\/www.cadvilla.com\/pl\/wp-json\/wp\/v2\/comments?post=2799"}],"version-history":[{"count":0,"href":"https:\/\/www.cadvilla.com\/pl\/wp-json\/wp\/v2\/pages\/2799\/revisions"}],"wp:attachment":[{"href":"https:\/\/www.cadvilla.com\/pl\/wp-json\/wp\/v2\/media?parent=2799"}],"curies":[{"name":"wp","href":"https:\/\/api.w.org\/{rel}","templated":true}]}}