{"id":5264,"date":"2019-06-04T17:06:27","date_gmt":"2019-06-04T15:06:27","guid":{"rendered":"https:\/\/www.cadvilla.pl\/grundrisse-zeichnen\/"},"modified":"2023-10-22T14:46:36","modified_gmt":"2023-10-22T12:46:36","slug":"rysowanie_planu_pomieszczen","status":"publish","type":"page","link":"https:\/\/www.cadvilla.com\/pl\/rysowanie_planu_pomieszczen\/","title":{"rendered":"Rysowanie planu pomieszcze\u0144"},"content":{"rendered":"<section class=\"l-section wpb_row ca-headerbackground0 height_auto\"><div class=\"l-section-h i-cf\"><div class=\"g-cols vc_row via_grid cols_1 laptops-cols_inherit tablets-cols_inherit mobiles-cols_1 valign_bottom type_default stacking_default\"><div class=\"wpb_column vc_column_container\"><div class=\"vc_column-inner\"><\/div><\/div><\/div><\/div><\/section><section class=\"l-section wpb_row height_auto\"><div class=\"l-section-h i-cf\"><div class=\"g-cols vc_row via_grid cols_1 laptops-cols_inherit tablets-cols_inherit mobiles-cols_1 valign_top type_default stacking_default\"><div class=\"wpb_column vc_column_container\"><div class=\"vc_column-inner\"><\/div><\/div><\/div><\/div><\/section><section class=\"l-section wpb_row ca-headerbg height_small\" id=\"begin\"><div class=\"l-section-h i-cf\"><div class=\"g-cols vc_row via_grid cols_1 laptops-cols_inherit tablets-cols_inherit mobiles-cols_1 valign_top type_default stacking_default\"><div class=\"wpb_column vc_column_container\"><div class=\"vc_column-inner\"><div class=\"wpb_text_column ca-heading1\"><div class=\"wpb_wrapper\"><h1>Rysowanie planu pomieszcze\u0144<\/h1>\n<\/div><\/div><\/div><\/div><\/div><\/div><\/section><section class=\"l-section wpb_row height_medium\"><div class=\"l-section-h i-cf\"><div class=\"g-cols vc_row via_grid cols_\/12 laptops-cols_inherit tablets-cols_inherit mobiles-cols_1 valign_top type_default stacking_default\"><div class=\"wpb_column vc_column_container\"><div class=\"vc_column-inner\"><div class=\"wpb_text_column\"><div class=\"wpb_wrapper\"><h2>Rysowanie planu pomieszcze\u0144 za pomoc\u0105 oprogramowania do tworzenia plan\u00f3w 3D<\/h2>\n<p><img data-dominant-color=\"d3d4d6\" data-has-transparency=\"false\" style=\"--dominant-color: #d3d4d6;\" loading=\"lazy\" decoding=\"async\" class=\"alignright wp-image-725 size-full not-transparent\" title=\"Rysowanie planu pomieszcze\u0144\" src=\"https:\/\/www.cadvilla.com\/wp-content\/uploads\/paralleles_arbeiten.jpg\" alt=\"Rysowanie planu pomieszcze\u0144\" width=\"350\" height=\"209\" \/>W jaki spos\u00f3b najlepiej jest narysowa\u0107 kompletne plany? Przedstawiamy spos\u00f3b na szybkie i skuteczne rozrysowanie plan\u00f3w dom\u00f3w.<\/p>\n<\/div><\/div><div class=\"wpb_text_column\" id=\"walmdach\"><div class=\"wpb_wrapper\"><h3>Rysowanie i tworzenie plan\u00f3w<\/h3>\n<p>Je\u015bli u\u017cytkownik podj\u0105\u0142 ju\u017c decyzj\u0119 dotycz\u0105c\u0105 formy domu i wie r\u00f3wnie\u017c, jak oraz z jakich materia\u0142\u00f3w (typ domu) ma by\u0107 on zbudowany przychodzi pora na przygotowanie plan\u00f3w. Wyr\u00f3\u017cniamy dwa rodzaje plan\u00f3w.<\/p>\n<ul>\n<li><strong>Plan domu nie zawieraj\u0105cy<\/strong><\/li>\n<\/ul>\n<p style=\"padding-left: 40px;\">U\u017cytkownik ma og\u00f3lne wyobra\u017cenie wymiar\u00f3w swojego domu, ale nie wie dok\u0142adnie, jaka b\u0119dzie liczba pomieszcze\u0144, wysoko\u015b\u0107 pi\u0119ter oraz dok\u0142adne wymiary konturu i pomieszcze\u0144 wewn\u0119trznych.<\/p>\n<p style=\"padding-left: 40px;\"><img data-dominant-color=\"e2e4e6\" data-has-transparency=\"false\" style=\"--dominant-color: #e2e4e6;\" loading=\"lazy\" decoding=\"async\" class=\"alignright wp-image-1578 size-full not-transparent\" title=\"Konstrukcja \u015bcienna wielowarstwowa\" src=\"https:\/\/www.cadvilla.com\/wp-content\/uploads\/wandaufbau_sm.jpg\" alt=\"Konstrukcja \u015bcienna wielowarstwowa\" width=\"350\" height=\"209\" \/><\/p>\n<p style=\"padding-left: 40px;\">W takim przypadku rozs\u0105dnie jest wypr\u00f3bowa\u0107 po prostu r\u00f3\u017cne warianty zawarte w programie do projektowania domu i przygotowa\u0107 szkice. Mo\u017cna przy tym wypr\u00f3bowa\u0107 r\u00f3\u017cne wymiary i grubo\u015bci \u015bcian, zmienia\u0107 \u015bciany (przesuwa\u0107, przed\u0142u\u017ca\u0107, skraca\u0107) i w ten spos\u00f3b znale\u017a\u0107 idealn\u0105 form\u0119. Podczas pr\u00f3bowania nie jest wa\u017cne prawid\u0142owe wprowadzenie ka\u017cdego szczeg\u00f3\u0142u jak na przyk\u0142ad okre\u015blenie pomieszcze\u0144 lub pod\u0142ogi. Istotne jest znalezienie dok\u0142adnych wymiar\u00f3w \u015bcian zewn\u0119trznych i wewn\u0119trznych oraz ich odpowiednich grubo\u015bci, przybli\u017conych wymiar\u00f3w okien i drzwi oraz ich rozmieszczenie, a tak\u017ce okre\u015blenie wysoko\u015bci pi\u0119ter.<\/p>\n<p style=\"padding-left: 40px;\">W kolejnym kroku okre\u015blane s\u0105 za pomoc\u0105 \u0142a\u0144cucha wymiarowego wymiary domu dotycz\u0105ce \u015bcian zewn\u0119trznych i wewn\u0119trznych, drukowane odpowiednie dokumenty a sam projekt zapisywany. Potem rozpoczyna si\u0119\u00a0<strong>nowy projekt<\/strong>\u00a0i od nowa rysuje si\u0119 plan pomieszcze\u0144 w ustalonymi wymiarami.<\/p>\n<ul>\n<li><strong><strong>Rysowanie planu pomieszcze\u0144 \u2014 plan zawieraj\u0105cy ustalone wymiary i form\u0119<\/strong><\/strong>U\u017cytkownik ma ju\u017c dok\u0142adne wymiary, rozmieszczenie i grubo\u015bci wszystkich \u015bcian. Mo\u017cna wtedy rozpocz\u0105\u0107\u00a0<strong>nowy projekt<\/strong>. Poniewa\u017c \u015bciany domu prawdopodobnie nie znajduj\u0105 si\u0119 w siatce wymiarowej, nale\u017cy siatk\u0119 wy\u0142\u0105czy\u0107. Mo\u017cna te\u017c dezaktywowa\u0107 wy\u015bwietlanie r\u00f3\u017cnych grubo\u015bci linii, poniewa\u017c b\u0119dzie to istotne dopiero przy drukowaniu planu.\n<ul>\n<li><img data-dominant-color=\"baab97\" data-has-transparency=\"false\" style=\"--dominant-color: #baab97;\" loading=\"lazy\" decoding=\"async\" class=\"alignnone wp-image-3811 size-full not-transparent\" src=\"https:\/\/www.cadvilla.com\/wp-content\/uploads\/icon_raster.png\" alt=\"siatka w\u0142 \/ wy\u0142\" width=\"24\" height=\"24\" \/> &#8230; Kliknij symbol siatki, aby dezaktywowa\u0107 zastosowanie i wy\u015bwietlanie siatki.<\/li>\n<li><img data-dominant-color=\"bbad94\" data-has-transparency=\"false\" style=\"--dominant-color: #bbad94;\" loading=\"lazy\" decoding=\"async\" class=\"alignnone wp-image-3816 size-full not-transparent\" src=\"https:\/\/www.cadvilla.com\/wp-content\/uploads\/icon_linienstaerke.png\" alt=\"Waga linii w\u0142\u0105czona \/ wy\u0142\u0105czona\" width=\"24\" height=\"24\" \/> &#8230; Kliknij symbol grubo\u015bci linii, aby dezaktywowa\u0107 wy\u015bwietlanie grubo\u015bci linii.<\/li>\n<\/ul>\n<\/li>\n<\/ul>\n<p><img data-dominant-color=\"ebedf0\" data-has-transparency=\"false\" style=\"--dominant-color: #ebedf0;\" loading=\"lazy\" decoding=\"async\" class=\"alignright wp-image-3997 size-full not-transparent\" title=\"Sfinalizowany plan domu\" src=\"https:\/\/www.cadvilla.com\/wp-content\/uploads\/grundrissplan_erstellen-1.jpg\" alt=\"Sfinalizowany plan domu\" width=\"350\" height=\"209\" \/><\/p>\n<p>Nast\u0119pnie mo\u017cna rozpocz\u0105\u0107 w\u0142a\u015bciwe wprowadzanie \u015bcian zewn\u0119trznych. W tym celu generuje si\u0119 najpierw siatk\u0119 linii pomocniczych do \u015bcian zewn\u0119trznych za pomoc\u0105 poziomych i pionowych linii pomocniczych (ewentualnie we w\u0142asnym kolorze). Nast\u0119pnie nale\u017cy wybra\u0107 wprowadzanie \u015bcian zewn\u0119trznych \u2014 okre\u015bli\u0107 grubo\u015b\u0107 \u015bcian (ewentualnie te\u017c budow\u0119 warstwow\u0105) korzystaj\u0105c prawego przycisku myszy \u2014 a potem odsuwa si\u0119 poszczeg\u00f3lne powsta\u0142e przeci\u0119cia linii pomocniczych. Zmiany osi \u015bcian wykonuje si\u0119 korzystaj\u0105c ze skr\u00f3tu klawiaturowego Ctrl+W.<br \/>\nAby otrzyma\u0107 dok\u0142adnie pionowe i poziome \u015bciany, mo\u017cna dodatkowo do wprowadzania mysz\u0105 przytrzyma\u0107 wci\u015bni\u0119ty klawisz Ctrl.<\/p>\n<p>Za chwil\u0119 przejdziemy do rysowania \u015bcian wewn\u0119trznych. Najpierw nale\u017cy zdefiniowa\u0107 siatk\u0119 linii pomocniczych za pomoc\u0105 pionowych i poziomych linii pomocniczych (ewentualnie w innym kolorze). Nast\u0119pnie nale\u017cy przej\u015b\u0107 do wprowadzania \u015bcian wewn\u0119trznych i odsun\u0105\u0107 poszczeg\u00f3lne powsta\u0142e punkty pomocnicze.<\/p>\n<p>Po\u017c\u0105dane punkty naro\u017cne \u015bcian, kt\u00f3re nie powsta\u0142y w siatce linii pomocniczych, mo\u017cna zdefiniowa\u0107 za pomoc\u0105 narz\u0119dzi konstrukcyjnych (prawy przycisk myszy &#8211; &gt; narz\u0119dzia konstrukcyjne) na etapie wprowadzania \u015bcian.<\/p>\n<p style=\"padding-left: 40px;\"><img data-dominant-color=\"ff871f\" data-has-transparency=\"true\" style=\"--dominant-color: #ff871f;\" loading=\"lazy\" decoding=\"async\" class=\"alignleft wp-image-3821 size-full has-transparency\" src=\"https:\/\/www.cadvilla.com\/wp-content\/uploads\/rufzeichen.png\" alt=\"znak wywo\u0142awczy\" width=\"16\" height=\"70\" \/>Je\u015bli \u015bciana oka\u017ce si\u0119 zbyt kr\u00f3tka, nale\u017cy j\u0105 usun\u0105\u0107 i wstawi\u0107 now\u0105 albo przed\u0142u\u017cy\u0107 \u015bcian\u0119 za pomoc\u0105 funkcji \u201e<em>Edytuj \u015bciany<\/em>\u201d. Sztukowanie \u015bcian o jednakowej grubo\u015bci (segment\u00f3w \u015bcian) mo\u017cne mie\u0107 niekorzystny wp\u0142yw na automatyczne obliczenia oraz powodowa\u0107 problemy podczas wprowadzania okien. Uzasadnienie: Podczas wprowadzania okien do sztukowanych \u015bcian dosztukowany segment \u015bciany musi mie\u0107 jednakow\u0105 d\u0142ugo\u015b\u0107 lub by\u0107 d\u0142u\u017cszy ni\u017c szeroko\u015b\u0107 okna.<\/p>\n<\/div><\/div><div class=\"wpb_text_column\"><div class=\"wpb_wrapper\"><h3>Opisywanie pomieszcze\u0144<\/h3>\n<p>Dopiero po wprowadzeniu\u00a0<strong>WSZYSTKICH<\/strong>\u00a0\u015bcian i braku oczekuj\u0105cych na wprowadzenie zmian mo\u017cna ustali\u0107 ostateczne oznaczenie i nazwy pomieszcze\u0144. Po wybraniu pomieszczenia nale\u017cy klikn\u0105\u0107 prawym przyciskiem myszy, przej\u015b\u0107 do W\u0142a\u015bciwo\u015bci oraz zmieni\u0107 w oknie dialogowym kt\u00f3re si\u0119 pojawi standardowe okre\u015blenie pomieszczenia, na przyk\u0142ad na pok\u00f3j dzienny, sypialni\u0119, kuchni\u0119, \u0142azienk\u0119 lub toalet\u0119. W tym samym oknie dialogowym mo\u017cna w obszarze Opis wy\u015bwietli\u0107 r\u00f3\u017cne dodatkowe opisy.<\/p>\n<h3>Wprowadzanie okien i drzwi<\/h3>\n<p><img data-dominant-color=\"e3e6e8\" data-has-transparency=\"false\" style=\"--dominant-color: #e3e6e8;\" loading=\"lazy\" decoding=\"async\" class=\"alignright wp-image-3846 size-full not-transparent\" title=\"Wprowad\u017a komponenty\" src=\"https:\/\/www.cadvilla.com\/wp-content\/uploads\/bauelemente_eingeben_sm.jpg\" alt=\"Wprowad\u017a komponenty\" width=\"350\" height=\"209\" \/>Do rysowania plan\u00f3w nale\u017cy opr\u00f3cz wprowadzania \u015bcian (\u015bcian wewn\u0119trznych i zewn\u0119trznych, parawan\u00f3w, \u015bcian wirtualnych) r\u00f3wnie\u017c wprowadzanie drzwi i okien.<\/p>\n<p>Po wybraniu okien lub drzwi nale\u017cy klikn\u0105\u0107 w polu rysowania prawym przyciskiem myszy i wybra\u0107\u00a0<em>W\u0142a\u015bciwo\u015bci<\/em>. W oknie dialogowym, kt\u00f3re si\u0119 pojawi, mo\u017cna okre\u015bli\u0107 wymiary drzwi lub okna. W przypadku okien w tym obszarze mo\u017cna r\u00f3wnie\u017c okre\u015bli\u0107 rozk\u0142ad szczeblin okiennych.<\/p>\n<p>Rozmieszczenie okien i drzwi odbywa si\u0119 albo za pomoc\u0105 wprowadzonych linii pomocniczych, albo za pomoc\u0105 narz\u0119dzi konstrukcyjnych (prawy przycisk myszy -&gt; Narz\u0119dzia konstrukcyjne). Je\u015bli okno lub drzwi znajduj\u0105 si\u0119 na kursorze, mo\u017cna zmieni\u0107 punkty odniesienia (prawy, lewy, \u015brodek) przed wprowadzeniem za pomoc\u0105 skr\u00f3tu klawiaturowego Crtl+W.<\/p>\n<\/div><\/div><div class=\"wpb_text_column\"><div class=\"wpb_wrapper\"><h3>Pozosta\u0142e kroki tworzenia planu pomieszcze\u0144<\/h3>\n<p><img data-dominant-color=\"c2c0bd\" data-has-transparency=\"false\" style=\"--dominant-color: #c2c0bd;\" loading=\"lazy\" decoding=\"async\" class=\"alignright wp-image-3856 size-full not-transparent\" title=\"Uzupe\u0142nij wn\u0119trze\" src=\"https:\/\/www.cadvilla.com\/wp-content\/uploads\/raumplaner.jpg\" alt=\"Uzupe\u0142nij wn\u0119trze\" width=\"350\" height=\"209\" \/><\/p>\n<ul>\n<li>ujmowanie podp\u00f3r, komin\u00f3w, podci\u0105g\u00f3w i nadci\u0105g\u00f3w,<\/li>\n<li>rysowanie <a href=\"https:\/\/www.cadvilla.com\/pl\/planowanie_domu\/#planowanie_schodow\">schod\u00f3w<\/a> (schod\u00f3w prostych, gi\u0119tych oraz z podestem),<\/li>\n<li>rysowanie nisz w stropach i \u015bcianach,<\/li>\n<li>wprowadzanie dachu (dach\u00f3w jednospadowych, czterospadowych, dwuspadowych&#8230;), ewentualnie wprowadzanie lukarn i okien dachowych,<\/li>\n<li>wymiarowanie narysowanego planu pomieszcze\u0144.<\/li>\n<\/ul>\n<\/div><\/div><div class=\"w-separator size_small\"><\/div><div class=\"g-cols wpb_row via_grid cols_1 laptops-cols_inherit tablets-cols_inherit mobiles-cols_1 valign_top type_default stacking_default\" style=\"--columns-gap:3rem;\"><div class=\"wpb_column vc_column_container\"><div class=\"vc_column-inner\"><div class=\"wpb_text_column\"><div class=\"wpb_wrapper\"><h2>cadvilla to profesjonalne oprogramowanie do rysowania planu pomieszcze\u0144<\/h2>\n<p><img data-dominant-color=\"e8eaed\" data-has-transparency=\"false\" style=\"--dominant-color: #e8eaed;\" loading=\"lazy\" decoding=\"async\" class=\"alignright wp-image-2567 size-full not-transparent\" title=\"Uk\u0142ad planu\" src=\"https:\/\/www.cadvilla.com\/wp-content\/uploads\/planzusammenstellung_gesamt.png\" alt=\"Uk\u0142ad planu\" width=\"350\" height=\"209\" \/><\/p>\n<p>Narysuj sw\u00f3j plan pomieszcze\u0144 za pomoc\u0105 programu cadvilla professional. Rysowanie za pomoc\u0105 programu cadvilla jest proste i szybkie. Cadvilla to idealne oprogramowanie do samodzielnego rysowania planu domu i szybkiego uzyskania pierwszego wra\u017cenia w wymiarze 3D.<\/p>\n<p>Program kompatybilny z systemem Windows 10 \/ 11<\/p>\n<\/div><\/div><div class=\"w-btn-wrapper align_left\"><a class=\"w-btn us-btn-style_5 us_custom_2ac0b1fd icon_atleft\" href=\"https:\/\/www.cadvilla.com\/pl\/ \"><i class=\"fas fa-sign-in\"><\/i><span class=\"w-btn-label\">Pozosta\u0142e informacje<\/span><\/a><\/div><div class=\"w-separator size_medium\"><\/div><div class=\"wpb_text_column\"><div class=\"wpb_wrapper\"><p>Cadvilla oprogramowania CAD jest dost\u0119pna na cztery r\u00f3\u017cne konfiguracje. Tutaj znajdziesz szczeg\u00f3\u0142owe wyniki.<\/p>\n<\/div><\/div><div class=\"w-btn-wrapper align_left\"><a class=\"w-btn us-btn-style_5 us_custom_2ac0b1fd icon_atleft\" href=\"https:\/\/www.cadvilla.com\/pl\/porownanie_wersji\/\"><i class=\"fas fa-sign-in\"><\/i><span class=\"w-btn-label\">Por\u00f3wnanie wersji<\/span><\/a><\/div><\/div><\/div><\/div><\/div><\/div><\/div><\/div><\/section>\n","protected":false},"excerpt":{"rendered":"Rysowanie planu pomieszcze\u0144 Rysowanie planu pomieszcze\u0144 za pomoc\u0105 oprogramowania do tworzenia plan\u00f3w 3D W jaki spos\u00f3b najlepiej jest narysowa\u0107 kompletne plany? Przedstawiamy spos\u00f3b na szybkie i skuteczne rozrysowanie plan\u00f3w dom\u00f3w. Rysowanie i tworzenie plan\u00f3w Je\u015bli u\u017cytkownik podj\u0105\u0142 ju\u017c decyzj\u0119 dotycz\u0105c\u0105 formy domu i wie r\u00f3wnie\u017c, jak oraz z jakich materia\u0142\u00f3w (typ domu) ma by\u0107 on...","protected":false},"author":1,"featured_media":0,"parent":0,"menu_order":0,"comment_status":"closed","ping_status":"closed","template":"","meta":{"footnotes":""},"class_list":["post-5264","page","type-page","status-publish","hentry"],"yoast_head":"<!-- This site is optimized with the Yoast SEO plugin v27.4 - https:\/\/yoast.com\/product\/yoast-seo-wordpress\/ -->\n<title>Rysowanie planu pomieszcze\u0144 w programie | cadvilla.com<\/title>\n<meta name=\"description\" content=\"Rysowanie planu pomieszcze\u0144 budowanego domu za pomoc\u0105 \u0142atwego w obs\u0142udze oprogramowania architektonicznego CADVILLA. Pobierz teraz i zaplanuj wymarzony dom!\" \/>\n<meta name=\"robots\" content=\"index, follow, max-snippet:-1, max-image-preview:large, max-video-preview:-1\" \/>\n<link rel=\"canonical\" href=\"https:\/\/www.cadvilla.com\/pl\/rysowanie_planu_pomieszczen\/\" \/>\n<meta property=\"og:locale\" content=\"pl_PL\" \/>\n<meta property=\"og:type\" content=\"article\" \/>\n<meta property=\"og:title\" content=\"Rysowanie planu pomieszcze\u0144 w programie | cadvilla.com\" \/>\n<meta property=\"og:description\" content=\"Rysowanie planu pomieszcze\u0144 budowanego domu za pomoc\u0105 \u0142atwego w obs\u0142udze oprogramowania architektonicznego CADVILLA. Pobierz teraz i zaplanuj wymarzony dom!\" \/>\n<meta property=\"og:url\" content=\"https:\/\/www.cadvilla.com\/pl\/rysowanie_planu_pomieszczen\/\" \/>\n<meta property=\"og:site_name\" content=\"cadvilla\" \/>\n<meta property=\"article:modified_time\" content=\"2023-10-22T12:46:36+00:00\" \/>\n<meta property=\"og:image\" content=\"https:\/\/www.cadvilla.com\/wp-content\/uploads\/paralleles_arbeiten.jpg\" \/>\n<meta name=\"twitter:card\" content=\"summary_large_image\" \/>\n<meta name=\"twitter:label1\" content=\"Szacowany czas czytania\" \/>\n\t<meta name=\"twitter:data1\" content=\"7 minut\" \/>\n<script type=\"application\/ld+json\" class=\"yoast-schema-graph\">{\"@context\":\"https:\\\/\\\/schema.org\",\"@graph\":[{\"@type\":\"WebPage\",\"@id\":\"https:\\\/\\\/www.cadvilla.com\\\/pl\\\/rysowanie_planu_pomieszczen\\\/\",\"url\":\"https:\\\/\\\/www.cadvilla.com\\\/pl\\\/rysowanie_planu_pomieszczen\\\/\",\"name\":\"Rysowanie planu pomieszcze\u0144 w programie | cadvilla.com\",\"isPartOf\":{\"@id\":\"https:\\\/\\\/www.cadvilla.com\\\/pl\\\/#website\"},\"primaryImageOfPage\":{\"@id\":\"https:\\\/\\\/www.cadvilla.com\\\/pl\\\/rysowanie_planu_pomieszczen\\\/#primaryimage\"},\"image\":{\"@id\":\"https:\\\/\\\/www.cadvilla.com\\\/pl\\\/rysowanie_planu_pomieszczen\\\/#primaryimage\"},\"thumbnailUrl\":\"https:\\\/\\\/www.cadvilla.com\\\/wp-content\\\/uploads\\\/paralleles_arbeiten.jpg\",\"datePublished\":\"2019-06-04T15:06:27+00:00\",\"dateModified\":\"2023-10-22T12:46:36+00:00\",\"description\":\"Rysowanie planu pomieszcze\u0144 budowanego domu za pomoc\u0105 \u0142atwego w obs\u0142udze oprogramowania architektonicznego CADVILLA. Pobierz teraz i zaplanuj wymarzony dom!\",\"breadcrumb\":{\"@id\":\"https:\\\/\\\/www.cadvilla.com\\\/pl\\\/rysowanie_planu_pomieszczen\\\/#breadcrumb\"},\"inLanguage\":\"pl-PL\",\"potentialAction\":[{\"@type\":\"ReadAction\",\"target\":[\"https:\\\/\\\/www.cadvilla.com\\\/pl\\\/rysowanie_planu_pomieszczen\\\/\"]}]},{\"@type\":\"ImageObject\",\"inLanguage\":\"pl-PL\",\"@id\":\"https:\\\/\\\/www.cadvilla.com\\\/pl\\\/rysowanie_planu_pomieszczen\\\/#primaryimage\",\"url\":\"https:\\\/\\\/www.cadvilla.com\\\/wp-content\\\/uploads\\\/paralleles_arbeiten.jpg\",\"contentUrl\":\"https:\\\/\\\/www.cadvilla.com\\\/wp-content\\\/uploads\\\/paralleles_arbeiten.jpg\"},{\"@type\":\"BreadcrumbList\",\"@id\":\"https:\\\/\\\/www.cadvilla.com\\\/pl\\\/rysowanie_planu_pomieszczen\\\/#breadcrumb\",\"itemListElement\":[{\"@type\":\"ListItem\",\"position\":1,\"name\":\"Startseite\",\"item\":\"https:\\\/\\\/www.cadvilla.com\\\/pl\\\/\"},{\"@type\":\"ListItem\",\"position\":2,\"name\":\"Rysowanie planu pomieszcze\u0144\"}]},{\"@type\":\"WebSite\",\"@id\":\"https:\\\/\\\/www.cadvilla.com\\\/pl\\\/#website\",\"url\":\"https:\\\/\\\/www.cadvilla.com\\\/pl\\\/\",\"name\":\"cadvilla\",\"description\":\"\",\"publisher\":{\"@id\":\"https:\\\/\\\/www.cadvilla.com\\\/pl\\\/#organization\"},\"potentialAction\":[{\"@type\":\"SearchAction\",\"target\":{\"@type\":\"EntryPoint\",\"urlTemplate\":\"https:\\\/\\\/www.cadvilla.com\\\/pl\\\/?s={search_term_string}\"},\"query-input\":{\"@type\":\"PropertyValueSpecification\",\"valueRequired\":true,\"valueName\":\"search_term_string\"}}],\"inLanguage\":\"pl-PL\"},{\"@type\":\"Organization\",\"@id\":\"https:\\\/\\\/www.cadvilla.com\\\/pl\\\/#organization\",\"name\":\"cadvilla\",\"url\":\"https:\\\/\\\/www.cadvilla.com\\\/pl\\\/\",\"logo\":{\"@type\":\"ImageObject\",\"inLanguage\":\"pl-PL\",\"@id\":\"https:\\\/\\\/www.cadvilla.com\\\/pl\\\/#\\\/schema\\\/logo\\\/image\\\/\",\"url\":\"https:\\\/\\\/www.cadvilla.com\\\/wp-content\\\/uploads\\\/logo_cadvilla.png\",\"contentUrl\":\"https:\\\/\\\/www.cadvilla.com\\\/wp-content\\\/uploads\\\/logo_cadvilla.png\",\"width\":157,\"height\":51,\"caption\":\"cadvilla\"},\"image\":{\"@id\":\"https:\\\/\\\/www.cadvilla.com\\\/pl\\\/#\\\/schema\\\/logo\\\/image\\\/\"}}]}<\/script>\n<!-- \/ Yoast SEO plugin. -->","yoast_head_json":{"title":"Rysowanie planu pomieszcze\u0144 w programie | cadvilla.com","description":"Rysowanie planu pomieszcze\u0144 budowanego domu za pomoc\u0105 \u0142atwego w obs\u0142udze oprogramowania architektonicznego CADVILLA. Pobierz teraz i zaplanuj wymarzony dom!","robots":{"index":"index","follow":"follow","max-snippet":"max-snippet:-1","max-image-preview":"max-image-preview:large","max-video-preview":"max-video-preview:-1"},"canonical":"https:\/\/www.cadvilla.com\/pl\/rysowanie_planu_pomieszczen\/","og_locale":"pl_PL","og_type":"article","og_title":"Rysowanie planu pomieszcze\u0144 w programie | cadvilla.com","og_description":"Rysowanie planu pomieszcze\u0144 budowanego domu za pomoc\u0105 \u0142atwego w obs\u0142udze oprogramowania architektonicznego CADVILLA. Pobierz teraz i zaplanuj wymarzony dom!","og_url":"https:\/\/www.cadvilla.com\/pl\/rysowanie_planu_pomieszczen\/","og_site_name":"cadvilla","article_modified_time":"2023-10-22T12:46:36+00:00","og_image":[{"url":"https:\/\/www.cadvilla.com\/wp-content\/uploads\/paralleles_arbeiten.jpg","type":"","width":"","height":""}],"twitter_card":"summary_large_image","twitter_misc":{"Szacowany czas czytania":"7 minut"},"schema":{"@context":"https:\/\/schema.org","@graph":[{"@type":"WebPage","@id":"https:\/\/www.cadvilla.com\/pl\/rysowanie_planu_pomieszczen\/","url":"https:\/\/www.cadvilla.com\/pl\/rysowanie_planu_pomieszczen\/","name":"Rysowanie planu pomieszcze\u0144 w programie | cadvilla.com","isPartOf":{"@id":"https:\/\/www.cadvilla.com\/pl\/#website"},"primaryImageOfPage":{"@id":"https:\/\/www.cadvilla.com\/pl\/rysowanie_planu_pomieszczen\/#primaryimage"},"image":{"@id":"https:\/\/www.cadvilla.com\/pl\/rysowanie_planu_pomieszczen\/#primaryimage"},"thumbnailUrl":"https:\/\/www.cadvilla.com\/wp-content\/uploads\/paralleles_arbeiten.jpg","datePublished":"2019-06-04T15:06:27+00:00","dateModified":"2023-10-22T12:46:36+00:00","description":"Rysowanie planu pomieszcze\u0144 budowanego domu za pomoc\u0105 \u0142atwego w obs\u0142udze oprogramowania architektonicznego CADVILLA. Pobierz teraz i zaplanuj wymarzony dom!","breadcrumb":{"@id":"https:\/\/www.cadvilla.com\/pl\/rysowanie_planu_pomieszczen\/#breadcrumb"},"inLanguage":"pl-PL","potentialAction":[{"@type":"ReadAction","target":["https:\/\/www.cadvilla.com\/pl\/rysowanie_planu_pomieszczen\/"]}]},{"@type":"ImageObject","inLanguage":"pl-PL","@id":"https:\/\/www.cadvilla.com\/pl\/rysowanie_planu_pomieszczen\/#primaryimage","url":"https:\/\/www.cadvilla.com\/wp-content\/uploads\/paralleles_arbeiten.jpg","contentUrl":"https:\/\/www.cadvilla.com\/wp-content\/uploads\/paralleles_arbeiten.jpg"},{"@type":"BreadcrumbList","@id":"https:\/\/www.cadvilla.com\/pl\/rysowanie_planu_pomieszczen\/#breadcrumb","itemListElement":[{"@type":"ListItem","position":1,"name":"Startseite","item":"https:\/\/www.cadvilla.com\/pl\/"},{"@type":"ListItem","position":2,"name":"Rysowanie planu pomieszcze\u0144"}]},{"@type":"WebSite","@id":"https:\/\/www.cadvilla.com\/pl\/#website","url":"https:\/\/www.cadvilla.com\/pl\/","name":"cadvilla","description":"","publisher":{"@id":"https:\/\/www.cadvilla.com\/pl\/#organization"},"potentialAction":[{"@type":"SearchAction","target":{"@type":"EntryPoint","urlTemplate":"https:\/\/www.cadvilla.com\/pl\/?s={search_term_string}"},"query-input":{"@type":"PropertyValueSpecification","valueRequired":true,"valueName":"search_term_string"}}],"inLanguage":"pl-PL"},{"@type":"Organization","@id":"https:\/\/www.cadvilla.com\/pl\/#organization","name":"cadvilla","url":"https:\/\/www.cadvilla.com\/pl\/","logo":{"@type":"ImageObject","inLanguage":"pl-PL","@id":"https:\/\/www.cadvilla.com\/pl\/#\/schema\/logo\/image\/","url":"https:\/\/www.cadvilla.com\/wp-content\/uploads\/logo_cadvilla.png","contentUrl":"https:\/\/www.cadvilla.com\/wp-content\/uploads\/logo_cadvilla.png","width":157,"height":51,"caption":"cadvilla"},"image":{"@id":"https:\/\/www.cadvilla.com\/pl\/#\/schema\/logo\/image\/"}}]}},"_links":{"self":[{"href":"https:\/\/www.cadvilla.com\/pl\/wp-json\/wp\/v2\/pages\/5264","targetHints":{"allow":["GET"]}}],"collection":[{"href":"https:\/\/www.cadvilla.com\/pl\/wp-json\/wp\/v2\/pages"}],"about":[{"href":"https:\/\/www.cadvilla.com\/pl\/wp-json\/wp\/v2\/types\/page"}],"author":[{"embeddable":true,"href":"https:\/\/www.cadvilla.com\/pl\/wp-json\/wp\/v2\/users\/1"}],"replies":[{"embeddable":true,"href":"https:\/\/www.cadvilla.com\/pl\/wp-json\/wp\/v2\/comments?post=5264"}],"version-history":[{"count":0,"href":"https:\/\/www.cadvilla.com\/pl\/wp-json\/wp\/v2\/pages\/5264\/revisions"}],"wp:attachment":[{"href":"https:\/\/www.cadvilla.com\/pl\/wp-json\/wp\/v2\/media?parent=5264"}],"curies":[{"name":"wp","href":"https:\/\/api.w.org\/{rel}","templated":true}]}}