{"id":6077,"date":"2019-07-04T11:50:06","date_gmt":"2019-07-04T09:50:06","guid":{"rendered":"https:\/\/www.cadvilla.pl\/cadvilla_tutorial\/"},"modified":"2023-10-22T14:37:17","modified_gmt":"2023-10-22T12:37:17","slug":"cadvilla_oprogramowanie_szkoleniowe","status":"publish","type":"page","link":"https:\/\/www.cadvilla.com\/pl\/cadvilla_oprogramowanie_szkoleniowe\/","title":{"rendered":"Oprogramowanie szkoleniowe cadvilla"},"content":{"rendered":"<section class=\"l-section wpb_row ca-headerbackground0 height_large\"><div class=\"l-section-h i-cf\"><div class=\"g-cols vc_row via_grid cols_1 laptops-cols_inherit tablets-cols_inherit mobiles-cols_1 valign_bottom type_default stacking_default\"><div class=\"wpb_column vc_column_container\"><div class=\"vc_column-inner\"><\/div><\/div><\/div><\/div><\/section><section class=\"l-section wpb_row height_auto\"><div class=\"l-section-h i-cf\"><div class=\"g-cols vc_row via_grid cols_1 laptops-cols_inherit tablets-cols_inherit mobiles-cols_1 valign_top type_default stacking_default\"><div class=\"wpb_column vc_column_container\"><div class=\"vc_column-inner\"><\/div><\/div><\/div><\/div><\/section><section class=\"l-section wpb_row ca-headerbg height_small\" id=\"begin\"><div class=\"l-section-h i-cf\"><div class=\"g-cols vc_row via_grid cols_1 laptops-cols_inherit tablets-cols_inherit mobiles-cols_1 valign_top type_default stacking_default\"><div class=\"wpb_column vc_column_container\"><div class=\"vc_column-inner\"><div class=\"wpb_text_column ca-heading1\"><div class=\"wpb_wrapper\"><h1>Oprogramowanie szkoleniowe cadvilla<\/h1>\n<\/div><\/div><\/div><\/div><\/div><\/div><\/section><section class=\"l-section wpb_row us_custom_9a24c93d height_medium\"><div class=\"l-section-h i-cf\"><div class=\"g-cols vc_row via_grid cols_1-2-1 laptops-cols_inherit tablets-cols_inherit mobiles-cols_1 valign_top type_default stacking_default\"><div class=\"wpb_column vc_column_container\"><div class=\"vc_column-inner\"><div class=\"wpb_text_column ca-product-small_info\"><div class=\"wpb_wrapper\"><p><img loading=\"lazy\" decoding=\"async\" class=\"alignnone size-full wp-image-2059\" src=\"https:\/\/www.cadvilla.com\/wp-content\/uploads\/zusatzmodul_pl.png\" alt=\"Modu\u0142 dodatkowy dla Cadvilla\" width=\"200\" height=\"200\" \/><br \/>\nDostawa jako Pobierz (890 MB)<\/p>\n<\/div><\/div><\/div><\/div><div class=\"wpb_column vc_column_container\"><div class=\"vc_column-inner\"><div class=\"g-cols wpb_row via_grid cols_1 laptops-cols_inherit tablets-cols_inherit mobiles-cols_1 valign_top type_default stacking_default\" style=\"--columns-gap:3rem;\"><div class=\"wpb_column vc_column_container\"><div class=\"vc_column-inner\"><div class=\"wpb_text_column\"><div class=\"wpb_wrapper\"><p class=\"ca-h2style\"><strong>cadvilla Tutorial (OFFLINE in German with Toolbars)<br \/>\n<\/strong><\/p>\n<p class=\"ca-h4style\"><strong><span style=\"color: #ff9900;\">24,95 \u20ac *<br \/>\n<\/span><\/strong><\/p>\n<p><span style=\"color: #999999;\">(cena katalogowa: 24,95 \u20ac)<br \/>\n<\/span><\/p>\n<p>\u2013 wszystkie ceny zawieraj\u0105 podatek VAT.<br \/>\n\u2013 Pe\u0142na wersja z nieograniczonym czasem u\u017cytkowania<\/p>\n<\/div><\/div><div class=\"w-btn-wrapper align_left\"><a class=\"w-btn us-btn-style_2 us_custom_2ac0b1fd icon_atleft\" rel=\"nofollow\" href=\"#\"><i class=\"fas fa-download\"><\/i><span class=\"w-btn-label\">obecnie niedost\u0119pne<\/span><\/a><\/div><\/div><\/div><\/div><\/div><\/div><div class=\"wpb_column vc_column_container\"><div class=\"vc_column-inner\"><div class=\"wpb_text_column\"><div class=\"wpb_wrapper\"><p class=\"ca-h5style\"><span class=\"ca-headertext-seitenleiste\">Zako\u0144czenie zakupu<\/span><\/p>\n<\/div><\/div><div class=\"wpb_text_column\"><div class=\"wpb_wrapper\"><p style=\"text-align: center;\"><span style=\"color: #999999;\">Zakup i dostawa produktu jest realizowana przez naszego partnera <span style=\"color: #808080;\">cleverbridge AG<span style=\"color: #999999;\"> z siedzib\u0105 w Kolonii.<\/span><\/span>.<\/span><\/p>\n<\/div><\/div><div class=\"w-separator size_small\"><\/div><div class=\"wpb_text_column\"><div class=\"wpb_wrapper\"><p class=\"ca-h5style\"><span class=\"ca-headertext-seitenleiste\">Mo\u017cliwo\u015bci p\u0142atno\u015bci<\/span><\/p>\n<\/div><\/div><div class=\"w-image align_center\"><div class=\"w-image-h\"><img decoding=\"async\" width=\"300\" height=\"105\" src=\"https:\/\/www.cadvilla.com\/wp-content\/uploads\/de-pp_plus-logo-hoch_ohne_PUI_300x105px.png\" class=\"attachment-full size-full\" alt=\"\" loading=\"lazy\" \/><\/div><\/div><\/div><\/div><\/div><\/div><\/section><section class=\"l-section wpb_row height_medium\"><div class=\"l-section-h i-cf\"><div class=\"g-cols vc_row via_grid cols_1 laptops-cols_inherit tablets-cols_inherit mobiles-cols_1 valign_top type_default stacking_default\"><div class=\"wpb_column vc_column_container\"><div class=\"vc_column-inner\"><div class=\"g-cols wpb_row via_grid cols_1 laptops-cols_inherit tablets-cols_inherit mobiles-cols_1 valign_top type_default stacking_default\" style=\"--columns-gap:3rem;\"><div class=\"wpb_column vc_column_container\"><div class=\"vc_column-inner\"><div class=\"wpb_text_column\"><div class=\"wpb_wrapper\"><h2>Samouczek do szybkiej nauki obs\u0142ugi programu cadvilla<\/h2>\n<\/div><\/div><div class=\"wpb_text_column\"><div class=\"wpb_wrapper\"><p>Profesjonalne zastosowanie programu cadvilla to klucz do pomy\u015blnego planowania i opracowania projekt\u00f3w.<\/p>\n<p>Oprogramowanie szkoleniowe (samouczek) stanowi profesjonalne narz\u0119dzie do szybkiej nauki obs\u0142ugi programu Cadvilla. Na zasadzie obszernych szkole\u0144 w formacie video wy\u015bwietlanych na komputerze w projekcie przyk\u0142adowym samouczek krok po kroku ukazuje spos\u00f3b post\u0119powania od pocz\u0105tku projektu do profesjonalnego uko\u0144czenia.<\/p>\n<p>Do sterowania filmami s\u0142u\u017c\u0105 narz\u0119dzia znajduj\u0105ce si\u0119 w dolnym obszarze, jak start, pauza, przewi\u0144 do przodu, przewi\u0144 do ty\u0142u oraz odtw\u00f3rz z pr\u0119dko\u015bci\u0105 zwi\u0119kszon\u0105 jednokrotnie, dwukrotnie lub czterokrotnie.<\/p>\n<p>Oprogramowanie szkoleniowe nadaje si\u0119 \u015bwietnie do wszystkich dost\u0119pnych wersji programu cadvilla.<\/p>\n<\/div><\/div><div class=\"wpb_text_column\"><div class=\"wpb_wrapper\"><h3>Samouczek cadvilla jest zawarty w nast\u0119puj\u0105cych wersjach programu cadvilla<\/h3>\n<\/div><\/div><div class=\"w-tabs us_custom_89477bc8 style_default switch_click accordion type_togglable has_scrolling\" style=\"--sections-title-size:18px\"><div class=\"w-tabs-sections titles-align_none icon_chevron cpos_right\"><div class=\"w-tabs-section vergleich_header has_text_color\" id=\"s37c\" style=\"color:rgba(31,31,31,0.01);\"><button class=\"w-tabs-section-header with_icon\" aria-controls=\"content-s37c\" aria-expanded=\"false\"><i class=\"fas fa-table\"><\/i><div class=\"w-tabs-section-title\">Tab 1<\/div><div class=\"w-tabs-section-control\"><\/div><\/button><div  class=\"w-tabs-section-content\" id=\"content-s37c\"><div class=\"w-tabs-section-content-h i-cf\"><div class=\"wpb_text_column\"><div class=\"wpb_wrapper\"><\/div><\/div><\/div><\/div><\/div><div class=\"w-tabs-section vergleich_xx_xxx_cp_cpp\" id=\"f514\"><button class=\"w-tabs-section-header\" aria-controls=\"content-f514\" aria-expanded=\"false\"><div class=\"w-tabs-section-title\">Tutorial &#8211; Toolbars (OFFLINE)<\/div><div class=\"w-tabs-section-control\"><\/div><\/button><div  class=\"w-tabs-section-content\" id=\"content-f514\"><div class=\"w-tabs-section-content-h i-cf\"><div class=\"wpb_text_column\"><div class=\"wpb_wrapper\"><\/div><\/div><\/div><\/div><\/div><\/div><\/div><\/div><\/div><\/div><div class=\"w-separator size_large\"><\/div><div class=\"g-cols wpb_row us_custom_79981fe8 via_grid cols_1 laptops-cols_inherit tablets-cols_inherit mobiles-cols_1 valign_top type_default stacking_default\" style=\"--columns-gap:3rem;\"><div class=\"wpb_column vc_column_container\"><div class=\"vc_column-inner\"><div class=\"wpb_text_column\"><div class=\"wpb_wrapper\"><h2>Filmy zawarte w oprogramowaniu szkoleniowym cadvilla<\/h2>\n<\/div><\/div><div class=\"w-tabs us_custom_89477bc8 style_default switch_click accordion type_togglable has_scrolling\" style=\"--sections-title-size:18px\"><div class=\"w-tabs-sections titles-align_none icon_chevron cpos_right\"><div class=\"w-tabs-section active\" id=\"t8ad\"><button class=\"w-tabs-section-header active with_icon\" aria-controls=\"content-t8ad\" aria-expanded=\"true\"><i class=\"fas fa-plus\"><\/i><div class=\"w-tabs-section-title\">Definiowanie i domy\u015blne ustawienia<\/div><div class=\"w-tabs-section-control\"><\/div><\/button><div  class=\"w-tabs-section-content\" id=\"content-t8ad\"><div class=\"w-tabs-section-content-h i-cf\"><div class=\"wpb_text_column\"><div class=\"wpb_wrapper\"><ul>\n<li><img data-dominant-color=\"c7cacd\" data-has-transparency=\"false\" style=\"--dominant-color: #c7cacd;\" loading=\"lazy\" decoding=\"async\" class=\"alignright wp-image-6052 size-full not-transparent\" src=\"https:\/\/www.cadvilla.com\/wp-content\/uploads\/turorial_s2.png\" alt=\"cadvilla Tutorial (Toolbar)\" width=\"300\" height=\"208\" \/>Definiowanie siatki<\/li>\n<li>Definiowanie linii pomocniczej<\/li>\n<li>Definiowanie \u015bcian, okien i drzwi<\/li>\n<li>Definiowanie p\u0142yt stropowych<\/li>\n<li>Definiowanie okien dachowych<\/li>\n<li>Definiowanie nisz, otwor\u00f3w w \u015bcianach i bruzd<\/li>\n<li>Definiowanie schod\u00f3w, podp\u00f3r i komin\u00f3w<\/li>\n<li>Definiowanie podci\u0105g\u00f3w i nadci\u0105g\u00f3w<\/li>\n<li>Definiowanie w\u0142a\u015bciwo\u015bci widok\u00f3w 2D i 3D<\/li>\n<li>Definiowanie wymiar\u00f3w i funkcja pomiaru<\/li>\n<\/ul>\n<\/div><\/div><\/div><\/div><\/div><div class=\"w-tabs-section active\" id=\"rf0b\"><button class=\"w-tabs-section-header active with_icon\" aria-controls=\"content-rf0b\" aria-expanded=\"true\"><i class=\"fas fa-plus\"><\/i><div class=\"w-tabs-section-title\">Konstruowanie na podstawie szablonu rzutu poziomego<\/div><div class=\"w-tabs-section-control\"><\/div><\/button><div  class=\"w-tabs-section-content\" id=\"content-rf0b\"><div class=\"w-tabs-section-content-h i-cf\"><div class=\"wpb_text_column\"><div class=\"wpb_wrapper\"><p><img data-dominant-color=\"e6e6e7\" data-has-transparency=\"false\" style=\"--dominant-color: #e6e6e7;\" loading=\"lazy\" decoding=\"async\" class=\"alignright wp-image-6057 size-full not-transparent\" src=\"https:\/\/www.cadvilla.com\/wp-content\/uploads\/tutorial_s1.png\" alt=\"cadvilla Tutorial (Toolbar)\" width=\"300\" height=\"208\" \/><\/p>\n<ul>\n<li>Rozpoczynanie nowego projektu<\/li>\n<li>Wprowadzanie zarysu poprzez wpisywanie danych numerycznych<\/li>\n<li>Wprowadzanie zarysu za pomoc\u0105 linii pomocniczych<\/li>\n<li>Wprowadzanie zarysu za pomoc\u0105 asystenta wprowadzania danych<\/li>\n<li>Wprowadzanie \u015bcian wewn\u0119trznych za pomoc\u0105 narz\u0119dzi konstrukcyjnych i linii pomocniczych<\/li>\n<li>Wprowadzanie okien, drzwi i schod\u00f3w<\/li>\n<li>Wprowadzanie fundament\u00f3w<\/li>\n<li>Wprowadzanie poddasza<\/li>\n<li>Wprowadzanie dachu i lukarn<\/li>\n<li>Wymiarowanie rzutu poziomego<\/li>\n<li>Tworzenie widoku lub przekroju<\/li>\n<li>Wymiarowanie widoku lub przekroju<\/li>\n<li>Opisywanie pomieszcze\u0144<\/li>\n<li>Dopasowanie terenu za pomoc\u0105 obiekt\u00f3w terenu, punkt\u00f3w wysoko\u015bciowych oraz<br \/>\ndr\u00f3g terenowych<\/li>\n<li>Wprowadzanie taras\u00f3w<\/li>\n<li>T eksturowanie powierzchni i wyposa\u017canie rzut\u00f3w poziomych obiektami<br \/>\ni o\u015bwietleniem<\/li>\n<\/ul>\n<\/div><\/div><\/div><\/div><\/div><div class=\"w-tabs-section active\" id=\"w858\"><button class=\"w-tabs-section-header active with_icon\" aria-controls=\"content-w858\" aria-expanded=\"true\"><i class=\"fas fa-plus\"><\/i><div class=\"w-tabs-section-title\">Pozosta\u0142e zawarte filmy<\/div><div class=\"w-tabs-section-control\"><\/div><\/button><div  class=\"w-tabs-section-content\" id=\"content-w858\"><div class=\"w-tabs-section-content-h i-cf\"><div class=\"wpb_text_column\"><div class=\"wpb_wrapper\"><ul>\n<li><img data-dominant-color=\"dedee1\" data-has-transparency=\"false\" style=\"--dominant-color: #dedee1;\" loading=\"lazy\" decoding=\"async\" class=\"alignright wp-image-6062 size-full not-transparent\" src=\"https:\/\/www.cadvilla.com\/wp-content\/uploads\/tutorial_s3.png\" alt=\"cadvilla Tutorial (Toolbar)\" width=\"300\" height=\"208\" \/>Import DXF i eksport DXF<\/li>\n<li>Obliczanie powierzchni zgodnie z norm\u0105 DIN277 oraz niemieckim rozporz\u0105dzeniem o powierzchni mieszkalnej<\/li>\n<li>Plan generalny<\/li>\n<li>Obs\u0142uga asystenta usuwania<\/li>\n<li>Zastosowanie konwertera 3D do importowania zewn\u0119trznych obiekt\u00f3w 3D<\/li>\n<\/ul>\n<\/div><\/div><\/div><\/div><\/div><\/div><\/div><\/div><\/div><\/div><\/div><\/div><\/div><\/div><\/section>\n","protected":false},"excerpt":{"rendered":"Oprogramowanie szkoleniowe cadvilla Dostawa jako Pobierz (890 MB) cadvilla Tutorial (OFFLINE in German with Toolbars) 24,95 \u20ac * (cena katalogowa: 24,95 \u20ac) \u2013 wszystkie ceny zawieraj\u0105 podatek VAT. \u2013 Pe\u0142na wersja z nieograniczonym czasem u\u017cytkowania obecnie niedost\u0119pne Zako\u0144czenie zakupu Zakup i dostawa produktu jest realizowana przez naszego partnera cleverbridge AG z siedzib\u0105 w Kolonii.. Mo\u017cliwo\u015bci...","protected":false},"author":1,"featured_media":0,"parent":0,"menu_order":0,"comment_status":"closed","ping_status":"closed","template":"","meta":{"footnotes":""},"class_list":["post-6077","page","type-page","status-publish","hentry"],"yoast_head":"<!-- This site is optimized with the Yoast SEO plugin v27.3 - https:\/\/yoast.com\/product\/yoast-seo-wordpress\/ -->\n<title>Oprogramowanie szkoleniowe cadvilla\/samouczek<\/title>\n<meta name=\"description\" content=\"Profesjonalne zastosowanie programu cadvilla to klucz do pomy\u015blnego planowania i opracowania projekt\u00f3w.\" \/>\n<meta name=\"robots\" content=\"index, follow, max-snippet:-1, max-image-preview:large, max-video-preview:-1\" \/>\n<link rel=\"canonical\" href=\"https:\/\/www.cadvilla.com\/pl\/cadvilla_oprogramowanie_szkoleniowe\/\" \/>\n<meta property=\"og:locale\" content=\"pl_PL\" \/>\n<meta property=\"og:type\" content=\"article\" \/>\n<meta property=\"og:title\" content=\"Oprogramowanie szkoleniowe cadvilla\/samouczek\" \/>\n<meta property=\"og:description\" content=\"Profesjonalne zastosowanie programu cadvilla to klucz do pomy\u015blnego planowania i opracowania projekt\u00f3w.\" \/>\n<meta property=\"og:url\" content=\"https:\/\/www.cadvilla.com\/pl\/cadvilla_oprogramowanie_szkoleniowe\/\" \/>\n<meta property=\"og:site_name\" content=\"cadvilla\" \/>\n<meta property=\"article:modified_time\" content=\"2023-10-22T12:37:17+00:00\" \/>\n<meta property=\"og:image\" content=\"https:\/\/www.cadvilla.com\/wp-content\/uploads\/zusatzmodul_pl.png\" \/>\n<meta name=\"twitter:card\" content=\"summary_large_image\" \/>\n<meta name=\"twitter:label1\" content=\"Szacowany czas czytania\" \/>\n\t<meta name=\"twitter:data1\" content=\"4 minuty\" \/>\n<script type=\"application\/ld+json\" class=\"yoast-schema-graph\">{\"@context\":\"https:\\\/\\\/schema.org\",\"@graph\":[{\"@type\":\"WebPage\",\"@id\":\"https:\\\/\\\/www.cadvilla.com\\\/pl\\\/cadvilla_oprogramowanie_szkoleniowe\\\/\",\"url\":\"https:\\\/\\\/www.cadvilla.com\\\/pl\\\/cadvilla_oprogramowanie_szkoleniowe\\\/\",\"name\":\"Oprogramowanie szkoleniowe cadvilla\\\/samouczek\",\"isPartOf\":{\"@id\":\"https:\\\/\\\/www.cadvilla.com\\\/pl\\\/#website\"},\"primaryImageOfPage\":{\"@id\":\"https:\\\/\\\/www.cadvilla.com\\\/pl\\\/cadvilla_oprogramowanie_szkoleniowe\\\/#primaryimage\"},\"image\":{\"@id\":\"https:\\\/\\\/www.cadvilla.com\\\/pl\\\/cadvilla_oprogramowanie_szkoleniowe\\\/#primaryimage\"},\"thumbnailUrl\":\"https:\\\/\\\/www.cadvilla.com\\\/wp-content\\\/uploads\\\/zusatzmodul_pl.png\",\"datePublished\":\"2019-07-04T09:50:06+00:00\",\"dateModified\":\"2023-10-22T12:37:17+00:00\",\"description\":\"Profesjonalne zastosowanie programu cadvilla to klucz do pomy\u015blnego planowania i opracowania projekt\u00f3w.\",\"breadcrumb\":{\"@id\":\"https:\\\/\\\/www.cadvilla.com\\\/pl\\\/cadvilla_oprogramowanie_szkoleniowe\\\/#breadcrumb\"},\"inLanguage\":\"pl-PL\",\"potentialAction\":[{\"@type\":\"ReadAction\",\"target\":[\"https:\\\/\\\/www.cadvilla.com\\\/pl\\\/cadvilla_oprogramowanie_szkoleniowe\\\/\"]}]},{\"@type\":\"ImageObject\",\"inLanguage\":\"pl-PL\",\"@id\":\"https:\\\/\\\/www.cadvilla.com\\\/pl\\\/cadvilla_oprogramowanie_szkoleniowe\\\/#primaryimage\",\"url\":\"https:\\\/\\\/www.cadvilla.com\\\/wp-content\\\/uploads\\\/zusatzmodul_pl.png\",\"contentUrl\":\"https:\\\/\\\/www.cadvilla.com\\\/wp-content\\\/uploads\\\/zusatzmodul_pl.png\"},{\"@type\":\"BreadcrumbList\",\"@id\":\"https:\\\/\\\/www.cadvilla.com\\\/pl\\\/cadvilla_oprogramowanie_szkoleniowe\\\/#breadcrumb\",\"itemListElement\":[{\"@type\":\"ListItem\",\"position\":1,\"name\":\"Startseite\",\"item\":\"https:\\\/\\\/www.cadvilla.com\\\/pl\\\/\"},{\"@type\":\"ListItem\",\"position\":2,\"name\":\"Oprogramowanie szkoleniowe cadvilla\"}]},{\"@type\":\"WebSite\",\"@id\":\"https:\\\/\\\/www.cadvilla.com\\\/pl\\\/#website\",\"url\":\"https:\\\/\\\/www.cadvilla.com\\\/pl\\\/\",\"name\":\"cadvilla\",\"description\":\"\",\"publisher\":{\"@id\":\"https:\\\/\\\/www.cadvilla.com\\\/pl\\\/#organization\"},\"potentialAction\":[{\"@type\":\"SearchAction\",\"target\":{\"@type\":\"EntryPoint\",\"urlTemplate\":\"https:\\\/\\\/www.cadvilla.com\\\/pl\\\/?s={search_term_string}\"},\"query-input\":{\"@type\":\"PropertyValueSpecification\",\"valueRequired\":true,\"valueName\":\"search_term_string\"}}],\"inLanguage\":\"pl-PL\"},{\"@type\":\"Organization\",\"@id\":\"https:\\\/\\\/www.cadvilla.com\\\/pl\\\/#organization\",\"name\":\"cadvilla\",\"url\":\"https:\\\/\\\/www.cadvilla.com\\\/pl\\\/\",\"logo\":{\"@type\":\"ImageObject\",\"inLanguage\":\"pl-PL\",\"@id\":\"https:\\\/\\\/www.cadvilla.com\\\/pl\\\/#\\\/schema\\\/logo\\\/image\\\/\",\"url\":\"https:\\\/\\\/www.cadvilla.com\\\/wp-content\\\/uploads\\\/logo_cadvilla.png\",\"contentUrl\":\"https:\\\/\\\/www.cadvilla.com\\\/wp-content\\\/uploads\\\/logo_cadvilla.png\",\"width\":157,\"height\":51,\"caption\":\"cadvilla\"},\"image\":{\"@id\":\"https:\\\/\\\/www.cadvilla.com\\\/pl\\\/#\\\/schema\\\/logo\\\/image\\\/\"}}]}<\/script>\n<!-- \/ Yoast SEO plugin. -->","yoast_head_json":{"title":"Oprogramowanie szkoleniowe cadvilla\/samouczek","description":"Profesjonalne zastosowanie programu cadvilla to klucz do pomy\u015blnego planowania i opracowania projekt\u00f3w.","robots":{"index":"index","follow":"follow","max-snippet":"max-snippet:-1","max-image-preview":"max-image-preview:large","max-video-preview":"max-video-preview:-1"},"canonical":"https:\/\/www.cadvilla.com\/pl\/cadvilla_oprogramowanie_szkoleniowe\/","og_locale":"pl_PL","og_type":"article","og_title":"Oprogramowanie szkoleniowe cadvilla\/samouczek","og_description":"Profesjonalne zastosowanie programu cadvilla to klucz do pomy\u015blnego planowania i opracowania projekt\u00f3w.","og_url":"https:\/\/www.cadvilla.com\/pl\/cadvilla_oprogramowanie_szkoleniowe\/","og_site_name":"cadvilla","article_modified_time":"2023-10-22T12:37:17+00:00","og_image":[{"url":"https:\/\/www.cadvilla.com\/wp-content\/uploads\/zusatzmodul_pl.png","type":"","width":"","height":""}],"twitter_card":"summary_large_image","twitter_misc":{"Szacowany czas czytania":"4 minuty"},"schema":{"@context":"https:\/\/schema.org","@graph":[{"@type":"WebPage","@id":"https:\/\/www.cadvilla.com\/pl\/cadvilla_oprogramowanie_szkoleniowe\/","url":"https:\/\/www.cadvilla.com\/pl\/cadvilla_oprogramowanie_szkoleniowe\/","name":"Oprogramowanie szkoleniowe cadvilla\/samouczek","isPartOf":{"@id":"https:\/\/www.cadvilla.com\/pl\/#website"},"primaryImageOfPage":{"@id":"https:\/\/www.cadvilla.com\/pl\/cadvilla_oprogramowanie_szkoleniowe\/#primaryimage"},"image":{"@id":"https:\/\/www.cadvilla.com\/pl\/cadvilla_oprogramowanie_szkoleniowe\/#primaryimage"},"thumbnailUrl":"https:\/\/www.cadvilla.com\/wp-content\/uploads\/zusatzmodul_pl.png","datePublished":"2019-07-04T09:50:06+00:00","dateModified":"2023-10-22T12:37:17+00:00","description":"Profesjonalne zastosowanie programu cadvilla to klucz do pomy\u015blnego planowania i opracowania projekt\u00f3w.","breadcrumb":{"@id":"https:\/\/www.cadvilla.com\/pl\/cadvilla_oprogramowanie_szkoleniowe\/#breadcrumb"},"inLanguage":"pl-PL","potentialAction":[{"@type":"ReadAction","target":["https:\/\/www.cadvilla.com\/pl\/cadvilla_oprogramowanie_szkoleniowe\/"]}]},{"@type":"ImageObject","inLanguage":"pl-PL","@id":"https:\/\/www.cadvilla.com\/pl\/cadvilla_oprogramowanie_szkoleniowe\/#primaryimage","url":"https:\/\/www.cadvilla.com\/wp-content\/uploads\/zusatzmodul_pl.png","contentUrl":"https:\/\/www.cadvilla.com\/wp-content\/uploads\/zusatzmodul_pl.png"},{"@type":"BreadcrumbList","@id":"https:\/\/www.cadvilla.com\/pl\/cadvilla_oprogramowanie_szkoleniowe\/#breadcrumb","itemListElement":[{"@type":"ListItem","position":1,"name":"Startseite","item":"https:\/\/www.cadvilla.com\/pl\/"},{"@type":"ListItem","position":2,"name":"Oprogramowanie szkoleniowe cadvilla"}]},{"@type":"WebSite","@id":"https:\/\/www.cadvilla.com\/pl\/#website","url":"https:\/\/www.cadvilla.com\/pl\/","name":"cadvilla","description":"","publisher":{"@id":"https:\/\/www.cadvilla.com\/pl\/#organization"},"potentialAction":[{"@type":"SearchAction","target":{"@type":"EntryPoint","urlTemplate":"https:\/\/www.cadvilla.com\/pl\/?s={search_term_string}"},"query-input":{"@type":"PropertyValueSpecification","valueRequired":true,"valueName":"search_term_string"}}],"inLanguage":"pl-PL"},{"@type":"Organization","@id":"https:\/\/www.cadvilla.com\/pl\/#organization","name":"cadvilla","url":"https:\/\/www.cadvilla.com\/pl\/","logo":{"@type":"ImageObject","inLanguage":"pl-PL","@id":"https:\/\/www.cadvilla.com\/pl\/#\/schema\/logo\/image\/","url":"https:\/\/www.cadvilla.com\/wp-content\/uploads\/logo_cadvilla.png","contentUrl":"https:\/\/www.cadvilla.com\/wp-content\/uploads\/logo_cadvilla.png","width":157,"height":51,"caption":"cadvilla"},"image":{"@id":"https:\/\/www.cadvilla.com\/pl\/#\/schema\/logo\/image\/"}}]}},"_links":{"self":[{"href":"https:\/\/www.cadvilla.com\/pl\/wp-json\/wp\/v2\/pages\/6077","targetHints":{"allow":["GET"]}}],"collection":[{"href":"https:\/\/www.cadvilla.com\/pl\/wp-json\/wp\/v2\/pages"}],"about":[{"href":"https:\/\/www.cadvilla.com\/pl\/wp-json\/wp\/v2\/types\/page"}],"author":[{"embeddable":true,"href":"https:\/\/www.cadvilla.com\/pl\/wp-json\/wp\/v2\/users\/1"}],"replies":[{"embeddable":true,"href":"https:\/\/www.cadvilla.com\/pl\/wp-json\/wp\/v2\/comments?post=6077"}],"version-history":[{"count":0,"href":"https:\/\/www.cadvilla.com\/pl\/wp-json\/wp\/v2\/pages\/6077\/revisions"}],"wp:attachment":[{"href":"https:\/\/www.cadvilla.com\/pl\/wp-json\/wp\/v2\/media?parent=6077"}],"curies":[{"name":"wp","href":"https:\/\/api.w.org\/{rel}","templated":true}]}}