{"id":6122,"date":"2019-06-20T10:56:01","date_gmt":"2019-06-20T08:56:01","guid":{"rendered":"https:\/\/www.cadvilla.pl\/upgrade-change\/"},"modified":"2025-06-16T12:31:34","modified_gmt":"2025-06-16T10:31:34","slug":"upgrade-change","status":"publish","type":"page","link":"https:\/\/www.cadvilla.com\/pl\/upgrade-change\/","title":{"rendered":"Zamiana wersji na wersj\u0119 wi\u0119ksz\u0105 cadvilla"},"content":{"rendered":"<section class=\"l-section wpb_row ca-headerbackground0 height_auto\"><div class=\"l-section-h i-cf\"><div class=\"g-cols vc_row via_grid cols_1 laptops-cols_inherit tablets-cols_inherit mobiles-cols_1 valign_bottom type_default stacking_default\"><div class=\"wpb_column vc_column_container\"><div class=\"vc_column-inner\"><\/div><\/div><\/div><\/div><\/section><section class=\"l-section wpb_row height_auto\"><div class=\"l-section-h i-cf\"><div class=\"g-cols vc_row via_grid cols_1 laptops-cols_inherit tablets-cols_inherit mobiles-cols_1 valign_top type_default stacking_default\"><div class=\"wpb_column vc_column_container\"><div class=\"vc_column-inner\"><\/div><\/div><\/div><\/div><\/section><section class=\"l-section wpb_row ca-headerbg height_small\" id=\"begin\"><div class=\"l-section-h i-cf\"><div class=\"g-cols vc_row via_grid cols_1 laptops-cols_inherit tablets-cols_inherit mobiles-cols_1 valign_top type_default stacking_default\"><div class=\"wpb_column vc_column_container\"><div class=\"vc_column-inner\"><div class=\"wpb_text_column ca-heading1\"><div class=\"wpb_wrapper\"><h1>Zamiana wersji na wersj\u0119 wi\u0119ksz\u0105 cadvilla<\/h1>\n<\/div><\/div><\/div><\/div><\/div><\/div><\/section><section class=\"l-section wpb_row us_custom_9a24c93d height_medium\"><div class=\"l-section-h i-cf\"><div class=\"g-cols vc_row via_grid cols_1 laptops-cols_inherit tablets-cols_inherit mobiles-cols_1 valign_top type_default stacking_default\"><div class=\"wpb_column vc_column_container\"><div class=\"vc_column-inner\"><div class=\"g-cols wpb_row us_custom_8e09cc6b via_grid cols_1 laptops-cols_inherit tablets-cols_inherit mobiles-cols_1 valign_top type_default stacking_default\" style=\"--columns-gap:3rem;\"><div class=\"wpb_column vc_column_container\"><div class=\"vc_column-inner\"><div class=\"wpb_text_column\"><div class=\"wpb_wrapper\"><h2>Zamiana z wersji cadvilla basic na wersj\u0119 wi\u0119ksz\u0105<\/h2>\n<\/div><\/div><\/div><\/div><\/div><div class=\"g-cols wpb_row us_custom_ef0302af via_grid cols_3 laptops-cols_inherit tablets-cols_inherit mobiles-cols_1 valign_top type_default stacking_default\" style=\"--columns-gap:3rem;\"><div class=\"wpb_column vc_column_container us_custom_57b8bbd7 has_bg_color\"><div class=\"vc_column-inner\"><div class=\"wpb_text_column\"><div class=\"wpb_wrapper\"><p style=\"text-align: center;\"><span style=\"text-align: center;\"><img data-dominant-color=\"8d8979\" data-has-transparency=\"false\" style=\"--dominant-color: #8d8979;\" loading=\"lazy\" decoding=\"async\" class=\"alignnone wp-image-4687 size-us_350_350 not-transparent\" src=\"https:\/\/www.cadvilla.com\/wp-content\/uploads\/cb2d-cbp2D-350x175.jpg\" alt=\"cadvilla basic \u2794 cadvilla basic plus\" width=\"350\" height=\"175\" \/><br \/>\ncadvilla basic<strong><br \/>\n\u2794<br \/>\n<\/strong>cadvilla basic plus <strong>13.0.7.0<br \/>\n<\/strong><span style=\"color: #999999;\"><del>(c.k. \u20ac69,95)<br \/>\n<\/del><\/span><\/span><span class=\"ca-h6style\">\u20ac59,95 <span style=\"color: #ff6600;\">*<\/span><\/span><\/p>\n<\/div><\/div><div class=\"w-btn-wrapper align_center\"><a class=\"w-btn us-btn-style_2 us_custom_2ac0b1fd icon_atleft\" rel=\"nofollow\" href=\"https:\/\/www.cleverbridge.com\/1106\/?scope=checkout&amp;cart=215946&amp;languages=pl&amp;cookie=true&amp;cfg=design_2018&amp;tracking=cadvilla&amp;recommendation=addbackup\"><i class=\"fas fa-download\"><\/i><span class=\"w-btn-label\">Kup produkt<\/span><\/a><\/div><\/div><\/div><div class=\"wpb_column vc_column_container us_custom_57b8bbd7 has_bg_color\"><div class=\"vc_column-inner\"><div class=\"wpb_text_column\"><div class=\"wpb_wrapper\"><p style=\"text-align: center;\"><span style=\"text-align: center;\"><img data-dominant-color=\"807e6f\" data-has-transparency=\"false\" style=\"--dominant-color: #807e6f;\" loading=\"lazy\" decoding=\"async\" class=\"alignnone wp-image-4682 size-us_350_350 not-transparent\" src=\"https:\/\/www.cadvilla.com\/wp-content\/uploads\/cb2d-cp2D-350x175.jpg\" alt=\"cadvilla basic \u2794 cadvilla professional\" width=\"350\" height=\"175\" \/><br \/>\ncadvilla basic<strong><br \/>\n\u2794<br \/>\n<\/strong>cadvilla professional <strong>13.0.7.0<br \/>\n<\/strong><span style=\"color: #999999;\"><del>(<del>c.k. <\/del>\u20ac220,00)<br \/>\n<\/del><\/span><\/span><span class=\"ca-h6style\">\u20ac105,95 <span style=\"color: #ff6600;\">*<\/span><\/span><\/p>\n<\/div><\/div><div class=\"w-btn-wrapper align_center\"><a class=\"w-btn us-btn-style_2 us_custom_2ac0b1fd icon_atleft\" rel=\"nofollow\" href=\"https:\/\/www.cleverbridge.com\/1106\/?scope=checkout&amp;cart=215947&amp;languages=pl&amp;cookie=true&amp;cfg=design_2018&amp;tracking=cadvilla&amp;recommendation=addbackup\"><i class=\"fas fa-download\"><\/i><span class=\"w-btn-label\">Kup produkt<\/span><\/a><\/div><\/div><\/div><div class=\"wpb_column vc_column_container us_custom_57b8bbd7 has_bg_color\"><div class=\"vc_column-inner\"><div class=\"wpb_text_column\"><div class=\"wpb_wrapper\"><p style=\"text-align: center;\"><span style=\"text-align: center;\"><img data-dominant-color=\"868172\" data-has-transparency=\"false\" style=\"--dominant-color: #868172;\" loading=\"lazy\" decoding=\"async\" class=\"alignnone wp-image-4677 size-us_350_350 not-transparent\" src=\"https:\/\/www.cadvilla.com\/wp-content\/uploads\/cb2d-cpp2D-350x175.jpg\" alt=\"cadvilla basic \u2794 cadvilla professional plus\" width=\"350\" height=\"175\" \/><br \/>\ncadvilla basic<strong><br \/>\n\u2794<br \/>\n<\/strong>cadvilla professional plus <strong>13.0.7.0<br \/>\n<\/strong><span style=\"color: #999999;\"><del>(<del>c.k. <\/del>\u20ac395,00)<br \/>\n<\/del><\/span><\/span><span class=\"ca-h6style\">\u20ac199,95 <span style=\"color: #ff6600;\">*<\/span><\/span><\/p>\n<\/div><\/div><div class=\"w-btn-wrapper align_center\"><a class=\"w-btn us-btn-style_2 us_custom_2ac0b1fd icon_atleft\" rel=\"nofollow\" href=\"https:\/\/www.cleverbridge.com\/1106\/?scope=checkout&amp;cart=215949&amp;languages=pl&amp;cookie=true&amp;cfg=design_2018&amp;tracking=cadvilla&amp;recommendation=addbackup\"><i class=\"fas fa-download\"><\/i><span class=\"w-btn-label\">Kup produkt<\/span><\/a><\/div><\/div><\/div><\/div><\/div><\/div><\/div><\/div><\/section><section class=\"l-section wpb_row us_custom_9a24c93d height_auto\"><div class=\"l-section-h i-cf\"><div class=\"g-cols vc_row via_grid cols_1 laptops-cols_inherit tablets-cols_inherit mobiles-cols_1 valign_top type_default stacking_default\"><div class=\"wpb_column vc_column_container\"><div class=\"vc_column-inner\"><div class=\"wpb_text_column us_custom_36724591 ca-advtext1_en\"><div class=\"wpb_wrapper\"><p style=\"margin-top: 0px; margin-bottom: 0px;\"><img loading=\"lazy\" decoding=\"async\" src=\"https:\/\/www.cadvilla.com\/wp-content\/uploads\/leerzeichen.png\" alt=\"\" width=\"1\" height=\"1\" \/><\/p>\n<\/div><\/div><div class=\"wpb_text_column us_custom_36724591 ca-advtext2_en\"><div class=\"wpb_wrapper\"><p><span style=\"color: #ff9900;\"><strong>* <\/strong><\/span><\/p>\n<\/div><\/div><\/div><\/div><\/div><\/div><\/section><section class=\"l-section wpb_row us_custom_9a24c93d height_medium\"><div class=\"l-section-h i-cf\"><div class=\"g-cols vc_row via_grid cols_1 laptops-cols_inherit tablets-cols_inherit mobiles-cols_1 valign_top type_default stacking_default\"><div class=\"wpb_column vc_column_container\"><div class=\"vc_column-inner\"><div class=\"g-cols wpb_row us_custom_8e09cc6b via_grid cols_1 laptops-cols_inherit tablets-cols_inherit mobiles-cols_1 valign_top type_default stacking_default\" style=\"--columns-gap:3rem;\"><div class=\"wpb_column vc_column_container\"><div class=\"vc_column-inner\"><div class=\"wpb_text_column\"><div class=\"wpb_wrapper\"><h2>Zamiana z wersji cadvilla basic plus na wersj\u0119 wi\u0119ksz\u0105<\/h2>\n<\/div><\/div><\/div><\/div><\/div><div class=\"g-cols wpb_row us_custom_ef0302af via_grid cols_3 laptops-cols_inherit tablets-cols_inherit mobiles-cols_1 valign_top type_default stacking_default\" style=\"--columns-gap:3rem;\"><div class=\"wpb_column vc_column_container us_custom_57b8bbd7 has_bg_color\"><div class=\"vc_column-inner\"><div class=\"wpb_text_column\"><div class=\"wpb_wrapper\"><p style=\"text-align: center;\"><span style=\"text-align: center;\"><img data-dominant-color=\"857f73\" data-has-transparency=\"false\" style=\"--dominant-color: #857f73;\" loading=\"lazy\" decoding=\"async\" class=\"alignnone wp-image-4907 size-us_350_350 not-transparent\" src=\"https:\/\/www.cadvilla.com\/wp-content\/uploads\/cbp2d-cp2D-350x175.jpg\" alt=\"cadvilla basic plus \u2794 cadvilla professional\" width=\"350\" height=\"175\" \/><br \/>\ncadvilla basic plus<strong><br \/>\n\u2794<br \/>\n<\/strong>cadvilla professional <strong>13.0.7.0<br \/>\n<\/strong><span style=\"color: #999999;\"><del>(<del>c.k. <\/del>\u20ac199,00)<br \/>\n<\/del><\/span><\/span><span class=\"ca-h6style\">\u20ac93,95 <span style=\"color: #ff6600;\">*<\/span><\/span><\/p>\n<\/div><\/div><div class=\"w-btn-wrapper align_center\"><a class=\"w-btn us-btn-style_2 us_custom_2ac0b1fd icon_atleft\" rel=\"nofollow\" href=\"https:\/\/www.cleverbridge.com\/1106\/?scope=checkout&amp;cart=215948&amp;languages=pl&amp;cookie=true&amp;cfg=design_2018&amp;tracking=cadvilla&amp;recommendation=addbackup\"><i class=\"fas fa-download\"><\/i><span class=\"w-btn-label\">Kup produkt<\/span><\/a><\/div><\/div><\/div><div class=\"wpb_column vc_column_container us_custom_57b8bbd7 has_bg_color\"><div class=\"vc_column-inner\"><div class=\"wpb_text_column\"><div class=\"wpb_wrapper\"><p style=\"text-align: center;\"><span style=\"text-align: center;\"><img data-dominant-color=\"8b8376\" data-has-transparency=\"false\" style=\"--dominant-color: #8b8376;\" loading=\"lazy\" decoding=\"async\" class=\"alignnone wp-image-4912 size-us_350_350 not-transparent\" src=\"https:\/\/www.cadvilla.com\/wp-content\/uploads\/cbp2d-cpp2D-350x175.jpg\" alt=\"cadvilla basic plus \u2794 cadvilla professional plus\" width=\"350\" height=\"175\" \/><br \/>\ncadvilla basic plus<strong><br \/>\n\u2794<br \/>\n<\/strong>cadvilla professional plus <strong>13.0.7.0<br \/>\n<\/strong><span style=\"color: #999999;\"><del>(<del>c.k. <\/del>\u20ac375,00)<br \/>\n<\/del><\/span><\/span><span class=\"ca-h6style\">\u20ac188,00 <span style=\"color: #ff6600;\">*<\/span><\/span><\/p>\n<\/div><\/div><div class=\"w-btn-wrapper align_center\"><a class=\"w-btn us-btn-style_2 us_custom_2ac0b1fd icon_atleft\" rel=\"nofollow\" href=\"https:\/\/www.cleverbridge.com\/1106\/?scope=checkout&amp;cart=215950&amp;languages=pl&amp;cookie=true&amp;cfg=design_2018&amp;tracking=cadvilla&amp;recommendation=addbackup\"><i class=\"fas fa-download\"><\/i><span class=\"w-btn-label\">Kup produkt<\/span><\/a><\/div><\/div><\/div><\/div><\/div><\/div><\/div><\/div><\/section><section class=\"l-section wpb_row us_custom_9a24c93d height_auto\"><div class=\"l-section-h i-cf\"><div class=\"g-cols vc_row via_grid cols_1 laptops-cols_inherit tablets-cols_inherit mobiles-cols_1 valign_top type_default stacking_default\"><div class=\"wpb_column vc_column_container\"><div class=\"vc_column-inner\"><div class=\"wpb_text_column us_custom_36724591 ca-advtext1_en\"><div class=\"wpb_wrapper\"><p style=\"margin-top: 0px; margin-bottom: 0px;\"><img loading=\"lazy\" decoding=\"async\" src=\"https:\/\/www.cadvilla.com\/wp-content\/uploads\/leerzeichen.png\" alt=\"\" width=\"1\" height=\"1\" \/><\/p>\n<\/div><\/div><div class=\"wpb_text_column us_custom_36724591 ca-advtext2_en\"><div class=\"wpb_wrapper\"><p><span style=\"color: #ff9900;\"><strong>* <\/strong><\/span><\/p>\n<\/div><\/div><\/div><\/div><\/div><\/div><\/section><section class=\"l-section wpb_row us_custom_9a24c93d height_medium\"><div class=\"l-section-h i-cf\"><div class=\"g-cols vc_row via_grid cols_1 laptops-cols_inherit tablets-cols_inherit mobiles-cols_1 valign_top type_default stacking_default\"><div class=\"wpb_column vc_column_container\"><div class=\"vc_column-inner\"><div class=\"g-cols wpb_row us_custom_8e09cc6b via_grid cols_1 laptops-cols_inherit tablets-cols_inherit mobiles-cols_1 valign_top type_default stacking_default\" style=\"--columns-gap:3rem;\"><div class=\"wpb_column vc_column_container\"><div class=\"vc_column-inner\"><div class=\"wpb_text_column\"><div class=\"wpb_wrapper\"><h2>Zamiana z wersji cadvilla professional na wersj\u0119 wi\u0119ksz\u0105<\/h2>\n<\/div><\/div><\/div><\/div><\/div><div class=\"g-cols wpb_row us_custom_ef0302af via_grid cols_3 laptops-cols_inherit tablets-cols_inherit mobiles-cols_1 valign_top type_default stacking_default\" style=\"--columns-gap:3rem;\"><div class=\"wpb_column vc_column_container us_custom_57b8bbd7 has_bg_color\"><div class=\"vc_column-inner\"><div class=\"wpb_text_column\"><div class=\"wpb_wrapper\"><p style=\"text-align: center;\"><span style=\"text-align: center;\"><img data-dominant-color=\"7d776c\" data-has-transparency=\"false\" style=\"--dominant-color: #7d776c;\" loading=\"lazy\" decoding=\"async\" class=\"alignnone wp-image-4917 size-us_350_350 not-transparent\" src=\"https:\/\/www.cadvilla.com\/wp-content\/uploads\/cp2d-cpp2D-350x175.jpg\" alt=\"cadvilla professional \u2794 cadvilla professional plus\" width=\"350\" height=\"175\" \/><br \/>\ncadvilla professional<strong><br \/>\n\u2794<br \/>\n<\/strong>cadvilla professional plus <strong>13.0.7.0<br \/>\n<\/strong><span style=\"color: #999999;\"><del>(<del>c.k. <\/del>\u20ac176,00)<br \/>\n<\/del><\/span><\/span><span class=\"ca-h6style\">\u20ac143,00 <span style=\"color: #ff6600;\">*<\/span><\/span><\/p>\n<\/div><\/div><div class=\"w-btn-wrapper align_center\"><a class=\"w-btn us-btn-style_2 us_custom_2ac0b1fd icon_atleft\" rel=\"nofollow\" href=\"https:\/\/www.cleverbridge.com\/1106\/?scope=checkout&amp;cart=215951&amp;languages=pl&amp;cookie=true&amp;cfg=design_2018&amp;tracking=cadvilla&amp;recommendation=addbackup\"><i class=\"fas fa-download\"><\/i><span class=\"w-btn-label\">Kup produkt<\/span><\/a><\/div><\/div><\/div><\/div><\/div><\/div><\/div><\/div><\/section><section class=\"l-section wpb_row us_custom_abda104e height_auto\"><div class=\"l-section-h i-cf\"><div class=\"g-cols vc_row via_grid cols_1 laptops-cols_inherit tablets-cols_inherit mobiles-cols_1 valign_top type_default stacking_default\"><div class=\"wpb_column vc_column_container\"><div class=\"vc_column-inner\"><div class=\"wpb_text_column us_custom_36724591 ca-advtext1_en\"><div class=\"wpb_wrapper\"><p style=\"margin-top: 0px; margin-bottom: 0px;\"><img loading=\"lazy\" decoding=\"async\" src=\"https:\/\/www.cadvilla.com\/wp-content\/uploads\/leerzeichen.png\" alt=\"\" width=\"1\" height=\"1\" \/><\/p>\n<\/div><\/div><div class=\"wpb_text_column us_custom_36724591 ca-advtext2_en\"><div class=\"wpb_wrapper\"><p><span style=\"color: #ff9900;\"><strong>* <\/strong><\/span><\/p>\n<\/div><\/div><\/div><\/div><\/div><\/div><\/section><section class=\"l-section wpb_row us_custom_eb874de7 height_small\"><div class=\"l-section-h i-cf\"><div class=\"g-cols vc_row via_grid cols_1 laptops-cols_inherit tablets-cols_inherit mobiles-cols_1 valign_top type_default stacking_default\"><div class=\"wpb_column vc_column_container\"><div class=\"vc_column-inner\"><div class=\"w-separator us_custom_6df4bc3a has_text_color size_small with_line width_default thick_1 style_solid color_border align_center\"><div class=\"w-separator-h\"><\/div><\/div><div class=\"w-actionbox color_light controls_right\"><div class=\"w-actionbox-text\"><h2 class=\"w-actionbox-title\" style=\"font-size:Weitere Details\">Nowe funkcje w obecnej wersji<\/h2><div class=\"w-actionbox-description\"><p>Tutaj znajdziesz przegl\u0105d nowych funkcji dla wszystkich poprzednich wersji (od cadvilla 2 &#8211; cadvilla 13).<\/p>\n<\/div><\/div><div class=\"w-actionbox-controls\"><a class=\"w-btn us-btn-style_2 icon_atleft\" style=\"font-size:1.2em\" title=\"Home\" href=\"https:\/\/www.cadvilla.com\/pl\/uaktualnienia_cadvilla\/#aktuelle-version\"><i class=\"fas fa-sign-in\"><\/i><span class=\"w-btn-label\">Nowe funkcje<\/span><\/a><\/div><\/div><\/div><\/div><\/div><\/div><\/section>\n","protected":false},"excerpt":{"rendered":"Zamiana wersji na wersj\u0119 wi\u0119ksz\u0105 cadvilla Zamiana z wersji cadvilla basic na wersj\u0119 wi\u0119ksz\u0105 cadvilla basic \u2794 cadvilla basic plus 13.0.7.0 (c.k. \u20ac69,95) \u20ac59,95 * Kup produkt cadvilla basic \u2794 cadvilla professional 13.0.7.0 (c.k. \u20ac220,00) \u20ac105,95 * Kup produkt cadvilla basic \u2794 cadvilla professional plus 13.0.7.0 (c.k. \u20ac395,00) \u20ac199,95 * Kup produkt * Zamiana z...","protected":false},"author":1,"featured_media":0,"parent":0,"menu_order":0,"comment_status":"closed","ping_status":"closed","template":"","meta":{"footnotes":""},"class_list":["post-6122","page","type-page","status-publish","hentry"],"yoast_head":"<!-- This site is optimized with the Yoast SEO plugin v27.3 - https:\/\/yoast.com\/product\/yoast-seo-wordpress\/ -->\n<title>Zamiana wersji na wersj\u0119 wi\u0119ksz\u0105 cadvilla<\/title>\n<meta name=\"robots\" content=\"index, follow, max-snippet:-1, max-image-preview:large, max-video-preview:-1\" \/>\n<link rel=\"canonical\" href=\"https:\/\/www.cadvilla.com\/pl\/upgrade-change\/\" \/>\n<meta property=\"og:locale\" content=\"pl_PL\" \/>\n<meta property=\"og:type\" content=\"article\" \/>\n<meta property=\"og:title\" content=\"Zamiana wersji na wersj\u0119 wi\u0119ksz\u0105 cadvilla\" \/>\n<meta property=\"og:url\" content=\"https:\/\/www.cadvilla.com\/pl\/upgrade-change\/\" \/>\n<meta property=\"og:site_name\" content=\"cadvilla\" \/>\n<meta property=\"article:modified_time\" content=\"2025-06-16T10:31:34+00:00\" \/>\n<meta property=\"og:image\" content=\"https:\/\/www.cadvilla.com\/wp-content\/uploads\/cb2d-cbp2D-350x175.jpg\" \/>\n<meta name=\"twitter:card\" content=\"summary_large_image\" \/>\n<meta name=\"twitter:label1\" content=\"Szacowany czas czytania\" \/>\n\t<meta name=\"twitter:data1\" content=\"4 minuty\" \/>\n<script type=\"application\/ld+json\" class=\"yoast-schema-graph\">{\"@context\":\"https:\\\/\\\/schema.org\",\"@graph\":[{\"@type\":\"WebPage\",\"@id\":\"https:\\\/\\\/www.cadvilla.com\\\/pl\\\/upgrade-change\\\/\",\"url\":\"https:\\\/\\\/www.cadvilla.com\\\/pl\\\/upgrade-change\\\/\",\"name\":\"Zamiana wersji na wersj\u0119 wi\u0119ksz\u0105 cadvilla\",\"isPartOf\":{\"@id\":\"https:\\\/\\\/www.cadvilla.com\\\/pl\\\/#website\"},\"primaryImageOfPage\":{\"@id\":\"https:\\\/\\\/www.cadvilla.com\\\/pl\\\/upgrade-change\\\/#primaryimage\"},\"image\":{\"@id\":\"https:\\\/\\\/www.cadvilla.com\\\/pl\\\/upgrade-change\\\/#primaryimage\"},\"thumbnailUrl\":\"https:\\\/\\\/www.cadvilla.com\\\/wp-content\\\/uploads\\\/cb2d-cbp2D-350x175.jpg\",\"datePublished\":\"2019-06-20T08:56:01+00:00\",\"dateModified\":\"2025-06-16T10:31:34+00:00\",\"breadcrumb\":{\"@id\":\"https:\\\/\\\/www.cadvilla.com\\\/pl\\\/upgrade-change\\\/#breadcrumb\"},\"inLanguage\":\"pl-PL\",\"potentialAction\":[{\"@type\":\"ReadAction\",\"target\":[\"https:\\\/\\\/www.cadvilla.com\\\/pl\\\/upgrade-change\\\/\"]}]},{\"@type\":\"ImageObject\",\"inLanguage\":\"pl-PL\",\"@id\":\"https:\\\/\\\/www.cadvilla.com\\\/pl\\\/upgrade-change\\\/#primaryimage\",\"url\":\"https:\\\/\\\/www.cadvilla.com\\\/wp-content\\\/uploads\\\/cb2d-cbp2D-350x175.jpg\",\"contentUrl\":\"https:\\\/\\\/www.cadvilla.com\\\/wp-content\\\/uploads\\\/cb2d-cbp2D-350x175.jpg\"},{\"@type\":\"BreadcrumbList\",\"@id\":\"https:\\\/\\\/www.cadvilla.com\\\/pl\\\/upgrade-change\\\/#breadcrumb\",\"itemListElement\":[{\"@type\":\"ListItem\",\"position\":1,\"name\":\"Startseite\",\"item\":\"https:\\\/\\\/www.cadvilla.com\\\/pl\\\/\"},{\"@type\":\"ListItem\",\"position\":2,\"name\":\"Zamiana wersji na wersj\u0119 wi\u0119ksz\u0105 cadvilla\"}]},{\"@type\":\"WebSite\",\"@id\":\"https:\\\/\\\/www.cadvilla.com\\\/pl\\\/#website\",\"url\":\"https:\\\/\\\/www.cadvilla.com\\\/pl\\\/\",\"name\":\"cadvilla\",\"description\":\"\",\"publisher\":{\"@id\":\"https:\\\/\\\/www.cadvilla.com\\\/pl\\\/#organization\"},\"potentialAction\":[{\"@type\":\"SearchAction\",\"target\":{\"@type\":\"EntryPoint\",\"urlTemplate\":\"https:\\\/\\\/www.cadvilla.com\\\/pl\\\/?s={search_term_string}\"},\"query-input\":{\"@type\":\"PropertyValueSpecification\",\"valueRequired\":true,\"valueName\":\"search_term_string\"}}],\"inLanguage\":\"pl-PL\"},{\"@type\":\"Organization\",\"@id\":\"https:\\\/\\\/www.cadvilla.com\\\/pl\\\/#organization\",\"name\":\"cadvilla\",\"url\":\"https:\\\/\\\/www.cadvilla.com\\\/pl\\\/\",\"logo\":{\"@type\":\"ImageObject\",\"inLanguage\":\"pl-PL\",\"@id\":\"https:\\\/\\\/www.cadvilla.com\\\/pl\\\/#\\\/schema\\\/logo\\\/image\\\/\",\"url\":\"https:\\\/\\\/www.cadvilla.com\\\/wp-content\\\/uploads\\\/logo_cadvilla.png\",\"contentUrl\":\"https:\\\/\\\/www.cadvilla.com\\\/wp-content\\\/uploads\\\/logo_cadvilla.png\",\"width\":157,\"height\":51,\"caption\":\"cadvilla\"},\"image\":{\"@id\":\"https:\\\/\\\/www.cadvilla.com\\\/pl\\\/#\\\/schema\\\/logo\\\/image\\\/\"}}]}<\/script>\n<!-- \/ Yoast SEO plugin. -->","yoast_head_json":{"title":"Zamiana wersji na wersj\u0119 wi\u0119ksz\u0105 cadvilla","robots":{"index":"index","follow":"follow","max-snippet":"max-snippet:-1","max-image-preview":"max-image-preview:large","max-video-preview":"max-video-preview:-1"},"canonical":"https:\/\/www.cadvilla.com\/pl\/upgrade-change\/","og_locale":"pl_PL","og_type":"article","og_title":"Zamiana wersji na wersj\u0119 wi\u0119ksz\u0105 cadvilla","og_url":"https:\/\/www.cadvilla.com\/pl\/upgrade-change\/","og_site_name":"cadvilla","article_modified_time":"2025-06-16T10:31:34+00:00","og_image":[{"url":"https:\/\/www.cadvilla.com\/wp-content\/uploads\/cb2d-cbp2D-350x175.jpg","type":"","width":"","height":""}],"twitter_card":"summary_large_image","twitter_misc":{"Szacowany czas czytania":"4 minuty"},"schema":{"@context":"https:\/\/schema.org","@graph":[{"@type":"WebPage","@id":"https:\/\/www.cadvilla.com\/pl\/upgrade-change\/","url":"https:\/\/www.cadvilla.com\/pl\/upgrade-change\/","name":"Zamiana wersji na wersj\u0119 wi\u0119ksz\u0105 cadvilla","isPartOf":{"@id":"https:\/\/www.cadvilla.com\/pl\/#website"},"primaryImageOfPage":{"@id":"https:\/\/www.cadvilla.com\/pl\/upgrade-change\/#primaryimage"},"image":{"@id":"https:\/\/www.cadvilla.com\/pl\/upgrade-change\/#primaryimage"},"thumbnailUrl":"https:\/\/www.cadvilla.com\/wp-content\/uploads\/cb2d-cbp2D-350x175.jpg","datePublished":"2019-06-20T08:56:01+00:00","dateModified":"2025-06-16T10:31:34+00:00","breadcrumb":{"@id":"https:\/\/www.cadvilla.com\/pl\/upgrade-change\/#breadcrumb"},"inLanguage":"pl-PL","potentialAction":[{"@type":"ReadAction","target":["https:\/\/www.cadvilla.com\/pl\/upgrade-change\/"]}]},{"@type":"ImageObject","inLanguage":"pl-PL","@id":"https:\/\/www.cadvilla.com\/pl\/upgrade-change\/#primaryimage","url":"https:\/\/www.cadvilla.com\/wp-content\/uploads\/cb2d-cbp2D-350x175.jpg","contentUrl":"https:\/\/www.cadvilla.com\/wp-content\/uploads\/cb2d-cbp2D-350x175.jpg"},{"@type":"BreadcrumbList","@id":"https:\/\/www.cadvilla.com\/pl\/upgrade-change\/#breadcrumb","itemListElement":[{"@type":"ListItem","position":1,"name":"Startseite","item":"https:\/\/www.cadvilla.com\/pl\/"},{"@type":"ListItem","position":2,"name":"Zamiana wersji na wersj\u0119 wi\u0119ksz\u0105 cadvilla"}]},{"@type":"WebSite","@id":"https:\/\/www.cadvilla.com\/pl\/#website","url":"https:\/\/www.cadvilla.com\/pl\/","name":"cadvilla","description":"","publisher":{"@id":"https:\/\/www.cadvilla.com\/pl\/#organization"},"potentialAction":[{"@type":"SearchAction","target":{"@type":"EntryPoint","urlTemplate":"https:\/\/www.cadvilla.com\/pl\/?s={search_term_string}"},"query-input":{"@type":"PropertyValueSpecification","valueRequired":true,"valueName":"search_term_string"}}],"inLanguage":"pl-PL"},{"@type":"Organization","@id":"https:\/\/www.cadvilla.com\/pl\/#organization","name":"cadvilla","url":"https:\/\/www.cadvilla.com\/pl\/","logo":{"@type":"ImageObject","inLanguage":"pl-PL","@id":"https:\/\/www.cadvilla.com\/pl\/#\/schema\/logo\/image\/","url":"https:\/\/www.cadvilla.com\/wp-content\/uploads\/logo_cadvilla.png","contentUrl":"https:\/\/www.cadvilla.com\/wp-content\/uploads\/logo_cadvilla.png","width":157,"height":51,"caption":"cadvilla"},"image":{"@id":"https:\/\/www.cadvilla.com\/pl\/#\/schema\/logo\/image\/"}}]}},"_links":{"self":[{"href":"https:\/\/www.cadvilla.com\/pl\/wp-json\/wp\/v2\/pages\/6122","targetHints":{"allow":["GET"]}}],"collection":[{"href":"https:\/\/www.cadvilla.com\/pl\/wp-json\/wp\/v2\/pages"}],"about":[{"href":"https:\/\/www.cadvilla.com\/pl\/wp-json\/wp\/v2\/types\/page"}],"author":[{"embeddable":true,"href":"https:\/\/www.cadvilla.com\/pl\/wp-json\/wp\/v2\/users\/1"}],"replies":[{"embeddable":true,"href":"https:\/\/www.cadvilla.com\/pl\/wp-json\/wp\/v2\/comments?post=6122"}],"version-history":[{"count":0,"href":"https:\/\/www.cadvilla.com\/pl\/wp-json\/wp\/v2\/pages\/6122\/revisions"}],"wp:attachment":[{"href":"https:\/\/www.cadvilla.com\/pl\/wp-json\/wp\/v2\/media?parent=6122"}],"curies":[{"name":"wp","href":"https:\/\/api.w.org\/{rel}","templated":true}]}}