{"id":1063,"date":"2019-04-10T17:38:10","date_gmt":"2019-04-10T15:38:10","guid":{"rendered":"https:\/\/www.cadvilla.pl\/sv-hersteller\/"},"modified":"2019-07-12T12:46:54","modified_gmt":"2019-07-12T10:46:54","slug":"sv-servicos_fabricantes","status":"publish","type":"page","link":"https:\/\/www.cadvilla.com\/pt-br\/sv-servicos_fabricantes\/","title":{"rendered":"Servi\u00e7os de integra\u00e7\u00e3o para fabricantes"},"content":{"rendered":"<section class=\"l-section wpb_row height_auto\"><div class=\"l-section-h i-cf\"><div class=\"g-cols vc_row via_grid cols_1 laptops-cols_inherit tablets-cols_inherit mobiles-cols_1 valign_top type_default stacking_default\"><div class=\"wpb_column vc_column_container\"><div class=\"vc_column-inner\"><\/div><\/div><\/div><\/div><\/section><section class=\"l-section wpb_row ca-headerbg height_small\" id=\"begin\"><div class=\"l-section-h i-cf\"><div class=\"g-cols vc_row via_grid cols_1 laptops-cols_inherit tablets-cols_inherit mobiles-cols_1 valign_top type_default stacking_default\"><div class=\"wpb_column vc_column_container\"><div class=\"vc_column-inner\"><div class=\"wpb_text_column\"><div class=\"wpb_wrapper\"><h1>Servi\u00e7os de integra\u00e7\u00e3o para fabricantes<\/h1>\n<\/div><\/div><\/div><\/div><\/div><\/div><\/section><section class=\"l-section wpb_row height_medium\"><div class=\"l-section-h i-cf\"><div class=\"g-cols vc_row via_grid cols_1 laptops-cols_inherit tablets-cols_inherit mobiles-cols_1 valign_top type_default stacking_default\"><div class=\"wpb_column vc_column_container\"><div class=\"vc_column-inner\"><div class=\"wpb_text_column\"><div class=\"wpb_wrapper\"><h2>Integra\u00e7\u00e3o de objetos de fabricantes e vers\u00f5es de produtos personalizados<\/h2>\n<p>Voc\u00ea tem interesse de integrar seus pr\u00f3prios objetos e texturas no cadvilla, ou at\u00e9 adquirir uma vers\u00e3o de produto personalizado com o nome de sua empresa? Ent\u00e3o entre em contato conosco.<\/p>\n<p>Encaminhe sua consulta no formul\u00e1rio abaixo. Imediatamente entraremos em contato contigo para conversarmos sobre isso.<\/p>\n<p><span class=\"tlid-translation translation\" lang=\"pt\"><span class=\"\" title=\"\">Por favor, entre em contato conosco em <a href=\"https:\/\/www.cadvilla.com\/pt-br\/sv-servicos_fabricantes\/\">alem\u00e3o<\/a> ou <a href=\"https:\/\/www.cadvilla.com\/pt-br\/sv-servicos_fabricantes\/\">ingl\u00eas<\/a>.<\/span><\/span><\/p>\n<\/div><\/div><\/div><\/div><\/div><\/div><\/section>\n","protected":false},"excerpt":{"rendered":"Servi\u00e7os de integra\u00e7\u00e3o para fabricantes Integra\u00e7\u00e3o de objetos de fabricantes e vers\u00f5es de produtos personalizados Voc\u00ea tem interesse de integrar seus pr\u00f3prios objetos e texturas no cadvilla, ou at\u00e9 adquirir uma vers\u00e3o de produto personalizado com o nome de sua empresa? Ent\u00e3o entre em contato conosco. Encaminhe sua consulta no formul\u00e1rio abaixo. Imediatamente entraremos em...","protected":false},"author":1,"featured_media":0,"parent":0,"menu_order":0,"comment_status":"closed","ping_status":"closed","template":"","meta":{"footnotes":""},"class_list":["post-1063","page","type-page","status-publish","hentry"],"yoast_head":"<!-- This site is optimized with the Yoast SEO plugin v27.4 - https:\/\/yoast.com\/product\/yoast-seo-wordpress\/ -->\n<title>Integra\u00e7\u00e3o de objetos de fabricantes no cadvilla<\/title>\n<meta name=\"description\" content=\"Integra\u00e7\u00e3o de objetos de fabricantes e vers\u00f5es de produtos personalizados\" \/>\n<meta name=\"robots\" content=\"index, follow, max-snippet:-1, max-image-preview:large, max-video-preview:-1\" \/>\n<link rel=\"canonical\" href=\"https:\/\/www.cadvilla.com\/pt-br\/sv-servicos_fabricantes\/\" \/>\n<meta property=\"og:locale\" content=\"pt_BR\" \/>\n<meta property=\"og:type\" content=\"article\" \/>\n<meta property=\"og:title\" content=\"Integra\u00e7\u00e3o de objetos de fabricantes no cadvilla\" \/>\n<meta property=\"og:description\" content=\"Integra\u00e7\u00e3o de objetos de fabricantes e vers\u00f5es de produtos personalizados\" \/>\n<meta property=\"og:url\" content=\"https:\/\/www.cadvilla.com\/pt-br\/sv-servicos_fabricantes\/\" \/>\n<meta property=\"og:site_name\" content=\"cadvilla\" \/>\n<meta property=\"article:modified_time\" content=\"2019-07-12T10:46:54+00:00\" \/>\n<meta name=\"twitter:card\" content=\"summary_large_image\" \/>\n<meta name=\"twitter:label1\" content=\"Est. tempo de leitura\" \/>\n\t<meta name=\"twitter:data1\" content=\"1 minuto\" \/>\n<script type=\"application\/ld+json\" class=\"yoast-schema-graph\">{\"@context\":\"https:\\\/\\\/schema.org\",\"@graph\":[{\"@type\":\"WebPage\",\"@id\":\"https:\\\/\\\/www.cadvilla.com\\\/pt-br\\\/sv-servicos_fabricantes\\\/\",\"url\":\"https:\\\/\\\/www.cadvilla.com\\\/pt-br\\\/sv-servicos_fabricantes\\\/\",\"name\":\"Integra\u00e7\u00e3o de objetos de fabricantes no cadvilla\",\"isPartOf\":{\"@id\":\"https:\\\/\\\/www.cadvilla.com\\\/pt-br\\\/#website\"},\"datePublished\":\"2019-04-10T15:38:10+00:00\",\"dateModified\":\"2019-07-12T10:46:54+00:00\",\"description\":\"Integra\u00e7\u00e3o de objetos de fabricantes e vers\u00f5es de produtos personalizados\",\"breadcrumb\":{\"@id\":\"https:\\\/\\\/www.cadvilla.com\\\/pt-br\\\/sv-servicos_fabricantes\\\/#breadcrumb\"},\"inLanguage\":\"pt-BR\",\"potentialAction\":[{\"@type\":\"ReadAction\",\"target\":[\"https:\\\/\\\/www.cadvilla.com\\\/pt-br\\\/sv-servicos_fabricantes\\\/\"]}]},{\"@type\":\"BreadcrumbList\",\"@id\":\"https:\\\/\\\/www.cadvilla.com\\\/pt-br\\\/sv-servicos_fabricantes\\\/#breadcrumb\",\"itemListElement\":[{\"@type\":\"ListItem\",\"position\":1,\"name\":\"Startseite\",\"item\":\"https:\\\/\\\/www.cadvilla.com\\\/pt-br\\\/\"},{\"@type\":\"ListItem\",\"position\":2,\"name\":\"Servi\u00e7os de integra\u00e7\u00e3o para fabricantes\"}]},{\"@type\":\"WebSite\",\"@id\":\"https:\\\/\\\/www.cadvilla.com\\\/pt-br\\\/#website\",\"url\":\"https:\\\/\\\/www.cadvilla.com\\\/pt-br\\\/\",\"name\":\"cadvilla\",\"description\":\"\",\"publisher\":{\"@id\":\"https:\\\/\\\/www.cadvilla.com\\\/pt-br\\\/#organization\"},\"potentialAction\":[{\"@type\":\"SearchAction\",\"target\":{\"@type\":\"EntryPoint\",\"urlTemplate\":\"https:\\\/\\\/www.cadvilla.com\\\/pt-br\\\/?s={search_term_string}\"},\"query-input\":{\"@type\":\"PropertyValueSpecification\",\"valueRequired\":true,\"valueName\":\"search_term_string\"}}],\"inLanguage\":\"pt-BR\"},{\"@type\":\"Organization\",\"@id\":\"https:\\\/\\\/www.cadvilla.com\\\/pt-br\\\/#organization\",\"name\":\"cadvilla\",\"url\":\"https:\\\/\\\/www.cadvilla.com\\\/pt-br\\\/\",\"logo\":{\"@type\":\"ImageObject\",\"inLanguage\":\"pt-BR\",\"@id\":\"https:\\\/\\\/www.cadvilla.com\\\/pt-br\\\/#\\\/schema\\\/logo\\\/image\\\/\",\"url\":\"https:\\\/\\\/www.cadvilla.com\\\/wp-content\\\/uploads\\\/logo_cadvilla.png\",\"contentUrl\":\"https:\\\/\\\/www.cadvilla.com\\\/wp-content\\\/uploads\\\/logo_cadvilla.png\",\"width\":157,\"height\":51,\"caption\":\"cadvilla\"},\"image\":{\"@id\":\"https:\\\/\\\/www.cadvilla.com\\\/pt-br\\\/#\\\/schema\\\/logo\\\/image\\\/\"}}]}<\/script>\n<!-- \/ Yoast SEO plugin. -->","yoast_head_json":{"title":"Integra\u00e7\u00e3o de objetos de fabricantes no cadvilla","description":"Integra\u00e7\u00e3o de objetos de fabricantes e vers\u00f5es de produtos personalizados","robots":{"index":"index","follow":"follow","max-snippet":"max-snippet:-1","max-image-preview":"max-image-preview:large","max-video-preview":"max-video-preview:-1"},"canonical":"https:\/\/www.cadvilla.com\/pt-br\/sv-servicos_fabricantes\/","og_locale":"pt_BR","og_type":"article","og_title":"Integra\u00e7\u00e3o de objetos de fabricantes no cadvilla","og_description":"Integra\u00e7\u00e3o de objetos de fabricantes e vers\u00f5es de produtos personalizados","og_url":"https:\/\/www.cadvilla.com\/pt-br\/sv-servicos_fabricantes\/","og_site_name":"cadvilla","article_modified_time":"2019-07-12T10:46:54+00:00","twitter_card":"summary_large_image","twitter_misc":{"Est. tempo de leitura":"1 minuto"},"schema":{"@context":"https:\/\/schema.org","@graph":[{"@type":"WebPage","@id":"https:\/\/www.cadvilla.com\/pt-br\/sv-servicos_fabricantes\/","url":"https:\/\/www.cadvilla.com\/pt-br\/sv-servicos_fabricantes\/","name":"Integra\u00e7\u00e3o de objetos de fabricantes no cadvilla","isPartOf":{"@id":"https:\/\/www.cadvilla.com\/pt-br\/#website"},"datePublished":"2019-04-10T15:38:10+00:00","dateModified":"2019-07-12T10:46:54+00:00","description":"Integra\u00e7\u00e3o de objetos de fabricantes e vers\u00f5es de produtos personalizados","breadcrumb":{"@id":"https:\/\/www.cadvilla.com\/pt-br\/sv-servicos_fabricantes\/#breadcrumb"},"inLanguage":"pt-BR","potentialAction":[{"@type":"ReadAction","target":["https:\/\/www.cadvilla.com\/pt-br\/sv-servicos_fabricantes\/"]}]},{"@type":"BreadcrumbList","@id":"https:\/\/www.cadvilla.com\/pt-br\/sv-servicos_fabricantes\/#breadcrumb","itemListElement":[{"@type":"ListItem","position":1,"name":"Startseite","item":"https:\/\/www.cadvilla.com\/pt-br\/"},{"@type":"ListItem","position":2,"name":"Servi\u00e7os de integra\u00e7\u00e3o para fabricantes"}]},{"@type":"WebSite","@id":"https:\/\/www.cadvilla.com\/pt-br\/#website","url":"https:\/\/www.cadvilla.com\/pt-br\/","name":"cadvilla","description":"","publisher":{"@id":"https:\/\/www.cadvilla.com\/pt-br\/#organization"},"potentialAction":[{"@type":"SearchAction","target":{"@type":"EntryPoint","urlTemplate":"https:\/\/www.cadvilla.com\/pt-br\/?s={search_term_string}"},"query-input":{"@type":"PropertyValueSpecification","valueRequired":true,"valueName":"search_term_string"}}],"inLanguage":"pt-BR"},{"@type":"Organization","@id":"https:\/\/www.cadvilla.com\/pt-br\/#organization","name":"cadvilla","url":"https:\/\/www.cadvilla.com\/pt-br\/","logo":{"@type":"ImageObject","inLanguage":"pt-BR","@id":"https:\/\/www.cadvilla.com\/pt-br\/#\/schema\/logo\/image\/","url":"https:\/\/www.cadvilla.com\/wp-content\/uploads\/logo_cadvilla.png","contentUrl":"https:\/\/www.cadvilla.com\/wp-content\/uploads\/logo_cadvilla.png","width":157,"height":51,"caption":"cadvilla"},"image":{"@id":"https:\/\/www.cadvilla.com\/pt-br\/#\/schema\/logo\/image\/"}}]}},"_links":{"self":[{"href":"https:\/\/www.cadvilla.com\/pt-br\/wp-json\/wp\/v2\/pages\/1063","targetHints":{"allow":["GET"]}}],"collection":[{"href":"https:\/\/www.cadvilla.com\/pt-br\/wp-json\/wp\/v2\/pages"}],"about":[{"href":"https:\/\/www.cadvilla.com\/pt-br\/wp-json\/wp\/v2\/types\/page"}],"author":[{"embeddable":true,"href":"https:\/\/www.cadvilla.com\/pt-br\/wp-json\/wp\/v2\/users\/1"}],"replies":[{"embeddable":true,"href":"https:\/\/www.cadvilla.com\/pt-br\/wp-json\/wp\/v2\/comments?post=1063"}],"version-history":[{"count":0,"href":"https:\/\/www.cadvilla.com\/pt-br\/wp-json\/wp\/v2\/pages\/1063\/revisions"}],"wp:attachment":[{"href":"https:\/\/www.cadvilla.com\/pt-br\/wp-json\/wp\/v2\/media?parent=1063"}],"curies":[{"name":"wp","href":"https:\/\/api.w.org\/{rel}","templated":true}]}}