{"id":1141,"date":"2019-04-11T14:43:59","date_gmt":"2019-04-11T12:43:59","guid":{"rendered":"https:\/\/www.cadvilla.pl\/s-cadvilla_osupport\/"},"modified":"2020-02-27T12:48:35","modified_gmt":"2020-02-27T10:48:35","slug":"s-suporte_remoto_para_cadvilla","status":"publish","type":"page","link":"https:\/\/www.cadvilla.com\/pt-br\/s-suporte_remoto_para_cadvilla\/","title":{"rendered":"Suporte remoto para cadvilla"},"content":{"rendered":"<section class=\"l-section wpb_row ca-headerbackground0 height_auto\"><div class=\"l-section-h i-cf\"><div class=\"g-cols vc_row via_grid cols_1 laptops-cols_inherit tablets-cols_inherit mobiles-cols_1 valign_bottom type_default stacking_default\"><div class=\"wpb_column vc_column_container\"><div class=\"vc_column-inner\"><\/div><\/div><\/div><\/div><\/section><section class=\"l-section wpb_row height_auto\"><div class=\"l-section-h i-cf\"><div class=\"g-cols vc_row via_grid cols_1 laptops-cols_inherit tablets-cols_inherit mobiles-cols_1 valign_top type_default stacking_default\"><div class=\"wpb_column vc_column_container\"><div class=\"vc_column-inner\"><\/div><\/div><\/div><\/div><\/section><section class=\"l-section wpb_row ca-headerbg height_small\" id=\"begin\"><div class=\"l-section-h i-cf\"><div class=\"g-cols vc_row via_grid cols_1 laptops-cols_inherit tablets-cols_inherit mobiles-cols_1 valign_top type_default stacking_default\"><div class=\"wpb_column vc_column_container\"><div class=\"vc_column-inner\"><div class=\"wpb_text_column\"><div class=\"wpb_wrapper\"><h1>Suporte remoto para cadvilla<\/h1>\n<\/div><\/div><\/div><\/div><\/div><\/div><\/section><section class=\"l-section wpb_row height_medium\"><div class=\"l-section-h i-cf\"><div class=\"g-cols vc_row via_grid cols_1 laptops-cols_inherit tablets-cols_inherit mobiles-cols_1 valign_top type_default stacking_default\"><div class=\"wpb_column vc_column_container\"><div class=\"vc_column-inner\"><div class=\"wpb_text_column\"><div class=\"wpb_wrapper\"><h2>Suporte Remoto &#8211; a melhor e mais r\u00e1pida forma de resolver suas quest\u00f5es<\/h2>\n<p>Para estabelecer o acesso remoto com seu PC oferecemos o produto Teamviewer da empresa Teamviewer GmbH, de G\u00f6ppingen, Alemanha. Para mais informa\u00e7\u00f5es sobre este produto, acesse www.teamviewer.com<\/p>\n<h4>O procedimento para o Suporte Online \u00e9 feito da seguinte maneira:<\/h4>\n<ul>\n<li>Para baixar o programa de suporte remoto do cadvilla (da Teamviewer GmbH, de aprox. 3,544 Mb) clique no bot\u00e3o abaixo (Remote Support) e depois execute este programa. Claro que voc\u00ea tamb\u00e9m pode baixar esse programa diretamente da p\u00e1gina web da Teamviewer.<br \/>\n<figure id=\"attachment_132\" aria-describedby=\"caption-attachment-132\" style=\"width: 174px\" class=\"wp-caption alignnone\"><a href=\"https:\/\/www.cadvilla.com\/download\/cadvilla_remotesupport_en.exe\"><img loading=\"lazy\" decoding=\"async\" class=\"wp-image-132 size-full\" src=\"https:\/\/www.cadvilla.com\/wp-content\/uploads\/remotesupport.png\" alt=\"Remote Support\" width=\"174\" height=\"54\" \/><\/a><figcaption id=\"caption-attachment-132\" class=\"wp-caption-text\"><em>clique na imagem para come\u00e7ar<\/em><\/figcaption><\/figure><\/li>\n<li>Depois de executar o programa, uma janela se abre para voc\u00ea definir seu n\u00famero ID (identifica\u00e7\u00e3o de usu\u00e1rio) e tamb\u00e9m uma senha.<\/li>\n<li>Entre em contato conosco pelo telefone informado e <strong>agende uma sess\u00e3o de Suporte Remoto<\/strong>.<\/li>\n<li>Para iniciar o Suporte Remoto precisamos que voc\u00ea nos informe seu n\u00famero ID pessoal e a senha. Informe-nos estes dois dados ainda <strong>antes de iniciar a sess\u00e3o do Suporte Remoto<\/strong>.<\/li>\n<li>Esses dois dados ser\u00e3o usados em nosso computador para que possamos acessar seu computador para, ent\u00e3o, iniciar a sess\u00e3o do suporte remoto. Todas as a\u00e7\u00f5es que realizamos s\u00e3o exibidas ao mesmo tempo na tela do seu computador.<\/li>\n<li>Paralelo a isso, pode-se manter uma comunica\u00e7\u00e3o por telefone Skype ou Chat.<\/li>\n<\/ul>\n<h5>Outras informa\u00e7\u00f5es:<\/h5>\n<p>Quando voc\u00ea fecha a janela da sess\u00e3o de suporte remoto do cadvilla, n\u00f3s n\u00e3o temos mais acesso a seu computador para qualquer a\u00e7\u00e3o de suporte remoto. Cada inicializa\u00e7\u00e3o do Suporte Remoto cadvilla pede a gera\u00e7\u00e3o de uma nova senha, mas o n\u00famero ID (identifica\u00e7\u00e3o do usu\u00e1rio) permanece o mesmo.<\/p>\n<\/div><\/div><\/div><\/div><\/div><\/div><\/section><section class=\"l-section wpb_row height_small\"><div class=\"l-section-h i-cf\"><div class=\"g-cols vc_row via_grid cols_1 laptops-cols_inherit tablets-cols_inherit mobiles-cols_1 valign_top type_default stacking_default\"><div class=\"wpb_column vc_column_container\"><div class=\"vc_column-inner\"><\/div><\/div><\/div><\/div><\/section>\n","protected":false},"excerpt":{"rendered":"Suporte remoto para cadvilla Suporte Remoto &#8211; a melhor e mais r\u00e1pida forma de resolver suas quest\u00f5es Para estabelecer o acesso remoto com seu PC oferecemos o produto Teamviewer da empresa Teamviewer GmbH, de G\u00f6ppingen, Alemanha. Para mais informa\u00e7\u00f5es sobre este produto, acesse www.teamviewer.com O procedimento para o Suporte Online \u00e9 feito da seguinte maneira:...","protected":false},"author":1,"featured_media":0,"parent":0,"menu_order":0,"comment_status":"closed","ping_status":"closed","template":"","meta":{"footnotes":""},"class_list":["post-1141","page","type-page","status-publish","hentry"],"yoast_head":"<!-- This site is optimized with the Yoast SEO plugin v27.4 - https:\/\/yoast.com\/product\/yoast-seo-wordpress\/ -->\n<title>cadvilla - Suporte Remoto<\/title>\n<meta name=\"description\" content=\"Suporte on-line para o software de planejamento de casa cadvilla com a ajuda do software de manuten\u00e7\u00e3o remota Teamviewer. Baixe o aplicativo para suporte online agora.\" \/>\n<meta name=\"robots\" content=\"index, follow, max-snippet:-1, max-image-preview:large, max-video-preview:-1\" \/>\n<link rel=\"canonical\" href=\"https:\/\/www.cadvilla.com\/pt-br\/s-suporte_remoto_para_cadvilla\/\" \/>\n<meta property=\"og:locale\" content=\"pt_BR\" \/>\n<meta property=\"og:type\" content=\"article\" \/>\n<meta property=\"og:title\" content=\"cadvilla - Suporte Remoto\" \/>\n<meta property=\"og:description\" content=\"Suporte on-line para o software de planejamento de casa cadvilla com a ajuda do software de manuten\u00e7\u00e3o remota Teamviewer. Baixe o aplicativo para suporte online agora.\" \/>\n<meta property=\"og:url\" content=\"https:\/\/www.cadvilla.com\/pt-br\/s-suporte_remoto_para_cadvilla\/\" \/>\n<meta property=\"og:site_name\" content=\"cadvilla\" \/>\n<meta property=\"article:modified_time\" content=\"2020-02-27T10:48:35+00:00\" \/>\n<meta property=\"og:image\" content=\"https:\/\/www.cadvilla.com\/wp-content\/uploads\/remotesupport.png\" \/>\n<meta name=\"twitter:card\" content=\"summary_large_image\" \/>\n<meta name=\"twitter:label1\" content=\"Est. tempo de leitura\" \/>\n\t<meta name=\"twitter:data1\" content=\"2 minutos\" \/>\n<script type=\"application\/ld+json\" class=\"yoast-schema-graph\">{\"@context\":\"https:\\\/\\\/schema.org\",\"@graph\":[{\"@type\":\"WebPage\",\"@id\":\"https:\\\/\\\/www.cadvilla.com\\\/pt-br\\\/s-suporte_remoto_para_cadvilla\\\/\",\"url\":\"https:\\\/\\\/www.cadvilla.com\\\/pt-br\\\/s-suporte_remoto_para_cadvilla\\\/\",\"name\":\"cadvilla - Suporte Remoto\",\"isPartOf\":{\"@id\":\"https:\\\/\\\/www.cadvilla.com\\\/pt-br\\\/#website\"},\"primaryImageOfPage\":{\"@id\":\"https:\\\/\\\/www.cadvilla.com\\\/pt-br\\\/s-suporte_remoto_para_cadvilla\\\/#primaryimage\"},\"image\":{\"@id\":\"https:\\\/\\\/www.cadvilla.com\\\/pt-br\\\/s-suporte_remoto_para_cadvilla\\\/#primaryimage\"},\"thumbnailUrl\":\"https:\\\/\\\/www.cadvilla.com\\\/wp-content\\\/uploads\\\/remotesupport.png\",\"datePublished\":\"2019-04-11T12:43:59+00:00\",\"dateModified\":\"2020-02-27T10:48:35+00:00\",\"description\":\"Suporte on-line para o software de planejamento de casa cadvilla com a ajuda do software de manuten\u00e7\u00e3o remota Teamviewer. Baixe o aplicativo para suporte online agora.\",\"breadcrumb\":{\"@id\":\"https:\\\/\\\/www.cadvilla.com\\\/pt-br\\\/s-suporte_remoto_para_cadvilla\\\/#breadcrumb\"},\"inLanguage\":\"pt-BR\",\"potentialAction\":[{\"@type\":\"ReadAction\",\"target\":[\"https:\\\/\\\/www.cadvilla.com\\\/pt-br\\\/s-suporte_remoto_para_cadvilla\\\/\"]}]},{\"@type\":\"ImageObject\",\"inLanguage\":\"pt-BR\",\"@id\":\"https:\\\/\\\/www.cadvilla.com\\\/pt-br\\\/s-suporte_remoto_para_cadvilla\\\/#primaryimage\",\"url\":\"https:\\\/\\\/www.cadvilla.com\\\/wp-content\\\/uploads\\\/remotesupport.png\",\"contentUrl\":\"https:\\\/\\\/www.cadvilla.com\\\/wp-content\\\/uploads\\\/remotesupport.png\"},{\"@type\":\"BreadcrumbList\",\"@id\":\"https:\\\/\\\/www.cadvilla.com\\\/pt-br\\\/s-suporte_remoto_para_cadvilla\\\/#breadcrumb\",\"itemListElement\":[{\"@type\":\"ListItem\",\"position\":1,\"name\":\"Startseite\",\"item\":\"https:\\\/\\\/www.cadvilla.com\\\/pt-br\\\/\"},{\"@type\":\"ListItem\",\"position\":2,\"name\":\"Suporte remoto para cadvilla\"}]},{\"@type\":\"WebSite\",\"@id\":\"https:\\\/\\\/www.cadvilla.com\\\/pt-br\\\/#website\",\"url\":\"https:\\\/\\\/www.cadvilla.com\\\/pt-br\\\/\",\"name\":\"cadvilla\",\"description\":\"\",\"publisher\":{\"@id\":\"https:\\\/\\\/www.cadvilla.com\\\/pt-br\\\/#organization\"},\"potentialAction\":[{\"@type\":\"SearchAction\",\"target\":{\"@type\":\"EntryPoint\",\"urlTemplate\":\"https:\\\/\\\/www.cadvilla.com\\\/pt-br\\\/?s={search_term_string}\"},\"query-input\":{\"@type\":\"PropertyValueSpecification\",\"valueRequired\":true,\"valueName\":\"search_term_string\"}}],\"inLanguage\":\"pt-BR\"},{\"@type\":\"Organization\",\"@id\":\"https:\\\/\\\/www.cadvilla.com\\\/pt-br\\\/#organization\",\"name\":\"cadvilla\",\"url\":\"https:\\\/\\\/www.cadvilla.com\\\/pt-br\\\/\",\"logo\":{\"@type\":\"ImageObject\",\"inLanguage\":\"pt-BR\",\"@id\":\"https:\\\/\\\/www.cadvilla.com\\\/pt-br\\\/#\\\/schema\\\/logo\\\/image\\\/\",\"url\":\"https:\\\/\\\/www.cadvilla.com\\\/wp-content\\\/uploads\\\/logo_cadvilla.png\",\"contentUrl\":\"https:\\\/\\\/www.cadvilla.com\\\/wp-content\\\/uploads\\\/logo_cadvilla.png\",\"width\":157,\"height\":51,\"caption\":\"cadvilla\"},\"image\":{\"@id\":\"https:\\\/\\\/www.cadvilla.com\\\/pt-br\\\/#\\\/schema\\\/logo\\\/image\\\/\"}}]}<\/script>\n<!-- \/ Yoast SEO plugin. -->","yoast_head_json":{"title":"cadvilla - Suporte Remoto","description":"Suporte on-line para o software de planejamento de casa cadvilla com a ajuda do software de manuten\u00e7\u00e3o remota Teamviewer. Baixe o aplicativo para suporte online agora.","robots":{"index":"index","follow":"follow","max-snippet":"max-snippet:-1","max-image-preview":"max-image-preview:large","max-video-preview":"max-video-preview:-1"},"canonical":"https:\/\/www.cadvilla.com\/pt-br\/s-suporte_remoto_para_cadvilla\/","og_locale":"pt_BR","og_type":"article","og_title":"cadvilla - Suporte Remoto","og_description":"Suporte on-line para o software de planejamento de casa cadvilla com a ajuda do software de manuten\u00e7\u00e3o remota Teamviewer. Baixe o aplicativo para suporte online agora.","og_url":"https:\/\/www.cadvilla.com\/pt-br\/s-suporte_remoto_para_cadvilla\/","og_site_name":"cadvilla","article_modified_time":"2020-02-27T10:48:35+00:00","og_image":[{"url":"https:\/\/www.cadvilla.com\/wp-content\/uploads\/remotesupport.png","type":"","width":"","height":""}],"twitter_card":"summary_large_image","twitter_misc":{"Est. tempo de leitura":"2 minutos"},"schema":{"@context":"https:\/\/schema.org","@graph":[{"@type":"WebPage","@id":"https:\/\/www.cadvilla.com\/pt-br\/s-suporte_remoto_para_cadvilla\/","url":"https:\/\/www.cadvilla.com\/pt-br\/s-suporte_remoto_para_cadvilla\/","name":"cadvilla - Suporte Remoto","isPartOf":{"@id":"https:\/\/www.cadvilla.com\/pt-br\/#website"},"primaryImageOfPage":{"@id":"https:\/\/www.cadvilla.com\/pt-br\/s-suporte_remoto_para_cadvilla\/#primaryimage"},"image":{"@id":"https:\/\/www.cadvilla.com\/pt-br\/s-suporte_remoto_para_cadvilla\/#primaryimage"},"thumbnailUrl":"https:\/\/www.cadvilla.com\/wp-content\/uploads\/remotesupport.png","datePublished":"2019-04-11T12:43:59+00:00","dateModified":"2020-02-27T10:48:35+00:00","description":"Suporte on-line para o software de planejamento de casa cadvilla com a ajuda do software de manuten\u00e7\u00e3o remota Teamviewer. Baixe o aplicativo para suporte online agora.","breadcrumb":{"@id":"https:\/\/www.cadvilla.com\/pt-br\/s-suporte_remoto_para_cadvilla\/#breadcrumb"},"inLanguage":"pt-BR","potentialAction":[{"@type":"ReadAction","target":["https:\/\/www.cadvilla.com\/pt-br\/s-suporte_remoto_para_cadvilla\/"]}]},{"@type":"ImageObject","inLanguage":"pt-BR","@id":"https:\/\/www.cadvilla.com\/pt-br\/s-suporte_remoto_para_cadvilla\/#primaryimage","url":"https:\/\/www.cadvilla.com\/wp-content\/uploads\/remotesupport.png","contentUrl":"https:\/\/www.cadvilla.com\/wp-content\/uploads\/remotesupport.png"},{"@type":"BreadcrumbList","@id":"https:\/\/www.cadvilla.com\/pt-br\/s-suporte_remoto_para_cadvilla\/#breadcrumb","itemListElement":[{"@type":"ListItem","position":1,"name":"Startseite","item":"https:\/\/www.cadvilla.com\/pt-br\/"},{"@type":"ListItem","position":2,"name":"Suporte remoto para cadvilla"}]},{"@type":"WebSite","@id":"https:\/\/www.cadvilla.com\/pt-br\/#website","url":"https:\/\/www.cadvilla.com\/pt-br\/","name":"cadvilla","description":"","publisher":{"@id":"https:\/\/www.cadvilla.com\/pt-br\/#organization"},"potentialAction":[{"@type":"SearchAction","target":{"@type":"EntryPoint","urlTemplate":"https:\/\/www.cadvilla.com\/pt-br\/?s={search_term_string}"},"query-input":{"@type":"PropertyValueSpecification","valueRequired":true,"valueName":"search_term_string"}}],"inLanguage":"pt-BR"},{"@type":"Organization","@id":"https:\/\/www.cadvilla.com\/pt-br\/#organization","name":"cadvilla","url":"https:\/\/www.cadvilla.com\/pt-br\/","logo":{"@type":"ImageObject","inLanguage":"pt-BR","@id":"https:\/\/www.cadvilla.com\/pt-br\/#\/schema\/logo\/image\/","url":"https:\/\/www.cadvilla.com\/wp-content\/uploads\/logo_cadvilla.png","contentUrl":"https:\/\/www.cadvilla.com\/wp-content\/uploads\/logo_cadvilla.png","width":157,"height":51,"caption":"cadvilla"},"image":{"@id":"https:\/\/www.cadvilla.com\/pt-br\/#\/schema\/logo\/image\/"}}]}},"_links":{"self":[{"href":"https:\/\/www.cadvilla.com\/pt-br\/wp-json\/wp\/v2\/pages\/1141","targetHints":{"allow":["GET"]}}],"collection":[{"href":"https:\/\/www.cadvilla.com\/pt-br\/wp-json\/wp\/v2\/pages"}],"about":[{"href":"https:\/\/www.cadvilla.com\/pt-br\/wp-json\/wp\/v2\/types\/page"}],"author":[{"embeddable":true,"href":"https:\/\/www.cadvilla.com\/pt-br\/wp-json\/wp\/v2\/users\/1"}],"replies":[{"embeddable":true,"href":"https:\/\/www.cadvilla.com\/pt-br\/wp-json\/wp\/v2\/comments?post=1141"}],"version-history":[{"count":0,"href":"https:\/\/www.cadvilla.com\/pt-br\/wp-json\/wp\/v2\/pages\/1141\/revisions"}],"wp:attachment":[{"href":"https:\/\/www.cadvilla.com\/pt-br\/wp-json\/wp\/v2\/media?parent=1141"}],"curies":[{"name":"wp","href":"https:\/\/api.w.org\/{rel}","templated":true}]}}