{"id":1522,"date":"2019-04-16T18:45:34","date_gmt":"2019-04-16T16:45:34","guid":{"rendered":"https:\/\/www.cadvilla.pl\/s-cadvilla_handbuecher\/"},"modified":"2023-08-30T16:01:52","modified_gmt":"2023-08-30T14:01:52","slug":"s-manuais_para_cadvilla","status":"publish","type":"page","link":"https:\/\/www.cadvilla.com\/pt-br\/s-manuais_para_cadvilla\/","title":{"rendered":"Manuais para cadvilla e m\u00f3dulos adicionais"},"content":{"rendered":"<section class=\"l-section wpb_row ca-headerbackground0 height_auto\"><div class=\"l-section-h i-cf\"><div class=\"g-cols vc_row via_grid cols_1 laptops-cols_inherit tablets-cols_inherit mobiles-cols_1 valign_bottom type_default stacking_default\"><div class=\"wpb_column vc_column_container\"><div class=\"vc_column-inner\"><\/div><\/div><\/div><\/div><\/section><section class=\"l-section wpb_row height_auto\"><div class=\"l-section-h i-cf\"><div class=\"g-cols vc_row via_grid cols_1 laptops-cols_inherit tablets-cols_inherit mobiles-cols_1 valign_top type_default stacking_default\"><div class=\"wpb_column vc_column_container\"><div class=\"vc_column-inner\"><\/div><\/div><\/div><\/div><\/section><section class=\"l-section wpb_row ca-headerbg height_small\" id=\"begin\"><div class=\"l-section-h i-cf\"><div class=\"g-cols vc_row via_grid cols_1 laptops-cols_inherit tablets-cols_inherit mobiles-cols_1 valign_top type_default stacking_default\"><div class=\"wpb_column vc_column_container\"><div class=\"vc_column-inner\"><div class=\"wpb_text_column\"><div class=\"wpb_wrapper\"><h1>Manuais para cadvilla e m\u00f3dulos adicionais<\/h1>\n<\/div><\/div><\/div><\/div><\/div><\/div><\/section><section class=\"l-section wpb_row height_small\"><div class=\"l-section-h i-cf\"><div class=\"g-cols vc_row via_grid cols_1 laptops-cols_inherit tablets-cols_inherit mobiles-cols_1 valign_top type_default stacking_default\"><div class=\"wpb_column vc_column_container\"><div class=\"vc_column-inner\"><div class=\"wpb_text_column\"><div class=\"wpb_wrapper\"><p>Todos os manuais disponibilizados est\u00e3o em formato PDF. Caso voc\u00ea ainda n\u00e3o tenha, baixe agora o visualizador Adobe Acrobat Reader e leia seus documentos em PDF com toda comodidade. O Acrobat Reader \u00e9 gr\u00e1tis e pode ser baixado diretamente na p\u00e1gina principal da Adobe.<\/p>\n<h2>Manuais com descri\u00e7\u00f5es detalhadas das fun\u00e7\u00f5es<\/h2>\n<h5>Manual para todas as vers\u00f5es de cadvilla dispon\u00edveis<\/h5>\n<p>Seja para planejar apenas um ambiente, um apartamento ou at\u00e9 uma casa inteira, este manual lhe ensina como fazer isso da maneira mais eficiente e agrad\u00e1vel.<\/p>\n<p>O seguinte manual vale para todas as vers\u00f5es de cadvilla. Se uma fun\u00e7\u00e3o n\u00e3o estiver integrada na respectiva vers\u00e3o de cadvilla, a mesma tampouco estar\u00e1 dispon\u00edvel.<\/p>\n<\/div><\/div><div class=\"g-cols wpb_row via_grid cols_2 laptops-cols_inherit tablets-cols_inherit mobiles-cols_1 valign_top type_default stacking_default\" style=\"--columns-gap:3rem;\"><div class=\"wpb_column vc_column_container us_custom_39428959\"><div class=\"vc_column-inner\"><div class=\"w-btn-wrapper align_left\"><a class=\"w-btn us-btn-style_2 us_custom_2ac0b1fd icon_atleft\" title=\"Handbuch in Deutsch\" href=\"https:\/\/www.cadvilla.com\/download\/manuals\/de\/Manual.pdf \"><i class=\"fas fa-sign-in\"><\/i><span class=\"w-btn-label\">Handbuch in Deutsch<\/span><\/a><\/div><\/div><\/div><div class=\"wpb_column vc_column_container us_custom_39428959\"><div class=\"vc_column-inner\"><div class=\"w-btn-wrapper align_left\"><a class=\"w-btn us-btn-style_2 us_custom_2ac0b1fd icon_atleft\" title=\"Manual in English\" href=\"https:\/\/www.cadvilla.com\/download\/manuals\/en\/Manual.pdf\"><i class=\"fas fa-sign-in\"><\/i><span class=\"w-btn-label\">Manual in English<\/span><\/a><\/div><\/div><\/div><\/div><div class=\"w-separator size_small with_line width_50 thick_1 style_solid color_border align_center\"><div class=\"w-separator-h\"><\/div><\/div><\/div><\/div><\/div><\/div><\/section><section class=\"l-section wpb_row height_small\"><div class=\"l-section-h i-cf\"><div class=\"g-cols vc_row via_grid cols_1 laptops-cols_inherit tablets-cols_inherit mobiles-cols_1 valign_top type_default stacking_default\"><div class=\"wpb_column vc_column_container\"><div class=\"vc_column-inner\"><div class=\"g-cols wpb_row via_grid cols_2 laptops-cols_inherit tablets-cols_inherit mobiles-cols_1 valign_top type_default stacking_default\" style=\"--columns-gap:3rem;\"><div class=\"wpb_column vc_column_container\"><div class=\"vc_column-inner\"><div class=\"wpb_text_column\"><div class=\"wpb_wrapper\"><h5>Combina\u00e7\u00f5es de teclas e mouse importantes no cadvilla<\/h5>\n<p>Este documento PDF cont\u00e9m importantes combina\u00e7\u00f5es de teclas e mouse no ambiente 2D\/3D e importantes atalhos por combina\u00e7\u00e3o de teclas para Ajuda e Outros.<\/p>\n<\/div><\/div><div class=\"w-btn-wrapper align_left\"><a class=\"w-btn us-btn-style_2 us_custom_2ac0b1fd icon_atleft\" title=\"\u00c3\u0083\u00c2\u009cbersicht in Deutsch\" href=\"https:\/\/www.cadvilla.com\/download\/manuals\/de\/Shortcuts.pdf\"><i class=\"fas fa-sign-in\"><\/i><span class=\"w-btn-label\">\u00dcbersicht in Deutsch<\/span><\/a><\/div><div class=\"w-btn-wrapper align_left\"><a class=\"w-btn us-btn-style_2 us_custom_2ac0b1fd icon_atleft\" title=\"Overview in English\" href=\"https:\/\/www.cadvilla.com\/download\/manuals\/en\/Shortcuts_en.pdf\"><i class=\"fas fa-sign-in\"><\/i><span class=\"w-btn-label\">Overview in English<\/span><\/a><\/div><div class=\"w-separator size_small with_line width_50 thick_1 style_solid color_border align_center\"><div class=\"w-separator-h\"><\/div><\/div><\/div><\/div><div class=\"wpb_column vc_column_container\"><div class=\"vc_column-inner\"><div class=\"wpb_text_column\"><div class=\"wpb_wrapper\"><h5>Manual para m\u00f3dulo Lista de Quantidades<\/h5>\n<p>Clique no link ao lado para abrir o manual que trata sobre o m\u00f3dulo Lista de Quantidades.<\/p>\n<\/div><\/div><div class=\"w-btn-wrapper align_left\"><a class=\"w-btn us-btn-style_2 us_custom_2ac0b1fd icon_atleft\" title=\"Handbuch in Deutsch\" href=\"https:\/\/www.cadvilla.com\/download\/manuals\/de\/Quantities.pdf\"><i class=\"fas fa-sign-in\"><\/i><span class=\"w-btn-label\">Handbuch in Deutsch<\/span><\/a><\/div><div class=\"w-btn-wrapper align_left\"><a class=\"w-btn us-btn-style_2 us_custom_2ac0b1fd icon_atleft\" title=\"Manual in English\" href=\"https:\/\/www.cadvilla.com\/download\/manuals\/en\/Quantities.pdf\"><i class=\"fas fa-sign-in\"><\/i><span class=\"w-btn-label\">Manual in English<\/span><\/a><\/div><div class=\"w-separator size_small with_line width_50 thick_1 style_solid color_border align_center\"><div class=\"w-separator-h\"><\/div><\/div><\/div><\/div><\/div><\/div><\/div><\/div><\/div><\/section><section class=\"l-section wpb_row height_small\"><div class=\"l-section-h i-cf\"><div class=\"g-cols vc_row via_grid cols_1 laptops-cols_inherit tablets-cols_inherit mobiles-cols_1 valign_top type_default stacking_default\"><div class=\"wpb_column vc_column_container\"><div class=\"vc_column-inner\"><div class=\"g-cols wpb_row via_grid cols_2 laptops-cols_inherit tablets-cols_inherit mobiles-cols_1 valign_top type_default stacking_default\" style=\"--columns-gap:3rem;\"><div class=\"wpb_column vc_column_container\"><div class=\"vc_column-inner\"><div class=\"wpb_text_column\"><div class=\"wpb_wrapper\"><h5>Manual para m\u00f3dulo Conversor 3D<\/h5>\n<p>Clique no link ao lado para abrir o manual que trata sobre o m\u00f3dulo Conversor 3D.<\/p>\n<\/div><\/div><div class=\"w-btn-wrapper align_left\"><a class=\"w-btn us-btn-style_2 us_custom_2ac0b1fd icon_atleft\" title=\"Handbuch in Deutsch\" href=\"https:\/\/www.cadvilla.com\/download\/manuals\/de\/3DKonverter.pdf\"><i class=\"fas fa-sign-in\"><\/i><span class=\"w-btn-label\">Handbuch in Deutsch<\/span><\/a><\/div><div class=\"w-btn-wrapper align_left\"><a class=\"w-btn us-btn-style_2 us_custom_2ac0b1fd icon_atleft\" title=\"Manual in English\" href=\"https:\/\/www.cadvilla.com\/download\/manuals\/en\/3DConverter.pdf\"><i class=\"fas fa-sign-in\"><\/i><span class=\"w-btn-label\">Manual in English<\/span><\/a><\/div><div class=\"w-separator size_small with_line width_50 thick_1 style_solid color_border align_center\"><div class=\"w-separator-h\"><\/div><\/div><\/div><\/div><div class=\"wpb_column vc_column_container\"><div class=\"vc_column-inner\"><div class=\"wpb_text_column\"><div class=\"wpb_wrapper\"><h5>Manual para m\u00f3dulo Projeto Arquitet\u00f4nico<\/h5>\n<p>Clique no link ao lado para abrir o manual que trata sobre o m\u00f3dulo Projeto Arquitet\u00f4nico.<\/p>\n<\/div><\/div><div class=\"w-btn-wrapper align_left\"><a class=\"w-btn us-btn-style_2 us_custom_2ac0b1fd icon_atleft\" title=\"Handbuch in Deutsch\" href=\"https:\/\/www.cadvilla.com\/download\/manuals\/de\/Planzusammenstellung.pdf\"><i class=\"fas fa-sign-in\"><\/i><span class=\"w-btn-label\">Handbuch in Deutsch<\/span><\/a><\/div><div class=\"w-btn-wrapper align_left\"><a class=\"w-btn us-btn-style_2 us_custom_2ac0b1fd icon_atleft\" title=\"Manual in English\" href=\"https:\/\/www.cadvilla.com\/download\/manuals\/en\/Plancomposition.pdf\"><i class=\"fas fa-sign-in\"><\/i><span class=\"w-btn-label\">Manual in English<\/span><\/a><\/div><div class=\"w-separator size_small with_line width_50 thick_1 style_solid color_border align_center\"><div class=\"w-separator-h\"><\/div><\/div><\/div><\/div><\/div><\/div><\/div><\/div><\/div><\/section><section class=\"l-section wpb_row height_small\"><div class=\"l-section-h i-cf\"><div class=\"g-cols vc_row via_grid cols_1 laptops-cols_inherit tablets-cols_inherit mobiles-cols_1 valign_top type_default stacking_default\"><div class=\"wpb_column vc_column_container\"><div class=\"vc_column-inner\"><div class=\"g-cols wpb_row via_grid cols_2 laptops-cols_inherit tablets-cols_inherit mobiles-cols_1 valign_top type_default stacking_default\" style=\"--columns-gap:3rem;\"><div class=\"wpb_column vc_column_container\"><div class=\"vc_column-inner\"><div class=\"wpb_text_column\"><div class=\"wpb_wrapper\"><h5>Manual para o m\u00f3dulo planejador de rotas de fuga e salvamento<\/h5>\n<p>Clique no link adjacente para abrir o manual do m\u00f3dulo Planejador de Roteamento de Resgate e Resgate.<\/p>\n<\/div><\/div><div class=\"w-btn-wrapper align_left\"><a class=\"w-btn us-btn-style_2 us_custom_2ac0b1fd icon_atleft\" title=\"Handbuch in Deutsch\" href=\"https:\/\/www.cadvilla.com\/download\/manuals\/de\/FuR.pdf\"><i class=\"fas fa-sign-in\"><\/i><span class=\"w-btn-label\">Handbuch in Deutsch<\/span><\/a><\/div><div class=\"w-btn-wrapper align_left\"><a class=\"w-btn us-btn-style_2 us_custom_2ac0b1fd icon_atleft\" title=\"Manual in English\" href=\"https:\/\/www.cadvilla.com\/download\/manuals\/en\/FuR.pdf\"><i class=\"fas fa-sign-in\"><\/i><span class=\"w-btn-label\">Manual in English<\/span><\/a><\/div><div class=\"w-separator size_small with_line width_50 thick_1 style_solid color_border align_center\"><div class=\"w-separator-h\"><\/div><\/div><\/div><\/div><div class=\"wpb_column vc_column_container\"><div class=\"vc_column-inner\"><div class=\"wpb_text_column\"><div class=\"wpb_wrapper\"><h5>Manual para m\u00f3dulo Importa\u00e7\u00e3o 2D-DXF \/ DWG<\/h5>\n<p>Clique no link ao lado para abrir o manual que trata sobre o m\u00f3dulo Importa\u00e7\u00e3o 2D-DXF \/ DWG.<\/p>\n<\/div><\/div><div class=\"w-btn-wrapper align_left\"><a class=\"w-btn us-btn-style_2 us_custom_2ac0b1fd icon_atleft\" title=\"Handbuch in Deutsch\" href=\"https:\/\/www.cadvilla.com\/download\/manuals\/de\/DXFImport.pdf\"><i class=\"fas fa-sign-in\"><\/i><span class=\"w-btn-label\">Handbuch in Deutsch<\/span><\/a><\/div><div class=\"w-btn-wrapper align_left\"><a class=\"w-btn us-btn-style_2 us_custom_2ac0b1fd icon_atleft\" title=\"Manual in English\" href=\"https:\/\/www.cadvilla.com\/download\/manuals\/en\/DXFImport.pdf\"><i class=\"fas fa-sign-in\"><\/i><span class=\"w-btn-label\">Manual in English<\/span><\/a><\/div><div class=\"w-separator size_small with_line width_50 thick_1 style_solid color_border align_center\"><div class=\"w-separator-h\"><\/div><\/div><\/div><\/div><\/div><\/div><\/div><\/div><\/div><\/section><section class=\"l-section wpb_row height_small\"><div class=\"l-section-h i-cf\"><div class=\"g-cols vc_row via_grid cols_1 laptops-cols_inherit tablets-cols_inherit mobiles-cols_1 valign_top type_default stacking_default\"><div class=\"wpb_column vc_column_container\"><div class=\"vc_column-inner\"><div class=\"g-cols wpb_row via_grid cols_2 laptops-cols_inherit tablets-cols_inherit mobiles-cols_1 valign_top type_default stacking_default\" style=\"--columns-gap:3rem;\"><div class=\"wpb_column vc_column_container\"><div class=\"vc_column-inner\"><div class=\"wpb_text_column\"><div class=\"wpb_wrapper\"><h5>Manual para m\u00f3dulo Constru\u00e7\u00e3o de Janelas<\/h5>\n<p>Clique no link ao lado para abrir o manual que trata sobre o m\u00f3dulo Constru\u00e7\u00e3o de Janelas.<\/p>\n<\/div><\/div><div class=\"w-btn-wrapper align_left\"><a class=\"w-btn us-btn-style_2 us_custom_2ac0b1fd icon_atleft\" title=\"Handbuch in Deutsch\" href=\"https:\/\/www.cadvilla.com\/download\/manuals\/de\/OpeningConstruction.pdf\"><i class=\"fas fa-sign-in\"><\/i><span class=\"w-btn-label\">Handbuch in Deutsch<\/span><\/a><\/div><div class=\"w-separator size_small with_line width_50 thick_1 style_solid color_border align_center\"><div class=\"w-separator-h\"><\/div><\/div><\/div><\/div><div class=\"wpb_column vc_column_container\"><div class=\"vc_column-inner\"><\/div><\/div><\/div><\/div><\/div><\/div><\/div><\/section>\n","protected":false},"excerpt":{"rendered":"Manuais para cadvilla e m\u00f3dulos adicionais Todos os manuais disponibilizados est\u00e3o em formato PDF. Caso voc\u00ea ainda n\u00e3o tenha, baixe agora o visualizador Adobe Acrobat Reader e leia seus documentos em PDF com toda comodidade. O Acrobat Reader \u00e9 gr\u00e1tis e pode ser baixado diretamente na p\u00e1gina principal da Adobe. Manuais com descri\u00e7\u00f5es detalhadas das...","protected":false},"author":1,"featured_media":0,"parent":0,"menu_order":0,"comment_status":"closed","ping_status":"closed","template":"","meta":{"footnotes":""},"class_list":["post-1522","page","type-page","status-publish","hentry"],"yoast_head":"<!-- This site is optimized with the Yoast SEO plugin v27.3 - https:\/\/yoast.com\/product\/yoast-seo-wordpress\/ -->\n<title>cadvilla - Manuais<\/title>\n<meta name=\"description\" content=\"Todos os manuais dispon\u00edveis para o poderoso e extenso software CAD da cadvilla para download\" \/>\n<meta name=\"robots\" content=\"index, follow, max-snippet:-1, max-image-preview:large, max-video-preview:-1\" \/>\n<link rel=\"canonical\" href=\"https:\/\/www.cadvilla.com\/pt-br\/s-manuais_para_cadvilla\/\" \/>\n<meta property=\"og:locale\" content=\"pt_BR\" \/>\n<meta property=\"og:type\" content=\"article\" \/>\n<meta property=\"og:title\" content=\"cadvilla - Manuais\" \/>\n<meta property=\"og:description\" content=\"Todos os manuais dispon\u00edveis para o poderoso e extenso software CAD da cadvilla para download\" \/>\n<meta property=\"og:url\" content=\"https:\/\/www.cadvilla.com\/pt-br\/s-manuais_para_cadvilla\/\" \/>\n<meta property=\"og:site_name\" content=\"cadvilla\" \/>\n<meta property=\"article:modified_time\" content=\"2023-08-30T14:01:52+00:00\" \/>\n<meta name=\"twitter:card\" content=\"summary_large_image\" \/>\n<meta name=\"twitter:label1\" content=\"Est. tempo de leitura\" \/>\n\t<meta name=\"twitter:data1\" content=\"5 minutos\" \/>\n<script type=\"application\/ld+json\" class=\"yoast-schema-graph\">{\"@context\":\"https:\\\/\\\/schema.org\",\"@graph\":[{\"@type\":\"WebPage\",\"@id\":\"https:\\\/\\\/www.cadvilla.com\\\/pt-br\\\/s-manuais_para_cadvilla\\\/\",\"url\":\"https:\\\/\\\/www.cadvilla.com\\\/pt-br\\\/s-manuais_para_cadvilla\\\/\",\"name\":\"cadvilla - Manuais\",\"isPartOf\":{\"@id\":\"https:\\\/\\\/www.cadvilla.com\\\/pt-br\\\/#website\"},\"datePublished\":\"2019-04-16T16:45:34+00:00\",\"dateModified\":\"2023-08-30T14:01:52+00:00\",\"description\":\"Todos os manuais dispon\u00edveis para o poderoso e extenso software CAD da cadvilla para download\",\"breadcrumb\":{\"@id\":\"https:\\\/\\\/www.cadvilla.com\\\/pt-br\\\/s-manuais_para_cadvilla\\\/#breadcrumb\"},\"inLanguage\":\"pt-BR\",\"potentialAction\":[{\"@type\":\"ReadAction\",\"target\":[\"https:\\\/\\\/www.cadvilla.com\\\/pt-br\\\/s-manuais_para_cadvilla\\\/\"]}]},{\"@type\":\"BreadcrumbList\",\"@id\":\"https:\\\/\\\/www.cadvilla.com\\\/pt-br\\\/s-manuais_para_cadvilla\\\/#breadcrumb\",\"itemListElement\":[{\"@type\":\"ListItem\",\"position\":1,\"name\":\"Startseite\",\"item\":\"https:\\\/\\\/www.cadvilla.com\\\/pt-br\\\/\"},{\"@type\":\"ListItem\",\"position\":2,\"name\":\"Manuais para cadvilla e m\u00f3dulos adicionais\"}]},{\"@type\":\"WebSite\",\"@id\":\"https:\\\/\\\/www.cadvilla.com\\\/pt-br\\\/#website\",\"url\":\"https:\\\/\\\/www.cadvilla.com\\\/pt-br\\\/\",\"name\":\"cadvilla\",\"description\":\"\",\"publisher\":{\"@id\":\"https:\\\/\\\/www.cadvilla.com\\\/pt-br\\\/#organization\"},\"potentialAction\":[{\"@type\":\"SearchAction\",\"target\":{\"@type\":\"EntryPoint\",\"urlTemplate\":\"https:\\\/\\\/www.cadvilla.com\\\/pt-br\\\/?s={search_term_string}\"},\"query-input\":{\"@type\":\"PropertyValueSpecification\",\"valueRequired\":true,\"valueName\":\"search_term_string\"}}],\"inLanguage\":\"pt-BR\"},{\"@type\":\"Organization\",\"@id\":\"https:\\\/\\\/www.cadvilla.com\\\/pt-br\\\/#organization\",\"name\":\"cadvilla\",\"url\":\"https:\\\/\\\/www.cadvilla.com\\\/pt-br\\\/\",\"logo\":{\"@type\":\"ImageObject\",\"inLanguage\":\"pt-BR\",\"@id\":\"https:\\\/\\\/www.cadvilla.com\\\/pt-br\\\/#\\\/schema\\\/logo\\\/image\\\/\",\"url\":\"https:\\\/\\\/www.cadvilla.com\\\/wp-content\\\/uploads\\\/logo_cadvilla.png\",\"contentUrl\":\"https:\\\/\\\/www.cadvilla.com\\\/wp-content\\\/uploads\\\/logo_cadvilla.png\",\"width\":157,\"height\":51,\"caption\":\"cadvilla\"},\"image\":{\"@id\":\"https:\\\/\\\/www.cadvilla.com\\\/pt-br\\\/#\\\/schema\\\/logo\\\/image\\\/\"}}]}<\/script>\n<!-- \/ Yoast SEO plugin. -->","yoast_head_json":{"title":"cadvilla - Manuais","description":"Todos os manuais dispon\u00edveis para o poderoso e extenso software CAD da cadvilla para download","robots":{"index":"index","follow":"follow","max-snippet":"max-snippet:-1","max-image-preview":"max-image-preview:large","max-video-preview":"max-video-preview:-1"},"canonical":"https:\/\/www.cadvilla.com\/pt-br\/s-manuais_para_cadvilla\/","og_locale":"pt_BR","og_type":"article","og_title":"cadvilla - Manuais","og_description":"Todos os manuais dispon\u00edveis para o poderoso e extenso software CAD da cadvilla para download","og_url":"https:\/\/www.cadvilla.com\/pt-br\/s-manuais_para_cadvilla\/","og_site_name":"cadvilla","article_modified_time":"2023-08-30T14:01:52+00:00","twitter_card":"summary_large_image","twitter_misc":{"Est. tempo de leitura":"5 minutos"},"schema":{"@context":"https:\/\/schema.org","@graph":[{"@type":"WebPage","@id":"https:\/\/www.cadvilla.com\/pt-br\/s-manuais_para_cadvilla\/","url":"https:\/\/www.cadvilla.com\/pt-br\/s-manuais_para_cadvilla\/","name":"cadvilla - Manuais","isPartOf":{"@id":"https:\/\/www.cadvilla.com\/pt-br\/#website"},"datePublished":"2019-04-16T16:45:34+00:00","dateModified":"2023-08-30T14:01:52+00:00","description":"Todos os manuais dispon\u00edveis para o poderoso e extenso software CAD da cadvilla para download","breadcrumb":{"@id":"https:\/\/www.cadvilla.com\/pt-br\/s-manuais_para_cadvilla\/#breadcrumb"},"inLanguage":"pt-BR","potentialAction":[{"@type":"ReadAction","target":["https:\/\/www.cadvilla.com\/pt-br\/s-manuais_para_cadvilla\/"]}]},{"@type":"BreadcrumbList","@id":"https:\/\/www.cadvilla.com\/pt-br\/s-manuais_para_cadvilla\/#breadcrumb","itemListElement":[{"@type":"ListItem","position":1,"name":"Startseite","item":"https:\/\/www.cadvilla.com\/pt-br\/"},{"@type":"ListItem","position":2,"name":"Manuais para cadvilla e m\u00f3dulos adicionais"}]},{"@type":"WebSite","@id":"https:\/\/www.cadvilla.com\/pt-br\/#website","url":"https:\/\/www.cadvilla.com\/pt-br\/","name":"cadvilla","description":"","publisher":{"@id":"https:\/\/www.cadvilla.com\/pt-br\/#organization"},"potentialAction":[{"@type":"SearchAction","target":{"@type":"EntryPoint","urlTemplate":"https:\/\/www.cadvilla.com\/pt-br\/?s={search_term_string}"},"query-input":{"@type":"PropertyValueSpecification","valueRequired":true,"valueName":"search_term_string"}}],"inLanguage":"pt-BR"},{"@type":"Organization","@id":"https:\/\/www.cadvilla.com\/pt-br\/#organization","name":"cadvilla","url":"https:\/\/www.cadvilla.com\/pt-br\/","logo":{"@type":"ImageObject","inLanguage":"pt-BR","@id":"https:\/\/www.cadvilla.com\/pt-br\/#\/schema\/logo\/image\/","url":"https:\/\/www.cadvilla.com\/wp-content\/uploads\/logo_cadvilla.png","contentUrl":"https:\/\/www.cadvilla.com\/wp-content\/uploads\/logo_cadvilla.png","width":157,"height":51,"caption":"cadvilla"},"image":{"@id":"https:\/\/www.cadvilla.com\/pt-br\/#\/schema\/logo\/image\/"}}]}},"_links":{"self":[{"href":"https:\/\/www.cadvilla.com\/pt-br\/wp-json\/wp\/v2\/pages\/1522","targetHints":{"allow":["GET"]}}],"collection":[{"href":"https:\/\/www.cadvilla.com\/pt-br\/wp-json\/wp\/v2\/pages"}],"about":[{"href":"https:\/\/www.cadvilla.com\/pt-br\/wp-json\/wp\/v2\/types\/page"}],"author":[{"embeddable":true,"href":"https:\/\/www.cadvilla.com\/pt-br\/wp-json\/wp\/v2\/users\/1"}],"replies":[{"embeddable":true,"href":"https:\/\/www.cadvilla.com\/pt-br\/wp-json\/wp\/v2\/comments?post=1522"}],"version-history":[{"count":0,"href":"https:\/\/www.cadvilla.com\/pt-br\/wp-json\/wp\/v2\/pages\/1522\/revisions"}],"wp:attachment":[{"href":"https:\/\/www.cadvilla.com\/pt-br\/wp-json\/wp\/v2\/media?parent=1522"}],"curies":[{"name":"wp","href":"https:\/\/api.w.org\/{rel}","templated":true}]}}