{"id":1982,"date":"2019-04-29T17:09:37","date_gmt":"2019-04-29T15:09:37","guid":{"rendered":"https:\/\/www.cadvilla.pl\/z-objekte\/"},"modified":"2023-10-22T15:49:13","modified_gmt":"2023-10-22T13:49:13","slug":"z-objetos","status":"publish","type":"page","link":"https:\/\/www.cadvilla.com\/pt-br\/z-objetos\/","title":{"rendered":"Objetos extras para cadvilla"},"content":{"rendered":"<section class=\"l-section wpb_row ca-headerbackground0 height_auto\"><div class=\"l-section-h i-cf\"><div class=\"g-cols vc_row via_grid cols_1 laptops-cols_inherit tablets-cols_inherit mobiles-cols_1 valign_bottom type_default stacking_default\"><div class=\"wpb_column vc_column_container\"><div class=\"vc_column-inner\"><\/div><\/div><\/div><\/div><\/section><section class=\"l-section wpb_row height_auto\"><div class=\"l-section-h i-cf\"><div class=\"g-cols vc_row via_grid cols_1 laptops-cols_inherit tablets-cols_inherit mobiles-cols_1 valign_top type_default stacking_default\"><div class=\"wpb_column vc_column_container\"><div class=\"vc_column-inner\"><\/div><\/div><\/div><\/div><\/section><section class=\"l-section wpb_row ca-headerbg height_small\" id=\"begin\"><div class=\"l-section-h i-cf\"><div class=\"g-cols vc_row via_grid cols_1 laptops-cols_inherit tablets-cols_inherit mobiles-cols_1 valign_top type_default stacking_default\"><div class=\"wpb_column vc_column_container\"><div class=\"vc_column-inner\"><div class=\"wpb_text_column ca-heading1\"><div class=\"wpb_wrapper\"><h1>Objetos e cole\u00e7\u00f5es adicionais para cadvilla<\/h1>\n<\/div><\/div><\/div><\/div><\/div><\/div><\/section><section class=\"l-section wpb_row height_medium\"><div class=\"l-section-h i-cf\"><div class=\"g-cols vc_row via_grid cols_3-1 laptops-cols_inherit tablets-cols_inherit mobiles-cols_1 valign_top type_default stacking_default\"><div class=\"wpb_column vc_column_container\"><div class=\"vc_column-inner\"><div class=\"wpb_text_column\"><div class=\"wpb_wrapper\"><p>Aqui voc\u00ea encontra cole\u00e7\u00f5es de objetos de diversas \u00e1reas. Estas cole\u00e7\u00f5es de objetos s\u00e3o cole\u00e7\u00f5es que complementam os objetos e texturas j\u00e1 contidos no cadvilla.<\/p>\n<h2>Cole\u00e7\u00e3o de objetos extras para cadvilla<\/h2>\n<p>Atualmente est\u00e3o dispon\u00edveis as seguintes cole\u00e7\u00f5es de objetos:<br \/>\n<a href=\"https:\/\/www.cadvilla.com\/pt-br\/z-objetos_3dplus1\/\"><img data-dominant-color=\"b7b6c7\" data-has-transparency=\"true\" style=\"--dominant-color: #b7b6c7;\" loading=\"lazy\" decoding=\"async\" class=\"ca-object-library_pics alignnone wp-image-1912 size-full has-transparency\" src=\"https:\/\/www.cadvilla.com\/wp-content\/uploads\/o_3dppp.png\" alt=\"3D+++ Collection 1\" width=\"100\" height=\"117\" \/><\/a><a href=\"https:\/\/www.cadvilla.com\/pt-br\/z-objetos_3dplus2\/\"><img data-dominant-color=\"d5c6b8\" data-has-transparency=\"false\" style=\"--dominant-color: #d5c6b8;\" loading=\"lazy\" decoding=\"async\" class=\"ca-object-library_pics alignnone wp-image-1917 size-full not-transparent\" src=\"https:\/\/www.cadvilla.com\/wp-content\/uploads\/o_3dppp2.png\" alt=\"3D+++ Collection 2\" width=\"100\" height=\"117\" \/><\/a><a href=\"https:\/\/www.cadvilla.com\/pt-br\/z-objetos_cozinhas_1_3d\/\"><img data-dominant-color=\"e0dfdf\" data-has-transparency=\"false\" style=\"--dominant-color: #e0dfdf;\" loading=\"lazy\" decoding=\"async\" class=\"ca-object-library_pics alignnone wp-image-1902 size-full not-transparent\" src=\"https:\/\/www.cadvilla.com\/wp-content\/uploads\/o_3d-kueche1.png\" alt=\"3D Cole\u00e7\u00e3o de cozinhas 1\" width=\"100\" height=\"117\" \/><\/a><a href=\"https:\/\/www.cadvilla.com\/pt-br\/z-objetos_cozinhas_2_3d\/\"><img data-dominant-color=\"e5ddd2\" data-has-transparency=\"false\" style=\"--dominant-color: #e5ddd2;\" loading=\"lazy\" decoding=\"async\" class=\"ca-object-library_pics alignnone wp-image-1907 size-full not-transparent\" src=\"https:\/\/www.cadvilla.com\/wp-content\/uploads\/o_3d-kueche2.png\" alt=\"3D Cole\u00e7\u00e3o de cozinhas 2\" width=\"100\" height=\"117\" \/><\/a><a href=\"https:\/\/www.cadvilla.com\/pt-br\/z-objetos_banheiros_3d\/\"><img data-dominant-color=\"d6d5cd\" data-has-transparency=\"true\" style=\"--dominant-color: #d6d5cd;\" loading=\"lazy\" decoding=\"async\" class=\"ca-object-library_pics alignnone wp-image-1882 size-full has-transparency\" src=\"https:\/\/www.cadvilla.com\/wp-content\/uploads\/o_3d-bad.png\" alt=\"3D Cole\u00e7\u00e3o de banheiros 1\" width=\"100\" height=\"117\" \/><\/a> <a href=\"https:\/\/www.cadvilla.com\/pt-br\/z-objetos_3d_foto_pessoas\/\"><img data-dominant-color=\"c3bec2\" data-has-transparency=\"true\" style=\"--dominant-color: #c3bec2;\" loading=\"lazy\" decoding=\"async\" class=\"ca-object-library_pics alignnone wp-image-1892 size-full has-transparency\" src=\"https:\/\/www.cadvilla.com\/wp-content\/uploads\/o_3d-foto-menschen.png\" alt=\"3D Foto - Pessoas\" width=\"100\" height=\"117\" \/><\/a><a href=\"https:\/\/www.cadvilla.com\/pt-br\/z-objetos_3d_foto_plantas\/\"><img data-dominant-color=\"d4d5ca\" data-has-transparency=\"true\" style=\"--dominant-color: #d4d5ca;\" loading=\"lazy\" decoding=\"async\" class=\"ca-object-library_pics alignnone wp-image-1897 size-full has-transparency\" src=\"https:\/\/www.cadvilla.com\/wp-content\/uploads\/o_3d-foto-pflanzen.png\" alt=\"3D Foto - Plantas\" width=\"100\" height=\"117\" \/><\/a><a href=\"https:\/\/www.cadvilla.com\/pt-br\/z-objetos_foto_3d_arvores\/\"><img data-dominant-color=\"a9aea9\" data-has-transparency=\"true\" style=\"--dominant-color: #a9aea9;\" loading=\"lazy\" decoding=\"async\" class=\"ca-object-library_pics alignnone wp-image-1887 size-full has-transparency\" src=\"https:\/\/www.cadvilla.com\/wp-content\/uploads\/o_3d-foto-baeume.png\" alt=\"3D Foto - \u00c1rvores\" width=\"100\" height=\"117\" \/><\/a> <a href=\"https:\/\/www.cadvilla.com\/pt-br\/z-objetos_automoveis_3d_1\/\"><img data-dominant-color=\"cbcbcb\" data-has-transparency=\"true\" style=\"--dominant-color: #cbcbcb;\" loading=\"lazy\" decoding=\"async\" class=\"ca-object-library_pics alignnone wp-image-1877 size-full has-transparency\" src=\"https:\/\/www.cadvilla.com\/wp-content\/uploads\/o_3d-auto.png\" alt=\"Cole\u00e7\u00e3o 3D de autom\u00f3veis 1\" width=\"100\" height=\"117\" \/><\/a><a href=\"https:\/\/www.cadvilla.com\/pt-br\/z-objetos_goin\/\"><img data-dominant-color=\"dedcdb\" data-has-transparency=\"false\" style=\"--dominant-color: #dedcdb;\" loading=\"lazy\" decoding=\"async\" class=\"ca-object-library_pics alignnone wp-image-1922 size-full not-transparent\" src=\"https:\/\/www.cadvilla.com\/wp-content\/uploads\/o_3d-stuehle.png\" alt=\"3D Cadeiras Gastro Outdoor\" width=\"100\" height=\"117\" \/><\/a><\/p>\n<\/div><\/div><\/div><\/div><div class=\"wpb_column vc_column_container\"><div class=\"vc_column-inner\"><div class=\"wpb_text_column\"><div class=\"wpb_wrapper\"><h5><span class=\"ca-headertext-seitenleiste\">Modelos e bibliotecas 3D<\/span><\/h5>\n<\/div><\/div><div class=\"wpb_widgetised_column wpb_content_element\"><div class=\"wpb_wrapper\"><div id=\"nav_menu-5\" class=\"widget widget_nav_menu\"><div class=\"menu-3d-bibliotecas-pt-container\"><ul id=\"menu-3d-bibliotecas-pt\" class=\"menu\"><li id=\"menu-item-2092\" class=\"menu-item menu-item-type-post_type menu-item-object-page menu-item-2092\"><a href=\"https:\/\/www.cadvilla.com\/pt-br\/z-objetos_automoveis_3d_1\/\"><i class=\"fas fa-plus\"><\/i> 3D Cole\u00e7\u00e3o de autom\u00f3veis 1<\/a><\/li>\n<li id=\"menu-item-2453\" class=\"menu-item menu-item-type-post_type menu-item-object-page menu-item-2453\"><a href=\"https:\/\/www.cadvilla.com\/pt-br\/z-objetos_cozinhas_1_3d\/\"><i class=\"fas fa-plus\"><\/i> 3D Cole\u00e7\u00e3o de cozinhas 1<\/a><\/li>\n<li id=\"menu-item-2452\" class=\"menu-item menu-item-type-post_type menu-item-object-page menu-item-2452\"><a href=\"https:\/\/www.cadvilla.com\/pt-br\/z-objetos_cozinhas_2_3d\/\"><i class=\"fas fa-plus\"><\/i> 3D Cole\u00e7\u00e3o de cozinhas 2<\/a><\/li>\n<li id=\"menu-item-2455\" class=\"menu-item menu-item-type-post_type menu-item-object-page menu-item-2455\"><a href=\"https:\/\/www.cadvilla.com\/pt-br\/z-objetos_banheiros_3d\/\"><i class=\"fas fa-plus\"><\/i> 3D Cole\u00e7\u00e3o de banheiros 1<\/a><\/li>\n<li id=\"menu-item-2255\" class=\"menu-item menu-item-type-post_type menu-item-object-page menu-item-2255\"><a href=\"https:\/\/www.cadvilla.com\/pt-br\/z-objetos_3dplus1\/\"><i class=\"fas fa-plus\"><\/i> 3D +++ Collection 1<\/a><\/li>\n<li id=\"menu-item-2459\" class=\"menu-item menu-item-type-post_type menu-item-object-page menu-item-2459\"><a href=\"https:\/\/www.cadvilla.com\/pt-br\/z-objetos_3dplus2\/\"><i class=\"fas fa-plus\"><\/i> 3D +++ Collection 2<\/a><\/li>\n<li id=\"menu-item-2458\" class=\"menu-item menu-item-type-post_type menu-item-object-page menu-item-2458\"><a href=\"https:\/\/www.cadvilla.com\/pt-br\/z-objetos_3d_foto_pessoas\/\"><i class=\"fas fa-plus\"><\/i> 3D Foto \u2013 Pessoas<\/a><\/li>\n<li id=\"menu-item-2457\" class=\"menu-item menu-item-type-post_type menu-item-object-page menu-item-2457\"><a href=\"https:\/\/www.cadvilla.com\/pt-br\/z-objetos_3d_foto_plantas\/\"><i class=\"fas fa-plus\"><\/i> 3D Foto \u2013 Plantas<\/a><\/li>\n<li id=\"menu-item-2456\" class=\"menu-item menu-item-type-post_type menu-item-object-page menu-item-2456\"><a href=\"https:\/\/www.cadvilla.com\/pt-br\/z-objetos_foto_3d_arvores\/\"><i class=\"fas fa-plus\"><\/i> 3D Foto \u2013 \u00c1rvores<\/a><\/li>\n<li id=\"menu-item-2454\" class=\"menu-item menu-item-type-post_type menu-item-object-page menu-item-2454\"><a href=\"https:\/\/www.cadvilla.com\/pt-br\/z-objetos_goin\/\"><i class=\"fas fa-plus\"><\/i> 3D Cadeiras Gastro Outdoor<\/a><\/li>\n<\/ul><\/div><\/div><\/div><\/div><\/div><\/div><\/div><\/div><\/section>\n","protected":false},"excerpt":{"rendered":"Objetos e cole\u00e7\u00f5es adicionais para cadvilla Aqui voc\u00ea encontra cole\u00e7\u00f5es de objetos de diversas \u00e1reas. Estas cole\u00e7\u00f5es de objetos s\u00e3o cole\u00e7\u00f5es que complementam os objetos e texturas j\u00e1 contidos no cadvilla. Cole\u00e7\u00e3o de objetos extras para cadvilla Atualmente est\u00e3o dispon\u00edveis as seguintes cole\u00e7\u00f5es de objetos: Modelos e bibliotecas 3D 3D Cole\u00e7\u00e3o de autom\u00f3veis 1 3D...","protected":false},"author":1,"featured_media":0,"parent":0,"menu_order":0,"comment_status":"closed","ping_status":"closed","template":"","meta":{"footnotes":""},"class_list":["post-1982","page","type-page","status-publish","hentry"],"yoast_head":"<!-- This site is optimized with the Yoast SEO plugin v27.4 - https:\/\/yoast.com\/product\/yoast-seo-wordpress\/ -->\n<title>Objetos cadvilla (PT)<\/title>\n<meta name=\"robots\" content=\"index, follow, max-snippet:-1, max-image-preview:large, max-video-preview:-1\" \/>\n<link rel=\"canonical\" href=\"https:\/\/www.cadvilla.com\/pt-br\/z-objetos\/\" \/>\n<meta property=\"og:locale\" content=\"pt_BR\" \/>\n<meta property=\"og:type\" content=\"article\" \/>\n<meta property=\"og:title\" content=\"Objetos cadvilla (PT)\" \/>\n<meta property=\"og:url\" content=\"https:\/\/www.cadvilla.com\/pt-br\/z-objetos\/\" \/>\n<meta property=\"og:site_name\" content=\"cadvilla\" \/>\n<meta property=\"article:modified_time\" content=\"2023-10-22T13:49:13+00:00\" \/>\n<meta property=\"og:image\" content=\"https:\/\/www.cadvilla.com\/wp-content\/uploads\/o_3dppp.png\" \/>\n<meta name=\"twitter:card\" content=\"summary_large_image\" \/>\n<meta name=\"twitter:label1\" content=\"Est. tempo de leitura\" \/>\n\t<meta name=\"twitter:data1\" content=\"3 minutos\" \/>\n<script type=\"application\/ld+json\" class=\"yoast-schema-graph\">{\"@context\":\"https:\\\/\\\/schema.org\",\"@graph\":[{\"@type\":\"WebPage\",\"@id\":\"https:\\\/\\\/www.cadvilla.com\\\/pt-br\\\/z-objetos\\\/\",\"url\":\"https:\\\/\\\/www.cadvilla.com\\\/pt-br\\\/z-objetos\\\/\",\"name\":\"Objetos cadvilla (PT)\",\"isPartOf\":{\"@id\":\"https:\\\/\\\/www.cadvilla.com\\\/pt-br\\\/#website\"},\"primaryImageOfPage\":{\"@id\":\"https:\\\/\\\/www.cadvilla.com\\\/pt-br\\\/z-objetos\\\/#primaryimage\"},\"image\":{\"@id\":\"https:\\\/\\\/www.cadvilla.com\\\/pt-br\\\/z-objetos\\\/#primaryimage\"},\"thumbnailUrl\":\"https:\\\/\\\/www.cadvilla.com\\\/wp-content\\\/uploads\\\/o_3dppp.png\",\"datePublished\":\"2019-04-29T15:09:37+00:00\",\"dateModified\":\"2023-10-22T13:49:13+00:00\",\"breadcrumb\":{\"@id\":\"https:\\\/\\\/www.cadvilla.com\\\/pt-br\\\/z-objetos\\\/#breadcrumb\"},\"inLanguage\":\"pt-BR\",\"potentialAction\":[{\"@type\":\"ReadAction\",\"target\":[\"https:\\\/\\\/www.cadvilla.com\\\/pt-br\\\/z-objetos\\\/\"]}]},{\"@type\":\"ImageObject\",\"inLanguage\":\"pt-BR\",\"@id\":\"https:\\\/\\\/www.cadvilla.com\\\/pt-br\\\/z-objetos\\\/#primaryimage\",\"url\":\"https:\\\/\\\/www.cadvilla.com\\\/wp-content\\\/uploads\\\/o_3dppp.png\",\"contentUrl\":\"https:\\\/\\\/www.cadvilla.com\\\/wp-content\\\/uploads\\\/o_3dppp.png\"},{\"@type\":\"BreadcrumbList\",\"@id\":\"https:\\\/\\\/www.cadvilla.com\\\/pt-br\\\/z-objetos\\\/#breadcrumb\",\"itemListElement\":[{\"@type\":\"ListItem\",\"position\":1,\"name\":\"Startseite\",\"item\":\"https:\\\/\\\/www.cadvilla.com\\\/pt-br\\\/\"},{\"@type\":\"ListItem\",\"position\":2,\"name\":\"Objetos extras para cadvilla\"}]},{\"@type\":\"WebSite\",\"@id\":\"https:\\\/\\\/www.cadvilla.com\\\/pt-br\\\/#website\",\"url\":\"https:\\\/\\\/www.cadvilla.com\\\/pt-br\\\/\",\"name\":\"cadvilla\",\"description\":\"\",\"publisher\":{\"@id\":\"https:\\\/\\\/www.cadvilla.com\\\/pt-br\\\/#organization\"},\"potentialAction\":[{\"@type\":\"SearchAction\",\"target\":{\"@type\":\"EntryPoint\",\"urlTemplate\":\"https:\\\/\\\/www.cadvilla.com\\\/pt-br\\\/?s={search_term_string}\"},\"query-input\":{\"@type\":\"PropertyValueSpecification\",\"valueRequired\":true,\"valueName\":\"search_term_string\"}}],\"inLanguage\":\"pt-BR\"},{\"@type\":\"Organization\",\"@id\":\"https:\\\/\\\/www.cadvilla.com\\\/pt-br\\\/#organization\",\"name\":\"cadvilla\",\"url\":\"https:\\\/\\\/www.cadvilla.com\\\/pt-br\\\/\",\"logo\":{\"@type\":\"ImageObject\",\"inLanguage\":\"pt-BR\",\"@id\":\"https:\\\/\\\/www.cadvilla.com\\\/pt-br\\\/#\\\/schema\\\/logo\\\/image\\\/\",\"url\":\"https:\\\/\\\/www.cadvilla.com\\\/wp-content\\\/uploads\\\/logo_cadvilla.png\",\"contentUrl\":\"https:\\\/\\\/www.cadvilla.com\\\/wp-content\\\/uploads\\\/logo_cadvilla.png\",\"width\":157,\"height\":51,\"caption\":\"cadvilla\"},\"image\":{\"@id\":\"https:\\\/\\\/www.cadvilla.com\\\/pt-br\\\/#\\\/schema\\\/logo\\\/image\\\/\"}}]}<\/script>\n<!-- \/ Yoast SEO plugin. -->","yoast_head_json":{"title":"Objetos cadvilla (PT)","robots":{"index":"index","follow":"follow","max-snippet":"max-snippet:-1","max-image-preview":"max-image-preview:large","max-video-preview":"max-video-preview:-1"},"canonical":"https:\/\/www.cadvilla.com\/pt-br\/z-objetos\/","og_locale":"pt_BR","og_type":"article","og_title":"Objetos cadvilla (PT)","og_url":"https:\/\/www.cadvilla.com\/pt-br\/z-objetos\/","og_site_name":"cadvilla","article_modified_time":"2023-10-22T13:49:13+00:00","og_image":[{"url":"https:\/\/www.cadvilla.com\/wp-content\/uploads\/o_3dppp.png","type":"","width":"","height":""}],"twitter_card":"summary_large_image","twitter_misc":{"Est. tempo de leitura":"3 minutos"},"schema":{"@context":"https:\/\/schema.org","@graph":[{"@type":"WebPage","@id":"https:\/\/www.cadvilla.com\/pt-br\/z-objetos\/","url":"https:\/\/www.cadvilla.com\/pt-br\/z-objetos\/","name":"Objetos cadvilla (PT)","isPartOf":{"@id":"https:\/\/www.cadvilla.com\/pt-br\/#website"},"primaryImageOfPage":{"@id":"https:\/\/www.cadvilla.com\/pt-br\/z-objetos\/#primaryimage"},"image":{"@id":"https:\/\/www.cadvilla.com\/pt-br\/z-objetos\/#primaryimage"},"thumbnailUrl":"https:\/\/www.cadvilla.com\/wp-content\/uploads\/o_3dppp.png","datePublished":"2019-04-29T15:09:37+00:00","dateModified":"2023-10-22T13:49:13+00:00","breadcrumb":{"@id":"https:\/\/www.cadvilla.com\/pt-br\/z-objetos\/#breadcrumb"},"inLanguage":"pt-BR","potentialAction":[{"@type":"ReadAction","target":["https:\/\/www.cadvilla.com\/pt-br\/z-objetos\/"]}]},{"@type":"ImageObject","inLanguage":"pt-BR","@id":"https:\/\/www.cadvilla.com\/pt-br\/z-objetos\/#primaryimage","url":"https:\/\/www.cadvilla.com\/wp-content\/uploads\/o_3dppp.png","contentUrl":"https:\/\/www.cadvilla.com\/wp-content\/uploads\/o_3dppp.png"},{"@type":"BreadcrumbList","@id":"https:\/\/www.cadvilla.com\/pt-br\/z-objetos\/#breadcrumb","itemListElement":[{"@type":"ListItem","position":1,"name":"Startseite","item":"https:\/\/www.cadvilla.com\/pt-br\/"},{"@type":"ListItem","position":2,"name":"Objetos extras para cadvilla"}]},{"@type":"WebSite","@id":"https:\/\/www.cadvilla.com\/pt-br\/#website","url":"https:\/\/www.cadvilla.com\/pt-br\/","name":"cadvilla","description":"","publisher":{"@id":"https:\/\/www.cadvilla.com\/pt-br\/#organization"},"potentialAction":[{"@type":"SearchAction","target":{"@type":"EntryPoint","urlTemplate":"https:\/\/www.cadvilla.com\/pt-br\/?s={search_term_string}"},"query-input":{"@type":"PropertyValueSpecification","valueRequired":true,"valueName":"search_term_string"}}],"inLanguage":"pt-BR"},{"@type":"Organization","@id":"https:\/\/www.cadvilla.com\/pt-br\/#organization","name":"cadvilla","url":"https:\/\/www.cadvilla.com\/pt-br\/","logo":{"@type":"ImageObject","inLanguage":"pt-BR","@id":"https:\/\/www.cadvilla.com\/pt-br\/#\/schema\/logo\/image\/","url":"https:\/\/www.cadvilla.com\/wp-content\/uploads\/logo_cadvilla.png","contentUrl":"https:\/\/www.cadvilla.com\/wp-content\/uploads\/logo_cadvilla.png","width":157,"height":51,"caption":"cadvilla"},"image":{"@id":"https:\/\/www.cadvilla.com\/pt-br\/#\/schema\/logo\/image\/"}}]}},"_links":{"self":[{"href":"https:\/\/www.cadvilla.com\/pt-br\/wp-json\/wp\/v2\/pages\/1982","targetHints":{"allow":["GET"]}}],"collection":[{"href":"https:\/\/www.cadvilla.com\/pt-br\/wp-json\/wp\/v2\/pages"}],"about":[{"href":"https:\/\/www.cadvilla.com\/pt-br\/wp-json\/wp\/v2\/types\/page"}],"author":[{"embeddable":true,"href":"https:\/\/www.cadvilla.com\/pt-br\/wp-json\/wp\/v2\/users\/1"}],"replies":[{"embeddable":true,"href":"https:\/\/www.cadvilla.com\/pt-br\/wp-json\/wp\/v2\/comments?post=1982"}],"version-history":[{"count":0,"href":"https:\/\/www.cadvilla.com\/pt-br\/wp-json\/wp\/v2\/pages\/1982\/revisions"}],"wp:attachment":[{"href":"https:\/\/www.cadvilla.com\/pt-br\/wp-json\/wp\/v2\/media?parent=1982"}],"curies":[{"name":"wp","href":"https:\/\/api.w.org\/{rel}","templated":true}]}}