{"id":2423,"date":"2019-05-02T17:46:00","date_gmt":"2019-05-02T15:46:00","guid":{"rendered":"https:\/\/www.cadvilla.pl\/z-objekte_kueche2\/"},"modified":"2023-10-22T15:51:45","modified_gmt":"2023-10-22T13:51:45","slug":"z-objetos_cozinhas_2_3d","status":"publish","type":"page","link":"https:\/\/www.cadvilla.com\/pt-br\/z-objetos_cozinhas_2_3d\/","title":{"rendered":"Objetos extras para cadvilla &#8211; cozinhas 2"},"content":{"rendered":"<section class=\"l-section wpb_row ca-headerbackground0 height_auto\"><div class=\"l-section-h i-cf\"><div class=\"g-cols vc_row via_grid cols_1 laptops-cols_inherit tablets-cols_inherit mobiles-cols_1 valign_bottom type_default stacking_default\"><div class=\"wpb_column vc_column_container\"><div class=\"vc_column-inner\"><\/div><\/div><\/div><\/div><\/section><section class=\"l-section wpb_row height_auto\"><div class=\"l-section-h i-cf\"><div class=\"g-cols vc_row via_grid cols_1 laptops-cols_inherit tablets-cols_inherit mobiles-cols_1 valign_top type_default stacking_default\"><div class=\"wpb_column vc_column_container\"><div class=\"vc_column-inner\"><\/div><\/div><\/div><\/div><\/section><section class=\"l-section wpb_row ca-headerbg height_small\" id=\"begin\"><div class=\"l-section-h i-cf\"><div class=\"g-cols vc_row via_grid cols_1 laptops-cols_inherit tablets-cols_inherit mobiles-cols_1 valign_top type_default stacking_default\"><div class=\"wpb_column vc_column_container\"><div class=\"vc_column-inner\"><div class=\"wpb_text_column ca-heading1\"><div class=\"wpb_wrapper\"><h1>Objetos extras para cadvilla &#8211; cozinhas 2<\/h1>\n<\/div><\/div><\/div><\/div><\/div><\/div><\/section><section class=\"l-section wpb_row height_medium\"><div class=\"l-section-h i-cf\"><div class=\"g-cols vc_row via_grid cols_3-1 laptops-cols_inherit tablets-cols_inherit mobiles-cols_1 valign_top type_default stacking_default\"><div class=\"wpb_column vc_column_container\"><div class=\"vc_column-inner\"><div class=\"g-cols wpb_row via_grid cols_1-2 laptops-cols_inherit tablets-cols_inherit mobiles-cols_1 valign_top type_default stacking_default\" style=\"--columns-gap:3rem;\"><div class=\"wpb_column vc_column_container\"><div class=\"vc_column-inner\"><div class=\"w-image align_center\"><div class=\"w-image-h\"><img decoding=\"async\" width=\"200\" height=\"200\" src=\"https:\/\/www.cadvilla.com\/wp-content\/uploads\/zusatzmodul_pt-1.png\" class=\"attachment-full size-full\" alt=\"m\u00f3dulo adicional para cadvilla\" loading=\"lazy\" \/><\/div><\/div><div class=\"wpb_text_column ca-product-small_info\"><div class=\"wpb_wrapper\"><p>Dispon\u00edvel para download (~ 360 MB)<br \/>\nBACKUP-DVD \u2013 Opcional ao encomendar<\/p>\n<\/div><\/div><div class=\"wpb_text_column\"><div class=\"wpb_wrapper\"><p><img loading=\"lazy\" decoding=\"async\" class=\"ca-object-library_sample-pics aligncenter\" title=\"Seria Rosso\" src=\"https:\/\/www.cadvilla.com\/beispiele\/small\/kueche2\/Kitchen_2_red.jpg\" alt=\"Seria Rosso\" width=\"100\" height=\"56\" \/><\/p>\n<\/div><\/div><\/div><\/div><div class=\"wpb_column vc_column_container\"><div class=\"vc_column-inner\"><div class=\"wpb_text_column\"><div class=\"wpb_wrapper\"><h2><strong>3D Cole\u00e7\u00e3o de cozinhas 2<\/strong><\/h2>\n<h4><strong><span style=\"color: #ff9900;\">39,95 \u20ac *<br \/>\n<\/span><\/strong><\/h4>\n<p><span style=\"color: #999999;\">(O pre\u00e7o de tabela recomendado \u00e9 de 39,95 \u20ac)<br \/>\n<\/span><\/p>\n<p>\u2013 Todos os pre\u00e7os incluem IVA Colec\u00e7\u00e3o<br \/>\n\u2013 Objetos extras para cadvilla<\/p>\n<\/div><\/div><div class=\"wpb_text_column us_custom_36724591 ca-advtext1_pt\"><div class=\"wpb_wrapper\"><p style=\"margin-top: 0px; margin-bottom: 0px;\"><img loading=\"lazy\" decoding=\"async\" src=\"https:\/\/www.cadvilla.com\/wp-content\/uploads\/leerzeichen.png\" alt=\"\" width=\"1\" height=\"1\" \/><\/p>\n<\/div><\/div><div class=\"wpb_text_column us_custom_36724591 ca-advtext2_pt\"><div class=\"wpb_wrapper\"><p><span style=\"color: #ff9900;\"><strong>* <\/strong><\/span><\/p>\n<\/div><\/div><div class=\"w-btn-wrapper align_left\"><a class=\"w-btn us-btn-style_2 us_custom_2d9ebfef icon_atleft\" rel=\"nofollow\" href=\"https:\/\/www.cleverbridge.com\/1106\/?scope=checkout&amp;cart=215850&amp;languages=pb&amp;cookie=true&amp;cfg=design_2018&amp;recommendation=addbackup\"><i class=\"fas fa-download\"><\/i><span class=\"w-btn-label\">Comprar Plugin<\/span><\/a><\/div><div class=\"w-separator size_medium\"><\/div><\/div><\/div><\/div><div class=\"g-cols wpb_row via_grid cols_1 laptops-cols_inherit tablets-cols_inherit mobiles-cols_1 valign_top type_default stacking_default\" style=\"--columns-gap:3rem;\"><div class=\"wpb_column vc_column_container\"><div class=\"vc_column-inner\"><div class=\"wpb_text_column\"><div class=\"wpb_wrapper\"><p>A Cole\u00e7\u00e3o 3D de cozinhas 2 cont\u00e9m aproximadamente 9000 objetos e texturas extras para decora\u00e7\u00e3o e mobiliamento de cozinhas<\/p>\n<p>Mais detalhadamente, trata-se de 7 s\u00e9ries de cozinha com as seguintes denomina\u00e7\u00f5es<\/p>\n<ul>\n<li>Arte &#8211; aprox. 1200 objetos<\/li>\n<li>Lugano &#8211; aprox. 1200 objetos<\/li>\n<li>Neutral &#8211; aprox.700 objetos<\/li>\n<li>Romantica &#8211; aprox. 1200 objetos<\/li>\n<li>Torino &#8211; aprox. 1200 objetos<\/li>\n<li>Vito &#8211; aprox. 1200 objetos<\/li>\n<li>Xeno &#8211; aprox. 1200 objetos<\/li>\n<\/ul>\n<p>Eletrodom\u00e9sticos e equipamentos embutidos:<\/p>\n<ul>\n<li>Forno &#8211; aprox. 90 objetos<\/li>\n<li>Forno a vapor &#8211; 2 objetos<\/li>\n<li>Coifa de exaust\u00e3o &#8211; aprox. 220 objetos<\/li>\n<li>Lava-lou\u00e7as &#8211; aprox. 70 objetos<\/li>\n<li>Fog\u00e3o &#8211; aprox. 90 objetos<\/li>\n<li>Cafeteira autom\u00e1tica &#8211; 2 objetos<\/li>\n<li>Fog\u00e3o cooktop &#8211; aprox. 180 objetos<\/li>\n<li>Geladeira com freezer &#8211; aprox. 50 objetos<\/li>\n<li>Geladeira &#8211; 18 objetos<\/li>\n<li>Forno micro-ondas &#8211; 45 objetos<\/li>\n<\/ul>\n<ul>\n<li>aprox. 100 cubas<\/li>\n<li>1 m\u00e1quina de lavar<\/li>\n<li>27 torneiras<\/li>\n<\/ul>\n<p>Voc\u00ea quer saber como <a href=\"https:\/\/www.cadvilla.com\/pt-br\/planejador_de_cozinhas\/\">planejar sua cozinha com os objetos da Cole\u00e7\u00e3o de cozinhas 2<\/a>.<\/p>\n<\/div><\/div><div class=\"wpb_text_column us_custom_33c3a0a5\"><div class=\"wpb_wrapper\"><h2>Imagens de exemplo da Cole\u00e7\u00e3o 3D de cozinhas 2<\/h2>\n<p>A seguir voc\u00ea encontra alguns exemplos gerados com o software de arquitetura cadvilla e a Cole\u00e7\u00e3o 3D de cozinhas 2.<\/p>\n<p>Clique uma das imagens abaixo para ampliar e ver a qualidade. Para fechar a janela aberta, basta clicar em X.<\/p>\n<\/div><\/div><\/div><\/div><\/div><div class=\"wpb_text_column us_custom_7aec8515\"><div class=\"wpb_wrapper\"><p><a ref=\"magnificPopup\" href=\"https:\/\/www.cadvilla.com\/beispiele\/big\/kueche2\/Romantica_2_de.jpg\"><img loading=\"lazy\" decoding=\"async\" class=\"ca-object-library_sample-pics alignnone\" title=\"Romantica 2\" src=\"https:\/\/www.cadvilla.com\/beispiele\/small\/kueche2\/Romantica_2_de.jpg\" alt=\"Romantica 2\" width=\"100\" height=\"56\" \/><\/a><a ref=\"magnificPopup\" href=\"https:\/\/www.cadvilla.com\/beispiele\/big\/kueche2\/Romantica_1.jpg\"><img loading=\"lazy\" decoding=\"async\" class=\"ca-object-library_sample-pics alignnone\" title=\"Romantica 1\" src=\"https:\/\/www.cadvilla.com\/beispiele\/small\/kueche2\/Romantica_1.jpg\" alt=\"Romantica 1\" width=\"100\" height=\"56\" \/><\/a><a ref=\"magnificPopup\" href=\"https:\/\/www.cadvilla.com\/beispiele\/big\/kueche2\/Kitchen_2_beige.jpg\"><img loading=\"lazy\" decoding=\"async\" class=\"ca-object-library_sample-pics alignnone\" title=\"Seria 1\" src=\"https:\/\/www.cadvilla.com\/beispiele\/small\/kueche2\/Kitchen_2_beige.jpg\" alt=\"Seria 1\" width=\"100\" height=\"56\" \/><\/a><a ref=\"magnificPopup\" href=\"https:\/\/www.cadvilla.com\/beispiele\/big\/kueche2\/Kitchen_2_red.jpg\"><img loading=\"lazy\" decoding=\"async\" class=\"ca-object-library_sample-pics alignnone\" title=\"Seria Rosso\" src=\"https:\/\/www.cadvilla.com\/beispiele\/small\/kueche2\/Kitchen_2_red.jpg\" alt=\"Seria Rosso\" width=\"100\" height=\"56\" \/><\/a><\/p>\n<\/div><\/div><\/div><\/div><div class=\"wpb_column vc_column_container\"><div class=\"vc_column-inner\"><div class=\"wpb_text_column\"><div class=\"wpb_wrapper\"><h5><span class=\"ca-headertext-seitenleiste\">Objetos 3D e bibliotecas<\/span><\/h5>\n<\/div><\/div><div class=\"wpb_widgetised_column wpb_content_element\"><div class=\"wpb_wrapper\"><div id=\"nav_menu-5\" class=\"widget widget_nav_menu\"><div class=\"menu-3d-bibliotecas-pt-container\"><ul id=\"menu-3d-bibliotecas-pt\" class=\"menu\"><li id=\"menu-item-2092\" class=\"menu-item menu-item-type-post_type menu-item-object-page menu-item-2092\"><a href=\"https:\/\/www.cadvilla.com\/pt-br\/z-objetos_automoveis_3d_1\/\"><i class=\"fas fa-plus\"><\/i> 3D Cole\u00e7\u00e3o de autom\u00f3veis 1<\/a><\/li>\n<li id=\"menu-item-2453\" class=\"menu-item menu-item-type-post_type menu-item-object-page menu-item-2453\"><a href=\"https:\/\/www.cadvilla.com\/pt-br\/z-objetos_cozinhas_1_3d\/\"><i class=\"fas fa-plus\"><\/i> 3D Cole\u00e7\u00e3o de cozinhas 1<\/a><\/li>\n<li id=\"menu-item-2452\" class=\"menu-item menu-item-type-post_type menu-item-object-page menu-item-2452\"><a href=\"https:\/\/www.cadvilla.com\/pt-br\/z-objetos_cozinhas_2_3d\/\"><i class=\"fas fa-plus\"><\/i> 3D Cole\u00e7\u00e3o de cozinhas 2<\/a><\/li>\n<li id=\"menu-item-2455\" class=\"menu-item menu-item-type-post_type menu-item-object-page menu-item-2455\"><a href=\"https:\/\/www.cadvilla.com\/pt-br\/z-objetos_banheiros_3d\/\"><i class=\"fas fa-plus\"><\/i> 3D Cole\u00e7\u00e3o de banheiros 1<\/a><\/li>\n<li id=\"menu-item-2255\" class=\"menu-item menu-item-type-post_type menu-item-object-page menu-item-2255\"><a href=\"https:\/\/www.cadvilla.com\/pt-br\/z-objetos_3dplus1\/\"><i class=\"fas fa-plus\"><\/i> 3D +++ Collection 1<\/a><\/li>\n<li id=\"menu-item-2459\" class=\"menu-item menu-item-type-post_type menu-item-object-page menu-item-2459\"><a href=\"https:\/\/www.cadvilla.com\/pt-br\/z-objetos_3dplus2\/\"><i class=\"fas fa-plus\"><\/i> 3D +++ Collection 2<\/a><\/li>\n<li id=\"menu-item-2458\" class=\"menu-item menu-item-type-post_type menu-item-object-page menu-item-2458\"><a href=\"https:\/\/www.cadvilla.com\/pt-br\/z-objetos_3d_foto_pessoas\/\"><i class=\"fas fa-plus\"><\/i> 3D Foto \u2013 Pessoas<\/a><\/li>\n<li id=\"menu-item-2457\" class=\"menu-item menu-item-type-post_type menu-item-object-page menu-item-2457\"><a href=\"https:\/\/www.cadvilla.com\/pt-br\/z-objetos_3d_foto_plantas\/\"><i class=\"fas fa-plus\"><\/i> 3D Foto \u2013 Plantas<\/a><\/li>\n<li id=\"menu-item-2456\" class=\"menu-item menu-item-type-post_type menu-item-object-page menu-item-2456\"><a href=\"https:\/\/www.cadvilla.com\/pt-br\/z-objetos_foto_3d_arvores\/\"><i class=\"fas fa-plus\"><\/i> 3D Foto \u2013 \u00c1rvores<\/a><\/li>\n<li id=\"menu-item-2454\" class=\"menu-item menu-item-type-post_type menu-item-object-page menu-item-2454\"><a href=\"https:\/\/www.cadvilla.com\/pt-br\/z-objetos_goin\/\"><i class=\"fas fa-plus\"><\/i> 3D Cadeiras Gastro Outdoor<\/a><\/li>\n<\/ul><\/div><\/div><\/div><\/div><\/div><\/div><\/div><\/div><\/section>\n","protected":false},"excerpt":{"rendered":"Objetos extras para cadvilla &#8211; cozinhas 2 Dispon\u00edvel para download (~ 360 MB) BACKUP-DVD \u2013 Opcional ao encomendar 3D Cole\u00e7\u00e3o de cozinhas 2 39,95 \u20ac * (O pre\u00e7o de tabela recomendado \u00e9 de 39,95 \u20ac) \u2013 Todos os pre\u00e7os incluem IVA Colec\u00e7\u00e3o \u2013 Objetos extras para cadvilla * Comprar PluginA Cole\u00e7\u00e3o 3D de cozinhas 2...","protected":false},"author":1,"featured_media":0,"parent":0,"menu_order":0,"comment_status":"closed","ping_status":"closed","template":"","meta":{"footnotes":""},"class_list":["post-2423","page","type-page","status-publish","hentry"],"yoast_head":"<!-- This site is optimized with the Yoast SEO plugin v27.3 - https:\/\/yoast.com\/product\/yoast-seo-wordpress\/ -->\n<title>Objetos cadvilla - Cole\u00e7\u00e3o de cozinhas 2<\/title>\n<meta name=\"robots\" content=\"index, follow, max-snippet:-1, max-image-preview:large, max-video-preview:-1\" \/>\n<link rel=\"canonical\" href=\"https:\/\/www.cadvilla.com\/pt-br\/z-objetos_cozinhas_2_3d\/\" \/>\n<meta property=\"og:locale\" content=\"pt_BR\" \/>\n<meta property=\"og:type\" content=\"article\" \/>\n<meta property=\"og:title\" content=\"Objetos cadvilla - Cole\u00e7\u00e3o de cozinhas 2\" \/>\n<meta property=\"og:url\" content=\"https:\/\/www.cadvilla.com\/pt-br\/z-objetos_cozinhas_2_3d\/\" \/>\n<meta property=\"og:site_name\" content=\"cadvilla\" \/>\n<meta property=\"article:modified_time\" content=\"2023-10-22T13:51:45+00:00\" \/>\n<meta property=\"og:image\" content=\"https:\/\/www.cadvilla.com\/beispiele\/small\/kueche2\/Kitchen_2_red.jpg\" \/>\n<meta name=\"twitter:card\" content=\"summary_large_image\" \/>\n<meta name=\"twitter:label1\" content=\"Est. tempo de leitura\" \/>\n\t<meta name=\"twitter:data1\" content=\"3 minutos\" \/>\n<script type=\"application\/ld+json\" class=\"yoast-schema-graph\">{\"@context\":\"https:\\\/\\\/schema.org\",\"@graph\":[{\"@type\":\"WebPage\",\"@id\":\"https:\\\/\\\/www.cadvilla.com\\\/pt-br\\\/z-objetos_cozinhas_2_3d\\\/\",\"url\":\"https:\\\/\\\/www.cadvilla.com\\\/pt-br\\\/z-objetos_cozinhas_2_3d\\\/\",\"name\":\"Objetos cadvilla - Cole\u00e7\u00e3o de cozinhas 2\",\"isPartOf\":{\"@id\":\"https:\\\/\\\/www.cadvilla.com\\\/pt-br\\\/#website\"},\"primaryImageOfPage\":{\"@id\":\"https:\\\/\\\/www.cadvilla.com\\\/pt-br\\\/z-objetos_cozinhas_2_3d\\\/#primaryimage\"},\"image\":{\"@id\":\"https:\\\/\\\/www.cadvilla.com\\\/pt-br\\\/z-objetos_cozinhas_2_3d\\\/#primaryimage\"},\"thumbnailUrl\":\"https:\\\/\\\/www.cadvilla.com\\\/beispiele\\\/small\\\/kueche2\\\/Kitchen_2_red.jpg\",\"datePublished\":\"2019-05-02T15:46:00+00:00\",\"dateModified\":\"2023-10-22T13:51:45+00:00\",\"breadcrumb\":{\"@id\":\"https:\\\/\\\/www.cadvilla.com\\\/pt-br\\\/z-objetos_cozinhas_2_3d\\\/#breadcrumb\"},\"inLanguage\":\"pt-BR\",\"potentialAction\":[{\"@type\":\"ReadAction\",\"target\":[\"https:\\\/\\\/www.cadvilla.com\\\/pt-br\\\/z-objetos_cozinhas_2_3d\\\/\"]}]},{\"@type\":\"ImageObject\",\"inLanguage\":\"pt-BR\",\"@id\":\"https:\\\/\\\/www.cadvilla.com\\\/pt-br\\\/z-objetos_cozinhas_2_3d\\\/#primaryimage\",\"url\":\"https:\\\/\\\/www.cadvilla.com\\\/beispiele\\\/small\\\/kueche2\\\/Kitchen_2_red.jpg\",\"contentUrl\":\"https:\\\/\\\/www.cadvilla.com\\\/beispiele\\\/small\\\/kueche2\\\/Kitchen_2_red.jpg\"},{\"@type\":\"BreadcrumbList\",\"@id\":\"https:\\\/\\\/www.cadvilla.com\\\/pt-br\\\/z-objetos_cozinhas_2_3d\\\/#breadcrumb\",\"itemListElement\":[{\"@type\":\"ListItem\",\"position\":1,\"name\":\"Startseite\",\"item\":\"https:\\\/\\\/www.cadvilla.com\\\/pt-br\\\/\"},{\"@type\":\"ListItem\",\"position\":2,\"name\":\"Objetos extras para cadvilla &#8211; cozinhas 2\"}]},{\"@type\":\"WebSite\",\"@id\":\"https:\\\/\\\/www.cadvilla.com\\\/pt-br\\\/#website\",\"url\":\"https:\\\/\\\/www.cadvilla.com\\\/pt-br\\\/\",\"name\":\"cadvilla\",\"description\":\"\",\"publisher\":{\"@id\":\"https:\\\/\\\/www.cadvilla.com\\\/pt-br\\\/#organization\"},\"potentialAction\":[{\"@type\":\"SearchAction\",\"target\":{\"@type\":\"EntryPoint\",\"urlTemplate\":\"https:\\\/\\\/www.cadvilla.com\\\/pt-br\\\/?s={search_term_string}\"},\"query-input\":{\"@type\":\"PropertyValueSpecification\",\"valueRequired\":true,\"valueName\":\"search_term_string\"}}],\"inLanguage\":\"pt-BR\"},{\"@type\":\"Organization\",\"@id\":\"https:\\\/\\\/www.cadvilla.com\\\/pt-br\\\/#organization\",\"name\":\"cadvilla\",\"url\":\"https:\\\/\\\/www.cadvilla.com\\\/pt-br\\\/\",\"logo\":{\"@type\":\"ImageObject\",\"inLanguage\":\"pt-BR\",\"@id\":\"https:\\\/\\\/www.cadvilla.com\\\/pt-br\\\/#\\\/schema\\\/logo\\\/image\\\/\",\"url\":\"https:\\\/\\\/www.cadvilla.com\\\/wp-content\\\/uploads\\\/logo_cadvilla.png\",\"contentUrl\":\"https:\\\/\\\/www.cadvilla.com\\\/wp-content\\\/uploads\\\/logo_cadvilla.png\",\"width\":157,\"height\":51,\"caption\":\"cadvilla\"},\"image\":{\"@id\":\"https:\\\/\\\/www.cadvilla.com\\\/pt-br\\\/#\\\/schema\\\/logo\\\/image\\\/\"}}]}<\/script>\n<!-- \/ Yoast SEO plugin. -->","yoast_head_json":{"title":"Objetos cadvilla - Cole\u00e7\u00e3o de cozinhas 2","robots":{"index":"index","follow":"follow","max-snippet":"max-snippet:-1","max-image-preview":"max-image-preview:large","max-video-preview":"max-video-preview:-1"},"canonical":"https:\/\/www.cadvilla.com\/pt-br\/z-objetos_cozinhas_2_3d\/","og_locale":"pt_BR","og_type":"article","og_title":"Objetos cadvilla - Cole\u00e7\u00e3o de cozinhas 2","og_url":"https:\/\/www.cadvilla.com\/pt-br\/z-objetos_cozinhas_2_3d\/","og_site_name":"cadvilla","article_modified_time":"2023-10-22T13:51:45+00:00","og_image":[{"url":"https:\/\/www.cadvilla.com\/beispiele\/small\/kueche2\/Kitchen_2_red.jpg","type":"","width":"","height":""}],"twitter_card":"summary_large_image","twitter_misc":{"Est. tempo de leitura":"3 minutos"},"schema":{"@context":"https:\/\/schema.org","@graph":[{"@type":"WebPage","@id":"https:\/\/www.cadvilla.com\/pt-br\/z-objetos_cozinhas_2_3d\/","url":"https:\/\/www.cadvilla.com\/pt-br\/z-objetos_cozinhas_2_3d\/","name":"Objetos cadvilla - Cole\u00e7\u00e3o de cozinhas 2","isPartOf":{"@id":"https:\/\/www.cadvilla.com\/pt-br\/#website"},"primaryImageOfPage":{"@id":"https:\/\/www.cadvilla.com\/pt-br\/z-objetos_cozinhas_2_3d\/#primaryimage"},"image":{"@id":"https:\/\/www.cadvilla.com\/pt-br\/z-objetos_cozinhas_2_3d\/#primaryimage"},"thumbnailUrl":"https:\/\/www.cadvilla.com\/beispiele\/small\/kueche2\/Kitchen_2_red.jpg","datePublished":"2019-05-02T15:46:00+00:00","dateModified":"2023-10-22T13:51:45+00:00","breadcrumb":{"@id":"https:\/\/www.cadvilla.com\/pt-br\/z-objetos_cozinhas_2_3d\/#breadcrumb"},"inLanguage":"pt-BR","potentialAction":[{"@type":"ReadAction","target":["https:\/\/www.cadvilla.com\/pt-br\/z-objetos_cozinhas_2_3d\/"]}]},{"@type":"ImageObject","inLanguage":"pt-BR","@id":"https:\/\/www.cadvilla.com\/pt-br\/z-objetos_cozinhas_2_3d\/#primaryimage","url":"https:\/\/www.cadvilla.com\/beispiele\/small\/kueche2\/Kitchen_2_red.jpg","contentUrl":"https:\/\/www.cadvilla.com\/beispiele\/small\/kueche2\/Kitchen_2_red.jpg"},{"@type":"BreadcrumbList","@id":"https:\/\/www.cadvilla.com\/pt-br\/z-objetos_cozinhas_2_3d\/#breadcrumb","itemListElement":[{"@type":"ListItem","position":1,"name":"Startseite","item":"https:\/\/www.cadvilla.com\/pt-br\/"},{"@type":"ListItem","position":2,"name":"Objetos extras para cadvilla &#8211; cozinhas 2"}]},{"@type":"WebSite","@id":"https:\/\/www.cadvilla.com\/pt-br\/#website","url":"https:\/\/www.cadvilla.com\/pt-br\/","name":"cadvilla","description":"","publisher":{"@id":"https:\/\/www.cadvilla.com\/pt-br\/#organization"},"potentialAction":[{"@type":"SearchAction","target":{"@type":"EntryPoint","urlTemplate":"https:\/\/www.cadvilla.com\/pt-br\/?s={search_term_string}"},"query-input":{"@type":"PropertyValueSpecification","valueRequired":true,"valueName":"search_term_string"}}],"inLanguage":"pt-BR"},{"@type":"Organization","@id":"https:\/\/www.cadvilla.com\/pt-br\/#organization","name":"cadvilla","url":"https:\/\/www.cadvilla.com\/pt-br\/","logo":{"@type":"ImageObject","inLanguage":"pt-BR","@id":"https:\/\/www.cadvilla.com\/pt-br\/#\/schema\/logo\/image\/","url":"https:\/\/www.cadvilla.com\/wp-content\/uploads\/logo_cadvilla.png","contentUrl":"https:\/\/www.cadvilla.com\/wp-content\/uploads\/logo_cadvilla.png","width":157,"height":51,"caption":"cadvilla"},"image":{"@id":"https:\/\/www.cadvilla.com\/pt-br\/#\/schema\/logo\/image\/"}}]}},"_links":{"self":[{"href":"https:\/\/www.cadvilla.com\/pt-br\/wp-json\/wp\/v2\/pages\/2423","targetHints":{"allow":["GET"]}}],"collection":[{"href":"https:\/\/www.cadvilla.com\/pt-br\/wp-json\/wp\/v2\/pages"}],"about":[{"href":"https:\/\/www.cadvilla.com\/pt-br\/wp-json\/wp\/v2\/types\/page"}],"author":[{"embeddable":true,"href":"https:\/\/www.cadvilla.com\/pt-br\/wp-json\/wp\/v2\/users\/1"}],"replies":[{"embeddable":true,"href":"https:\/\/www.cadvilla.com\/pt-br\/wp-json\/wp\/v2\/comments?post=2423"}],"version-history":[{"count":0,"href":"https:\/\/www.cadvilla.com\/pt-br\/wp-json\/wp\/v2\/pages\/2423\/revisions"}],"wp:attachment":[{"href":"https:\/\/www.cadvilla.com\/pt-br\/wp-json\/wp\/v2\/media?parent=2423"}],"curies":[{"name":"wp","href":"https:\/\/api.w.org\/{rel}","templated":true}]}}