{"id":3191,"date":"2019-05-16T11:50:37","date_gmt":"2019-05-16T09:50:37","guid":{"rendered":"https:\/\/www.cadvilla.pl\/z-raumbuch\/"},"modified":"2023-10-22T15:46:26","modified_gmt":"2023-10-22T13:46:26","slug":"z-lista_de_quantidades","status":"publish","type":"page","link":"https:\/\/www.cadvilla.com\/pt-br\/z-lista_de_quantidades\/","title":{"rendered":"Lista de Quantidades para o c\u00e1lculo de massas e \u00e1reas"},"content":{"rendered":"<section class=\"l-section wpb_row ca-headerbackground0 height_auto\"><div class=\"l-section-h i-cf\"><div class=\"g-cols vc_row via_grid cols_1 laptops-cols_inherit tablets-cols_inherit mobiles-cols_1 valign_bottom type_default stacking_default\"><div class=\"wpb_column vc_column_container\"><div class=\"vc_column-inner\"><\/div><\/div><\/div><\/div><\/section><section class=\"l-section wpb_row height_auto\"><div class=\"l-section-h i-cf\"><div class=\"g-cols vc_row via_grid cols_1 laptops-cols_inherit tablets-cols_inherit mobiles-cols_1 valign_top type_default stacking_default\"><div class=\"wpb_column vc_column_container\"><div class=\"vc_column-inner\"><\/div><\/div><\/div><\/div><\/section><section class=\"l-section wpb_row ca-headerbg height_small\" id=\"begin\"><div class=\"l-section-h i-cf\"><div class=\"g-cols vc_row via_grid cols_1 laptops-cols_inherit tablets-cols_inherit mobiles-cols_1 valign_top type_default stacking_default\"><div class=\"wpb_column vc_column_container\"><div class=\"vc_column-inner\"><div class=\"wpb_text_column ca-heading1\"><div class=\"wpb_wrapper\"><h1>Lista de Quantidades para o c\u00e1lculo de massas e \u00e1reas<\/h1>\n<\/div><\/div><\/div><\/div><\/div><\/div><\/section><section class=\"l-section wpb_row height_medium\"><div class=\"l-section-h i-cf\"><div class=\"g-cols vc_row via_grid cols_3-1 laptops-cols_inherit tablets-cols_inherit mobiles-cols_1 valign_top type_default stacking_default\"><div class=\"wpb_column vc_column_container\"><div class=\"vc_column-inner\"><div class=\"g-cols wpb_row via_grid cols_1-2 laptops-cols_inherit tablets-cols_inherit mobiles-cols_1 valign_top type_default stacking_default\" style=\"--columns-gap:3rem;\"><div class=\"wpb_column vc_column_container\"><div class=\"vc_column-inner\"><div class=\"w-image align_center\"><div class=\"w-image-h\"><img decoding=\"async\" width=\"200\" height=\"200\" src=\"https:\/\/www.cadvilla.com\/wp-content\/uploads\/zusatzmodul_pt-1.png\" class=\"attachment-full size-full\" alt=\"m\u00f3dulo adicional para cadvilla\" loading=\"lazy\" \/><\/div><\/div><div class=\"wpb_text_column ca-product-small_info\"><div class=\"wpb_wrapper\"><p>Liberar via ativa\u00e7\u00e3o<\/p>\n<\/div><\/div><\/div><\/div><div class=\"wpb_column vc_column_container\"><div class=\"vc_column-inner\"><div class=\"wpb_text_column\"><div class=\"wpb_wrapper\"><h2><strong>Lista de Quantidades &#8211; Plugin<\/strong><\/h2>\n<h4><strong><span style=\"color: #ff9900;\">58,90 \u20ac *<br \/>\n<\/span><\/strong><\/h4>\n<p><span style=\"color: #999999;\">(Pre\u00e7o de lista recomendado, atualmente nenhuma a\u00e7\u00e3o dispon\u00edvel)<\/span><\/p>\n<p>\u2013 Todos os pre\u00e7os incluem IVA Colec\u00e7\u00e3o<\/p>\n<\/div><\/div><div class=\"w-btn-wrapper align_left\"><a class=\"w-btn us-btn-style_2 us_custom_2d9ebfef icon_atleft\" rel=\"nofollow\" href=\"https:\/\/www.cleverbridge.com\/1106\/?scope=checkout&amp;cart=221256&amp;languages=pb&amp;cookie=true&amp;cfg=design_2018&amp;recommendation=addbackup\"><i class=\"fas fa-download\"><\/i><span class=\"w-btn-label\">Comprar Plugin<\/span><\/a><\/div><div class=\"w-separator size_medium\"><\/div><\/div><\/div><\/div><div class=\"g-cols wpb_row via_grid cols_1 laptops-cols_inherit tablets-cols_inherit mobiles-cols_1 valign_top type_default stacking_default\" style=\"--columns-gap:3rem;\"><div class=\"wpb_column vc_column_container\"><div class=\"vc_column-inner\"><div class=\"wpb_text_column\"><div class=\"wpb_wrapper\"><h2>M\u00f3dulo adicional para calcular diversas massas e superf\u00edcies<\/h2>\n<\/div><\/div><div class=\"wpb_text_column\"><div class=\"wpb_wrapper\"><p>Este m\u00f3dulo adicional permite uma avalia\u00e7\u00e3o das massas e superf\u00edcies conforme a regulamenta\u00e7\u00e3o de \u00e1reas \u00fateis (WoFlV na Alemanha) e a norma DIN 277 (cubatura) que \u00e9 representada nestas vistas 2D e 3D por diferentes cores. Al\u00e9m disso, a avalia\u00e7\u00e3o de superf\u00edcies pode ser registrada em diversas listas, nos formatos PDF, EXCEL, RTF e HTML.<\/p>\n<p>Est\u00e3o dispon\u00edveis os seguintes valores (dimens\u00f5es) e avalia\u00e7\u00f5es:<\/p>\n<ul>\n<li>\u00c1rea de piso<\/li>\n<li>\u00c1rea \u00fatil<\/li>\n<li>\u00c1rea constru\u00edda l\u00edquida &lt; 1,5 m<\/li>\n<li>\u00c1rea constru\u00edda l\u00edquida &gt; 1,5 m<\/li>\n<li>Soma das \u00e1reas constru\u00eddas l\u00edquidas<\/li>\n<li>Volume dos ambientes<\/li>\n<li>Volume l\u00edquido<\/li>\n<li>Volume bruto<\/li>\n<li>\u00c1rea bruta do pavimento<\/li>\n<\/ul>\n<p>Al\u00e9m disso, tamb\u00e9m podem ser representados diversos valores para os seguintes elementos de constru\u00e7\u00e3o:<\/p>\n<ul>\n<li>Pisos: \u00c1rea de piso e volumes<\/li>\n<li>Paredes: Superf\u00edcie de apoio, superf\u00edcie lateral e volume<\/li>\n<li>Tetos: \u00c1rea do teto e volume<\/li>\n<li>Chamin\u00e9s: Superf\u00edcie de apoio, superf\u00edcie lateral e volume<\/li>\n<li>Suportes: Superf\u00edcie de apoio, superf\u00edcie lateral e volume<\/li>\n<li>Chamin\u00e9s: Superf\u00edcie de apoio, superf\u00edcie lateral e volume<\/li>\n<li>Constru\u00e7\u00f5es em 3D: Superf\u00edcie e volume<\/li>\n<li>Telhado: Superf\u00edcie da cobertura, comprimento de beiral, comprimento do espig\u00e3o, comprimento da cumeeira, comprimento da \u00e1gua furtada, comprimento do beiral de empena<\/li>\n<\/ul>\n<\/div><\/div><div class=\"wpb_text_column\"><div class=\"wpb_wrapper\"><h2>Este plugin est\u00e1 incluso nas seguintes vers\u00f5es do cadvilla<\/h2>\n<\/div><\/div><div class=\"w-tabs us_custom_89477bc8 style_default switch_click accordion type_togglable has_scrolling\" style=\"--sections-title-size:18px\"><div class=\"w-tabs-sections titles-align_none icon_chevron cpos_right\"><div class=\"w-tabs-section vergleich_header has_text_color\" id=\"q885\" style=\"color:rgba(31,31,31,0.01);\"><button class=\"w-tabs-section-header with_icon\" aria-controls=\"content-q885\" aria-expanded=\"false\"><i class=\"fas fa-table\"><\/i><div class=\"w-tabs-section-title\">Tab 1<\/div><div class=\"w-tabs-section-control\"><\/div><\/button><div  class=\"w-tabs-section-content\" id=\"content-q885\"><div class=\"w-tabs-section-content-h i-cf\"><div class=\"wpb_text_column\"><div class=\"wpb_wrapper\"><\/div><\/div><\/div><\/div><\/div><div class=\"w-tabs-section vergleich_xx_xxx_cp_cpp\" id=\"f9d4\"><button class=\"w-tabs-section-header\" aria-controls=\"content-f9d4\" aria-expanded=\"false\"><div class=\"w-tabs-section-title\">Lista de Quantidades<\/div><div class=\"w-tabs-section-control\"><\/div><\/button><div  class=\"w-tabs-section-content\" id=\"content-f9d4\"><div class=\"w-tabs-section-content-h i-cf\"><div class=\"wpb_text_column\"><div class=\"wpb_wrapper\"><\/div><\/div><\/div><\/div><\/div><\/div><\/div><\/div><\/div><\/div><div class=\"w-separator size_large\"><\/div><div class=\"g-cols wpb_row us_custom_79981fe8 via_grid cols_1 laptops-cols_inherit tablets-cols_inherit mobiles-cols_1 valign_top type_default stacking_default\" style=\"--columns-gap:3rem;\"><div class=\"wpb_column vc_column_container\"><div class=\"vc_column-inner\"><div class=\"wpb_text_column\"><div class=\"wpb_wrapper\"><h2>Recursos &#8211; Lista de Quantidades para o c\u00e1lculo de massas e \u00e1reas<\/h2>\n<\/div><\/div><div class=\"w-tabs us_custom_89477bc8 style_default switch_click accordion type_togglable has_scrolling\" style=\"--sections-title-size:18px\"><div class=\"w-tabs-sections titles-align_none icon_chevron cpos_right\"><div class=\"w-tabs-section active\" id=\"t417\"><button class=\"w-tabs-section-header active with_icon\" aria-controls=\"content-t417\" aria-expanded=\"true\"><i class=\"fas fa-plus\"><\/i><div class=\"w-tabs-section-title\">Sele\u00e7\u00e3o do c\u00e1lculo de massas e \u00e1reas<\/div><div class=\"w-tabs-section-control\"><\/div><\/button><div  class=\"w-tabs-section-content\" id=\"content-t417\"><div class=\"w-tabs-section-content-h i-cf\"><div class=\"wpb_text_column\"><div class=\"wpb_wrapper\"><p><img loading=\"lazy\" decoding=\"async\" class=\"alignright wp-image-3193 size-full\" title=\"Sele\u00e7\u00e3o do c\u00e1lculo de massas e \u00e1reas\" src=\"https:\/\/www.cadvilla.com\/wp-content\/uploads\/en_rb-auswahl_gesamt.png\" alt=\"Sele\u00e7\u00e3o do c\u00e1lculo de massas e \u00e1reas\" width=\"150\" height=\"300\" \/>A interface consiste de duas vistas em estrutura de \u00e1rvore &#8211; Ambiente e Sele\u00e7\u00e3o. Os ambientes, as \u00e1reas e as massas podem ser ativadas ou desativadas para exibi\u00e7\u00e3o atrav\u00e9s das caixas de sele\u00e7\u00e3o da \u00e1rvore.<\/p>\n<p>A visualiza\u00e7\u00e3o pode ser criada para edif\u00edcios, pavimentos (andares) ou casas. A visibilidade dos objetos desativados permanece inalterada.<\/p>\n<p>Naturalmente que na representa\u00e7\u00e3o \u00e9 poss\u00edvel ativar ou desativar o respectivo n\u00edvel atrav\u00e9s dos layers vis\u00edveis, como o piso t\u00e9rreo, piso superior ou s\u00f3t\u00e3o.<\/p>\n<p>Na estrutura de \u00e1rvore &#8216;Sele\u00e7\u00e3o&#8217; podemos escolher quais elementos devem ser exibidos dentro do ambiente<br \/>\nselecionado.<\/p>\n<\/div><\/div><\/div><\/div><\/div><div class=\"w-tabs-section active\" id=\"o787\"><button class=\"w-tabs-section-header active with_icon\" aria-controls=\"content-o787\" aria-expanded=\"true\"><i class=\"fas fa-plus\"><\/i><div class=\"w-tabs-section-title\">Configura\u00e7\u00f5es da lista de quantidades<\/div><div class=\"w-tabs-section-control\"><\/div><\/button><div  class=\"w-tabs-section-content\" id=\"content-o787\"><div class=\"w-tabs-section-content-h i-cf\"><div class=\"wpb_text_column\"><div class=\"wpb_wrapper\"><p><img loading=\"lazy\" decoding=\"async\" class=\"alignright wp-image-3198 size-full\" title=\"Configura\u00e7\u00f5es da lista de quantidades\" src=\"https:\/\/www.cadvilla.com\/wp-content\/uploads\/en_rb-einstellungen_gesamt.png\" alt=\"Configura\u00e7\u00f5es da lista de quantidades\" width=\"226\" height=\"200\" \/>Se a op\u00e7\u00e3o &#8216;Ajustar automaticamente a exibi\u00e7\u00e3o dos componentes&#8217; estiver ativada, e dependendo de quais massas de quais componentes devem ser exibidas, os demais elementos ser\u00e3o exibidos de forma transparente ou invis\u00edvel, caso contr\u00e1rio aparecer\u00e3o de forma normal.<\/p>\n<p>Na se\u00e7\u00e3o de desmembramento de \u00e1reas se determina se as \u00e1reas devem ser desmembradas em sub\u00e1reas. Neste caso, as \u00e1reas s\u00e3o repartidas de acordo com a f\u00f3rmula para segmenta\u00e7\u00e3o de \u00e1reas, e exibidas em cores diferentes.<br \/>\nAs f\u00f3rmulas usadas para criar as sub\u00e1reas tamb\u00e9m podem ser exibidas, e suas propriedades de texto podem ser adequadas, se necess\u00e1rio.<\/p>\n<\/div><\/div><\/div><\/div><\/div><div class=\"w-tabs-section\" id=\"cab7\"><button class=\"w-tabs-section-header with_icon\" aria-controls=\"content-cab7\" aria-expanded=\"false\"><i class=\"fas fa-plus\"><\/i><div class=\"w-tabs-section-title\">Controle de \u00e1reas com representa\u00e7\u00e3o colorida<\/div><div class=\"w-tabs-section-control\"><\/div><\/button><div  class=\"w-tabs-section-content\" id=\"content-cab7\"><div class=\"w-tabs-section-content-h i-cf\"><div class=\"wpb_text_column\"><div class=\"wpb_wrapper\"><p><img loading=\"lazy\" decoding=\"async\" class=\"alignright wp-image-2742 size-full\" title=\"Controle de \u00e1reas com representa\u00e7\u00e3o colorida\" src=\"https:\/\/www.cadvilla.com\/wp-content\/uploads\/en_rb-flaechen_gesamt.png\" alt=\"Controle de \u00e1reas com representa\u00e7\u00e3o colorida\" width=\"400\" height=\"320\" \/>Mais detalhes sobre <a href=\"https:\/\/www.cadvilla.com\/pt-br\/cadvilla_comparacao_das_versoes\/#controle-de-areas-com-representacao-colorida\">Controle de \u00e1reas com representa\u00e7\u00e3o colorida<\/a><\/p>\n<\/div><\/div><\/div><\/div><\/div><div class=\"w-tabs-section\" id=\"wc67\"><button class=\"w-tabs-section-header with_icon\" aria-controls=\"content-wc67\" aria-expanded=\"false\"><i class=\"fas fa-plus\"><\/i><div class=\"w-tabs-section-title\">C\u00e1lculo de \u00e1reas em listas<\/div><div class=\"w-tabs-section-control\"><\/div><\/button><div  class=\"w-tabs-section-content\" id=\"content-wc67\"><div class=\"w-tabs-section-content-h i-cf\"><div class=\"wpb_text_column\"><div class=\"wpb_wrapper\"><p>Mais detalhes sobre <a href=\"https:\/\/www.cadvilla.com\/pt-br\/cadvilla_comparacao_das_versoes\/#calculo-de-areas-em-listas\"><em>C\u00e1lculo de \u00e1reas em listas<\/em><\/a><\/p>\n<\/div><\/div><\/div><\/div><\/div><div class=\"w-tabs-section active\" id=\"hfa8\"><button class=\"w-tabs-section-header active with_icon\" aria-controls=\"content-hfa8\" aria-expanded=\"true\"><i class=\"fas fa-plus\"><\/i><div class=\"w-tabs-section-title\">Controle da lista de quantidades com cores diferentes<\/div><div class=\"w-tabs-section-control\"><\/div><\/button><div  class=\"w-tabs-section-content\" id=\"content-hfa8\"><div class=\"w-tabs-section-content-h i-cf\"><div class=\"wpb_text_column\"><div class=\"wpb_wrapper\"><p><img loading=\"lazy\" decoding=\"async\" class=\"alignright wp-image-2747 size-full\" title=\"Controle da lista de quantidades com cores diferentes\" src=\"https:\/\/www.cadvilla.com\/wp-content\/uploads\/en_rb-konstruktionselemente_gesamt.png\" alt=\"Controle da lista de quantidades com cores diferentes\" width=\"400\" height=\"128\" \/>Esta fun\u00e7\u00e3o permite a representa\u00e7\u00e3o em cores das quantidades (como superf\u00edcies, volumes e comprimentos) nas vistas 2D e 3D.<\/p>\n<p>Est\u00e3o dispon\u00edveis as seguintes op\u00e7\u00f5es de configura\u00e7\u00e3o para as avalia\u00e7\u00f5es e c\u00e1lculos:<\/p>\n<ul>\n<li>Pisos: \u00e1rea de piso, volume, per\u00edmetro<\/li>\n<li>Paredes: superf\u00edcie de apoio, superf\u00edcie lateral, volume<\/li>\n<li>Tetos: \u00e1rea do teto, volume<\/li>\n<li>Suportes: superf\u00edcie de apoio, superf\u00edcie lateral, volume<\/li>\n<li>Chamin\u00e9s: superf\u00edcie de apoio, superf\u00edcie lateral, volume<\/li>\n<li>Constru\u00e7\u00f5es em 3D: superf\u00edcie, volume<\/li>\n<li>Telhado: superf\u00edcie da cobertura, comprimento de beiral, comprimento do espig\u00e3o, comprimento da cumeeira, comprimento da \u00e1gua furtada, comprimento do beiral de empena<\/li>\n<\/ul>\n<\/div><\/div><\/div><\/div><\/div><\/div><\/div><\/div><\/div><\/div><\/div><\/div><div class=\"wpb_column vc_column_container\"><div class=\"vc_column-inner\"><div class=\"wpb_text_column\"><div class=\"wpb_wrapper\"><h5><span class=\"ca-headertext-seitenleiste\">M\u00f3dulos Adicionais<\/span><\/h5>\n<\/div><\/div><div class=\"wpb_widgetised_column wpb_content_element\"><div class=\"wpb_wrapper\"><div id=\"nav_menu-7\" class=\"widget widget_nav_menu\"><div class=\"menu-zusatzmodule-pt-container\"><ul id=\"menu-zusatzmodule-pt\" class=\"menu\"><li id=\"menu-item-3241\" class=\"menu-item menu-item-type-post_type menu-item-object-page menu-item-3241\"><a href=\"https:\/\/www.cadvilla.com\/pt-br\/z-lista_de_quantidades\/\"><i class=\"fas fa-plus\"><\/i> C\u00e1lculo de massas e \u00e1reas<\/a><\/li>\n<li id=\"menu-item-3240\" class=\"menu-item menu-item-type-post_type menu-item-object-page menu-item-3240\"><a href=\"https:\/\/www.cadvilla.com\/pt-br\/z-conversor_3d\/\"><i class=\"fas fa-plus\"><\/i> Conversor 3D<\/a><\/li>\n<li id=\"menu-item-3239\" class=\"menu-item menu-item-type-post_type menu-item-object-page menu-item-3239\"><a href=\"https:\/\/www.cadvilla.com\/pt-br\/z-projeto_arquitetonico\/\"><i class=\"fas fa-plus\"><\/i> Projeto arquitet\u00f4nico<\/a><\/li>\n<li id=\"menu-item-3238\" class=\"menu-item menu-item-type-post_type menu-item-object-page menu-item-3238\"><a href=\"https:\/\/www.cadvilla.com\/pt-br\/z-importacao_2d_de_dxf_e_dwg\/\"><i class=\"fas fa-plus\"><\/i> Importa\u00e7\u00e3o 2D DXF\/DWG<\/a><\/li>\n<li id=\"menu-item-3237\" class=\"menu-item menu-item-type-post_type menu-item-object-page menu-item-3237\"><a href=\"https:\/\/www.cadvilla.com\/pt-br\/z-exportacao_2d_para_dxf_e_dwg\/\"><i class=\"fas fa-plus\"><\/i> Exporta\u00e7\u00e3o 2D DXF\/DWG<\/a><\/li>\n<li id=\"menu-item-3236\" class=\"menu-item menu-item-type-post_type menu-item-object-page menu-item-3236\"><a href=\"https:\/\/www.cadvilla.com\/pt-br\/z-construcao_de_janelas\/\"><i class=\"fas fa-plus\"><\/i> Constru\u00e7\u00e3o de Janelas<\/a><\/li>\n<li id=\"menu-item-3235\" class=\"menu-item menu-item-type-post_type menu-item-object-page menu-item-3235\"><a href=\"https:\/\/www.cadvilla.com\/pt-br\/z-exportar_para_cinema_4d\/\"><i class=\"fas fa-plus\"><\/i> Exportar para CINEMA 4D<\/a><\/li>\n<\/ul><\/div><\/div><\/div><\/div><\/div><\/div><\/div><\/div><\/section>\n","protected":false},"excerpt":{"rendered":"Lista de Quantidades para o c\u00e1lculo de massas e \u00e1reas Liberar via ativa\u00e7\u00e3o Lista de Quantidades &#8211; Plugin 58,90 \u20ac * (Pre\u00e7o de lista recomendado, atualmente nenhuma a\u00e7\u00e3o dispon\u00edvel) \u2013 Todos os pre\u00e7os incluem IVA Colec\u00e7\u00e3o Comprar Plugin M\u00f3dulo adicional para calcular diversas massas e superf\u00edcies Este m\u00f3dulo adicional permite uma avalia\u00e7\u00e3o das massas e...","protected":false},"author":1,"featured_media":0,"parent":0,"menu_order":0,"comment_status":"closed","ping_status":"closed","template":"","meta":{"footnotes":""},"class_list":["post-3191","page","type-page","status-publish","hentry"],"yoast_head":"<!-- This site is optimized with the Yoast SEO plugin v27.4 - https:\/\/yoast.com\/product\/yoast-seo-wordpress\/ -->\n<title>cadvilla - Lista de Quantidades<\/title>\n<meta name=\"robots\" content=\"index, follow, max-snippet:-1, max-image-preview:large, max-video-preview:-1\" \/>\n<link rel=\"canonical\" href=\"https:\/\/www.cadvilla.com\/pt-br\/z-lista_de_quantidades\/\" \/>\n<meta property=\"og:locale\" content=\"pt_BR\" \/>\n<meta property=\"og:type\" content=\"article\" \/>\n<meta property=\"og:title\" content=\"cadvilla - Lista de Quantidades\" \/>\n<meta property=\"og:url\" content=\"https:\/\/www.cadvilla.com\/pt-br\/z-lista_de_quantidades\/\" \/>\n<meta property=\"og:site_name\" content=\"cadvilla\" \/>\n<meta property=\"article:modified_time\" content=\"2023-10-22T13:46:26+00:00\" \/>\n<meta property=\"og:image\" content=\"https:\/\/www.cadvilla.com\/wp-content\/uploads\/en_rb-auswahl_gesamt.png\" \/>\n<meta name=\"twitter:card\" content=\"summary_large_image\" \/>\n<meta name=\"twitter:label1\" content=\"Est. tempo de leitura\" \/>\n\t<meta name=\"twitter:data1\" content=\"5 minutos\" \/>\n<script type=\"application\/ld+json\" class=\"yoast-schema-graph\">{\"@context\":\"https:\\\/\\\/schema.org\",\"@graph\":[{\"@type\":\"WebPage\",\"@id\":\"https:\\\/\\\/www.cadvilla.com\\\/pt-br\\\/z-lista_de_quantidades\\\/\",\"url\":\"https:\\\/\\\/www.cadvilla.com\\\/pt-br\\\/z-lista_de_quantidades\\\/\",\"name\":\"cadvilla - Lista de Quantidades\",\"isPartOf\":{\"@id\":\"https:\\\/\\\/www.cadvilla.com\\\/pt-br\\\/#website\"},\"primaryImageOfPage\":{\"@id\":\"https:\\\/\\\/www.cadvilla.com\\\/pt-br\\\/z-lista_de_quantidades\\\/#primaryimage\"},\"image\":{\"@id\":\"https:\\\/\\\/www.cadvilla.com\\\/pt-br\\\/z-lista_de_quantidades\\\/#primaryimage\"},\"thumbnailUrl\":\"https:\\\/\\\/www.cadvilla.com\\\/wp-content\\\/uploads\\\/en_rb-auswahl_gesamt.png\",\"datePublished\":\"2019-05-16T09:50:37+00:00\",\"dateModified\":\"2023-10-22T13:46:26+00:00\",\"breadcrumb\":{\"@id\":\"https:\\\/\\\/www.cadvilla.com\\\/pt-br\\\/z-lista_de_quantidades\\\/#breadcrumb\"},\"inLanguage\":\"pt-BR\",\"potentialAction\":[{\"@type\":\"ReadAction\",\"target\":[\"https:\\\/\\\/www.cadvilla.com\\\/pt-br\\\/z-lista_de_quantidades\\\/\"]}]},{\"@type\":\"ImageObject\",\"inLanguage\":\"pt-BR\",\"@id\":\"https:\\\/\\\/www.cadvilla.com\\\/pt-br\\\/z-lista_de_quantidades\\\/#primaryimage\",\"url\":\"https:\\\/\\\/www.cadvilla.com\\\/wp-content\\\/uploads\\\/en_rb-auswahl_gesamt.png\",\"contentUrl\":\"https:\\\/\\\/www.cadvilla.com\\\/wp-content\\\/uploads\\\/en_rb-auswahl_gesamt.png\"},{\"@type\":\"BreadcrumbList\",\"@id\":\"https:\\\/\\\/www.cadvilla.com\\\/pt-br\\\/z-lista_de_quantidades\\\/#breadcrumb\",\"itemListElement\":[{\"@type\":\"ListItem\",\"position\":1,\"name\":\"Startseite\",\"item\":\"https:\\\/\\\/www.cadvilla.com\\\/pt-br\\\/\"},{\"@type\":\"ListItem\",\"position\":2,\"name\":\"Lista de Quantidades para o c\u00e1lculo de massas e \u00e1reas\"}]},{\"@type\":\"WebSite\",\"@id\":\"https:\\\/\\\/www.cadvilla.com\\\/pt-br\\\/#website\",\"url\":\"https:\\\/\\\/www.cadvilla.com\\\/pt-br\\\/\",\"name\":\"cadvilla\",\"description\":\"\",\"publisher\":{\"@id\":\"https:\\\/\\\/www.cadvilla.com\\\/pt-br\\\/#organization\"},\"potentialAction\":[{\"@type\":\"SearchAction\",\"target\":{\"@type\":\"EntryPoint\",\"urlTemplate\":\"https:\\\/\\\/www.cadvilla.com\\\/pt-br\\\/?s={search_term_string}\"},\"query-input\":{\"@type\":\"PropertyValueSpecification\",\"valueRequired\":true,\"valueName\":\"search_term_string\"}}],\"inLanguage\":\"pt-BR\"},{\"@type\":\"Organization\",\"@id\":\"https:\\\/\\\/www.cadvilla.com\\\/pt-br\\\/#organization\",\"name\":\"cadvilla\",\"url\":\"https:\\\/\\\/www.cadvilla.com\\\/pt-br\\\/\",\"logo\":{\"@type\":\"ImageObject\",\"inLanguage\":\"pt-BR\",\"@id\":\"https:\\\/\\\/www.cadvilla.com\\\/pt-br\\\/#\\\/schema\\\/logo\\\/image\\\/\",\"url\":\"https:\\\/\\\/www.cadvilla.com\\\/wp-content\\\/uploads\\\/logo_cadvilla.png\",\"contentUrl\":\"https:\\\/\\\/www.cadvilla.com\\\/wp-content\\\/uploads\\\/logo_cadvilla.png\",\"width\":157,\"height\":51,\"caption\":\"cadvilla\"},\"image\":{\"@id\":\"https:\\\/\\\/www.cadvilla.com\\\/pt-br\\\/#\\\/schema\\\/logo\\\/image\\\/\"}}]}<\/script>\n<!-- \/ Yoast SEO plugin. -->","yoast_head_json":{"title":"cadvilla - Lista de Quantidades","robots":{"index":"index","follow":"follow","max-snippet":"max-snippet:-1","max-image-preview":"max-image-preview:large","max-video-preview":"max-video-preview:-1"},"canonical":"https:\/\/www.cadvilla.com\/pt-br\/z-lista_de_quantidades\/","og_locale":"pt_BR","og_type":"article","og_title":"cadvilla - Lista de Quantidades","og_url":"https:\/\/www.cadvilla.com\/pt-br\/z-lista_de_quantidades\/","og_site_name":"cadvilla","article_modified_time":"2023-10-22T13:46:26+00:00","og_image":[{"url":"https:\/\/www.cadvilla.com\/wp-content\/uploads\/en_rb-auswahl_gesamt.png","type":"","width":"","height":""}],"twitter_card":"summary_large_image","twitter_misc":{"Est. tempo de leitura":"5 minutos"},"schema":{"@context":"https:\/\/schema.org","@graph":[{"@type":"WebPage","@id":"https:\/\/www.cadvilla.com\/pt-br\/z-lista_de_quantidades\/","url":"https:\/\/www.cadvilla.com\/pt-br\/z-lista_de_quantidades\/","name":"cadvilla - Lista de Quantidades","isPartOf":{"@id":"https:\/\/www.cadvilla.com\/pt-br\/#website"},"primaryImageOfPage":{"@id":"https:\/\/www.cadvilla.com\/pt-br\/z-lista_de_quantidades\/#primaryimage"},"image":{"@id":"https:\/\/www.cadvilla.com\/pt-br\/z-lista_de_quantidades\/#primaryimage"},"thumbnailUrl":"https:\/\/www.cadvilla.com\/wp-content\/uploads\/en_rb-auswahl_gesamt.png","datePublished":"2019-05-16T09:50:37+00:00","dateModified":"2023-10-22T13:46:26+00:00","breadcrumb":{"@id":"https:\/\/www.cadvilla.com\/pt-br\/z-lista_de_quantidades\/#breadcrumb"},"inLanguage":"pt-BR","potentialAction":[{"@type":"ReadAction","target":["https:\/\/www.cadvilla.com\/pt-br\/z-lista_de_quantidades\/"]}]},{"@type":"ImageObject","inLanguage":"pt-BR","@id":"https:\/\/www.cadvilla.com\/pt-br\/z-lista_de_quantidades\/#primaryimage","url":"https:\/\/www.cadvilla.com\/wp-content\/uploads\/en_rb-auswahl_gesamt.png","contentUrl":"https:\/\/www.cadvilla.com\/wp-content\/uploads\/en_rb-auswahl_gesamt.png"},{"@type":"BreadcrumbList","@id":"https:\/\/www.cadvilla.com\/pt-br\/z-lista_de_quantidades\/#breadcrumb","itemListElement":[{"@type":"ListItem","position":1,"name":"Startseite","item":"https:\/\/www.cadvilla.com\/pt-br\/"},{"@type":"ListItem","position":2,"name":"Lista de Quantidades para o c\u00e1lculo de massas e \u00e1reas"}]},{"@type":"WebSite","@id":"https:\/\/www.cadvilla.com\/pt-br\/#website","url":"https:\/\/www.cadvilla.com\/pt-br\/","name":"cadvilla","description":"","publisher":{"@id":"https:\/\/www.cadvilla.com\/pt-br\/#organization"},"potentialAction":[{"@type":"SearchAction","target":{"@type":"EntryPoint","urlTemplate":"https:\/\/www.cadvilla.com\/pt-br\/?s={search_term_string}"},"query-input":{"@type":"PropertyValueSpecification","valueRequired":true,"valueName":"search_term_string"}}],"inLanguage":"pt-BR"},{"@type":"Organization","@id":"https:\/\/www.cadvilla.com\/pt-br\/#organization","name":"cadvilla","url":"https:\/\/www.cadvilla.com\/pt-br\/","logo":{"@type":"ImageObject","inLanguage":"pt-BR","@id":"https:\/\/www.cadvilla.com\/pt-br\/#\/schema\/logo\/image\/","url":"https:\/\/www.cadvilla.com\/wp-content\/uploads\/logo_cadvilla.png","contentUrl":"https:\/\/www.cadvilla.com\/wp-content\/uploads\/logo_cadvilla.png","width":157,"height":51,"caption":"cadvilla"},"image":{"@id":"https:\/\/www.cadvilla.com\/pt-br\/#\/schema\/logo\/image\/"}}]}},"_links":{"self":[{"href":"https:\/\/www.cadvilla.com\/pt-br\/wp-json\/wp\/v2\/pages\/3191","targetHints":{"allow":["GET"]}}],"collection":[{"href":"https:\/\/www.cadvilla.com\/pt-br\/wp-json\/wp\/v2\/pages"}],"about":[{"href":"https:\/\/www.cadvilla.com\/pt-br\/wp-json\/wp\/v2\/types\/page"}],"author":[{"embeddable":true,"href":"https:\/\/www.cadvilla.com\/pt-br\/wp-json\/wp\/v2\/users\/1"}],"replies":[{"embeddable":true,"href":"https:\/\/www.cadvilla.com\/pt-br\/wp-json\/wp\/v2\/comments?post=3191"}],"version-history":[{"count":0,"href":"https:\/\/www.cadvilla.com\/pt-br\/wp-json\/wp\/v2\/pages\/3191\/revisions"}],"wp:attachment":[{"href":"https:\/\/www.cadvilla.com\/pt-br\/wp-json\/wp\/v2\/media?parent=3191"}],"curies":[{"name":"wp","href":"https:\/\/api.w.org\/{rel}","templated":true}]}}