{"id":3210,"date":"2019-05-16T11:59:14","date_gmt":"2019-05-16T09:59:14","guid":{"rendered":"https:\/\/www.cadvilla.pl\/z-konverter\/"},"modified":"2023-10-22T15:41:48","modified_gmt":"2023-10-22T13:41:48","slug":"z-conversor_3d","status":"publish","type":"page","link":"https:\/\/www.cadvilla.com\/pt-br\/z-conversor_3d\/","title":{"rendered":"Conversor 3D &#8211; m\u00f3dulo adicional para Cadvilla"},"content":{"rendered":"<section class=\"l-section wpb_row ca-headerbackground0 height_auto\"><div class=\"l-section-h i-cf\"><div class=\"g-cols vc_row via_grid cols_1 laptops-cols_inherit tablets-cols_inherit mobiles-cols_1 valign_bottom type_default stacking_default\"><div class=\"wpb_column vc_column_container\"><div class=\"vc_column-inner\"><\/div><\/div><\/div><\/div><\/section><section class=\"l-section wpb_row height_auto\"><div class=\"l-section-h i-cf\"><div class=\"g-cols vc_row via_grid cols_1 laptops-cols_inherit tablets-cols_inherit mobiles-cols_1 valign_top type_default stacking_default\"><div class=\"wpb_column vc_column_container\"><div class=\"vc_column-inner\"><\/div><\/div><\/div><\/div><\/section><section class=\"l-section wpb_row ca-headerbg height_small\" id=\"begin\"><div class=\"l-section-h i-cf\"><div class=\"g-cols vc_row via_grid cols_1 laptops-cols_inherit tablets-cols_inherit mobiles-cols_1 valign_top type_default stacking_default\"><div class=\"wpb_column vc_column_container\"><div class=\"vc_column-inner\"><div class=\"wpb_text_column ca-heading1\"><div class=\"wpb_wrapper\"><h1>Conversor 3D &#8211; m\u00f3dulo adicional para Cadvilla<\/h1>\n<\/div><\/div><\/div><\/div><\/div><\/div><\/section><section class=\"l-section wpb_row height_medium\"><div class=\"l-section-h i-cf\"><div class=\"g-cols vc_row via_grid cols_3-1 laptops-cols_inherit tablets-cols_inherit mobiles-cols_1 valign_top type_default stacking_default\"><div class=\"wpb_column vc_column_container\"><div class=\"vc_column-inner\"><div class=\"g-cols wpb_row via_grid cols_1-2 laptops-cols_inherit tablets-cols_inherit mobiles-cols_1 valign_top type_default stacking_default\" style=\"--columns-gap:3rem;\"><div class=\"wpb_column vc_column_container\"><div class=\"vc_column-inner\"><div class=\"w-image align_center\"><div class=\"w-image-h\"><img decoding=\"async\" width=\"200\" height=\"200\" src=\"https:\/\/www.cadvilla.com\/wp-content\/uploads\/zusatzmodul_pt-1.png\" class=\"attachment-full size-full\" alt=\"m\u00f3dulo adicional para cadvilla\" loading=\"lazy\" \/><\/div><\/div><div class=\"wpb_text_column ca-product-small_info\"><div class=\"wpb_wrapper\"><p>Liberar via ativa\u00e7\u00e3o<\/p>\n<\/div><\/div><\/div><\/div><div class=\"wpb_column vc_column_container\"><div class=\"vc_column-inner\"><div class=\"wpb_text_column\"><div class=\"wpb_wrapper\"><h2><strong>Conversor 3D &#8211; Plugin<\/strong><\/h2>\n<h4><strong><span style=\"color: #ff9900;\">69,90 \u20ac *<br \/>\n<\/span><\/strong><\/h4>\n<p><span style=\"color: #999999;\">(Pre\u00e7o de lista recomendado, atualmente nenhuma a\u00e7\u00e3o dispon\u00edvel)<\/span><\/p>\n<p>\u2013 Todos os pre\u00e7os incluem IVA Colec\u00e7\u00e3o<\/p>\n<\/div><\/div><div class=\"w-btn-wrapper align_left\"><a class=\"w-btn us-btn-style_2 us_custom_2d9ebfef icon_atleft\" rel=\"nofollow\" href=\"https:\/\/www.cleverbridge.com\/1106\/?scope=checkout&amp;cart=221257&amp;languages=pb&amp;cookie=true&amp;cfg=design_2018&amp;recommendation=addbackup\"><i class=\"fas fa-download\"><\/i><span class=\"w-btn-label\">Comprar Plugin<\/span><\/a><\/div><div class=\"w-separator size_medium\"><\/div><\/div><\/div><\/div><div class=\"g-cols wpb_row via_grid cols_1 laptops-cols_inherit tablets-cols_inherit mobiles-cols_1 valign_top type_default stacking_default\" style=\"--columns-gap:3rem;\"><div class=\"wpb_column vc_column_container\"><div class=\"vc_column-inner\"><div class=\"wpb_text_column\"><div class=\"wpb_wrapper\"><h2>Uma poderosa ferramenta para convers\u00e3o de objetos<\/h2>\n<\/div><\/div><div class=\"wpb_text_column\"><div class=\"wpb_wrapper\"><p>Essencialmente, o conversor 3D serve para aproveitar os modelos 3D provenientes de outros softwares. Al\u00e9m disso, pode-se carregar os modelos existentes, edit\u00e1-los e salv\u00e1-los em outros formatos.<\/p>\n<p>Este produto \u00e9 destinado a todos os usu\u00e1rios que j\u00e1 possuem modelos, outros que criam ou adquirem modelos espec\u00edficos, assim como os usu\u00e1rios que desejam utilizar este software como uma ferramenta suplementar de suas tarefas em outros aplicativos de visualiza\u00e7\u00e3o 3D.<\/p>\n<p>Atualmente o conversor 3D suporta os seguintes formatos:<\/p>\n<ul>\n<li>Arquivo de objetos do cadvilla<\/li>\n<li>Arquivo de objetos 3DS (*.3ds)<\/li>\n<li>Arquivo de objetos Caligari trueSpace (*.cob, *.scn)<\/li>\n<li>Arquivo de objetos 3D-DXF (*.dxf)<\/li>\n<li>Arquivo de objetos Amapi (*.a3d)<\/li>\n<li>Arquivo de objetos Lightwave (*.lw, *.lwo, *.lwm, *.lwb)<\/li>\n<li>Arquivo de objetos Wavefront (*.obj)<\/li>\n<li>Arquivo de Collada (*.dae)<\/li>\n<li>Arquivo de Autodesk FBX (*.fbx)<\/li>\n<li>Arquivo de Stereolithography (*.stl)<\/li>\n<li>VRML 1.0\/2.0 (*.wrl, *.wrl97, *.vrml)<\/li>\n<\/ul>\n<\/div><\/div><div class=\"wpb_text_column\"><div class=\"wpb_wrapper\"><h3>Este plugin est\u00e1 incluso nas seguintes vers\u00f5es do cadvilla<\/h3>\n<\/div><\/div><div class=\"w-tabs us_custom_89477bc8 style_default switch_click accordion type_togglable has_scrolling\" style=\"--sections-title-size:18px\"><div class=\"w-tabs-sections titles-align_none icon_chevron cpos_right\"><div class=\"w-tabs-section vergleich_header has_text_color\" id=\"a35b\" style=\"color:rgba(31,31,31,0.01);\"><button class=\"w-tabs-section-header with_icon\" aria-controls=\"content-a35b\" aria-expanded=\"false\"><i class=\"fas fa-table\"><\/i><div class=\"w-tabs-section-title\">Tab 1<\/div><div class=\"w-tabs-section-control\"><\/div><\/button><div  class=\"w-tabs-section-content\" id=\"content-a35b\"><div class=\"w-tabs-section-content-h i-cf\"><div class=\"wpb_text_column\"><div class=\"wpb_wrapper\"><\/div><\/div><\/div><\/div><\/div><div class=\"w-tabs-section vergleich_xx_xxx_cp_cpp\" id=\"g4eb\"><button class=\"w-tabs-section-header\" aria-controls=\"content-g4eb\" aria-expanded=\"false\"><div class=\"w-tabs-section-title\">Conversor 3D<\/div><div class=\"w-tabs-section-control\"><\/div><\/button><div  class=\"w-tabs-section-content\" id=\"content-g4eb\"><div class=\"w-tabs-section-content-h i-cf\"><div class=\"wpb_text_column\"><div class=\"wpb_wrapper\"><\/div><\/div><\/div><\/div><\/div><\/div><\/div><\/div><\/div><\/div><div class=\"w-separator size_large\"><\/div><div class=\"g-cols wpb_row us_custom_79981fe8 via_grid cols_1 laptops-cols_inherit tablets-cols_inherit mobiles-cols_1 valign_top type_default stacking_default\" style=\"--columns-gap:3rem;\"><div class=\"wpb_column vc_column_container\"><div class=\"vc_column-inner\"><div class=\"wpb_text_column\"><div class=\"wpb_wrapper\"><h2>Recursos &#8211; O m\u00f3dulo adicional Conversor 3D<\/h2>\n<\/div><\/div><div class=\"w-tabs us_custom_89477bc8 style_default switch_click accordion type_togglable has_scrolling\" style=\"--sections-title-size:18px\"><div class=\"w-tabs-sections titles-align_none icon_chevron cpos_right\"><div class=\"w-tabs-section active\" id=\"v8fa\"><button class=\"w-tabs-section-header active with_icon\" aria-controls=\"content-v8fa\" aria-expanded=\"true\"><i class=\"fas fa-plus\"><\/i><div class=\"w-tabs-section-title\">Importa\u00e7\u00e3o e edi\u00e7\u00e3o de objetos 3D<\/div><div class=\"w-tabs-section-control\"><\/div><\/button><div  class=\"w-tabs-section-content\" id=\"content-v8fa\"><div class=\"w-tabs-section-content-h i-cf\"><div class=\"wpb_text_column\"><div class=\"wpb_wrapper\"><p><img data-dominant-color=\"bab6b5\" data-has-transparency=\"false\" style=\"--dominant-color: #bab6b5;\" loading=\"lazy\" decoding=\"async\" class=\"alignright wp-image-2767 size-full not-transparent\" title=\"Importa\u00e7\u00e3o e edi\u00e7\u00e3o de objetos 3D\" src=\"https:\/\/www.cadvilla.com\/wp-content\/uploads\/3d-konverter_gesamt.png\" alt=\"Importa\u00e7\u00e3o e edi\u00e7\u00e3o de objetos 3D\" width=\"300\" height=\"180\" \/><\/p>\n<p>Com o conversor 3D pode-se converter os objetos de diversos formatos e prepar\u00e1-los para seu uso no cat\u00e1logo e tamb\u00e9m em outros plugins. O conversor oferece v\u00e1rias fun\u00e7\u00f5es para editar os modelos, sendo elas disponibilizadas em fun\u00e7\u00e3o do formato de origem.<\/p>\n<p>Entre outras, as fun\u00e7\u00f5es b\u00e1sicas dispon\u00edveis s\u00e3o:<\/p>\n<ul>\n<li>Tornar os subobjetos vis\u00edveis ou invis\u00edveis<\/li>\n<li>Editar as propriedades de materiais<\/li>\n<li>Modificar texturas e editar as coordenadas de texturas<\/li>\n<li>Adicionar ou adequar fontes de luz<\/li>\n<li>Definir escala nos objetos<\/li>\n<li>Salvar arquivos PDF diretamente no objeto e adicionar links de Internet<\/li>\n<\/ul>\n<\/div><\/div><\/div><\/div><\/div><div class=\"w-tabs-section active\" id=\"ub43\"><button class=\"w-tabs-section-header active with_icon\" aria-controls=\"content-ub43\" aria-expanded=\"true\"><i class=\"fas fa-plus\"><\/i><div class=\"w-tabs-section-title\">Criar suas pr\u00f3prias fontes de luz para qualquer objeto<\/div><div class=\"w-tabs-section-control\"><\/div><\/button><div  class=\"w-tabs-section-content\" id=\"content-ub43\"><div class=\"w-tabs-section-content-h i-cf\"><div class=\"wpb_text_column\"><div class=\"wpb_wrapper\"><p>Esta fun\u00e7\u00e3o \u00e9 especialmente \u00fatil para projetar fontes de luz sobre objetos existentes e objetos novos.<\/p>\n<p>Se distingue entre:<\/p>\n<ul>\n<li>adicionar fonte de luz ambiente<\/li>\n<li>adicionar fontes de luz direcionais<\/li>\n<li>adicionar spots<\/li>\n<li>adicionar luz pontual<\/li>\n<\/ul>\n<p>As fontes de luz ambiente iluminam todas as superf\u00edcies do cen\u00e1rio de modo uniforme e consequentemente aumentam a claridade. No entanto, elas n\u00e3o produzem nenhuma sombra.<\/p>\n<p>As fontes de luz direcionais iluminam o cen\u00e1rio a partir de uma \u00fanica dire\u00e7\u00e3o e se encontram &#8216;internamente&#8217; a uma dist\u00e2ncia infinita da posi\u00e7\u00e3o do observador ou da constru\u00e7\u00e3o. O sol \u00e9 um exemplo de fonte de luz direcional.<\/p>\n<p>As luzes pontuais t\u00eam uma posi\u00e7\u00e3o definida em rela\u00e7\u00e3o ao objeto e mais se aproximam das l\u00e2mpadas usadas na decora\u00e7\u00e3o de interiores. A luz propaga em todas as dire\u00e7\u00f5es em torno da fonte de luz.<\/p>\n<p>Os spots, como no caso das luzes pontuais, t\u00eam uma posi\u00e7\u00e3o definida em rela\u00e7\u00e3o ao objeto e tamb\u00e9m se assemelham \u00e0s l\u00e2mpadas residenciais. No entanto, eles n\u00e3o propagam a luz em todas as dire\u00e7\u00f5es como ocorre nas luzes pontuais, mas sim propagam a luz em uma \u00fanica dire\u00e7\u00e3o, na forma de um cone, com uma inclina\u00e7\u00e3o e um \u00e2ngulo de abertura.<\/p>\n<\/div><\/div><\/div><\/div><\/div><div class=\"w-tabs-section active\" id=\"ld38\"><button class=\"w-tabs-section-header active with_icon\" aria-controls=\"content-ld38\" aria-expanded=\"true\"><i class=\"fas fa-plus\"><\/i><div class=\"w-tabs-section-title\">Criando vers\u00f5es a partir de subobjetos<\/div><div class=\"w-tabs-section-control\"><\/div><\/button><div  class=\"w-tabs-section-content\" id=\"content-ld38\"><div class=\"w-tabs-section-content-h i-cf\"><div class=\"wpb_text_column\"><div class=\"wpb_wrapper\"><p>Os objetos 3D podem consistir de v\u00e1rios subobjetos, que por sua vez formam uma unidade. Uma unidade de cozinha, por exemplo, poderia consistir de um bloco, uma gaveta com seu respectivo puxador.<\/p>\n<p>Desativando-se o puxador e deixando-se a gaveta invis\u00edvel pode-se criar e armazenar um novo objeto. Al\u00e9m disso, o puxador existente poderia ser desativado e substitu\u00eddo por um de outro tipo.<\/p>\n<p>Dessa maneira tornam-se infind\u00e1veis as possibilidades de se criar novos objetos.<\/p>\n<\/div><\/div><\/div><\/div><\/div><\/div><\/div><\/div><\/div><\/div><\/div><\/div><div class=\"wpb_column vc_column_container\"><div class=\"vc_column-inner\"><div class=\"wpb_text_column\"><div class=\"wpb_wrapper\"><h5><span class=\"ca-headertext-seitenleiste\">M\u00f3dulos Adicionais<\/span><\/h5>\n<\/div><\/div><div class=\"wpb_widgetised_column wpb_content_element\"><div class=\"wpb_wrapper\"><div id=\"nav_menu-7\" class=\"widget widget_nav_menu\"><div class=\"menu-zusatzmodule-pt-container\"><ul id=\"menu-zusatzmodule-pt\" class=\"menu\"><li id=\"menu-item-3241\" class=\"menu-item menu-item-type-post_type menu-item-object-page menu-item-3241\"><a href=\"https:\/\/www.cadvilla.com\/pt-br\/z-lista_de_quantidades\/\"><i class=\"fas fa-plus\"><\/i> C\u00e1lculo de massas e \u00e1reas<\/a><\/li>\n<li id=\"menu-item-3240\" class=\"menu-item menu-item-type-post_type menu-item-object-page menu-item-3240\"><a href=\"https:\/\/www.cadvilla.com\/pt-br\/z-conversor_3d\/\"><i class=\"fas fa-plus\"><\/i> Conversor 3D<\/a><\/li>\n<li id=\"menu-item-3239\" class=\"menu-item menu-item-type-post_type menu-item-object-page menu-item-3239\"><a href=\"https:\/\/www.cadvilla.com\/pt-br\/z-projeto_arquitetonico\/\"><i class=\"fas fa-plus\"><\/i> Projeto arquitet\u00f4nico<\/a><\/li>\n<li id=\"menu-item-3238\" class=\"menu-item menu-item-type-post_type menu-item-object-page menu-item-3238\"><a href=\"https:\/\/www.cadvilla.com\/pt-br\/z-importacao_2d_de_dxf_e_dwg\/\"><i class=\"fas fa-plus\"><\/i> Importa\u00e7\u00e3o 2D DXF\/DWG<\/a><\/li>\n<li id=\"menu-item-3237\" class=\"menu-item menu-item-type-post_type menu-item-object-page menu-item-3237\"><a href=\"https:\/\/www.cadvilla.com\/pt-br\/z-exportacao_2d_para_dxf_e_dwg\/\"><i class=\"fas fa-plus\"><\/i> Exporta\u00e7\u00e3o 2D DXF\/DWG<\/a><\/li>\n<li id=\"menu-item-3236\" class=\"menu-item menu-item-type-post_type menu-item-object-page menu-item-3236\"><a href=\"https:\/\/www.cadvilla.com\/pt-br\/z-construcao_de_janelas\/\"><i class=\"fas fa-plus\"><\/i> Constru\u00e7\u00e3o de Janelas<\/a><\/li>\n<li id=\"menu-item-3235\" class=\"menu-item menu-item-type-post_type menu-item-object-page menu-item-3235\"><a href=\"https:\/\/www.cadvilla.com\/pt-br\/z-exportar_para_cinema_4d\/\"><i class=\"fas fa-plus\"><\/i> Exportar para CINEMA 4D<\/a><\/li>\n<\/ul><\/div><\/div><\/div><\/div><\/div><\/div><\/div><\/div><\/section>\n","protected":false},"excerpt":{"rendered":"Conversor 3D &#8211; m\u00f3dulo adicional para Cadvilla Liberar via ativa\u00e7\u00e3o Conversor 3D &#8211; Plugin 69,90 \u20ac * (Pre\u00e7o de lista recomendado, atualmente nenhuma a\u00e7\u00e3o dispon\u00edvel) \u2013 Todos os pre\u00e7os incluem IVA Colec\u00e7\u00e3o Comprar Plugin Uma poderosa ferramenta para convers\u00e3o de objetos Essencialmente, o conversor 3D serve para aproveitar os modelos 3D provenientes de outros softwares....","protected":false},"author":1,"featured_media":0,"parent":0,"menu_order":0,"comment_status":"closed","ping_status":"closed","template":"","meta":{"footnotes":""},"class_list":["post-3210","page","type-page","status-publish","hentry"],"yoast_head":"<!-- This site is optimized with the Yoast SEO plugin v27.4 - https:\/\/yoast.com\/product\/yoast-seo-wordpress\/ -->\n<title>Conversor 3D<\/title>\n<meta name=\"robots\" content=\"index, follow, max-snippet:-1, max-image-preview:large, max-video-preview:-1\" \/>\n<link rel=\"canonical\" href=\"https:\/\/www.cadvilla.com\/pt-br\/z-conversor_3d\/\" \/>\n<meta property=\"og:locale\" content=\"pt_BR\" \/>\n<meta property=\"og:type\" content=\"article\" \/>\n<meta property=\"og:title\" content=\"Conversor 3D\" \/>\n<meta property=\"og:url\" content=\"https:\/\/www.cadvilla.com\/pt-br\/z-conversor_3d\/\" \/>\n<meta property=\"og:site_name\" content=\"cadvilla\" \/>\n<meta property=\"article:modified_time\" content=\"2023-10-22T13:41:48+00:00\" \/>\n<meta property=\"og:image\" content=\"https:\/\/www.cadvilla.com\/wp-content\/uploads\/3d-konverter_gesamt.png\" \/>\n<meta name=\"twitter:card\" content=\"summary_large_image\" \/>\n<meta name=\"twitter:label1\" content=\"Est. tempo de leitura\" \/>\n\t<meta name=\"twitter:data1\" content=\"4 minutos\" \/>\n<script type=\"application\/ld+json\" class=\"yoast-schema-graph\">{\"@context\":\"https:\\\/\\\/schema.org\",\"@graph\":[{\"@type\":\"WebPage\",\"@id\":\"https:\\\/\\\/www.cadvilla.com\\\/pt-br\\\/z-conversor_3d\\\/\",\"url\":\"https:\\\/\\\/www.cadvilla.com\\\/pt-br\\\/z-conversor_3d\\\/\",\"name\":\"Conversor 3D\",\"isPartOf\":{\"@id\":\"https:\\\/\\\/www.cadvilla.com\\\/pt-br\\\/#website\"},\"primaryImageOfPage\":{\"@id\":\"https:\\\/\\\/www.cadvilla.com\\\/pt-br\\\/z-conversor_3d\\\/#primaryimage\"},\"image\":{\"@id\":\"https:\\\/\\\/www.cadvilla.com\\\/pt-br\\\/z-conversor_3d\\\/#primaryimage\"},\"thumbnailUrl\":\"https:\\\/\\\/www.cadvilla.com\\\/wp-content\\\/uploads\\\/3d-konverter_gesamt.png\",\"datePublished\":\"2019-05-16T09:59:14+00:00\",\"dateModified\":\"2023-10-22T13:41:48+00:00\",\"breadcrumb\":{\"@id\":\"https:\\\/\\\/www.cadvilla.com\\\/pt-br\\\/z-conversor_3d\\\/#breadcrumb\"},\"inLanguage\":\"pt-BR\",\"potentialAction\":[{\"@type\":\"ReadAction\",\"target\":[\"https:\\\/\\\/www.cadvilla.com\\\/pt-br\\\/z-conversor_3d\\\/\"]}]},{\"@type\":\"ImageObject\",\"inLanguage\":\"pt-BR\",\"@id\":\"https:\\\/\\\/www.cadvilla.com\\\/pt-br\\\/z-conversor_3d\\\/#primaryimage\",\"url\":\"https:\\\/\\\/www.cadvilla.com\\\/wp-content\\\/uploads\\\/3d-konverter_gesamt.png\",\"contentUrl\":\"https:\\\/\\\/www.cadvilla.com\\\/wp-content\\\/uploads\\\/3d-konverter_gesamt.png\"},{\"@type\":\"BreadcrumbList\",\"@id\":\"https:\\\/\\\/www.cadvilla.com\\\/pt-br\\\/z-conversor_3d\\\/#breadcrumb\",\"itemListElement\":[{\"@type\":\"ListItem\",\"position\":1,\"name\":\"Startseite\",\"item\":\"https:\\\/\\\/www.cadvilla.com\\\/pt-br\\\/\"},{\"@type\":\"ListItem\",\"position\":2,\"name\":\"Conversor 3D &#8211; m\u00f3dulo adicional para Cadvilla\"}]},{\"@type\":\"WebSite\",\"@id\":\"https:\\\/\\\/www.cadvilla.com\\\/pt-br\\\/#website\",\"url\":\"https:\\\/\\\/www.cadvilla.com\\\/pt-br\\\/\",\"name\":\"cadvilla\",\"description\":\"\",\"publisher\":{\"@id\":\"https:\\\/\\\/www.cadvilla.com\\\/pt-br\\\/#organization\"},\"potentialAction\":[{\"@type\":\"SearchAction\",\"target\":{\"@type\":\"EntryPoint\",\"urlTemplate\":\"https:\\\/\\\/www.cadvilla.com\\\/pt-br\\\/?s={search_term_string}\"},\"query-input\":{\"@type\":\"PropertyValueSpecification\",\"valueRequired\":true,\"valueName\":\"search_term_string\"}}],\"inLanguage\":\"pt-BR\"},{\"@type\":\"Organization\",\"@id\":\"https:\\\/\\\/www.cadvilla.com\\\/pt-br\\\/#organization\",\"name\":\"cadvilla\",\"url\":\"https:\\\/\\\/www.cadvilla.com\\\/pt-br\\\/\",\"logo\":{\"@type\":\"ImageObject\",\"inLanguage\":\"pt-BR\",\"@id\":\"https:\\\/\\\/www.cadvilla.com\\\/pt-br\\\/#\\\/schema\\\/logo\\\/image\\\/\",\"url\":\"https:\\\/\\\/www.cadvilla.com\\\/wp-content\\\/uploads\\\/logo_cadvilla.png\",\"contentUrl\":\"https:\\\/\\\/www.cadvilla.com\\\/wp-content\\\/uploads\\\/logo_cadvilla.png\",\"width\":157,\"height\":51,\"caption\":\"cadvilla\"},\"image\":{\"@id\":\"https:\\\/\\\/www.cadvilla.com\\\/pt-br\\\/#\\\/schema\\\/logo\\\/image\\\/\"}}]}<\/script>\n<!-- \/ Yoast SEO plugin. -->","yoast_head_json":{"title":"Conversor 3D","robots":{"index":"index","follow":"follow","max-snippet":"max-snippet:-1","max-image-preview":"max-image-preview:large","max-video-preview":"max-video-preview:-1"},"canonical":"https:\/\/www.cadvilla.com\/pt-br\/z-conversor_3d\/","og_locale":"pt_BR","og_type":"article","og_title":"Conversor 3D","og_url":"https:\/\/www.cadvilla.com\/pt-br\/z-conversor_3d\/","og_site_name":"cadvilla","article_modified_time":"2023-10-22T13:41:48+00:00","og_image":[{"url":"https:\/\/www.cadvilla.com\/wp-content\/uploads\/3d-konverter_gesamt.png","type":"","width":"","height":""}],"twitter_card":"summary_large_image","twitter_misc":{"Est. tempo de leitura":"4 minutos"},"schema":{"@context":"https:\/\/schema.org","@graph":[{"@type":"WebPage","@id":"https:\/\/www.cadvilla.com\/pt-br\/z-conversor_3d\/","url":"https:\/\/www.cadvilla.com\/pt-br\/z-conversor_3d\/","name":"Conversor 3D","isPartOf":{"@id":"https:\/\/www.cadvilla.com\/pt-br\/#website"},"primaryImageOfPage":{"@id":"https:\/\/www.cadvilla.com\/pt-br\/z-conversor_3d\/#primaryimage"},"image":{"@id":"https:\/\/www.cadvilla.com\/pt-br\/z-conversor_3d\/#primaryimage"},"thumbnailUrl":"https:\/\/www.cadvilla.com\/wp-content\/uploads\/3d-konverter_gesamt.png","datePublished":"2019-05-16T09:59:14+00:00","dateModified":"2023-10-22T13:41:48+00:00","breadcrumb":{"@id":"https:\/\/www.cadvilla.com\/pt-br\/z-conversor_3d\/#breadcrumb"},"inLanguage":"pt-BR","potentialAction":[{"@type":"ReadAction","target":["https:\/\/www.cadvilla.com\/pt-br\/z-conversor_3d\/"]}]},{"@type":"ImageObject","inLanguage":"pt-BR","@id":"https:\/\/www.cadvilla.com\/pt-br\/z-conversor_3d\/#primaryimage","url":"https:\/\/www.cadvilla.com\/wp-content\/uploads\/3d-konverter_gesamt.png","contentUrl":"https:\/\/www.cadvilla.com\/wp-content\/uploads\/3d-konverter_gesamt.png"},{"@type":"BreadcrumbList","@id":"https:\/\/www.cadvilla.com\/pt-br\/z-conversor_3d\/#breadcrumb","itemListElement":[{"@type":"ListItem","position":1,"name":"Startseite","item":"https:\/\/www.cadvilla.com\/pt-br\/"},{"@type":"ListItem","position":2,"name":"Conversor 3D &#8211; m\u00f3dulo adicional para Cadvilla"}]},{"@type":"WebSite","@id":"https:\/\/www.cadvilla.com\/pt-br\/#website","url":"https:\/\/www.cadvilla.com\/pt-br\/","name":"cadvilla","description":"","publisher":{"@id":"https:\/\/www.cadvilla.com\/pt-br\/#organization"},"potentialAction":[{"@type":"SearchAction","target":{"@type":"EntryPoint","urlTemplate":"https:\/\/www.cadvilla.com\/pt-br\/?s={search_term_string}"},"query-input":{"@type":"PropertyValueSpecification","valueRequired":true,"valueName":"search_term_string"}}],"inLanguage":"pt-BR"},{"@type":"Organization","@id":"https:\/\/www.cadvilla.com\/pt-br\/#organization","name":"cadvilla","url":"https:\/\/www.cadvilla.com\/pt-br\/","logo":{"@type":"ImageObject","inLanguage":"pt-BR","@id":"https:\/\/www.cadvilla.com\/pt-br\/#\/schema\/logo\/image\/","url":"https:\/\/www.cadvilla.com\/wp-content\/uploads\/logo_cadvilla.png","contentUrl":"https:\/\/www.cadvilla.com\/wp-content\/uploads\/logo_cadvilla.png","width":157,"height":51,"caption":"cadvilla"},"image":{"@id":"https:\/\/www.cadvilla.com\/pt-br\/#\/schema\/logo\/image\/"}}]}},"_links":{"self":[{"href":"https:\/\/www.cadvilla.com\/pt-br\/wp-json\/wp\/v2\/pages\/3210","targetHints":{"allow":["GET"]}}],"collection":[{"href":"https:\/\/www.cadvilla.com\/pt-br\/wp-json\/wp\/v2\/pages"}],"about":[{"href":"https:\/\/www.cadvilla.com\/pt-br\/wp-json\/wp\/v2\/types\/page"}],"author":[{"embeddable":true,"href":"https:\/\/www.cadvilla.com\/pt-br\/wp-json\/wp\/v2\/users\/1"}],"replies":[{"embeddable":true,"href":"https:\/\/www.cadvilla.com\/pt-br\/wp-json\/wp\/v2\/comments?post=3210"}],"version-history":[{"count":0,"href":"https:\/\/www.cadvilla.com\/pt-br\/wp-json\/wp\/v2\/pages\/3210\/revisions"}],"wp:attachment":[{"href":"https:\/\/www.cadvilla.com\/pt-br\/wp-json\/wp\/v2\/media?parent=3210"}],"curies":[{"name":"wp","href":"https:\/\/api.w.org\/{rel}","templated":true}]}}