{"id":3217,"date":"2019-05-16T12:12:55","date_gmt":"2019-05-16T10:12:55","guid":{"rendered":"https:\/\/www.cadvilla.pl\/z-planzusammenstellung\/"},"modified":"2023-10-22T15:56:52","modified_gmt":"2023-10-22T13:56:52","slug":"z-projeto_arquitetonico","status":"publish","type":"page","link":"https:\/\/www.cadvilla.com\/pt-br\/z-projeto_arquitetonico\/","title":{"rendered":"Projeto arquitet\u00f4nico"},"content":{"rendered":"<section class=\"l-section wpb_row ca-headerbackground0 height_auto\"><div class=\"l-section-h i-cf\"><div class=\"g-cols vc_row via_grid cols_1 laptops-cols_inherit tablets-cols_inherit mobiles-cols_1 valign_bottom type_default stacking_default\"><div class=\"wpb_column vc_column_container\"><div class=\"vc_column-inner\"><\/div><\/div><\/div><\/div><\/section><section class=\"l-section wpb_row height_auto\"><div class=\"l-section-h i-cf\"><div class=\"g-cols vc_row via_grid cols_1 laptops-cols_inherit tablets-cols_inherit mobiles-cols_1 valign_top type_default stacking_default\"><div class=\"wpb_column vc_column_container\"><div class=\"vc_column-inner\"><\/div><\/div><\/div><\/div><\/section><section class=\"l-section wpb_row ca-headerbg height_small\" id=\"begin\"><div class=\"l-section-h i-cf\"><div class=\"g-cols vc_row via_grid cols_1 laptops-cols_inherit tablets-cols_inherit mobiles-cols_1 valign_top type_default stacking_default\"><div class=\"wpb_column vc_column_container\"><div class=\"vc_column-inner\"><div class=\"wpb_text_column ca-heading1\"><div class=\"wpb_wrapper\"><h1>Projeto arquitet\u00f4nico<\/h1>\n<\/div><\/div><\/div><\/div><\/div><\/div><\/section><section class=\"l-section wpb_row height_medium\"><div class=\"l-section-h i-cf\"><div class=\"g-cols vc_row via_grid cols_3-1 laptops-cols_inherit tablets-cols_inherit mobiles-cols_1 valign_top type_default stacking_default\"><div class=\"wpb_column vc_column_container\"><div class=\"vc_column-inner\"><div class=\"g-cols wpb_row via_grid cols_1-2 laptops-cols_inherit tablets-cols_inherit mobiles-cols_1 valign_top type_default stacking_default\" style=\"--columns-gap:3rem;\"><div class=\"wpb_column vc_column_container\"><div class=\"vc_column-inner\"><div class=\"w-image align_center\"><div class=\"w-image-h\"><img decoding=\"async\" width=\"200\" height=\"200\" src=\"https:\/\/www.cadvilla.com\/wp-content\/uploads\/zusatzmodul_pt-1.png\" class=\"attachment-full size-full\" alt=\"m\u00f3dulo adicional para cadvilla\" loading=\"lazy\" \/><\/div><\/div><div class=\"wpb_text_column ca-product-small_info\"><div class=\"wpb_wrapper\"><p>Liberar via ativa\u00e7\u00e3o<\/p>\n<\/div><\/div><\/div><\/div><div class=\"wpb_column vc_column_container\"><div class=\"vc_column-inner\"><div class=\"wpb_text_column\"><div class=\"wpb_wrapper\"><h2><strong>Projeto arquitet\u00f4nico &#8211; Plugin<\/strong><\/h2>\n<h4><strong><span style=\"color: #ff9900;\">58,90 \u20ac *<br \/>\n<\/span><\/strong><\/h4>\n<p><span style=\"color: #999999;\">(Pre\u00e7o de lista recomendado, atualmente nenhuma a\u00e7\u00e3o dispon\u00edvel)<\/span><\/p>\n<p>\u2013 Todos os pre\u00e7os incluem IVA Colec\u00e7\u00e3o<\/p>\n<\/div><\/div><div class=\"w-btn-wrapper align_left\"><a class=\"w-btn us-btn-style_2 us_custom_2d9ebfef icon_atleft\" rel=\"nofollow\" href=\"https:\/\/www.cleverbridge.com\/1106\/?scope=checkout&amp;cart=221258&amp;languages=pb&amp;cookie=true&amp;cfg=design_2018&amp;recommendation=addbackup\"><i class=\"fas fa-download\"><\/i><span class=\"w-btn-label\">Comprar Plugin<\/span><\/a><\/div><div class=\"w-separator size_medium\"><\/div><\/div><\/div><\/div><div class=\"g-cols wpb_row via_grid cols_1 laptops-cols_inherit tablets-cols_inherit mobiles-cols_1 valign_top type_default stacking_default\" style=\"--columns-gap:3rem;\"><div class=\"wpb_column vc_column_container\"><div class=\"vc_column-inner\"><div class=\"wpb_text_column\"><div class=\"wpb_wrapper\"><h2>Uma poderosa ferramenta para gerar toda a documenta\u00e7\u00e3o<\/h2>\n<\/div><\/div><div class=\"wpb_text_column\"><div class=\"wpb_wrapper\"><p>O projeto arquitet\u00f4nico serve para organizar, criar e exportar\/imprimir plantas e desenhos.<\/p>\n<p>O agrupamento \u00e9 realizado de forma direta com os atuais dados do projeto e detalhes de constru\u00e7\u00e3o e sem estar desconectado do modelo da constru\u00e7\u00e3o. Qualquer modifica\u00e7\u00e3o feita na constru\u00e7\u00e3o \u00e9 atualizada automaticamente no projeto arquitet\u00f4nico porque todos os dados est\u00e3o baseados no modelo do projeto. Isso elimina qualquer possibilidade de diverg\u00eancias entre modelo e plano.<\/p>\n<p>Determinadas fun\u00e7\u00f5es padr\u00e3o, como textos, linhas auxiliares, comandos para desenho 2D, s\u00edmbolos 2D inseridos do cat\u00e1logo, etc. tamb\u00e9m podem ser aplicadas nas vistas do projeto. Dessa forma voc\u00ea pode organizar e inserir conte\u00fado no projeto, como imagens, fotos e campos de texto da mesma maneira como voc\u00ea o faz com o software b\u00e1sico.<\/p>\n<p>As legendas criadas podem ser atribu\u00eddas com campos de texto vari\u00e1veis, como propriet\u00e1rio, escala, etc., permitindo ser editadas para outros projetos. Os campos de texto vari\u00e1veis s\u00e3o substitu\u00eddos pelo conte\u00fado real ap\u00f3s a inser\u00e7\u00e3o da legenda.<\/p>\n<\/div><\/div><div class=\"wpb_text_column\"><div class=\"wpb_wrapper\"><h3>Este plugin est\u00e1 incluso nas seguintes vers\u00f5es do cadvilla<\/h3>\n<\/div><\/div><div class=\"w-tabs us_custom_89477bc8 style_default switch_click accordion type_togglable has_scrolling\" style=\"--sections-title-size:18px\"><div class=\"w-tabs-sections titles-align_none icon_chevron cpos_right\"><div class=\"w-tabs-section vergleich_header has_text_color\" id=\"z4f3\" style=\"color:rgba(31,31,31,0.01);\"><button class=\"w-tabs-section-header with_icon\" aria-controls=\"content-z4f3\" aria-expanded=\"false\"><i class=\"fas fa-table\"><\/i><div class=\"w-tabs-section-title\">Tab 1<\/div><div class=\"w-tabs-section-control\"><\/div><\/button><div  class=\"w-tabs-section-content\" id=\"content-z4f3\"><div class=\"w-tabs-section-content-h i-cf\"><div class=\"wpb_text_column\"><div class=\"wpb_wrapper\"><\/div><\/div><\/div><\/div><\/div><div class=\"w-tabs-section vergleich_xx_xxx_cp_cpp\" id=\"a645\"><button class=\"w-tabs-section-header\" aria-controls=\"content-a645\" aria-expanded=\"false\"><div class=\"w-tabs-section-title\">Projeto arquitet\u00f4nico<\/div><div class=\"w-tabs-section-control\"><\/div><\/button><div  class=\"w-tabs-section-content\" id=\"content-a645\"><div class=\"w-tabs-section-content-h i-cf\"><div class=\"wpb_text_column\"><div class=\"wpb_wrapper\"><\/div><\/div><\/div><\/div><\/div><\/div><\/div><\/div><\/div><\/div><div class=\"w-separator size_large\"><\/div><div class=\"g-cols wpb_row us_custom_79981fe8 via_grid cols_1 laptops-cols_inherit tablets-cols_inherit mobiles-cols_1 valign_top type_default stacking_default\" style=\"--columns-gap:3rem;\"><div class=\"wpb_column vc_column_container\"><div class=\"vc_column-inner\"><div class=\"wpb_text_column\"><div class=\"wpb_wrapper\"><h2><span class=\"headline_3\">Recursos &#8211; Projeto arquitet\u00f4nico<\/span><\/h2>\n<\/div><\/div><div class=\"w-tabs us_custom_89477bc8 style_default switch_click accordion type_togglable has_scrolling\" style=\"--sections-title-size:18px\"><div class=\"w-tabs-sections titles-align_none icon_chevron cpos_right\"><div class=\"w-tabs-section active\" id=\"c57a\"><button class=\"w-tabs-section-header active with_icon\" aria-controls=\"content-c57a\" aria-expanded=\"true\"><i class=\"fas fa-plus\"><\/i><div class=\"w-tabs-section-title\">Projeto arquitet\u00f4nico<\/div><div class=\"w-tabs-section-control\"><\/div><\/button><div  class=\"w-tabs-section-content\" id=\"content-c57a\"><div class=\"w-tabs-section-content-h i-cf\"><div class=\"wpb_text_column\"><div class=\"wpb_wrapper\"><p><img data-dominant-color=\"e8eaed\" data-has-transparency=\"false\" style=\"--dominant-color: #e8eaed;\" loading=\"lazy\" decoding=\"async\" class=\"size-full wp-image-2567 alignright not-transparent\" src=\"https:\/\/www.cadvilla.com\/wp-content\/uploads\/planzusammenstellung_gesamt.png\" alt=\"Planzusammenstellung\" width=\"350\" height=\"209\" \/>O projeto arquitet\u00f4nico serve para organizar, criar e exportar\/imprimir plantas e desenhos.<\/p>\n<p>Ele trabalha diretamente com os atuais dados do projeto e detalhes de constru\u00e7\u00e3o e sem estar desconectado do modelo da constru\u00e7\u00e3o.<\/p>\n<p>Qualquer modifica\u00e7\u00e3o feita na constru\u00e7\u00e3o \u00e9 atualizada automaticamente no projeto arquitet\u00f4nico porque todos os dados est\u00e3o baseados no modelo do projeto. Isso elimina qualquer possibilidade de diverg\u00eancias entre modelo e plano.<\/p>\n<p>Procedimento para criar um plano geral em apenas tr\u00eas passos:<\/p>\n<ul>\n<li>Crie uma ou mais vistas 2D do plano em seu projeto<br \/>\n(p. ex. vista de planta 2D, vistas do norte, leste, oeste e sul, corte). Ao criar as vistas voc\u00ea pode adaptar os conte\u00fados exibidos atrav\u00e9s das op\u00e7\u00f5es de visibilidade de categorias. Dessa forma voc\u00ea aproveita todas as fun\u00e7\u00f5es dispon\u00edveis para vistas 2D.<\/li>\n<li>No segundo passo voc\u00ea posiciona livremente em seu projeto arquitet\u00f4nico as vistas 2D dispon\u00edveis no plano.<\/li>\n<li>E o terceiro passo consiste em voc\u00ea complementar o projeto arquitet\u00f4nico com elementos de sua pr\u00f3pria cria\u00e7\u00e3o, como s\u00edmbolos 2D, elementos gr\u00e1ficos 2D e imagens. As imagens podem ser tanto fotos como resultados de visualiza\u00e7\u00e3o capturados de vistas 3D do seu projeto.<\/li>\n<\/ul>\n<p>Assim fica muito r\u00e1pido e f\u00e1cil criar um projeto arquitet\u00f4nico!<\/p>\n<\/div><\/div><\/div><\/div><\/div><\/div><\/div><\/div><\/div><\/div><\/div><\/div><div class=\"wpb_column vc_column_container\"><div class=\"vc_column-inner\"><div class=\"wpb_text_column\"><div class=\"wpb_wrapper\"><h5><span class=\"ca-headertext-seitenleiste\">M\u00f3dulos Adicionais<\/span><\/h5>\n<\/div><\/div><div class=\"wpb_widgetised_column wpb_content_element\"><div class=\"wpb_wrapper\"><div id=\"nav_menu-7\" class=\"widget widget_nav_menu\"><div class=\"menu-zusatzmodule-pt-container\"><ul id=\"menu-zusatzmodule-pt\" class=\"menu\"><li id=\"menu-item-3241\" class=\"menu-item menu-item-type-post_type menu-item-object-page menu-item-3241\"><a href=\"https:\/\/www.cadvilla.com\/pt-br\/z-lista_de_quantidades\/\"><i class=\"fas fa-plus\"><\/i> C\u00e1lculo de massas e \u00e1reas<\/a><\/li>\n<li id=\"menu-item-3240\" class=\"menu-item menu-item-type-post_type menu-item-object-page menu-item-3240\"><a href=\"https:\/\/www.cadvilla.com\/pt-br\/z-conversor_3d\/\"><i class=\"fas fa-plus\"><\/i> Conversor 3D<\/a><\/li>\n<li id=\"menu-item-3239\" class=\"menu-item menu-item-type-post_type menu-item-object-page menu-item-3239\"><a href=\"https:\/\/www.cadvilla.com\/pt-br\/z-projeto_arquitetonico\/\"><i class=\"fas fa-plus\"><\/i> Projeto arquitet\u00f4nico<\/a><\/li>\n<li id=\"menu-item-3238\" class=\"menu-item menu-item-type-post_type menu-item-object-page menu-item-3238\"><a href=\"https:\/\/www.cadvilla.com\/pt-br\/z-importacao_2d_de_dxf_e_dwg\/\"><i class=\"fas fa-plus\"><\/i> Importa\u00e7\u00e3o 2D DXF\/DWG<\/a><\/li>\n<li id=\"menu-item-3237\" class=\"menu-item menu-item-type-post_type menu-item-object-page menu-item-3237\"><a href=\"https:\/\/www.cadvilla.com\/pt-br\/z-exportacao_2d_para_dxf_e_dwg\/\"><i class=\"fas fa-plus\"><\/i> Exporta\u00e7\u00e3o 2D DXF\/DWG<\/a><\/li>\n<li id=\"menu-item-3236\" class=\"menu-item menu-item-type-post_type menu-item-object-page menu-item-3236\"><a href=\"https:\/\/www.cadvilla.com\/pt-br\/z-construcao_de_janelas\/\"><i class=\"fas fa-plus\"><\/i> Constru\u00e7\u00e3o de Janelas<\/a><\/li>\n<li id=\"menu-item-3235\" class=\"menu-item menu-item-type-post_type menu-item-object-page menu-item-3235\"><a href=\"https:\/\/www.cadvilla.com\/pt-br\/z-exportar_para_cinema_4d\/\"><i class=\"fas fa-plus\"><\/i> Exportar para CINEMA 4D<\/a><\/li>\n<\/ul><\/div><\/div><\/div><\/div><\/div><\/div><\/div><\/div><\/section>\n","protected":false},"excerpt":{"rendered":"Projeto arquitet\u00f4nico Liberar via ativa\u00e7\u00e3o Projeto arquitet\u00f4nico &#8211; Plugin 58,90 \u20ac * (Pre\u00e7o de lista recomendado, atualmente nenhuma a\u00e7\u00e3o dispon\u00edvel) \u2013 Todos os pre\u00e7os incluem IVA Colec\u00e7\u00e3o Comprar Plugin Uma poderosa ferramenta para gerar toda a documenta\u00e7\u00e3o O projeto arquitet\u00f4nico serve para organizar, criar e exportar\/imprimir plantas e desenhos. O agrupamento \u00e9 realizado de forma...","protected":false},"author":1,"featured_media":0,"parent":0,"menu_order":0,"comment_status":"closed","ping_status":"closed","template":"","meta":{"footnotes":""},"class_list":["post-3217","page","type-page","status-publish","hentry"],"yoast_head":"<!-- This site is optimized with the Yoast SEO plugin v27.3 - https:\/\/yoast.com\/product\/yoast-seo-wordpress\/ -->\n<title>cadvilla - Projeto arquitet\u00f4nico<\/title>\n<meta name=\"robots\" content=\"index, follow, max-snippet:-1, max-image-preview:large, max-video-preview:-1\" \/>\n<link rel=\"canonical\" href=\"https:\/\/www.cadvilla.com\/pt-br\/z-projeto_arquitetonico\/\" \/>\n<meta property=\"og:locale\" content=\"pt_BR\" \/>\n<meta property=\"og:type\" content=\"article\" \/>\n<meta property=\"og:title\" content=\"cadvilla - Projeto arquitet\u00f4nico\" \/>\n<meta property=\"og:url\" content=\"https:\/\/www.cadvilla.com\/pt-br\/z-projeto_arquitetonico\/\" \/>\n<meta property=\"og:site_name\" content=\"cadvilla\" \/>\n<meta property=\"article:modified_time\" content=\"2023-10-22T13:56:52+00:00\" \/>\n<meta property=\"og:image\" content=\"https:\/\/www.cadvilla.com\/wp-content\/uploads\/planzusammenstellung_gesamt.png\" \/>\n<meta name=\"twitter:card\" content=\"summary_large_image\" \/>\n<meta name=\"twitter:label1\" content=\"Est. tempo de leitura\" \/>\n\t<meta name=\"twitter:data1\" content=\"3 minutos\" \/>\n<script type=\"application\/ld+json\" class=\"yoast-schema-graph\">{\"@context\":\"https:\\\/\\\/schema.org\",\"@graph\":[{\"@type\":\"WebPage\",\"@id\":\"https:\\\/\\\/www.cadvilla.com\\\/pt-br\\\/z-projeto_arquitetonico\\\/\",\"url\":\"https:\\\/\\\/www.cadvilla.com\\\/pt-br\\\/z-projeto_arquitetonico\\\/\",\"name\":\"cadvilla - Projeto arquitet\u00f4nico\",\"isPartOf\":{\"@id\":\"https:\\\/\\\/www.cadvilla.com\\\/pt-br\\\/#website\"},\"primaryImageOfPage\":{\"@id\":\"https:\\\/\\\/www.cadvilla.com\\\/pt-br\\\/z-projeto_arquitetonico\\\/#primaryimage\"},\"image\":{\"@id\":\"https:\\\/\\\/www.cadvilla.com\\\/pt-br\\\/z-projeto_arquitetonico\\\/#primaryimage\"},\"thumbnailUrl\":\"https:\\\/\\\/www.cadvilla.com\\\/wp-content\\\/uploads\\\/planzusammenstellung_gesamt.png\",\"datePublished\":\"2019-05-16T10:12:55+00:00\",\"dateModified\":\"2023-10-22T13:56:52+00:00\",\"breadcrumb\":{\"@id\":\"https:\\\/\\\/www.cadvilla.com\\\/pt-br\\\/z-projeto_arquitetonico\\\/#breadcrumb\"},\"inLanguage\":\"pt-BR\",\"potentialAction\":[{\"@type\":\"ReadAction\",\"target\":[\"https:\\\/\\\/www.cadvilla.com\\\/pt-br\\\/z-projeto_arquitetonico\\\/\"]}]},{\"@type\":\"ImageObject\",\"inLanguage\":\"pt-BR\",\"@id\":\"https:\\\/\\\/www.cadvilla.com\\\/pt-br\\\/z-projeto_arquitetonico\\\/#primaryimage\",\"url\":\"https:\\\/\\\/www.cadvilla.com\\\/wp-content\\\/uploads\\\/planzusammenstellung_gesamt.png\",\"contentUrl\":\"https:\\\/\\\/www.cadvilla.com\\\/wp-content\\\/uploads\\\/planzusammenstellung_gesamt.png\"},{\"@type\":\"BreadcrumbList\",\"@id\":\"https:\\\/\\\/www.cadvilla.com\\\/pt-br\\\/z-projeto_arquitetonico\\\/#breadcrumb\",\"itemListElement\":[{\"@type\":\"ListItem\",\"position\":1,\"name\":\"Startseite\",\"item\":\"https:\\\/\\\/www.cadvilla.com\\\/pt-br\\\/\"},{\"@type\":\"ListItem\",\"position\":2,\"name\":\"Projeto arquitet\u00f4nico\"}]},{\"@type\":\"WebSite\",\"@id\":\"https:\\\/\\\/www.cadvilla.com\\\/pt-br\\\/#website\",\"url\":\"https:\\\/\\\/www.cadvilla.com\\\/pt-br\\\/\",\"name\":\"cadvilla\",\"description\":\"\",\"publisher\":{\"@id\":\"https:\\\/\\\/www.cadvilla.com\\\/pt-br\\\/#organization\"},\"potentialAction\":[{\"@type\":\"SearchAction\",\"target\":{\"@type\":\"EntryPoint\",\"urlTemplate\":\"https:\\\/\\\/www.cadvilla.com\\\/pt-br\\\/?s={search_term_string}\"},\"query-input\":{\"@type\":\"PropertyValueSpecification\",\"valueRequired\":true,\"valueName\":\"search_term_string\"}}],\"inLanguage\":\"pt-BR\"},{\"@type\":\"Organization\",\"@id\":\"https:\\\/\\\/www.cadvilla.com\\\/pt-br\\\/#organization\",\"name\":\"cadvilla\",\"url\":\"https:\\\/\\\/www.cadvilla.com\\\/pt-br\\\/\",\"logo\":{\"@type\":\"ImageObject\",\"inLanguage\":\"pt-BR\",\"@id\":\"https:\\\/\\\/www.cadvilla.com\\\/pt-br\\\/#\\\/schema\\\/logo\\\/image\\\/\",\"url\":\"https:\\\/\\\/www.cadvilla.com\\\/wp-content\\\/uploads\\\/logo_cadvilla.png\",\"contentUrl\":\"https:\\\/\\\/www.cadvilla.com\\\/wp-content\\\/uploads\\\/logo_cadvilla.png\",\"width\":157,\"height\":51,\"caption\":\"cadvilla\"},\"image\":{\"@id\":\"https:\\\/\\\/www.cadvilla.com\\\/pt-br\\\/#\\\/schema\\\/logo\\\/image\\\/\"}}]}<\/script>\n<!-- \/ Yoast SEO plugin. -->","yoast_head_json":{"title":"cadvilla - Projeto arquitet\u00f4nico","robots":{"index":"index","follow":"follow","max-snippet":"max-snippet:-1","max-image-preview":"max-image-preview:large","max-video-preview":"max-video-preview:-1"},"canonical":"https:\/\/www.cadvilla.com\/pt-br\/z-projeto_arquitetonico\/","og_locale":"pt_BR","og_type":"article","og_title":"cadvilla - Projeto arquitet\u00f4nico","og_url":"https:\/\/www.cadvilla.com\/pt-br\/z-projeto_arquitetonico\/","og_site_name":"cadvilla","article_modified_time":"2023-10-22T13:56:52+00:00","og_image":[{"url":"https:\/\/www.cadvilla.com\/wp-content\/uploads\/planzusammenstellung_gesamt.png","type":"","width":"","height":""}],"twitter_card":"summary_large_image","twitter_misc":{"Est. tempo de leitura":"3 minutos"},"schema":{"@context":"https:\/\/schema.org","@graph":[{"@type":"WebPage","@id":"https:\/\/www.cadvilla.com\/pt-br\/z-projeto_arquitetonico\/","url":"https:\/\/www.cadvilla.com\/pt-br\/z-projeto_arquitetonico\/","name":"cadvilla - Projeto arquitet\u00f4nico","isPartOf":{"@id":"https:\/\/www.cadvilla.com\/pt-br\/#website"},"primaryImageOfPage":{"@id":"https:\/\/www.cadvilla.com\/pt-br\/z-projeto_arquitetonico\/#primaryimage"},"image":{"@id":"https:\/\/www.cadvilla.com\/pt-br\/z-projeto_arquitetonico\/#primaryimage"},"thumbnailUrl":"https:\/\/www.cadvilla.com\/wp-content\/uploads\/planzusammenstellung_gesamt.png","datePublished":"2019-05-16T10:12:55+00:00","dateModified":"2023-10-22T13:56:52+00:00","breadcrumb":{"@id":"https:\/\/www.cadvilla.com\/pt-br\/z-projeto_arquitetonico\/#breadcrumb"},"inLanguage":"pt-BR","potentialAction":[{"@type":"ReadAction","target":["https:\/\/www.cadvilla.com\/pt-br\/z-projeto_arquitetonico\/"]}]},{"@type":"ImageObject","inLanguage":"pt-BR","@id":"https:\/\/www.cadvilla.com\/pt-br\/z-projeto_arquitetonico\/#primaryimage","url":"https:\/\/www.cadvilla.com\/wp-content\/uploads\/planzusammenstellung_gesamt.png","contentUrl":"https:\/\/www.cadvilla.com\/wp-content\/uploads\/planzusammenstellung_gesamt.png"},{"@type":"BreadcrumbList","@id":"https:\/\/www.cadvilla.com\/pt-br\/z-projeto_arquitetonico\/#breadcrumb","itemListElement":[{"@type":"ListItem","position":1,"name":"Startseite","item":"https:\/\/www.cadvilla.com\/pt-br\/"},{"@type":"ListItem","position":2,"name":"Projeto arquitet\u00f4nico"}]},{"@type":"WebSite","@id":"https:\/\/www.cadvilla.com\/pt-br\/#website","url":"https:\/\/www.cadvilla.com\/pt-br\/","name":"cadvilla","description":"","publisher":{"@id":"https:\/\/www.cadvilla.com\/pt-br\/#organization"},"potentialAction":[{"@type":"SearchAction","target":{"@type":"EntryPoint","urlTemplate":"https:\/\/www.cadvilla.com\/pt-br\/?s={search_term_string}"},"query-input":{"@type":"PropertyValueSpecification","valueRequired":true,"valueName":"search_term_string"}}],"inLanguage":"pt-BR"},{"@type":"Organization","@id":"https:\/\/www.cadvilla.com\/pt-br\/#organization","name":"cadvilla","url":"https:\/\/www.cadvilla.com\/pt-br\/","logo":{"@type":"ImageObject","inLanguage":"pt-BR","@id":"https:\/\/www.cadvilla.com\/pt-br\/#\/schema\/logo\/image\/","url":"https:\/\/www.cadvilla.com\/wp-content\/uploads\/logo_cadvilla.png","contentUrl":"https:\/\/www.cadvilla.com\/wp-content\/uploads\/logo_cadvilla.png","width":157,"height":51,"caption":"cadvilla"},"image":{"@id":"https:\/\/www.cadvilla.com\/pt-br\/#\/schema\/logo\/image\/"}}]}},"_links":{"self":[{"href":"https:\/\/www.cadvilla.com\/pt-br\/wp-json\/wp\/v2\/pages\/3217","targetHints":{"allow":["GET"]}}],"collection":[{"href":"https:\/\/www.cadvilla.com\/pt-br\/wp-json\/wp\/v2\/pages"}],"about":[{"href":"https:\/\/www.cadvilla.com\/pt-br\/wp-json\/wp\/v2\/types\/page"}],"author":[{"embeddable":true,"href":"https:\/\/www.cadvilla.com\/pt-br\/wp-json\/wp\/v2\/users\/1"}],"replies":[{"embeddable":true,"href":"https:\/\/www.cadvilla.com\/pt-br\/wp-json\/wp\/v2\/comments?post=3217"}],"version-history":[{"count":0,"href":"https:\/\/www.cadvilla.com\/pt-br\/wp-json\/wp\/v2\/pages\/3217\/revisions"}],"wp:attachment":[{"href":"https:\/\/www.cadvilla.com\/pt-br\/wp-json\/wp\/v2\/media?parent=3217"}],"curies":[{"name":"wp","href":"https:\/\/api.w.org\/{rel}","templated":true}]}}