{"id":3224,"date":"2019-05-16T12:23:52","date_gmt":"2019-05-16T10:23:52","guid":{"rendered":"https:\/\/www.cadvilla.pl\/z-importacao_2d_de_dxf_e_dwg\/"},"modified":"2023-10-22T15:46:16","modified_gmt":"2023-10-22T13:46:16","slug":"z-importacao_2d_de_dxf_e_dwg","status":"publish","type":"page","link":"https:\/\/www.cadvilla.com\/pt-br\/z-importacao_2d_de_dxf_e_dwg\/","title":{"rendered":"Importa\u00e7\u00e3o 2D de DXF e DWG"},"content":{"rendered":"<section class=\"l-section wpb_row ca-headerbackground0 height_auto\"><div class=\"l-section-h i-cf\"><div class=\"g-cols vc_row via_grid cols_1 laptops-cols_inherit tablets-cols_inherit mobiles-cols_1 valign_bottom type_default stacking_default\"><div class=\"wpb_column vc_column_container\"><div class=\"vc_column-inner\"><\/div><\/div><\/div><\/div><\/section><section class=\"l-section wpb_row height_auto\"><div class=\"l-section-h i-cf\"><div class=\"g-cols vc_row via_grid cols_1 laptops-cols_inherit tablets-cols_inherit mobiles-cols_1 valign_top type_default stacking_default\"><div class=\"wpb_column vc_column_container\"><div class=\"vc_column-inner\"><\/div><\/div><\/div><\/div><\/section><section class=\"l-section wpb_row ca-headerbg height_small\" id=\"begin\"><div class=\"l-section-h i-cf\"><div class=\"g-cols vc_row via_grid cols_1 laptops-cols_inherit tablets-cols_inherit mobiles-cols_1 valign_top type_default stacking_default\"><div class=\"wpb_column vc_column_container\"><div class=\"vc_column-inner\"><div class=\"wpb_text_column ca-heading1\"><div class=\"wpb_wrapper\"><h1>Importa\u00e7\u00e3o 2D de DXF e DWG<\/h1>\n<\/div><\/div><\/div><\/div><\/div><\/div><\/section><section class=\"l-section wpb_row height_medium\"><div class=\"l-section-h i-cf\"><div class=\"g-cols vc_row via_grid cols_3-1 laptops-cols_inherit tablets-cols_inherit mobiles-cols_1 valign_top type_default stacking_default\"><div class=\"wpb_column vc_column_container\"><div class=\"vc_column-inner\"><div class=\"g-cols wpb_row via_grid cols_1-2 laptops-cols_inherit tablets-cols_inherit mobiles-cols_1 valign_top type_default stacking_default\" style=\"--columns-gap:3rem;\"><div class=\"wpb_column vc_column_container\"><div class=\"vc_column-inner\"><div class=\"w-image align_center\"><div class=\"w-image-h\"><img decoding=\"async\" width=\"200\" height=\"200\" src=\"https:\/\/www.cadvilla.com\/wp-content\/uploads\/zusatzmodul_pt-1.png\" class=\"attachment-full size-full\" alt=\"m\u00f3dulo adicional para cadvilla\" loading=\"lazy\" \/><\/div><\/div><div class=\"wpb_text_column ca-product-small_info\"><div class=\"wpb_wrapper\"><p>Liberar via ativa\u00e7\u00e3o<\/p>\n<\/div><\/div><\/div><\/div><div class=\"wpb_column vc_column_container\"><div class=\"vc_column-inner\"><div class=\"wpb_text_column\"><div class=\"wpb_wrapper\"><h2><strong>Importa\u00e7\u00e3o 2D de DXF\/DWG &#8211; Plugin<\/strong><\/h2>\n<h4><strong><span style=\"color: #ff9900;\">94,50 \u20ac *<br \/>\n<\/span><\/strong><\/h4>\n<p><span style=\"color: #999999;\">(Pre\u00e7o de lista recomendado, atualmente nenhuma a\u00e7\u00e3o dispon\u00edvel)<\/span><\/p>\n<p>\u2013 Todos os pre\u00e7os incluem IVA Colec\u00e7\u00e3o<\/p>\n<\/div><\/div><div class=\"w-btn-wrapper align_left\"><a class=\"w-btn us-btn-style_2 us_custom_2d9ebfef icon_atleft\" rel=\"nofollow\" href=\"https:\/\/www.cleverbridge.com\/1106\/?scope=checkout&amp;cart=221254&amp;languages=pb&amp;cookie=true&amp;cfg=design_2018&amp;recommendation=addbackup\"><i class=\"fas fa-download\"><\/i><span class=\"w-btn-label\">Comprar Plugin<\/span><\/a><\/div><div class=\"w-separator size_medium\"><\/div><\/div><\/div><\/div><div class=\"g-cols wpb_row via_grid cols_1 laptops-cols_inherit tablets-cols_inherit mobiles-cols_1 valign_top type_default stacking_default\" style=\"--columns-gap:3rem;\"><div class=\"wpb_column vc_column_container\"><div class=\"vc_column-inner\"><div class=\"wpb_text_column\"><div class=\"wpb_wrapper\"><h2>Plugin para importar arquivos 2D de formato DXF e DWG<\/h2>\n<\/div><\/div><div class=\"wpb_text_column\"><div class=\"wpb_wrapper\"><p>Este m\u00f3dulo adicional importa arquivos 2D de formato DXF e DWG atrav\u00e9s de um di\u00e1logo de sele\u00e7\u00e3o dos layers contidos.<\/p>\n<p>Os elementos importados tamb\u00e9m s\u00e3o inseridos como<br \/>\ns\u00edmbolos 2D no planejamento.<\/p>\n<p>Depois disso, os dados do s\u00edmbolo 2D inserido podem ser usados como detalhe de planejamento e tamb\u00e9m como base para a cria\u00e7\u00e3o de um modelo 3D.<\/p>\n<p>Para isso, basta substituir cada um dos s\u00edmbolos de linha com paredes, portas, janelas, etc. a medida que se percorre o tra\u00e7ado.<\/p>\n<\/div><\/div><div class=\"wpb_text_column\"><div class=\"wpb_wrapper\"><h3>Este plugin est\u00e1 incluso nas seguintes vers\u00f5es do cadvilla<\/h3>\n<\/div><\/div><div class=\"w-tabs us_custom_89477bc8 style_default switch_click accordion type_togglable has_scrolling\" style=\"--sections-title-size:18px\"><div class=\"w-tabs-sections titles-align_none icon_chevron cpos_right\"><div class=\"w-tabs-section vergleich_header has_text_color\" id=\"w285\" style=\"color:rgba(31,31,31,0.01);\"><button class=\"w-tabs-section-header with_icon\" aria-controls=\"content-w285\" aria-expanded=\"false\"><i class=\"fas fa-table\"><\/i><div class=\"w-tabs-section-title\">Tab 1<\/div><div class=\"w-tabs-section-control\"><\/div><\/button><div  class=\"w-tabs-section-content\" id=\"content-w285\"><div class=\"w-tabs-section-content-h i-cf\"><div class=\"wpb_text_column\"><div class=\"wpb_wrapper\"><\/div><\/div><\/div><\/div><\/div><div class=\"w-tabs-section vergleich_xx_xxx_cp_cpp\" id=\"w414\"><button class=\"w-tabs-section-header\" aria-controls=\"content-w414\" aria-expanded=\"false\"><div class=\"w-tabs-section-title\">Importa\u00e7\u00e3o 2D de DXF e DWG<\/div><div class=\"w-tabs-section-control\"><\/div><\/button><div  class=\"w-tabs-section-content\" id=\"content-w414\"><div class=\"w-tabs-section-content-h i-cf\"><div class=\"wpb_text_column\"><div class=\"wpb_wrapper\"><\/div><\/div><\/div><\/div><\/div><\/div><\/div><\/div><\/div><\/div><div class=\"w-separator size_large\"><\/div><div class=\"g-cols wpb_row us_custom_79981fe8 via_grid cols_1 laptops-cols_inherit tablets-cols_inherit mobiles-cols_1 valign_top type_default stacking_default\" style=\"--columns-gap:3rem;\"><div class=\"wpb_column vc_column_container\"><div class=\"vc_column-inner\"><div class=\"wpb_text_column\"><div class=\"wpb_wrapper\"><h2><span class=\"headline_3\">Recursos &#8211; Plugin para importar arquivos 2D de formato DXF e DWG<\/span><\/h2>\n<\/div><\/div><div class=\"w-tabs us_custom_89477bc8 style_default switch_click accordion type_togglable has_scrolling\" style=\"--sections-title-size:18px\"><div class=\"w-tabs-sections titles-align_none icon_chevron cpos_right\"><div class=\"w-tabs-section active\" id=\"o8bf\"><button class=\"w-tabs-section-header active with_icon\" aria-controls=\"content-o8bf\" aria-expanded=\"true\"><i class=\"fas fa-plus\"><\/i><div class=\"w-tabs-section-title\">Importa\u00e7\u00e3o de formatos 2D-DXF e DWG<\/div><div class=\"w-tabs-section-control\"><\/div><\/button><div  class=\"w-tabs-section-content\" id=\"content-o8bf\"><div class=\"w-tabs-section-content-h i-cf\"><div class=\"wpb_text_column\"><div class=\"wpb_wrapper\"><p><img data-dominant-color=\"e5e6e9\" data-has-transparency=\"false\" style=\"--dominant-color: #e5e6e9;\" loading=\"lazy\" decoding=\"async\" class=\"size-full wp-image-2577 alignright not-transparent\" src=\"https:\/\/www.cadvilla.com\/wp-content\/uploads\/dxf-import_gesamt.png\" alt=\"2D DXF und 2D DWG Import\" width=\"300\" height=\"227\" \/><\/p>\n<p>Carregado o arquivo, recebe-se primeiramente um di\u00e1logo de pr\u00e9-visualiza\u00e7\u00e3o onde \u00e9 poss\u00edvel selecionar os conte\u00fados a importar ativando-se ou desativando-se os respectivos layers na janela de layers.<\/p>\n<p>Ap\u00f3s ou mesmo durante a importa\u00e7\u00e3o \u00e9 poss\u00edvel adequar a escala e a exibi\u00e7\u00e3o das linhas. O arquivo DXF\/DWG \u00e9 importado primeiro como um elemento, um s\u00edmbolo 2D.<\/p>\n<p>A importa\u00e7\u00e3o DXF\/DWG pode, por exemplo, ser usada para incorporar desenhos arquitet\u00f4nicos ou para importar cat\u00e1logos de s\u00edmbolos 2D.<\/p>\n<p>Ao inserir novos s\u00edmbolos, se necess\u00e1rio, estes podem ser desmembrados e editados como elementos individuais que, em seguida, s\u00e3o armazenados com a ajuda de fun\u00e7\u00f5es padronizadas em um cat\u00e1logo 2D.<\/p>\n<p>Ao inserir plantas baixas, os layers importados, depois de serem carregados no cadvilla, podem ser usados como linhas auxiliares para, por exemplo, construir paredes sobre os mesmos.<\/p>\n<\/div><\/div><\/div><\/div><\/div><\/div><\/div><\/div><\/div><\/div><\/div><\/div><div class=\"wpb_column vc_column_container\"><div class=\"vc_column-inner\"><div class=\"wpb_text_column\"><div class=\"wpb_wrapper\"><h5><span class=\"ca-headertext-seitenleiste\">M\u00f3dulos Adicionais<\/span><\/h5>\n<\/div><\/div><div class=\"wpb_widgetised_column wpb_content_element\"><div class=\"wpb_wrapper\"><div id=\"nav_menu-7\" class=\"widget widget_nav_menu\"><div class=\"menu-zusatzmodule-pt-container\"><ul id=\"menu-zusatzmodule-pt\" class=\"menu\"><li id=\"menu-item-3241\" class=\"menu-item menu-item-type-post_type menu-item-object-page menu-item-3241\"><a href=\"https:\/\/www.cadvilla.com\/pt-br\/z-lista_de_quantidades\/\"><i class=\"fas fa-plus\"><\/i> C\u00e1lculo de massas e \u00e1reas<\/a><\/li>\n<li id=\"menu-item-3240\" class=\"menu-item menu-item-type-post_type menu-item-object-page menu-item-3240\"><a href=\"https:\/\/www.cadvilla.com\/pt-br\/z-conversor_3d\/\"><i class=\"fas fa-plus\"><\/i> Conversor 3D<\/a><\/li>\n<li id=\"menu-item-3239\" class=\"menu-item menu-item-type-post_type menu-item-object-page menu-item-3239\"><a href=\"https:\/\/www.cadvilla.com\/pt-br\/z-projeto_arquitetonico\/\"><i class=\"fas fa-plus\"><\/i> Projeto arquitet\u00f4nico<\/a><\/li>\n<li id=\"menu-item-3238\" class=\"menu-item menu-item-type-post_type menu-item-object-page menu-item-3238\"><a href=\"https:\/\/www.cadvilla.com\/pt-br\/z-importacao_2d_de_dxf_e_dwg\/\"><i class=\"fas fa-plus\"><\/i> Importa\u00e7\u00e3o 2D DXF\/DWG<\/a><\/li>\n<li id=\"menu-item-3237\" class=\"menu-item menu-item-type-post_type menu-item-object-page menu-item-3237\"><a href=\"https:\/\/www.cadvilla.com\/pt-br\/z-exportacao_2d_para_dxf_e_dwg\/\"><i class=\"fas fa-plus\"><\/i> Exporta\u00e7\u00e3o 2D DXF\/DWG<\/a><\/li>\n<li id=\"menu-item-3236\" class=\"menu-item menu-item-type-post_type menu-item-object-page menu-item-3236\"><a href=\"https:\/\/www.cadvilla.com\/pt-br\/z-construcao_de_janelas\/\"><i class=\"fas fa-plus\"><\/i> Constru\u00e7\u00e3o de Janelas<\/a><\/li>\n<li id=\"menu-item-3235\" class=\"menu-item menu-item-type-post_type menu-item-object-page menu-item-3235\"><a href=\"https:\/\/www.cadvilla.com\/pt-br\/z-exportar_para_cinema_4d\/\"><i class=\"fas fa-plus\"><\/i> Exportar para CINEMA 4D<\/a><\/li>\n<\/ul><\/div><\/div><\/div><\/div><\/div><\/div><\/div><\/div><\/section>\n","protected":false},"excerpt":{"rendered":"Importa\u00e7\u00e3o 2D de DXF e DWG Liberar via ativa\u00e7\u00e3o Importa\u00e7\u00e3o 2D de DXF\/DWG &#8211; Plugin 94,50 \u20ac * (Pre\u00e7o de lista recomendado, atualmente nenhuma a\u00e7\u00e3o dispon\u00edvel) \u2013 Todos os pre\u00e7os incluem IVA Colec\u00e7\u00e3o Comprar Plugin Plugin para importar arquivos 2D de formato DXF e DWG Este m\u00f3dulo adicional importa arquivos 2D de formato DXF e...","protected":false},"author":1,"featured_media":0,"parent":0,"menu_order":0,"comment_status":"closed","ping_status":"closed","template":"","meta":{"footnotes":""},"class_list":["post-3224","page","type-page","status-publish","hentry"],"yoast_head":"<!-- This site is optimized with the Yoast SEO plugin v27.4 - https:\/\/yoast.com\/product\/yoast-seo-wordpress\/ -->\n<title>Importa\u00e7\u00e3o de DXF e DWG<\/title>\n<meta name=\"robots\" content=\"index, follow, max-snippet:-1, max-image-preview:large, max-video-preview:-1\" \/>\n<link rel=\"canonical\" href=\"https:\/\/www.cadvilla.com\/pt-br\/z-importacao_2d_de_dxf_e_dwg\/\" \/>\n<meta property=\"og:locale\" content=\"pt_BR\" \/>\n<meta property=\"og:type\" content=\"article\" \/>\n<meta property=\"og:title\" content=\"Importa\u00e7\u00e3o de DXF e DWG\" \/>\n<meta property=\"og:url\" content=\"https:\/\/www.cadvilla.com\/pt-br\/z-importacao_2d_de_dxf_e_dwg\/\" \/>\n<meta property=\"og:site_name\" content=\"cadvilla\" \/>\n<meta property=\"article:modified_time\" content=\"2023-10-22T13:46:16+00:00\" \/>\n<meta property=\"og:image\" content=\"https:\/\/www.cadvilla.com\/wp-content\/uploads\/dxf-import_gesamt.png\" \/>\n<meta name=\"twitter:card\" content=\"summary_large_image\" \/>\n<meta name=\"twitter:label1\" content=\"Est. tempo de leitura\" \/>\n\t<meta name=\"twitter:data1\" content=\"3 minutos\" \/>\n<script type=\"application\/ld+json\" class=\"yoast-schema-graph\">{\"@context\":\"https:\\\/\\\/schema.org\",\"@graph\":[{\"@type\":\"WebPage\",\"@id\":\"https:\\\/\\\/www.cadvilla.com\\\/pt-br\\\/z-importacao_2d_de_dxf_e_dwg\\\/\",\"url\":\"https:\\\/\\\/www.cadvilla.com\\\/pt-br\\\/z-importacao_2d_de_dxf_e_dwg\\\/\",\"name\":\"Importa\u00e7\u00e3o de DXF e DWG\",\"isPartOf\":{\"@id\":\"https:\\\/\\\/www.cadvilla.com\\\/pt-br\\\/#website\"},\"primaryImageOfPage\":{\"@id\":\"https:\\\/\\\/www.cadvilla.com\\\/pt-br\\\/z-importacao_2d_de_dxf_e_dwg\\\/#primaryimage\"},\"image\":{\"@id\":\"https:\\\/\\\/www.cadvilla.com\\\/pt-br\\\/z-importacao_2d_de_dxf_e_dwg\\\/#primaryimage\"},\"thumbnailUrl\":\"https:\\\/\\\/www.cadvilla.com\\\/wp-content\\\/uploads\\\/dxf-import_gesamt.png\",\"datePublished\":\"2019-05-16T10:23:52+00:00\",\"dateModified\":\"2023-10-22T13:46:16+00:00\",\"breadcrumb\":{\"@id\":\"https:\\\/\\\/www.cadvilla.com\\\/pt-br\\\/z-importacao_2d_de_dxf_e_dwg\\\/#breadcrumb\"},\"inLanguage\":\"pt-BR\",\"potentialAction\":[{\"@type\":\"ReadAction\",\"target\":[\"https:\\\/\\\/www.cadvilla.com\\\/pt-br\\\/z-importacao_2d_de_dxf_e_dwg\\\/\"]}]},{\"@type\":\"ImageObject\",\"inLanguage\":\"pt-BR\",\"@id\":\"https:\\\/\\\/www.cadvilla.com\\\/pt-br\\\/z-importacao_2d_de_dxf_e_dwg\\\/#primaryimage\",\"url\":\"https:\\\/\\\/www.cadvilla.com\\\/wp-content\\\/uploads\\\/dxf-import_gesamt.png\",\"contentUrl\":\"https:\\\/\\\/www.cadvilla.com\\\/wp-content\\\/uploads\\\/dxf-import_gesamt.png\"},{\"@type\":\"BreadcrumbList\",\"@id\":\"https:\\\/\\\/www.cadvilla.com\\\/pt-br\\\/z-importacao_2d_de_dxf_e_dwg\\\/#breadcrumb\",\"itemListElement\":[{\"@type\":\"ListItem\",\"position\":1,\"name\":\"Startseite\",\"item\":\"https:\\\/\\\/www.cadvilla.com\\\/pt-br\\\/\"},{\"@type\":\"ListItem\",\"position\":2,\"name\":\"Importa\u00e7\u00e3o 2D de DXF e DWG\"}]},{\"@type\":\"WebSite\",\"@id\":\"https:\\\/\\\/www.cadvilla.com\\\/pt-br\\\/#website\",\"url\":\"https:\\\/\\\/www.cadvilla.com\\\/pt-br\\\/\",\"name\":\"cadvilla\",\"description\":\"\",\"publisher\":{\"@id\":\"https:\\\/\\\/www.cadvilla.com\\\/pt-br\\\/#organization\"},\"potentialAction\":[{\"@type\":\"SearchAction\",\"target\":{\"@type\":\"EntryPoint\",\"urlTemplate\":\"https:\\\/\\\/www.cadvilla.com\\\/pt-br\\\/?s={search_term_string}\"},\"query-input\":{\"@type\":\"PropertyValueSpecification\",\"valueRequired\":true,\"valueName\":\"search_term_string\"}}],\"inLanguage\":\"pt-BR\"},{\"@type\":\"Organization\",\"@id\":\"https:\\\/\\\/www.cadvilla.com\\\/pt-br\\\/#organization\",\"name\":\"cadvilla\",\"url\":\"https:\\\/\\\/www.cadvilla.com\\\/pt-br\\\/\",\"logo\":{\"@type\":\"ImageObject\",\"inLanguage\":\"pt-BR\",\"@id\":\"https:\\\/\\\/www.cadvilla.com\\\/pt-br\\\/#\\\/schema\\\/logo\\\/image\\\/\",\"url\":\"https:\\\/\\\/www.cadvilla.com\\\/wp-content\\\/uploads\\\/logo_cadvilla.png\",\"contentUrl\":\"https:\\\/\\\/www.cadvilla.com\\\/wp-content\\\/uploads\\\/logo_cadvilla.png\",\"width\":157,\"height\":51,\"caption\":\"cadvilla\"},\"image\":{\"@id\":\"https:\\\/\\\/www.cadvilla.com\\\/pt-br\\\/#\\\/schema\\\/logo\\\/image\\\/\"}}]}<\/script>\n<!-- \/ Yoast SEO plugin. -->","yoast_head_json":{"title":"Importa\u00e7\u00e3o de DXF e DWG","robots":{"index":"index","follow":"follow","max-snippet":"max-snippet:-1","max-image-preview":"max-image-preview:large","max-video-preview":"max-video-preview:-1"},"canonical":"https:\/\/www.cadvilla.com\/pt-br\/z-importacao_2d_de_dxf_e_dwg\/","og_locale":"pt_BR","og_type":"article","og_title":"Importa\u00e7\u00e3o de DXF e DWG","og_url":"https:\/\/www.cadvilla.com\/pt-br\/z-importacao_2d_de_dxf_e_dwg\/","og_site_name":"cadvilla","article_modified_time":"2023-10-22T13:46:16+00:00","og_image":[{"url":"https:\/\/www.cadvilla.com\/wp-content\/uploads\/dxf-import_gesamt.png","type":"","width":"","height":""}],"twitter_card":"summary_large_image","twitter_misc":{"Est. tempo de leitura":"3 minutos"},"schema":{"@context":"https:\/\/schema.org","@graph":[{"@type":"WebPage","@id":"https:\/\/www.cadvilla.com\/pt-br\/z-importacao_2d_de_dxf_e_dwg\/","url":"https:\/\/www.cadvilla.com\/pt-br\/z-importacao_2d_de_dxf_e_dwg\/","name":"Importa\u00e7\u00e3o de DXF e DWG","isPartOf":{"@id":"https:\/\/www.cadvilla.com\/pt-br\/#website"},"primaryImageOfPage":{"@id":"https:\/\/www.cadvilla.com\/pt-br\/z-importacao_2d_de_dxf_e_dwg\/#primaryimage"},"image":{"@id":"https:\/\/www.cadvilla.com\/pt-br\/z-importacao_2d_de_dxf_e_dwg\/#primaryimage"},"thumbnailUrl":"https:\/\/www.cadvilla.com\/wp-content\/uploads\/dxf-import_gesamt.png","datePublished":"2019-05-16T10:23:52+00:00","dateModified":"2023-10-22T13:46:16+00:00","breadcrumb":{"@id":"https:\/\/www.cadvilla.com\/pt-br\/z-importacao_2d_de_dxf_e_dwg\/#breadcrumb"},"inLanguage":"pt-BR","potentialAction":[{"@type":"ReadAction","target":["https:\/\/www.cadvilla.com\/pt-br\/z-importacao_2d_de_dxf_e_dwg\/"]}]},{"@type":"ImageObject","inLanguage":"pt-BR","@id":"https:\/\/www.cadvilla.com\/pt-br\/z-importacao_2d_de_dxf_e_dwg\/#primaryimage","url":"https:\/\/www.cadvilla.com\/wp-content\/uploads\/dxf-import_gesamt.png","contentUrl":"https:\/\/www.cadvilla.com\/wp-content\/uploads\/dxf-import_gesamt.png"},{"@type":"BreadcrumbList","@id":"https:\/\/www.cadvilla.com\/pt-br\/z-importacao_2d_de_dxf_e_dwg\/#breadcrumb","itemListElement":[{"@type":"ListItem","position":1,"name":"Startseite","item":"https:\/\/www.cadvilla.com\/pt-br\/"},{"@type":"ListItem","position":2,"name":"Importa\u00e7\u00e3o 2D de DXF e DWG"}]},{"@type":"WebSite","@id":"https:\/\/www.cadvilla.com\/pt-br\/#website","url":"https:\/\/www.cadvilla.com\/pt-br\/","name":"cadvilla","description":"","publisher":{"@id":"https:\/\/www.cadvilla.com\/pt-br\/#organization"},"potentialAction":[{"@type":"SearchAction","target":{"@type":"EntryPoint","urlTemplate":"https:\/\/www.cadvilla.com\/pt-br\/?s={search_term_string}"},"query-input":{"@type":"PropertyValueSpecification","valueRequired":true,"valueName":"search_term_string"}}],"inLanguage":"pt-BR"},{"@type":"Organization","@id":"https:\/\/www.cadvilla.com\/pt-br\/#organization","name":"cadvilla","url":"https:\/\/www.cadvilla.com\/pt-br\/","logo":{"@type":"ImageObject","inLanguage":"pt-BR","@id":"https:\/\/www.cadvilla.com\/pt-br\/#\/schema\/logo\/image\/","url":"https:\/\/www.cadvilla.com\/wp-content\/uploads\/logo_cadvilla.png","contentUrl":"https:\/\/www.cadvilla.com\/wp-content\/uploads\/logo_cadvilla.png","width":157,"height":51,"caption":"cadvilla"},"image":{"@id":"https:\/\/www.cadvilla.com\/pt-br\/#\/schema\/logo\/image\/"}}]}},"_links":{"self":[{"href":"https:\/\/www.cadvilla.com\/pt-br\/wp-json\/wp\/v2\/pages\/3224","targetHints":{"allow":["GET"]}}],"collection":[{"href":"https:\/\/www.cadvilla.com\/pt-br\/wp-json\/wp\/v2\/pages"}],"about":[{"href":"https:\/\/www.cadvilla.com\/pt-br\/wp-json\/wp\/v2\/types\/page"}],"author":[{"embeddable":true,"href":"https:\/\/www.cadvilla.com\/pt-br\/wp-json\/wp\/v2\/users\/1"}],"replies":[{"embeddable":true,"href":"https:\/\/www.cadvilla.com\/pt-br\/wp-json\/wp\/v2\/comments?post=3224"}],"version-history":[{"count":0,"href":"https:\/\/www.cadvilla.com\/pt-br\/wp-json\/wp\/v2\/pages\/3224\/revisions"}],"wp:attachment":[{"href":"https:\/\/www.cadvilla.com\/pt-br\/wp-json\/wp\/v2\/media?parent=3224"}],"curies":[{"name":"wp","href":"https:\/\/api.w.org\/{rel}","templated":true}]}}