{"id":3232,"date":"2019-05-16T16:54:22","date_gmt":"2019-05-16T14:54:22","guid":{"rendered":"https:\/\/www.cadvilla.pl\/z-cinema4d_export\/"},"modified":"2023-10-22T15:43:07","modified_gmt":"2023-10-22T13:43:07","slug":"z-exportar_para_cinema_4d","status":"publish","type":"page","link":"https:\/\/www.cadvilla.com\/pt-br\/z-exportar_para_cinema_4d\/","title":{"rendered":"Exportar para CINEMA 4D &#8211; m\u00f3dulo adicional para Cadvilla"},"content":{"rendered":"<section class=\"l-section wpb_row ca-headerbackground0 height_auto\"><div class=\"l-section-h i-cf\"><div class=\"g-cols vc_row via_grid cols_1 laptops-cols_inherit tablets-cols_inherit mobiles-cols_1 valign_bottom type_default stacking_default\"><div class=\"wpb_column vc_column_container\"><div class=\"vc_column-inner\"><\/div><\/div><\/div><\/div><\/section><section class=\"l-section wpb_row height_auto\"><div class=\"l-section-h i-cf\"><div class=\"g-cols vc_row via_grid cols_1 laptops-cols_inherit tablets-cols_inherit mobiles-cols_1 valign_top type_default stacking_default\"><div class=\"wpb_column vc_column_container\"><div class=\"vc_column-inner\"><\/div><\/div><\/div><\/div><\/section><section class=\"l-section wpb_row ca-headerbg height_small\" id=\"begin\"><div class=\"l-section-h i-cf\"><div class=\"g-cols vc_row via_grid cols_1 laptops-cols_inherit tablets-cols_inherit mobiles-cols_1 valign_top type_default stacking_default\"><div class=\"wpb_column vc_column_container\"><div class=\"vc_column-inner\"><div class=\"wpb_text_column ca-heading1\"><div class=\"wpb_wrapper\"><h1>Exportar para CINEMA 4D &#8211; m\u00f3dulo adicional para Cadvilla<\/h1>\n<\/div><\/div><\/div><\/div><\/div><\/div><\/section><section class=\"l-section wpb_row height_medium\"><div class=\"l-section-h i-cf\"><div class=\"g-cols vc_row via_grid cols_3-1 laptops-cols_inherit tablets-cols_inherit mobiles-cols_1 valign_top type_default stacking_default\"><div class=\"wpb_column vc_column_container\"><div class=\"vc_column-inner\"><div class=\"g-cols wpb_row via_grid cols_1-2 laptops-cols_inherit tablets-cols_inherit mobiles-cols_1 valign_top type_default stacking_default\" style=\"--columns-gap:3rem;\"><div class=\"wpb_column vc_column_container\"><div class=\"vc_column-inner\"><div class=\"w-image align_center\"><div class=\"w-image-h\"><img decoding=\"async\" width=\"200\" height=\"200\" src=\"https:\/\/www.cadvilla.com\/wp-content\/uploads\/zusatzmodul_pt-1.png\" class=\"attachment-full size-full\" alt=\"m\u00f3dulo adicional para cadvilla\" loading=\"lazy\" \/><\/div><\/div><div class=\"wpb_text_column ca-product-small_info\"><div class=\"wpb_wrapper\"><p>Liberar via ativa\u00e7\u00e3o<\/p>\n<\/div><\/div><\/div><\/div><div class=\"wpb_column vc_column_container\"><div class=\"vc_column-inner\"><div class=\"wpb_text_column\"><div class=\"wpb_wrapper\"><h2><strong>Exportar para CINEMA 4D &#8211; Plugin<\/strong><\/h2>\n<h4><strong><span style=\"color: #ff9900;\">119,00 \u20ac *<\/span><\/strong><\/h4>\n<p><span style=\"color: #999999;\">(Pre\u00e7o de lista recomendado, atualmente nenhuma a\u00e7\u00e3o dispon\u00edvel)<\/span><\/p>\n<p>\u2013 Todos os pre\u00e7os incluem IVA Colec\u00e7\u00e3o<\/p>\n<\/div><\/div><div class=\"w-btn-wrapper align_left\"><a class=\"w-btn us-btn-style_2 us_custom_2d9ebfef icon_atleft\" rel=\"nofollow\" href=\"https:\/\/www.cleverbridge.com\/1106\/?scope=checkout&amp;cart=221259&amp;languages=pb&amp;cookie=true&amp;cfg=design_2018&amp;recommendation=addbackup\"><i class=\"fas fa-download\"><\/i><span class=\"w-btn-label\">Comprar Plugin<\/span><\/a><\/div><div class=\"w-separator size_medium\"><\/div><\/div><\/div><\/div><div class=\"g-cols wpb_row via_grid cols_1 laptops-cols_inherit tablets-cols_inherit mobiles-cols_1 valign_top type_default stacking_default\" style=\"--columns-gap:3rem;\"><div class=\"wpb_column vc_column_container\"><div class=\"vc_column-inner\"><div class=\"wpb_text_column\"><div class=\"wpb_wrapper\"><h2>Plugin para exportar dados para o CINEMA 4D<\/h2>\n<\/div><\/div><div class=\"wpb_text_column\"><div class=\"wpb_wrapper\"><p>A interface CINEMA 4D do cadvilla exporta todos os dados 3D de um planejamento feito em cadvilla para o formato CINEMA 4D.<\/p>\n<p>O arquivo assim gerado pode ser aberto e editado no CINEMA 4D sem convers\u00f5es adicionais, alcan\u00e7ando, assim, resultados imediatos diretamente do processo de planejamento.<\/p>\n<\/div><\/div><\/div><\/div><\/div><div class=\"w-separator size_large\"><\/div><div class=\"g-cols wpb_row us_custom_79981fe8 via_grid cols_1 laptops-cols_inherit tablets-cols_inherit mobiles-cols_1 valign_top type_default stacking_default\" style=\"--columns-gap:3rem;\"><div class=\"wpb_column vc_column_container\"><div class=\"vc_column-inner\"><div class=\"wpb_text_column\"><div class=\"wpb_wrapper\"><h2><span class=\"headline_3\">Recursos &#8211; Exportar um projeto cadvilla para CINEMA 4D<\/span><\/h2>\n<\/div><\/div><div class=\"w-tabs us_custom_89477bc8 style_default switch_click accordion type_togglable has_scrolling\" style=\"--sections-title-size:18px\"><div class=\"w-tabs-sections titles-align_none icon_chevron cpos_right\"><div class=\"w-tabs-section active\" id=\"ide3\"><button class=\"w-tabs-section-header active with_icon\" aria-controls=\"content-ide3\" aria-expanded=\"true\"><i class=\"fas fa-plus\"><\/i><div class=\"w-tabs-section-title\">Exportar para CINEMA 4D<\/div><div class=\"w-tabs-section-control\"><\/div><\/button><div  class=\"w-tabs-section-content\" id=\"content-ide3\"><div class=\"w-tabs-section-content-h i-cf\"><div class=\"wpb_text_column\"><div class=\"wpb_wrapper\"><ul>\n<li>Exporte projetos inteiros e cen\u00e1rios com fontes de luz, materiais e texturas<\/li>\n<li>Exporte atrav\u00e9s das visibilidades do cadvilla elementos individuais e amplie, assim, seu cat\u00e1logo para CINEMA 4D. Visto que atrav\u00e9s das visibilidades do cadvilla cada vista 3D permite exibir de forma individual detalhes construtivos como telhados, escadas e todos os demais conte\u00fados gerados no cadvilla e contidos em amplos cat\u00e1logos, esta, certamente, \u00e9 uma fonte de modelos que pode ser utilizada para outras finalidades al\u00e9m de um planejamento.<\/li>\n<li>A estrutura completa de um projeto cadvilla de edifica\u00e7\u00f5es, pavimentos e elementos de constru\u00e7\u00e3o \u00e9 preservada de forma primorosa na exporta\u00e7\u00e3o. Isto permite uma simples e r\u00e1pida identifica\u00e7\u00e3o e edi\u00e7\u00e3o posterior dos elementos no CINEMA 4D.<\/li>\n<li>Os materiais e objetos s\u00e3o agrupados antes da exporta\u00e7\u00e3o, mantendo uma excelente clareza de estrutura e conte\u00fado.<\/li>\n<li>As posi\u00e7\u00f5es de observador que foram definidas no cadvilla tamb\u00e9m s\u00e3o exportadas, ficando dispon\u00edveis como posi\u00e7\u00f5es de c\u00e2mera no CINEMA 4D.<\/li>\n<\/ul>\n<p align=\"center\">Exemplo de visualiza\u00e7\u00e3o no CINEMA 4D ap\u00f3s a incorpora\u00e7\u00e3o do cadvilla<br \/>\n(O CINEMA 4D \u00e9 um produto da MAXON Computer GmbH)<\/p>\n<p align=\"center\"><img data-dominant-color=\"898b8a\" data-has-transparency=\"false\" style=\"--dominant-color: #898b8a;\" loading=\"lazy\" decoding=\"async\" class=\"alignnone size-full wp-image-2664 not-transparent\" src=\"https:\/\/www.cadvilla.com\/wp-content\/uploads\/cinema4d_bsp1.jpg\" alt=\"Cinema4d Screenshot\" width=\"320\" height=\"193\" \/><\/p>\n<\/div><\/div><\/div><\/div><\/div><\/div><\/div><\/div><\/div><\/div><\/div><\/div><div class=\"wpb_column vc_column_container\"><div class=\"vc_column-inner\"><div class=\"wpb_text_column\"><div class=\"wpb_wrapper\"><h5><span class=\"ca-headertext-seitenleiste\">M\u00f3dulos Adicionais<\/span><\/h5>\n<\/div><\/div><div class=\"wpb_widgetised_column wpb_content_element\"><div class=\"wpb_wrapper\"><div id=\"nav_menu-7\" class=\"widget widget_nav_menu\"><div class=\"menu-zusatzmodule-pt-container\"><ul id=\"menu-zusatzmodule-pt\" class=\"menu\"><li id=\"menu-item-3241\" class=\"menu-item menu-item-type-post_type menu-item-object-page menu-item-3241\"><a href=\"https:\/\/www.cadvilla.com\/pt-br\/z-lista_de_quantidades\/\"><i class=\"fas fa-plus\"><\/i> C\u00e1lculo de massas e \u00e1reas<\/a><\/li>\n<li id=\"menu-item-3240\" class=\"menu-item menu-item-type-post_type menu-item-object-page menu-item-3240\"><a href=\"https:\/\/www.cadvilla.com\/pt-br\/z-conversor_3d\/\"><i class=\"fas fa-plus\"><\/i> Conversor 3D<\/a><\/li>\n<li id=\"menu-item-3239\" class=\"menu-item menu-item-type-post_type menu-item-object-page menu-item-3239\"><a href=\"https:\/\/www.cadvilla.com\/pt-br\/z-projeto_arquitetonico\/\"><i class=\"fas fa-plus\"><\/i> Projeto arquitet\u00f4nico<\/a><\/li>\n<li id=\"menu-item-3238\" class=\"menu-item menu-item-type-post_type menu-item-object-page menu-item-3238\"><a href=\"https:\/\/www.cadvilla.com\/pt-br\/z-importacao_2d_de_dxf_e_dwg\/\"><i class=\"fas fa-plus\"><\/i> Importa\u00e7\u00e3o 2D DXF\/DWG<\/a><\/li>\n<li id=\"menu-item-3237\" class=\"menu-item menu-item-type-post_type menu-item-object-page menu-item-3237\"><a href=\"https:\/\/www.cadvilla.com\/pt-br\/z-exportacao_2d_para_dxf_e_dwg\/\"><i class=\"fas fa-plus\"><\/i> Exporta\u00e7\u00e3o 2D DXF\/DWG<\/a><\/li>\n<li id=\"menu-item-3236\" class=\"menu-item menu-item-type-post_type menu-item-object-page menu-item-3236\"><a href=\"https:\/\/www.cadvilla.com\/pt-br\/z-construcao_de_janelas\/\"><i class=\"fas fa-plus\"><\/i> Constru\u00e7\u00e3o de Janelas<\/a><\/li>\n<li id=\"menu-item-3235\" class=\"menu-item menu-item-type-post_type menu-item-object-page menu-item-3235\"><a href=\"https:\/\/www.cadvilla.com\/pt-br\/z-exportar_para_cinema_4d\/\"><i class=\"fas fa-plus\"><\/i> Exportar para CINEMA 4D<\/a><\/li>\n<\/ul><\/div><\/div><\/div><\/div><\/div><\/div><\/div><\/div><\/section>\n","protected":false},"excerpt":{"rendered":"Exportar para CINEMA 4D &#8211; m\u00f3dulo adicional para Cadvilla Liberar via ativa\u00e7\u00e3o Exportar para CINEMA 4D &#8211; Plugin 119,00 \u20ac * (Pre\u00e7o de lista recomendado, atualmente nenhuma a\u00e7\u00e3o dispon\u00edvel) \u2013 Todos os pre\u00e7os incluem IVA Colec\u00e7\u00e3o Comprar Plugin Plugin para exportar dados para o CINEMA 4D A interface CINEMA 4D do cadvilla exporta todos os...","protected":false},"author":1,"featured_media":0,"parent":0,"menu_order":0,"comment_status":"closed","ping_status":"closed","template":"","meta":{"footnotes":""},"class_list":["post-3232","page","type-page","status-publish","hentry"],"yoast_head":"<!-- This site is optimized with the Yoast SEO plugin v27.4 - https:\/\/yoast.com\/product\/yoast-seo-wordpress\/ -->\n<title>Exportar para CINEMA 4D<\/title>\n<meta name=\"robots\" content=\"index, follow, max-snippet:-1, max-image-preview:large, max-video-preview:-1\" \/>\n<link rel=\"canonical\" href=\"https:\/\/www.cadvilla.com\/pt-br\/z-exportar_para_cinema_4d\/\" \/>\n<meta property=\"og:locale\" content=\"pt_BR\" \/>\n<meta property=\"og:type\" content=\"article\" \/>\n<meta property=\"og:title\" content=\"Exportar para CINEMA 4D\" \/>\n<meta property=\"og:url\" content=\"https:\/\/www.cadvilla.com\/pt-br\/z-exportar_para_cinema_4d\/\" \/>\n<meta property=\"og:site_name\" content=\"cadvilla\" \/>\n<meta property=\"article:modified_time\" content=\"2023-10-22T13:43:07+00:00\" \/>\n<meta property=\"og:image\" content=\"https:\/\/www.cadvilla.com\/wp-content\/uploads\/cinema4d_bsp1.jpg\" \/>\n<meta name=\"twitter:card\" content=\"summary_large_image\" \/>\n<meta name=\"twitter:label1\" content=\"Est. tempo de leitura\" \/>\n\t<meta name=\"twitter:data1\" content=\"2 minutos\" \/>\n<script type=\"application\/ld+json\" class=\"yoast-schema-graph\">{\"@context\":\"https:\\\/\\\/schema.org\",\"@graph\":[{\"@type\":\"WebPage\",\"@id\":\"https:\\\/\\\/www.cadvilla.com\\\/pt-br\\\/z-exportar_para_cinema_4d\\\/\",\"url\":\"https:\\\/\\\/www.cadvilla.com\\\/pt-br\\\/z-exportar_para_cinema_4d\\\/\",\"name\":\"Exportar para CINEMA 4D\",\"isPartOf\":{\"@id\":\"https:\\\/\\\/www.cadvilla.com\\\/pt-br\\\/#website\"},\"primaryImageOfPage\":{\"@id\":\"https:\\\/\\\/www.cadvilla.com\\\/pt-br\\\/z-exportar_para_cinema_4d\\\/#primaryimage\"},\"image\":{\"@id\":\"https:\\\/\\\/www.cadvilla.com\\\/pt-br\\\/z-exportar_para_cinema_4d\\\/#primaryimage\"},\"thumbnailUrl\":\"https:\\\/\\\/www.cadvilla.com\\\/wp-content\\\/uploads\\\/cinema4d_bsp1.jpg\",\"datePublished\":\"2019-05-16T14:54:22+00:00\",\"dateModified\":\"2023-10-22T13:43:07+00:00\",\"breadcrumb\":{\"@id\":\"https:\\\/\\\/www.cadvilla.com\\\/pt-br\\\/z-exportar_para_cinema_4d\\\/#breadcrumb\"},\"inLanguage\":\"pt-BR\",\"potentialAction\":[{\"@type\":\"ReadAction\",\"target\":[\"https:\\\/\\\/www.cadvilla.com\\\/pt-br\\\/z-exportar_para_cinema_4d\\\/\"]}]},{\"@type\":\"ImageObject\",\"inLanguage\":\"pt-BR\",\"@id\":\"https:\\\/\\\/www.cadvilla.com\\\/pt-br\\\/z-exportar_para_cinema_4d\\\/#primaryimage\",\"url\":\"https:\\\/\\\/www.cadvilla.com\\\/wp-content\\\/uploads\\\/cinema4d_bsp1.jpg\",\"contentUrl\":\"https:\\\/\\\/www.cadvilla.com\\\/wp-content\\\/uploads\\\/cinema4d_bsp1.jpg\"},{\"@type\":\"BreadcrumbList\",\"@id\":\"https:\\\/\\\/www.cadvilla.com\\\/pt-br\\\/z-exportar_para_cinema_4d\\\/#breadcrumb\",\"itemListElement\":[{\"@type\":\"ListItem\",\"position\":1,\"name\":\"Startseite\",\"item\":\"https:\\\/\\\/www.cadvilla.com\\\/pt-br\\\/\"},{\"@type\":\"ListItem\",\"position\":2,\"name\":\"Exportar para CINEMA 4D &#8211; m\u00f3dulo adicional para Cadvilla\"}]},{\"@type\":\"WebSite\",\"@id\":\"https:\\\/\\\/www.cadvilla.com\\\/pt-br\\\/#website\",\"url\":\"https:\\\/\\\/www.cadvilla.com\\\/pt-br\\\/\",\"name\":\"cadvilla\",\"description\":\"\",\"publisher\":{\"@id\":\"https:\\\/\\\/www.cadvilla.com\\\/pt-br\\\/#organization\"},\"potentialAction\":[{\"@type\":\"SearchAction\",\"target\":{\"@type\":\"EntryPoint\",\"urlTemplate\":\"https:\\\/\\\/www.cadvilla.com\\\/pt-br\\\/?s={search_term_string}\"},\"query-input\":{\"@type\":\"PropertyValueSpecification\",\"valueRequired\":true,\"valueName\":\"search_term_string\"}}],\"inLanguage\":\"pt-BR\"},{\"@type\":\"Organization\",\"@id\":\"https:\\\/\\\/www.cadvilla.com\\\/pt-br\\\/#organization\",\"name\":\"cadvilla\",\"url\":\"https:\\\/\\\/www.cadvilla.com\\\/pt-br\\\/\",\"logo\":{\"@type\":\"ImageObject\",\"inLanguage\":\"pt-BR\",\"@id\":\"https:\\\/\\\/www.cadvilla.com\\\/pt-br\\\/#\\\/schema\\\/logo\\\/image\\\/\",\"url\":\"https:\\\/\\\/www.cadvilla.com\\\/wp-content\\\/uploads\\\/logo_cadvilla.png\",\"contentUrl\":\"https:\\\/\\\/www.cadvilla.com\\\/wp-content\\\/uploads\\\/logo_cadvilla.png\",\"width\":157,\"height\":51,\"caption\":\"cadvilla\"},\"image\":{\"@id\":\"https:\\\/\\\/www.cadvilla.com\\\/pt-br\\\/#\\\/schema\\\/logo\\\/image\\\/\"}}]}<\/script>\n<!-- \/ Yoast SEO plugin. -->","yoast_head_json":{"title":"Exportar para CINEMA 4D","robots":{"index":"index","follow":"follow","max-snippet":"max-snippet:-1","max-image-preview":"max-image-preview:large","max-video-preview":"max-video-preview:-1"},"canonical":"https:\/\/www.cadvilla.com\/pt-br\/z-exportar_para_cinema_4d\/","og_locale":"pt_BR","og_type":"article","og_title":"Exportar para CINEMA 4D","og_url":"https:\/\/www.cadvilla.com\/pt-br\/z-exportar_para_cinema_4d\/","og_site_name":"cadvilla","article_modified_time":"2023-10-22T13:43:07+00:00","og_image":[{"url":"https:\/\/www.cadvilla.com\/wp-content\/uploads\/cinema4d_bsp1.jpg","type":"","width":"","height":""}],"twitter_card":"summary_large_image","twitter_misc":{"Est. tempo de leitura":"2 minutos"},"schema":{"@context":"https:\/\/schema.org","@graph":[{"@type":"WebPage","@id":"https:\/\/www.cadvilla.com\/pt-br\/z-exportar_para_cinema_4d\/","url":"https:\/\/www.cadvilla.com\/pt-br\/z-exportar_para_cinema_4d\/","name":"Exportar para CINEMA 4D","isPartOf":{"@id":"https:\/\/www.cadvilla.com\/pt-br\/#website"},"primaryImageOfPage":{"@id":"https:\/\/www.cadvilla.com\/pt-br\/z-exportar_para_cinema_4d\/#primaryimage"},"image":{"@id":"https:\/\/www.cadvilla.com\/pt-br\/z-exportar_para_cinema_4d\/#primaryimage"},"thumbnailUrl":"https:\/\/www.cadvilla.com\/wp-content\/uploads\/cinema4d_bsp1.jpg","datePublished":"2019-05-16T14:54:22+00:00","dateModified":"2023-10-22T13:43:07+00:00","breadcrumb":{"@id":"https:\/\/www.cadvilla.com\/pt-br\/z-exportar_para_cinema_4d\/#breadcrumb"},"inLanguage":"pt-BR","potentialAction":[{"@type":"ReadAction","target":["https:\/\/www.cadvilla.com\/pt-br\/z-exportar_para_cinema_4d\/"]}]},{"@type":"ImageObject","inLanguage":"pt-BR","@id":"https:\/\/www.cadvilla.com\/pt-br\/z-exportar_para_cinema_4d\/#primaryimage","url":"https:\/\/www.cadvilla.com\/wp-content\/uploads\/cinema4d_bsp1.jpg","contentUrl":"https:\/\/www.cadvilla.com\/wp-content\/uploads\/cinema4d_bsp1.jpg"},{"@type":"BreadcrumbList","@id":"https:\/\/www.cadvilla.com\/pt-br\/z-exportar_para_cinema_4d\/#breadcrumb","itemListElement":[{"@type":"ListItem","position":1,"name":"Startseite","item":"https:\/\/www.cadvilla.com\/pt-br\/"},{"@type":"ListItem","position":2,"name":"Exportar para CINEMA 4D &#8211; m\u00f3dulo adicional para Cadvilla"}]},{"@type":"WebSite","@id":"https:\/\/www.cadvilla.com\/pt-br\/#website","url":"https:\/\/www.cadvilla.com\/pt-br\/","name":"cadvilla","description":"","publisher":{"@id":"https:\/\/www.cadvilla.com\/pt-br\/#organization"},"potentialAction":[{"@type":"SearchAction","target":{"@type":"EntryPoint","urlTemplate":"https:\/\/www.cadvilla.com\/pt-br\/?s={search_term_string}"},"query-input":{"@type":"PropertyValueSpecification","valueRequired":true,"valueName":"search_term_string"}}],"inLanguage":"pt-BR"},{"@type":"Organization","@id":"https:\/\/www.cadvilla.com\/pt-br\/#organization","name":"cadvilla","url":"https:\/\/www.cadvilla.com\/pt-br\/","logo":{"@type":"ImageObject","inLanguage":"pt-BR","@id":"https:\/\/www.cadvilla.com\/pt-br\/#\/schema\/logo\/image\/","url":"https:\/\/www.cadvilla.com\/wp-content\/uploads\/logo_cadvilla.png","contentUrl":"https:\/\/www.cadvilla.com\/wp-content\/uploads\/logo_cadvilla.png","width":157,"height":51,"caption":"cadvilla"},"image":{"@id":"https:\/\/www.cadvilla.com\/pt-br\/#\/schema\/logo\/image\/"}}]}},"_links":{"self":[{"href":"https:\/\/www.cadvilla.com\/pt-br\/wp-json\/wp\/v2\/pages\/3232","targetHints":{"allow":["GET"]}}],"collection":[{"href":"https:\/\/www.cadvilla.com\/pt-br\/wp-json\/wp\/v2\/pages"}],"about":[{"href":"https:\/\/www.cadvilla.com\/pt-br\/wp-json\/wp\/v2\/types\/page"}],"author":[{"embeddable":true,"href":"https:\/\/www.cadvilla.com\/pt-br\/wp-json\/wp\/v2\/users\/1"}],"replies":[{"embeddable":true,"href":"https:\/\/www.cadvilla.com\/pt-br\/wp-json\/wp\/v2\/comments?post=3232"}],"version-history":[{"count":0,"href":"https:\/\/www.cadvilla.com\/pt-br\/wp-json\/wp\/v2\/pages\/3232\/revisions"}],"wp:attachment":[{"href":"https:\/\/www.cadvilla.com\/pt-br\/wp-json\/wp\/v2\/media?parent=3232"}],"curies":[{"name":"wp","href":"https:\/\/api.w.org\/{rel}","templated":true}]}}