{"id":5348,"date":"2019-06-04T17:06:27","date_gmt":"2019-06-04T15:06:27","guid":{"rendered":"https:\/\/www.cadvilla.pl\/draw_floor_plans\/"},"modified":"2023-10-22T15:42:45","modified_gmt":"2023-10-22T13:42:45","slug":"desenhar_plantas_baixas","status":"publish","type":"page","link":"https:\/\/www.cadvilla.com\/pt-br\/desenhar_plantas_baixas\/","title":{"rendered":"Desenhar plantas baixas"},"content":{"rendered":"<section class=\"l-section wpb_row ca-headerbackground0 height_auto\"><div class=\"l-section-h i-cf\"><div class=\"g-cols vc_row via_grid cols_1 laptops-cols_inherit tablets-cols_inherit mobiles-cols_1 valign_bottom type_default stacking_default\"><div class=\"wpb_column vc_column_container\"><div class=\"vc_column-inner\"><\/div><\/div><\/div><\/div><\/section><section class=\"l-section wpb_row height_auto\"><div class=\"l-section-h i-cf\"><div class=\"g-cols vc_row via_grid cols_1 laptops-cols_inherit tablets-cols_inherit mobiles-cols_1 valign_top type_default stacking_default\"><div class=\"wpb_column vc_column_container\"><div class=\"vc_column-inner\"><\/div><\/div><\/div><\/div><\/section><section class=\"l-section wpb_row ca-headerbg height_small\" id=\"begin\"><div class=\"l-section-h i-cf\"><div class=\"g-cols vc_row via_grid cols_1 laptops-cols_inherit tablets-cols_inherit mobiles-cols_1 valign_top type_default stacking_default\"><div class=\"wpb_column vc_column_container\"><div class=\"vc_column-inner\"><div class=\"wpb_text_column ca-heading1\"><div class=\"wpb_wrapper\"><h1>Desenhar plantas baixas<\/h1>\n<\/div><\/div><\/div><\/div><\/div><\/div><\/section><section class=\"l-section wpb_row height_medium\"><div class=\"l-section-h i-cf\"><div class=\"g-cols vc_row via_grid cols_\/12 laptops-cols_inherit tablets-cols_inherit mobiles-cols_1 valign_top type_default stacking_default\"><div class=\"wpb_column vc_column_container\"><div class=\"vc_column-inner\"><div class=\"wpb_text_column\"><div class=\"wpb_wrapper\"><h2>Desenhar plantas baixas com o software de planejamento de plantas 3D<\/h2>\n<p><img data-dominant-color=\"d3d4d6\" data-has-transparency=\"false\" style=\"--dominant-color: #d3d4d6;\" loading=\"lazy\" decoding=\"async\" class=\"alignright wp-image-725 size-full not-transparent\" title=\"Desenhar plantas baixas\" src=\"https:\/\/www.cadvilla.com\/wp-content\/uploads\/paralleles_arbeiten.jpg\" alt=\"Desenhar plantas baixas\" width=\"350\" height=\"209\" \/>Voc\u00ea quer saber qual a melhor maneira de desenhar sua planta baixa? N\u00f3s lhe mostramos o melhor caminho para desenhar e planejar suas plantas baixas da maneira mais r\u00e1pida e simples \u2013 direto ao resultado desejado.<\/p>\n<\/div><\/div><div class=\"wpb_text_column\" id=\"walmdach\"><div class=\"wpb_wrapper\"><h3>Desenhar e criar plantas baixas<\/h3>\n<p>Voc\u00ea se decidiu por um <a href=\"https:\/\/www.cadvilla.com\/pt-br\/planejar_casas\/\">layout de casa<\/a> e tamb\u00e9m j\u00e1 sabe como e com qual material sua casa ser\u00e1 constru\u00edda (tipo de casa). Com rela\u00e7\u00e3o aos preparativos para desenhar a planta baixa h\u00e1 duas linhas de trabalho distintas.<\/p>\n<ul>\n<li><strong>A planta baixa ainda da casa ainda n\u00e3o foi definida quanto \u00e0s dimens\u00f5es e \u00e0 forma<\/strong>Voc\u00ea j\u00e1 tem uma ideia das dimens\u00f5es de sua casa, mas n\u00e3o sabe bem ao certo o n\u00famero exato de c\u00f4modos, a altura dos pavimentos (p\u00e9 esquerdo) e as dimens\u00f5es exatas do contorno e dos ambientes internos.<\/li>\n<\/ul>\n<p style=\"padding-left: 40px;\"><img data-dominant-color=\"e2e4e6\" data-has-transparency=\"false\" style=\"--dominant-color: #e2e4e6;\" loading=\"lazy\" decoding=\"async\" class=\"alignright wp-image-1578 size-full not-transparent\" title=\"Constru\u00e7\u00e3o de paredes multi-camadas\" src=\"https:\/\/www.cadvilla.com\/wp-content\/uploads\/wandaufbau_sm.jpg\" alt=\"Constru\u00e7\u00e3o de paredes multi-camadas\" width=\"350\" height=\"209\" \/>Neste caso recomenda-se simplesmente experimentar algumas variantes com o software de planejamento de casas at\u00e9 desenhar a planta desejada. Aqui voc\u00ea experimenta aplicar diferentes dimens\u00f5es e espessuras de parede e alterar as paredes (deslocar, alongar, encurtar) at\u00e9 determinar o layout ideal. Neste est\u00e1gio de experimento n\u00e3o \u00e9 necess\u00e1rio definir todos os detalhes, como dar nomes aos ambientes ou posicionar corretamente o piso \u2013 o que importa aqui \u00e9 encontrar as dimens\u00f5es extadas de paredes externas e internas com suas espessuras, determinar as dimens\u00f5es aproximadas de janelas e portas e suas posi\u00e7\u00f5es, assim como definir a altura entre os pisos.<\/p>\n<ul>\n<li>No pr\u00f3ximo passo voc\u00ea dimensiona a casa com cotas em cadeia nas paredes externas e internas, imprime os documentos necess\u00e1rios e arquiva o projeto. Em seguida, voc\u00ea inicia um <strong>novo projeto<\/strong> e desenha a planta baixa com as novas dimens\u00f5es determinadas.<\/li>\n<li>Desenhar a planta baixa &#8211; A planta baixa foi definida quanto \u00e0s dimens\u00f5es e \u00e0 formaVoc\u00ea j\u00e1 sabe as dimens\u00f5es, posi\u00e7\u00f5es e espessuras exatas de todas as paredes? Ent\u00e3o comece um <strong>novo projeto<\/strong>. Visto que as paredes de sua casa provavelmente n\u00e3o se encaixam em dimens\u00f5es modulares, deve-se desativar a fun\u00e7\u00e3o de grade. Tamb\u00e9m pode-se desativar a exibi\u00e7\u00e3o das diferentes espessuras de linha porque esta fun\u00e7\u00e3o \u00e9 relevante apenas na impress\u00e3o da planta.<\/li>\n<\/ul>\n<ul>\n<li style=\"list-style-type: none;\">\n<ul>\n<li><img data-dominant-color=\"baab97\" data-has-transparency=\"false\" style=\"--dominant-color: #baab97;\" loading=\"lazy\" decoding=\"async\" class=\"alignnone wp-image-3811 size-full not-transparent\" src=\"https:\/\/www.cadvilla.com\/wp-content\/uploads\/icon_raster.png\" alt=\"grid on\/off\" width=\"24\" height=\"24\" \/> &#8230; Clique no \u00edcone da grade para desativar o uso e exibi\u00e7\u00e3o da grade<\/li>\n<li><img data-dominant-color=\"bbad94\" data-has-transparency=\"false\" style=\"--dominant-color: #bbad94;\" loading=\"lazy\" decoding=\"async\" class=\"alignnone wp-image-3816 size-full not-transparent\" src=\"https:\/\/www.cadvilla.com\/wp-content\/uploads\/icon_linienstaerke.png\" alt=\"Line weight on \/ off\" width=\"24\" height=\"24\" \/> &#8230; Clique no \u00edcone das espessuras de linha para desativar a exibi\u00e7\u00e3o das espessuras de linha<\/li>\n<\/ul>\n<\/li>\n<\/ul>\n<p><img data-dominant-color=\"ebedf0\" data-has-transparency=\"false\" style=\"--dominant-color: #ebedf0;\" loading=\"lazy\" decoding=\"async\" class=\"alignright wp-image-3997 size-full not-transparent\" title=\"Finalized house plan\" src=\"https:\/\/www.cadvilla.com\/wp-content\/uploads\/grundrissplan_erstellen-1.jpg\" alt=\"Finalized house plan\" width=\"350\" height=\"209\" \/><\/p>\n<p>Depois disso voc\u00ea inicia efetivamente com a entrada das paredes externas. Para isso, crie primeiro uma grade de linhas auxiliares horizontais e verticais para as paredes externas (eventualmente com uma cor pr\u00f3pria). Depois disso, passe para a entrada das paredes externas &#8211; defina a espessura das paredes apenas com um clique no bot\u00e3o direito do mouse (eventualmente tamb\u00e9m cada pavimento) &#8211; e, em seguida, com o mouse trace passando por cada um dos pontos de intersec\u00e7\u00e3o criados pelas linhas auxiliares. A passagem de um eixo de parede para outro \u00e9 feito com a combina\u00e7\u00e3o de teclas CTRL+W.<br \/>\nPara se obter paredes perfeitamente perpendiculares e horizontais, pode-se manter a tecla CTRL pressionada ao tra\u00e7ar os pontos com o mouse.<\/p>\n<p>Para desenhar as paredes internas, proceda da mesma maneira. Defina primeiro a grade de linhas auxiliares com linhas auxiliares verticais e horizontais \u2013 o que pode ser feito com outra cor. Em seguida, passe para a entrada das paredes internas e trace passando por cada um dos pontos auxiliares criados.<\/p>\n<p>Os cantos de parede que n\u00e3o s\u00e3o criados pela grade de linhas auxiliares podem ser definidos durante a entrada das paredes atrav\u00e9s de meios auxiliares de constru\u00e7\u00e3o (bot\u00e3o direito do mouse -&gt; Meios auxiliares de constru\u00e7\u00e3o).<\/p>\n<p style=\"padding-left: 40px;\"><img data-dominant-color=\"ff871f\" data-has-transparency=\"true\" style=\"--dominant-color: #ff871f;\" loading=\"lazy\" decoding=\"async\" class=\"alignleft wp-image-3821 size-full has-transparency\" src=\"https:\/\/www.cadvilla.com\/wp-content\/uploads\/rufzeichen.png\" alt=\"call sign\" width=\"16\" height=\"70\" \/>No caso de uma parede ficar muito curta, delete a parede e insira-a novamente ou prolongue a parede com a ajuda da fun\u00e7\u00e3o &#8220;<em>Editar parede<\/em>&#8220;. O agrupamento de paredes de mesma espessura (segmentos de parede) pode ter efeitos negativos na execu\u00e7\u00e3o de c\u00e1lculos autom\u00e1ticos e na inser\u00e7\u00e3o de janelas. Motivo: Ao inserir janelas em paredes segmentadas, o respectivo segmento de parede deve ser igual ou mais largo do que a largura da janela.<\/p>\n<\/div><\/div><div class=\"wpb_text_column\"><div class=\"wpb_wrapper\"><h3>Defini\u00e7\u00e3o de nomes para os ambientes<\/h3>\n<p>D\u00ea nome aos c\u00f4modos (inscri\u00e7\u00e3o) somente quando <strong>TODAS<\/strong> as paredes estiverem definidas e n\u00e3o houver mais nenhuma altera\u00e7\u00e3o ser feita. Depois de selecionar o ambiente, clique no bot\u00e3o direito do mouse, v\u00e1 at\u00e9 &#8216;Propriedades&#8217; e altere a denomina\u00e7\u00e3o padr\u00e3o de ambiente que aparece no di\u00e1logo, por exemplo, para sala, quarto, cozinha, banheiro ou WC. No mesmo di\u00e1logo, na \u00e1rea &#8216;Inscri\u00e7\u00e3o&#8217;, voc\u00ea pode adicionar outras inscri\u00e7\u00f5es que devem ser exibidas.<\/p>\n<h3>Entrada de janelas e portas<\/h3>\n<p><img data-dominant-color=\"e3e6e8\" data-has-transparency=\"false\" style=\"--dominant-color: #e3e6e8;\" loading=\"lazy\" decoding=\"async\" class=\"alignright wp-image-3846 size-full not-transparent\" title=\"Insira os componentes\" src=\"https:\/\/www.cadvilla.com\/wp-content\/uploads\/bauelemente_eingeben_sm.jpg\" alt=\"Insira os componentes\" width=\"350\" height=\"209\" \/>O desenho de plantas baixas n\u00e3o inclui apenas as paredes (internas e externas, paredes divis\u00f3rias ou paredes virtuais), mas tamb\u00e9m a representa\u00e7\u00e3o das portas e janelas.<\/p>\n<p>Ap\u00f3s a sele\u00e7\u00e3o da janelas ou porta, clique com o bot\u00e3o direito do mouse na \u00e1rea de desenho e selecione <em>Propriedades<\/em>. No di\u00e1logo que aparece em seguida, defina as dimens\u00f5es para a porta ou janela. No caso das janelas, nesta \u00e1rea tamb\u00e9m pode ser definida a disposi\u00e7\u00e3o dos pin\u00e1zios da janela.<\/p>\n<p>O posicionamento de janelas e portas \u00e9 feito tanto mediante linhas auxiliares como por meios auxiliares de constru\u00e7\u00e3o (bot\u00e3o direito do mouse -&gt; Meios auxiliares de constru\u00e7\u00e3o). Assim que a janela ou a porta estiver na mira do cursor, pode-se mudar seu ponto de refer\u00eancia (esquerda, direita, centro) antes de efetuar a entrada mediante a combina\u00e7\u00e3o de teclas CTRL+W.<\/p>\n<\/div><\/div><div class=\"wpb_text_column\"><div class=\"wpb_wrapper\"><h3>Outros passos para cria\u00e7\u00e3o de plantas baixas<\/h3>\n<ul>\n<li><img data-dominant-color=\"c2c0bd\" data-has-transparency=\"false\" style=\"--dominant-color: #c2c0bd;\" loading=\"lazy\" decoding=\"async\" class=\"alignright wp-image-3856 size-full not-transparent\" title=\"Complemente o interior\" src=\"https:\/\/www.cadvilla.com\/wp-content\/uploads\/raumplaner.jpg\" alt=\"Complemente o interior\" width=\"350\" height=\"209\" \/>Captura de pilares, chamin\u00e9s, vigas de amarra\u00e7\u00e3o e vigas de sustenta\u00e7\u00e3o<\/li>\n<li>Desenho de <a href=\"https:\/\/www.cadvilla.com\/pt-br\/planejar_casas\/#planejar_escadas\">escadas<\/a> (escadas retas, escadas caracol e escadas com patamar)<\/li>\n<li>Desenho de nichos de teto e nichos de parede<\/li>\n<li>Entrada de telhados (de uma \u00e1gua, de quatro \u00e1guas, de duas \u00e1guas&#8230;), eventualmente com a entrada de mansardas e entrada de janelas de s\u00f3t\u00e3o (claraboias, lucarnas)<\/li>\n<li>Coloca\u00e7\u00e3o das cotas na planta baixa desenhada<\/li>\n<\/ul>\n<\/div><\/div><div class=\"w-separator size_small\"><\/div><div class=\"g-cols wpb_row via_grid cols_1 laptops-cols_inherit tablets-cols_inherit mobiles-cols_1 valign_top type_default stacking_default\" style=\"--columns-gap:3rem;\"><div class=\"wpb_column vc_column_container\"><div class=\"vc_column-inner\"><div class=\"wpb_text_column\"><div class=\"wpb_wrapper\"><h2>cadvilla \u00e9 um software profissional para desenhar plantas baixas<\/h2>\n<p><img data-dominant-color=\"e8eaed\" data-has-transparency=\"false\" style=\"--dominant-color: #e8eaed;\" loading=\"lazy\" decoding=\"async\" class=\"alignright wp-image-2567 size-full not-transparent\" title=\"Planejar layout\" src=\"https:\/\/www.cadvilla.com\/wp-content\/uploads\/planzusammenstellung_gesamt.png\" alt=\"Planejar layout\" width=\"350\" height=\"209\" \/><\/p>\n<p>Desenhe suas plantas baixas com o cadvilla professional. Desenhar plantas baixas com o cadvilla \u00e9 f\u00e1cil e muito r\u00e1pido. O cadvilla \u00e9 o software ideal para voc\u00ea mesmo desenhar a planta baixa de sua casa e visualizar rapidamente o resultado em 3D.<\/p>\n<p>Compat\u00edvel com Windows 10 \/ 11<\/p>\n<\/div><\/div><div class=\"w-btn-wrapper align_left\"><a class=\"w-btn us-btn-style_5 us_custom_2ac0b1fd icon_atleft\" title=\"Mais informa\u00e7\u00f5es\" href=\"https:\/\/www.cadvilla.com\/pt-br\/\"><i class=\"fas fa-sign-in\"><\/i><span class=\"w-btn-label\">Mais informa\u00e7\u00f5es<\/span><\/a><\/div><div class=\"w-separator size_medium\"><\/div><div class=\"wpb_text_column\"><div class=\"wpb_wrapper\"><p>Nosso software CAD est\u00e1 dispon\u00edvel em quatro n\u00edveis diferentes de configura\u00e7\u00e3o. Aqui voc\u00ea encontrar\u00e1 uma compara\u00e7\u00e3o detalhada de desempenho.<\/p>\n<\/div><\/div><\/div><\/div><\/div><div class=\"g-cols wpb_row via_grid cols_2-1 laptops-cols_inherit tablets-cols_inherit mobiles-cols_1 valign_top type_default stacking_default\" style=\"--columns-gap:3rem;\"><div class=\"wpb_column vc_column_container\"><div class=\"vc_column-inner\"><div class=\"wpb_text_column us_custom_932250d9 ca-advtext1_pt\"><div class=\"wpb_wrapper\"><p style=\"margin-top: 0px; margin-bottom: 0px;\"><img loading=\"lazy\" decoding=\"async\" src=\"https:\/\/www.cadvilla.com\/wp-content\/uploads\/leerzeichen.png\" alt=\"\" width=\"1\" height=\"1\" \/><\/p>\n<\/div><\/div><div class=\"wpb_text_column us_custom_4cec6e8b\"><div class=\"wpb_wrapper\"><p style=\"text-align: center;\"><a href=\"https:\/\/www.cadvilla.com\/pt-br\/cadvilla_basic\/\"><img data-dominant-color=\"5f5e45\" data-has-transparency=\"false\" style=\"--dominant-color: #5f5e45;\" loading=\"lazy\" decoding=\"async\" class=\"ca-bilderrand-beispiele alignnone wp-image-730 not-transparent\" src=\"https:\/\/www.cadvilla.com\/wp-content\/uploads\/vp-cb2d.jpg\" alt=\"cadvilla basic\" width=\"116\" height=\"150\" \/><\/a> <a href=\"https:\/\/www.cadvilla.com\/pt-br\/cadvilla_basic_plus\/\"><img data-dominant-color=\"6a6251\" data-has-transparency=\"false\" style=\"--dominant-color: #6a6251;\" loading=\"lazy\" decoding=\"async\" class=\"ca-bilderrand-beispiele alignnone wp-image-735 not-transparent\" src=\"https:\/\/www.cadvilla.com\/wp-content\/uploads\/vp-cbp2d.jpg\" alt=\"cadvilla basic plus\" width=\"116\" height=\"150\" \/><\/a> <a href=\"https:\/\/www.cadvilla.com\/pt-br\/cadvilla_pro\/\"><img data-dominant-color=\"464134\" data-has-transparency=\"false\" style=\"--dominant-color: #464134;\" loading=\"lazy\" decoding=\"async\" class=\"ca-bilderrand-beispiele alignnone wp-image-740 not-transparent\" src=\"https:\/\/www.cadvilla.com\/wp-content\/uploads\/vp-cp2d.jpg\" alt=\"cadvilla professional\" width=\"116\" height=\"150\" \/><\/a> <a href=\"https:\/\/www.cadvilla.com\/pt-br\/cadvilla_pro_plus\/\"><img data-dominant-color=\"574d3f\" data-has-transparency=\"false\" style=\"--dominant-color: #574d3f;\" loading=\"lazy\" decoding=\"async\" class=\"ca-bilderrand-beispiele alignnone wp-image-745 not-transparent\" src=\"https:\/\/www.cadvilla.com\/wp-content\/uploads\/vp-cpp2d.jpg\" alt=\"cadvilla professional plus\" width=\"116\" height=\"150\" \/><\/a><\/p>\n<\/div><\/div><div class=\"wpb_text_column us_custom_7ae90079 ca-advtext2_pt\"><div class=\"wpb_wrapper\"><p><span style=\"color: #ff9900;\"><strong>* <\/strong><\/span><\/p>\n<\/div><\/div><div class=\"w-btn-wrapper align_left\"><a class=\"w-btn us-btn-style_5 us_custom_2ac0b1fd icon_atleft\" title=\"Compara\u00e7\u00e3o de vers\u00f5es\" href=\"https:\/\/www.cadvilla.com\/pt-br\/cadvilla_comparacao_das_versoes\/\"><i class=\"fas fa-sign-in\"><\/i><span class=\"w-btn-label\">Compara\u00e7\u00e3o de vers\u00f5es<\/span><\/a><\/div><div class=\"w-separator size_medium\"><\/div><\/div><\/div><div class=\"wpb_column vc_column_container\"><div class=\"vc_column-inner\"><\/div><\/div><\/div><\/div><\/div><\/div><\/div><\/section>\n","protected":false},"excerpt":{"rendered":"Desenhar plantas baixas Desenhar plantas baixas com o software de planejamento de plantas 3D Voc\u00ea quer saber qual a melhor maneira de desenhar sua planta baixa? N\u00f3s lhe mostramos o melhor caminho para desenhar e planejar suas plantas baixas da maneira mais r\u00e1pida e simples \u2013 direto ao resultado desejado. Desenhar e criar plantas baixas...","protected":false},"author":1,"featured_media":0,"parent":0,"menu_order":0,"comment_status":"closed","ping_status":"closed","template":"","meta":{"footnotes":""},"class_list":["post-5348","page","type-page","status-publish","hentry"],"yoast_head":"<!-- This site is optimized with the Yoast SEO plugin v27.3 - https:\/\/yoast.com\/product\/yoast-seo-wordpress\/ -->\n<title>Desenhar plantas baixas com o programa para construtores | cadvilla.com<\/title>\n<meta name=\"description\" content=\"Desenhe as plantas baixas do seu projeto de constru\u00e7\u00e3o com o CADVILLA, um software de arquitetura intuitivo. Baixe agora e comece a criar sua casa dos sonhos!\" \/>\n<meta name=\"robots\" content=\"index, follow, max-snippet:-1, max-image-preview:large, max-video-preview:-1\" \/>\n<link rel=\"canonical\" href=\"https:\/\/www.cadvilla.com\/pt-br\/desenhar_plantas_baixas\/\" \/>\n<meta property=\"og:locale\" content=\"pt_BR\" \/>\n<meta property=\"og:type\" content=\"article\" \/>\n<meta property=\"og:title\" content=\"Desenhar plantas baixas com o programa para construtores | cadvilla.com\" \/>\n<meta property=\"og:description\" content=\"Desenhe as plantas baixas do seu projeto de constru\u00e7\u00e3o com o CADVILLA, um software de arquitetura intuitivo. Baixe agora e comece a criar sua casa dos sonhos!\" \/>\n<meta property=\"og:url\" content=\"https:\/\/www.cadvilla.com\/pt-br\/desenhar_plantas_baixas\/\" \/>\n<meta property=\"og:site_name\" content=\"cadvilla\" \/>\n<meta property=\"article:modified_time\" content=\"2023-10-22T13:42:45+00:00\" \/>\n<meta property=\"og:image\" content=\"https:\/\/www.cadvilla.com\/wp-content\/uploads\/paralleles_arbeiten.jpg\" \/>\n<meta name=\"twitter:card\" content=\"summary_large_image\" \/>\n<meta name=\"twitter:label1\" content=\"Est. tempo de leitura\" \/>\n\t<meta name=\"twitter:data1\" content=\"9 minutos\" \/>\n<script type=\"application\/ld+json\" class=\"yoast-schema-graph\">{\"@context\":\"https:\\\/\\\/schema.org\",\"@graph\":[{\"@type\":\"WebPage\",\"@id\":\"https:\\\/\\\/www.cadvilla.com\\\/pt-br\\\/desenhar_plantas_baixas\\\/\",\"url\":\"https:\\\/\\\/www.cadvilla.com\\\/pt-br\\\/desenhar_plantas_baixas\\\/\",\"name\":\"Desenhar plantas baixas com o programa para construtores | cadvilla.com\",\"isPartOf\":{\"@id\":\"https:\\\/\\\/www.cadvilla.com\\\/pt-br\\\/#website\"},\"primaryImageOfPage\":{\"@id\":\"https:\\\/\\\/www.cadvilla.com\\\/pt-br\\\/desenhar_plantas_baixas\\\/#primaryimage\"},\"image\":{\"@id\":\"https:\\\/\\\/www.cadvilla.com\\\/pt-br\\\/desenhar_plantas_baixas\\\/#primaryimage\"},\"thumbnailUrl\":\"https:\\\/\\\/www.cadvilla.com\\\/wp-content\\\/uploads\\\/paralleles_arbeiten.jpg\",\"datePublished\":\"2019-06-04T15:06:27+00:00\",\"dateModified\":\"2023-10-22T13:42:45+00:00\",\"description\":\"Desenhe as plantas baixas do seu projeto de constru\u00e7\u00e3o com o CADVILLA, um software de arquitetura intuitivo. Baixe agora e comece a criar sua casa dos sonhos!\",\"breadcrumb\":{\"@id\":\"https:\\\/\\\/www.cadvilla.com\\\/pt-br\\\/desenhar_plantas_baixas\\\/#breadcrumb\"},\"inLanguage\":\"pt-BR\",\"potentialAction\":[{\"@type\":\"ReadAction\",\"target\":[\"https:\\\/\\\/www.cadvilla.com\\\/pt-br\\\/desenhar_plantas_baixas\\\/\"]}]},{\"@type\":\"ImageObject\",\"inLanguage\":\"pt-BR\",\"@id\":\"https:\\\/\\\/www.cadvilla.com\\\/pt-br\\\/desenhar_plantas_baixas\\\/#primaryimage\",\"url\":\"https:\\\/\\\/www.cadvilla.com\\\/wp-content\\\/uploads\\\/paralleles_arbeiten.jpg\",\"contentUrl\":\"https:\\\/\\\/www.cadvilla.com\\\/wp-content\\\/uploads\\\/paralleles_arbeiten.jpg\"},{\"@type\":\"BreadcrumbList\",\"@id\":\"https:\\\/\\\/www.cadvilla.com\\\/pt-br\\\/desenhar_plantas_baixas\\\/#breadcrumb\",\"itemListElement\":[{\"@type\":\"ListItem\",\"position\":1,\"name\":\"Startseite\",\"item\":\"https:\\\/\\\/www.cadvilla.com\\\/pt-br\\\/\"},{\"@type\":\"ListItem\",\"position\":2,\"name\":\"Desenhar plantas baixas\"}]},{\"@type\":\"WebSite\",\"@id\":\"https:\\\/\\\/www.cadvilla.com\\\/pt-br\\\/#website\",\"url\":\"https:\\\/\\\/www.cadvilla.com\\\/pt-br\\\/\",\"name\":\"cadvilla\",\"description\":\"\",\"publisher\":{\"@id\":\"https:\\\/\\\/www.cadvilla.com\\\/pt-br\\\/#organization\"},\"potentialAction\":[{\"@type\":\"SearchAction\",\"target\":{\"@type\":\"EntryPoint\",\"urlTemplate\":\"https:\\\/\\\/www.cadvilla.com\\\/pt-br\\\/?s={search_term_string}\"},\"query-input\":{\"@type\":\"PropertyValueSpecification\",\"valueRequired\":true,\"valueName\":\"search_term_string\"}}],\"inLanguage\":\"pt-BR\"},{\"@type\":\"Organization\",\"@id\":\"https:\\\/\\\/www.cadvilla.com\\\/pt-br\\\/#organization\",\"name\":\"cadvilla\",\"url\":\"https:\\\/\\\/www.cadvilla.com\\\/pt-br\\\/\",\"logo\":{\"@type\":\"ImageObject\",\"inLanguage\":\"pt-BR\",\"@id\":\"https:\\\/\\\/www.cadvilla.com\\\/pt-br\\\/#\\\/schema\\\/logo\\\/image\\\/\",\"url\":\"https:\\\/\\\/www.cadvilla.com\\\/wp-content\\\/uploads\\\/logo_cadvilla.png\",\"contentUrl\":\"https:\\\/\\\/www.cadvilla.com\\\/wp-content\\\/uploads\\\/logo_cadvilla.png\",\"width\":157,\"height\":51,\"caption\":\"cadvilla\"},\"image\":{\"@id\":\"https:\\\/\\\/www.cadvilla.com\\\/pt-br\\\/#\\\/schema\\\/logo\\\/image\\\/\"}}]}<\/script>\n<!-- \/ Yoast SEO plugin. -->","yoast_head_json":{"title":"Desenhar plantas baixas com o programa para construtores | cadvilla.com","description":"Desenhe as plantas baixas do seu projeto de constru\u00e7\u00e3o com o CADVILLA, um software de arquitetura intuitivo. Baixe agora e comece a criar sua casa dos sonhos!","robots":{"index":"index","follow":"follow","max-snippet":"max-snippet:-1","max-image-preview":"max-image-preview:large","max-video-preview":"max-video-preview:-1"},"canonical":"https:\/\/www.cadvilla.com\/pt-br\/desenhar_plantas_baixas\/","og_locale":"pt_BR","og_type":"article","og_title":"Desenhar plantas baixas com o programa para construtores | cadvilla.com","og_description":"Desenhe as plantas baixas do seu projeto de constru\u00e7\u00e3o com o CADVILLA, um software de arquitetura intuitivo. Baixe agora e comece a criar sua casa dos sonhos!","og_url":"https:\/\/www.cadvilla.com\/pt-br\/desenhar_plantas_baixas\/","og_site_name":"cadvilla","article_modified_time":"2023-10-22T13:42:45+00:00","og_image":[{"url":"https:\/\/www.cadvilla.com\/wp-content\/uploads\/paralleles_arbeiten.jpg","type":"","width":"","height":""}],"twitter_card":"summary_large_image","twitter_misc":{"Est. tempo de leitura":"9 minutos"},"schema":{"@context":"https:\/\/schema.org","@graph":[{"@type":"WebPage","@id":"https:\/\/www.cadvilla.com\/pt-br\/desenhar_plantas_baixas\/","url":"https:\/\/www.cadvilla.com\/pt-br\/desenhar_plantas_baixas\/","name":"Desenhar plantas baixas com o programa para construtores | cadvilla.com","isPartOf":{"@id":"https:\/\/www.cadvilla.com\/pt-br\/#website"},"primaryImageOfPage":{"@id":"https:\/\/www.cadvilla.com\/pt-br\/desenhar_plantas_baixas\/#primaryimage"},"image":{"@id":"https:\/\/www.cadvilla.com\/pt-br\/desenhar_plantas_baixas\/#primaryimage"},"thumbnailUrl":"https:\/\/www.cadvilla.com\/wp-content\/uploads\/paralleles_arbeiten.jpg","datePublished":"2019-06-04T15:06:27+00:00","dateModified":"2023-10-22T13:42:45+00:00","description":"Desenhe as plantas baixas do seu projeto de constru\u00e7\u00e3o com o CADVILLA, um software de arquitetura intuitivo. Baixe agora e comece a criar sua casa dos sonhos!","breadcrumb":{"@id":"https:\/\/www.cadvilla.com\/pt-br\/desenhar_plantas_baixas\/#breadcrumb"},"inLanguage":"pt-BR","potentialAction":[{"@type":"ReadAction","target":["https:\/\/www.cadvilla.com\/pt-br\/desenhar_plantas_baixas\/"]}]},{"@type":"ImageObject","inLanguage":"pt-BR","@id":"https:\/\/www.cadvilla.com\/pt-br\/desenhar_plantas_baixas\/#primaryimage","url":"https:\/\/www.cadvilla.com\/wp-content\/uploads\/paralleles_arbeiten.jpg","contentUrl":"https:\/\/www.cadvilla.com\/wp-content\/uploads\/paralleles_arbeiten.jpg"},{"@type":"BreadcrumbList","@id":"https:\/\/www.cadvilla.com\/pt-br\/desenhar_plantas_baixas\/#breadcrumb","itemListElement":[{"@type":"ListItem","position":1,"name":"Startseite","item":"https:\/\/www.cadvilla.com\/pt-br\/"},{"@type":"ListItem","position":2,"name":"Desenhar plantas baixas"}]},{"@type":"WebSite","@id":"https:\/\/www.cadvilla.com\/pt-br\/#website","url":"https:\/\/www.cadvilla.com\/pt-br\/","name":"cadvilla","description":"","publisher":{"@id":"https:\/\/www.cadvilla.com\/pt-br\/#organization"},"potentialAction":[{"@type":"SearchAction","target":{"@type":"EntryPoint","urlTemplate":"https:\/\/www.cadvilla.com\/pt-br\/?s={search_term_string}"},"query-input":{"@type":"PropertyValueSpecification","valueRequired":true,"valueName":"search_term_string"}}],"inLanguage":"pt-BR"},{"@type":"Organization","@id":"https:\/\/www.cadvilla.com\/pt-br\/#organization","name":"cadvilla","url":"https:\/\/www.cadvilla.com\/pt-br\/","logo":{"@type":"ImageObject","inLanguage":"pt-BR","@id":"https:\/\/www.cadvilla.com\/pt-br\/#\/schema\/logo\/image\/","url":"https:\/\/www.cadvilla.com\/wp-content\/uploads\/logo_cadvilla.png","contentUrl":"https:\/\/www.cadvilla.com\/wp-content\/uploads\/logo_cadvilla.png","width":157,"height":51,"caption":"cadvilla"},"image":{"@id":"https:\/\/www.cadvilla.com\/pt-br\/#\/schema\/logo\/image\/"}}]}},"_links":{"self":[{"href":"https:\/\/www.cadvilla.com\/pt-br\/wp-json\/wp\/v2\/pages\/5348","targetHints":{"allow":["GET"]}}],"collection":[{"href":"https:\/\/www.cadvilla.com\/pt-br\/wp-json\/wp\/v2\/pages"}],"about":[{"href":"https:\/\/www.cadvilla.com\/pt-br\/wp-json\/wp\/v2\/types\/page"}],"author":[{"embeddable":true,"href":"https:\/\/www.cadvilla.com\/pt-br\/wp-json\/wp\/v2\/users\/1"}],"replies":[{"embeddable":true,"href":"https:\/\/www.cadvilla.com\/pt-br\/wp-json\/wp\/v2\/comments?post=5348"}],"version-history":[{"count":0,"href":"https:\/\/www.cadvilla.com\/pt-br\/wp-json\/wp\/v2\/pages\/5348\/revisions"}],"wp:attachment":[{"href":"https:\/\/www.cadvilla.com\/pt-br\/wp-json\/wp\/v2\/media?parent=5348"}],"curies":[{"name":"wp","href":"https:\/\/api.w.org\/{rel}","templated":true}]}}