{"id":5538,"date":"2019-06-28T10:09:02","date_gmt":"2019-06-28T08:09:02","guid":{"rendered":"https:\/\/www.cadvilla.pl\/about_us\/"},"modified":"2019-07-12T12:54:50","modified_gmt":"2019-07-12T10:54:50","slug":"aviso_legal","status":"publish","type":"page","link":"https:\/\/www.cadvilla.com\/pt-br\/aviso_legal\/","title":{"rendered":"Aviso Legal da cadvilla"},"content":{"rendered":"<section class=\"l-section wpb_row ca-headerbackground0 height_large\"><div class=\"l-section-h i-cf\"><div class=\"g-cols vc_row via_grid cols_1 laptops-cols_inherit tablets-cols_inherit mobiles-cols_1 valign_bottom type_default stacking_default\"><div class=\"wpb_column vc_column_container\"><div class=\"vc_column-inner\"><\/div><\/div><\/div><\/div><\/section><section class=\"l-section wpb_row height_auto\"><div class=\"l-section-h i-cf\"><div class=\"g-cols vc_row via_grid cols_1 laptops-cols_inherit tablets-cols_inherit mobiles-cols_1 valign_top type_default stacking_default\"><div class=\"wpb_column vc_column_container\"><div class=\"vc_column-inner\"><\/div><\/div><\/div><\/div><\/section><section class=\"l-section wpb_row ca-headerbg height_small\" id=\"begin\"><div class=\"l-section-h i-cf\"><div class=\"g-cols vc_row via_grid cols_1 laptops-cols_inherit tablets-cols_inherit mobiles-cols_1 valign_top type_default stacking_default\"><div class=\"wpb_column vc_column_container\"><div class=\"vc_column-inner\"><div class=\"wpb_text_column\"><div class=\"wpb_wrapper\"><h1>Aviso Legal da cadvilla<\/h1>\n<\/div><\/div><\/div><\/div><\/div><\/div><\/section><section class=\"l-section wpb_row height_small\"><div class=\"l-section-h i-cf\"><div class=\"g-cols vc_row via_grid cols_1 laptops-cols_inherit tablets-cols_inherit mobiles-cols_1 valign_top type_default stacking_default\"><div class=\"wpb_column vc_column_container\"><div class=\"vc_column-inner\"><div class=\"wpb_text_column\"><div class=\"wpb_wrapper\"><h2>Dados de contato e Aviso Legal da cadvilla<\/h2>\n<p>TRIXL GmbH<br \/>\nAigner Strasse 35<br \/>\nA-5020 Salzburg<\/p>\n<p>Telefone &#8211; Central: +43 662 650 650 0<br \/>\nTelefone &#8211; Informa\u00e7\u00f5es t\u00e9cnicas: +43 662 650 650 40<br \/>\nFAX: +43 662 650 650 12<\/p>\n<p>email: <span style=\"display: none;\">are-<\/span><span style=\"display: inline;\">info<\/span><span style=\"display: none;\">-xya34<\/span><span style=\"display: inline;\">@<\/span><span style=\"display: none;\">ddks-<\/span><span style=\"display: inline;\">cadvilla.com<\/span><\/p>\n<p>VAT no.: ATU52806101 (c\u00f3digo de identifica\u00e7\u00e3o fiscal, equivalente ao CNPJ)<br \/>\nRegistro na Junta Comercial: FN 215736 i<br \/>\nAdministrador: Ewald Trixl<\/p>\n<p>Todos os textos, dados t\u00e9cnicos, imagens e outras informa\u00e7\u00f5es s\u00e3o exclusivamente informa\u00e7\u00f5es n\u00e3o vinculativas que n\u00e3o podem, sob nenhuma circunst\u00e2ncia e em nenhum momento, ser consideradas como embasamento, objeto ou conte\u00fado de um contrato. Reservamo-nos expressamente todos os direitos sobre modifica\u00e7\u00f5es t\u00e9cnicas ou de outra natureza, assim como altera\u00e7\u00f5es no que diz respeito \u00e0 disponibilidade de determinados produtos.<\/p>\n<p>A responsabilidade sobre o conte\u00fado de p\u00e1ginas de Internet de terceiros aqui vinculado recai exclusivamente sobre os autores e provedores dessas p\u00e1ginas. N\u00e3o assumimos nenhuma responsabilidade ou garantia relacionada a estas p\u00e1ginas.<\/p>\n<p><a href=\"https:\/\/www.cadvilla.com\/pt-br\/privacy_policy\/\">Pol\u00edtica de Privacidade<\/a><\/p>\n<\/div><\/div><\/div><\/div><\/div><\/div><\/section>\n","protected":false},"excerpt":{"rendered":"Aviso Legal da cadvilla Dados de contato e Aviso Legal da cadvilla TRIXL GmbH Aigner Strasse 35 A-5020 Salzburg Telefone &#8211; Central: +43 662 650 650 0 Telefone &#8211; Informa\u00e7\u00f5es t\u00e9cnicas: +43 662 650 650 40 FAX: +43 662 650 650 12 email: are-info-xya34@ddks-cadvilla.com VAT no.: ATU52806101 (c\u00f3digo de identifica\u00e7\u00e3o fiscal, equivalente ao CNPJ) Registro...","protected":false},"author":1,"featured_media":0,"parent":0,"menu_order":0,"comment_status":"closed","ping_status":"closed","template":"","meta":{"footnotes":""},"class_list":["post-5538","page","type-page","status-publish","hentry"],"yoast_head":"<!-- This site is optimized with the Yoast SEO plugin v27.4 - https:\/\/yoast.com\/product\/yoast-seo-wordpress\/ -->\n<title>cadvilla - Aviso Legal<\/title>\n<meta name=\"robots\" content=\"index, follow, max-snippet:-1, max-image-preview:large, max-video-preview:-1\" \/>\n<link rel=\"canonical\" href=\"https:\/\/www.cadvilla.com\/pt-br\/aviso_legal\/\" \/>\n<meta property=\"og:locale\" content=\"pt_BR\" \/>\n<meta property=\"og:type\" content=\"article\" \/>\n<meta property=\"og:title\" content=\"cadvilla - Aviso Legal\" \/>\n<meta property=\"og:url\" content=\"https:\/\/www.cadvilla.com\/pt-br\/aviso_legal\/\" \/>\n<meta property=\"og:site_name\" content=\"cadvilla\" \/>\n<meta property=\"article:modified_time\" content=\"2019-07-12T10:54:50+00:00\" \/>\n<meta name=\"twitter:card\" content=\"summary_large_image\" \/>\n<meta name=\"twitter:label1\" content=\"Est. tempo de leitura\" \/>\n\t<meta name=\"twitter:data1\" content=\"1 minuto\" \/>\n<script type=\"application\/ld+json\" class=\"yoast-schema-graph\">{\"@context\":\"https:\\\/\\\/schema.org\",\"@graph\":[{\"@type\":\"WebPage\",\"@id\":\"https:\\\/\\\/www.cadvilla.com\\\/pt-br\\\/aviso_legal\\\/\",\"url\":\"https:\\\/\\\/www.cadvilla.com\\\/pt-br\\\/aviso_legal\\\/\",\"name\":\"cadvilla - Aviso Legal\",\"isPartOf\":{\"@id\":\"https:\\\/\\\/www.cadvilla.com\\\/pt-br\\\/#website\"},\"datePublished\":\"2019-06-28T08:09:02+00:00\",\"dateModified\":\"2019-07-12T10:54:50+00:00\",\"breadcrumb\":{\"@id\":\"https:\\\/\\\/www.cadvilla.com\\\/pt-br\\\/aviso_legal\\\/#breadcrumb\"},\"inLanguage\":\"pt-BR\",\"potentialAction\":[{\"@type\":\"ReadAction\",\"target\":[\"https:\\\/\\\/www.cadvilla.com\\\/pt-br\\\/aviso_legal\\\/\"]}]},{\"@type\":\"BreadcrumbList\",\"@id\":\"https:\\\/\\\/www.cadvilla.com\\\/pt-br\\\/aviso_legal\\\/#breadcrumb\",\"itemListElement\":[{\"@type\":\"ListItem\",\"position\":1,\"name\":\"Startseite\",\"item\":\"https:\\\/\\\/www.cadvilla.com\\\/pt-br\\\/\"},{\"@type\":\"ListItem\",\"position\":2,\"name\":\"Aviso Legal da cadvilla\"}]},{\"@type\":\"WebSite\",\"@id\":\"https:\\\/\\\/www.cadvilla.com\\\/pt-br\\\/#website\",\"url\":\"https:\\\/\\\/www.cadvilla.com\\\/pt-br\\\/\",\"name\":\"cadvilla\",\"description\":\"\",\"publisher\":{\"@id\":\"https:\\\/\\\/www.cadvilla.com\\\/pt-br\\\/#organization\"},\"potentialAction\":[{\"@type\":\"SearchAction\",\"target\":{\"@type\":\"EntryPoint\",\"urlTemplate\":\"https:\\\/\\\/www.cadvilla.com\\\/pt-br\\\/?s={search_term_string}\"},\"query-input\":{\"@type\":\"PropertyValueSpecification\",\"valueRequired\":true,\"valueName\":\"search_term_string\"}}],\"inLanguage\":\"pt-BR\"},{\"@type\":\"Organization\",\"@id\":\"https:\\\/\\\/www.cadvilla.com\\\/pt-br\\\/#organization\",\"name\":\"cadvilla\",\"url\":\"https:\\\/\\\/www.cadvilla.com\\\/pt-br\\\/\",\"logo\":{\"@type\":\"ImageObject\",\"inLanguage\":\"pt-BR\",\"@id\":\"https:\\\/\\\/www.cadvilla.com\\\/pt-br\\\/#\\\/schema\\\/logo\\\/image\\\/\",\"url\":\"https:\\\/\\\/www.cadvilla.com\\\/wp-content\\\/uploads\\\/logo_cadvilla.png\",\"contentUrl\":\"https:\\\/\\\/www.cadvilla.com\\\/wp-content\\\/uploads\\\/logo_cadvilla.png\",\"width\":157,\"height\":51,\"caption\":\"cadvilla\"},\"image\":{\"@id\":\"https:\\\/\\\/www.cadvilla.com\\\/pt-br\\\/#\\\/schema\\\/logo\\\/image\\\/\"}}]}<\/script>\n<!-- \/ Yoast SEO plugin. -->","yoast_head_json":{"title":"cadvilla - Aviso Legal","robots":{"index":"index","follow":"follow","max-snippet":"max-snippet:-1","max-image-preview":"max-image-preview:large","max-video-preview":"max-video-preview:-1"},"canonical":"https:\/\/www.cadvilla.com\/pt-br\/aviso_legal\/","og_locale":"pt_BR","og_type":"article","og_title":"cadvilla - Aviso Legal","og_url":"https:\/\/www.cadvilla.com\/pt-br\/aviso_legal\/","og_site_name":"cadvilla","article_modified_time":"2019-07-12T10:54:50+00:00","twitter_card":"summary_large_image","twitter_misc":{"Est. tempo de leitura":"1 minuto"},"schema":{"@context":"https:\/\/schema.org","@graph":[{"@type":"WebPage","@id":"https:\/\/www.cadvilla.com\/pt-br\/aviso_legal\/","url":"https:\/\/www.cadvilla.com\/pt-br\/aviso_legal\/","name":"cadvilla - Aviso Legal","isPartOf":{"@id":"https:\/\/www.cadvilla.com\/pt-br\/#website"},"datePublished":"2019-06-28T08:09:02+00:00","dateModified":"2019-07-12T10:54:50+00:00","breadcrumb":{"@id":"https:\/\/www.cadvilla.com\/pt-br\/aviso_legal\/#breadcrumb"},"inLanguage":"pt-BR","potentialAction":[{"@type":"ReadAction","target":["https:\/\/www.cadvilla.com\/pt-br\/aviso_legal\/"]}]},{"@type":"BreadcrumbList","@id":"https:\/\/www.cadvilla.com\/pt-br\/aviso_legal\/#breadcrumb","itemListElement":[{"@type":"ListItem","position":1,"name":"Startseite","item":"https:\/\/www.cadvilla.com\/pt-br\/"},{"@type":"ListItem","position":2,"name":"Aviso Legal da cadvilla"}]},{"@type":"WebSite","@id":"https:\/\/www.cadvilla.com\/pt-br\/#website","url":"https:\/\/www.cadvilla.com\/pt-br\/","name":"cadvilla","description":"","publisher":{"@id":"https:\/\/www.cadvilla.com\/pt-br\/#organization"},"potentialAction":[{"@type":"SearchAction","target":{"@type":"EntryPoint","urlTemplate":"https:\/\/www.cadvilla.com\/pt-br\/?s={search_term_string}"},"query-input":{"@type":"PropertyValueSpecification","valueRequired":true,"valueName":"search_term_string"}}],"inLanguage":"pt-BR"},{"@type":"Organization","@id":"https:\/\/www.cadvilla.com\/pt-br\/#organization","name":"cadvilla","url":"https:\/\/www.cadvilla.com\/pt-br\/","logo":{"@type":"ImageObject","inLanguage":"pt-BR","@id":"https:\/\/www.cadvilla.com\/pt-br\/#\/schema\/logo\/image\/","url":"https:\/\/www.cadvilla.com\/wp-content\/uploads\/logo_cadvilla.png","contentUrl":"https:\/\/www.cadvilla.com\/wp-content\/uploads\/logo_cadvilla.png","width":157,"height":51,"caption":"cadvilla"},"image":{"@id":"https:\/\/www.cadvilla.com\/pt-br\/#\/schema\/logo\/image\/"}}]}},"_links":{"self":[{"href":"https:\/\/www.cadvilla.com\/pt-br\/wp-json\/wp\/v2\/pages\/5538","targetHints":{"allow":["GET"]}}],"collection":[{"href":"https:\/\/www.cadvilla.com\/pt-br\/wp-json\/wp\/v2\/pages"}],"about":[{"href":"https:\/\/www.cadvilla.com\/pt-br\/wp-json\/wp\/v2\/types\/page"}],"author":[{"embeddable":true,"href":"https:\/\/www.cadvilla.com\/pt-br\/wp-json\/wp\/v2\/users\/1"}],"replies":[{"embeddable":true,"href":"https:\/\/www.cadvilla.com\/pt-br\/wp-json\/wp\/v2\/comments?post=5538"}],"version-history":[{"count":0,"href":"https:\/\/www.cadvilla.com\/pt-br\/wp-json\/wp\/v2\/pages\/5538\/revisions"}],"wp:attachment":[{"href":"https:\/\/www.cadvilla.com\/pt-br\/wp-json\/wp\/v2\/media?parent=5538"}],"curies":[{"name":"wp","href":"https:\/\/api.w.org\/{rel}","templated":true}]}}