{"id":6082,"date":"2019-07-04T11:50:06","date_gmt":"2019-07-04T09:50:06","guid":{"rendered":"https:\/\/www.cadvilla.pl\/cadvilla_tutorial\/"},"modified":"2023-10-22T16:11:45","modified_gmt":"2023-10-22T14:11:45","slug":"tutorial_para_cadvilla","status":"publish","type":"page","link":"https:\/\/www.cadvilla.com\/pt-br\/tutorial_para_cadvilla\/","title":{"rendered":"Tutorial para cadvilla"},"content":{"rendered":"<section class=\"l-section wpb_row ca-headerbackground0 height_large\"><div class=\"l-section-h i-cf\"><div class=\"g-cols vc_row via_grid cols_1 laptops-cols_inherit tablets-cols_inherit mobiles-cols_1 valign_bottom type_default stacking_default\"><div class=\"wpb_column vc_column_container\"><div class=\"vc_column-inner\"><\/div><\/div><\/div><\/div><\/section><section class=\"l-section wpb_row height_auto\"><div class=\"l-section-h i-cf\"><div class=\"g-cols vc_row via_grid cols_1 laptops-cols_inherit tablets-cols_inherit mobiles-cols_1 valign_top type_default stacking_default\"><div class=\"wpb_column vc_column_container\"><div class=\"vc_column-inner\"><\/div><\/div><\/div><\/div><\/section><section class=\"l-section wpb_row ca-headerbg height_small\" id=\"begin\"><div class=\"l-section-h i-cf\"><div class=\"g-cols vc_row via_grid cols_1 laptops-cols_inherit tablets-cols_inherit mobiles-cols_1 valign_top type_default stacking_default\"><div class=\"wpb_column vc_column_container\"><div class=\"vc_column-inner\"><div class=\"wpb_text_column ca-heading1\"><div class=\"wpb_wrapper\"><h1>Tutorial para cadvilla<\/h1>\n<\/div><\/div><\/div><\/div><\/div><\/div><\/section><section class=\"l-section wpb_row us_custom_9a24c93d height_medium\"><div class=\"l-section-h i-cf\"><div class=\"g-cols vc_row via_grid cols_1-2-1 laptops-cols_inherit tablets-cols_inherit mobiles-cols_1 valign_top type_default stacking_default\"><div class=\"wpb_column vc_column_container\"><div class=\"vc_column-inner\"><div class=\"wpb_text_column ca-product-small_info\"><div class=\"wpb_wrapper\"><p><img loading=\"lazy\" decoding=\"async\" class=\"alignnone size-full wp-image-2036\" src=\"https:\/\/www.cadvilla.com\/wp-content\/uploads\/zusatzmodul_pt-1.png\" alt=\"m\u00f3dulo adicional para cadvilla\" width=\"200\" height=\"200\" \/><br \/>\nDispon\u00edvel para download (~ 890 MB)<\/p>\n<\/div><\/div><\/div><\/div><div class=\"wpb_column vc_column_container\"><div class=\"vc_column-inner\"><div class=\"g-cols wpb_row via_grid cols_1 laptops-cols_inherit tablets-cols_inherit mobiles-cols_1 valign_top type_default stacking_default\" style=\"--columns-gap:3rem;\"><div class=\"wpb_column vc_column_container\"><div class=\"vc_column-inner\"><div class=\"wpb_text_column\"><div class=\"wpb_wrapper\"><p class=\"ca-h2style\"><strong>cadvilla Tutorial (OFFLINE with Toolbars \/ in German)<br \/>\n<\/strong><\/p>\n<p class=\"ca-h4style\"><strong><span style=\"color: #ff9900;\">24,95 \u20ac *<br \/>\n<\/span><\/strong><\/p>\n<p><span style=\"color: #999999;\">(O pre\u00e7o de tabela recomendado \u00e9 de 24,95 \u20ac)<br \/>\n<\/span><\/p>\n<p>\u2013 Todos os pre\u00e7os incluem IVA Colec\u00e7\u00e3o<\/p>\n<\/div><\/div><div class=\"w-btn-wrapper align_left\"><a class=\"w-btn us-btn-style_2 us_custom_2ac0b1fd icon_atleft\" rel=\"nofollow\" href=\"#\"><i class=\"fas fa-download\"><\/i><span class=\"w-btn-label\">atualmente n\u00e3o dispon\u00edvel<\/span><\/a><\/div><\/div><\/div><\/div><\/div><\/div><div class=\"wpb_column vc_column_container\"><div class=\"vc_column-inner\"><div class=\"wpb_text_column\"><div class=\"wpb_wrapper\"><p class=\"ca-h5style\"><span class=\"ca-headertext-seitenleiste\">Purchase process<\/span><\/p>\n<\/div><\/div><div class=\"wpb_text_column\"><div class=\"wpb_wrapper\"><p style=\"text-align: center;\"><span style=\"color: #999999;\">The purchase process and delivery of the product is handled by our contractual partner <span style=\"color: #808080;\">cleverbridge AG<span style=\"color: #999999;\"> based in Cologne, Germany.<\/span><\/span>.<\/span><\/p>\n<\/div><\/div><div class=\"w-separator size_small\"><\/div><div class=\"wpb_text_column\"><div class=\"wpb_wrapper\"><p class=\"ca-h5style\"><span class=\"ca-headertext-seitenleiste\">Zahlungsoptionen<\/span><\/p>\n<\/div><\/div><div class=\"w-image align_center\"><div class=\"w-image-h\"><img decoding=\"async\" width=\"300\" height=\"105\" src=\"https:\/\/www.cadvilla.com\/wp-content\/uploads\/de-pp_plus-logo-hoch_ohne_PUI_300x105px.png\" class=\"attachment-full size-full\" alt=\"\" loading=\"lazy\" \/><\/div><\/div><\/div><\/div><\/div><\/div><\/section><section class=\"l-section wpb_row height_medium\"><div class=\"l-section-h i-cf\"><div class=\"g-cols vc_row via_grid cols_1 laptops-cols_inherit tablets-cols_inherit mobiles-cols_1 valign_top type_default stacking_default\"><div class=\"wpb_column vc_column_container\"><div class=\"vc_column-inner\"><div class=\"g-cols wpb_row via_grid cols_1 laptops-cols_inherit tablets-cols_inherit mobiles-cols_1 valign_top type_default stacking_default\" style=\"--columns-gap:3rem;\"><div class=\"wpb_column vc_column_container\"><div class=\"vc_column-inner\"><div class=\"wpb_text_column\"><div class=\"wpb_wrapper\"><h2>Um tutorial para o aprendizado r\u00e1pido do cadvilla<\/h2>\n<\/div><\/div><div class=\"wpb_text_column\"><div class=\"wpb_wrapper\"><p>O uso profissional do cadvilla \u00e9 a chave para o planejamento e cria\u00e7\u00e3o bem-sucedidos dos seus projetos.<\/p>\n<p>O software de aprendizado (tutorial) \u00e9 uma ferramenta profissional para o aprendizado r\u00e1pido de nossos produtos. O tutorial exibe v\u00eddeos de treinamento em seu computador com base em um projeto de amostra e mostra passo a passo como executar um projeto profissional, do in\u00edcio ao fim.<\/p>\n<p>Para controlar a exibi\u00e7\u00e3o dos v\u00eddeos, na parte inferior encontram-se dispon\u00edveis elementos de controle como Reproduzir, Parar (pausa), Avan\u00e7ar e Retrocesso, e tamb\u00e9m a sele\u00e7\u00e3o da velocidade de exibi\u00e7\u00e3o 1x, 2x ou 4x.<\/p>\n<p>O tutorial se adequa perfeitamente a todas as vers\u00f5es dispon\u00edveis do cadvilla.<\/p>\n<\/div><\/div><div class=\"wpb_text_column\"><div class=\"wpb_wrapper\"><h3>O tutorial do cadvilla est\u00e1 incluso nas seguintes vers\u00f5es do cadvilla<\/h3>\n<\/div><\/div><div class=\"w-tabs us_custom_89477bc8 style_default switch_click accordion type_togglable has_scrolling\" style=\"--sections-title-size:18px\"><div class=\"w-tabs-sections titles-align_none icon_chevron cpos_right\"><div class=\"w-tabs-section vergleich_header has_text_color\" id=\"ge5d\" style=\"color:rgba(31,31,31,0.01);\"><button class=\"w-tabs-section-header with_icon\" aria-controls=\"content-ge5d\" aria-expanded=\"false\"><i class=\"fas fa-table\"><\/i><div class=\"w-tabs-section-title\">Tab 1<\/div><div class=\"w-tabs-section-control\"><\/div><\/button><div  class=\"w-tabs-section-content\" id=\"content-ge5d\"><div class=\"w-tabs-section-content-h i-cf\"><div class=\"wpb_text_column\"><div class=\"wpb_wrapper\"><\/div><\/div><\/div><\/div><\/div><div class=\"w-tabs-section vergleich_xx_xxx_cp_cpp\" id=\"zfb0\"><button class=\"w-tabs-section-header\" aria-controls=\"content-zfb0\" aria-expanded=\"false\"><div class=\"w-tabs-section-title\">Tutorial &#8211; Toolbars (OFFLINE \/ in German)<\/div><div class=\"w-tabs-section-control\"><\/div><\/button><div  class=\"w-tabs-section-content\" id=\"content-zfb0\"><div class=\"w-tabs-section-content-h i-cf\"><div class=\"wpb_text_column\"><div class=\"wpb_wrapper\"><\/div><\/div><\/div><\/div><\/div><\/div><\/div><\/div><\/div><\/div><div class=\"w-separator size_large\"><\/div><div class=\"g-cols wpb_row us_custom_79981fe8 via_grid cols_1 laptops-cols_inherit tablets-cols_inherit mobiles-cols_1 valign_top type_default stacking_default\" style=\"--columns-gap:3rem;\"><div class=\"wpb_column vc_column_container\"><div class=\"vc_column-inner\"><div class=\"wpb_text_column\"><div class=\"wpb_wrapper\"><h2>V\u00eddeos que est\u00e3o inclu\u00eddos no tutorial para cadvilla (all videos are in english)<\/h2>\n<\/div><\/div><div class=\"w-tabs us_custom_89477bc8 style_default switch_click accordion type_togglable has_scrolling\" style=\"--sections-title-size:18px\"><div class=\"w-tabs-sections titles-align_none icon_chevron cpos_right\"><div class=\"w-tabs-section active\" id=\"x0f4\"><button class=\"w-tabs-section-header active with_icon\" aria-controls=\"content-x0f4\" aria-expanded=\"true\"><i class=\"fas fa-plus\"><\/i><div class=\"w-tabs-section-title\">Defini\u00e7\u00f5es e pr\u00e9-configura\u00e7\u00f5es<\/div><div class=\"w-tabs-section-control\"><\/div><\/button><div  class=\"w-tabs-section-content\" id=\"content-x0f4\"><div class=\"w-tabs-section-content-h i-cf\"><div class=\"wpb_text_column\"><div class=\"wpb_wrapper\"><ul>\n<li><img data-dominant-color=\"c7cacd\" data-has-transparency=\"false\" style=\"--dominant-color: #c7cacd;\" loading=\"lazy\" decoding=\"async\" class=\"alignright wp-image-6052 size-full not-transparent\" src=\"https:\/\/www.cadvilla.com\/wp-content\/uploads\/turorial_s2.png\" alt=\"cadvilla Tutorial (Toolbar)\" width=\"300\" height=\"208\" \/>Defini\u00e7\u00e3o da grade<\/li>\n<li>Defini\u00e7\u00e3o de linhas auxiliares<\/li>\n<li>Defini\u00e7\u00e3o de paredes, janelas e portas<\/li>\n<li>Defini\u00e7\u00e3o de forros<\/li>\n<li>Defini\u00e7\u00e3o de claraboias e lucarnas<\/li>\n<li>Defini\u00e7\u00e3o de nichos, aberturas e rasgos de paredes<\/li>\n<li>Defini\u00e7\u00e3o de escadas, pilares e chamin\u00e9s<\/li>\n<li>Defini\u00e7\u00e3o de vigas de amarra\u00e7\u00e3o e vigas de sustenta\u00e7\u00e3o<\/li>\n<li>Defini\u00e7\u00e3o das propriedades de vistas 2D e 3D<\/li>\n<li>Defini\u00e7\u00e3o do sistema de cotas e da fun\u00e7\u00e3o de medi\u00e7\u00e3o<\/li>\n<\/ul>\n<\/div><\/div><\/div><\/div><\/div><div class=\"w-tabs-section active\" id=\"p486\"><button class=\"w-tabs-section-header active with_icon\" aria-controls=\"content-p486\" aria-expanded=\"true\"><i class=\"fas fa-plus\"><\/i><div class=\"w-tabs-section-title\">Constru\u00e7\u00e3o baseada em um modelo de planta<\/div><div class=\"w-tabs-section-control\"><\/div><\/button><div  class=\"w-tabs-section-content\" id=\"content-p486\"><div class=\"w-tabs-section-content-h i-cf\"><div class=\"wpb_text_column\"><div class=\"wpb_wrapper\"><ul>\n<li><img data-dominant-color=\"e6e6e7\" data-has-transparency=\"false\" style=\"--dominant-color: #e6e6e7;\" loading=\"lazy\" decoding=\"async\" class=\"alignright wp-image-6057 size-full not-transparent\" src=\"https:\/\/www.cadvilla.com\/wp-content\/uploads\/tutorial_s1.png\" alt=\"cadvilla Tutorial (Toolbar)\" width=\"300\" height=\"208\" \/>In\u00edcio de um novo projeto<\/li>\n<li>Cria\u00e7\u00e3o do contorno usando a entrada num\u00e9rica<\/li>\n<li>Cria\u00e7\u00e3o do contorno usando linhas auxiliares<\/li>\n<li>Cria\u00e7\u00e3o do contorno usando o assistente de entrada<\/li>\n<li>Introdu\u00e7\u00e3o das paredes internas atrav\u00e9s de meios auxiliares de constru\u00e7\u00e3o e linhas auxiliares<\/li>\n<li>Introdu\u00e7\u00e3o das janelas, portas e escadas<\/li>\n<li>Introdu\u00e7\u00e3o do fundamento<\/li>\n<li>Introdu\u00e7\u00e3o do s\u00f3t\u00e3o<\/li>\n<li>Introdu\u00e7\u00e3o do telhado, claraboias e janelas de s\u00f3t\u00e3o<\/li>\n<li>Coloca\u00e7\u00e3o de cotas na planta<\/li>\n<li>Cria\u00e7\u00e3o de uma vista ou de uma sec\u00e7\u00e3o transversal<\/li>\n<li>Coloca\u00e7\u00e3o de cotas na vista ou na sec\u00e7\u00e3o transversal<\/li>\n<li>Rotular os c\u00f4modos<\/li>\n<li>Adapta\u00e7\u00e3o do terreno atrav\u00e9s de objetos de paisagem, alturas<br \/>\ncotadas e caminhos paisag\u00edsticos<\/li>\n<li>Introdu\u00e7\u00e3o de terra\u00e7os<\/li>\n<li>Adi\u00e7\u00e3ode texturasem superf\u00edcies e m\u00f3veis da planta com objetos e ilumina\u00e7\u00e3o<\/li>\n<\/ul>\n<\/div><\/div><\/div><\/div><\/div><div class=\"w-tabs-section active\" id=\"b7ae\"><button class=\"w-tabs-section-header active with_icon\" aria-controls=\"content-b7ae\" aria-expanded=\"true\"><i class=\"fas fa-plus\"><\/i><div class=\"w-tabs-section-title\">Outros v\u00eddeos inclu\u00eddos<\/div><div class=\"w-tabs-section-control\"><\/div><\/button><div  class=\"w-tabs-section-content\" id=\"content-b7ae\"><div class=\"w-tabs-section-content-h i-cf\"><div class=\"wpb_text_column\"><div class=\"wpb_wrapper\"><ul>\n<li><img data-dominant-color=\"dedee1\" data-has-transparency=\"false\" style=\"--dominant-color: #dedee1;\" loading=\"lazy\" decoding=\"async\" class=\"alignright wp-image-6062 size-full not-transparent\" src=\"https:\/\/www.cadvilla.com\/wp-content\/uploads\/tutorial_s3.png\" alt=\"cadvilla Tutorial (Toolbar)\" width=\"300\" height=\"208\" \/>Importa\u00e7\u00e3o e exporta\u00e7\u00e3o de arquivos DXF<\/li>\n<li>C\u00e1lculo de \u00e1reas conforme DIN277 e regulamenta\u00e7\u00e3o de \u00e1reas \u00fateis<\/li>\n<li>Projeto arquitet\u00f4nico<\/li>\n<li>Uso do assistente de deleta\u00e7\u00e3on<\/li>\n<li>Uso do conversor 3D para importa\u00e7\u00e3o de objetos 3D externos<\/li>\n<\/ul>\n<\/div><\/div><\/div><\/div><\/div><\/div><\/div><\/div><\/div><\/div><\/div><\/div><\/div><\/div><\/section>\n","protected":false},"excerpt":{"rendered":"Tutorial para cadvilla Dispon\u00edvel para download (~ 890 MB) cadvilla Tutorial (OFFLINE with Toolbars \/ in German) 24,95 \u20ac * (O pre\u00e7o de tabela recomendado \u00e9 de 24,95 \u20ac) \u2013 Todos os pre\u00e7os incluem IVA Colec\u00e7\u00e3o atualmente n\u00e3o dispon\u00edvel Purchase process The purchase process and delivery of the product is handled by our contractual partner...","protected":false},"author":1,"featured_media":0,"parent":0,"menu_order":0,"comment_status":"closed","ping_status":"closed","template":"","meta":{"footnotes":""},"class_list":["post-6082","page","type-page","status-publish","hentry"],"yoast_head":"<!-- This site is optimized with the Yoast SEO plugin v27.4 - https:\/\/yoast.com\/product\/yoast-seo-wordpress\/ -->\n<title>Tutorial para cadvilla<\/title>\n<meta name=\"description\" content=\"O software de aprendizado (tutorial) \u00e9 uma ferramenta profissional para o aprendizado r\u00e1pido de nossos produtos.\" \/>\n<meta name=\"robots\" content=\"index, follow, max-snippet:-1, max-image-preview:large, max-video-preview:-1\" \/>\n<link rel=\"canonical\" href=\"https:\/\/www.cadvilla.com\/pt-br\/tutorial_para_cadvilla\/\" \/>\n<meta property=\"og:locale\" content=\"pt_BR\" \/>\n<meta property=\"og:type\" content=\"article\" \/>\n<meta property=\"og:title\" content=\"Tutorial para cadvilla\" \/>\n<meta property=\"og:description\" content=\"O software de aprendizado (tutorial) \u00e9 uma ferramenta profissional para o aprendizado r\u00e1pido de nossos produtos.\" \/>\n<meta property=\"og:url\" content=\"https:\/\/www.cadvilla.com\/pt-br\/tutorial_para_cadvilla\/\" \/>\n<meta property=\"og:site_name\" content=\"cadvilla\" \/>\n<meta property=\"article:modified_time\" content=\"2023-10-22T14:11:45+00:00\" \/>\n<meta property=\"og:image\" content=\"https:\/\/www.cadvilla.com\/wp-content\/uploads\/zusatzmodul_pt-1.png\" \/>\n<meta name=\"twitter:card\" content=\"summary_large_image\" \/>\n<meta name=\"twitter:label1\" content=\"Est. tempo de leitura\" \/>\n\t<meta name=\"twitter:data1\" content=\"4 minutos\" \/>\n<script type=\"application\/ld+json\" class=\"yoast-schema-graph\">{\"@context\":\"https:\\\/\\\/schema.org\",\"@graph\":[{\"@type\":\"WebPage\",\"@id\":\"https:\\\/\\\/www.cadvilla.com\\\/pt-br\\\/tutorial_para_cadvilla\\\/\",\"url\":\"https:\\\/\\\/www.cadvilla.com\\\/pt-br\\\/tutorial_para_cadvilla\\\/\",\"name\":\"Tutorial para cadvilla\",\"isPartOf\":{\"@id\":\"https:\\\/\\\/www.cadvilla.com\\\/pt-br\\\/#website\"},\"primaryImageOfPage\":{\"@id\":\"https:\\\/\\\/www.cadvilla.com\\\/pt-br\\\/tutorial_para_cadvilla\\\/#primaryimage\"},\"image\":{\"@id\":\"https:\\\/\\\/www.cadvilla.com\\\/pt-br\\\/tutorial_para_cadvilla\\\/#primaryimage\"},\"thumbnailUrl\":\"https:\\\/\\\/www.cadvilla.com\\\/wp-content\\\/uploads\\\/zusatzmodul_pt-1.png\",\"datePublished\":\"2019-07-04T09:50:06+00:00\",\"dateModified\":\"2023-10-22T14:11:45+00:00\",\"description\":\"O software de aprendizado (tutorial) \u00e9 uma ferramenta profissional para o aprendizado r\u00e1pido de nossos produtos.\",\"breadcrumb\":{\"@id\":\"https:\\\/\\\/www.cadvilla.com\\\/pt-br\\\/tutorial_para_cadvilla\\\/#breadcrumb\"},\"inLanguage\":\"pt-BR\",\"potentialAction\":[{\"@type\":\"ReadAction\",\"target\":[\"https:\\\/\\\/www.cadvilla.com\\\/pt-br\\\/tutorial_para_cadvilla\\\/\"]}]},{\"@type\":\"ImageObject\",\"inLanguage\":\"pt-BR\",\"@id\":\"https:\\\/\\\/www.cadvilla.com\\\/pt-br\\\/tutorial_para_cadvilla\\\/#primaryimage\",\"url\":\"https:\\\/\\\/www.cadvilla.com\\\/wp-content\\\/uploads\\\/zusatzmodul_pt-1.png\",\"contentUrl\":\"https:\\\/\\\/www.cadvilla.com\\\/wp-content\\\/uploads\\\/zusatzmodul_pt-1.png\"},{\"@type\":\"BreadcrumbList\",\"@id\":\"https:\\\/\\\/www.cadvilla.com\\\/pt-br\\\/tutorial_para_cadvilla\\\/#breadcrumb\",\"itemListElement\":[{\"@type\":\"ListItem\",\"position\":1,\"name\":\"Startseite\",\"item\":\"https:\\\/\\\/www.cadvilla.com\\\/pt-br\\\/\"},{\"@type\":\"ListItem\",\"position\":2,\"name\":\"Tutorial para cadvilla\"}]},{\"@type\":\"WebSite\",\"@id\":\"https:\\\/\\\/www.cadvilla.com\\\/pt-br\\\/#website\",\"url\":\"https:\\\/\\\/www.cadvilla.com\\\/pt-br\\\/\",\"name\":\"cadvilla\",\"description\":\"\",\"publisher\":{\"@id\":\"https:\\\/\\\/www.cadvilla.com\\\/pt-br\\\/#organization\"},\"potentialAction\":[{\"@type\":\"SearchAction\",\"target\":{\"@type\":\"EntryPoint\",\"urlTemplate\":\"https:\\\/\\\/www.cadvilla.com\\\/pt-br\\\/?s={search_term_string}\"},\"query-input\":{\"@type\":\"PropertyValueSpecification\",\"valueRequired\":true,\"valueName\":\"search_term_string\"}}],\"inLanguage\":\"pt-BR\"},{\"@type\":\"Organization\",\"@id\":\"https:\\\/\\\/www.cadvilla.com\\\/pt-br\\\/#organization\",\"name\":\"cadvilla\",\"url\":\"https:\\\/\\\/www.cadvilla.com\\\/pt-br\\\/\",\"logo\":{\"@type\":\"ImageObject\",\"inLanguage\":\"pt-BR\",\"@id\":\"https:\\\/\\\/www.cadvilla.com\\\/pt-br\\\/#\\\/schema\\\/logo\\\/image\\\/\",\"url\":\"https:\\\/\\\/www.cadvilla.com\\\/wp-content\\\/uploads\\\/logo_cadvilla.png\",\"contentUrl\":\"https:\\\/\\\/www.cadvilla.com\\\/wp-content\\\/uploads\\\/logo_cadvilla.png\",\"width\":157,\"height\":51,\"caption\":\"cadvilla\"},\"image\":{\"@id\":\"https:\\\/\\\/www.cadvilla.com\\\/pt-br\\\/#\\\/schema\\\/logo\\\/image\\\/\"}}]}<\/script>\n<!-- \/ Yoast SEO plugin. -->","yoast_head_json":{"title":"Tutorial para cadvilla","description":"O software de aprendizado (tutorial) \u00e9 uma ferramenta profissional para o aprendizado r\u00e1pido de nossos produtos.","robots":{"index":"index","follow":"follow","max-snippet":"max-snippet:-1","max-image-preview":"max-image-preview:large","max-video-preview":"max-video-preview:-1"},"canonical":"https:\/\/www.cadvilla.com\/pt-br\/tutorial_para_cadvilla\/","og_locale":"pt_BR","og_type":"article","og_title":"Tutorial para cadvilla","og_description":"O software de aprendizado (tutorial) \u00e9 uma ferramenta profissional para o aprendizado r\u00e1pido de nossos produtos.","og_url":"https:\/\/www.cadvilla.com\/pt-br\/tutorial_para_cadvilla\/","og_site_name":"cadvilla","article_modified_time":"2023-10-22T14:11:45+00:00","og_image":[{"url":"https:\/\/www.cadvilla.com\/wp-content\/uploads\/zusatzmodul_pt-1.png","type":"","width":"","height":""}],"twitter_card":"summary_large_image","twitter_misc":{"Est. tempo de leitura":"4 minutos"},"schema":{"@context":"https:\/\/schema.org","@graph":[{"@type":"WebPage","@id":"https:\/\/www.cadvilla.com\/pt-br\/tutorial_para_cadvilla\/","url":"https:\/\/www.cadvilla.com\/pt-br\/tutorial_para_cadvilla\/","name":"Tutorial para cadvilla","isPartOf":{"@id":"https:\/\/www.cadvilla.com\/pt-br\/#website"},"primaryImageOfPage":{"@id":"https:\/\/www.cadvilla.com\/pt-br\/tutorial_para_cadvilla\/#primaryimage"},"image":{"@id":"https:\/\/www.cadvilla.com\/pt-br\/tutorial_para_cadvilla\/#primaryimage"},"thumbnailUrl":"https:\/\/www.cadvilla.com\/wp-content\/uploads\/zusatzmodul_pt-1.png","datePublished":"2019-07-04T09:50:06+00:00","dateModified":"2023-10-22T14:11:45+00:00","description":"O software de aprendizado (tutorial) \u00e9 uma ferramenta profissional para o aprendizado r\u00e1pido de nossos produtos.","breadcrumb":{"@id":"https:\/\/www.cadvilla.com\/pt-br\/tutorial_para_cadvilla\/#breadcrumb"},"inLanguage":"pt-BR","potentialAction":[{"@type":"ReadAction","target":["https:\/\/www.cadvilla.com\/pt-br\/tutorial_para_cadvilla\/"]}]},{"@type":"ImageObject","inLanguage":"pt-BR","@id":"https:\/\/www.cadvilla.com\/pt-br\/tutorial_para_cadvilla\/#primaryimage","url":"https:\/\/www.cadvilla.com\/wp-content\/uploads\/zusatzmodul_pt-1.png","contentUrl":"https:\/\/www.cadvilla.com\/wp-content\/uploads\/zusatzmodul_pt-1.png"},{"@type":"BreadcrumbList","@id":"https:\/\/www.cadvilla.com\/pt-br\/tutorial_para_cadvilla\/#breadcrumb","itemListElement":[{"@type":"ListItem","position":1,"name":"Startseite","item":"https:\/\/www.cadvilla.com\/pt-br\/"},{"@type":"ListItem","position":2,"name":"Tutorial para cadvilla"}]},{"@type":"WebSite","@id":"https:\/\/www.cadvilla.com\/pt-br\/#website","url":"https:\/\/www.cadvilla.com\/pt-br\/","name":"cadvilla","description":"","publisher":{"@id":"https:\/\/www.cadvilla.com\/pt-br\/#organization"},"potentialAction":[{"@type":"SearchAction","target":{"@type":"EntryPoint","urlTemplate":"https:\/\/www.cadvilla.com\/pt-br\/?s={search_term_string}"},"query-input":{"@type":"PropertyValueSpecification","valueRequired":true,"valueName":"search_term_string"}}],"inLanguage":"pt-BR"},{"@type":"Organization","@id":"https:\/\/www.cadvilla.com\/pt-br\/#organization","name":"cadvilla","url":"https:\/\/www.cadvilla.com\/pt-br\/","logo":{"@type":"ImageObject","inLanguage":"pt-BR","@id":"https:\/\/www.cadvilla.com\/pt-br\/#\/schema\/logo\/image\/","url":"https:\/\/www.cadvilla.com\/wp-content\/uploads\/logo_cadvilla.png","contentUrl":"https:\/\/www.cadvilla.com\/wp-content\/uploads\/logo_cadvilla.png","width":157,"height":51,"caption":"cadvilla"},"image":{"@id":"https:\/\/www.cadvilla.com\/pt-br\/#\/schema\/logo\/image\/"}}]}},"_links":{"self":[{"href":"https:\/\/www.cadvilla.com\/pt-br\/wp-json\/wp\/v2\/pages\/6082","targetHints":{"allow":["GET"]}}],"collection":[{"href":"https:\/\/www.cadvilla.com\/pt-br\/wp-json\/wp\/v2\/pages"}],"about":[{"href":"https:\/\/www.cadvilla.com\/pt-br\/wp-json\/wp\/v2\/types\/page"}],"author":[{"embeddable":true,"href":"https:\/\/www.cadvilla.com\/pt-br\/wp-json\/wp\/v2\/users\/1"}],"replies":[{"embeddable":true,"href":"https:\/\/www.cadvilla.com\/pt-br\/wp-json\/wp\/v2\/comments?post=6082"}],"version-history":[{"count":0,"href":"https:\/\/www.cadvilla.com\/pt-br\/wp-json\/wp\/v2\/pages\/6082\/revisions"}],"wp:attachment":[{"href":"https:\/\/www.cadvilla.com\/pt-br\/wp-json\/wp\/v2\/media?parent=6082"}],"curies":[{"name":"wp","href":"https:\/\/api.w.org\/{rel}","templated":true}]}}