{"id":8846,"date":"2021-03-15T15:01:31","date_gmt":"2021-03-15T13:01:31","guid":{"rendered":"https:\/\/www.cadvilla.com\/?page_id=8846"},"modified":"2025-06-16T12:02:49","modified_gmt":"2025-06-16T10:02:49","slug":"cadvilla_upgrade","status":"publish","type":"page","link":"https:\/\/www.cadvilla.com\/pt-br\/cadvilla_upgrade\/","title":{"rendered":"cadvilla &#8211; Upgrade e migrar para a vers\u00e3o mais atual"},"content":{"rendered":"<section class=\"l-section wpb_row ca-headerbackground0 height_auto\"><div class=\"l-section-h i-cf\"><div class=\"g-cols vc_row via_grid cols_1 laptops-cols_inherit tablets-cols_inherit mobiles-cols_1 valign_bottom type_default stacking_default\"><div class=\"wpb_column vc_column_container\"><div class=\"vc_column-inner\"><\/div><\/div><\/div><\/div><\/section><section class=\"l-section wpb_row height_auto\"><div class=\"l-section-h i-cf\"><div class=\"g-cols vc_row via_grid cols_1 laptops-cols_inherit tablets-cols_inherit mobiles-cols_1 valign_top type_default stacking_default\"><div class=\"wpb_column vc_column_container\"><div class=\"vc_column-inner\"><\/div><\/div><\/div><\/div><\/section><section class=\"l-section wpb_row ca-headerbg height_small\" id=\"begin\"><div class=\"l-section-h i-cf\"><div class=\"g-cols vc_row via_grid cols_1 laptops-cols_inherit tablets-cols_inherit mobiles-cols_1 valign_top type_default stacking_default\"><div class=\"wpb_column vc_column_container\"><div class=\"vc_column-inner\"><div class=\"wpb_text_column ca-heading1\"><div class=\"wpb_wrapper\"><h1>cadvilla &#8211; Upgrade e migrar para a vers\u00e3o mais atual<\/h1>\n<\/div><\/div><\/div><\/div><\/div><\/div><\/section><section class=\"l-section wpb_row us_custom_9a24c93d height_medium\"><div class=\"l-section-h i-cf\"><div class=\"g-cols vc_row via_grid cols_1 laptops-cols_inherit tablets-cols_inherit mobiles-cols_1 valign_top type_default stacking_default\"><div class=\"wpb_column vc_column_container\"><div class=\"vc_column-inner\"><div class=\"wpb_text_column\"><div class=\"wpb_wrapper\"><h2>cadvilla &#8211; Upgrade para vers\u00e3o 13 &#8211; \u00c9 f\u00e1cil, fa\u00e7a seu pedido j\u00e1<\/h2>\n<p>A seguir listamos os pre\u00e7os para fazer o upgrade para vers\u00e3o 13 do cadvilla. \u00c9 uma s\u00e9rie de atualiza\u00e7\u00f5es com muitos novos recursos e melhorias para o seu conforto.<\/p>\n<\/div><\/div><div class=\"g-cols wpb_row us_custom_6bb9cc3f via_grid cols_4 laptops-cols_inherit tablets-cols_inherit mobiles-cols_1 valign_top type_default stacking_default\" style=\"--columns-gap:3rem;\"><div class=\"wpb_column vc_column_container\"><div class=\"vc_column-inner\"><div class=\"wpb_text_column\"><div class=\"wpb_wrapper\"><p style=\"text-align: center;\"><span style=\"text-align: center;\"><span class=\"ca-h6style\">Upgrade<\/span><br \/>\n<img data-dominant-color=\"5f5e45\" data-has-transparency=\"false\" style=\"--dominant-color: #5f5e45;\" loading=\"lazy\" decoding=\"async\" class=\"alignnone wp-image-730 not-transparent\" title=\"cadvilla basic - Upgrade\" src=\"https:\/\/www.cadvilla.com\/wp-content\/uploads\/vp-cb2d.jpg\" alt=\"cadvilla basic - Upgrade\" width=\"180\" height=\"233\" \/><br \/>\nvers\u00e3o existente<br \/>\ncadvilla basic<br \/>\n<strong><br \/>\n\u2794<br \/>\n<\/strong>cadvilla basic<br \/>\n<strong>13.0.7.0<br \/>\n<\/strong><span style=\"color: #999999;\"><del>(P.L. \u20ac45,95)<br \/>\n<\/del><\/span><\/span><span class=\"ca-h6style\">\u20ac39,95 <span style=\"color: #ff6600;\">*<\/span><\/span><\/p>\n<\/div><\/div><div class=\"w-btn-wrapper align_center\"><a class=\"w-btn us-btn-style_2 us_custom_8b05737f icon_atleft\" rel=\"nofollow\" href=\"https:\/\/www.cleverbridge.com\/1106\/?scope=checkout&amp;cart=215941&amp;languages=pb&amp;cookie=true&amp;cfg=design_2018&amp;tracking=cadvilla&amp;recommendation=addbackup\"><i class=\"fas fa-download\"><\/i><span class=\"w-btn-label\">Comprar upgrade<\/span><\/a><\/div><\/div><\/div><div class=\"wpb_column vc_column_container\"><div class=\"vc_column-inner\"><div class=\"wpb_text_column\"><div class=\"wpb_wrapper\"><p style=\"text-align: center;\"><span style=\"text-align: center;\"><span class=\"ca-h6style\">Upgrade<\/span><br \/>\n<img data-dominant-color=\"6a6251\" data-has-transparency=\"false\" style=\"--dominant-color: #6a6251;\" loading=\"lazy\" decoding=\"async\" class=\"alignnone wp-image-735 not-transparent\" src=\"https:\/\/www.cadvilla.com\/wp-content\/uploads\/vp-cbp2d.jpg\" alt=\"cadvilla basic plus - Upgrade\" width=\"180\" height=\"233\" \/><br \/>\nvers\u00e3o existente<br \/>\ncadvilla basic plus<br \/>\n<strong><br \/>\n\u2794<br \/>\n<\/strong>cadvilla basic plus<br \/>\n<strong>13.0.7.0<br \/>\n<\/strong><span style=\"color: #999999;\"><del>(<del>P.L.<\/del> \u20ac69,95)<br \/>\n<\/del><\/span><\/span><span class=\"ca-h6style\">\u20ac59,95 <span style=\"color: #ff6600;\">*<\/span><\/span><\/p>\n<\/div><\/div><div class=\"w-btn-wrapper align_center\"><a class=\"w-btn us-btn-style_2 us_custom_8b05737f icon_atleft\" rel=\"nofollow\" href=\"https:\/\/www.cleverbridge.com\/1106\/?scope=checkout&amp;cart=215943&amp;languages=pb&amp;cookie=true&amp;cfg=design_2018&amp;tracking=cadvilla&amp;recommendation=addbackup\"><i class=\"fas fa-download\"><\/i><span class=\"w-btn-label\">Comprar upgrade<\/span><\/a><\/div><\/div><\/div><div class=\"wpb_column vc_column_container\"><div class=\"vc_column-inner\"><div class=\"wpb_text_column\"><div class=\"wpb_wrapper\"><p style=\"text-align: center;\"><span style=\"text-align: center;\"><span class=\"ca-h6style\">Upgrade<\/span><br \/>\n<img data-dominant-color=\"464134\" data-has-transparency=\"false\" style=\"--dominant-color: #464134;\" loading=\"lazy\" decoding=\"async\" class=\"alignnone wp-image-740 not-transparent\" src=\"https:\/\/www.cadvilla.com\/wp-content\/uploads\/vp-cp2d.jpg\" alt=\"cadvilla professional - Upgrade\" width=\"180\" height=\"233\" \/><br \/>\nvers\u00e3o existente<br \/>\ncadvilla professional<br \/>\n<strong><br \/>\n\u2794<br \/>\n<\/strong>cadvilla professional<br \/>\n<strong>13.0.7.0<br \/>\n<\/strong><span style=\"color: #999999;\"><del>(<del>P.L.<\/del> \u20ac124,50)<br \/>\n<\/del><\/span><\/span><span class=\"ca-h6style\">\u20ac67,95 <span style=\"color: #ff6600;\">*<\/span><\/span><\/p>\n<\/div><\/div><div class=\"w-btn-wrapper align_center\"><a class=\"w-btn us-btn-style_2 us_custom_8b05737f icon_atleft\" rel=\"nofollow\" href=\"https:\/\/www.cleverbridge.com\/1106\/?scope=checkout&amp;cart=215944&amp;languages=pb&amp;cookie=true&amp;cfg=design_2018&amp;tracking=cadvilla&amp;recommendation=addbackup\"><i class=\"fas fa-download\"><\/i><span class=\"w-btn-label\">Comprar upgrade<\/span><\/a><\/div><\/div><\/div><div class=\"wpb_column vc_column_container\"><div class=\"vc_column-inner\"><div class=\"wpb_text_column\"><div class=\"wpb_wrapper\"><p style=\"text-align: center;\"><span style=\"text-align: center;\"><span class=\"ca-h6style\">Upgrade<\/span><br \/>\n<img data-dominant-color=\"5f5e45\" data-has-transparency=\"false\" style=\"--dominant-color: #5f5e45;\" loading=\"lazy\" decoding=\"async\" class=\"alignnone wp-image-730 not-transparent\" title=\"cadvilla basic - Upgrade\" src=\"https:\/\/www.cadvilla.com\/wp-content\/uploads\/vp-cpp2d.jpg\" alt=\"cadvilla basic - Upgrade\" width=\"180\" height=\"233\" \/><br \/>\nvers\u00e3o existente<br \/>\ncadvilla professional plus<br \/>\n<strong><br \/>\n\u2794<br \/>\n<\/strong>cadvilla professional plus<br \/>\n<strong>13.0.7.0<br \/>\n<\/strong><span style=\"color: #999999;\"><del>(<del>P.L.<\/del> \u20ac149,50)<br \/>\n<\/del><\/span><\/span><span class=\"ca-h6style\">\u20ac78,95 <span style=\"color: #ff6600;\">*<\/span><\/span><\/p>\n<\/div><\/div><div class=\"w-btn-wrapper align_center\"><a class=\"w-btn us-btn-style_2 us_custom_8b05737f icon_atleft\" rel=\"nofollow\" href=\"https:\/\/www.cleverbridge.com\/1106\/?scope=checkout&amp;cart=215945&amp;languages=pb&amp;cookie=true&amp;cfg=design_2018&amp;tracking=cadvilla&amp;recommendation=addbackup\"><i class=\"fas fa-download\"><\/i><span class=\"w-btn-label\">Comprar upgrade<\/span><\/a><\/div><\/div><\/div><\/div><\/div><\/div><\/div><\/div><\/section><section class=\"l-section wpb_row us_custom_57f992af height_auto\"><div class=\"l-section-h i-cf\"><div class=\"g-cols vc_row via_grid cols_1 laptops-cols_inherit tablets-cols_inherit mobiles-cols_1 valign_top type_default stacking_default\"><div class=\"wpb_column vc_column_container\"><div class=\"vc_column-inner\"><div class=\"wpb_text_column us_custom_36724591 ca-advtext1_pt\"><div class=\"wpb_wrapper\"><p style=\"margin-top: 0px; margin-bottom: 0px;\"><img loading=\"lazy\" decoding=\"async\" src=\"https:\/\/www.cadvilla.com\/wp-content\/uploads\/leerzeichen.png\" alt=\"\" width=\"1\" height=\"1\" \/><\/p>\n<\/div><\/div><div class=\"wpb_text_column us_custom_36724591 ca-advtext2_pt\"><div class=\"wpb_wrapper\"><p><span style=\"color: #ff9900;\"><strong>* <\/strong><\/span><\/p>\n<\/div><\/div><\/div><\/div><\/div><\/div><\/section><section class=\"l-section wpb_row us_custom_9a24c93d height_medium\" id=\"aktuelle-version\"><div class=\"l-section-h i-cf\"><div class=\"g-cols vc_row via_grid cols_1 laptops-cols_inherit tablets-cols_inherit mobiles-cols_1 valign_top type_default stacking_default\"><div class=\"wpb_column vc_column_container\"><div class=\"vc_column-inner\"><div class=\"wpb_text_column\"><div class=\"wpb_wrapper\"><h2>Recursos extras do cadvilla na vers\u00e3o 2 &#8211; vers\u00e3o 13<\/h2>\n<p><a href=\"https:\/\/www.cadvilla.com\/pt-br\/upgrade_1-5\/\">Aqui<\/a> est\u00e3o listados os recursos extras do cadvilla vers\u00e3o 2 \u2013 cadvilla vers\u00e3o 5<br \/>\n<a href=\"https:\/\/www.cadvilla.com\/pt-br\/upgrade_6-9_dmy\/\">Aqui<\/a> est\u00e3o listados os recursos extras do cadvilla vers\u00e3o 6 \u2013 cadvilla vers\u00e3o 9<br \/>\n<a href=\"https:\/\/www.cadvilla.com\/pt-br\/upgrade_10-13_dmy\/\">Aqui<\/a> est\u00e3o listados os recursos extras do cadvilla vers\u00e3o 10 \u2013 cadvilla vers\u00e3o 12<br \/>\n<a href=\"https:\/\/www.cadvilla.com\/pt-br\/upgrade_dmy\/\">Aqui<\/a> est\u00e3o listados os recursos extras do cadvilla vers\u00e3o 13<\/p>\n<\/div><\/div><\/div><\/div><\/div><\/div><\/section><section class=\"l-section wpb_row us_custom_9a24c93d height_medium\"><div class=\"l-section-h i-cf\"><div class=\"g-cols vc_row via_grid cols_1 laptops-cols_inherit tablets-cols_inherit mobiles-cols_1 valign_top type_default stacking_default\"><div class=\"wpb_column vc_column_container\"><div class=\"vc_column-inner\"><div class=\"w-actionbox color_light controls_right\"><div class=\"w-actionbox-text\"><h2 class=\"w-actionbox-title\">Fazer o upgrade e ao mesmo tempo experimente uma vers\u00e3o mais completa do cadvilla<\/h2><div class=\"w-actionbox-description\"><p>Voc\u00ea gostaria de ampliar a gama de recursos de sua vers\u00e3o e migrar para uma vers\u00e3o mais completa? Aqui voc\u00ea encontra todas as op\u00e7\u00f5es de migra\u00e7\u00e3o.<\/p>\n<\/div><\/div><div class=\"w-actionbox-controls\"><a class=\"w-btn us-btn-style_2 icon_atleft\" style=\"font-size:1.2em\" title=\"Home\" href=\"https:\/\/www.cadvilla.com\/pt-br\/upgrade-change\/\"><i class=\"fas fa-sign-in\"><\/i><span class=\"w-btn-label\">Informa\u00e7\u00f5es gerais para a migra\u00e7\u00e3o<\/span><\/a><\/div><\/div><\/div><\/div><\/div><\/div><\/section>\n","protected":false},"excerpt":{"rendered":"cadvilla &#8211; Upgrade e migrar para a vers\u00e3o mais atual cadvilla &#8211; Upgrade para vers\u00e3o 13 &#8211; \u00c9 f\u00e1cil, fa\u00e7a seu pedido j\u00e1 A seguir listamos os pre\u00e7os para fazer o upgrade para vers\u00e3o 13 do cadvilla. \u00c9 uma s\u00e9rie de atualiza\u00e7\u00f5es com muitos novos recursos e melhorias para o seu conforto. Upgrade vers\u00e3o existente...","protected":false},"author":1,"featured_media":0,"parent":0,"menu_order":0,"comment_status":"closed","ping_status":"closed","template":"","meta":{"footnotes":""},"class_list":["post-8846","page","type-page","status-publish","hentry"],"yoast_head":"<!-- This site is optimized with the Yoast SEO plugin v27.3 - https:\/\/yoast.com\/product\/yoast-seo-wordpress\/ -->\n<title>cadvilla - Upgrade e migrar para a vers\u00e3o mais atual - cadvilla<\/title>\n<meta name=\"robots\" content=\"index, follow, max-snippet:-1, max-image-preview:large, max-video-preview:-1\" \/>\n<link rel=\"canonical\" href=\"https:\/\/www.cadvilla.com\/pt-br\/cadvilla_upgrade\/\" \/>\n<meta property=\"og:locale\" content=\"pt_BR\" \/>\n<meta property=\"og:type\" content=\"article\" \/>\n<meta property=\"og:title\" content=\"cadvilla - Upgrade e migrar para a vers\u00e3o mais atual - cadvilla\" \/>\n<meta property=\"og:url\" content=\"https:\/\/www.cadvilla.com\/pt-br\/cadvilla_upgrade\/\" \/>\n<meta property=\"og:site_name\" content=\"cadvilla\" \/>\n<meta property=\"article:modified_time\" content=\"2025-06-16T10:02:49+00:00\" \/>\n<meta property=\"og:image\" content=\"https:\/\/www.cadvilla.com\/wp-content\/uploads\/vp-cb2d.jpg\" \/>\n<meta name=\"twitter:card\" content=\"summary_large_image\" \/>\n<meta name=\"twitter:label1\" content=\"Est. tempo de leitura\" \/>\n\t<meta name=\"twitter:data1\" content=\"3 minutos\" \/>\n<script type=\"application\/ld+json\" class=\"yoast-schema-graph\">{\"@context\":\"https:\\\/\\\/schema.org\",\"@graph\":[{\"@type\":\"WebPage\",\"@id\":\"https:\\\/\\\/www.cadvilla.com\\\/pt-br\\\/cadvilla_upgrade\\\/\",\"url\":\"https:\\\/\\\/www.cadvilla.com\\\/pt-br\\\/cadvilla_upgrade\\\/\",\"name\":\"cadvilla - Upgrade e migrar para a vers\u00e3o mais atual - cadvilla\",\"isPartOf\":{\"@id\":\"https:\\\/\\\/www.cadvilla.com\\\/pt-br\\\/#website\"},\"primaryImageOfPage\":{\"@id\":\"https:\\\/\\\/www.cadvilla.com\\\/pt-br\\\/cadvilla_upgrade\\\/#primaryimage\"},\"image\":{\"@id\":\"https:\\\/\\\/www.cadvilla.com\\\/pt-br\\\/cadvilla_upgrade\\\/#primaryimage\"},\"thumbnailUrl\":\"https:\\\/\\\/www.cadvilla.com\\\/wp-content\\\/uploads\\\/vp-cb2d.jpg\",\"datePublished\":\"2021-03-15T13:01:31+00:00\",\"dateModified\":\"2025-06-16T10:02:49+00:00\",\"breadcrumb\":{\"@id\":\"https:\\\/\\\/www.cadvilla.com\\\/pt-br\\\/cadvilla_upgrade\\\/#breadcrumb\"},\"inLanguage\":\"pt-BR\",\"potentialAction\":[{\"@type\":\"ReadAction\",\"target\":[\"https:\\\/\\\/www.cadvilla.com\\\/pt-br\\\/cadvilla_upgrade\\\/\"]}]},{\"@type\":\"ImageObject\",\"inLanguage\":\"pt-BR\",\"@id\":\"https:\\\/\\\/www.cadvilla.com\\\/pt-br\\\/cadvilla_upgrade\\\/#primaryimage\",\"url\":\"https:\\\/\\\/www.cadvilla.com\\\/wp-content\\\/uploads\\\/vp-cb2d.jpg\",\"contentUrl\":\"https:\\\/\\\/www.cadvilla.com\\\/wp-content\\\/uploads\\\/vp-cb2d.jpg\"},{\"@type\":\"BreadcrumbList\",\"@id\":\"https:\\\/\\\/www.cadvilla.com\\\/pt-br\\\/cadvilla_upgrade\\\/#breadcrumb\",\"itemListElement\":[{\"@type\":\"ListItem\",\"position\":1,\"name\":\"Startseite\",\"item\":\"https:\\\/\\\/www.cadvilla.com\\\/pt-br\\\/\"},{\"@type\":\"ListItem\",\"position\":2,\"name\":\"cadvilla &#8211; Upgrade e migrar para a vers\u00e3o mais atual\"}]},{\"@type\":\"WebSite\",\"@id\":\"https:\\\/\\\/www.cadvilla.com\\\/pt-br\\\/#website\",\"url\":\"https:\\\/\\\/www.cadvilla.com\\\/pt-br\\\/\",\"name\":\"cadvilla\",\"description\":\"\",\"publisher\":{\"@id\":\"https:\\\/\\\/www.cadvilla.com\\\/pt-br\\\/#organization\"},\"potentialAction\":[{\"@type\":\"SearchAction\",\"target\":{\"@type\":\"EntryPoint\",\"urlTemplate\":\"https:\\\/\\\/www.cadvilla.com\\\/pt-br\\\/?s={search_term_string}\"},\"query-input\":{\"@type\":\"PropertyValueSpecification\",\"valueRequired\":true,\"valueName\":\"search_term_string\"}}],\"inLanguage\":\"pt-BR\"},{\"@type\":\"Organization\",\"@id\":\"https:\\\/\\\/www.cadvilla.com\\\/pt-br\\\/#organization\",\"name\":\"cadvilla\",\"url\":\"https:\\\/\\\/www.cadvilla.com\\\/pt-br\\\/\",\"logo\":{\"@type\":\"ImageObject\",\"inLanguage\":\"pt-BR\",\"@id\":\"https:\\\/\\\/www.cadvilla.com\\\/pt-br\\\/#\\\/schema\\\/logo\\\/image\\\/\",\"url\":\"https:\\\/\\\/www.cadvilla.com\\\/wp-content\\\/uploads\\\/logo_cadvilla.png\",\"contentUrl\":\"https:\\\/\\\/www.cadvilla.com\\\/wp-content\\\/uploads\\\/logo_cadvilla.png\",\"width\":157,\"height\":51,\"caption\":\"cadvilla\"},\"image\":{\"@id\":\"https:\\\/\\\/www.cadvilla.com\\\/pt-br\\\/#\\\/schema\\\/logo\\\/image\\\/\"}}]}<\/script>\n<!-- \/ Yoast SEO plugin. -->","yoast_head_json":{"title":"cadvilla - Upgrade e migrar para a vers\u00e3o mais atual - cadvilla","robots":{"index":"index","follow":"follow","max-snippet":"max-snippet:-1","max-image-preview":"max-image-preview:large","max-video-preview":"max-video-preview:-1"},"canonical":"https:\/\/www.cadvilla.com\/pt-br\/cadvilla_upgrade\/","og_locale":"pt_BR","og_type":"article","og_title":"cadvilla - Upgrade e migrar para a vers\u00e3o mais atual - cadvilla","og_url":"https:\/\/www.cadvilla.com\/pt-br\/cadvilla_upgrade\/","og_site_name":"cadvilla","article_modified_time":"2025-06-16T10:02:49+00:00","og_image":[{"url":"https:\/\/www.cadvilla.com\/wp-content\/uploads\/vp-cb2d.jpg","type":"","width":"","height":""}],"twitter_card":"summary_large_image","twitter_misc":{"Est. tempo de leitura":"3 minutos"},"schema":{"@context":"https:\/\/schema.org","@graph":[{"@type":"WebPage","@id":"https:\/\/www.cadvilla.com\/pt-br\/cadvilla_upgrade\/","url":"https:\/\/www.cadvilla.com\/pt-br\/cadvilla_upgrade\/","name":"cadvilla - Upgrade e migrar para a vers\u00e3o mais atual - cadvilla","isPartOf":{"@id":"https:\/\/www.cadvilla.com\/pt-br\/#website"},"primaryImageOfPage":{"@id":"https:\/\/www.cadvilla.com\/pt-br\/cadvilla_upgrade\/#primaryimage"},"image":{"@id":"https:\/\/www.cadvilla.com\/pt-br\/cadvilla_upgrade\/#primaryimage"},"thumbnailUrl":"https:\/\/www.cadvilla.com\/wp-content\/uploads\/vp-cb2d.jpg","datePublished":"2021-03-15T13:01:31+00:00","dateModified":"2025-06-16T10:02:49+00:00","breadcrumb":{"@id":"https:\/\/www.cadvilla.com\/pt-br\/cadvilla_upgrade\/#breadcrumb"},"inLanguage":"pt-BR","potentialAction":[{"@type":"ReadAction","target":["https:\/\/www.cadvilla.com\/pt-br\/cadvilla_upgrade\/"]}]},{"@type":"ImageObject","inLanguage":"pt-BR","@id":"https:\/\/www.cadvilla.com\/pt-br\/cadvilla_upgrade\/#primaryimage","url":"https:\/\/www.cadvilla.com\/wp-content\/uploads\/vp-cb2d.jpg","contentUrl":"https:\/\/www.cadvilla.com\/wp-content\/uploads\/vp-cb2d.jpg"},{"@type":"BreadcrumbList","@id":"https:\/\/www.cadvilla.com\/pt-br\/cadvilla_upgrade\/#breadcrumb","itemListElement":[{"@type":"ListItem","position":1,"name":"Startseite","item":"https:\/\/www.cadvilla.com\/pt-br\/"},{"@type":"ListItem","position":2,"name":"cadvilla &#8211; Upgrade e migrar para a vers\u00e3o mais atual"}]},{"@type":"WebSite","@id":"https:\/\/www.cadvilla.com\/pt-br\/#website","url":"https:\/\/www.cadvilla.com\/pt-br\/","name":"cadvilla","description":"","publisher":{"@id":"https:\/\/www.cadvilla.com\/pt-br\/#organization"},"potentialAction":[{"@type":"SearchAction","target":{"@type":"EntryPoint","urlTemplate":"https:\/\/www.cadvilla.com\/pt-br\/?s={search_term_string}"},"query-input":{"@type":"PropertyValueSpecification","valueRequired":true,"valueName":"search_term_string"}}],"inLanguage":"pt-BR"},{"@type":"Organization","@id":"https:\/\/www.cadvilla.com\/pt-br\/#organization","name":"cadvilla","url":"https:\/\/www.cadvilla.com\/pt-br\/","logo":{"@type":"ImageObject","inLanguage":"pt-BR","@id":"https:\/\/www.cadvilla.com\/pt-br\/#\/schema\/logo\/image\/","url":"https:\/\/www.cadvilla.com\/wp-content\/uploads\/logo_cadvilla.png","contentUrl":"https:\/\/www.cadvilla.com\/wp-content\/uploads\/logo_cadvilla.png","width":157,"height":51,"caption":"cadvilla"},"image":{"@id":"https:\/\/www.cadvilla.com\/pt-br\/#\/schema\/logo\/image\/"}}]}},"_links":{"self":[{"href":"https:\/\/www.cadvilla.com\/pt-br\/wp-json\/wp\/v2\/pages\/8846","targetHints":{"allow":["GET"]}}],"collection":[{"href":"https:\/\/www.cadvilla.com\/pt-br\/wp-json\/wp\/v2\/pages"}],"about":[{"href":"https:\/\/www.cadvilla.com\/pt-br\/wp-json\/wp\/v2\/types\/page"}],"author":[{"embeddable":true,"href":"https:\/\/www.cadvilla.com\/pt-br\/wp-json\/wp\/v2\/users\/1"}],"replies":[{"embeddable":true,"href":"https:\/\/www.cadvilla.com\/pt-br\/wp-json\/wp\/v2\/comments?post=8846"}],"version-history":[{"count":0,"href":"https:\/\/www.cadvilla.com\/pt-br\/wp-json\/wp\/v2\/pages\/8846\/revisions"}],"wp:attachment":[{"href":"https:\/\/www.cadvilla.com\/pt-br\/wp-json\/wp\/v2\/media?parent=8846"}],"curies":[{"name":"wp","href":"https:\/\/api.w.org\/{rel}","templated":true}]}}